{"id":26228,"date":"2024-05-31T11:46:56","date_gmt":"2024-05-31T11:46:56","guid":{"rendered":"https:\/\/zamphelmets.co\/product\/sparco-rush-kart-handskar-bla-svart-gron\/"},"modified":"2024-11-06T16:11:50","modified_gmt":"2024-11-06T16:11:50","slug":"sparco-rush-kart-handskar-bla-svart-gron","status":"publish","type":"product","link":"https:\/\/zamphelmets.co\/sv\/produkt\/sparco-rush-kart-handskar-bla-svart-gron\/","title":{"rendered":"Sparco Rush Kart Handskar Bl\u00e5\/Svart\/Gr\u00f6n"},"content":{"rendered":"<p>Sparco Rush \u00e4r en karthandske f\u00f6r nyb\u00f6rjare som inneh\u00e5ller funktioner som vanligtvis bara finns i dyrare alternativ. Dessa egenskaper g\u00f6r att den ger utm\u00e4rkt valuta f\u00f6r pengarna och l\u00e4mpar sig f\u00f6r karting p\u00e5 alla niv\u00e5er.<\/p>\n<ul>\n<li>F\u00f6rb\u00f6jd design minskar materialbuntning n\u00e4r du greppar hjulet<\/li>\n<li>Silikontryck i handflatan och p\u00e5 fingrarna ger bra grepp<\/li>\n<li>Slitstark utsida med handflata i syntetiskt l\u00e4der f\u00f6r att skydda dina h\u00e4nder<\/li>\n<li>Elastisk handled med silikongrepp f\u00f6r enkel inpassering och s\u00e4ker passform<\/li>\n<\/ul>\n<p><img decoding=\"async\" class=\"alignnone wp-image-10061 lazyload\" data-src=\"https:\/\/zamphelmets.co\/wp-content\/uploads\/2024\/05\/sparco-racekartwear-gloves-combined-nov23-159x300.webp\" alt=\"\" width=\"440\" height=\"830\" data-srcset=\"https:\/\/zamphelmets.co\/wp-content\/uploads\/2024\/05\/sparco-racekartwear-gloves-combined-nov23-159x300.webp 159w, https:\/\/zamphelmets.co\/wp-content\/uploads\/2024\/05\/sparco-racekartwear-gloves-combined-nov23-543x1024.webp 543w, https:\/\/zamphelmets.co\/wp-content\/uploads\/2024\/05\/sparco-racekartwear-gloves-combined-nov23-768x1449.webp 768w, https:\/\/zamphelmets.co\/wp-content\/uploads\/2024\/05\/sparco-racekartwear-gloves-combined-nov23-814x1536.webp 814w, https:\/\/zamphelmets.co\/wp-content\/uploads\/2024\/05\/sparco-racekartwear-gloves-combined-nov23-1085x2048.webp 1085w, https:\/\/zamphelmets.co\/wp-content\/uploads\/2024\/05\/sparco-racekartwear-gloves-combined-nov23-600x1132.webp 600w, https:\/\/zamphelmets.co\/wp-content\/uploads\/2024\/05\/sparco-racekartwear-gloves-combined-nov23-scaled.webp 1357w\" data-sizes=\"(max-width: 440px) 100vw, 440px\" src=\"data:image\/svg+xml;base64,PHN2ZyB3aWR0aD0iMSIgaGVpZ2h0PSIxIiB4bWxucz0iaHR0cDovL3d3dy53My5vcmcvMjAwMC9zdmciPjwvc3ZnPg==\" style=\"--smush-placeholder-width: 440px; --smush-placeholder-aspect-ratio: 440\/830;\" \/><\/p>\n","protected":false},"excerpt":{"rendered":"<p>Sparco Rush \u00e4r en karthandske f\u00f6r nyb\u00f6rjare som inneh\u00e5ller funktioner som vanligtvis bara finns i dyrare alternativ. Dessa egenskaper g\u00f6r att den ger utm\u00e4rkt valuta f\u00f6r pengarna och l\u00e4mpar sig f\u00f6r karting p\u00e5 alla niv\u00e5er. F\u00f6rb\u00f6jd design minskar materialbuntning n\u00e4r du greppar hjulet Silikontryck i handflatan och p\u00e5 fingrarna ger bra grepp Slitstark utsida med [&hellip;]<\/p>\n","protected":false},"featured_media":21834,"comment_status":"open","ping_status":"closed","template":"","meta":{"_acf_changed":false,"_iconic_wsb_product_page_order_bump_ids":[[]],"_sku":["SKW002556BXVF"],"_iconic_wsb_product_page_bump_modal_ids":[[]]},"product_brand":[],"product_cat":[182,174],"product_tag":[],"class_list":{"0":"post-26228","1":"product","2":"type-product","3":"status-publish","4":"has-post-thumbnail","6":"product_cat-handskar","7":"product_cat-skydd-klader","9":"first","10":"outofstock","11":"taxable","12":"shipping-taxable","13":"purchasable","14":"product-type-variable"},"acf":[],"yoast_head":"<!-- This site is optimized with the Yoast SEO plugin v27.0 - https:\/\/yoast.com\/product\/yoast-seo-wordpress\/ -->\n<title>Sparco Rush Kart Handskar Bl\u00e5\/Svart\/Gr\u00f6n - Zamp Helmets | Helmet 28 EU<\/title>\n<meta name=\"description\" content=\"Sparco Rush \u00e4r en karthandske f\u00f6r nyb\u00f6rjare som inneh\u00e5ller funktioner fr\u00e5n dyrare alternativ. Utm\u00e4rkt v\u00e4rde och l\u00e4mplig f\u00f6r karting p\u00e5 alla niv\u00e5er.\" \/>\n<meta name=\"robots\" content=\"index, follow, max-snippet:-1, max-image-preview:large, max-video-preview:-1\" \/>\n<link rel=\"canonical\" href=\"https:\/\/zamphelmets.co\/sv\/produkt\/sparco-rush-kart-handskar-bla-svart-gron\/\" \/>\n<meta property=\"og:locale\" content=\"sv_SE\" \/>\n<meta property=\"og:type\" content=\"article\" \/>\n<meta property=\"og:title\" content=\"Sparco Rush Kart Handskar Bl\u00e5\/Svart\/Gr\u00f6n - Zamp Helmets | Helmet 28 EU\" \/>\n<meta property=\"og:description\" content=\"Sparco Rush \u00e4r en karthandske f\u00f6r nyb\u00f6rjare som inneh\u00e5ller funktioner fr\u00e5n dyrare alternativ. Utm\u00e4rkt v\u00e4rde och l\u00e4mplig f\u00f6r karting p\u00e5 alla niv\u00e5er.\" \/>\n<meta property=\"og:url\" content=\"https:\/\/zamphelmets.co\/sv\/produkt\/sparco-rush-kart-handskar-bla-svart-gron\/\" \/>\n<meta property=\"og:site_name\" content=\"Zamp Helmets | Helmet 28 EU\" \/>\n<meta property=\"article:modified_time\" content=\"2024-11-06T16:11:50+00:00\" \/>\n<meta property=\"og:image\" content=\"https:\/\/zamphelmets.co\/wp-content\/uploads\/2024\/05\/Blue20green.png\" \/>\n\t<meta property=\"og:image:width\" content=\"865\" \/>\n\t<meta property=\"og:image:height\" content=\"1000\" \/>\n\t<meta property=\"og:image:type\" content=\"image\/png\" \/>\n<meta name=\"twitter:card\" content=\"summary_large_image\" \/>\n<script type=\"application\/ld+json\" class=\"yoast-schema-graph\">{\"@context\":\"https:\/\/schema.org\",\"@graph\":[{\"@type\":\"WebPage\",\"@id\":\"https:\/\/zamphelmets.co\/sv\/produkt\/sparco-rush-kart-handskar-bla-svart-gron\/\",\"url\":\"https:\/\/zamphelmets.co\/sv\/produkt\/sparco-rush-kart-handskar-bla-svart-gron\/\",\"name\":\"Sparco Rush Kart Handskar Bl\u00e5\/Svart\/Gr\u00f6n - Zamp Helmets | Helmet 28 EU\",\"isPartOf\":{\"@id\":\"https:\/\/zamphelmets.co\/sv\/#website\"},\"primaryImageOfPage\":{\"@id\":\"https:\/\/zamphelmets.co\/sv\/produkt\/sparco-rush-kart-handskar-bla-svart-gron\/#primaryimage\"},\"image\":{\"@id\":\"https:\/\/zamphelmets.co\/sv\/produkt\/sparco-rush-kart-handskar-bla-svart-gron\/#primaryimage\"},\"thumbnailUrl\":\"https:\/\/zamphelmets.co\/wp-content\/uploads\/2024\/05\/Blue20green.png\",\"datePublished\":\"2024-05-31T11:46:56+00:00\",\"dateModified\":\"2024-11-06T16:11:50+00:00\",\"description\":\"Sparco Rush \u00e4r en karthandske f\u00f6r nyb\u00f6rjare som inneh\u00e5ller funktioner fr\u00e5n dyrare alternativ. Utm\u00e4rkt v\u00e4rde och l\u00e4mplig f\u00f6r karting p\u00e5 alla niv\u00e5er.\",\"breadcrumb\":{\"@id\":\"https:\/\/zamphelmets.co\/sv\/produkt\/sparco-rush-kart-handskar-bla-svart-gron\/#breadcrumb\"},\"inLanguage\":\"sv-SE\",\"potentialAction\":[{\"@type\":\"ReadAction\",\"target\":[\"https:\/\/zamphelmets.co\/sv\/produkt\/sparco-rush-kart-handskar-bla-svart-gron\/\"]}]},{\"@type\":\"ImageObject\",\"inLanguage\":\"sv-SE\",\"@id\":\"https:\/\/zamphelmets.co\/sv\/produkt\/sparco-rush-kart-handskar-bla-svart-gron\/#primaryimage\",\"url\":\"https:\/\/zamphelmets.co\/wp-content\/uploads\/2024\/05\/Blue20green.png\",\"contentUrl\":\"https:\/\/zamphelmets.co\/wp-content\/uploads\/2024\/05\/Blue20green.png\",\"width\":865,\"height\":1000},{\"@type\":\"BreadcrumbList\",\"@id\":\"https:\/\/zamphelmets.co\/sv\/produkt\/sparco-rush-kart-handskar-bla-svart-gron\/#breadcrumb\",\"itemListElement\":[{\"@type\":\"ListItem\",\"position\":1,\"name\":\"Butik\",\"item\":\"https:\/\/zamphelmets.co\/sv\/butik\/\"},{\"@type\":\"ListItem\",\"position\":2,\"name\":\"Sparco Rush Kart Handskar Bl\u00e5\/Svart\/Gr\u00f6n\"}]},{\"@type\":\"WebSite\",\"@id\":\"https:\/\/zamphelmets.co\/sv\/#website\",\"url\":\"https:\/\/zamphelmets.co\/sv\/\",\"name\":\"Zamp Helmets | Helmet 28 EU\",\"description\":\"High Quality Motorsport Helmets\",\"potentialAction\":[{\"@type\":\"SearchAction\",\"target\":{\"@type\":\"EntryPoint\",\"urlTemplate\":\"https:\/\/zamphelmets.co\/sv\/?s={search_term_string}\"},\"query-input\":{\"@type\":\"PropertyValueSpecification\",\"valueRequired\":true,\"valueName\":\"search_term_string\"}}],\"inLanguage\":\"sv-SE\"}]}<\/script>\n<!-- \/ Yoast SEO plugin. -->","yoast_head_json":{"title":"Sparco Rush Kart Handskar Bl\u00e5\/Svart\/Gr\u00f6n - Zamp Helmets | Helmet 28 EU","description":"Sparco Rush \u00e4r en karthandske f\u00f6r nyb\u00f6rjare som inneh\u00e5ller funktioner fr\u00e5n dyrare alternativ. Utm\u00e4rkt v\u00e4rde och l\u00e4mplig f\u00f6r karting p\u00e5 alla niv\u00e5er.","robots":{"index":"index","follow":"follow","max-snippet":"max-snippet:-1","max-image-preview":"max-image-preview:large","max-video-preview":"max-video-preview:-1"},"canonical":"https:\/\/zamphelmets.co\/sv\/produkt\/sparco-rush-kart-handskar-bla-svart-gron\/","og_locale":"sv_SE","og_type":"article","og_title":"Sparco Rush Kart Handskar Bl\u00e5\/Svart\/Gr\u00f6n - Zamp Helmets | Helmet 28 EU","og_description":"Sparco Rush \u00e4r en karthandske f\u00f6r nyb\u00f6rjare som inneh\u00e5ller funktioner fr\u00e5n dyrare alternativ. Utm\u00e4rkt v\u00e4rde och l\u00e4mplig f\u00f6r karting p\u00e5 alla niv\u00e5er.","og_url":"https:\/\/zamphelmets.co\/sv\/produkt\/sparco-rush-kart-handskar-bla-svart-gron\/","og_site_name":"Zamp Helmets | Helmet 28 EU","article_modified_time":"2024-11-06T16:11:50+00:00","og_image":[{"width":865,"height":1000,"url":"https:\/\/zamphelmets.co\/wp-content\/uploads\/2024\/05\/Blue20green.png","type":"image\/png"}],"twitter_card":"summary_large_image","schema":{"@context":"https:\/\/schema.org","@graph":[{"@type":"WebPage","@id":"https:\/\/zamphelmets.co\/sv\/produkt\/sparco-rush-kart-handskar-bla-svart-gron\/","url":"https:\/\/zamphelmets.co\/sv\/produkt\/sparco-rush-kart-handskar-bla-svart-gron\/","name":"Sparco Rush Kart Handskar Bl\u00e5\/Svart\/Gr\u00f6n - Zamp Helmets | Helmet 28 EU","isPartOf":{"@id":"https:\/\/zamphelmets.co\/sv\/#website"},"primaryImageOfPage":{"@id":"https:\/\/zamphelmets.co\/sv\/produkt\/sparco-rush-kart-handskar-bla-svart-gron\/#primaryimage"},"image":{"@id":"https:\/\/zamphelmets.co\/sv\/produkt\/sparco-rush-kart-handskar-bla-svart-gron\/#primaryimage"},"thumbnailUrl":"https:\/\/zamphelmets.co\/wp-content\/uploads\/2024\/05\/Blue20green.png","datePublished":"2024-05-31T11:46:56+00:00","dateModified":"2024-11-06T16:11:50+00:00","description":"Sparco Rush \u00e4r en karthandske f\u00f6r nyb\u00f6rjare som inneh\u00e5ller funktioner fr\u00e5n dyrare alternativ. Utm\u00e4rkt v\u00e4rde och l\u00e4mplig f\u00f6r karting p\u00e5 alla niv\u00e5er.","breadcrumb":{"@id":"https:\/\/zamphelmets.co\/sv\/produkt\/sparco-rush-kart-handskar-bla-svart-gron\/#breadcrumb"},"inLanguage":"sv-SE","potentialAction":[{"@type":"ReadAction","target":["https:\/\/zamphelmets.co\/sv\/produkt\/sparco-rush-kart-handskar-bla-svart-gron\/"]}]},{"@type":"ImageObject","inLanguage":"sv-SE","@id":"https:\/\/zamphelmets.co\/sv\/produkt\/sparco-rush-kart-handskar-bla-svart-gron\/#primaryimage","url":"https:\/\/zamphelmets.co\/wp-content\/uploads\/2024\/05\/Blue20green.png","contentUrl":"https:\/\/zamphelmets.co\/wp-content\/uploads\/2024\/05\/Blue20green.png","width":865,"height":1000},{"@type":"BreadcrumbList","@id":"https:\/\/zamphelmets.co\/sv\/produkt\/sparco-rush-kart-handskar-bla-svart-gron\/#breadcrumb","itemListElement":[{"@type":"ListItem","position":1,"name":"Butik","item":"https:\/\/zamphelmets.co\/sv\/butik\/"},{"@type":"ListItem","position":2,"name":"Sparco Rush Kart Handskar Bl\u00e5\/Svart\/Gr\u00f6n"}]},{"@type":"WebSite","@id":"https:\/\/zamphelmets.co\/sv\/#website","url":"https:\/\/zamphelmets.co\/sv\/","name":"Zamp Helmets | Helmet 28 EU","description":"High Quality Motorsport Helmets","potentialAction":[{"@type":"SearchAction","target":{"@type":"EntryPoint","urlTemplate":"https:\/\/zamphelmets.co\/sv\/?s={search_term_string}"},"query-input":{"@type":"PropertyValueSpecification","valueRequired":true,"valueName":"search_term_string"}}],"inLanguage":"sv-SE"}]}},"_links":{"self":[{"href":"https:\/\/zamphelmets.co\/sv\/wp-json\/wp\/v2\/product\/26228","targetHints":{"allow":["GET"]}}],"collection":[{"href":"https:\/\/zamphelmets.co\/sv\/wp-json\/wp\/v2\/product"}],"about":[{"href":"https:\/\/zamphelmets.co\/sv\/wp-json\/wp\/v2\/types\/product"}],"replies":[{"embeddable":true,"href":"https:\/\/zamphelmets.co\/sv\/wp-json\/wp\/v2\/comments?post=26228"}],"wp:featuredmedia":[{"embeddable":true,"href":"https:\/\/zamphelmets.co\/sv\/wp-json\/wp\/v2\/media\/21834"}],"wp:attachment":[{"href":"https:\/\/zamphelmets.co\/sv\/wp-json\/wp\/v2\/media?parent=26228"}],"wp:term":[{"taxonomy":"product_brand","embeddable":true,"href":"https:\/\/zamphelmets.co\/sv\/wp-json\/wp\/v2\/product_brand?post=26228"},{"taxonomy":"product_cat","embeddable":true,"href":"https:\/\/zamphelmets.co\/sv\/wp-json\/wp\/v2\/product_cat?post=26228"},{"taxonomy":"product_tag","embeddable":true,"href":"https:\/\/zamphelmets.co\/sv\/wp-json\/wp\/v2\/product_tag?post=26228"}],"curies":[{"name":"wp","href":"https:\/\/api.w.org\/{rel}","templated":true}]}}