{"id":25842,"date":"2024-05-31T11:45:35","date_gmt":"2024-05-31T11:45:35","guid":{"rendered":"https:\/\/zamphelmets.co\/product\/sparco-k-pole-kart-boots-svart-fluo-orange\/"},"modified":"2024-11-06T16:06:13","modified_gmt":"2024-11-06T16:06:13","slug":"sparco-k-pole-kart-boots-svart-fluo-orange","status":"publish","type":"product","link":"https:\/\/zamphelmets.co\/sv\/produkt\/sparco-k-pole-kart-boots-svart-fluo-orange\/","title":{"rendered":"Sparco K-Pole Kart Boots Svart\/Fluo Orange"},"content":{"rendered":"<p>Sparco K-Pole kartboots erbjuder b\u00e5de stil och komfort till ett bra pris. Den mittsk\u00e4ra designen har en perforerad ovandel i mikrofiberl\u00e4der som m\u00f6jligg\u00f6r luftfl\u00f6de, vilket h\u00e5ller f\u00f6tterna svalare och bekv\u00e4mare.<\/p>\n<ul>\n<li>Ger en passform och komfort som vanligtvis bara finns i dyrare st\u00f6vlar<\/li>\n<li>Perforerad ovandel ger god andningsf\u00f6rm\u00e5ga f\u00f6r att h\u00e5lla f\u00f6tterna svalare och minska svettning<\/li>\n<li>Omformad h\u00e4l f\u00f6r att minska tr\u00f6tthet och f\u00f6rb\u00e4ttra st\u00f6det<\/li>\n<li>H\u00f6gteknologisk gummisula ger optimalt grepp och k\u00e4nsla p\u00e5 pedalerna<\/li>\n<\/ul>\n<p>K-Pole kartk\u00e4ngor finns i en rad sl\u00e5ende f\u00e4rger och i en modern design. F\u00f6rutom de prestandaegenskaper som anges ovan har dessa st\u00f6vlar ocks\u00e5 h\u00e4lb\u00e4lg f\u00f6r att underl\u00e4tta passformen och f\u00f6rb\u00e4ttra komforten. Det externa sn\u00f6rningssystemet ger en n\u00e4ra och s\u00e4ker passform.<\/p>\n<p><img decoding=\"async\" class=\"alignnone wp-image-10051 lazyload\" data-src=\"https:\/\/zamphelmets.co\/wp-content\/uploads\/2024\/05\/Screenshot-2024-05-31-at-14.39.05-247x300.png\" alt=\"\" width=\"441\" height=\"536\" data-srcset=\"https:\/\/zamphelmets.co\/wp-content\/uploads\/2024\/05\/Screenshot-2024-05-31-at-14.39.05-247x300.png 247w, https:\/\/zamphelmets.co\/wp-content\/uploads\/2024\/05\/Screenshot-2024-05-31-at-14.39.05-844x1024.png 844w, https:\/\/zamphelmets.co\/wp-content\/uploads\/2024\/05\/Screenshot-2024-05-31-at-14.39.05-768x932.png 768w, https:\/\/zamphelmets.co\/wp-content\/uploads\/2024\/05\/Screenshot-2024-05-31-at-14.39.05-600x728.png 600w, https:\/\/zamphelmets.co\/wp-content\/uploads\/2024\/05\/Screenshot-2024-05-31-at-14.39.05.png 982w\" data-sizes=\"(max-width: 441px) 100vw, 441px\" src=\"data:image\/svg+xml;base64,PHN2ZyB3aWR0aD0iMSIgaGVpZ2h0PSIxIiB4bWxucz0iaHR0cDovL3d3dy53My5vcmcvMjAwMC9zdmciPjwvc3ZnPg==\" style=\"--smush-placeholder-width: 441px; --smush-placeholder-aspect-ratio: 441\/536;\" \/><\/p>\n","protected":false},"excerpt":{"rendered":"<p>Sparco K-Pole kartboots erbjuder b\u00e5de stil och komfort till ett bra pris. Den mittsk\u00e4ra designen har en perforerad ovandel i mikrofiberl\u00e4der som m\u00f6jligg\u00f6r luftfl\u00f6de, vilket h\u00e5ller f\u00f6tterna svalare och bekv\u00e4mare. Ger en passform och komfort som vanligtvis bara finns i dyrare st\u00f6vlar Perforerad ovandel ger god andningsf\u00f6rm\u00e5ga f\u00f6r att h\u00e5lla f\u00f6tterna svalare och minska svettning [&hellip;]<\/p>\n","protected":false},"featured_media":21799,"comment_status":"open","ping_status":"closed","template":"","meta":{"_acf_changed":false,"_iconic_wsb_product_page_order_bump_ids":[[]],"_sku":["SKW001269NRAF"],"_iconic_wsb_product_page_bump_modal_ids":[[]]},"product_brand":[],"product_cat":[174,177],"product_tag":[],"class_list":{"0":"post-25842","1":"product","2":"type-product","3":"status-publish","4":"has-post-thumbnail","6":"product_cat-skydd-klader","7":"product_cat-stovlar","9":"first","10":"instock","11":"taxable","12":"shipping-taxable","13":"purchasable","14":"product-type-variable"},"acf":[],"yoast_head":"<!-- This site is optimized with the Yoast SEO plugin v27.0 - https:\/\/yoast.com\/product\/yoast-seo-wordpress\/ -->\n<title>Sparco K-Pole Kart Boots Svart\/Fluo Orange - Zamp Helmets | Helmet 28 EU<\/title>\n<meta name=\"description\" content=\"Sparco K-Pole kartboots erbjuder b\u00e5de stil och komfort och h\u00e5ller dina f\u00f6tter svalare och bekv\u00e4mare till ett bra pris.\" \/>\n<meta name=\"robots\" content=\"index, follow, max-snippet:-1, max-image-preview:large, max-video-preview:-1\" \/>\n<link rel=\"canonical\" href=\"https:\/\/zamphelmets.co\/sv\/produkt\/sparco-k-pole-kart-boots-svart-fluo-orange\/\" \/>\n<meta property=\"og:locale\" content=\"sv_SE\" \/>\n<meta property=\"og:type\" content=\"article\" \/>\n<meta property=\"og:title\" content=\"Sparco K-Pole Kart Boots Svart\/Fluo Orange - Zamp Helmets | Helmet 28 EU\" \/>\n<meta property=\"og:description\" content=\"Sparco K-Pole kartboots erbjuder b\u00e5de stil och komfort och h\u00e5ller dina f\u00f6tter svalare och bekv\u00e4mare till ett bra pris.\" \/>\n<meta property=\"og:url\" content=\"https:\/\/zamphelmets.co\/sv\/produkt\/sparco-k-pole-kart-boots-svart-fluo-orange\/\" \/>\n<meta property=\"og:site_name\" content=\"Zamp Helmets | Helmet 28 EU\" \/>\n<meta property=\"article:modified_time\" content=\"2024-11-06T16:06:13+00:00\" \/>\n<meta property=\"og:image\" content=\"https:\/\/zamphelmets.co\/wp-content\/uploads\/2024\/05\/20b20orange.png\" \/>\n\t<meta property=\"og:image:width\" content=\"872\" \/>\n\t<meta property=\"og:image:height\" content=\"1000\" \/>\n\t<meta property=\"og:image:type\" content=\"image\/png\" \/>\n<meta name=\"twitter:card\" content=\"summary_large_image\" \/>\n<meta name=\"twitter:label1\" content=\"Est. reading time\" \/>\n\t<meta name=\"twitter:data1\" content=\"1 minut\" \/>\n<script type=\"application\/ld+json\" class=\"yoast-schema-graph\">{\"@context\":\"https:\/\/schema.org\",\"@graph\":[{\"@type\":\"WebPage\",\"@id\":\"https:\/\/zamphelmets.co\/sv\/produkt\/sparco-k-pole-kart-boots-svart-fluo-orange\/\",\"url\":\"https:\/\/zamphelmets.co\/sv\/produkt\/sparco-k-pole-kart-boots-svart-fluo-orange\/\",\"name\":\"Sparco K-Pole Kart Boots Svart\/Fluo Orange - Zamp Helmets | Helmet 28 EU\",\"isPartOf\":{\"@id\":\"https:\/\/zamphelmets.co\/sv\/#website\"},\"primaryImageOfPage\":{\"@id\":\"https:\/\/zamphelmets.co\/sv\/produkt\/sparco-k-pole-kart-boots-svart-fluo-orange\/#primaryimage\"},\"image\":{\"@id\":\"https:\/\/zamphelmets.co\/sv\/produkt\/sparco-k-pole-kart-boots-svart-fluo-orange\/#primaryimage\"},\"thumbnailUrl\":\"https:\/\/zamphelmets.co\/wp-content\/uploads\/2024\/05\/20b20orange.png\",\"datePublished\":\"2024-05-31T11:45:35+00:00\",\"dateModified\":\"2024-11-06T16:06:13+00:00\",\"description\":\"Sparco K-Pole kartboots erbjuder b\u00e5de stil och komfort och h\u00e5ller dina f\u00f6tter svalare och bekv\u00e4mare till ett bra pris.\",\"breadcrumb\":{\"@id\":\"https:\/\/zamphelmets.co\/sv\/produkt\/sparco-k-pole-kart-boots-svart-fluo-orange\/#breadcrumb\"},\"inLanguage\":\"sv-SE\",\"potentialAction\":[{\"@type\":\"ReadAction\",\"target\":[\"https:\/\/zamphelmets.co\/sv\/produkt\/sparco-k-pole-kart-boots-svart-fluo-orange\/\"]}]},{\"@type\":\"ImageObject\",\"inLanguage\":\"sv-SE\",\"@id\":\"https:\/\/zamphelmets.co\/sv\/produkt\/sparco-k-pole-kart-boots-svart-fluo-orange\/#primaryimage\",\"url\":\"https:\/\/zamphelmets.co\/wp-content\/uploads\/2024\/05\/20b20orange.png\",\"contentUrl\":\"https:\/\/zamphelmets.co\/wp-content\/uploads\/2024\/05\/20b20orange.png\",\"width\":872,\"height\":1000},{\"@type\":\"BreadcrumbList\",\"@id\":\"https:\/\/zamphelmets.co\/sv\/produkt\/sparco-k-pole-kart-boots-svart-fluo-orange\/#breadcrumb\",\"itemListElement\":[{\"@type\":\"ListItem\",\"position\":1,\"name\":\"Butik\",\"item\":\"https:\/\/zamphelmets.co\/sv\/butik\/\"},{\"@type\":\"ListItem\",\"position\":2,\"name\":\"Sparco K-Pole Kart Boots Svart\/Fluo Orange\"}]},{\"@type\":\"WebSite\",\"@id\":\"https:\/\/zamphelmets.co\/sv\/#website\",\"url\":\"https:\/\/zamphelmets.co\/sv\/\",\"name\":\"Zamp Helmets | Helmet 28 EU\",\"description\":\"High Quality Motorsport Helmets\",\"potentialAction\":[{\"@type\":\"SearchAction\",\"target\":{\"@type\":\"EntryPoint\",\"urlTemplate\":\"https:\/\/zamphelmets.co\/sv\/?s={search_term_string}\"},\"query-input\":{\"@type\":\"PropertyValueSpecification\",\"valueRequired\":true,\"valueName\":\"search_term_string\"}}],\"inLanguage\":\"sv-SE\"}]}<\/script>\n<!-- \/ Yoast SEO plugin. -->","yoast_head_json":{"title":"Sparco K-Pole Kart Boots Svart\/Fluo Orange - Zamp Helmets | Helmet 28 EU","description":"Sparco K-Pole kartboots erbjuder b\u00e5de stil och komfort och h\u00e5ller dina f\u00f6tter svalare och bekv\u00e4mare till ett bra pris.","robots":{"index":"index","follow":"follow","max-snippet":"max-snippet:-1","max-image-preview":"max-image-preview:large","max-video-preview":"max-video-preview:-1"},"canonical":"https:\/\/zamphelmets.co\/sv\/produkt\/sparco-k-pole-kart-boots-svart-fluo-orange\/","og_locale":"sv_SE","og_type":"article","og_title":"Sparco K-Pole Kart Boots Svart\/Fluo Orange - Zamp Helmets | Helmet 28 EU","og_description":"Sparco K-Pole kartboots erbjuder b\u00e5de stil och komfort och h\u00e5ller dina f\u00f6tter svalare och bekv\u00e4mare till ett bra pris.","og_url":"https:\/\/zamphelmets.co\/sv\/produkt\/sparco-k-pole-kart-boots-svart-fluo-orange\/","og_site_name":"Zamp Helmets | Helmet 28 EU","article_modified_time":"2024-11-06T16:06:13+00:00","og_image":[{"width":872,"height":1000,"url":"https:\/\/zamphelmets.co\/wp-content\/uploads\/2024\/05\/20b20orange.png","type":"image\/png"}],"twitter_card":"summary_large_image","twitter_misc":{"Est. reading time":"1 minut"},"schema":{"@context":"https:\/\/schema.org","@graph":[{"@type":"WebPage","@id":"https:\/\/zamphelmets.co\/sv\/produkt\/sparco-k-pole-kart-boots-svart-fluo-orange\/","url":"https:\/\/zamphelmets.co\/sv\/produkt\/sparco-k-pole-kart-boots-svart-fluo-orange\/","name":"Sparco K-Pole Kart Boots Svart\/Fluo Orange - Zamp Helmets | Helmet 28 EU","isPartOf":{"@id":"https:\/\/zamphelmets.co\/sv\/#website"},"primaryImageOfPage":{"@id":"https:\/\/zamphelmets.co\/sv\/produkt\/sparco-k-pole-kart-boots-svart-fluo-orange\/#primaryimage"},"image":{"@id":"https:\/\/zamphelmets.co\/sv\/produkt\/sparco-k-pole-kart-boots-svart-fluo-orange\/#primaryimage"},"thumbnailUrl":"https:\/\/zamphelmets.co\/wp-content\/uploads\/2024\/05\/20b20orange.png","datePublished":"2024-05-31T11:45:35+00:00","dateModified":"2024-11-06T16:06:13+00:00","description":"Sparco K-Pole kartboots erbjuder b\u00e5de stil och komfort och h\u00e5ller dina f\u00f6tter svalare och bekv\u00e4mare till ett bra pris.","breadcrumb":{"@id":"https:\/\/zamphelmets.co\/sv\/produkt\/sparco-k-pole-kart-boots-svart-fluo-orange\/#breadcrumb"},"inLanguage":"sv-SE","potentialAction":[{"@type":"ReadAction","target":["https:\/\/zamphelmets.co\/sv\/produkt\/sparco-k-pole-kart-boots-svart-fluo-orange\/"]}]},{"@type":"ImageObject","inLanguage":"sv-SE","@id":"https:\/\/zamphelmets.co\/sv\/produkt\/sparco-k-pole-kart-boots-svart-fluo-orange\/#primaryimage","url":"https:\/\/zamphelmets.co\/wp-content\/uploads\/2024\/05\/20b20orange.png","contentUrl":"https:\/\/zamphelmets.co\/wp-content\/uploads\/2024\/05\/20b20orange.png","width":872,"height":1000},{"@type":"BreadcrumbList","@id":"https:\/\/zamphelmets.co\/sv\/produkt\/sparco-k-pole-kart-boots-svart-fluo-orange\/#breadcrumb","itemListElement":[{"@type":"ListItem","position":1,"name":"Butik","item":"https:\/\/zamphelmets.co\/sv\/butik\/"},{"@type":"ListItem","position":2,"name":"Sparco K-Pole Kart Boots Svart\/Fluo Orange"}]},{"@type":"WebSite","@id":"https:\/\/zamphelmets.co\/sv\/#website","url":"https:\/\/zamphelmets.co\/sv\/","name":"Zamp Helmets | Helmet 28 EU","description":"High Quality Motorsport Helmets","potentialAction":[{"@type":"SearchAction","target":{"@type":"EntryPoint","urlTemplate":"https:\/\/zamphelmets.co\/sv\/?s={search_term_string}"},"query-input":{"@type":"PropertyValueSpecification","valueRequired":true,"valueName":"search_term_string"}}],"inLanguage":"sv-SE"}]}},"_links":{"self":[{"href":"https:\/\/zamphelmets.co\/sv\/wp-json\/wp\/v2\/product\/25842","targetHints":{"allow":["GET"]}}],"collection":[{"href":"https:\/\/zamphelmets.co\/sv\/wp-json\/wp\/v2\/product"}],"about":[{"href":"https:\/\/zamphelmets.co\/sv\/wp-json\/wp\/v2\/types\/product"}],"replies":[{"embeddable":true,"href":"https:\/\/zamphelmets.co\/sv\/wp-json\/wp\/v2\/comments?post=25842"}],"wp:featuredmedia":[{"embeddable":true,"href":"https:\/\/zamphelmets.co\/sv\/wp-json\/wp\/v2\/media\/21799"}],"wp:attachment":[{"href":"https:\/\/zamphelmets.co\/sv\/wp-json\/wp\/v2\/media?parent=25842"}],"wp:term":[{"taxonomy":"product_brand","embeddable":true,"href":"https:\/\/zamphelmets.co\/sv\/wp-json\/wp\/v2\/product_brand?post=25842"},{"taxonomy":"product_cat","embeddable":true,"href":"https:\/\/zamphelmets.co\/sv\/wp-json\/wp\/v2\/product_cat?post=25842"},{"taxonomy":"product_tag","embeddable":true,"href":"https:\/\/zamphelmets.co\/sv\/wp-json\/wp\/v2\/product_tag?post=25842"}],"curies":[{"name":"wp","href":"https:\/\/api.w.org\/{rel}","templated":true}]}}