{"id":24426,"date":"2022-02-15T12:33:46","date_gmt":"2022-02-15T12:33:46","guid":{"rendered":"https:\/\/zamphelmets.co\/product\/zamp-visor-klistermarke-svart\/"},"modified":"2026-02-16T16:02:16","modified_gmt":"2026-02-16T16:02:16","slug":"zamp-visor-klistermarke-svart","status":"publish","type":"product","link":"https:\/\/zamphelmets.co\/sv\/produkt\/zamp-visor-klistermarke-svart\/","title":{"rendered":"Zamp Visor Klisterm\u00e4rke Svart"},"content":{"rendered":"<p>Snygg svart visirlist f\u00f6r alla Z20 Zamp hj\u00e4lmvisir.<\/p>\n","protected":false},"excerpt":{"rendered":"<p>Snygg svart visirlist f\u00f6r alla Z20 Zamp hj\u00e4lmvisir.<\/p>\n","protected":false},"featured_media":15478,"comment_status":"open","ping_status":"closed","template":"","meta":{"_acf_changed":false,"_iconic_wsb_product_page_order_bump_ids":[],"_sku":["HISZ2103"],"_iconic_wsb_product_page_bump_modal_ids":[]},"product_brand":[],"product_cat":[218,153,279,152],"product_tag":[],"class_list":{"0":"post-24426","1":"product","2":"type-product","3":"status-publish","4":"has-post-thumbnail","6":"product_cat-ovriga","7":"product_cat-tillbehor","8":"product_cat-visir","9":"product_cat-zamp-sv","11":"first","12":"instock","13":"taxable","14":"shipping-taxable","15":"purchasable","16":"product-type-simple"},"acf":[],"yoast_head":"<!-- This site is optimized with the Yoast SEO plugin v27.0 - https:\/\/yoast.com\/product\/yoast-seo-wordpress\/ -->\n<title>Zamp Visor Klisterm\u00e4rke Svart - Zamp Helmets | Helmet 28 EU<\/title>\n<meta name=\"robots\" content=\"index, follow, max-snippet:-1, max-image-preview:large, max-video-preview:-1\" \/>\n<link rel=\"canonical\" href=\"https:\/\/zamphelmets.co\/sv\/produkt\/zamp-visor-klistermarke-svart\/\" \/>\n<meta property=\"og:locale\" content=\"sv_SE\" \/>\n<meta property=\"og:type\" content=\"article\" \/>\n<meta property=\"og:title\" content=\"Zamp Visor Klisterm\u00e4rke Svart - Zamp Helmets | Helmet 28 EU\" \/>\n<meta property=\"og:description\" content=\"Snygg svart visirlist f\u00f6r alla Z20 Zamp hj\u00e4lmvisir.\" \/>\n<meta property=\"og:url\" content=\"https:\/\/zamphelmets.co\/sv\/produkt\/zamp-visor-klistermarke-svart\/\" \/>\n<meta property=\"og:site_name\" content=\"Zamp Helmets | Helmet 28 EU\" \/>\n<meta property=\"article:modified_time\" content=\"2026-02-16T16:02:16+00:00\" \/>\n<meta property=\"og:image\" content=\"https:\/\/zamphelmets.co\/wp-content\/uploads\/2022\/01\/HISZ2103.jpeg\" \/>\n\t<meta property=\"og:image:width\" content=\"1000\" \/>\n\t<meta property=\"og:image:height\" content=\"1000\" \/>\n\t<meta property=\"og:image:type\" content=\"image\/jpeg\" \/>\n<meta name=\"twitter:card\" content=\"summary_large_image\" \/>\n<script type=\"application\/ld+json\" class=\"yoast-schema-graph\">{\"@context\":\"https:\/\/schema.org\",\"@graph\":[{\"@type\":\"WebPage\",\"@id\":\"https:\/\/zamphelmets.co\/sv\/produkt\/zamp-visor-klistermarke-svart\/\",\"url\":\"https:\/\/zamphelmets.co\/sv\/produkt\/zamp-visor-klistermarke-svart\/\",\"name\":\"Zamp Visor Klisterm\u00e4rke Svart - Zamp Helmets | Helmet 28 EU\",\"isPartOf\":{\"@id\":\"https:\/\/zamphelmets.co\/sv\/#website\"},\"primaryImageOfPage\":{\"@id\":\"https:\/\/zamphelmets.co\/sv\/produkt\/zamp-visor-klistermarke-svart\/#primaryimage\"},\"image\":{\"@id\":\"https:\/\/zamphelmets.co\/sv\/produkt\/zamp-visor-klistermarke-svart\/#primaryimage\"},\"thumbnailUrl\":\"https:\/\/zamphelmets.co\/wp-content\/uploads\/2022\/01\/HISZ2103.jpeg\",\"datePublished\":\"2022-02-15T12:33:46+00:00\",\"dateModified\":\"2026-02-16T16:02:16+00:00\",\"breadcrumb\":{\"@id\":\"https:\/\/zamphelmets.co\/sv\/produkt\/zamp-visor-klistermarke-svart\/#breadcrumb\"},\"inLanguage\":\"sv-SE\",\"potentialAction\":[{\"@type\":\"ReadAction\",\"target\":[\"https:\/\/zamphelmets.co\/sv\/produkt\/zamp-visor-klistermarke-svart\/\"]}]},{\"@type\":\"ImageObject\",\"inLanguage\":\"sv-SE\",\"@id\":\"https:\/\/zamphelmets.co\/sv\/produkt\/zamp-visor-klistermarke-svart\/#primaryimage\",\"url\":\"https:\/\/zamphelmets.co\/wp-content\/uploads\/2022\/01\/HISZ2103.jpeg\",\"contentUrl\":\"https:\/\/zamphelmets.co\/wp-content\/uploads\/2022\/01\/HISZ2103.jpeg\",\"width\":1000,\"height\":1000},{\"@type\":\"BreadcrumbList\",\"@id\":\"https:\/\/zamphelmets.co\/sv\/produkt\/zamp-visor-klistermarke-svart\/#breadcrumb\",\"itemListElement\":[{\"@type\":\"ListItem\",\"position\":1,\"name\":\"Butik\",\"item\":\"https:\/\/zamphelmets.co\/sv\/butik\/\"},{\"@type\":\"ListItem\",\"position\":2,\"name\":\"Zamp Visor Klisterm\u00e4rke Svart\"}]},{\"@type\":\"WebSite\",\"@id\":\"https:\/\/zamphelmets.co\/sv\/#website\",\"url\":\"https:\/\/zamphelmets.co\/sv\/\",\"name\":\"Zamp Helmets | Helmet 28 EU\",\"description\":\"High Quality Motorsport Helmets\",\"potentialAction\":[{\"@type\":\"SearchAction\",\"target\":{\"@type\":\"EntryPoint\",\"urlTemplate\":\"https:\/\/zamphelmets.co\/sv\/?s={search_term_string}\"},\"query-input\":{\"@type\":\"PropertyValueSpecification\",\"valueRequired\":true,\"valueName\":\"search_term_string\"}}],\"inLanguage\":\"sv-SE\"}]}<\/script>\n<!-- \/ Yoast SEO plugin. -->","yoast_head_json":{"title":"Zamp Visor Klisterm\u00e4rke Svart - Zamp Helmets | Helmet 28 EU","robots":{"index":"index","follow":"follow","max-snippet":"max-snippet:-1","max-image-preview":"max-image-preview:large","max-video-preview":"max-video-preview:-1"},"canonical":"https:\/\/zamphelmets.co\/sv\/produkt\/zamp-visor-klistermarke-svart\/","og_locale":"sv_SE","og_type":"article","og_title":"Zamp Visor Klisterm\u00e4rke Svart - Zamp Helmets | Helmet 28 EU","og_description":"Snygg svart visirlist f\u00f6r alla Z20 Zamp hj\u00e4lmvisir.","og_url":"https:\/\/zamphelmets.co\/sv\/produkt\/zamp-visor-klistermarke-svart\/","og_site_name":"Zamp Helmets | Helmet 28 EU","article_modified_time":"2026-02-16T16:02:16+00:00","og_image":[{"width":1000,"height":1000,"url":"https:\/\/zamphelmets.co\/wp-content\/uploads\/2022\/01\/HISZ2103.jpeg","type":"image\/jpeg"}],"twitter_card":"summary_large_image","schema":{"@context":"https:\/\/schema.org","@graph":[{"@type":"WebPage","@id":"https:\/\/zamphelmets.co\/sv\/produkt\/zamp-visor-klistermarke-svart\/","url":"https:\/\/zamphelmets.co\/sv\/produkt\/zamp-visor-klistermarke-svart\/","name":"Zamp Visor Klisterm\u00e4rke Svart - Zamp Helmets | Helmet 28 EU","isPartOf":{"@id":"https:\/\/zamphelmets.co\/sv\/#website"},"primaryImageOfPage":{"@id":"https:\/\/zamphelmets.co\/sv\/produkt\/zamp-visor-klistermarke-svart\/#primaryimage"},"image":{"@id":"https:\/\/zamphelmets.co\/sv\/produkt\/zamp-visor-klistermarke-svart\/#primaryimage"},"thumbnailUrl":"https:\/\/zamphelmets.co\/wp-content\/uploads\/2022\/01\/HISZ2103.jpeg","datePublished":"2022-02-15T12:33:46+00:00","dateModified":"2026-02-16T16:02:16+00:00","breadcrumb":{"@id":"https:\/\/zamphelmets.co\/sv\/produkt\/zamp-visor-klistermarke-svart\/#breadcrumb"},"inLanguage":"sv-SE","potentialAction":[{"@type":"ReadAction","target":["https:\/\/zamphelmets.co\/sv\/produkt\/zamp-visor-klistermarke-svart\/"]}]},{"@type":"ImageObject","inLanguage":"sv-SE","@id":"https:\/\/zamphelmets.co\/sv\/produkt\/zamp-visor-klistermarke-svart\/#primaryimage","url":"https:\/\/zamphelmets.co\/wp-content\/uploads\/2022\/01\/HISZ2103.jpeg","contentUrl":"https:\/\/zamphelmets.co\/wp-content\/uploads\/2022\/01\/HISZ2103.jpeg","width":1000,"height":1000},{"@type":"BreadcrumbList","@id":"https:\/\/zamphelmets.co\/sv\/produkt\/zamp-visor-klistermarke-svart\/#breadcrumb","itemListElement":[{"@type":"ListItem","position":1,"name":"Butik","item":"https:\/\/zamphelmets.co\/sv\/butik\/"},{"@type":"ListItem","position":2,"name":"Zamp Visor Klisterm\u00e4rke Svart"}]},{"@type":"WebSite","@id":"https:\/\/zamphelmets.co\/sv\/#website","url":"https:\/\/zamphelmets.co\/sv\/","name":"Zamp Helmets | Helmet 28 EU","description":"High Quality Motorsport Helmets","potentialAction":[{"@type":"SearchAction","target":{"@type":"EntryPoint","urlTemplate":"https:\/\/zamphelmets.co\/sv\/?s={search_term_string}"},"query-input":{"@type":"PropertyValueSpecification","valueRequired":true,"valueName":"search_term_string"}}],"inLanguage":"sv-SE"}]}},"_links":{"self":[{"href":"https:\/\/zamphelmets.co\/sv\/wp-json\/wp\/v2\/product\/24426","targetHints":{"allow":["GET"]}}],"collection":[{"href":"https:\/\/zamphelmets.co\/sv\/wp-json\/wp\/v2\/product"}],"about":[{"href":"https:\/\/zamphelmets.co\/sv\/wp-json\/wp\/v2\/types\/product"}],"replies":[{"embeddable":true,"href":"https:\/\/zamphelmets.co\/sv\/wp-json\/wp\/v2\/comments?post=24426"}],"wp:featuredmedia":[{"embeddable":true,"href":"https:\/\/zamphelmets.co\/sv\/wp-json\/wp\/v2\/media\/15478"}],"wp:attachment":[{"href":"https:\/\/zamphelmets.co\/sv\/wp-json\/wp\/v2\/media?parent=24426"}],"wp:term":[{"taxonomy":"product_brand","embeddable":true,"href":"https:\/\/zamphelmets.co\/sv\/wp-json\/wp\/v2\/product_brand?post=24426"},{"taxonomy":"product_cat","embeddable":true,"href":"https:\/\/zamphelmets.co\/sv\/wp-json\/wp\/v2\/product_cat?post=24426"},{"taxonomy":"product_tag","embeddable":true,"href":"https:\/\/zamphelmets.co\/sv\/wp-json\/wp\/v2\/product_tag?post=24426"}],"curies":[{"name":"wp","href":"https:\/\/api.w.org\/{rel}","templated":true}]}}