{"id":24282,"date":"2021-02-25T10:08:07","date_gmt":"2021-02-25T10:08:07","guid":{"rendered":"https:\/\/zamphelmets.co\/product\/rz-59-matt-svart\/"},"modified":"2026-02-16T15:19:08","modified_gmt":"2026-02-16T15:19:08","slug":"rz-59-matt-svart","status":"publish","type":"product","link":"https:\/\/zamphelmets.co\/sv\/produkt\/rz-59-matt-svart\/","title":{"rendered":"RZ 59 Matt svart"},"content":{"rendered":"<p><strong>Zamp RZ-59 Matte Black-hj\u00e4lmen kombinerar den senaste Snell SA2020-hj\u00e4lmtekniken med kvalitetsdesign f\u00f6r att ge den absolut mest prisv\u00e4rda hj\u00e4lmen p\u00e5 marknaden! Denna modell ger bra ventilation och komfort  <\/strong><strong>med en snygg och enkel design som hj\u00e4lper dig att h\u00e5lla dig sval och f\u00f6rhindra imma under extrema t\u00e4vlingsf\u00f6rh\u00e5llanden. RZ-59 erbjuder en fantastisk passform, h\u00f6g finish och det mest konkurrenskraftiga priset som finns i branschen. Den fantastiska matt svarta finishen ger en fantastisk instegshj\u00e4lm f\u00f6r t\u00e4vlingsdagar, karting och annan racing som regleras av SA2020.<\/strong><\/p>\n<p><strong>Funktioner inkluderar:<\/strong><\/p>\n<ul>\n<li>L\u00e4ttviktsskal i <strong>glasfiberkomposit <\/strong><\/li>\n<li><strong>Minimal ventilation fram\u00e5t<\/strong> med skalp- och avluftningsventiler<\/li>\n<li><strong>Brandh\u00e4mmande inredning i plysch<\/strong><\/li>\n<li><strong>Z-20 Series 3 mm sk\u00f6ld <\/strong>med avrivningsbara stolpar, 12,25 tum mittstolpar<\/li>\n<li><strong>M6-insatser <\/strong>f\u00f6r huvud- och nackst\u00f6d<\/li>\n<li><strong>Godk\u00e4nd enligt Snell SA2020<\/strong><\/li>\n<li><strong>Vikt: 1440 g i storlek M<\/strong><\/li>\n<\/ul>\n<p>Som vanligt inom motorsport varierar v\u00e5ra storlekar beroende p\u00e5 hj\u00e4lmmodell. Mer information om hur du v\u00e4ljer r\u00e4tt storlek p\u00e5 hj\u00e4lmen finns <a href=\"https:\/\/zamphelmets.co\/sv\/hur-man-valjer-ratt-hjalmstorlek\/\">h\u00e4r<\/a>.<\/p>\n<p><a href=\"https:\/\/zamphelmets.co\/sv\/homologering-forklarad\/\"><strong>Homologering f\u00f6rklarad<\/strong> &#8211; ta reda p\u00e5 vilken homologering du beh\u00f6ver<\/a><\/p>\n<p><a href=\"https:\/\/zamphelmets.co\/sv\/hans-stolpar-hans-och-fhr-utrustning\/\"><strong>FHR \/ HANS-utrustning<\/strong> &#8211; n\u00e4r kr\u00e4vs det?<\/a><\/p>\n<p>&nbsp;<\/p>\n<p><img decoding=\"async\" class=\"alignnone wp-image-26355 size-full lazyload\" data-src=\"https:\/\/zamphelmets.co\/wp-content\/uploads\/2024\/03\/Zamp-Helmets-sizing-guide-4166-x-4166-px-1.png\" alt=\"\" width=\"500\" height=\"500\" data-srcset=\"https:\/\/zamphelmets.co\/wp-content\/uploads\/2024\/03\/Zamp-Helmets-sizing-guide-4166-x-4166-px-1.png 500w, https:\/\/zamphelmets.co\/wp-content\/uploads\/2024\/03\/Zamp-Helmets-sizing-guide-4166-x-4166-px-1-300x300.png 300w, https:\/\/zamphelmets.co\/wp-content\/uploads\/2024\/03\/Zamp-Helmets-sizing-guide-4166-x-4166-px-1-150x150.png 150w, https:\/\/zamphelmets.co\/wp-content\/uploads\/2024\/03\/Zamp-Helmets-sizing-guide-4166-x-4166-px-1-100x100.png 100w\" data-sizes=\"(max-width: 500px) 100vw, 500px\" src=\"data:image\/svg+xml;base64,PHN2ZyB3aWR0aD0iMSIgaGVpZ2h0PSIxIiB4bWxucz0iaHR0cDovL3d3dy53My5vcmcvMjAwMC9zdmciPjwvc3ZnPg==\" style=\"--smush-placeholder-width: 500px; --smush-placeholder-aspect-ratio: 500\/500;\" \/><\/p>\n<div id=\"product-10089\" class=\"product type-product post-10089 status-publish first instock product_cat-fia product_cat-snell-2020-sa2020 product_cat-zamp has-post-thumbnail taxable shipping-taxable purchasable product-type-variable\">\n<div class=\"woocommerce-tabs wc-tabs-wrapper\">\n<div id=\"tab-description\" class=\"woocommerce-Tabs-panel woocommerce-Tabs-panel--description panel entry-content wc-tab\" role=\"tabpanel\" aria-labelledby=\"tab-title-description\">\n<p><strong>Os\u00e4ker p\u00e5 storlek? <\/strong><a href=\"https:\/\/form.jotform.com\/251263198513053\">Fyll i v\u00e5rt storleksformul\u00e4r<\/a> s\u00e5 kommer en av v\u00e5ra medarbetare att kontakta dig med v\u00e5ra rekommendationer.<\/p>\n<\/div>\n<\/div>\n<\/div>\n","protected":false},"excerpt":{"rendered":"<p>Zamp RZ-59 Matte Black-hj\u00e4lmen kombinerar den senaste Snell SA2020-hj\u00e4lmtekniken med kvalitetsdesign f\u00f6r att ge den absolut mest prisv\u00e4rda hj\u00e4lmen p\u00e5 marknaden! Denna modell ger bra ventilation och komfort med en snygg och enkel design som hj\u00e4lper dig att h\u00e5lla dig sval och f\u00f6rhindra imma under extrema t\u00e4vlingsf\u00f6rh\u00e5llanden. RZ-59 erbjuder en fantastisk passform, h\u00f6g finish och [&hellip;]<\/p>\n","protected":false},"featured_media":13784,"comment_status":"open","ping_status":"closed","template":"","meta":{"_acf_changed":false,"_iconic_wsb_product_page_order_bump_ids":[[]],"_sku":[],"_iconic_wsb_product_page_bump_modal_ids":[[]]},"product_brand":[],"product_cat":[160,162,161,205,152],"product_tag":[],"class_list":{"0":"post-24282","1":"product","2":"type-product","3":"status-publish","4":"has-post-thumbnail","6":"product_cat-zamp-hjalmar","7":"product_cat-snell-sv","8":"product_cat-snell-2020-sa2020-sv","9":"product_cat-standard-sv","10":"product_cat-zamp-sv","12":"first","13":"outofstock","14":"taxable","15":"shipping-taxable","16":"purchasable","17":"product-type-variable"},"acf":[],"yoast_head":"<!-- This site is optimized with the Yoast SEO plugin v27.0 - https:\/\/yoast.com\/product\/yoast-seo-wordpress\/ -->\n<title>RZ 59 Matt svart Racinghj\u00e4lm - Zamp Helmets | Helmet 28 EU<\/title>\n<meta name=\"description\" content=\"Zamp RZ 59 Matte Black kombinerar den senaste Snell-homologationstekniken med kvalitetsdesign f\u00f6r att erbjuda den mest prisv\u00e4rda racinghj\u00e4lmen!\" \/>\n<meta name=\"robots\" content=\"index, follow, max-snippet:-1, max-image-preview:large, max-video-preview:-1\" \/>\n<link rel=\"canonical\" href=\"https:\/\/zamphelmets.co\/sv\/produkt\/rz-59-matt-svart\/\" \/>\n<meta property=\"og:locale\" content=\"sv_SE\" \/>\n<meta property=\"og:type\" content=\"article\" \/>\n<meta property=\"og:title\" content=\"RZ 59 Matt svart Racinghj\u00e4lm - Zamp Helmets | Helmet 28 EU\" \/>\n<meta property=\"og:description\" content=\"Zamp RZ 59 Matte Black kombinerar den senaste Snell-homologationstekniken med kvalitetsdesign f\u00f6r att erbjuda den mest prisv\u00e4rda racinghj\u00e4lmen!\" \/>\n<meta property=\"og:url\" content=\"https:\/\/zamphelmets.co\/sv\/produkt\/rz-59-matt-svart\/\" \/>\n<meta property=\"og:site_name\" content=\"Zamp Helmets | Helmet 28 EU\" \/>\n<meta property=\"article:modified_time\" content=\"2026-02-16T15:19:08+00:00\" \/>\n<meta property=\"og:image\" content=\"https:\/\/zamphelmets.co\/wp-content\/uploads\/2021\/02\/H77203F.jpg\" \/>\n\t<meta property=\"og:image:width\" content=\"1500\" \/>\n\t<meta property=\"og:image:height\" content=\"1500\" \/>\n\t<meta property=\"og:image:type\" content=\"image\/jpeg\" \/>\n<meta name=\"twitter:card\" content=\"summary_large_image\" \/>\n<meta name=\"twitter:label1\" content=\"Est. reading time\" \/>\n\t<meta name=\"twitter:data1\" content=\"1 minut\" \/>\n<script type=\"application\/ld+json\" class=\"yoast-schema-graph\">{\"@context\":\"https:\/\/schema.org\",\"@graph\":[{\"@type\":\"WebPage\",\"@id\":\"https:\/\/zamphelmets.co\/sv\/produkt\/rz-59-matt-svart\/\",\"url\":\"https:\/\/zamphelmets.co\/sv\/produkt\/rz-59-matt-svart\/\",\"name\":\"RZ 59 Matt svart Racinghj\u00e4lm - Zamp Helmets | Helmet 28 EU\",\"isPartOf\":{\"@id\":\"https:\/\/zamphelmets.co\/sv\/#website\"},\"primaryImageOfPage\":{\"@id\":\"https:\/\/zamphelmets.co\/sv\/produkt\/rz-59-matt-svart\/#primaryimage\"},\"image\":{\"@id\":\"https:\/\/zamphelmets.co\/sv\/produkt\/rz-59-matt-svart\/#primaryimage\"},\"thumbnailUrl\":\"https:\/\/zamphelmets.co\/wp-content\/uploads\/2021\/02\/H77203F.jpg\",\"datePublished\":\"2021-02-25T10:08:07+00:00\",\"dateModified\":\"2026-02-16T15:19:08+00:00\",\"description\":\"Zamp RZ 59 Matte Black kombinerar den senaste Snell-homologationstekniken med kvalitetsdesign f\u00f6r att erbjuda den mest prisv\u00e4rda racinghj\u00e4lmen!\",\"breadcrumb\":{\"@id\":\"https:\/\/zamphelmets.co\/sv\/produkt\/rz-59-matt-svart\/#breadcrumb\"},\"inLanguage\":\"sv-SE\",\"potentialAction\":[{\"@type\":\"ReadAction\",\"target\":[\"https:\/\/zamphelmets.co\/sv\/produkt\/rz-59-matt-svart\/\"]}]},{\"@type\":\"ImageObject\",\"inLanguage\":\"sv-SE\",\"@id\":\"https:\/\/zamphelmets.co\/sv\/produkt\/rz-59-matt-svart\/#primaryimage\",\"url\":\"https:\/\/zamphelmets.co\/wp-content\/uploads\/2021\/02\/H77203F.jpg\",\"contentUrl\":\"https:\/\/zamphelmets.co\/wp-content\/uploads\/2021\/02\/H77203F.jpg\",\"width\":1500,\"height\":1500,\"caption\":\"RZ 59 Matte Black Racinghj\u00e4lm fr\u00e5n Zamp Helmets\"},{\"@type\":\"BreadcrumbList\",\"@id\":\"https:\/\/zamphelmets.co\/sv\/produkt\/rz-59-matt-svart\/#breadcrumb\",\"itemListElement\":[{\"@type\":\"ListItem\",\"position\":1,\"name\":\"Butik\",\"item\":\"https:\/\/zamphelmets.co\/sv\/butik\/\"},{\"@type\":\"ListItem\",\"position\":2,\"name\":\"RZ 59 Matt svart\"}]},{\"@type\":\"WebSite\",\"@id\":\"https:\/\/zamphelmets.co\/sv\/#website\",\"url\":\"https:\/\/zamphelmets.co\/sv\/\",\"name\":\"Zamp Helmets | Helmet 28 EU\",\"description\":\"High Quality Motorsport Helmets\",\"potentialAction\":[{\"@type\":\"SearchAction\",\"target\":{\"@type\":\"EntryPoint\",\"urlTemplate\":\"https:\/\/zamphelmets.co\/sv\/?s={search_term_string}\"},\"query-input\":{\"@type\":\"PropertyValueSpecification\",\"valueRequired\":true,\"valueName\":\"search_term_string\"}}],\"inLanguage\":\"sv-SE\"}]}<\/script>\n<!-- \/ Yoast SEO plugin. -->","yoast_head_json":{"title":"RZ 59 Matt svart Racinghj\u00e4lm - Zamp Helmets | Helmet 28 EU","description":"Zamp RZ 59 Matte Black kombinerar den senaste Snell-homologationstekniken med kvalitetsdesign f\u00f6r att erbjuda den mest prisv\u00e4rda racinghj\u00e4lmen!","robots":{"index":"index","follow":"follow","max-snippet":"max-snippet:-1","max-image-preview":"max-image-preview:large","max-video-preview":"max-video-preview:-1"},"canonical":"https:\/\/zamphelmets.co\/sv\/produkt\/rz-59-matt-svart\/","og_locale":"sv_SE","og_type":"article","og_title":"RZ 59 Matt svart Racinghj\u00e4lm - Zamp Helmets | Helmet 28 EU","og_description":"Zamp RZ 59 Matte Black kombinerar den senaste Snell-homologationstekniken med kvalitetsdesign f\u00f6r att erbjuda den mest prisv\u00e4rda racinghj\u00e4lmen!","og_url":"https:\/\/zamphelmets.co\/sv\/produkt\/rz-59-matt-svart\/","og_site_name":"Zamp Helmets | Helmet 28 EU","article_modified_time":"2026-02-16T15:19:08+00:00","og_image":[{"width":1500,"height":1500,"url":"https:\/\/zamphelmets.co\/wp-content\/uploads\/2021\/02\/H77203F.jpg","type":"image\/jpeg"}],"twitter_card":"summary_large_image","twitter_misc":{"Est. reading time":"1 minut"},"schema":{"@context":"https:\/\/schema.org","@graph":[{"@type":"WebPage","@id":"https:\/\/zamphelmets.co\/sv\/produkt\/rz-59-matt-svart\/","url":"https:\/\/zamphelmets.co\/sv\/produkt\/rz-59-matt-svart\/","name":"RZ 59 Matt svart Racinghj\u00e4lm - Zamp Helmets | Helmet 28 EU","isPartOf":{"@id":"https:\/\/zamphelmets.co\/sv\/#website"},"primaryImageOfPage":{"@id":"https:\/\/zamphelmets.co\/sv\/produkt\/rz-59-matt-svart\/#primaryimage"},"image":{"@id":"https:\/\/zamphelmets.co\/sv\/produkt\/rz-59-matt-svart\/#primaryimage"},"thumbnailUrl":"https:\/\/zamphelmets.co\/wp-content\/uploads\/2021\/02\/H77203F.jpg","datePublished":"2021-02-25T10:08:07+00:00","dateModified":"2026-02-16T15:19:08+00:00","description":"Zamp RZ 59 Matte Black kombinerar den senaste Snell-homologationstekniken med kvalitetsdesign f\u00f6r att erbjuda den mest prisv\u00e4rda racinghj\u00e4lmen!","breadcrumb":{"@id":"https:\/\/zamphelmets.co\/sv\/produkt\/rz-59-matt-svart\/#breadcrumb"},"inLanguage":"sv-SE","potentialAction":[{"@type":"ReadAction","target":["https:\/\/zamphelmets.co\/sv\/produkt\/rz-59-matt-svart\/"]}]},{"@type":"ImageObject","inLanguage":"sv-SE","@id":"https:\/\/zamphelmets.co\/sv\/produkt\/rz-59-matt-svart\/#primaryimage","url":"https:\/\/zamphelmets.co\/wp-content\/uploads\/2021\/02\/H77203F.jpg","contentUrl":"https:\/\/zamphelmets.co\/wp-content\/uploads\/2021\/02\/H77203F.jpg","width":1500,"height":1500,"caption":"RZ 59 Matte Black Racinghj\u00e4lm fr\u00e5n Zamp Helmets"},{"@type":"BreadcrumbList","@id":"https:\/\/zamphelmets.co\/sv\/produkt\/rz-59-matt-svart\/#breadcrumb","itemListElement":[{"@type":"ListItem","position":1,"name":"Butik","item":"https:\/\/zamphelmets.co\/sv\/butik\/"},{"@type":"ListItem","position":2,"name":"RZ 59 Matt svart"}]},{"@type":"WebSite","@id":"https:\/\/zamphelmets.co\/sv\/#website","url":"https:\/\/zamphelmets.co\/sv\/","name":"Zamp Helmets | Helmet 28 EU","description":"High Quality Motorsport Helmets","potentialAction":[{"@type":"SearchAction","target":{"@type":"EntryPoint","urlTemplate":"https:\/\/zamphelmets.co\/sv\/?s={search_term_string}"},"query-input":{"@type":"PropertyValueSpecification","valueRequired":true,"valueName":"search_term_string"}}],"inLanguage":"sv-SE"}]}},"_links":{"self":[{"href":"https:\/\/zamphelmets.co\/sv\/wp-json\/wp\/v2\/product\/24282","targetHints":{"allow":["GET"]}}],"collection":[{"href":"https:\/\/zamphelmets.co\/sv\/wp-json\/wp\/v2\/product"}],"about":[{"href":"https:\/\/zamphelmets.co\/sv\/wp-json\/wp\/v2\/types\/product"}],"replies":[{"embeddable":true,"href":"https:\/\/zamphelmets.co\/sv\/wp-json\/wp\/v2\/comments?post=24282"}],"wp:featuredmedia":[{"embeddable":true,"href":"https:\/\/zamphelmets.co\/sv\/wp-json\/wp\/v2\/media\/13784"}],"wp:attachment":[{"href":"https:\/\/zamphelmets.co\/sv\/wp-json\/wp\/v2\/media?parent=24282"}],"wp:term":[{"taxonomy":"product_brand","embeddable":true,"href":"https:\/\/zamphelmets.co\/sv\/wp-json\/wp\/v2\/product_brand?post=24282"},{"taxonomy":"product_cat","embeddable":true,"href":"https:\/\/zamphelmets.co\/sv\/wp-json\/wp\/v2\/product_cat?post=24282"},{"taxonomy":"product_tag","embeddable":true,"href":"https:\/\/zamphelmets.co\/sv\/wp-json\/wp\/v2\/product_tag?post=24282"}],"curies":[{"name":"wp","href":"https:\/\/api.w.org\/{rel}","templated":true}]}}