{"id":24236,"date":"2022-02-21T10:44:06","date_gmt":"2022-02-21T10:44:06","guid":{"rendered":"https:\/\/zamphelmets.co\/product\/zamp-large-3-hjalmvaska-svart-gra\/"},"modified":"2026-02-16T15:53:44","modified_gmt":"2026-02-16T15:53:44","slug":"zamp-large-3-hjalmvaska-svart-gra","status":"publish","type":"product","link":"https:\/\/zamphelmets.co\/sv\/produkt\/zamp-large-3-hjalmvaska-svart-gra\/","title":{"rendered":"Zamp Large 3 Hj\u00e4lmv\u00e4ska Svart\/Gr\u00e5"},"content":{"rendered":"<p><small>ZAMP \u00e4r stolta \u00f6ver att kunna presentera v\u00e5ra nya 3 hj\u00e4lmv\u00e4skor! Den h\u00e4r snygga och professionella v\u00e4skan \u00e4r utformad med racerf\u00f6raren i \u00e5tanke och har ett mjukt innerfoder som skyddar dina hj\u00e4lmar. V\u00e5r v\u00e4ska har en rektangul\u00e4r design och g\u00f6r att du \u00e4ven kan b\u00e4ra dina favorittillbeh\u00f6r fr\u00e5n Zamp i v\u00e4skan. V\u00e5ra hj\u00e4lmv\u00e4skor har ocks\u00e5 en stor front\u00f6ppning f\u00f6r att g\u00f6ra det bekv\u00e4mt och enkelt att ta av hj\u00e4lmen<\/small><\/p>\n<p>Funktioner inkluderar:<\/p>\n<ul>\n<li>Attraktiv svart design<\/li>\n<li>Mysig interi\u00f6r<\/li>\n<li>Stor \u00f6ppning med dubbla blixtl\u00e5s f\u00f6r enkel \u00e5tkomst<\/li>\n<li>Passar 3 hj\u00e4lmar<\/li>\n<li>Dubbla handtag, l\u00e4tt att b\u00e4ra<\/li>\n<li>Passar alla Zamp-hj\u00e4lmar<\/li>\n<\/ul>\n","protected":false},"excerpt":{"rendered":"<p>ZAMP \u00e4r stolta \u00f6ver att kunna presentera v\u00e5ra nya 3 hj\u00e4lmv\u00e4skor! Den h\u00e4r snygga och professionella v\u00e4skan \u00e4r utformad med racerf\u00f6raren i \u00e5tanke och har ett mjukt innerfoder som skyddar dina hj\u00e4lmar. V\u00e5r v\u00e4ska har en rektangul\u00e4r design och g\u00f6r att du \u00e4ven kan b\u00e4ra dina favorittillbeh\u00f6r fr\u00e5n Zamp i v\u00e4skan. V\u00e5ra hj\u00e4lmv\u00e4skor har ocks\u00e5 [&hellip;]<\/p>\n","protected":false},"featured_media":13812,"comment_status":"open","ping_status":"closed","template":"","meta":{"_acf_changed":false,"_iconic_wsb_product_page_order_bump_ids":[],"_sku":["HB003003"],"_iconic_wsb_product_page_bump_modal_ids":[]},"product_brand":[],"product_cat":[218,153,152],"product_tag":[],"class_list":{"0":"post-24236","1":"product","2":"type-product","3":"status-publish","4":"has-post-thumbnail","6":"product_cat-ovriga","7":"product_cat-tillbehor","8":"product_cat-zamp-sv","10":"first","11":"instock","12":"taxable","13":"shipping-taxable","14":"purchasable","15":"product-type-simple"},"acf":[],"yoast_head":"<!-- This site is optimized with the Yoast SEO plugin v27.0 - https:\/\/yoast.com\/product\/yoast-seo-wordpress\/ -->\n<title>Zamp 3 Hj\u00e4lmv\u00e4ska Stor i Svart - Zamp Helmets | Helmet 28 EU<\/title>\n<meta name=\"description\" content=\"Den professionella och eleganta Zamp 3 hj\u00e4lmv\u00e4skan \u00e4r skr\u00e4ddarsydd f\u00f6r den \u00e4kta racing- och kartingf\u00f6raren. Tillg\u00e4nglig f\u00f6r endast \u20ac89\" \/>\n<meta name=\"robots\" content=\"index, follow, max-snippet:-1, max-image-preview:large, max-video-preview:-1\" \/>\n<link rel=\"canonical\" href=\"https:\/\/zamphelmets.co\/sv\/produkt\/zamp-large-3-hjalmvaska-svart-gra\/\" \/>\n<meta property=\"og:locale\" content=\"sv_SE\" \/>\n<meta property=\"og:type\" content=\"article\" \/>\n<meta property=\"og:title\" content=\"Zamp 3 Hj\u00e4lmv\u00e4ska Stor i Svart - Zamp Helmets | Helmet 28 EU\" \/>\n<meta property=\"og:description\" content=\"Den professionella och eleganta Zamp 3 hj\u00e4lmv\u00e4skan \u00e4r skr\u00e4ddarsydd f\u00f6r den \u00e4kta racing- och kartingf\u00f6raren. Tillg\u00e4nglig f\u00f6r endast \u20ac89\" \/>\n<meta property=\"og:url\" content=\"https:\/\/zamphelmets.co\/sv\/produkt\/zamp-large-3-hjalmvaska-svart-gra\/\" \/>\n<meta property=\"og:site_name\" content=\"Zamp Helmets | Helmet 28 EU\" \/>\n<meta property=\"article:modified_time\" content=\"2026-02-16T15:53:44+00:00\" \/>\n<meta property=\"og:image\" content=\"https:\/\/zamphelmets.co\/wp-content\/uploads\/2021\/02\/HB003003d.jpg\" \/>\n\t<meta property=\"og:image:width\" content=\"1000\" \/>\n\t<meta property=\"og:image:height\" content=\"1000\" \/>\n\t<meta property=\"og:image:type\" content=\"image\/jpeg\" \/>\n<meta name=\"twitter:card\" content=\"summary_large_image\" \/>\n<meta name=\"twitter:label1\" content=\"Est. reading time\" \/>\n\t<meta name=\"twitter:data1\" content=\"1 minut\" \/>\n<script type=\"application\/ld+json\" class=\"yoast-schema-graph\">{\"@context\":\"https:\/\/schema.org\",\"@graph\":[{\"@type\":\"WebPage\",\"@id\":\"https:\/\/zamphelmets.co\/sv\/produkt\/zamp-large-3-hjalmvaska-svart-gra\/\",\"url\":\"https:\/\/zamphelmets.co\/sv\/produkt\/zamp-large-3-hjalmvaska-svart-gra\/\",\"name\":\"Zamp 3 Hj\u00e4lmv\u00e4ska Stor i Svart - Zamp Helmets | Helmet 28 EU\",\"isPartOf\":{\"@id\":\"https:\/\/zamphelmets.co\/sv\/#website\"},\"primaryImageOfPage\":{\"@id\":\"https:\/\/zamphelmets.co\/sv\/produkt\/zamp-large-3-hjalmvaska-svart-gra\/#primaryimage\"},\"image\":{\"@id\":\"https:\/\/zamphelmets.co\/sv\/produkt\/zamp-large-3-hjalmvaska-svart-gra\/#primaryimage\"},\"thumbnailUrl\":\"https:\/\/zamphelmets.co\/wp-content\/uploads\/2021\/02\/HB003003d.jpg\",\"datePublished\":\"2022-02-21T10:44:06+00:00\",\"dateModified\":\"2026-02-16T15:53:44+00:00\",\"description\":\"Den professionella och eleganta Zamp 3 hj\u00e4lmv\u00e4skan \u00e4r skr\u00e4ddarsydd f\u00f6r den \u00e4kta racing- och kartingf\u00f6raren. Tillg\u00e4nglig f\u00f6r endast \u20ac89\",\"breadcrumb\":{\"@id\":\"https:\/\/zamphelmets.co\/sv\/produkt\/zamp-large-3-hjalmvaska-svart-gra\/#breadcrumb\"},\"inLanguage\":\"sv-SE\",\"potentialAction\":[{\"@type\":\"ReadAction\",\"target\":[\"https:\/\/zamphelmets.co\/sv\/produkt\/zamp-large-3-hjalmvaska-svart-gra\/\"]}]},{\"@type\":\"ImageObject\",\"inLanguage\":\"sv-SE\",\"@id\":\"https:\/\/zamphelmets.co\/sv\/produkt\/zamp-large-3-hjalmvaska-svart-gra\/#primaryimage\",\"url\":\"https:\/\/zamphelmets.co\/wp-content\/uploads\/2021\/02\/HB003003d.jpg\",\"contentUrl\":\"https:\/\/zamphelmets.co\/wp-content\/uploads\/2021\/02\/HB003003d.jpg\",\"width\":1000,\"height\":1000,\"caption\":\"Zamp 3 hj\u00e4lmv\u00e4ska i svart\"},{\"@type\":\"BreadcrumbList\",\"@id\":\"https:\/\/zamphelmets.co\/sv\/produkt\/zamp-large-3-hjalmvaska-svart-gra\/#breadcrumb\",\"itemListElement\":[{\"@type\":\"ListItem\",\"position\":1,\"name\":\"Butik\",\"item\":\"https:\/\/zamphelmets.co\/sv\/butik\/\"},{\"@type\":\"ListItem\",\"position\":2,\"name\":\"Zamp Large 3 Hj\u00e4lmv\u00e4ska Svart\/Gr\u00e5\"}]},{\"@type\":\"WebSite\",\"@id\":\"https:\/\/zamphelmets.co\/sv\/#website\",\"url\":\"https:\/\/zamphelmets.co\/sv\/\",\"name\":\"Zamp Helmets | Helmet 28 EU\",\"description\":\"High Quality Motorsport Helmets\",\"potentialAction\":[{\"@type\":\"SearchAction\",\"target\":{\"@type\":\"EntryPoint\",\"urlTemplate\":\"https:\/\/zamphelmets.co\/sv\/?s={search_term_string}\"},\"query-input\":{\"@type\":\"PropertyValueSpecification\",\"valueRequired\":true,\"valueName\":\"search_term_string\"}}],\"inLanguage\":\"sv-SE\"}]}<\/script>\n<!-- \/ Yoast SEO plugin. -->","yoast_head_json":{"title":"Zamp 3 Hj\u00e4lmv\u00e4ska Stor i Svart - Zamp Helmets | Helmet 28 EU","description":"Den professionella och eleganta Zamp 3 hj\u00e4lmv\u00e4skan \u00e4r skr\u00e4ddarsydd f\u00f6r den \u00e4kta racing- och kartingf\u00f6raren. Tillg\u00e4nglig f\u00f6r endast \u20ac89","robots":{"index":"index","follow":"follow","max-snippet":"max-snippet:-1","max-image-preview":"max-image-preview:large","max-video-preview":"max-video-preview:-1"},"canonical":"https:\/\/zamphelmets.co\/sv\/produkt\/zamp-large-3-hjalmvaska-svart-gra\/","og_locale":"sv_SE","og_type":"article","og_title":"Zamp 3 Hj\u00e4lmv\u00e4ska Stor i Svart - Zamp Helmets | Helmet 28 EU","og_description":"Den professionella och eleganta Zamp 3 hj\u00e4lmv\u00e4skan \u00e4r skr\u00e4ddarsydd f\u00f6r den \u00e4kta racing- och kartingf\u00f6raren. Tillg\u00e4nglig f\u00f6r endast \u20ac89","og_url":"https:\/\/zamphelmets.co\/sv\/produkt\/zamp-large-3-hjalmvaska-svart-gra\/","og_site_name":"Zamp Helmets | Helmet 28 EU","article_modified_time":"2026-02-16T15:53:44+00:00","og_image":[{"width":1000,"height":1000,"url":"https:\/\/zamphelmets.co\/wp-content\/uploads\/2021\/02\/HB003003d.jpg","type":"image\/jpeg"}],"twitter_card":"summary_large_image","twitter_misc":{"Est. reading time":"1 minut"},"schema":{"@context":"https:\/\/schema.org","@graph":[{"@type":"WebPage","@id":"https:\/\/zamphelmets.co\/sv\/produkt\/zamp-large-3-hjalmvaska-svart-gra\/","url":"https:\/\/zamphelmets.co\/sv\/produkt\/zamp-large-3-hjalmvaska-svart-gra\/","name":"Zamp 3 Hj\u00e4lmv\u00e4ska Stor i Svart - Zamp Helmets | Helmet 28 EU","isPartOf":{"@id":"https:\/\/zamphelmets.co\/sv\/#website"},"primaryImageOfPage":{"@id":"https:\/\/zamphelmets.co\/sv\/produkt\/zamp-large-3-hjalmvaska-svart-gra\/#primaryimage"},"image":{"@id":"https:\/\/zamphelmets.co\/sv\/produkt\/zamp-large-3-hjalmvaska-svart-gra\/#primaryimage"},"thumbnailUrl":"https:\/\/zamphelmets.co\/wp-content\/uploads\/2021\/02\/HB003003d.jpg","datePublished":"2022-02-21T10:44:06+00:00","dateModified":"2026-02-16T15:53:44+00:00","description":"Den professionella och eleganta Zamp 3 hj\u00e4lmv\u00e4skan \u00e4r skr\u00e4ddarsydd f\u00f6r den \u00e4kta racing- och kartingf\u00f6raren. Tillg\u00e4nglig f\u00f6r endast \u20ac89","breadcrumb":{"@id":"https:\/\/zamphelmets.co\/sv\/produkt\/zamp-large-3-hjalmvaska-svart-gra\/#breadcrumb"},"inLanguage":"sv-SE","potentialAction":[{"@type":"ReadAction","target":["https:\/\/zamphelmets.co\/sv\/produkt\/zamp-large-3-hjalmvaska-svart-gra\/"]}]},{"@type":"ImageObject","inLanguage":"sv-SE","@id":"https:\/\/zamphelmets.co\/sv\/produkt\/zamp-large-3-hjalmvaska-svart-gra\/#primaryimage","url":"https:\/\/zamphelmets.co\/wp-content\/uploads\/2021\/02\/HB003003d.jpg","contentUrl":"https:\/\/zamphelmets.co\/wp-content\/uploads\/2021\/02\/HB003003d.jpg","width":1000,"height":1000,"caption":"Zamp 3 hj\u00e4lmv\u00e4ska i svart"},{"@type":"BreadcrumbList","@id":"https:\/\/zamphelmets.co\/sv\/produkt\/zamp-large-3-hjalmvaska-svart-gra\/#breadcrumb","itemListElement":[{"@type":"ListItem","position":1,"name":"Butik","item":"https:\/\/zamphelmets.co\/sv\/butik\/"},{"@type":"ListItem","position":2,"name":"Zamp Large 3 Hj\u00e4lmv\u00e4ska Svart\/Gr\u00e5"}]},{"@type":"WebSite","@id":"https:\/\/zamphelmets.co\/sv\/#website","url":"https:\/\/zamphelmets.co\/sv\/","name":"Zamp Helmets | Helmet 28 EU","description":"High Quality Motorsport Helmets","potentialAction":[{"@type":"SearchAction","target":{"@type":"EntryPoint","urlTemplate":"https:\/\/zamphelmets.co\/sv\/?s={search_term_string}"},"query-input":{"@type":"PropertyValueSpecification","valueRequired":true,"valueName":"search_term_string"}}],"inLanguage":"sv-SE"}]}},"_links":{"self":[{"href":"https:\/\/zamphelmets.co\/sv\/wp-json\/wp\/v2\/product\/24236","targetHints":{"allow":["GET"]}}],"collection":[{"href":"https:\/\/zamphelmets.co\/sv\/wp-json\/wp\/v2\/product"}],"about":[{"href":"https:\/\/zamphelmets.co\/sv\/wp-json\/wp\/v2\/types\/product"}],"replies":[{"embeddable":true,"href":"https:\/\/zamphelmets.co\/sv\/wp-json\/wp\/v2\/comments?post=24236"}],"wp:featuredmedia":[{"embeddable":true,"href":"https:\/\/zamphelmets.co\/sv\/wp-json\/wp\/v2\/media\/13812"}],"wp:attachment":[{"href":"https:\/\/zamphelmets.co\/sv\/wp-json\/wp\/v2\/media?parent=24236"}],"wp:term":[{"taxonomy":"product_brand","embeddable":true,"href":"https:\/\/zamphelmets.co\/sv\/wp-json\/wp\/v2\/product_brand?post=24236"},{"taxonomy":"product_cat","embeddable":true,"href":"https:\/\/zamphelmets.co\/sv\/wp-json\/wp\/v2\/product_cat?post=24236"},{"taxonomy":"product_tag","embeddable":true,"href":"https:\/\/zamphelmets.co\/sv\/wp-json\/wp\/v2\/product_tag?post=24236"}],"curies":[{"name":"wp","href":"https:\/\/api.w.org\/{rel}","templated":true}]}}