{"id":24181,"date":"2022-02-16T10:58:03","date_gmt":"2022-02-16T10:58:03","guid":{"rendered":"https:\/\/zamphelmets.co\/product\/zamp-oronmussla-med-hogtalare\/"},"modified":"2026-02-16T16:00:01","modified_gmt":"2026-02-16T16:00:01","slug":"zamp-oronmussla-med-hogtalare","status":"publish","type":"product","link":"https:\/\/zamphelmets.co\/sv\/produkt\/zamp-oronmussla-med-hogtalare\/","title":{"rendered":"Zamp \u00f6ronmussla med h\u00f6gtalare"},"content":{"rendered":"<p><small>Zamps \u00f6ronk\u00e5por med h\u00f6gtalare g\u00f6r att du kan k\u00f6ra env\u00e4gs- eller tv\u00e5v\u00e4gskommunikation i din favorithj\u00e4lm. Dessa \u00f6ronk\u00e5por med h\u00f6gtalare \u00e4r enkla att installera och s\u00e4tta upp och f\u00e4sts inuti hj\u00e4lmen f\u00f6r enkel installation och anv\u00e4ndning.<\/small><\/p>\n<ul>\n<li>H\u00f6gtalare av h\u00f6g kvalitet 28 mm diameter<\/li>\n<li>3,5 mm stereoplugg fungerar f\u00f6r env\u00e4gsmottagare eller tv\u00e5v\u00e4gskommunikationssystem<\/li>\n<li>Kardborreh\u00e5l i \u00f6ronk\u00e5porna f\u00f6r enkel montering i hj\u00e4lmen<\/li>\n<li>Litet fotavtryck g\u00f6r att de kan monteras inuti \u00f6ronk\u00e5porna<\/li>\n<\/ul>\n<p><small>V\u00e5ra h\u00f6gtalare \u00e4r utformade f\u00f6r att anv\u00e4nda minimalt med kablage och f\u00f6r att g\u00f6ra en ren och enkel installation. 10 tum kabel fr\u00e5n h\u00f6gtalare till h\u00f6gtalare<\/small><\/p>\n<p>Kompatibel med: <strong>RZ 44CE \/ RZ 70E \/ RL 70E \/ RZ 65D \/ RZ 62<\/strong><\/p>\n<p><iframe title=\"YouTube-videospelare\" data-src=\"https:\/\/www.youtube.com\/embed\/cknXzIY0meI\" width=\"560\" height=\"315\" frameborder=\"0\" allowfullscreen=\"allowfullscreen\" src=\"data:image\/svg+xml;base64,PHN2ZyB3aWR0aD0iMSIgaGVpZ2h0PSIxIiB4bWxucz0iaHR0cDovL3d3dy53My5vcmcvMjAwMC9zdmciPjwvc3ZnPg==\" class=\"lazyload\" data-load-mode=\"1\"><\/iframe><\/p>\n","protected":false},"excerpt":{"rendered":"<p>Zamps \u00f6ronk\u00e5por med h\u00f6gtalare g\u00f6r att du kan k\u00f6ra env\u00e4gs- eller tv\u00e5v\u00e4gskommunikation i din favorithj\u00e4lm. Dessa \u00f6ronk\u00e5por med h\u00f6gtalare \u00e4r enkla att installera och s\u00e4tta upp och f\u00e4sts inuti hj\u00e4lmen f\u00f6r enkel installation och anv\u00e4ndning. H\u00f6gtalare av h\u00f6g kvalitet 28 mm diameter 3,5 mm stereoplugg fungerar f\u00f6r env\u00e4gsmottagare eller tv\u00e5v\u00e4gskommunikationssystem Kardborreh\u00e5l i \u00f6ronk\u00e5porna f\u00f6r enkel [&hellip;]<\/p>\n","protected":false},"featured_media":13819,"comment_status":"open","ping_status":"closed","template":"","meta":{"_acf_changed":false,"_iconic_wsb_product_page_order_bump_ids":[],"_sku":["KITEAR003COM"],"_iconic_wsb_product_page_bump_modal_ids":[]},"product_brand":[],"product_cat":[154,218,153,152],"product_tag":[],"class_list":{"0":"post-24181","1":"product","2":"type-product","3":"status-publish","4":"has-post-thumbnail","6":"product_cat-hjalmtillbehor","7":"product_cat-ovriga","8":"product_cat-tillbehor","9":"product_cat-zamp-sv","11":"first","12":"instock","13":"taxable","14":"shipping-taxable","15":"purchasable","16":"product-type-simple"},"acf":[],"yoast_head":"<!-- This site is optimized with the Yoast SEO plugin v27.0 - https:\/\/yoast.com\/product\/yoast-seo-wordpress\/ -->\n<title>Zamp \u00f6ronmussla med h\u00f6gtalare Enkel installation - Zamp Helmets | Helmet 28 EU<\/title>\n<meta name=\"description\" content=\"Zamp Ear Cups med h\u00f6gtalare g\u00f6r det enkelt och smidigt att installera 1- eller 2-v\u00e4gskommunikation i din favorithj\u00e4lm fr\u00e5n Zamp.\" \/>\n<meta name=\"robots\" content=\"index, follow, max-snippet:-1, max-image-preview:large, max-video-preview:-1\" \/>\n<link rel=\"canonical\" href=\"https:\/\/zamphelmets.co\/sv\/produkt\/zamp-oronmussla-med-hogtalare\/\" \/>\n<meta property=\"og:locale\" content=\"sv_SE\" \/>\n<meta property=\"og:type\" content=\"article\" \/>\n<meta property=\"og:title\" content=\"Zamp \u00f6ronmussla med h\u00f6gtalare Enkel installation - Zamp Helmets | Helmet 28 EU\" \/>\n<meta property=\"og:description\" content=\"Zamp Ear Cups med h\u00f6gtalare g\u00f6r det enkelt och smidigt att installera 1- eller 2-v\u00e4gskommunikation i din favorithj\u00e4lm fr\u00e5n Zamp.\" \/>\n<meta property=\"og:url\" content=\"https:\/\/zamphelmets.co\/sv\/produkt\/zamp-oronmussla-med-hogtalare\/\" \/>\n<meta property=\"og:site_name\" content=\"Zamp Helmets | Helmet 28 EU\" \/>\n<meta property=\"article:modified_time\" content=\"2026-02-16T16:00:01+00:00\" \/>\n<meta property=\"og:image\" content=\"https:\/\/zamphelmets.co\/wp-content\/uploads\/2021\/02\/KITEAR003COM.jpg\" \/>\n\t<meta property=\"og:image:width\" content=\"1000\" \/>\n\t<meta property=\"og:image:height\" content=\"1000\" \/>\n\t<meta property=\"og:image:type\" content=\"image\/jpeg\" \/>\n<meta name=\"twitter:card\" content=\"summary_large_image\" \/>\n<meta name=\"twitter:label1\" content=\"Est. reading time\" \/>\n\t<meta name=\"twitter:data1\" content=\"1 minut\" \/>\n<script type=\"application\/ld+json\" class=\"yoast-schema-graph\">{\"@context\":\"https:\/\/schema.org\",\"@graph\":[{\"@type\":\"WebPage\",\"@id\":\"https:\/\/zamphelmets.co\/sv\/produkt\/zamp-oronmussla-med-hogtalare\/\",\"url\":\"https:\/\/zamphelmets.co\/sv\/produkt\/zamp-oronmussla-med-hogtalare\/\",\"name\":\"Zamp \u00f6ronmussla med h\u00f6gtalare Enkel installation - Zamp Helmets | Helmet 28 EU\",\"isPartOf\":{\"@id\":\"https:\/\/zamphelmets.co\/sv\/#website\"},\"primaryImageOfPage\":{\"@id\":\"https:\/\/zamphelmets.co\/sv\/produkt\/zamp-oronmussla-med-hogtalare\/#primaryimage\"},\"image\":{\"@id\":\"https:\/\/zamphelmets.co\/sv\/produkt\/zamp-oronmussla-med-hogtalare\/#primaryimage\"},\"thumbnailUrl\":\"https:\/\/zamphelmets.co\/wp-content\/uploads\/2021\/02\/KITEAR003COM.jpg\",\"datePublished\":\"2022-02-16T10:58:03+00:00\",\"dateModified\":\"2026-02-16T16:00:01+00:00\",\"description\":\"Zamp Ear Cups med h\u00f6gtalare g\u00f6r det enkelt och smidigt att installera 1- eller 2-v\u00e4gskommunikation i din favorithj\u00e4lm fr\u00e5n Zamp.\",\"breadcrumb\":{\"@id\":\"https:\/\/zamphelmets.co\/sv\/produkt\/zamp-oronmussla-med-hogtalare\/#breadcrumb\"},\"inLanguage\":\"sv-SE\",\"potentialAction\":[{\"@type\":\"ReadAction\",\"target\":[\"https:\/\/zamphelmets.co\/sv\/produkt\/zamp-oronmussla-med-hogtalare\/\"]}]},{\"@type\":\"ImageObject\",\"inLanguage\":\"sv-SE\",\"@id\":\"https:\/\/zamphelmets.co\/sv\/produkt\/zamp-oronmussla-med-hogtalare\/#primaryimage\",\"url\":\"https:\/\/zamphelmets.co\/wp-content\/uploads\/2021\/02\/KITEAR003COM.jpg\",\"contentUrl\":\"https:\/\/zamphelmets.co\/wp-content\/uploads\/2021\/02\/KITEAR003COM.jpg\",\"width\":1000,\"height\":1000,\"caption\":\"Zamp Helmets \u00f6ronk\u00e5por med h\u00f6gtalare\"},{\"@type\":\"BreadcrumbList\",\"@id\":\"https:\/\/zamphelmets.co\/sv\/produkt\/zamp-oronmussla-med-hogtalare\/#breadcrumb\",\"itemListElement\":[{\"@type\":\"ListItem\",\"position\":1,\"name\":\"Butik\",\"item\":\"https:\/\/zamphelmets.co\/sv\/butik\/\"},{\"@type\":\"ListItem\",\"position\":2,\"name\":\"Zamp \u00f6ronmussla med h\u00f6gtalare\"}]},{\"@type\":\"WebSite\",\"@id\":\"https:\/\/zamphelmets.co\/sv\/#website\",\"url\":\"https:\/\/zamphelmets.co\/sv\/\",\"name\":\"Zamp Helmets | Helmet 28 EU\",\"description\":\"High Quality Motorsport Helmets\",\"potentialAction\":[{\"@type\":\"SearchAction\",\"target\":{\"@type\":\"EntryPoint\",\"urlTemplate\":\"https:\/\/zamphelmets.co\/sv\/?s={search_term_string}\"},\"query-input\":{\"@type\":\"PropertyValueSpecification\",\"valueRequired\":true,\"valueName\":\"search_term_string\"}}],\"inLanguage\":\"sv-SE\"}]}<\/script>\n<!-- \/ Yoast SEO plugin. -->","yoast_head_json":{"title":"Zamp \u00f6ronmussla med h\u00f6gtalare Enkel installation - Zamp Helmets | Helmet 28 EU","description":"Zamp Ear Cups med h\u00f6gtalare g\u00f6r det enkelt och smidigt att installera 1- eller 2-v\u00e4gskommunikation i din favorithj\u00e4lm fr\u00e5n Zamp.","robots":{"index":"index","follow":"follow","max-snippet":"max-snippet:-1","max-image-preview":"max-image-preview:large","max-video-preview":"max-video-preview:-1"},"canonical":"https:\/\/zamphelmets.co\/sv\/produkt\/zamp-oronmussla-med-hogtalare\/","og_locale":"sv_SE","og_type":"article","og_title":"Zamp \u00f6ronmussla med h\u00f6gtalare Enkel installation - Zamp Helmets | Helmet 28 EU","og_description":"Zamp Ear Cups med h\u00f6gtalare g\u00f6r det enkelt och smidigt att installera 1- eller 2-v\u00e4gskommunikation i din favorithj\u00e4lm fr\u00e5n Zamp.","og_url":"https:\/\/zamphelmets.co\/sv\/produkt\/zamp-oronmussla-med-hogtalare\/","og_site_name":"Zamp Helmets | Helmet 28 EU","article_modified_time":"2026-02-16T16:00:01+00:00","og_image":[{"width":1000,"height":1000,"url":"https:\/\/zamphelmets.co\/wp-content\/uploads\/2021\/02\/KITEAR003COM.jpg","type":"image\/jpeg"}],"twitter_card":"summary_large_image","twitter_misc":{"Est. reading time":"1 minut"},"schema":{"@context":"https:\/\/schema.org","@graph":[{"@type":"WebPage","@id":"https:\/\/zamphelmets.co\/sv\/produkt\/zamp-oronmussla-med-hogtalare\/","url":"https:\/\/zamphelmets.co\/sv\/produkt\/zamp-oronmussla-med-hogtalare\/","name":"Zamp \u00f6ronmussla med h\u00f6gtalare Enkel installation - Zamp Helmets | Helmet 28 EU","isPartOf":{"@id":"https:\/\/zamphelmets.co\/sv\/#website"},"primaryImageOfPage":{"@id":"https:\/\/zamphelmets.co\/sv\/produkt\/zamp-oronmussla-med-hogtalare\/#primaryimage"},"image":{"@id":"https:\/\/zamphelmets.co\/sv\/produkt\/zamp-oronmussla-med-hogtalare\/#primaryimage"},"thumbnailUrl":"https:\/\/zamphelmets.co\/wp-content\/uploads\/2021\/02\/KITEAR003COM.jpg","datePublished":"2022-02-16T10:58:03+00:00","dateModified":"2026-02-16T16:00:01+00:00","description":"Zamp Ear Cups med h\u00f6gtalare g\u00f6r det enkelt och smidigt att installera 1- eller 2-v\u00e4gskommunikation i din favorithj\u00e4lm fr\u00e5n Zamp.","breadcrumb":{"@id":"https:\/\/zamphelmets.co\/sv\/produkt\/zamp-oronmussla-med-hogtalare\/#breadcrumb"},"inLanguage":"sv-SE","potentialAction":[{"@type":"ReadAction","target":["https:\/\/zamphelmets.co\/sv\/produkt\/zamp-oronmussla-med-hogtalare\/"]}]},{"@type":"ImageObject","inLanguage":"sv-SE","@id":"https:\/\/zamphelmets.co\/sv\/produkt\/zamp-oronmussla-med-hogtalare\/#primaryimage","url":"https:\/\/zamphelmets.co\/wp-content\/uploads\/2021\/02\/KITEAR003COM.jpg","contentUrl":"https:\/\/zamphelmets.co\/wp-content\/uploads\/2021\/02\/KITEAR003COM.jpg","width":1000,"height":1000,"caption":"Zamp Helmets \u00f6ronk\u00e5por med h\u00f6gtalare"},{"@type":"BreadcrumbList","@id":"https:\/\/zamphelmets.co\/sv\/produkt\/zamp-oronmussla-med-hogtalare\/#breadcrumb","itemListElement":[{"@type":"ListItem","position":1,"name":"Butik","item":"https:\/\/zamphelmets.co\/sv\/butik\/"},{"@type":"ListItem","position":2,"name":"Zamp \u00f6ronmussla med h\u00f6gtalare"}]},{"@type":"WebSite","@id":"https:\/\/zamphelmets.co\/sv\/#website","url":"https:\/\/zamphelmets.co\/sv\/","name":"Zamp Helmets | Helmet 28 EU","description":"High Quality Motorsport Helmets","potentialAction":[{"@type":"SearchAction","target":{"@type":"EntryPoint","urlTemplate":"https:\/\/zamphelmets.co\/sv\/?s={search_term_string}"},"query-input":{"@type":"PropertyValueSpecification","valueRequired":true,"valueName":"search_term_string"}}],"inLanguage":"sv-SE"}]}},"_links":{"self":[{"href":"https:\/\/zamphelmets.co\/sv\/wp-json\/wp\/v2\/product\/24181","targetHints":{"allow":["GET"]}}],"collection":[{"href":"https:\/\/zamphelmets.co\/sv\/wp-json\/wp\/v2\/product"}],"about":[{"href":"https:\/\/zamphelmets.co\/sv\/wp-json\/wp\/v2\/types\/product"}],"replies":[{"embeddable":true,"href":"https:\/\/zamphelmets.co\/sv\/wp-json\/wp\/v2\/comments?post=24181"}],"wp:featuredmedia":[{"embeddable":true,"href":"https:\/\/zamphelmets.co\/sv\/wp-json\/wp\/v2\/media\/13819"}],"wp:attachment":[{"href":"https:\/\/zamphelmets.co\/sv\/wp-json\/wp\/v2\/media?parent=24181"}],"wp:term":[{"taxonomy":"product_brand","embeddable":true,"href":"https:\/\/zamphelmets.co\/sv\/wp-json\/wp\/v2\/product_brand?post=24181"},{"taxonomy":"product_cat","embeddable":true,"href":"https:\/\/zamphelmets.co\/sv\/wp-json\/wp\/v2\/product_cat?post=24181"},{"taxonomy":"product_tag","embeddable":true,"href":"https:\/\/zamphelmets.co\/sv\/wp-json\/wp\/v2\/product_tag?post=24181"}],"curies":[{"name":"wp","href":"https:\/\/api.w.org\/{rel}","templated":true}]}}