{"id":23969,"date":"2020-01-30T12:50:44","date_gmt":"2020-01-30T12:50:44","guid":{"rendered":"https:\/\/zamphelmets.co\/product\/rz-70e-strombrytare-bla-ljusbla\/"},"modified":"2026-03-03T13:15:35","modified_gmt":"2026-03-03T13:15:35","slug":"rz-70e-strombrytare-bla-ljusbla","status":"publish","type":"product","link":"https:\/\/zamphelmets.co\/sv\/produkt\/rz-70e-strombrytare-bla-ljusbla\/","title":{"rendered":"RZ 70E-str\u00f6mbrytare bl\u00e5 \/ ljusbl\u00e5"},"content":{"rendered":"<p>Vi presenterar v\u00e5r revolutionerande hj\u00e4lm <strong>RZ-70E SWITCH <\/strong>. V\u00e5rt unika system g\u00f6r att du enkelt kan konfigurera din hj\u00e4lm f\u00f6r en m\u00e4ngd olika racingupps\u00e4ttningar.  <strong>Det har aldrig varit s\u00e5 enkelt att l\u00e4gga till kommunikation eller v\u00e4tskeers\u00e4ttning till din hj\u00e4lm!  <\/strong><\/p>\n<p>&nbsp;<\/p>\n<p>Den h\u00e4r hj\u00e4lmen har det nya DDAIR-SYSTEMET, ett nytt avlastningssystem med luftintegration och dubbel densitet. Fullst\u00e4ndig 360-graders luftkanalisering ger ultimat luftfl\u00f6de. Kall luft kommer in i hj\u00e4lmen och varm luft l\u00e4mnar hj\u00e4lmen.<\/p>\n<ul>\n<li>L\u00e4ttviktsskal av <strong>kompositmaterial med aramidblandning<\/strong> <\/li>\n<li><strong>Z-Design<\/strong> in Shell l\u00e5ter luften cirkulera genom hela skalet med hj\u00e4lp av stora inv\u00e4ndiga kanaler<\/li>\n<li><strong>Kanaler i EPS f\u00f6r hakbygel <\/strong>m\u00f6jligg\u00f6r enkel montering av kommunikationsutrustning\/mikrofon, dricksr\u00f6r.<\/li>\n<li><strong>ZF-20-serien<\/strong> 3 mm klar sk\u00e4rm med avrivningsstolpar som anv\u00e4nder 12,125 tums bananformade avrivningar<\/li>\n<li><strong>M6-insatser <\/strong>f\u00f6r huvud- och nackst\u00f6d<\/li>\n<li><strong>Installation tillg\u00e4nglig f\u00f6r kommunikation och v\u00e4tskef\u00f6rs\u00f6rjning<\/strong><\/li>\n<li><strong>FIA 8859-2015\/Snell SA-2020 Godk\u00e4nd<\/strong><\/li>\n<li><strong>Vikt: ca 1510 g +\/-30 g i storlek M<\/strong><\/li>\n<\/ul>\n<p>Som vanligt inom motorsport varierar v\u00e5ra storlekar beroende p\u00e5 hj\u00e4lmmodell. Mer information om hur du v\u00e4ljer r\u00e4tt storlek p\u00e5 hj\u00e4lmen finns <a href=\"https:\/\/zamphelmets.co\/sv\/hur-man-valjer-ratt-hjalmstorlek\/\">h\u00e4r<\/a>.<\/p>\n<p><a href=\"https:\/\/zamphelmets.co\/sv\/homologering-forklarad\/\"><strong>Homologering f\u00f6rklarad<\/strong> &#8211; ta reda p\u00e5 vilken homologering du beh\u00f6ver<\/a><\/p>\n<p><a href=\"https:\/\/zamphelmets.co\/sv\/hans-stolpar-hans-och-fhr-utrustning\/\"><strong>FHR \/ HANS-utrustning<\/strong> &#8211; n\u00e4r kr\u00e4vs det?<\/a><\/p>\n<p>&nbsp;<\/p>\n<p><img decoding=\"async\" class=\"alignnone wp-image-26355 size-full lazyload\" data-src=\"https:\/\/zamphelmets.co\/wp-content\/uploads\/2024\/03\/Zamp-Helmets-sizing-guide-4166-x-4166-px-1.png\" alt=\"\" width=\"500\" height=\"500\" data-srcset=\"https:\/\/zamphelmets.co\/wp-content\/uploads\/2024\/03\/Zamp-Helmets-sizing-guide-4166-x-4166-px-1.png 500w, https:\/\/zamphelmets.co\/wp-content\/uploads\/2024\/03\/Zamp-Helmets-sizing-guide-4166-x-4166-px-1-300x300.png 300w, https:\/\/zamphelmets.co\/wp-content\/uploads\/2024\/03\/Zamp-Helmets-sizing-guide-4166-x-4166-px-1-150x150.png 150w, https:\/\/zamphelmets.co\/wp-content\/uploads\/2024\/03\/Zamp-Helmets-sizing-guide-4166-x-4166-px-1-100x100.png 100w\" data-sizes=\"(max-width: 500px) 100vw, 500px\" src=\"data:image\/svg+xml;base64,PHN2ZyB3aWR0aD0iMSIgaGVpZ2h0PSIxIiB4bWxucz0iaHR0cDovL3d3dy53My5vcmcvMjAwMC9zdmciPjwvc3ZnPg==\" style=\"--smush-placeholder-width: 500px; --smush-placeholder-aspect-ratio: 500\/500;\" \/><\/p>\n<div id=\"product-10089\" class=\"product type-product post-10089 status-publish first instock product_cat-fia product_cat-snell-2020-sa2020 product_cat-zamp has-post-thumbnail taxable shipping-taxable purchasable product-type-variable\">\n<div class=\"woocommerce-tabs wc-tabs-wrapper\">\n<div id=\"tab-description\" class=\"woocommerce-Tabs-panel woocommerce-Tabs-panel--description panel entry-content wc-tab\" role=\"tabpanel\" aria-labelledby=\"tab-title-description\">\n<p><strong>Os\u00e4ker p\u00e5 storlek? <\/strong><a href=\"https:\/\/form.jotform.com\/251263198513053\">Fyll i v\u00e5rt storleksformul\u00e4r<\/a> s\u00e5 kommer en av v\u00e5ra medarbetare att kontakta dig med v\u00e5ra rekommendationer.<\/p>\n<\/div>\n<\/div>\n<\/div>\n","protected":false},"excerpt":{"rendered":"<p>Vi presenterar v\u00e5r revolutionerande hj\u00e4lm RZ-70E SWITCH . V\u00e5rt unika system g\u00f6r att du enkelt kan konfigurera din hj\u00e4lm f\u00f6r en m\u00e4ngd olika racingupps\u00e4ttningar. Det har aldrig varit s\u00e5 enkelt att l\u00e4gga till kommunikation eller v\u00e4tskeers\u00e4ttning till din hj\u00e4lm! &nbsp; Den h\u00e4r hj\u00e4lmen har det nya DDAIR-SYSTEMET, ett nytt avlastningssystem med luftintegration och dubbel densitet. [&hellip;]<\/p>\n","protected":false},"featured_media":11264,"comment_status":"open","ping_status":"closed","template":"","meta":{"_acf_changed":false,"_iconic_wsb_product_page_order_bump_ids":[[]],"_sku":[],"_iconic_wsb_product_page_bump_modal_ids":[[]]},"product_brand":[],"product_cat":[253,160,163,162,161,152],"product_tag":[],"class_list":{"0":"post-23969","1":"product","2":"type-product","3":"status-publish","4":"has-post-thumbnail","6":"product_cat-fia-8859-sv","7":"product_cat-zamp-hjalmar","8":"product_cat-premium-sv","9":"product_cat-snell-sv","10":"product_cat-snell-2020-sa2020-sv","11":"product_cat-zamp-sv","13":"first","14":"onbackorder","15":"taxable","16":"shipping-taxable","17":"product-type-variable"},"acf":[],"yoast_head":"<!-- This site is optimized with the Yoast SEO plugin v27.0 - https:\/\/yoast.com\/product\/yoast-seo-wordpress\/ -->\n<title>RZ 70E-str\u00f6mbrytare bl\u00e5 \/ ljusbl\u00e5 \u20ac515, - Zamp Helmets | Helmet 28 EU<\/title>\n<meta name=\"description\" content=\"Zamp RZ 70E Blue\/Light Blue \u00e4r den ultimata allroundhj\u00e4lmen. L\u00e4ttviktshj\u00e4lm FIA 8859 med flera olika inst\u00e4llningar f\u00f6r t\u00e4vlingsdagen.\" \/>\n<meta name=\"robots\" content=\"index, follow, max-snippet:-1, max-image-preview:large, max-video-preview:-1\" \/>\n<link rel=\"canonical\" href=\"https:\/\/zamphelmets.co\/sv\/produkt\/rz-70e-strombrytare-bla-ljusbla\/\" \/>\n<meta property=\"og:locale\" content=\"sv_SE\" \/>\n<meta property=\"og:type\" content=\"article\" \/>\n<meta property=\"og:title\" content=\"RZ 70E-str\u00f6mbrytare bl\u00e5 \/ ljusbl\u00e5 \u20ac515, - Zamp Helmets | Helmet 28 EU\" \/>\n<meta property=\"og:description\" content=\"Zamp RZ 70E Blue\/Light Blue \u00e4r den ultimata allroundhj\u00e4lmen. L\u00e4ttviktshj\u00e4lm FIA 8859 med flera olika inst\u00e4llningar f\u00f6r t\u00e4vlingsdagen.\" \/>\n<meta property=\"og:url\" content=\"https:\/\/zamphelmets.co\/sv\/produkt\/rz-70e-strombrytare-bla-ljusbla\/\" \/>\n<meta property=\"og:site_name\" content=\"Zamp Helmets | Helmet 28 EU\" \/>\n<meta property=\"article:modified_time\" content=\"2026-03-03T13:15:35+00:00\" \/>\n<meta property=\"og:image\" content=\"https:\/\/zamphelmets.co\/wp-content\/uploads\/2020\/01\/H760C31300dpi.jpg\" \/>\n\t<meta property=\"og:image:width\" content=\"1500\" \/>\n\t<meta property=\"og:image:height\" content=\"1500\" \/>\n\t<meta property=\"og:image:type\" content=\"image\/jpeg\" \/>\n<meta name=\"twitter:card\" content=\"summary_large_image\" \/>\n<meta name=\"twitter:label1\" content=\"Est. reading time\" \/>\n\t<meta name=\"twitter:data1\" content=\"1 minut\" \/>\n<script type=\"application\/ld+json\" class=\"yoast-schema-graph\">{\"@context\":\"https:\/\/schema.org\",\"@graph\":[{\"@type\":\"WebPage\",\"@id\":\"https:\/\/zamphelmets.co\/sv\/produkt\/rz-70e-strombrytare-bla-ljusbla\/\",\"url\":\"https:\/\/zamphelmets.co\/sv\/produkt\/rz-70e-strombrytare-bla-ljusbla\/\",\"name\":\"RZ 70E-str\u00f6mbrytare bl\u00e5 \/ ljusbl\u00e5 \u20ac515, - Zamp Helmets | Helmet 28 EU\",\"isPartOf\":{\"@id\":\"https:\/\/zamphelmets.co\/sv\/#website\"},\"primaryImageOfPage\":{\"@id\":\"https:\/\/zamphelmets.co\/sv\/produkt\/rz-70e-strombrytare-bla-ljusbla\/#primaryimage\"},\"image\":{\"@id\":\"https:\/\/zamphelmets.co\/sv\/produkt\/rz-70e-strombrytare-bla-ljusbla\/#primaryimage\"},\"thumbnailUrl\":\"https:\/\/zamphelmets.co\/wp-content\/uploads\/2020\/01\/H760C31300dpi.jpg\",\"datePublished\":\"2020-01-30T12:50:44+00:00\",\"dateModified\":\"2026-03-03T13:15:35+00:00\",\"description\":\"Zamp RZ 70E Blue\/Light Blue \u00e4r den ultimata allroundhj\u00e4lmen. L\u00e4ttviktshj\u00e4lm FIA 8859 med flera olika inst\u00e4llningar f\u00f6r t\u00e4vlingsdagen.\",\"breadcrumb\":{\"@id\":\"https:\/\/zamphelmets.co\/sv\/produkt\/rz-70e-strombrytare-bla-ljusbla\/#breadcrumb\"},\"inLanguage\":\"sv-SE\",\"potentialAction\":[{\"@type\":\"ReadAction\",\"target\":[\"https:\/\/zamphelmets.co\/sv\/produkt\/rz-70e-strombrytare-bla-ljusbla\/\"]}]},{\"@type\":\"ImageObject\",\"inLanguage\":\"sv-SE\",\"@id\":\"https:\/\/zamphelmets.co\/sv\/produkt\/rz-70e-strombrytare-bla-ljusbla\/#primaryimage\",\"url\":\"https:\/\/zamphelmets.co\/wp-content\/uploads\/2020\/01\/H760C31300dpi.jpg\",\"contentUrl\":\"https:\/\/zamphelmets.co\/wp-content\/uploads\/2020\/01\/H760C31300dpi.jpg\",\"width\":1500,\"height\":1500,\"caption\":\"Zamp RZ 70E bl\u00e5 racinghj\u00e4lm\"},{\"@type\":\"BreadcrumbList\",\"@id\":\"https:\/\/zamphelmets.co\/sv\/produkt\/rz-70e-strombrytare-bla-ljusbla\/#breadcrumb\",\"itemListElement\":[{\"@type\":\"ListItem\",\"position\":1,\"name\":\"Butik\",\"item\":\"https:\/\/zamphelmets.co\/sv\/butik\/\"},{\"@type\":\"ListItem\",\"position\":2,\"name\":\"RZ 70E-str\u00f6mbrytare bl\u00e5 \/ ljusbl\u00e5\"}]},{\"@type\":\"WebSite\",\"@id\":\"https:\/\/zamphelmets.co\/sv\/#website\",\"url\":\"https:\/\/zamphelmets.co\/sv\/\",\"name\":\"Zamp Helmets | Helmet 28 EU\",\"description\":\"High Quality Motorsport Helmets\",\"potentialAction\":[{\"@type\":\"SearchAction\",\"target\":{\"@type\":\"EntryPoint\",\"urlTemplate\":\"https:\/\/zamphelmets.co\/sv\/?s={search_term_string}\"},\"query-input\":{\"@type\":\"PropertyValueSpecification\",\"valueRequired\":true,\"valueName\":\"search_term_string\"}}],\"inLanguage\":\"sv-SE\"}]}<\/script>\n<!-- \/ Yoast SEO plugin. -->","yoast_head_json":{"title":"RZ 70E-str\u00f6mbrytare bl\u00e5 \/ ljusbl\u00e5 \u20ac515, - Zamp Helmets | Helmet 28 EU","description":"Zamp RZ 70E Blue\/Light Blue \u00e4r den ultimata allroundhj\u00e4lmen. L\u00e4ttviktshj\u00e4lm FIA 8859 med flera olika inst\u00e4llningar f\u00f6r t\u00e4vlingsdagen.","robots":{"index":"index","follow":"follow","max-snippet":"max-snippet:-1","max-image-preview":"max-image-preview:large","max-video-preview":"max-video-preview:-1"},"canonical":"https:\/\/zamphelmets.co\/sv\/produkt\/rz-70e-strombrytare-bla-ljusbla\/","og_locale":"sv_SE","og_type":"article","og_title":"RZ 70E-str\u00f6mbrytare bl\u00e5 \/ ljusbl\u00e5 \u20ac515, - Zamp Helmets | Helmet 28 EU","og_description":"Zamp RZ 70E Blue\/Light Blue \u00e4r den ultimata allroundhj\u00e4lmen. L\u00e4ttviktshj\u00e4lm FIA 8859 med flera olika inst\u00e4llningar f\u00f6r t\u00e4vlingsdagen.","og_url":"https:\/\/zamphelmets.co\/sv\/produkt\/rz-70e-strombrytare-bla-ljusbla\/","og_site_name":"Zamp Helmets | Helmet 28 EU","article_modified_time":"2026-03-03T13:15:35+00:00","og_image":[{"width":1500,"height":1500,"url":"https:\/\/zamphelmets.co\/wp-content\/uploads\/2020\/01\/H760C31300dpi.jpg","type":"image\/jpeg"}],"twitter_card":"summary_large_image","twitter_misc":{"Est. reading time":"1 minut"},"schema":{"@context":"https:\/\/schema.org","@graph":[{"@type":"WebPage","@id":"https:\/\/zamphelmets.co\/sv\/produkt\/rz-70e-strombrytare-bla-ljusbla\/","url":"https:\/\/zamphelmets.co\/sv\/produkt\/rz-70e-strombrytare-bla-ljusbla\/","name":"RZ 70E-str\u00f6mbrytare bl\u00e5 \/ ljusbl\u00e5 \u20ac515, - Zamp Helmets | Helmet 28 EU","isPartOf":{"@id":"https:\/\/zamphelmets.co\/sv\/#website"},"primaryImageOfPage":{"@id":"https:\/\/zamphelmets.co\/sv\/produkt\/rz-70e-strombrytare-bla-ljusbla\/#primaryimage"},"image":{"@id":"https:\/\/zamphelmets.co\/sv\/produkt\/rz-70e-strombrytare-bla-ljusbla\/#primaryimage"},"thumbnailUrl":"https:\/\/zamphelmets.co\/wp-content\/uploads\/2020\/01\/H760C31300dpi.jpg","datePublished":"2020-01-30T12:50:44+00:00","dateModified":"2026-03-03T13:15:35+00:00","description":"Zamp RZ 70E Blue\/Light Blue \u00e4r den ultimata allroundhj\u00e4lmen. L\u00e4ttviktshj\u00e4lm FIA 8859 med flera olika inst\u00e4llningar f\u00f6r t\u00e4vlingsdagen.","breadcrumb":{"@id":"https:\/\/zamphelmets.co\/sv\/produkt\/rz-70e-strombrytare-bla-ljusbla\/#breadcrumb"},"inLanguage":"sv-SE","potentialAction":[{"@type":"ReadAction","target":["https:\/\/zamphelmets.co\/sv\/produkt\/rz-70e-strombrytare-bla-ljusbla\/"]}]},{"@type":"ImageObject","inLanguage":"sv-SE","@id":"https:\/\/zamphelmets.co\/sv\/produkt\/rz-70e-strombrytare-bla-ljusbla\/#primaryimage","url":"https:\/\/zamphelmets.co\/wp-content\/uploads\/2020\/01\/H760C31300dpi.jpg","contentUrl":"https:\/\/zamphelmets.co\/wp-content\/uploads\/2020\/01\/H760C31300dpi.jpg","width":1500,"height":1500,"caption":"Zamp RZ 70E bl\u00e5 racinghj\u00e4lm"},{"@type":"BreadcrumbList","@id":"https:\/\/zamphelmets.co\/sv\/produkt\/rz-70e-strombrytare-bla-ljusbla\/#breadcrumb","itemListElement":[{"@type":"ListItem","position":1,"name":"Butik","item":"https:\/\/zamphelmets.co\/sv\/butik\/"},{"@type":"ListItem","position":2,"name":"RZ 70E-str\u00f6mbrytare bl\u00e5 \/ ljusbl\u00e5"}]},{"@type":"WebSite","@id":"https:\/\/zamphelmets.co\/sv\/#website","url":"https:\/\/zamphelmets.co\/sv\/","name":"Zamp Helmets | Helmet 28 EU","description":"High Quality Motorsport Helmets","potentialAction":[{"@type":"SearchAction","target":{"@type":"EntryPoint","urlTemplate":"https:\/\/zamphelmets.co\/sv\/?s={search_term_string}"},"query-input":{"@type":"PropertyValueSpecification","valueRequired":true,"valueName":"search_term_string"}}],"inLanguage":"sv-SE"}]}},"_links":{"self":[{"href":"https:\/\/zamphelmets.co\/sv\/wp-json\/wp\/v2\/product\/23969","targetHints":{"allow":["GET"]}}],"collection":[{"href":"https:\/\/zamphelmets.co\/sv\/wp-json\/wp\/v2\/product"}],"about":[{"href":"https:\/\/zamphelmets.co\/sv\/wp-json\/wp\/v2\/types\/product"}],"replies":[{"embeddable":true,"href":"https:\/\/zamphelmets.co\/sv\/wp-json\/wp\/v2\/comments?post=23969"}],"wp:featuredmedia":[{"embeddable":true,"href":"https:\/\/zamphelmets.co\/sv\/wp-json\/wp\/v2\/media\/11264"}],"wp:attachment":[{"href":"https:\/\/zamphelmets.co\/sv\/wp-json\/wp\/v2\/media?parent=23969"}],"wp:term":[{"taxonomy":"product_brand","embeddable":true,"href":"https:\/\/zamphelmets.co\/sv\/wp-json\/wp\/v2\/product_brand?post=23969"},{"taxonomy":"product_cat","embeddable":true,"href":"https:\/\/zamphelmets.co\/sv\/wp-json\/wp\/v2\/product_cat?post=23969"},{"taxonomy":"product_tag","embeddable":true,"href":"https:\/\/zamphelmets.co\/sv\/wp-json\/wp\/v2\/product_tag?post=23969"}],"curies":[{"name":"wp","href":"https:\/\/api.w.org\/{rel}","templated":true}]}}