{"id":23895,"date":"2022-02-23T16:32:59","date_gmt":"2022-02-23T16:32:59","guid":{"rendered":"https:\/\/zamphelmets.co\/product\/z20-visir-antifog-serie\/"},"modified":"2026-05-06T09:17:59","modified_gmt":"2026-05-06T09:17:59","slug":"z20-visir-antifog-serie","status":"publish","type":"product","link":"https:\/\/zamphelmets.co\/sv\/produkt\/z20-visir-antifog-serie\/","title":{"rendered":"Z20 Visir AntiFog-serie"},"content":{"rendered":"<p class=\"_3vFF3xH4Yd\">Skydden i Zamp Z-20-serien \u00e4r utformade f\u00f6r att passa alla hj\u00e4lmar i Zamp RZ-serien. Zamp Z-20-sk\u00f6ldarna \u00e4r 3 mm tjocka med avrivbara stolpar. Alla Z-20-visir levereras ocks\u00e5 med en premium anti-fog-bel\u00e4ggning <a href=\"https:\/\/youtu.be\/4oJ1dM1s-HE\">https:\/\/youtu.be\/4oJ1dM1s-HE<\/a><\/p>\n<p><strong><span style=\"color: black; font-size: 10pt;\">Zamp Z-20 Shield Replacement:<\/span><\/strong><\/p>\n<p><span style=\"color: black; font-size: 10pt;\">OBS: Det \u00e4r viktigt att INTE anv\u00e4nda elverktyg eller dra \u00e5t skruvarna f\u00f6r h\u00e5rt vid byte av skydd.<\/span><\/p>\n<p><strong><br \/>\n  <span style=\"color: black; font-size: 10pt;\">Steg 1 <\/span><br \/>\n<\/strong><span style=\"color: black; font-size: 10pt;\">L\u00e4gg en handduk p\u00e5 ett plant underlag och st\u00e4ll hj\u00e4lmen p\u00e5 den.<\/span><\/p>\n<p><strong><span style=\"color: black; font-size: 10pt;\">Steg 2  <\/span><\/strong><span style=\"color: black; font-size: 10pt;\">Ta bort sk\u00f6ldens sp\u00e4nnare p\u00e5 varje sida. Detta \u00e4r den mindre skruven p\u00e5 sidorna av sk\u00f6lden.<\/span><\/p>\n<p><strong><span style=\"color: black; font-size: 10pt;\">Steg 3  <\/span><\/strong><span style=\"color: black; font-size: 10pt;\">Ta bort sk\u00f6ldens vridskruvar p\u00e5 varje sida. Detta \u00e4r den st\u00f6rre skruven p\u00e5 sidan av sk\u00f6lden. F\u00f6r b\u00e4sta resultat f\u00f6resl\u00e5r vi att du anv\u00e4nder en fj\u00e4rdedel f\u00f6r att lossa\/dra \u00e5t detta.<\/span><\/p>\n<p><strong><span style=\"color: black; font-size: 10pt;\">Steg 4  <\/span><\/strong><span style=\"color: black; font-size: 10pt;\">Ta bort sk\u00f6lden. F\u00f6r b\u00e4sta resultat rekommenderar vi att du anv\u00e4nder en tyghandduk f\u00f6r att torka av gummit\u00e4tningen och d\u00e4r sk\u00f6lden f\u00e4sts p\u00e5 hj\u00e4lmen.<\/span><\/p>\n<p><strong><span style=\"color: black; font-size: 10pt;\">Steg 5  <\/span><\/strong><span style=\"color: black; font-size: 10pt;\">Placera sk\u00f6lden p\u00e5 hj\u00e4lmen. Det finns tv\u00e5 vita brickor som g\u00e5r mellan sk\u00e4rmen och hj\u00e4lmen, se till att de sitter p\u00e5 plats innan du monterar tillbaka sk\u00e4rmen.<\/span><\/p>\n<p><strong><span style=\"color: black; font-size: 10pt;\">Steg 6  <\/span><\/strong><span style=\"color: black; font-size: 10pt;\">Handg\u00e4nga i sk\u00f6ldens pivoter (st\u00f6rre skruv) f\u00f6r att h\u00e5lla sk\u00f6lden p\u00e5 plats. N\u00e4r de \u00e4r handg\u00e4ngade, anv\u00e4nd ett mynt och dra \u00e5t tills de sitter t\u00e4tt mot hj\u00e4lmskalet. Dra inte \u00e5t f\u00f6r h\u00e5rt.<\/span><\/p>\n<p><strong><br \/>\n  <span style=\"color: black; font-size: 10pt;\">Steg 7 <\/span><br \/>\n<\/strong><span style=\"color: black; font-size: 10pt;\">G\u00e4nga in sk\u00f6ldens vridsp\u00e4nnare f\u00f6r hand och dra sedan \u00e5t till \u00f6nskad sp\u00e4nning f\u00f6r sk\u00f6ldens r\u00f6relse.<\/span><\/p>\n<p>&nbsp;<\/p>\n","protected":false},"excerpt":{"rendered":"[embed]https:\/\/www.youtube.com\/watch?v=DAw7PA8v1I0&amp;feature=emb_title[\/embed]\n","protected":false},"featured_media":18544,"comment_status":"open","ping_status":"closed","template":"","meta":{"_acf_changed":false,"_iconic_wsb_product_page_order_bump_ids":[[]],"_sku":[],"_iconic_wsb_product_page_bump_modal_ids":[[]]},"product_brand":[],"product_cat":[153,279,152],"product_tag":[],"class_list":{"0":"post-23895","1":"product","2":"type-product","3":"status-publish","4":"has-post-thumbnail","6":"product_cat-tillbehor","7":"product_cat-visir","8":"product_cat-zamp-sv","10":"first","11":"onbackorder","12":"taxable","13":"shipping-taxable","14":"purchasable","15":"product-type-variable"},"acf":[],"yoast_head":"<!-- This site is optimized with the Yoast SEO plugin v27.0 - https:\/\/yoast.com\/product\/yoast-seo-wordpress\/ -->\n<title>- Perfekt i det v\u00e5ta - Zamp Helmets | Helmet 28 EU<\/title>\n<meta name=\"description\" content=\"Zamp-visirens anti-fog-serie \u00e4r utformad f\u00f6r att fungera under de tuffaste f\u00f6rh\u00e5llandena genom v\u00e5r premiumbel\u00e4ggning som s\u00e4kerst\u00e4ller optimala racingf\u00f6rh\u00e5llanden.\" \/>\n<meta name=\"robots\" content=\"index, follow, max-snippet:-1, max-image-preview:large, max-video-preview:-1\" \/>\n<link rel=\"canonical\" href=\"https:\/\/zamphelmets.co\/sv\/produkt\/z20-visir-antifog-serie\/\" \/>\n<meta property=\"og:locale\" content=\"sv_SE\" \/>\n<meta property=\"og:type\" content=\"article\" \/>\n<meta property=\"og:title\" content=\"- Perfekt i det v\u00e5ta - Zamp Helmets | Helmet 28 EU\" \/>\n<meta property=\"og:description\" content=\"Zamp-visirens anti-fog-serie \u00e4r utformad f\u00f6r att fungera under de tuffaste f\u00f6rh\u00e5llandena genom v\u00e5r premiumbel\u00e4ggning som s\u00e4kerst\u00e4ller optimala racingf\u00f6rh\u00e5llanden.\" \/>\n<meta property=\"og:url\" content=\"https:\/\/zamphelmets.co\/sv\/produkt\/z20-visir-antifog-serie\/\" \/>\n<meta property=\"og:site_name\" content=\"Zamp Helmets | Helmet 28 EU\" \/>\n<meta property=\"article:modified_time\" content=\"2026-05-06T09:17:59+00:00\" \/>\n<meta property=\"og:image\" content=\"https:\/\/zamphelmets.co\/wp-content\/uploads\/2022\/02\/HASZF20CL.jpg\" \/>\n\t<meta property=\"og:image:width\" content=\"1500\" \/>\n\t<meta property=\"og:image:height\" content=\"1500\" \/>\n\t<meta property=\"og:image:type\" content=\"image\/jpeg\" \/>\n<meta name=\"twitter:card\" content=\"summary_large_image\" \/>\n<meta name=\"twitter:label1\" content=\"Est. reading time\" \/>\n\t<meta name=\"twitter:data1\" content=\"1 minut\" \/>\n<script type=\"application\/ld+json\" class=\"yoast-schema-graph\">{\"@context\":\"https:\/\/schema.org\",\"@graph\":[{\"@type\":\"WebPage\",\"@id\":\"https:\/\/zamphelmets.co\/sv\/produkt\/z20-visir-antifog-serie\/\",\"url\":\"https:\/\/zamphelmets.co\/sv\/produkt\/z20-visir-antifog-serie\/\",\"name\":\"- Perfekt i det v\u00e5ta - Zamp Helmets | Helmet 28 EU\",\"isPartOf\":{\"@id\":\"https:\/\/zamphelmets.co\/sv\/#website\"},\"primaryImageOfPage\":{\"@id\":\"https:\/\/zamphelmets.co\/sv\/produkt\/z20-visir-antifog-serie\/#primaryimage\"},\"image\":{\"@id\":\"https:\/\/zamphelmets.co\/sv\/produkt\/z20-visir-antifog-serie\/#primaryimage\"},\"thumbnailUrl\":\"https:\/\/zamphelmets.co\/wp-content\/uploads\/2022\/02\/HASZF20CL.jpg\",\"datePublished\":\"2022-02-23T16:32:59+00:00\",\"dateModified\":\"2026-05-06T09:17:59+00:00\",\"description\":\"Zamp-visirens anti-fog-serie \u00e4r utformad f\u00f6r att fungera under de tuffaste f\u00f6rh\u00e5llandena genom v\u00e5r premiumbel\u00e4ggning som s\u00e4kerst\u00e4ller optimala racingf\u00f6rh\u00e5llanden.\",\"breadcrumb\":{\"@id\":\"https:\/\/zamphelmets.co\/sv\/produkt\/z20-visir-antifog-serie\/#breadcrumb\"},\"inLanguage\":\"sv-SE\",\"potentialAction\":[{\"@type\":\"ReadAction\",\"target\":[\"https:\/\/zamphelmets.co\/sv\/produkt\/z20-visir-antifog-serie\/\"]}]},{\"@type\":\"ImageObject\",\"inLanguage\":\"sv-SE\",\"@id\":\"https:\/\/zamphelmets.co\/sv\/produkt\/z20-visir-antifog-serie\/#primaryimage\",\"url\":\"https:\/\/zamphelmets.co\/wp-content\/uploads\/2022\/02\/HASZF20CL.jpg\",\"contentUrl\":\"https:\/\/zamphelmets.co\/wp-content\/uploads\/2022\/02\/HASZF20CL.jpg\",\"width\":1500,\"height\":1500},{\"@type\":\"BreadcrumbList\",\"@id\":\"https:\/\/zamphelmets.co\/sv\/produkt\/z20-visir-antifog-serie\/#breadcrumb\",\"itemListElement\":[{\"@type\":\"ListItem\",\"position\":1,\"name\":\"Butik\",\"item\":\"https:\/\/zamphelmets.co\/sv\/butik\/\"},{\"@type\":\"ListItem\",\"position\":2,\"name\":\"Z20 Visir AntiFog-serie\"}]},{\"@type\":\"WebSite\",\"@id\":\"https:\/\/zamphelmets.co\/sv\/#website\",\"url\":\"https:\/\/zamphelmets.co\/sv\/\",\"name\":\"Zamp Helmets | Helmet 28 EU\",\"description\":\"High Quality Motorsport Helmets\",\"potentialAction\":[{\"@type\":\"SearchAction\",\"target\":{\"@type\":\"EntryPoint\",\"urlTemplate\":\"https:\/\/zamphelmets.co\/sv\/?s={search_term_string}\"},\"query-input\":{\"@type\":\"PropertyValueSpecification\",\"valueRequired\":true,\"valueName\":\"search_term_string\"}}],\"inLanguage\":\"sv-SE\"}]}<\/script>\n<!-- \/ Yoast SEO plugin. -->","yoast_head_json":{"title":"- Perfekt i det v\u00e5ta - Zamp Helmets | Helmet 28 EU","description":"Zamp-visirens anti-fog-serie \u00e4r utformad f\u00f6r att fungera under de tuffaste f\u00f6rh\u00e5llandena genom v\u00e5r premiumbel\u00e4ggning som s\u00e4kerst\u00e4ller optimala racingf\u00f6rh\u00e5llanden.","robots":{"index":"index","follow":"follow","max-snippet":"max-snippet:-1","max-image-preview":"max-image-preview:large","max-video-preview":"max-video-preview:-1"},"canonical":"https:\/\/zamphelmets.co\/sv\/produkt\/z20-visir-antifog-serie\/","og_locale":"sv_SE","og_type":"article","og_title":"- Perfekt i det v\u00e5ta - Zamp Helmets | Helmet 28 EU","og_description":"Zamp-visirens anti-fog-serie \u00e4r utformad f\u00f6r att fungera under de tuffaste f\u00f6rh\u00e5llandena genom v\u00e5r premiumbel\u00e4ggning som s\u00e4kerst\u00e4ller optimala racingf\u00f6rh\u00e5llanden.","og_url":"https:\/\/zamphelmets.co\/sv\/produkt\/z20-visir-antifog-serie\/","og_site_name":"Zamp Helmets | Helmet 28 EU","article_modified_time":"2026-05-06T09:17:59+00:00","og_image":[{"width":1500,"height":1500,"url":"https:\/\/zamphelmets.co\/wp-content\/uploads\/2022\/02\/HASZF20CL.jpg","type":"image\/jpeg"}],"twitter_card":"summary_large_image","twitter_misc":{"Est. reading time":"1 minut"},"schema":{"@context":"https:\/\/schema.org","@graph":[{"@type":"WebPage","@id":"https:\/\/zamphelmets.co\/sv\/produkt\/z20-visir-antifog-serie\/","url":"https:\/\/zamphelmets.co\/sv\/produkt\/z20-visir-antifog-serie\/","name":"- Perfekt i det v\u00e5ta - Zamp Helmets | Helmet 28 EU","isPartOf":{"@id":"https:\/\/zamphelmets.co\/sv\/#website"},"primaryImageOfPage":{"@id":"https:\/\/zamphelmets.co\/sv\/produkt\/z20-visir-antifog-serie\/#primaryimage"},"image":{"@id":"https:\/\/zamphelmets.co\/sv\/produkt\/z20-visir-antifog-serie\/#primaryimage"},"thumbnailUrl":"https:\/\/zamphelmets.co\/wp-content\/uploads\/2022\/02\/HASZF20CL.jpg","datePublished":"2022-02-23T16:32:59+00:00","dateModified":"2026-05-06T09:17:59+00:00","description":"Zamp-visirens anti-fog-serie \u00e4r utformad f\u00f6r att fungera under de tuffaste f\u00f6rh\u00e5llandena genom v\u00e5r premiumbel\u00e4ggning som s\u00e4kerst\u00e4ller optimala racingf\u00f6rh\u00e5llanden.","breadcrumb":{"@id":"https:\/\/zamphelmets.co\/sv\/produkt\/z20-visir-antifog-serie\/#breadcrumb"},"inLanguage":"sv-SE","potentialAction":[{"@type":"ReadAction","target":["https:\/\/zamphelmets.co\/sv\/produkt\/z20-visir-antifog-serie\/"]}]},{"@type":"ImageObject","inLanguage":"sv-SE","@id":"https:\/\/zamphelmets.co\/sv\/produkt\/z20-visir-antifog-serie\/#primaryimage","url":"https:\/\/zamphelmets.co\/wp-content\/uploads\/2022\/02\/HASZF20CL.jpg","contentUrl":"https:\/\/zamphelmets.co\/wp-content\/uploads\/2022\/02\/HASZF20CL.jpg","width":1500,"height":1500},{"@type":"BreadcrumbList","@id":"https:\/\/zamphelmets.co\/sv\/produkt\/z20-visir-antifog-serie\/#breadcrumb","itemListElement":[{"@type":"ListItem","position":1,"name":"Butik","item":"https:\/\/zamphelmets.co\/sv\/butik\/"},{"@type":"ListItem","position":2,"name":"Z20 Visir AntiFog-serie"}]},{"@type":"WebSite","@id":"https:\/\/zamphelmets.co\/sv\/#website","url":"https:\/\/zamphelmets.co\/sv\/","name":"Zamp Helmets | Helmet 28 EU","description":"High Quality Motorsport Helmets","potentialAction":[{"@type":"SearchAction","target":{"@type":"EntryPoint","urlTemplate":"https:\/\/zamphelmets.co\/sv\/?s={search_term_string}"},"query-input":{"@type":"PropertyValueSpecification","valueRequired":true,"valueName":"search_term_string"}}],"inLanguage":"sv-SE"}]}},"_links":{"self":[{"href":"https:\/\/zamphelmets.co\/sv\/wp-json\/wp\/v2\/product\/23895","targetHints":{"allow":["GET"]}}],"collection":[{"href":"https:\/\/zamphelmets.co\/sv\/wp-json\/wp\/v2\/product"}],"about":[{"href":"https:\/\/zamphelmets.co\/sv\/wp-json\/wp\/v2\/types\/product"}],"replies":[{"embeddable":true,"href":"https:\/\/zamphelmets.co\/sv\/wp-json\/wp\/v2\/comments?post=23895"}],"wp:featuredmedia":[{"embeddable":true,"href":"https:\/\/zamphelmets.co\/sv\/wp-json\/wp\/v2\/media\/18544"}],"wp:attachment":[{"href":"https:\/\/zamphelmets.co\/sv\/wp-json\/wp\/v2\/media?parent=23895"}],"wp:term":[{"taxonomy":"product_brand","embeddable":true,"href":"https:\/\/zamphelmets.co\/sv\/wp-json\/wp\/v2\/product_brand?post=23895"},{"taxonomy":"product_cat","embeddable":true,"href":"https:\/\/zamphelmets.co\/sv\/wp-json\/wp\/v2\/product_cat?post=23895"},{"taxonomy":"product_tag","embeddable":true,"href":"https:\/\/zamphelmets.co\/sv\/wp-json\/wp\/v2\/product_tag?post=23895"}],"curies":[{"name":"wp","href":"https:\/\/api.w.org\/{rel}","templated":true}]}}