{"id":23835,"date":"2020-08-07T11:58:13","date_gmt":"2020-08-07T11:58:13","guid":{"rendered":"https:\/\/zamphelmets.co\/product\/rz-62-bla-gron\/"},"modified":"2026-02-16T15:11:59","modified_gmt":"2026-02-16T15:11:59","slug":"rz-62-bla-gron","status":"publish","type":"product","link":"https:\/\/zamphelmets.co\/sv\/produkt\/rz-62-bla-gron\/","title":{"rendered":"RZ 62 Bl\u00e5\/Gr\u00f6n"},"content":{"rendered":"<p><strong>Zamp RZ-62 Blue\/Green erbjuder fler unika t\u00e4vlingsupps\u00e4ttningar \u00e4n n\u00e5gon annan hj\u00e4lm i samma prisklass. En l\u00e4tt Aramid Mix-konstruktion i kombination med ett otroligt luftfl\u00f6de resulterar i en fantastisk hj\u00e4lm f\u00f6r priset. F\u00f6rarna kommer ocks\u00e5 att kunna anpassa RZ 62 f\u00f6r ett brett utbud av racingupps\u00e4ttningar, inklusive f\u00f6r Open Wheel, Closed Cockpit eller Kart Racing. Dessutom kan RZ 62 f\u00e5s med n\u00e5gra av de mest fantastiska grafiska detaljer som n\u00e5gonsin sk\u00e5dats inom hj\u00e4lmdesign, och dessa f\u00f6rm\u00e5lade hj\u00e4lmar erbjuder grafik p\u00e5 h\u00f6g niv\u00e5 som \u00e4r f\u00e4rdigst\u00e4lld enligt h\u00f6gsta standard.<\/strong><\/p>\n<p><strong>Funktioner inkluderar:<\/strong><\/p>\n<ul>\n<li><strong>Aramidblandat<\/strong> skal f\u00f6r superl\u00e4tt hj\u00e4lm<\/li>\n<li><strong>Aerodynamiskt <\/strong>skal och hakbygel, Aero-l\u00e4ppar i skalet. Enkel installation av tillbeh\u00f6ren Aero Chin Lip och Aero Rear Spoiler<\/li>\n<li><strong>TRI-Tech Air System <\/strong>&#8211; g\u00f6r att du kan k\u00f6ra naturlig luft, forcerad luft och luftproppar i tre justerbara inlopp p\u00e5 ovansidan och b\u00e5da sidorna av hakst\u00e5ngen f\u00f6r marknadens mest justerbara luftfl\u00f6de<\/li>\n<li><strong>Mjuk<\/strong>, <strong>brandh\u00e4mmande<\/strong>, l\u00f6stagbar\/tv\u00e4ttbar, ultramjuk interi\u00f6r med EPS-skum f\u00f6r hakbygel<\/li>\n<li><strong>Z-20 Series 3mm Clear Shield<\/strong> med avrivningsstolpar p\u00e5 12,25-tums mittstolpar med avrivningsstolpar av banantyp<\/li>\n<li><strong>Hydreringsh\u00e5l\/pluggar <\/strong>framtill och mitt i hakb\u00e5gen f\u00f6r enkel installation<\/li>\n<li><strong>Ear Cup Option <\/strong>\u00e4r byggd med Ear Pocket som g\u00f6r att du enkelt kan s\u00e4tta i Zamp Ear Cup med kardborreband f\u00f6r att ge f\u00f6raren en tystare milj\u00f6 f\u00f6r att h\u00f6ra kommunikation<\/li>\n<li><strong>M6-insatser <\/strong>f\u00f6r huvud- och nackst\u00f6d<\/li>\n<li>Snell <strong>SA-2020<\/strong><\/li>\n<li><strong>Vikt: ca. 1420 g i storlek M<\/strong><\/li>\n<\/ul>\n<p>Som vanligt inom motorsport varierar v\u00e5ra storlekar beroende p\u00e5 hj\u00e4lmmodell. Mer information om hur du v\u00e4ljer r\u00e4tt storlek p\u00e5 hj\u00e4lmen finns <a href=\"https:\/\/zamphelmets.co\/sv\/hur-man-valjer-ratt-hjalmstorlek\/\">h\u00e4r<\/a>.<\/p>\n<p><a href=\"https:\/\/zamphelmets.co\/sv\/homologering-forklarad\/\"><strong>Homologering f\u00f6rklarad<\/strong> &#8211; ta reda p\u00e5 vilken homologering du beh\u00f6ver<\/a><\/p>\n<p><a href=\"https:\/\/zamphelmets.co\/sv\/hans-stolpar-hans-och-fhr-utrustning\/\"><strong>FHR \/ HANS-utrustning<\/strong> &#8211; n\u00e4r kr\u00e4vs det?<\/a><\/p>\n<p>&nbsp;<\/p>\n<p><img decoding=\"async\" class=\"alignnone wp-image-26355 size-full lazyload\" data-src=\"https:\/\/zamphelmets.co\/wp-content\/uploads\/2024\/03\/Zamp-Helmets-sizing-guide-4166-x-4166-px-1.png\" alt=\"\" width=\"500\" height=\"500\" data-srcset=\"https:\/\/zamphelmets.co\/wp-content\/uploads\/2024\/03\/Zamp-Helmets-sizing-guide-4166-x-4166-px-1.png 500w, https:\/\/zamphelmets.co\/wp-content\/uploads\/2024\/03\/Zamp-Helmets-sizing-guide-4166-x-4166-px-1-300x300.png 300w, https:\/\/zamphelmets.co\/wp-content\/uploads\/2024\/03\/Zamp-Helmets-sizing-guide-4166-x-4166-px-1-150x150.png 150w, https:\/\/zamphelmets.co\/wp-content\/uploads\/2024\/03\/Zamp-Helmets-sizing-guide-4166-x-4166-px-1-100x100.png 100w\" data-sizes=\"(max-width: 500px) 100vw, 500px\" src=\"data:image\/svg+xml;base64,PHN2ZyB3aWR0aD0iMSIgaGVpZ2h0PSIxIiB4bWxucz0iaHR0cDovL3d3dy53My5vcmcvMjAwMC9zdmciPjwvc3ZnPg==\" style=\"--smush-placeholder-width: 500px; --smush-placeholder-aspect-ratio: 500\/500;\" \/><\/p>\n<div id=\"product-10089\" class=\"product type-product post-10089 status-publish first instock product_cat-fia product_cat-snell-2020-sa2020 product_cat-zamp has-post-thumbnail taxable shipping-taxable purchasable product-type-variable\">\n<div class=\"woocommerce-tabs wc-tabs-wrapper\">\n<div id=\"tab-description\" class=\"woocommerce-Tabs-panel woocommerce-Tabs-panel--description panel entry-content wc-tab\" role=\"tabpanel\" aria-labelledby=\"tab-title-description\">\n<p><strong>Os\u00e4ker p\u00e5 storlek? <\/strong><a href=\"https:\/\/form.jotform.com\/251263198513053\">Fyll i v\u00e5rt storleksformul\u00e4r<\/a> s\u00e5 kommer en av v\u00e5ra medarbetare att kontakta dig med v\u00e5ra rekommendationer.<\/p>\n<\/div>\n<\/div>\n<\/div>\n","protected":false},"excerpt":{"rendered":"<p><strong>Zamp RZ-62 Blue\/Green erbjuder fler unika t\u00e4vlingsupps\u00e4ttningar \u00e4n n\u00e5gon annan hj\u00e4lm i samma prisklass. En l\u00e4tt Aramid Mix-konstruktion i kombination med ett otroligt luftfl\u00f6de resulterar i en fantastisk hj\u00e4lm f\u00f6r priset. F\u00f6rarna kommer ocks\u00e5 att kunna anpassa RZ 62 f\u00f6r ett brett utbud av racingupps\u00e4ttningar, inklusive f\u00f6r Open Wheel, Closed Cockpit eller Kart Racing. Dessutom kan RZ 62 f\u00e5s med n\u00e5gra av de mest fantastiska grafiska detaljer som n\u00e5gonsin sk\u00e5dats inom hj\u00e4lmdesign, och dessa f\u00f6rm\u00e5lade hj\u00e4lmar erbjuder grafik p\u00e5 h\u00f6g niv\u00e5 som \u00e4r f\u00e4rdigst\u00e4lld enligt h\u00f6gsta standard.<\/strong><\/p>\n","protected":false},"featured_media":11943,"comment_status":"open","ping_status":"closed","template":"","meta":{"_acf_changed":false,"_iconic_wsb_product_page_order_bump_ids":[[]],"_sku":[],"_iconic_wsb_product_page_bump_modal_ids":[[]]},"product_brand":[],"product_cat":[160,163,162,161,152],"product_tag":[],"class_list":{"0":"post-23835","1":"product","2":"type-product","3":"status-publish","4":"has-post-thumbnail","6":"product_cat-zamp-hjalmar","7":"product_cat-premium-sv","8":"product_cat-snell-sv","9":"product_cat-snell-2020-sa2020-sv","10":"product_cat-zamp-sv","12":"first","13":"outofstock","14":"taxable","15":"shipping-taxable","16":"purchasable","17":"product-type-variable"},"acf":[],"yoast_head":"<!-- This site is optimized with the Yoast SEO plugin v27.0 - https:\/\/yoast.com\/product\/yoast-seo-wordpress\/ -->\n<title>\u20ac451,67 - Zamp Helmets | Helmet 28 EU SA2020 Homologation<\/title>\n<meta name=\"description\" content=\"RZ 62 Blue\/Green \u00e4r den marknadsledande f\u00e4rdigm\u00e5lade hj\u00e4lmen i branschen. Komplett med SA2020 kostar RZ 62 Blue\/Green endast 451,67 euro.\" \/>\n<meta name=\"robots\" content=\"index, follow, max-snippet:-1, max-image-preview:large, max-video-preview:-1\" \/>\n<link rel=\"canonical\" href=\"https:\/\/zamphelmets.co\/sv\/produkt\/rz-62-bla-gron\/\" \/>\n<meta property=\"og:locale\" content=\"sv_SE\" \/>\n<meta property=\"og:type\" content=\"article\" \/>\n<meta property=\"og:title\" content=\"\u20ac451,67 - Zamp Helmets | Helmet 28 EU SA2020 Homologation\" \/>\n<meta property=\"og:description\" content=\"RZ 62 Blue\/Green \u00e4r den marknadsledande f\u00e4rdigm\u00e5lade hj\u00e4lmen i branschen. Komplett med SA2020 kostar RZ 62 Blue\/Green endast 451,67 euro.\" \/>\n<meta property=\"og:url\" content=\"https:\/\/zamphelmets.co\/sv\/produkt\/rz-62-bla-gron\/\" \/>\n<meta property=\"og:site_name\" content=\"Zamp Helmets | Helmet 28 EU\" \/>\n<meta property=\"article:modified_time\" content=\"2026-02-16T15:11:59+00:00\" \/>\n<meta property=\"og:image\" content=\"https:\/\/zamphelmets.co\/wp-content\/uploads\/2020\/08\/to7z8WlSJmALyyWkM8UL_H764C36.jpg\" \/>\n\t<meta property=\"og:image:width\" content=\"1500\" \/>\n\t<meta property=\"og:image:height\" content=\"1500\" \/>\n\t<meta property=\"og:image:type\" content=\"image\/jpeg\" \/>\n<meta name=\"twitter:card\" content=\"summary_large_image\" \/>\n<meta name=\"twitter:label1\" content=\"Est. reading time\" \/>\n\t<meta name=\"twitter:data1\" content=\"2 minuter\" \/>\n<script type=\"application\/ld+json\" class=\"yoast-schema-graph\">{\"@context\":\"https:\/\/schema.org\",\"@graph\":[{\"@type\":\"WebPage\",\"@id\":\"https:\/\/zamphelmets.co\/sv\/produkt\/rz-62-bla-gron\/\",\"url\":\"https:\/\/zamphelmets.co\/sv\/produkt\/rz-62-bla-gron\/\",\"name\":\"\u20ac451,67 - Zamp Helmets | Helmet 28 EU SA2020 Homologation\",\"isPartOf\":{\"@id\":\"https:\/\/zamphelmets.co\/sv\/#website\"},\"primaryImageOfPage\":{\"@id\":\"https:\/\/zamphelmets.co\/sv\/produkt\/rz-62-bla-gron\/#primaryimage\"},\"image\":{\"@id\":\"https:\/\/zamphelmets.co\/sv\/produkt\/rz-62-bla-gron\/#primaryimage\"},\"thumbnailUrl\":\"https:\/\/zamphelmets.co\/wp-content\/uploads\/2020\/08\/to7z8WlSJmALyyWkM8UL_H764C36.jpg\",\"datePublished\":\"2020-08-07T11:58:13+00:00\",\"dateModified\":\"2026-02-16T15:11:59+00:00\",\"description\":\"RZ 62 Blue\/Green \u00e4r den marknadsledande f\u00e4rdigm\u00e5lade hj\u00e4lmen i branschen. Komplett med SA2020 kostar RZ 62 Blue\/Green endast 451,67 euro.\",\"breadcrumb\":{\"@id\":\"https:\/\/zamphelmets.co\/sv\/produkt\/rz-62-bla-gron\/#breadcrumb\"},\"inLanguage\":\"sv-SE\",\"potentialAction\":[{\"@type\":\"ReadAction\",\"target\":[\"https:\/\/zamphelmets.co\/sv\/produkt\/rz-62-bla-gron\/\"]}]},{\"@type\":\"ImageObject\",\"inLanguage\":\"sv-SE\",\"@id\":\"https:\/\/zamphelmets.co\/sv\/produkt\/rz-62-bla-gron\/#primaryimage\",\"url\":\"https:\/\/zamphelmets.co\/wp-content\/uploads\/2020\/08\/to7z8WlSJmALyyWkM8UL_H764C36.jpg\",\"contentUrl\":\"https:\/\/zamphelmets.co\/wp-content\/uploads\/2020\/08\/to7z8WlSJmALyyWkM8UL_H764C36.jpg\",\"width\":1500,\"height\":1500,\"caption\":\"RZ-62 Bl\u00e5\/Gr\u00f6n racinghj\u00e4lm fr\u00e5n Zamp Helmets\"},{\"@type\":\"BreadcrumbList\",\"@id\":\"https:\/\/zamphelmets.co\/sv\/produkt\/rz-62-bla-gron\/#breadcrumb\",\"itemListElement\":[{\"@type\":\"ListItem\",\"position\":1,\"name\":\"Butik\",\"item\":\"https:\/\/zamphelmets.co\/sv\/butik\/\"},{\"@type\":\"ListItem\",\"position\":2,\"name\":\"RZ 62 Bl\u00e5\/Gr\u00f6n\"}]},{\"@type\":\"WebSite\",\"@id\":\"https:\/\/zamphelmets.co\/sv\/#website\",\"url\":\"https:\/\/zamphelmets.co\/sv\/\",\"name\":\"Zamp Helmets | Helmet 28 EU\",\"description\":\"High Quality Motorsport Helmets\",\"potentialAction\":[{\"@type\":\"SearchAction\",\"target\":{\"@type\":\"EntryPoint\",\"urlTemplate\":\"https:\/\/zamphelmets.co\/sv\/?s={search_term_string}\"},\"query-input\":{\"@type\":\"PropertyValueSpecification\",\"valueRequired\":true,\"valueName\":\"search_term_string\"}}],\"inLanguage\":\"sv-SE\"}]}<\/script>\n<!-- \/ Yoast SEO plugin. -->","yoast_head_json":{"title":"\u20ac451,67 - Zamp Helmets | Helmet 28 EU SA2020 Homologation","description":"RZ 62 Blue\/Green \u00e4r den marknadsledande f\u00e4rdigm\u00e5lade hj\u00e4lmen i branschen. Komplett med SA2020 kostar RZ 62 Blue\/Green endast 451,67 euro.","robots":{"index":"index","follow":"follow","max-snippet":"max-snippet:-1","max-image-preview":"max-image-preview:large","max-video-preview":"max-video-preview:-1"},"canonical":"https:\/\/zamphelmets.co\/sv\/produkt\/rz-62-bla-gron\/","og_locale":"sv_SE","og_type":"article","og_title":"\u20ac451,67 - Zamp Helmets | Helmet 28 EU SA2020 Homologation","og_description":"RZ 62 Blue\/Green \u00e4r den marknadsledande f\u00e4rdigm\u00e5lade hj\u00e4lmen i branschen. Komplett med SA2020 kostar RZ 62 Blue\/Green endast 451,67 euro.","og_url":"https:\/\/zamphelmets.co\/sv\/produkt\/rz-62-bla-gron\/","og_site_name":"Zamp Helmets | Helmet 28 EU","article_modified_time":"2026-02-16T15:11:59+00:00","og_image":[{"width":1500,"height":1500,"url":"https:\/\/zamphelmets.co\/wp-content\/uploads\/2020\/08\/to7z8WlSJmALyyWkM8UL_H764C36.jpg","type":"image\/jpeg"}],"twitter_card":"summary_large_image","twitter_misc":{"Est. reading time":"2 minuter"},"schema":{"@context":"https:\/\/schema.org","@graph":[{"@type":"WebPage","@id":"https:\/\/zamphelmets.co\/sv\/produkt\/rz-62-bla-gron\/","url":"https:\/\/zamphelmets.co\/sv\/produkt\/rz-62-bla-gron\/","name":"\u20ac451,67 - Zamp Helmets | Helmet 28 EU SA2020 Homologation","isPartOf":{"@id":"https:\/\/zamphelmets.co\/sv\/#website"},"primaryImageOfPage":{"@id":"https:\/\/zamphelmets.co\/sv\/produkt\/rz-62-bla-gron\/#primaryimage"},"image":{"@id":"https:\/\/zamphelmets.co\/sv\/produkt\/rz-62-bla-gron\/#primaryimage"},"thumbnailUrl":"https:\/\/zamphelmets.co\/wp-content\/uploads\/2020\/08\/to7z8WlSJmALyyWkM8UL_H764C36.jpg","datePublished":"2020-08-07T11:58:13+00:00","dateModified":"2026-02-16T15:11:59+00:00","description":"RZ 62 Blue\/Green \u00e4r den marknadsledande f\u00e4rdigm\u00e5lade hj\u00e4lmen i branschen. Komplett med SA2020 kostar RZ 62 Blue\/Green endast 451,67 euro.","breadcrumb":{"@id":"https:\/\/zamphelmets.co\/sv\/produkt\/rz-62-bla-gron\/#breadcrumb"},"inLanguage":"sv-SE","potentialAction":[{"@type":"ReadAction","target":["https:\/\/zamphelmets.co\/sv\/produkt\/rz-62-bla-gron\/"]}]},{"@type":"ImageObject","inLanguage":"sv-SE","@id":"https:\/\/zamphelmets.co\/sv\/produkt\/rz-62-bla-gron\/#primaryimage","url":"https:\/\/zamphelmets.co\/wp-content\/uploads\/2020\/08\/to7z8WlSJmALyyWkM8UL_H764C36.jpg","contentUrl":"https:\/\/zamphelmets.co\/wp-content\/uploads\/2020\/08\/to7z8WlSJmALyyWkM8UL_H764C36.jpg","width":1500,"height":1500,"caption":"RZ-62 Bl\u00e5\/Gr\u00f6n racinghj\u00e4lm fr\u00e5n Zamp Helmets"},{"@type":"BreadcrumbList","@id":"https:\/\/zamphelmets.co\/sv\/produkt\/rz-62-bla-gron\/#breadcrumb","itemListElement":[{"@type":"ListItem","position":1,"name":"Butik","item":"https:\/\/zamphelmets.co\/sv\/butik\/"},{"@type":"ListItem","position":2,"name":"RZ 62 Bl\u00e5\/Gr\u00f6n"}]},{"@type":"WebSite","@id":"https:\/\/zamphelmets.co\/sv\/#website","url":"https:\/\/zamphelmets.co\/sv\/","name":"Zamp Helmets | Helmet 28 EU","description":"High Quality Motorsport Helmets","potentialAction":[{"@type":"SearchAction","target":{"@type":"EntryPoint","urlTemplate":"https:\/\/zamphelmets.co\/sv\/?s={search_term_string}"},"query-input":{"@type":"PropertyValueSpecification","valueRequired":true,"valueName":"search_term_string"}}],"inLanguage":"sv-SE"}]}},"_links":{"self":[{"href":"https:\/\/zamphelmets.co\/sv\/wp-json\/wp\/v2\/product\/23835","targetHints":{"allow":["GET"]}}],"collection":[{"href":"https:\/\/zamphelmets.co\/sv\/wp-json\/wp\/v2\/product"}],"about":[{"href":"https:\/\/zamphelmets.co\/sv\/wp-json\/wp\/v2\/types\/product"}],"replies":[{"embeddable":true,"href":"https:\/\/zamphelmets.co\/sv\/wp-json\/wp\/v2\/comments?post=23835"}],"wp:featuredmedia":[{"embeddable":true,"href":"https:\/\/zamphelmets.co\/sv\/wp-json\/wp\/v2\/media\/11943"}],"wp:attachment":[{"href":"https:\/\/zamphelmets.co\/sv\/wp-json\/wp\/v2\/media?parent=23835"}],"wp:term":[{"taxonomy":"product_brand","embeddable":true,"href":"https:\/\/zamphelmets.co\/sv\/wp-json\/wp\/v2\/product_brand?post=23835"},{"taxonomy":"product_cat","embeddable":true,"href":"https:\/\/zamphelmets.co\/sv\/wp-json\/wp\/v2\/product_cat?post=23835"},{"taxonomy":"product_tag","embeddable":true,"href":"https:\/\/zamphelmets.co\/sv\/wp-json\/wp\/v2\/product_tag?post=23835"}],"curies":[{"name":"wp","href":"https:\/\/api.w.org\/{rel}","templated":true}]}}