{"id":23750,"date":"2022-02-21T14:30:34","date_gmt":"2022-02-21T14:30:34","guid":{"rendered":"https:\/\/zamphelmets.co\/product\/hjalmvaska\/"},"modified":"2026-02-19T09:56:23","modified_gmt":"2026-02-19T09:56:23","slug":"hjalmvaska","status":"publish","type":"product","link":"https:\/\/zamphelmets.co\/sv\/produkt\/hjalmvaska\/","title":{"rendered":"Hj\u00e4lmv\u00e4ska"},"content":{"rendered":"<p>Vill du f\u00f6rvara din hj\u00e4lm s\u00e4kert och tryggt mellan t\u00e4vlingarna? Zamp hj\u00e4lmv\u00e4ska har en enkel och attraktiv design i svart och gr\u00e5tt. Det perfekta extra tillbeh\u00f6ret f\u00f6r alla som \u00e4ger en Zamp-hj\u00e4lm<\/p>\n","protected":false},"excerpt":{"rendered":"<p>Vill du f\u00f6rvara din hj\u00e4lm s\u00e4kert och tryggt mellan t\u00e4vlingarna? Zamp hj\u00e4lmv\u00e4ska har en enkel och attraktiv design i svart och gr\u00e5tt. Det perfekta extra tillbeh\u00f6ret f\u00f6r alla som \u00e4ger en Zamp-hj\u00e4lm<\/p>\n","protected":false},"featured_media":10991,"comment_status":"open","ping_status":"closed","template":"","meta":{"_acf_changed":false,"_iconic_wsb_product_page_order_bump_ids":[],"_sku":["HB002003"],"_iconic_wsb_product_page_bump_modal_ids":[]},"product_brand":[],"product_cat":[154,218,153,152],"product_tag":[],"class_list":{"0":"post-23750","1":"product","2":"type-product","3":"status-publish","4":"has-post-thumbnail","6":"product_cat-hjalmtillbehor","7":"product_cat-ovriga","8":"product_cat-tillbehor","9":"product_cat-zamp-sv","11":"first","12":"instock","13":"taxable","14":"shipping-taxable","15":"purchasable","16":"product-type-simple"},"acf":[],"yoast_head":"<!-- This site is optimized with the Yoast SEO plugin v27.0 - https:\/\/yoast.com\/product\/yoast-seo-wordpress\/ -->\n<title>Hj\u00e4lmv\u00e4ska f\u00f6r Zamp Racing - Zamp Helmets | Helmet 28 EU<\/title>\n<meta name=\"description\" content=\"Vill du f\u00f6rvara din hj\u00e4lm s\u00e4kert och tryggt mellan t\u00e4vlingarna? Zamp hj\u00e4lmv\u00e4ska har en robust och attraktiv design i svart och gr\u00e5tt.\" \/>\n<meta name=\"robots\" content=\"index, follow, max-snippet:-1, max-image-preview:large, max-video-preview:-1\" \/>\n<link rel=\"canonical\" href=\"https:\/\/zamphelmets.co\/sv\/produkt\/hjalmvaska\/\" \/>\n<meta property=\"og:locale\" content=\"sv_SE\" \/>\n<meta property=\"og:type\" content=\"article\" \/>\n<meta property=\"og:title\" content=\"Hj\u00e4lmv\u00e4ska f\u00f6r Zamp Racing - Zamp Helmets | Helmet 28 EU\" \/>\n<meta property=\"og:description\" content=\"Vill du f\u00f6rvara din hj\u00e4lm s\u00e4kert och tryggt mellan t\u00e4vlingarna? Zamp hj\u00e4lmv\u00e4ska har en robust och attraktiv design i svart och gr\u00e5tt.\" \/>\n<meta property=\"og:url\" content=\"https:\/\/zamphelmets.co\/sv\/produkt\/hjalmvaska\/\" \/>\n<meta property=\"og:site_name\" content=\"Zamp Helmets | Helmet 28 EU\" \/>\n<meta property=\"article:modified_time\" content=\"2026-02-19T09:56:23+00:00\" \/>\n<meta property=\"og:image\" content=\"https:\/\/zamphelmets.co\/wp-content\/uploads\/2019\/11\/JLSVhaRlTJGZJA1nEpsH_HB002003.jpg\" \/>\n\t<meta property=\"og:image:width\" content=\"1000\" \/>\n\t<meta property=\"og:image:height\" content=\"1000\" \/>\n\t<meta property=\"og:image:type\" content=\"image\/jpeg\" \/>\n<meta name=\"twitter:card\" content=\"summary_large_image\" \/>\n<script type=\"application\/ld+json\" class=\"yoast-schema-graph\">{\"@context\":\"https:\/\/schema.org\",\"@graph\":[{\"@type\":\"WebPage\",\"@id\":\"https:\/\/zamphelmets.co\/sv\/produkt\/hjalmvaska\/\",\"url\":\"https:\/\/zamphelmets.co\/sv\/produkt\/hjalmvaska\/\",\"name\":\"Hj\u00e4lmv\u00e4ska f\u00f6r Zamp Racing - Zamp Helmets | Helmet 28 EU\",\"isPartOf\":{\"@id\":\"https:\/\/zamphelmets.co\/sv\/#website\"},\"primaryImageOfPage\":{\"@id\":\"https:\/\/zamphelmets.co\/sv\/produkt\/hjalmvaska\/#primaryimage\"},\"image\":{\"@id\":\"https:\/\/zamphelmets.co\/sv\/produkt\/hjalmvaska\/#primaryimage\"},\"thumbnailUrl\":\"https:\/\/zamphelmets.co\/wp-content\/uploads\/2019\/11\/JLSVhaRlTJGZJA1nEpsH_HB002003.jpg\",\"datePublished\":\"2022-02-21T14:30:34+00:00\",\"dateModified\":\"2026-02-19T09:56:23+00:00\",\"description\":\"Vill du f\u00f6rvara din hj\u00e4lm s\u00e4kert och tryggt mellan t\u00e4vlingarna? Zamp hj\u00e4lmv\u00e4ska har en robust och attraktiv design i svart och gr\u00e5tt.\",\"breadcrumb\":{\"@id\":\"https:\/\/zamphelmets.co\/sv\/produkt\/hjalmvaska\/#breadcrumb\"},\"inLanguage\":\"sv-SE\",\"potentialAction\":[{\"@type\":\"ReadAction\",\"target\":[\"https:\/\/zamphelmets.co\/sv\/produkt\/hjalmvaska\/\"]}]},{\"@type\":\"ImageObject\",\"inLanguage\":\"sv-SE\",\"@id\":\"https:\/\/zamphelmets.co\/sv\/produkt\/hjalmvaska\/#primaryimage\",\"url\":\"https:\/\/zamphelmets.co\/wp-content\/uploads\/2019\/11\/JLSVhaRlTJGZJA1nEpsH_HB002003.jpg\",\"contentUrl\":\"https:\/\/zamphelmets.co\/wp-content\/uploads\/2019\/11\/JLSVhaRlTJGZJA1nEpsH_HB002003.jpg\",\"width\":1000,\"height\":1000,\"caption\":\"Zamp hj\u00e4lmv\u00e4ska f\u00f6r racing\"},{\"@type\":\"BreadcrumbList\",\"@id\":\"https:\/\/zamphelmets.co\/sv\/produkt\/hjalmvaska\/#breadcrumb\",\"itemListElement\":[{\"@type\":\"ListItem\",\"position\":1,\"name\":\"Butik\",\"item\":\"https:\/\/zamphelmets.co\/sv\/butik\/\"},{\"@type\":\"ListItem\",\"position\":2,\"name\":\"Hj\u00e4lmv\u00e4ska\"}]},{\"@type\":\"WebSite\",\"@id\":\"https:\/\/zamphelmets.co\/sv\/#website\",\"url\":\"https:\/\/zamphelmets.co\/sv\/\",\"name\":\"Zamp Helmets | Helmet 28 EU\",\"description\":\"High Quality Motorsport Helmets\",\"potentialAction\":[{\"@type\":\"SearchAction\",\"target\":{\"@type\":\"EntryPoint\",\"urlTemplate\":\"https:\/\/zamphelmets.co\/sv\/?s={search_term_string}\"},\"query-input\":{\"@type\":\"PropertyValueSpecification\",\"valueRequired\":true,\"valueName\":\"search_term_string\"}}],\"inLanguage\":\"sv-SE\"}]}<\/script>\n<!-- \/ Yoast SEO plugin. -->","yoast_head_json":{"title":"Hj\u00e4lmv\u00e4ska f\u00f6r Zamp Racing - Zamp Helmets | Helmet 28 EU","description":"Vill du f\u00f6rvara din hj\u00e4lm s\u00e4kert och tryggt mellan t\u00e4vlingarna? Zamp hj\u00e4lmv\u00e4ska har en robust och attraktiv design i svart och gr\u00e5tt.","robots":{"index":"index","follow":"follow","max-snippet":"max-snippet:-1","max-image-preview":"max-image-preview:large","max-video-preview":"max-video-preview:-1"},"canonical":"https:\/\/zamphelmets.co\/sv\/produkt\/hjalmvaska\/","og_locale":"sv_SE","og_type":"article","og_title":"Hj\u00e4lmv\u00e4ska f\u00f6r Zamp Racing - Zamp Helmets | Helmet 28 EU","og_description":"Vill du f\u00f6rvara din hj\u00e4lm s\u00e4kert och tryggt mellan t\u00e4vlingarna? Zamp hj\u00e4lmv\u00e4ska har en robust och attraktiv design i svart och gr\u00e5tt.","og_url":"https:\/\/zamphelmets.co\/sv\/produkt\/hjalmvaska\/","og_site_name":"Zamp Helmets | Helmet 28 EU","article_modified_time":"2026-02-19T09:56:23+00:00","og_image":[{"width":1000,"height":1000,"url":"https:\/\/zamphelmets.co\/wp-content\/uploads\/2019\/11\/JLSVhaRlTJGZJA1nEpsH_HB002003.jpg","type":"image\/jpeg"}],"twitter_card":"summary_large_image","schema":{"@context":"https:\/\/schema.org","@graph":[{"@type":"WebPage","@id":"https:\/\/zamphelmets.co\/sv\/produkt\/hjalmvaska\/","url":"https:\/\/zamphelmets.co\/sv\/produkt\/hjalmvaska\/","name":"Hj\u00e4lmv\u00e4ska f\u00f6r Zamp Racing - Zamp Helmets | Helmet 28 EU","isPartOf":{"@id":"https:\/\/zamphelmets.co\/sv\/#website"},"primaryImageOfPage":{"@id":"https:\/\/zamphelmets.co\/sv\/produkt\/hjalmvaska\/#primaryimage"},"image":{"@id":"https:\/\/zamphelmets.co\/sv\/produkt\/hjalmvaska\/#primaryimage"},"thumbnailUrl":"https:\/\/zamphelmets.co\/wp-content\/uploads\/2019\/11\/JLSVhaRlTJGZJA1nEpsH_HB002003.jpg","datePublished":"2022-02-21T14:30:34+00:00","dateModified":"2026-02-19T09:56:23+00:00","description":"Vill du f\u00f6rvara din hj\u00e4lm s\u00e4kert och tryggt mellan t\u00e4vlingarna? Zamp hj\u00e4lmv\u00e4ska har en robust och attraktiv design i svart och gr\u00e5tt.","breadcrumb":{"@id":"https:\/\/zamphelmets.co\/sv\/produkt\/hjalmvaska\/#breadcrumb"},"inLanguage":"sv-SE","potentialAction":[{"@type":"ReadAction","target":["https:\/\/zamphelmets.co\/sv\/produkt\/hjalmvaska\/"]}]},{"@type":"ImageObject","inLanguage":"sv-SE","@id":"https:\/\/zamphelmets.co\/sv\/produkt\/hjalmvaska\/#primaryimage","url":"https:\/\/zamphelmets.co\/wp-content\/uploads\/2019\/11\/JLSVhaRlTJGZJA1nEpsH_HB002003.jpg","contentUrl":"https:\/\/zamphelmets.co\/wp-content\/uploads\/2019\/11\/JLSVhaRlTJGZJA1nEpsH_HB002003.jpg","width":1000,"height":1000,"caption":"Zamp hj\u00e4lmv\u00e4ska f\u00f6r racing"},{"@type":"BreadcrumbList","@id":"https:\/\/zamphelmets.co\/sv\/produkt\/hjalmvaska\/#breadcrumb","itemListElement":[{"@type":"ListItem","position":1,"name":"Butik","item":"https:\/\/zamphelmets.co\/sv\/butik\/"},{"@type":"ListItem","position":2,"name":"Hj\u00e4lmv\u00e4ska"}]},{"@type":"WebSite","@id":"https:\/\/zamphelmets.co\/sv\/#website","url":"https:\/\/zamphelmets.co\/sv\/","name":"Zamp Helmets | Helmet 28 EU","description":"High Quality Motorsport Helmets","potentialAction":[{"@type":"SearchAction","target":{"@type":"EntryPoint","urlTemplate":"https:\/\/zamphelmets.co\/sv\/?s={search_term_string}"},"query-input":{"@type":"PropertyValueSpecification","valueRequired":true,"valueName":"search_term_string"}}],"inLanguage":"sv-SE"}]}},"_links":{"self":[{"href":"https:\/\/zamphelmets.co\/sv\/wp-json\/wp\/v2\/product\/23750","targetHints":{"allow":["GET"]}}],"collection":[{"href":"https:\/\/zamphelmets.co\/sv\/wp-json\/wp\/v2\/product"}],"about":[{"href":"https:\/\/zamphelmets.co\/sv\/wp-json\/wp\/v2\/types\/product"}],"replies":[{"embeddable":true,"href":"https:\/\/zamphelmets.co\/sv\/wp-json\/wp\/v2\/comments?post=23750"}],"wp:featuredmedia":[{"embeddable":true,"href":"https:\/\/zamphelmets.co\/sv\/wp-json\/wp\/v2\/media\/10991"}],"wp:attachment":[{"href":"https:\/\/zamphelmets.co\/sv\/wp-json\/wp\/v2\/media?parent=23750"}],"wp:term":[{"taxonomy":"product_brand","embeddable":true,"href":"https:\/\/zamphelmets.co\/sv\/wp-json\/wp\/v2\/product_brand?post=23750"},{"taxonomy":"product_cat","embeddable":true,"href":"https:\/\/zamphelmets.co\/sv\/wp-json\/wp\/v2\/product_cat?post=23750"},{"taxonomy":"product_tag","embeddable":true,"href":"https:\/\/zamphelmets.co\/sv\/wp-json\/wp\/v2\/product_tag?post=23750"}],"curies":[{"name":"wp","href":"https:\/\/api.w.org\/{rel}","templated":true}]}}