{"id":23711,"date":"2022-02-22T09:49:05","date_gmt":"2022-02-22T09:49:05","guid":{"rendered":"https:\/\/zamphelmets.co\/product\/hans-post\/"},"modified":"2026-02-16T15:56:35","modified_gmt":"2026-02-16T15:56:35","slug":"hans-post","status":"publish","type":"product","link":"https:\/\/zamphelmets.co\/sv\/produkt\/hans-post\/","title":{"rendered":"HANS Post"},"content":{"rendered":"<p>Dessa Hans-m\u00e4rkta stolpar \u00e4r utformade f\u00f6r att passa till alla Zamp ADULT-hj\u00e4lmar som har ett M6-g\u00e4ngat honf\u00e4ste inbyggt i hj\u00e4lmen. Stolparna g\u00f6r det m\u00f6jligt att montera en FHR \/ HANS-utrustning p\u00e5 hj\u00e4lmen.<\/p>\n<ul>\n<li>Utformad f\u00f6r att passa hj\u00e4lmar med M6-g\u00e4ngat uttag<\/li>\n<li>G\u00f6r det m\u00f6jligt att montera en FHR\/HANS-utrustning p\u00e5 en hj\u00e4lm<\/li>\n<li>Hans m\u00e4rkesvaror<\/li>\n<\/ul>\n<p>S\u00e4ljs som ett par stolpar<\/p>\n<p>FIA 8858-2010 godk\u00e4nd<\/p>\n","protected":false},"excerpt":{"rendered":"<p>Dessa Hans-m\u00e4rkta stolpar \u00e4r utformade f\u00f6r att passa till alla Zamp ADULT-hj\u00e4lmar som har ett M6-g\u00e4ngat honf\u00e4ste inbyggt i hj\u00e4lmen. Stolparna g\u00f6r det m\u00f6jligt att montera en FHR \/ HANS-utrustning p\u00e5 hj\u00e4lmen. Utformad f\u00f6r att passa hj\u00e4lmar med M6-g\u00e4ngat uttag G\u00f6r det m\u00f6jligt att montera en FHR\/HANS-utrustning p\u00e5 en hj\u00e4lm Hans m\u00e4rkesvaror S\u00e4ljs som ett [&hellip;]<\/p>\n","protected":false},"featured_media":10977,"comment_status":"open","ping_status":"closed","template":"","meta":{"_acf_changed":false,"_iconic_wsb_product_page_order_bump_ids":[],"_sku":["RZHANS"],"_iconic_wsb_product_page_bump_modal_ids":[]},"product_brand":[],"product_cat":[154,218,153,152],"product_tag":[],"class_list":{"0":"post-23711","1":"product","2":"type-product","3":"status-publish","4":"has-post-thumbnail","6":"product_cat-hjalmtillbehor","7":"product_cat-ovriga","8":"product_cat-tillbehor","9":"product_cat-zamp-sv","11":"first","12":"instock","13":"taxable","14":"shipping-taxable","15":"purchasable","16":"product-type-simple"},"acf":[],"yoast_head":"<!-- This site is optimized with the Yoast SEO plugin v27.0 - https:\/\/yoast.com\/product\/yoast-seo-wordpress\/ -->\n<title>HANS Post FIA 8858 f\u00f6r huvud- och nackst\u00f6d - Zamp Helmets | Helmet 28 EU<\/title>\n<meta name=\"description\" content=\"HANS-stolpar \u00e4r obligatoriska f\u00f6r vissa niv\u00e5er av European Racing. Anv\u00e4nds f\u00f6r att f\u00e4sta hj\u00e4lmen p\u00e5 ett huvudst\u00f6d och \u00e4r enkla att montera. Bara 50 euro\" \/>\n<meta name=\"robots\" content=\"index, follow, max-snippet:-1, max-image-preview:large, max-video-preview:-1\" \/>\n<link rel=\"canonical\" href=\"https:\/\/zamphelmets.co\/sv\/produkt\/hans-post\/\" \/>\n<meta property=\"og:locale\" content=\"sv_SE\" \/>\n<meta property=\"og:type\" content=\"article\" \/>\n<meta property=\"og:title\" content=\"HANS Post FIA 8858 f\u00f6r huvud- och nackst\u00f6d - Zamp Helmets | Helmet 28 EU\" \/>\n<meta property=\"og:description\" content=\"HANS-stolpar \u00e4r obligatoriska f\u00f6r vissa niv\u00e5er av European Racing. Anv\u00e4nds f\u00f6r att f\u00e4sta hj\u00e4lmen p\u00e5 ett huvudst\u00f6d och \u00e4r enkla att montera. Bara 50 euro\" \/>\n<meta property=\"og:url\" content=\"https:\/\/zamphelmets.co\/sv\/produkt\/hans-post\/\" \/>\n<meta property=\"og:site_name\" content=\"Zamp Helmets | Helmet 28 EU\" \/>\n<meta property=\"article:modified_time\" content=\"2026-02-16T15:56:35+00:00\" \/>\n<meta property=\"og:image\" content=\"https:\/\/zamphelmets.co\/wp-content\/uploads\/2019\/11\/sim_ak1131-12s-1.jpg\" \/>\n\t<meta property=\"og:image:width\" content=\"560\" \/>\n\t<meta property=\"og:image:height\" content=\"560\" \/>\n\t<meta property=\"og:image:type\" content=\"image\/jpeg\" \/>\n<meta name=\"twitter:card\" content=\"summary_large_image\" \/>\n<script type=\"application\/ld+json\" class=\"yoast-schema-graph\">{\"@context\":\"https:\/\/schema.org\",\"@graph\":[{\"@type\":\"WebPage\",\"@id\":\"https:\/\/zamphelmets.co\/sv\/produkt\/hans-post\/\",\"url\":\"https:\/\/zamphelmets.co\/sv\/produkt\/hans-post\/\",\"name\":\"HANS Post FIA 8858 f\u00f6r huvud- och nackst\u00f6d - Zamp Helmets | Helmet 28 EU\",\"isPartOf\":{\"@id\":\"https:\/\/zamphelmets.co\/sv\/#website\"},\"primaryImageOfPage\":{\"@id\":\"https:\/\/zamphelmets.co\/sv\/produkt\/hans-post\/#primaryimage\"},\"image\":{\"@id\":\"https:\/\/zamphelmets.co\/sv\/produkt\/hans-post\/#primaryimage\"},\"thumbnailUrl\":\"https:\/\/zamphelmets.co\/wp-content\/uploads\/2019\/11\/sim_ak1131-12s-1.jpg\",\"datePublished\":\"2022-02-22T09:49:05+00:00\",\"dateModified\":\"2026-02-16T15:56:35+00:00\",\"description\":\"HANS-stolpar \u00e4r obligatoriska f\u00f6r vissa niv\u00e5er av European Racing. Anv\u00e4nds f\u00f6r att f\u00e4sta hj\u00e4lmen p\u00e5 ett huvudst\u00f6d och \u00e4r enkla att montera. Bara 50 euro\",\"breadcrumb\":{\"@id\":\"https:\/\/zamphelmets.co\/sv\/produkt\/hans-post\/#breadcrumb\"},\"inLanguage\":\"sv-SE\",\"potentialAction\":[{\"@type\":\"ReadAction\",\"target\":[\"https:\/\/zamphelmets.co\/sv\/produkt\/hans-post\/\"]}]},{\"@type\":\"ImageObject\",\"inLanguage\":\"sv-SE\",\"@id\":\"https:\/\/zamphelmets.co\/sv\/produkt\/hans-post\/#primaryimage\",\"url\":\"https:\/\/zamphelmets.co\/wp-content\/uploads\/2019\/11\/sim_ak1131-12s-1.jpg\",\"contentUrl\":\"https:\/\/zamphelmets.co\/wp-content\/uploads\/2019\/11\/sim_ak1131-12s-1.jpg\",\"width\":560,\"height\":560,\"caption\":\"HANS Post huvud- och nackst\u00f6d f\u00f6r zamp-hj\u00e4lmar\"},{\"@type\":\"BreadcrumbList\",\"@id\":\"https:\/\/zamphelmets.co\/sv\/produkt\/hans-post\/#breadcrumb\",\"itemListElement\":[{\"@type\":\"ListItem\",\"position\":1,\"name\":\"Butik\",\"item\":\"https:\/\/zamphelmets.co\/sv\/butik\/\"},{\"@type\":\"ListItem\",\"position\":2,\"name\":\"HANS Post\"}]},{\"@type\":\"WebSite\",\"@id\":\"https:\/\/zamphelmets.co\/sv\/#website\",\"url\":\"https:\/\/zamphelmets.co\/sv\/\",\"name\":\"Zamp Helmets | Helmet 28 EU\",\"description\":\"High Quality Motorsport Helmets\",\"potentialAction\":[{\"@type\":\"SearchAction\",\"target\":{\"@type\":\"EntryPoint\",\"urlTemplate\":\"https:\/\/zamphelmets.co\/sv\/?s={search_term_string}\"},\"query-input\":{\"@type\":\"PropertyValueSpecification\",\"valueRequired\":true,\"valueName\":\"search_term_string\"}}],\"inLanguage\":\"sv-SE\"}]}<\/script>\n<!-- \/ Yoast SEO plugin. -->","yoast_head_json":{"title":"HANS Post FIA 8858 f\u00f6r huvud- och nackst\u00f6d - Zamp Helmets | Helmet 28 EU","description":"HANS-stolpar \u00e4r obligatoriska f\u00f6r vissa niv\u00e5er av European Racing. Anv\u00e4nds f\u00f6r att f\u00e4sta hj\u00e4lmen p\u00e5 ett huvudst\u00f6d och \u00e4r enkla att montera. Bara 50 euro","robots":{"index":"index","follow":"follow","max-snippet":"max-snippet:-1","max-image-preview":"max-image-preview:large","max-video-preview":"max-video-preview:-1"},"canonical":"https:\/\/zamphelmets.co\/sv\/produkt\/hans-post\/","og_locale":"sv_SE","og_type":"article","og_title":"HANS Post FIA 8858 f\u00f6r huvud- och nackst\u00f6d - Zamp Helmets | Helmet 28 EU","og_description":"HANS-stolpar \u00e4r obligatoriska f\u00f6r vissa niv\u00e5er av European Racing. Anv\u00e4nds f\u00f6r att f\u00e4sta hj\u00e4lmen p\u00e5 ett huvudst\u00f6d och \u00e4r enkla att montera. Bara 50 euro","og_url":"https:\/\/zamphelmets.co\/sv\/produkt\/hans-post\/","og_site_name":"Zamp Helmets | Helmet 28 EU","article_modified_time":"2026-02-16T15:56:35+00:00","og_image":[{"width":560,"height":560,"url":"https:\/\/zamphelmets.co\/wp-content\/uploads\/2019\/11\/sim_ak1131-12s-1.jpg","type":"image\/jpeg"}],"twitter_card":"summary_large_image","schema":{"@context":"https:\/\/schema.org","@graph":[{"@type":"WebPage","@id":"https:\/\/zamphelmets.co\/sv\/produkt\/hans-post\/","url":"https:\/\/zamphelmets.co\/sv\/produkt\/hans-post\/","name":"HANS Post FIA 8858 f\u00f6r huvud- och nackst\u00f6d - Zamp Helmets | Helmet 28 EU","isPartOf":{"@id":"https:\/\/zamphelmets.co\/sv\/#website"},"primaryImageOfPage":{"@id":"https:\/\/zamphelmets.co\/sv\/produkt\/hans-post\/#primaryimage"},"image":{"@id":"https:\/\/zamphelmets.co\/sv\/produkt\/hans-post\/#primaryimage"},"thumbnailUrl":"https:\/\/zamphelmets.co\/wp-content\/uploads\/2019\/11\/sim_ak1131-12s-1.jpg","datePublished":"2022-02-22T09:49:05+00:00","dateModified":"2026-02-16T15:56:35+00:00","description":"HANS-stolpar \u00e4r obligatoriska f\u00f6r vissa niv\u00e5er av European Racing. Anv\u00e4nds f\u00f6r att f\u00e4sta hj\u00e4lmen p\u00e5 ett huvudst\u00f6d och \u00e4r enkla att montera. Bara 50 euro","breadcrumb":{"@id":"https:\/\/zamphelmets.co\/sv\/produkt\/hans-post\/#breadcrumb"},"inLanguage":"sv-SE","potentialAction":[{"@type":"ReadAction","target":["https:\/\/zamphelmets.co\/sv\/produkt\/hans-post\/"]}]},{"@type":"ImageObject","inLanguage":"sv-SE","@id":"https:\/\/zamphelmets.co\/sv\/produkt\/hans-post\/#primaryimage","url":"https:\/\/zamphelmets.co\/wp-content\/uploads\/2019\/11\/sim_ak1131-12s-1.jpg","contentUrl":"https:\/\/zamphelmets.co\/wp-content\/uploads\/2019\/11\/sim_ak1131-12s-1.jpg","width":560,"height":560,"caption":"HANS Post huvud- och nackst\u00f6d f\u00f6r zamp-hj\u00e4lmar"},{"@type":"BreadcrumbList","@id":"https:\/\/zamphelmets.co\/sv\/produkt\/hans-post\/#breadcrumb","itemListElement":[{"@type":"ListItem","position":1,"name":"Butik","item":"https:\/\/zamphelmets.co\/sv\/butik\/"},{"@type":"ListItem","position":2,"name":"HANS Post"}]},{"@type":"WebSite","@id":"https:\/\/zamphelmets.co\/sv\/#website","url":"https:\/\/zamphelmets.co\/sv\/","name":"Zamp Helmets | Helmet 28 EU","description":"High Quality Motorsport Helmets","potentialAction":[{"@type":"SearchAction","target":{"@type":"EntryPoint","urlTemplate":"https:\/\/zamphelmets.co\/sv\/?s={search_term_string}"},"query-input":{"@type":"PropertyValueSpecification","valueRequired":true,"valueName":"search_term_string"}}],"inLanguage":"sv-SE"}]}},"_links":{"self":[{"href":"https:\/\/zamphelmets.co\/sv\/wp-json\/wp\/v2\/product\/23711","targetHints":{"allow":["GET"]}}],"collection":[{"href":"https:\/\/zamphelmets.co\/sv\/wp-json\/wp\/v2\/product"}],"about":[{"href":"https:\/\/zamphelmets.co\/sv\/wp-json\/wp\/v2\/types\/product"}],"replies":[{"embeddable":true,"href":"https:\/\/zamphelmets.co\/sv\/wp-json\/wp\/v2\/comments?post=23711"}],"wp:featuredmedia":[{"embeddable":true,"href":"https:\/\/zamphelmets.co\/sv\/wp-json\/wp\/v2\/media\/10977"}],"wp:attachment":[{"href":"https:\/\/zamphelmets.co\/sv\/wp-json\/wp\/v2\/media?parent=23711"}],"wp:term":[{"taxonomy":"product_brand","embeddable":true,"href":"https:\/\/zamphelmets.co\/sv\/wp-json\/wp\/v2\/product_brand?post=23711"},{"taxonomy":"product_cat","embeddable":true,"href":"https:\/\/zamphelmets.co\/sv\/wp-json\/wp\/v2\/product_cat?post=23711"},{"taxonomy":"product_tag","embeddable":true,"href":"https:\/\/zamphelmets.co\/sv\/wp-json\/wp\/v2\/product_tag?post=23711"}],"curies":[{"name":"wp","href":"https:\/\/api.w.org\/{rel}","templated":true}]}}