{"id":23605,"date":"2022-02-23T09:47:38","date_gmt":"2022-02-23T09:47:38","guid":{"rendered":"https:\/\/zamphelmets.co\/product\/z20-visir\/"},"modified":"2025-12-06T06:55:01","modified_gmt":"2025-12-06T06:55:01","slug":"z20-visir","status":"publish","type":"product","link":"https:\/\/zamphelmets.co\/sv\/produkt\/z20-visir\/","title":{"rendered":"Z20 Visir"},"content":{"rendered":"<p class=\"_3vFF3xH4Yd\">Skydden i Zamp Z-20-serien \u00e4r utformade f\u00f6r att passa alla hj\u00e4lmar i Zamp RZ-serien. Zamp Z-20-sk\u00f6ldarna \u00e4r 3 mm tjocka med avrivbara stolpar. Alla Z-20 Visors har ocks\u00e5 en anti-fog-bel\u00e4ggning.<\/p>\n<p>T\u00e4nk p\u00e5 att kunderna inte ska placera den genomskinliga filmen (som medf\u00f6ljer alla standardvisir) ovanp\u00e5 Prism Visors. Detta skyddar inte visiret och kan skada visirets ytskikt.<\/p>\n<p><strong><span style=\"color: black; font-size: 10pt;\">Zamp Z-20 Shield Replacement:<\/span><\/strong><\/p>\n<p><span style=\"color: black; font-size: 10pt;\">OBS: Det \u00e4r viktigt att INTE anv\u00e4nda elverktyg eller dra \u00e5t skruvarna f\u00f6r h\u00e5rt vid byte av skydd.<\/span><\/p>\n<p><strong><br \/>\n  <span style=\"color: black; font-size: 10pt;\">Steg 1 <\/span><br \/>\n<\/strong><span style=\"color: black; font-size: 10pt;\">L\u00e4gg en handduk p\u00e5 ett plant underlag och st\u00e4ll hj\u00e4lmen p\u00e5 den.<\/span><\/p>\n<p><strong><span style=\"color: black; font-size: 10pt;\">Steg 2  <\/span><\/strong><span style=\"color: black; font-size: 10pt;\">Ta bort sk\u00f6ldens sp\u00e4nnare p\u00e5 varje sida. Detta \u00e4r den mindre skruven p\u00e5 sidorna av sk\u00f6lden.<\/span><\/p>\n<p><strong><span style=\"color: black; font-size: 10pt;\">Steg 3  <\/span><\/strong><span style=\"color: black; font-size: 10pt;\">Ta bort sk\u00f6ldens vridskruvar p\u00e5 varje sida. Detta \u00e4r den st\u00f6rre skruven p\u00e5 sidan av sk\u00f6lden. F\u00f6r b\u00e4sta resultat f\u00f6resl\u00e5r vi att du anv\u00e4nder en fj\u00e4rdedel f\u00f6r att lossa\/dra \u00e5t detta.<\/span><\/p>\n<p><strong><span style=\"color: black; font-size: 10pt;\">Steg 4  <\/span><\/strong><span style=\"color: black; font-size: 10pt;\">Ta bort sk\u00f6lden. F\u00f6r b\u00e4sta resultat rekommenderar vi att du anv\u00e4nder en tyghandduk f\u00f6r att torka av gummit\u00e4tningen och d\u00e4r sk\u00f6lden f\u00e4sts p\u00e5 hj\u00e4lmen.<\/span><\/p>\n<p><strong><span style=\"color: black; font-size: 10pt;\">Steg 5  <\/span><\/strong><span style=\"color: black; font-size: 10pt;\">Placera sk\u00f6lden p\u00e5 hj\u00e4lmen. Det finns tv\u00e5 vita brickor som g\u00e5r mellan sk\u00e4rmen och hj\u00e4lmen, se till att de sitter p\u00e5 plats innan du monterar tillbaka sk\u00e4rmen.<\/span><\/p>\n<p><strong><span style=\"color: black; font-size: 10pt;\">Steg 6  <\/span><\/strong><span style=\"color: black; font-size: 10pt;\">Handg\u00e4nga i sk\u00f6ldens pivoter (st\u00f6rre skruv) f\u00f6r att h\u00e5lla sk\u00f6lden p\u00e5 plats. N\u00e4r de \u00e4r handg\u00e4ngade, anv\u00e4nd ett mynt och dra \u00e5t tills de sitter t\u00e4tt mot hj\u00e4lmskalet. Dra inte \u00e5t f\u00f6r h\u00e5rt.<\/span><\/p>\n<p><strong><br \/>\n  <span style=\"color: black; font-size: 10pt;\">Steg 7 <\/span><br \/>\n<\/strong><span style=\"color: black; font-size: 10pt;\">G\u00e4nga in sk\u00f6ldens vridsp\u00e4nnare f\u00f6r hand och dra sedan \u00e5t till \u00f6nskad sp\u00e4nning f\u00f6r sk\u00f6ldens r\u00f6relse.<\/span><\/p>\n<p>&nbsp;<\/p>\n","protected":false},"excerpt":{"rendered":"<p>Skydden i Zamp Z-20-serien \u00e4r utformade f\u00f6r att passa alla hj\u00e4lmar i Zamp RZ-serien. Zamp Z-20-sk\u00f6ldarna \u00e4r 3 mm tjocka med avrivbara stolpar. Alla Z-20 Visors har ocks\u00e5 en anti-fog-bel\u00e4ggning. T\u00e4nk p\u00e5 att kunderna inte ska placera den genomskinliga filmen (som medf\u00f6ljer alla standardvisir) ovanp\u00e5 Prism Visors. Detta skyddar inte visiret och kan skada visirets [&hellip;]<\/p>\n","protected":false},"featured_media":10221,"comment_status":"closed","ping_status":"closed","template":"","meta":{"_acf_changed":false,"_iconic_wsb_product_page_order_bump_ids":[[]],"_sku":[""],"_iconic_wsb_product_page_bump_modal_ids":[[]]},"product_brand":[],"product_cat":[153,279,152],"product_tag":[],"class_list":{"0":"post-23605","1":"product","2":"type-product","3":"status-publish","4":"has-post-thumbnail","6":"product_cat-tillbehor","7":"product_cat-visir","8":"product_cat-zamp-sv","10":"first","11":"instock","12":"taxable","13":"shipping-taxable","14":"purchasable","15":"product-type-variable"},"acf":[],"yoast_head":"<!-- This site is optimized with the Yoast SEO plugin v27.0 - https:\/\/yoast.com\/product\/yoast-seo-wordpress\/ -->\n<title>Z20 Visir f\u00f6r Zamp Racing - Zamp Helmets | Helmet 28 EU - Fr\u00e5n \u20ac37.49<\/title>\n<meta name=\"description\" content=\"Zamp Z20-sk\u00f6ldarna i visirserien \u00e4r utformade f\u00f6r att passa alla hj\u00e4lmar i Zamp RZ-serien. Finns i 9 varianter s\u00e5 du hittar garanterat den r\u00e4tta.\" \/>\n<meta name=\"robots\" content=\"index, follow, max-snippet:-1, max-image-preview:large, max-video-preview:-1\" \/>\n<link rel=\"canonical\" href=\"https:\/\/zamphelmets.co\/sv\/produkt\/z20-visir\/\" \/>\n<meta property=\"og:locale\" content=\"sv_SE\" \/>\n<meta property=\"og:type\" content=\"article\" \/>\n<meta property=\"og:title\" content=\"Z20 Visir f\u00f6r Zamp Racing - Zamp Helmets | Helmet 28 EU - Fr\u00e5n \u20ac37.49\" \/>\n<meta property=\"og:description\" content=\"Zamp Z20-sk\u00f6ldarna i visirserien \u00e4r utformade f\u00f6r att passa alla hj\u00e4lmar i Zamp RZ-serien. Finns i 9 varianter s\u00e5 du hittar garanterat den r\u00e4tta.\" \/>\n<meta property=\"og:url\" content=\"https:\/\/zamphelmets.co\/sv\/produkt\/z20-visir\/\" \/>\n<meta property=\"og:site_name\" content=\"Zamp Helmets | Helmet 28 EU\" \/>\n<meta property=\"article:modified_time\" content=\"2025-12-06T06:55:01+00:00\" \/>\n<meta property=\"og:image\" content=\"https:\/\/zamphelmets.co\/wp-content\/uploads\/2019\/11\/HASZ20RP-1.jpg\" \/>\n\t<meta property=\"og:image:width\" content=\"1000\" \/>\n\t<meta property=\"og:image:height\" content=\"1000\" \/>\n\t<meta property=\"og:image:type\" content=\"image\/jpeg\" \/>\n<meta name=\"twitter:card\" content=\"summary_large_image\" \/>\n<meta name=\"twitter:label1\" content=\"Est. reading time\" \/>\n\t<meta name=\"twitter:data1\" content=\"2 minuter\" \/>\n<script type=\"application\/ld+json\" class=\"yoast-schema-graph\">{\"@context\":\"https:\/\/schema.org\",\"@graph\":[{\"@type\":\"WebPage\",\"@id\":\"https:\/\/zamphelmets.co\/sv\/produkt\/z20-visir\/\",\"url\":\"https:\/\/zamphelmets.co\/sv\/produkt\/z20-visir\/\",\"name\":\"Z20 Visir f\u00f6r Zamp Racing - Zamp Helmets | Helmet 28 EU - Fr\u00e5n \u20ac37.49\",\"isPartOf\":{\"@id\":\"https:\/\/zamphelmets.co\/sv\/#website\"},\"primaryImageOfPage\":{\"@id\":\"https:\/\/zamphelmets.co\/sv\/produkt\/z20-visir\/#primaryimage\"},\"image\":{\"@id\":\"https:\/\/zamphelmets.co\/sv\/produkt\/z20-visir\/#primaryimage\"},\"thumbnailUrl\":\"https:\/\/zamphelmets.co\/wp-content\/uploads\/2019\/11\/HASZ20RP-1.jpg\",\"datePublished\":\"2022-02-23T09:47:38+00:00\",\"dateModified\":\"2025-12-06T06:55:01+00:00\",\"description\":\"Zamp Z20-sk\u00f6ldarna i visirserien \u00e4r utformade f\u00f6r att passa alla hj\u00e4lmar i Zamp RZ-serien. Finns i 9 varianter s\u00e5 du hittar garanterat den r\u00e4tta.\",\"breadcrumb\":{\"@id\":\"https:\/\/zamphelmets.co\/sv\/produkt\/z20-visir\/#breadcrumb\"},\"inLanguage\":\"sv-SE\",\"potentialAction\":[{\"@type\":\"ReadAction\",\"target\":[\"https:\/\/zamphelmets.co\/sv\/produkt\/z20-visir\/\"]}]},{\"@type\":\"ImageObject\",\"inLanguage\":\"sv-SE\",\"@id\":\"https:\/\/zamphelmets.co\/sv\/produkt\/z20-visir\/#primaryimage\",\"url\":\"https:\/\/zamphelmets.co\/wp-content\/uploads\/2019\/11\/HASZ20RP-1.jpg\",\"contentUrl\":\"https:\/\/zamphelmets.co\/wp-content\/uploads\/2019\/11\/HASZ20RP-1.jpg\",\"width\":1000,\"height\":1000,\"caption\":\"Zamp Z20 Visir f\u00f6r Zamp Racing-hj\u00e4lmar\"},{\"@type\":\"BreadcrumbList\",\"@id\":\"https:\/\/zamphelmets.co\/sv\/produkt\/z20-visir\/#breadcrumb\",\"itemListElement\":[{\"@type\":\"ListItem\",\"position\":1,\"name\":\"Butik\",\"item\":\"https:\/\/zamphelmets.co\/sv\/butik\/\"},{\"@type\":\"ListItem\",\"position\":2,\"name\":\"Z20 Visir\"}]},{\"@type\":\"WebSite\",\"@id\":\"https:\/\/zamphelmets.co\/sv\/#website\",\"url\":\"https:\/\/zamphelmets.co\/sv\/\",\"name\":\"Zamp Helmets | Helmet 28 EU\",\"description\":\"High Quality Motorsport Helmets\",\"potentialAction\":[{\"@type\":\"SearchAction\",\"target\":{\"@type\":\"EntryPoint\",\"urlTemplate\":\"https:\/\/zamphelmets.co\/sv\/?s={search_term_string}\"},\"query-input\":{\"@type\":\"PropertyValueSpecification\",\"valueRequired\":true,\"valueName\":\"search_term_string\"}}],\"inLanguage\":\"sv-SE\"}]}<\/script>\n<!-- \/ Yoast SEO plugin. -->","yoast_head_json":{"title":"Z20 Visir f\u00f6r Zamp Racing - Zamp Helmets | Helmet 28 EU - Fr\u00e5n \u20ac37.49","description":"Zamp Z20-sk\u00f6ldarna i visirserien \u00e4r utformade f\u00f6r att passa alla hj\u00e4lmar i Zamp RZ-serien. Finns i 9 varianter s\u00e5 du hittar garanterat den r\u00e4tta.","robots":{"index":"index","follow":"follow","max-snippet":"max-snippet:-1","max-image-preview":"max-image-preview:large","max-video-preview":"max-video-preview:-1"},"canonical":"https:\/\/zamphelmets.co\/sv\/produkt\/z20-visir\/","og_locale":"sv_SE","og_type":"article","og_title":"Z20 Visir f\u00f6r Zamp Racing - Zamp Helmets | Helmet 28 EU - Fr\u00e5n \u20ac37.49","og_description":"Zamp Z20-sk\u00f6ldarna i visirserien \u00e4r utformade f\u00f6r att passa alla hj\u00e4lmar i Zamp RZ-serien. Finns i 9 varianter s\u00e5 du hittar garanterat den r\u00e4tta.","og_url":"https:\/\/zamphelmets.co\/sv\/produkt\/z20-visir\/","og_site_name":"Zamp Helmets | Helmet 28 EU","article_modified_time":"2025-12-06T06:55:01+00:00","og_image":[{"width":1000,"height":1000,"url":"https:\/\/zamphelmets.co\/wp-content\/uploads\/2019\/11\/HASZ20RP-1.jpg","type":"image\/jpeg"}],"twitter_card":"summary_large_image","twitter_misc":{"Est. reading time":"2 minuter"},"schema":{"@context":"https:\/\/schema.org","@graph":[{"@type":"WebPage","@id":"https:\/\/zamphelmets.co\/sv\/produkt\/z20-visir\/","url":"https:\/\/zamphelmets.co\/sv\/produkt\/z20-visir\/","name":"Z20 Visir f\u00f6r Zamp Racing - Zamp Helmets | Helmet 28 EU - Fr\u00e5n \u20ac37.49","isPartOf":{"@id":"https:\/\/zamphelmets.co\/sv\/#website"},"primaryImageOfPage":{"@id":"https:\/\/zamphelmets.co\/sv\/produkt\/z20-visir\/#primaryimage"},"image":{"@id":"https:\/\/zamphelmets.co\/sv\/produkt\/z20-visir\/#primaryimage"},"thumbnailUrl":"https:\/\/zamphelmets.co\/wp-content\/uploads\/2019\/11\/HASZ20RP-1.jpg","datePublished":"2022-02-23T09:47:38+00:00","dateModified":"2025-12-06T06:55:01+00:00","description":"Zamp Z20-sk\u00f6ldarna i visirserien \u00e4r utformade f\u00f6r att passa alla hj\u00e4lmar i Zamp RZ-serien. Finns i 9 varianter s\u00e5 du hittar garanterat den r\u00e4tta.","breadcrumb":{"@id":"https:\/\/zamphelmets.co\/sv\/produkt\/z20-visir\/#breadcrumb"},"inLanguage":"sv-SE","potentialAction":[{"@type":"ReadAction","target":["https:\/\/zamphelmets.co\/sv\/produkt\/z20-visir\/"]}]},{"@type":"ImageObject","inLanguage":"sv-SE","@id":"https:\/\/zamphelmets.co\/sv\/produkt\/z20-visir\/#primaryimage","url":"https:\/\/zamphelmets.co\/wp-content\/uploads\/2019\/11\/HASZ20RP-1.jpg","contentUrl":"https:\/\/zamphelmets.co\/wp-content\/uploads\/2019\/11\/HASZ20RP-1.jpg","width":1000,"height":1000,"caption":"Zamp Z20 Visir f\u00f6r Zamp Racing-hj\u00e4lmar"},{"@type":"BreadcrumbList","@id":"https:\/\/zamphelmets.co\/sv\/produkt\/z20-visir\/#breadcrumb","itemListElement":[{"@type":"ListItem","position":1,"name":"Butik","item":"https:\/\/zamphelmets.co\/sv\/butik\/"},{"@type":"ListItem","position":2,"name":"Z20 Visir"}]},{"@type":"WebSite","@id":"https:\/\/zamphelmets.co\/sv\/#website","url":"https:\/\/zamphelmets.co\/sv\/","name":"Zamp Helmets | Helmet 28 EU","description":"High Quality Motorsport Helmets","potentialAction":[{"@type":"SearchAction","target":{"@type":"EntryPoint","urlTemplate":"https:\/\/zamphelmets.co\/sv\/?s={search_term_string}"},"query-input":{"@type":"PropertyValueSpecification","valueRequired":true,"valueName":"search_term_string"}}],"inLanguage":"sv-SE"}]}},"_links":{"self":[{"href":"https:\/\/zamphelmets.co\/sv\/wp-json\/wp\/v2\/product\/23605","targetHints":{"allow":["GET"]}}],"collection":[{"href":"https:\/\/zamphelmets.co\/sv\/wp-json\/wp\/v2\/product"}],"about":[{"href":"https:\/\/zamphelmets.co\/sv\/wp-json\/wp\/v2\/types\/product"}],"replies":[{"embeddable":true,"href":"https:\/\/zamphelmets.co\/sv\/wp-json\/wp\/v2\/comments?post=23605"}],"wp:featuredmedia":[{"embeddable":true,"href":"https:\/\/zamphelmets.co\/sv\/wp-json\/wp\/v2\/media\/10221"}],"wp:attachment":[{"href":"https:\/\/zamphelmets.co\/sv\/wp-json\/wp\/v2\/media?parent=23605"}],"wp:term":[{"taxonomy":"product_brand","embeddable":true,"href":"https:\/\/zamphelmets.co\/sv\/wp-json\/wp\/v2\/product_brand?post=23605"},{"taxonomy":"product_cat","embeddable":true,"href":"https:\/\/zamphelmets.co\/sv\/wp-json\/wp\/v2\/product_cat?post=23605"},{"taxonomy":"product_tag","embeddable":true,"href":"https:\/\/zamphelmets.co\/sv\/wp-json\/wp\/v2\/product_tag?post=23605"}],"curies":[{"name":"wp","href":"https:\/\/api.w.org\/{rel}","templated":true}]}}