{"id":23455,"date":"2023-11-23T12:51:58","date_gmt":"2023-11-23T12:51:58","guid":{"rendered":"https:\/\/zamphelmets.co\/product\/alpinestars-sequence-nackskydd-bla\/"},"modified":"2024-11-06T16:46:00","modified_gmt":"2024-11-06T16:46:00","slug":"alpinestars-sequence-nackskydd-bla","status":"publish","type":"product","link":"https:\/\/zamphelmets.co\/sv\/produkt\/alpinestars-sequence-nackskydd-bla\/","title":{"rendered":"Alpinestars SEQUENCE Nackskydd bl\u00e5"},"content":{"rendered":"<div>Alpinestars Sequence Youth Neck Roll \u00e4r designad och utvecklad speciellt f\u00f6r yngre f\u00f6rare, Sequence Youth Neck Roll \u00e4r startpunkten p\u00e5 en juniorf\u00f6rares resa till Bionic Neck Support. Sequence Neck Rolls ram \u00e4r ergonomiskt utformad f\u00f6r att passa unga f\u00f6rare och \u00e4r utformad f\u00f6r att \u00f6verf\u00f6ra energip\u00e5verkan fr\u00e5n \u00f6vre delen av nacken.<\/div>\n<div><\/div>\n<div><\/div>\n<div><strong>KONSTRUKTION<\/strong><\/div>\n<div>&#8211; Nytt hybrid-nackskydd f\u00f6r barn med f\u00f6rl\u00e4ngd stj\u00e4rt f\u00f6r h\u00f6g positionsstabilitet.<\/div>\n<div>&#8211; Ergonomiskt utformad och konstruerad form f\u00f6r att passa barn i \u00e5ldern 6-10 \u00e5r (S\/M). och fr\u00e5n 10-14 \u00e5r (L\/XL)<\/div>\n<div>&#8211; Dubbeldensitetsk\u00e4rna tillverkad av en mjuk PU-skumbas som b\u00e4ddar in ett h\u00e5rt EVA-lager f\u00f6r energidissipation.<\/div>\n<div>&#8211; Nedre och inre mjuk del (nackdelen) ger komfort f\u00f6r axlar och nacke, h\u00e5rd del p\u00e5 den \u00f6vre delen ger stabilitet och f\u00f6rdelar kraften n\u00e4r hj\u00e4lmen sl\u00e5r i marken.<\/div>\n<div><\/div>\n<div><\/div>\n<div><strong>VIKTIGA FUNKTIONER<\/strong><\/div>\n<div>&#8211; L\u00e4ttanv\u00e4nd mjuk remst\u00e4ngning p\u00e5 framsidan.<\/div>\n<div>&#8211; Mycket kompatibel med alla andra skydd och jackor.<\/div>\n<div>&#8211; Ytterh\u00f6ljet kan dras av k\u00e4rnan f\u00f6r tv\u00e4tt genom kardborre\u00f6ppning p\u00e5 baksidan.<\/div>\n<div><\/div>\n<div><\/div>\n<div>S\/M &#8211; 6-7 &amp; 8-10 \u00e5r<\/div>\n<div>L\/XL &#8211; 11-12 &amp; 13\/14 \u00e5r<\/div>\n","protected":false},"excerpt":{"rendered":"<p>Alpinestars Sequence Youth Neck Roll \u00e4r designad och utvecklad speciellt f\u00f6r yngre f\u00f6rare, Sequence Youth Neck Roll \u00e4r startpunkten p\u00e5 en juniorf\u00f6rares resa till Bionic Neck Support. Sequence Neck Rolls ram \u00e4r ergonomiskt utformad f\u00f6r att passa unga f\u00f6rare och \u00e4r utformad f\u00f6r att \u00f6verf\u00f6ra energip\u00e5verkan fr\u00e5n \u00f6vre delen av nacken. KONSTRUKTION &#8211; Nytt hybrid-nackskydd [&hellip;]<\/p>\n","protected":false},"featured_media":19342,"comment_status":"open","ping_status":"closed","template":"","meta":{"_acf_changed":false,"_iconic_wsb_product_page_order_bump_ids":[[]],"_sku":["6741018-177"],"_iconic_wsb_product_page_bump_modal_ids":[[]]},"product_brand":[],"product_cat":[154,218,296,153],"product_tag":[],"class_list":{"0":"post-23455","1":"product","2":"type-product","3":"status-publish","4":"has-post-thumbnail","6":"product_cat-hjalmtillbehor","7":"product_cat-ovriga","8":"product_cat-skydd","9":"product_cat-tillbehor","11":"first","12":"instock","13":"taxable","14":"shipping-taxable","15":"purchasable","16":"product-type-variable"},"acf":[],"yoast_head":"<!-- This site is optimized with the Yoast SEO plugin v27.0 - https:\/\/yoast.com\/product\/yoast-seo-wordpress\/ -->\n<title>Alpinestars SEQUENCE Nackskydd bl\u00e5 - Zamp Helmets | Helmet 28 EU<\/title>\n<meta name=\"description\" content=\"Sequence Youth Neck Roll \u00e4r designad och utvecklad speciellt f\u00f6r yngre f\u00f6rare. Ergonomiskt utformad och konstruerad form f\u00f6r att passa barn fr\u00e5n 6 - 14 \u00e5r\" \/>\n<meta name=\"robots\" content=\"index, follow, max-snippet:-1, max-image-preview:large, max-video-preview:-1\" \/>\n<link rel=\"canonical\" href=\"https:\/\/zamphelmets.co\/sv\/produkt\/alpinestars-sequence-nackskydd-bla\/\" \/>\n<meta property=\"og:locale\" content=\"sv_SE\" \/>\n<meta property=\"og:type\" content=\"article\" \/>\n<meta property=\"og:title\" content=\"Alpinestars SEQUENCE Nackskydd bl\u00e5 - Zamp Helmets | Helmet 28 EU\" \/>\n<meta property=\"og:description\" content=\"Sequence Youth Neck Roll \u00e4r designad och utvecklad speciellt f\u00f6r yngre f\u00f6rare. Ergonomiskt utformad och konstruerad form f\u00f6r att passa barn fr\u00e5n 6 - 14 \u00e5r\" \/>\n<meta property=\"og:url\" content=\"https:\/\/zamphelmets.co\/sv\/produkt\/alpinestars-sequence-nackskydd-bla\/\" \/>\n<meta property=\"og:site_name\" content=\"Zamp Helmets | Helmet 28 EU\" \/>\n<meta property=\"article:modified_time\" content=\"2024-11-06T16:46:00+00:00\" \/>\n<meta property=\"og:image\" content=\"https:\/\/zamphelmets.co\/wp-content\/uploads\/2023\/11\/blue.jpeg\" \/>\n\t<meta property=\"og:image:width\" content=\"930\" \/>\n\t<meta property=\"og:image:height\" content=\"1000\" \/>\n\t<meta property=\"og:image:type\" content=\"image\/jpeg\" \/>\n<meta name=\"twitter:card\" content=\"summary_large_image\" \/>\n<meta name=\"twitter:label1\" content=\"Est. reading time\" \/>\n\t<meta name=\"twitter:data1\" content=\"1 minut\" \/>\n<script type=\"application\/ld+json\" class=\"yoast-schema-graph\">{\"@context\":\"https:\/\/schema.org\",\"@graph\":[{\"@type\":\"WebPage\",\"@id\":\"https:\/\/zamphelmets.co\/sv\/produkt\/alpinestars-sequence-nackskydd-bla\/\",\"url\":\"https:\/\/zamphelmets.co\/sv\/produkt\/alpinestars-sequence-nackskydd-bla\/\",\"name\":\"Alpinestars SEQUENCE Nackskydd bl\u00e5 - Zamp Helmets | Helmet 28 EU\",\"isPartOf\":{\"@id\":\"https:\/\/zamphelmets.co\/sv\/#website\"},\"primaryImageOfPage\":{\"@id\":\"https:\/\/zamphelmets.co\/sv\/produkt\/alpinestars-sequence-nackskydd-bla\/#primaryimage\"},\"image\":{\"@id\":\"https:\/\/zamphelmets.co\/sv\/produkt\/alpinestars-sequence-nackskydd-bla\/#primaryimage\"},\"thumbnailUrl\":\"https:\/\/zamphelmets.co\/wp-content\/uploads\/2023\/11\/blue.jpeg\",\"datePublished\":\"2023-11-23T12:51:58+00:00\",\"dateModified\":\"2024-11-06T16:46:00+00:00\",\"description\":\"Sequence Youth Neck Roll \u00e4r designad och utvecklad speciellt f\u00f6r yngre f\u00f6rare. Ergonomiskt utformad och konstruerad form f\u00f6r att passa barn fr\u00e5n 6 - 14 \u00e5r\",\"breadcrumb\":{\"@id\":\"https:\/\/zamphelmets.co\/sv\/produkt\/alpinestars-sequence-nackskydd-bla\/#breadcrumb\"},\"inLanguage\":\"sv-SE\",\"potentialAction\":[{\"@type\":\"ReadAction\",\"target\":[\"https:\/\/zamphelmets.co\/sv\/produkt\/alpinestars-sequence-nackskydd-bla\/\"]}]},{\"@type\":\"ImageObject\",\"inLanguage\":\"sv-SE\",\"@id\":\"https:\/\/zamphelmets.co\/sv\/produkt\/alpinestars-sequence-nackskydd-bla\/#primaryimage\",\"url\":\"https:\/\/zamphelmets.co\/wp-content\/uploads\/2023\/11\/blue.jpeg\",\"contentUrl\":\"https:\/\/zamphelmets.co\/wp-content\/uploads\/2023\/11\/blue.jpeg\",\"width\":930,\"height\":1000},{\"@type\":\"BreadcrumbList\",\"@id\":\"https:\/\/zamphelmets.co\/sv\/produkt\/alpinestars-sequence-nackskydd-bla\/#breadcrumb\",\"itemListElement\":[{\"@type\":\"ListItem\",\"position\":1,\"name\":\"Butik\",\"item\":\"https:\/\/zamphelmets.co\/sv\/butik\/\"},{\"@type\":\"ListItem\",\"position\":2,\"name\":\"Alpinestars SEQUENCE Nackskydd bl\u00e5\"}]},{\"@type\":\"WebSite\",\"@id\":\"https:\/\/zamphelmets.co\/sv\/#website\",\"url\":\"https:\/\/zamphelmets.co\/sv\/\",\"name\":\"Zamp Helmets | Helmet 28 EU\",\"description\":\"High Quality Motorsport Helmets\",\"potentialAction\":[{\"@type\":\"SearchAction\",\"target\":{\"@type\":\"EntryPoint\",\"urlTemplate\":\"https:\/\/zamphelmets.co\/sv\/?s={search_term_string}\"},\"query-input\":{\"@type\":\"PropertyValueSpecification\",\"valueRequired\":true,\"valueName\":\"search_term_string\"}}],\"inLanguage\":\"sv-SE\"}]}<\/script>\n<!-- \/ Yoast SEO plugin. -->","yoast_head_json":{"title":"Alpinestars SEQUENCE Nackskydd bl\u00e5 - Zamp Helmets | Helmet 28 EU","description":"Sequence Youth Neck Roll \u00e4r designad och utvecklad speciellt f\u00f6r yngre f\u00f6rare. Ergonomiskt utformad och konstruerad form f\u00f6r att passa barn fr\u00e5n 6 - 14 \u00e5r","robots":{"index":"index","follow":"follow","max-snippet":"max-snippet:-1","max-image-preview":"max-image-preview:large","max-video-preview":"max-video-preview:-1"},"canonical":"https:\/\/zamphelmets.co\/sv\/produkt\/alpinestars-sequence-nackskydd-bla\/","og_locale":"sv_SE","og_type":"article","og_title":"Alpinestars SEQUENCE Nackskydd bl\u00e5 - Zamp Helmets | Helmet 28 EU","og_description":"Sequence Youth Neck Roll \u00e4r designad och utvecklad speciellt f\u00f6r yngre f\u00f6rare. Ergonomiskt utformad och konstruerad form f\u00f6r att passa barn fr\u00e5n 6 - 14 \u00e5r","og_url":"https:\/\/zamphelmets.co\/sv\/produkt\/alpinestars-sequence-nackskydd-bla\/","og_site_name":"Zamp Helmets | Helmet 28 EU","article_modified_time":"2024-11-06T16:46:00+00:00","og_image":[{"width":930,"height":1000,"url":"https:\/\/zamphelmets.co\/wp-content\/uploads\/2023\/11\/blue.jpeg","type":"image\/jpeg"}],"twitter_card":"summary_large_image","twitter_misc":{"Est. reading time":"1 minut"},"schema":{"@context":"https:\/\/schema.org","@graph":[{"@type":"WebPage","@id":"https:\/\/zamphelmets.co\/sv\/produkt\/alpinestars-sequence-nackskydd-bla\/","url":"https:\/\/zamphelmets.co\/sv\/produkt\/alpinestars-sequence-nackskydd-bla\/","name":"Alpinestars SEQUENCE Nackskydd bl\u00e5 - Zamp Helmets | Helmet 28 EU","isPartOf":{"@id":"https:\/\/zamphelmets.co\/sv\/#website"},"primaryImageOfPage":{"@id":"https:\/\/zamphelmets.co\/sv\/produkt\/alpinestars-sequence-nackskydd-bla\/#primaryimage"},"image":{"@id":"https:\/\/zamphelmets.co\/sv\/produkt\/alpinestars-sequence-nackskydd-bla\/#primaryimage"},"thumbnailUrl":"https:\/\/zamphelmets.co\/wp-content\/uploads\/2023\/11\/blue.jpeg","datePublished":"2023-11-23T12:51:58+00:00","dateModified":"2024-11-06T16:46:00+00:00","description":"Sequence Youth Neck Roll \u00e4r designad och utvecklad speciellt f\u00f6r yngre f\u00f6rare. Ergonomiskt utformad och konstruerad form f\u00f6r att passa barn fr\u00e5n 6 - 14 \u00e5r","breadcrumb":{"@id":"https:\/\/zamphelmets.co\/sv\/produkt\/alpinestars-sequence-nackskydd-bla\/#breadcrumb"},"inLanguage":"sv-SE","potentialAction":[{"@type":"ReadAction","target":["https:\/\/zamphelmets.co\/sv\/produkt\/alpinestars-sequence-nackskydd-bla\/"]}]},{"@type":"ImageObject","inLanguage":"sv-SE","@id":"https:\/\/zamphelmets.co\/sv\/produkt\/alpinestars-sequence-nackskydd-bla\/#primaryimage","url":"https:\/\/zamphelmets.co\/wp-content\/uploads\/2023\/11\/blue.jpeg","contentUrl":"https:\/\/zamphelmets.co\/wp-content\/uploads\/2023\/11\/blue.jpeg","width":930,"height":1000},{"@type":"BreadcrumbList","@id":"https:\/\/zamphelmets.co\/sv\/produkt\/alpinestars-sequence-nackskydd-bla\/#breadcrumb","itemListElement":[{"@type":"ListItem","position":1,"name":"Butik","item":"https:\/\/zamphelmets.co\/sv\/butik\/"},{"@type":"ListItem","position":2,"name":"Alpinestars SEQUENCE Nackskydd bl\u00e5"}]},{"@type":"WebSite","@id":"https:\/\/zamphelmets.co\/sv\/#website","url":"https:\/\/zamphelmets.co\/sv\/","name":"Zamp Helmets | Helmet 28 EU","description":"High Quality Motorsport Helmets","potentialAction":[{"@type":"SearchAction","target":{"@type":"EntryPoint","urlTemplate":"https:\/\/zamphelmets.co\/sv\/?s={search_term_string}"},"query-input":{"@type":"PropertyValueSpecification","valueRequired":true,"valueName":"search_term_string"}}],"inLanguage":"sv-SE"}]}},"_links":{"self":[{"href":"https:\/\/zamphelmets.co\/sv\/wp-json\/wp\/v2\/product\/23455","targetHints":{"allow":["GET"]}}],"collection":[{"href":"https:\/\/zamphelmets.co\/sv\/wp-json\/wp\/v2\/product"}],"about":[{"href":"https:\/\/zamphelmets.co\/sv\/wp-json\/wp\/v2\/types\/product"}],"replies":[{"embeddable":true,"href":"https:\/\/zamphelmets.co\/sv\/wp-json\/wp\/v2\/comments?post=23455"}],"wp:featuredmedia":[{"embeddable":true,"href":"https:\/\/zamphelmets.co\/sv\/wp-json\/wp\/v2\/media\/19342"}],"wp:attachment":[{"href":"https:\/\/zamphelmets.co\/sv\/wp-json\/wp\/v2\/media?parent=23455"}],"wp:term":[{"taxonomy":"product_brand","embeddable":true,"href":"https:\/\/zamphelmets.co\/sv\/wp-json\/wp\/v2\/product_brand?post=23455"},{"taxonomy":"product_cat","embeddable":true,"href":"https:\/\/zamphelmets.co\/sv\/wp-json\/wp\/v2\/product_cat?post=23455"},{"taxonomy":"product_tag","embeddable":true,"href":"https:\/\/zamphelmets.co\/sv\/wp-json\/wp\/v2\/product_tag?post=23455"}],"curies":[{"name":"wp","href":"https:\/\/api.w.org\/{rel}","templated":true}]}}