{"id":23353,"date":"2023-04-04T09:33:40","date_gmt":"2023-04-04T09:33:40","guid":{"rendered":"https:\/\/zamphelmets.co\/product\/rz-70e-omkopplare-rod-svart-bla\/"},"modified":"2026-02-16T15:18:20","modified_gmt":"2026-02-16T15:18:20","slug":"rz-70e-omkopplare-rod-svart-bla","status":"publish","type":"product","link":"https:\/\/zamphelmets.co\/sv\/produkt\/rz-70e-omkopplare-rod-svart-bla\/","title":{"rendered":"RZ 70E-omkopplare r\u00f6d\/svart\/bl\u00e5"},"content":{"rendered":"<p>Zamp helmets \u00e4r stolta \u00f6ver att kunna lansera v\u00e5r revolutionerande hj\u00e4lm <strong>RZ-70E SWITCH <\/strong>. V\u00e5rt unika system g\u00f6r att du enkelt kan konfigurera din hj\u00e4lm f\u00f6r en m\u00e4ngd olika racingupps\u00e4ttningar.  <strong>Det har aldrig varit s\u00e5 enkelt att l\u00e4gga till kommunikation eller v\u00e4tskeers\u00e4ttning till din hj\u00e4lm!  <\/strong><\/p>\n<p>&nbsp;<\/p>\n<p>Den h\u00e4r hj\u00e4lmen har det nya DDAIR-SYSTEMET, ett nytt avlastningssystem med luftintegration och dubbel densitet. Fullst\u00e4ndig 360-graders luftkanalisering ger ultimat luftfl\u00f6de. Kall luft kommer in i hj\u00e4lmen och varm luft l\u00e4mnar hj\u00e4lmen.<\/p>\n<ul>\n<li>L\u00e4ttviktsskal av <strong>kompositmaterial med aramidblandning<\/strong> <\/li>\n<li><strong>Z-Design<\/strong> in Shell l\u00e5ter luften cirkulera genom hela skalet med hj\u00e4lp av stora inv\u00e4ndiga kanaler<\/li>\n<li><strong>Kanaler i EPS f\u00f6r hakbygel <\/strong>m\u00f6jligg\u00f6r enkel montering av kommunikationsutrustning\/mikrofon, dricksr\u00f6r.<\/li>\n<li><strong>ZF-20-serien<\/strong> 3 mm klar sk\u00e4rm med avrivningsstolpar som anv\u00e4nder 12,125 tums bananformade avrivningar<\/li>\n<li><strong>M6-insatser <\/strong>f\u00f6r huvud- och nackst\u00f6d<\/li>\n<li><strong>Installation tillg\u00e4nglig f\u00f6r kommunikation och v\u00e4tskef\u00f6rs\u00f6rjning<\/strong><\/li>\n<li><strong>FIA 8859-2015\/Snell SA-2020 Godk\u00e4nd<\/strong><\/li>\n<\/ul>\n<p><a href=\"https:\/\/zamphelmets.co\/sv\/homologering-forklarad\/\"><strong>Homologering f\u00f6rklarad<\/strong> &#8211; ta reda p\u00e5 vilken homologering du beh\u00f6ver<\/a><\/p>\n<p><a href=\"https:\/\/zamphelmets.co\/sv\/hans-stolpar-hans-och-fhr-utrustning\/\"><strong>FHR \/ HANS-utrustning<\/strong> &#8211; n\u00e4r kr\u00e4vs det?<\/a><\/p>\n<p>&nbsp;<\/p>\n<p><img decoding=\"async\" class=\"alignnone wp-image-26355 size-full lazyload\" data-src=\"https:\/\/zamphelmets.co\/wp-content\/uploads\/2024\/03\/Zamp-Helmets-sizing-guide-4166-x-4166-px-1.png\" alt=\"\" width=\"500\" height=\"500\" data-srcset=\"https:\/\/zamphelmets.co\/wp-content\/uploads\/2024\/03\/Zamp-Helmets-sizing-guide-4166-x-4166-px-1.png 500w, https:\/\/zamphelmets.co\/wp-content\/uploads\/2024\/03\/Zamp-Helmets-sizing-guide-4166-x-4166-px-1-300x300.png 300w, https:\/\/zamphelmets.co\/wp-content\/uploads\/2024\/03\/Zamp-Helmets-sizing-guide-4166-x-4166-px-1-150x150.png 150w, https:\/\/zamphelmets.co\/wp-content\/uploads\/2024\/03\/Zamp-Helmets-sizing-guide-4166-x-4166-px-1-100x100.png 100w\" data-sizes=\"(max-width: 500px) 100vw, 500px\" src=\"data:image\/svg+xml;base64,PHN2ZyB3aWR0aD0iMSIgaGVpZ2h0PSIxIiB4bWxucz0iaHR0cDovL3d3dy53My5vcmcvMjAwMC9zdmciPjwvc3ZnPg==\" style=\"--smush-placeholder-width: 500px; --smush-placeholder-aspect-ratio: 500\/500;\" \/><\/p>\n<div id=\"product-10089\" class=\"product type-product post-10089 status-publish first instock product_cat-fia product_cat-snell-2020-sa2020 product_cat-zamp has-post-thumbnail taxable shipping-taxable purchasable product-type-variable\">\n<div class=\"woocommerce-tabs wc-tabs-wrapper\">\n<div id=\"tab-description\" class=\"woocommerce-Tabs-panel woocommerce-Tabs-panel--description panel entry-content wc-tab\" role=\"tabpanel\" aria-labelledby=\"tab-title-description\">\n<p><strong>Os\u00e4ker p\u00e5 storlek? <\/strong><a href=\"https:\/\/form.jotform.com\/251263198513053\">Fyll i v\u00e5rt storleksformul\u00e4r<\/a> s\u00e5 kommer en av v\u00e5ra medarbetare att kontakta dig med v\u00e5ra rekommendationer.<\/p>\n<\/div>\n<\/div>\n<\/div>\n","protected":false},"excerpt":{"rendered":"<p>Zamp helmets \u00e4r stolta \u00f6ver att kunna lansera v\u00e5r revolutionerande hj\u00e4lm RZ-70E SWITCH . V\u00e5rt unika system g\u00f6r att du enkelt kan konfigurera din hj\u00e4lm f\u00f6r en m\u00e4ngd olika racingupps\u00e4ttningar. Det har aldrig varit s\u00e5 enkelt att l\u00e4gga till kommunikation eller v\u00e4tskeers\u00e4ttning till din hj\u00e4lm! &nbsp; Den h\u00e4r hj\u00e4lmen har det nya DDAIR-SYSTEMET, ett nytt [&hellip;]<\/p>\n","protected":false},"featured_media":18614,"comment_status":"open","ping_status":"closed","template":"","meta":{"_acf_changed":false,"_iconic_wsb_product_page_order_bump_ids":[[]],"_sku":["H760C42"],"_iconic_wsb_product_page_bump_modal_ids":[[]]},"product_brand":[],"product_cat":[253,161,152],"product_tag":[],"class_list":{"0":"post-23353","1":"product","2":"type-product","3":"status-publish","4":"has-post-thumbnail","6":"product_cat-fia-8859-sv","7":"product_cat-snell-2020-sa2020-sv","8":"product_cat-zamp-sv","10":"first","11":"instock","12":"taxable","13":"shipping-taxable","14":"purchasable","15":"product-type-variable"},"acf":[],"yoast_head":"<!-- This site is optimized with the Yoast SEO plugin v27.0 - https:\/\/yoast.com\/product\/yoast-seo-wordpress\/ -->\n<title>RZ 70E-omkopplare r\u00f6d\/svart\/bl\u00e5 %sep%Zamp Helmets | Helmet 28 EU \u20ac515,83<\/title>\n<meta name=\"description\" content=\"RZ 70E \u00e4r den mest s\u00e5lda Zamp-hj\u00e4lmen. Med FIA 8859 och en fantastisk grafik \u00e4r det ett exceptionellt v\u00e4rde p\u00e5 bara \u20ac 515,83\" \/>\n<meta name=\"robots\" content=\"index, follow, max-snippet:-1, max-image-preview:large, max-video-preview:-1\" \/>\n<link rel=\"canonical\" href=\"https:\/\/zamphelmets.co\/sv\/produkt\/rz-70e-omkopplare-rod-svart-bla\/\" \/>\n<meta property=\"og:locale\" content=\"sv_SE\" \/>\n<meta property=\"og:type\" content=\"article\" \/>\n<meta property=\"og:title\" content=\"RZ 70E-omkopplare r\u00f6d\/svart\/bl\u00e5 %sep%Zamp Helmets | Helmet 28 EU \u20ac515,83\" \/>\n<meta property=\"og:description\" content=\"RZ 70E \u00e4r den mest s\u00e5lda Zamp-hj\u00e4lmen. Med FIA 8859 och en fantastisk grafik \u00e4r det ett exceptionellt v\u00e4rde p\u00e5 bara \u20ac 515,83\" \/>\n<meta property=\"og:url\" content=\"https:\/\/zamphelmets.co\/sv\/produkt\/rz-70e-omkopplare-rod-svart-bla\/\" \/>\n<meta property=\"og:site_name\" content=\"Zamp Helmets | Helmet 28 EU\" \/>\n<meta property=\"article:modified_time\" content=\"2026-02-16T15:18:20+00:00\" \/>\n<meta property=\"og:image\" content=\"https:\/\/zamphelmets.co\/wp-content\/uploads\/2023\/04\/Screenshot202023-02-0220at2014.59.54.png\" \/>\n\t<meta property=\"og:image:width\" content=\"760\" \/>\n\t<meta property=\"og:image:height\" content=\"760\" \/>\n\t<meta property=\"og:image:type\" content=\"image\/png\" \/>\n<meta name=\"twitter:card\" content=\"summary_large_image\" \/>\n<meta name=\"twitter:label1\" content=\"Est. reading time\" \/>\n\t<meta name=\"twitter:data1\" content=\"1 minut\" \/>\n<script type=\"application\/ld+json\" class=\"yoast-schema-graph\">{\"@context\":\"https:\/\/schema.org\",\"@graph\":[{\"@type\":\"WebPage\",\"@id\":\"https:\/\/zamphelmets.co\/sv\/produkt\/rz-70e-omkopplare-rod-svart-bla\/\",\"url\":\"https:\/\/zamphelmets.co\/sv\/produkt\/rz-70e-omkopplare-rod-svart-bla\/\",\"name\":\"RZ 70E-omkopplare r\u00f6d\/svart\/bl\u00e5 %sep%Zamp Helmets | Helmet 28 EU \u20ac515,83\",\"isPartOf\":{\"@id\":\"https:\/\/zamphelmets.co\/sv\/#website\"},\"primaryImageOfPage\":{\"@id\":\"https:\/\/zamphelmets.co\/sv\/produkt\/rz-70e-omkopplare-rod-svart-bla\/#primaryimage\"},\"image\":{\"@id\":\"https:\/\/zamphelmets.co\/sv\/produkt\/rz-70e-omkopplare-rod-svart-bla\/#primaryimage\"},\"thumbnailUrl\":\"https:\/\/zamphelmets.co\/wp-content\/uploads\/2023\/04\/Screenshot202023-02-0220at2014.59.54.png\",\"datePublished\":\"2023-04-04T09:33:40+00:00\",\"dateModified\":\"2026-02-16T15:18:20+00:00\",\"description\":\"RZ 70E \u00e4r den mest s\u00e5lda Zamp-hj\u00e4lmen. Med FIA 8859 och en fantastisk grafik \u00e4r det ett exceptionellt v\u00e4rde p\u00e5 bara \u20ac 515,83\",\"breadcrumb\":{\"@id\":\"https:\/\/zamphelmets.co\/sv\/produkt\/rz-70e-omkopplare-rod-svart-bla\/#breadcrumb\"},\"inLanguage\":\"sv-SE\",\"potentialAction\":[{\"@type\":\"ReadAction\",\"target\":[\"https:\/\/zamphelmets.co\/sv\/produkt\/rz-70e-omkopplare-rod-svart-bla\/\"]}]},{\"@type\":\"ImageObject\",\"inLanguage\":\"sv-SE\",\"@id\":\"https:\/\/zamphelmets.co\/sv\/produkt\/rz-70e-omkopplare-rod-svart-bla\/#primaryimage\",\"url\":\"https:\/\/zamphelmets.co\/wp-content\/uploads\/2023\/04\/Screenshot202023-02-0220at2014.59.54.png\",\"contentUrl\":\"https:\/\/zamphelmets.co\/wp-content\/uploads\/2023\/04\/Screenshot202023-02-0220at2014.59.54.png\",\"width\":760,\"height\":760},{\"@type\":\"BreadcrumbList\",\"@id\":\"https:\/\/zamphelmets.co\/sv\/produkt\/rz-70e-omkopplare-rod-svart-bla\/#breadcrumb\",\"itemListElement\":[{\"@type\":\"ListItem\",\"position\":1,\"name\":\"Butik\",\"item\":\"https:\/\/zamphelmets.co\/sv\/butik\/\"},{\"@type\":\"ListItem\",\"position\":2,\"name\":\"RZ 70E-omkopplare r\u00f6d\/svart\/bl\u00e5\"}]},{\"@type\":\"WebSite\",\"@id\":\"https:\/\/zamphelmets.co\/sv\/#website\",\"url\":\"https:\/\/zamphelmets.co\/sv\/\",\"name\":\"Zamp Helmets | Helmet 28 EU\",\"description\":\"High Quality Motorsport Helmets\",\"potentialAction\":[{\"@type\":\"SearchAction\",\"target\":{\"@type\":\"EntryPoint\",\"urlTemplate\":\"https:\/\/zamphelmets.co\/sv\/?s={search_term_string}\"},\"query-input\":{\"@type\":\"PropertyValueSpecification\",\"valueRequired\":true,\"valueName\":\"search_term_string\"}}],\"inLanguage\":\"sv-SE\"}]}<\/script>\n<!-- \/ Yoast SEO plugin. -->","yoast_head_json":{"title":"RZ 70E-omkopplare r\u00f6d\/svart\/bl\u00e5 %sep%Zamp Helmets | Helmet 28 EU \u20ac515,83","description":"RZ 70E \u00e4r den mest s\u00e5lda Zamp-hj\u00e4lmen. Med FIA 8859 och en fantastisk grafik \u00e4r det ett exceptionellt v\u00e4rde p\u00e5 bara \u20ac 515,83","robots":{"index":"index","follow":"follow","max-snippet":"max-snippet:-1","max-image-preview":"max-image-preview:large","max-video-preview":"max-video-preview:-1"},"canonical":"https:\/\/zamphelmets.co\/sv\/produkt\/rz-70e-omkopplare-rod-svart-bla\/","og_locale":"sv_SE","og_type":"article","og_title":"RZ 70E-omkopplare r\u00f6d\/svart\/bl\u00e5 %sep%Zamp Helmets | Helmet 28 EU \u20ac515,83","og_description":"RZ 70E \u00e4r den mest s\u00e5lda Zamp-hj\u00e4lmen. Med FIA 8859 och en fantastisk grafik \u00e4r det ett exceptionellt v\u00e4rde p\u00e5 bara \u20ac 515,83","og_url":"https:\/\/zamphelmets.co\/sv\/produkt\/rz-70e-omkopplare-rod-svart-bla\/","og_site_name":"Zamp Helmets | Helmet 28 EU","article_modified_time":"2026-02-16T15:18:20+00:00","og_image":[{"width":760,"height":760,"url":"https:\/\/zamphelmets.co\/wp-content\/uploads\/2023\/04\/Screenshot202023-02-0220at2014.59.54.png","type":"image\/png"}],"twitter_card":"summary_large_image","twitter_misc":{"Est. reading time":"1 minut"},"schema":{"@context":"https:\/\/schema.org","@graph":[{"@type":"WebPage","@id":"https:\/\/zamphelmets.co\/sv\/produkt\/rz-70e-omkopplare-rod-svart-bla\/","url":"https:\/\/zamphelmets.co\/sv\/produkt\/rz-70e-omkopplare-rod-svart-bla\/","name":"RZ 70E-omkopplare r\u00f6d\/svart\/bl\u00e5 %sep%Zamp Helmets | Helmet 28 EU \u20ac515,83","isPartOf":{"@id":"https:\/\/zamphelmets.co\/sv\/#website"},"primaryImageOfPage":{"@id":"https:\/\/zamphelmets.co\/sv\/produkt\/rz-70e-omkopplare-rod-svart-bla\/#primaryimage"},"image":{"@id":"https:\/\/zamphelmets.co\/sv\/produkt\/rz-70e-omkopplare-rod-svart-bla\/#primaryimage"},"thumbnailUrl":"https:\/\/zamphelmets.co\/wp-content\/uploads\/2023\/04\/Screenshot202023-02-0220at2014.59.54.png","datePublished":"2023-04-04T09:33:40+00:00","dateModified":"2026-02-16T15:18:20+00:00","description":"RZ 70E \u00e4r den mest s\u00e5lda Zamp-hj\u00e4lmen. Med FIA 8859 och en fantastisk grafik \u00e4r det ett exceptionellt v\u00e4rde p\u00e5 bara \u20ac 515,83","breadcrumb":{"@id":"https:\/\/zamphelmets.co\/sv\/produkt\/rz-70e-omkopplare-rod-svart-bla\/#breadcrumb"},"inLanguage":"sv-SE","potentialAction":[{"@type":"ReadAction","target":["https:\/\/zamphelmets.co\/sv\/produkt\/rz-70e-omkopplare-rod-svart-bla\/"]}]},{"@type":"ImageObject","inLanguage":"sv-SE","@id":"https:\/\/zamphelmets.co\/sv\/produkt\/rz-70e-omkopplare-rod-svart-bla\/#primaryimage","url":"https:\/\/zamphelmets.co\/wp-content\/uploads\/2023\/04\/Screenshot202023-02-0220at2014.59.54.png","contentUrl":"https:\/\/zamphelmets.co\/wp-content\/uploads\/2023\/04\/Screenshot202023-02-0220at2014.59.54.png","width":760,"height":760},{"@type":"BreadcrumbList","@id":"https:\/\/zamphelmets.co\/sv\/produkt\/rz-70e-omkopplare-rod-svart-bla\/#breadcrumb","itemListElement":[{"@type":"ListItem","position":1,"name":"Butik","item":"https:\/\/zamphelmets.co\/sv\/butik\/"},{"@type":"ListItem","position":2,"name":"RZ 70E-omkopplare r\u00f6d\/svart\/bl\u00e5"}]},{"@type":"WebSite","@id":"https:\/\/zamphelmets.co\/sv\/#website","url":"https:\/\/zamphelmets.co\/sv\/","name":"Zamp Helmets | Helmet 28 EU","description":"High Quality Motorsport Helmets","potentialAction":[{"@type":"SearchAction","target":{"@type":"EntryPoint","urlTemplate":"https:\/\/zamphelmets.co\/sv\/?s={search_term_string}"},"query-input":{"@type":"PropertyValueSpecification","valueRequired":true,"valueName":"search_term_string"}}],"inLanguage":"sv-SE"}]}},"_links":{"self":[{"href":"https:\/\/zamphelmets.co\/sv\/wp-json\/wp\/v2\/product\/23353","targetHints":{"allow":["GET"]}}],"collection":[{"href":"https:\/\/zamphelmets.co\/sv\/wp-json\/wp\/v2\/product"}],"about":[{"href":"https:\/\/zamphelmets.co\/sv\/wp-json\/wp\/v2\/types\/product"}],"replies":[{"embeddable":true,"href":"https:\/\/zamphelmets.co\/sv\/wp-json\/wp\/v2\/comments?post=23353"}],"wp:featuredmedia":[{"embeddable":true,"href":"https:\/\/zamphelmets.co\/sv\/wp-json\/wp\/v2\/media\/18614"}],"wp:attachment":[{"href":"https:\/\/zamphelmets.co\/sv\/wp-json\/wp\/v2\/media?parent=23353"}],"wp:term":[{"taxonomy":"product_brand","embeddable":true,"href":"https:\/\/zamphelmets.co\/sv\/wp-json\/wp\/v2\/product_brand?post=23353"},{"taxonomy":"product_cat","embeddable":true,"href":"https:\/\/zamphelmets.co\/sv\/wp-json\/wp\/v2\/product_cat?post=23353"},{"taxonomy":"product_tag","embeddable":true,"href":"https:\/\/zamphelmets.co\/sv\/wp-json\/wp\/v2\/product_tag?post=23353"}],"curies":[{"name":"wp","href":"https:\/\/api.w.org\/{rel}","templated":true}]}}