{"id":23139,"date":"2023-01-17T19:26:05","date_gmt":"2023-01-17T19:26:05","guid":{"rendered":"https:\/\/zamphelmets.co\/product\/rz-42-ungdom-vit-bla\/"},"modified":"2026-04-09T13:28:22","modified_gmt":"2026-04-09T13:28:22","slug":"rz-42-ungdom-vit-bla","status":"publish","type":"product","link":"https:\/\/zamphelmets.co\/sv\/produkt\/rz-42-ungdom-vit-bla\/","title":{"rendered":"RZ 42 Ungdom Vit \/ Bl\u00e5"},"content":{"rendered":"<p class=\"_3vFF3xH4Yd\" dir=\"ltr\">Zamp RZ-42Y CMR Youth White\/Blue Helmet \u00e4r helt ny f\u00f6r 2023 och \u00e4r den ultimata kartinghj\u00e4lmen med CMR2016. Utformad f\u00f6r juniorf\u00f6rare inom karting som kr\u00e4ver standard CMR-homologering. RZ-42Y har uppdaterade funktioner och \u00e4r <strong>mindre<\/strong> och <strong>l\u00e4ttare<\/strong>, men fortfarande fylld med alla toppspecifikationer och funktioner som vuxenhj\u00e4lmen.<\/p>\n<p dir=\"ltr\"><strong>Det h\u00e4r \u00e4r en hj\u00e4lm som \u00e4r s\u00e4rskilt utformad f\u00f6r barn. Det \u00e4r inte l\u00e4mpligt att b\u00e4ra denna hj\u00e4lm som vuxen, se <a href=\"https:\/\/zamphelmets.co\/faqs\/#:~:text=I%20Have%20A%20Small%20Head%2C%20Can%20I%20Wear%20A%20Youth%20Helmet%3F\">L\u00c4NK H\u00c4R<\/a> f\u00f6r mer information.<\/strong><\/p>\n<p dir=\"ltr\">Tillverkad av ett superl\u00e4tt skal av glasfiberkomposit med flera ventilations\u00f6ppningar f\u00f6r optimal ventilation. Hj\u00e4lmen har ocks\u00e5 ett avtagbart foder som g\u00f6r det enkelt och effektivt att tv\u00e4tta hj\u00e4lmen.<\/p>\n<p dir=\"ltr\">Denna f\u00f6rm\u00e5lade, fantastiska f\u00e4rgkombination i vitt och bl\u00e5tt har en fantastisk finish och utm\u00e4rker sig som marknadsledande i j\u00e4mf\u00f6relse med hj\u00e4lmar fr\u00e5n andra ledande m\u00e4rken. Zamp White\/Blue-grafiken erbjuder ett lysande alternativ till att betala f\u00f6r en eftermarknadslackering till bara en br\u00e5kdel av kostnaden.<\/p>\n<ul>\n<li class=\"_3vFF3xH4Yd\">Mindre och l\u00e4ttare skal<\/li>\n<li class=\"_3vFF3xH4Yd\">L\u00e4ttviktsskal i komposit Kevlar Mix<\/li>\n<li class=\"_3vFF3xH4Yd\">Brandh\u00e4mmande inredning i plysch<\/li>\n<li class=\"_3vFF3xH4Yd\">Z-20-serien 2,5 mm klar sk\u00e4rm<\/li>\n<li>Bakre spoiler ing\u00e5r<\/li>\n<li class=\"_3vFF3xH4Yd\">L\u00f6stagbart\/tv\u00e4ttbart komfortfoder<\/li>\n<li>Luftintagsventil p\u00e5 ovansidan plus ventilations\u00f6ppningar i hakst\u00f6det. Ger m\u00f6jlighet att k\u00f6ra tillbeh\u00f6rsalternativet f\u00f6r forcerad luft<\/li>\n<li class=\"_3vFF3xH4Yd\">SNELL CMR2016 Standard<\/li>\n<li class=\"_3vFF3xH4Yd\">Tillg\u00e4ngliga storlekar: 52 cm, 54 cm, 56 cm, 57 cm, 59 cm<\/li>\n<\/ul>\n<p>&nbsp;<\/p>\n<p>Observera: Om du m\u00e4ter mellan tv\u00e5 storlekar rekommenderar vi att du v\u00e4ljer en storlek st\u00f6rre \u00e4n din vanliga passform f\u00f6r optimal komfort och r\u00e4tt placering av hj\u00e4lmen.<\/p>\n<div id=\"product-10089\" class=\"product type-product post-10089 status-publish first instock product_cat-fia product_cat-snell-2020-sa2020 product_cat-zamp has-post-thumbnail taxable shipping-taxable purchasable product-type-variable\">\n<div class=\"woocommerce-tabs wc-tabs-wrapper\">\n<div id=\"tab-description\" class=\"woocommerce-Tabs-panel woocommerce-Tabs-panel--description panel entry-content wc-tab\" role=\"tabpanel\" aria-labelledby=\"tab-title-description\">\n<p><strong>Os\u00e4ker p\u00e5 storlek? <\/strong><a href=\"https:\/\/form.jotform.com\/251263198513053\">Fyll i v\u00e5rt storleksformul\u00e4r<\/a> s\u00e5 kommer en av v\u00e5ra medarbetare att kontakta dig med v\u00e5ra rekommendationer.<\/p>\n<p><img decoding=\"async\" class=\"alignnone wp-image-202049 lazyload\" data-src=\"https:\/\/zamphelmets.co\/wp-content\/uploads\/2025\/05\/Zamp-Helmets-sizing-guide-scaled.png\" alt=\"\" width=\"518\" height=\"518\" data-srcset=\"https:\/\/zamphelmets.co\/wp-content\/uploads\/2025\/05\/Zamp-Helmets-sizing-guide-scaled.png 2560w, https:\/\/zamphelmets.co\/wp-content\/uploads\/2025\/05\/Zamp-Helmets-sizing-guide-300x300.png 300w, https:\/\/zamphelmets.co\/wp-content\/uploads\/2025\/05\/Zamp-Helmets-sizing-guide-1024x1024.png 1024w, https:\/\/zamphelmets.co\/wp-content\/uploads\/2025\/05\/Zamp-Helmets-sizing-guide-150x150.png 150w, https:\/\/zamphelmets.co\/wp-content\/uploads\/2025\/05\/Zamp-Helmets-sizing-guide-768x768.png 768w, https:\/\/zamphelmets.co\/wp-content\/uploads\/2025\/05\/Zamp-Helmets-sizing-guide-1536x1536.png 1536w, https:\/\/zamphelmets.co\/wp-content\/uploads\/2025\/05\/Zamp-Helmets-sizing-guide-2048x2048.png 2048w, https:\/\/zamphelmets.co\/wp-content\/uploads\/2025\/05\/Zamp-Helmets-sizing-guide-600x600.png 600w, https:\/\/zamphelmets.co\/wp-content\/uploads\/2025\/05\/Zamp-Helmets-sizing-guide-100x100.png 100w\" data-sizes=\"(max-width: 518px) 100vw, 518px\" src=\"data:image\/svg+xml;base64,PHN2ZyB3aWR0aD0iMSIgaGVpZ2h0PSIxIiB4bWxucz0iaHR0cDovL3d3dy53My5vcmcvMjAwMC9zdmciPjwvc3ZnPg==\" style=\"--smush-placeholder-width: 518px; --smush-placeholder-aspect-ratio: 518\/518;\" \/><\/p>\n<\/div>\n<\/div>\n<\/div>\n","protected":false},"excerpt":{"rendered":"<p>Zamp RZ-42Y CMR Youth White\/Blue Helmet \u00e4r helt ny f\u00f6r 2023 och \u00e4r den ultimata kartinghj\u00e4lmen med CMR2016. Utformad f\u00f6r juniorf\u00f6rare inom karting som kr\u00e4ver standard CMR-homologering. RZ-42Y har uppdaterade funktioner och \u00e4r mindre och l\u00e4ttare, men fortfarande fylld med alla toppspecifikationer och funktioner som vuxenhj\u00e4lmen. Det h\u00e4r \u00e4r en hj\u00e4lm som \u00e4r s\u00e4rskilt utformad [&hellip;]<\/p>\n","protected":false},"featured_media":18152,"comment_status":"open","ping_status":"closed","template":"","meta":{"_acf_changed":false,"_iconic_wsb_product_page_order_bump_ids":[[]],"_sku":["HE753C44"],"_iconic_wsb_product_page_bump_modal_ids":[[]]},"product_brand":[],"product_cat":[160,271,152],"product_tag":[],"class_list":{"0":"post-23139","1":"product","2":"type-product","3":"status-publish","4":"has-post-thumbnail","6":"product_cat-zamp-hjalmar","7":"product_cat-ungdom-cmr-2016-sv","8":"product_cat-zamp-sv","10":"first","11":"onbackorder","12":"taxable","13":"shipping-taxable","14":"purchasable","15":"product-type-variable"},"acf":[],"yoast_head":"<!-- This site is optimized with the Yoast SEO plugin v27.0 - https:\/\/yoast.com\/product\/yoast-seo-wordpress\/ -->\n<title>RZ 42 Ungdom Vit \/ Bl\u00e5 \u20ac270.83 - Zamp Helmets | Helmet 28 EU<\/title>\n<meta name=\"description\" content=\"Zamp RZ 42Y finns tillg\u00e4nglig i en helt ny vit\/bl\u00e5 grafik. Den mest popul\u00e4ra CMR 2016-hj\u00e4lmen har just f\u00e5tt ett nytt utseende\" \/>\n<meta name=\"robots\" content=\"index, follow, max-snippet:-1, max-image-preview:large, max-video-preview:-1\" \/>\n<link rel=\"canonical\" href=\"https:\/\/zamphelmets.co\/sv\/produkt\/rz-42-ungdom-vit-bla\/\" \/>\n<meta property=\"og:locale\" content=\"sv_SE\" \/>\n<meta property=\"og:type\" content=\"article\" \/>\n<meta property=\"og:title\" content=\"RZ 42 Ungdom Vit \/ Bl\u00e5 \u20ac270.83 - Zamp Helmets | Helmet 28 EU\" \/>\n<meta property=\"og:description\" content=\"Zamp RZ 42Y finns tillg\u00e4nglig i en helt ny vit\/bl\u00e5 grafik. Den mest popul\u00e4ra CMR 2016-hj\u00e4lmen har just f\u00e5tt ett nytt utseende\" \/>\n<meta property=\"og:url\" content=\"https:\/\/zamphelmets.co\/sv\/produkt\/rz-42-ungdom-vit-bla\/\" \/>\n<meta property=\"og:site_name\" content=\"Zamp Helmets | Helmet 28 EU\" \/>\n<meta property=\"article:modified_time\" content=\"2026-04-09T13:28:22+00:00\" \/>\n<meta property=\"og:image\" content=\"https:\/\/zamphelmets.co\/wp-content\/uploads\/2023\/01\/RZ-42Y-WhiteBlue.jpg\" \/>\n\t<meta property=\"og:image:width\" content=\"1500\" \/>\n\t<meta property=\"og:image:height\" content=\"1500\" \/>\n\t<meta property=\"og:image:type\" content=\"image\/jpeg\" \/>\n<meta name=\"twitter:card\" content=\"summary_large_image\" \/>\n<meta name=\"twitter:label1\" content=\"Est. reading time\" \/>\n\t<meta name=\"twitter:data1\" content=\"2 minuter\" \/>\n<script type=\"application\/ld+json\" class=\"yoast-schema-graph\">{\"@context\":\"https:\/\/schema.org\",\"@graph\":[{\"@type\":\"WebPage\",\"@id\":\"https:\/\/zamphelmets.co\/sv\/produkt\/rz-42-ungdom-vit-bla\/\",\"url\":\"https:\/\/zamphelmets.co\/sv\/produkt\/rz-42-ungdom-vit-bla\/\",\"name\":\"RZ 42 Ungdom Vit \/ Bl\u00e5 \u20ac270.83 - Zamp Helmets | Helmet 28 EU\",\"isPartOf\":{\"@id\":\"https:\/\/zamphelmets.co\/sv\/#website\"},\"primaryImageOfPage\":{\"@id\":\"https:\/\/zamphelmets.co\/sv\/produkt\/rz-42-ungdom-vit-bla\/#primaryimage\"},\"image\":{\"@id\":\"https:\/\/zamphelmets.co\/sv\/produkt\/rz-42-ungdom-vit-bla\/#primaryimage\"},\"thumbnailUrl\":\"https:\/\/zamphelmets.co\/wp-content\/uploads\/2023\/01\/RZ-42Y-WhiteBlue.jpg\",\"datePublished\":\"2023-01-17T19:26:05+00:00\",\"dateModified\":\"2026-04-09T13:28:22+00:00\",\"description\":\"Zamp RZ 42Y finns tillg\u00e4nglig i en helt ny vit\/bl\u00e5 grafik. Den mest popul\u00e4ra CMR 2016-hj\u00e4lmen har just f\u00e5tt ett nytt utseende\",\"breadcrumb\":{\"@id\":\"https:\/\/zamphelmets.co\/sv\/produkt\/rz-42-ungdom-vit-bla\/#breadcrumb\"},\"inLanguage\":\"sv-SE\",\"potentialAction\":[{\"@type\":\"ReadAction\",\"target\":[\"https:\/\/zamphelmets.co\/sv\/produkt\/rz-42-ungdom-vit-bla\/\"]}]},{\"@type\":\"ImageObject\",\"inLanguage\":\"sv-SE\",\"@id\":\"https:\/\/zamphelmets.co\/sv\/produkt\/rz-42-ungdom-vit-bla\/#primaryimage\",\"url\":\"https:\/\/zamphelmets.co\/wp-content\/uploads\/2023\/01\/RZ-42Y-WhiteBlue.jpg\",\"contentUrl\":\"https:\/\/zamphelmets.co\/wp-content\/uploads\/2023\/01\/RZ-42Y-WhiteBlue.jpg\",\"width\":1500,\"height\":1500},{\"@type\":\"BreadcrumbList\",\"@id\":\"https:\/\/zamphelmets.co\/sv\/produkt\/rz-42-ungdom-vit-bla\/#breadcrumb\",\"itemListElement\":[{\"@type\":\"ListItem\",\"position\":1,\"name\":\"Butik\",\"item\":\"https:\/\/zamphelmets.co\/sv\/butik\/\"},{\"@type\":\"ListItem\",\"position\":2,\"name\":\"RZ 42 Ungdom Vit \/ Bl\u00e5\"}]},{\"@type\":\"WebSite\",\"@id\":\"https:\/\/zamphelmets.co\/sv\/#website\",\"url\":\"https:\/\/zamphelmets.co\/sv\/\",\"name\":\"Zamp Helmets | Helmet 28 EU\",\"description\":\"High Quality Motorsport Helmets\",\"potentialAction\":[{\"@type\":\"SearchAction\",\"target\":{\"@type\":\"EntryPoint\",\"urlTemplate\":\"https:\/\/zamphelmets.co\/sv\/?s={search_term_string}\"},\"query-input\":{\"@type\":\"PropertyValueSpecification\",\"valueRequired\":true,\"valueName\":\"search_term_string\"}}],\"inLanguage\":\"sv-SE\"}]}<\/script>\n<!-- \/ Yoast SEO plugin. -->","yoast_head_json":{"title":"RZ 42 Ungdom Vit \/ Bl\u00e5 \u20ac270.83 - Zamp Helmets | Helmet 28 EU","description":"Zamp RZ 42Y finns tillg\u00e4nglig i en helt ny vit\/bl\u00e5 grafik. Den mest popul\u00e4ra CMR 2016-hj\u00e4lmen har just f\u00e5tt ett nytt utseende","robots":{"index":"index","follow":"follow","max-snippet":"max-snippet:-1","max-image-preview":"max-image-preview:large","max-video-preview":"max-video-preview:-1"},"canonical":"https:\/\/zamphelmets.co\/sv\/produkt\/rz-42-ungdom-vit-bla\/","og_locale":"sv_SE","og_type":"article","og_title":"RZ 42 Ungdom Vit \/ Bl\u00e5 \u20ac270.83 - Zamp Helmets | Helmet 28 EU","og_description":"Zamp RZ 42Y finns tillg\u00e4nglig i en helt ny vit\/bl\u00e5 grafik. Den mest popul\u00e4ra CMR 2016-hj\u00e4lmen har just f\u00e5tt ett nytt utseende","og_url":"https:\/\/zamphelmets.co\/sv\/produkt\/rz-42-ungdom-vit-bla\/","og_site_name":"Zamp Helmets | Helmet 28 EU","article_modified_time":"2026-04-09T13:28:22+00:00","og_image":[{"width":1500,"height":1500,"url":"https:\/\/zamphelmets.co\/wp-content\/uploads\/2023\/01\/RZ-42Y-WhiteBlue.jpg","type":"image\/jpeg"}],"twitter_card":"summary_large_image","twitter_misc":{"Est. reading time":"2 minuter"},"schema":{"@context":"https:\/\/schema.org","@graph":[{"@type":"WebPage","@id":"https:\/\/zamphelmets.co\/sv\/produkt\/rz-42-ungdom-vit-bla\/","url":"https:\/\/zamphelmets.co\/sv\/produkt\/rz-42-ungdom-vit-bla\/","name":"RZ 42 Ungdom Vit \/ Bl\u00e5 \u20ac270.83 - Zamp Helmets | Helmet 28 EU","isPartOf":{"@id":"https:\/\/zamphelmets.co\/sv\/#website"},"primaryImageOfPage":{"@id":"https:\/\/zamphelmets.co\/sv\/produkt\/rz-42-ungdom-vit-bla\/#primaryimage"},"image":{"@id":"https:\/\/zamphelmets.co\/sv\/produkt\/rz-42-ungdom-vit-bla\/#primaryimage"},"thumbnailUrl":"https:\/\/zamphelmets.co\/wp-content\/uploads\/2023\/01\/RZ-42Y-WhiteBlue.jpg","datePublished":"2023-01-17T19:26:05+00:00","dateModified":"2026-04-09T13:28:22+00:00","description":"Zamp RZ 42Y finns tillg\u00e4nglig i en helt ny vit\/bl\u00e5 grafik. Den mest popul\u00e4ra CMR 2016-hj\u00e4lmen har just f\u00e5tt ett nytt utseende","breadcrumb":{"@id":"https:\/\/zamphelmets.co\/sv\/produkt\/rz-42-ungdom-vit-bla\/#breadcrumb"},"inLanguage":"sv-SE","potentialAction":[{"@type":"ReadAction","target":["https:\/\/zamphelmets.co\/sv\/produkt\/rz-42-ungdom-vit-bla\/"]}]},{"@type":"ImageObject","inLanguage":"sv-SE","@id":"https:\/\/zamphelmets.co\/sv\/produkt\/rz-42-ungdom-vit-bla\/#primaryimage","url":"https:\/\/zamphelmets.co\/wp-content\/uploads\/2023\/01\/RZ-42Y-WhiteBlue.jpg","contentUrl":"https:\/\/zamphelmets.co\/wp-content\/uploads\/2023\/01\/RZ-42Y-WhiteBlue.jpg","width":1500,"height":1500},{"@type":"BreadcrumbList","@id":"https:\/\/zamphelmets.co\/sv\/produkt\/rz-42-ungdom-vit-bla\/#breadcrumb","itemListElement":[{"@type":"ListItem","position":1,"name":"Butik","item":"https:\/\/zamphelmets.co\/sv\/butik\/"},{"@type":"ListItem","position":2,"name":"RZ 42 Ungdom Vit \/ Bl\u00e5"}]},{"@type":"WebSite","@id":"https:\/\/zamphelmets.co\/sv\/#website","url":"https:\/\/zamphelmets.co\/sv\/","name":"Zamp Helmets | Helmet 28 EU","description":"High Quality Motorsport Helmets","potentialAction":[{"@type":"SearchAction","target":{"@type":"EntryPoint","urlTemplate":"https:\/\/zamphelmets.co\/sv\/?s={search_term_string}"},"query-input":{"@type":"PropertyValueSpecification","valueRequired":true,"valueName":"search_term_string"}}],"inLanguage":"sv-SE"}]}},"_links":{"self":[{"href":"https:\/\/zamphelmets.co\/sv\/wp-json\/wp\/v2\/product\/23139","targetHints":{"allow":["GET"]}}],"collection":[{"href":"https:\/\/zamphelmets.co\/sv\/wp-json\/wp\/v2\/product"}],"about":[{"href":"https:\/\/zamphelmets.co\/sv\/wp-json\/wp\/v2\/types\/product"}],"replies":[{"embeddable":true,"href":"https:\/\/zamphelmets.co\/sv\/wp-json\/wp\/v2\/comments?post=23139"}],"wp:featuredmedia":[{"embeddable":true,"href":"https:\/\/zamphelmets.co\/sv\/wp-json\/wp\/v2\/media\/18152"}],"wp:attachment":[{"href":"https:\/\/zamphelmets.co\/sv\/wp-json\/wp\/v2\/media?parent=23139"}],"wp:term":[{"taxonomy":"product_brand","embeddable":true,"href":"https:\/\/zamphelmets.co\/sv\/wp-json\/wp\/v2\/product_brand?post=23139"},{"taxonomy":"product_cat","embeddable":true,"href":"https:\/\/zamphelmets.co\/sv\/wp-json\/wp\/v2\/product_cat?post=23139"},{"taxonomy":"product_tag","embeddable":true,"href":"https:\/\/zamphelmets.co\/sv\/wp-json\/wp\/v2\/product_tag?post=23139"}],"curies":[{"name":"wp","href":"https:\/\/api.w.org\/{rel}","templated":true}]}}