{"id":22595,"date":"2020-08-28T09:12:31","date_gmt":"2020-08-28T09:12:31","guid":{"rendered":"https:\/\/zamphelmets.co\/product\/rz-18h-vit\/"},"modified":"2026-02-16T15:10:51","modified_gmt":"2026-02-16T15:10:51","slug":"rz-18h-vit","status":"publish","type":"product","link":"https:\/\/zamphelmets.co\/sv\/produkt\/rz-18h-vit\/","title":{"rendered":"RZ 18H Vit"},"content":{"rendered":"<div id=\"pageContainer2\" class=\"page\">\n<div>\n<div class=\"_1KgDGecM-D\">\n<p class=\"_3vFF3xH4Yd\" dir=\"ltr\">Zamp RZ-18H \u00e4r en Open-Face hj\u00e4lm f\u00f6r bilt\u00e4vlingar med SA2020-certifiering som erbjuder maximal komfort och kvalitet till ett mycket konkurrenskraftigt pris. RZ-18H har ett l\u00e4ttviktsskal i glasfiberkomposit med 7 ventilationsh\u00e5l p\u00e5 ovansidan f\u00f6r fantastisk luftcirkulation genom hj\u00e4lmen. Hj\u00e4lmen har ocks\u00e5 en bekv\u00e4m plyschinredning med ett uttagbart och tv\u00e4ttbart foder. RZ-18H har M6-terminaler f\u00f6r enkel installation av h\u00e5rdvara f\u00f6r huvud- och nackst\u00f6d.<\/p>\n<\/div>\n<\/div>\n<\/div>\n<div id=\"pageContainer3\" class=\"page\">\n<div class=\"_1KgDGecM-D\">\n<ul>\n<li class=\"_3vFF3xH4Yd\">L\u00e4ttviktsskal med \u00f6ppet ansikte i glasfiberkomposit<\/li>\n<li class=\"_3vFF3xH4Yd\">7-Top Air System Ventilation<\/li>\n<li class=\"_3vFF3xH4Yd\">Plymig brandh\u00e4mmande inredning<\/li>\n<li class=\"_3vFF3xH4Yd\">Visir med solskyddslist<\/li>\n<li class=\"_3vFF3xH4Yd\">L\u00f6stagbart\/tv\u00e4ttbart komfortfoder<\/li>\n<li class=\"_3vFF3xH4Yd\">M6-insatser f\u00f6r nackskydd<\/li>\n<li class=\"_3vFF3xH4Yd\">Snell SA 2020<\/li>\n<\/ul>\n<p>Som vanligt inom motorsport varierar v\u00e5ra storlekar beroende p\u00e5 hj\u00e4lmmodell. Mer information om hur du v\u00e4ljer r\u00e4tt storlek p\u00e5 hj\u00e4lmen finns <a href=\"https:\/\/zamphelmets.co\/sv\/hur-man-valjer-ratt-hjalmstorlek\/\">h\u00e4r<\/a>.<\/p>\n<p><a href=\"https:\/\/zamphelmets.co\/sv\/homologering-forklarad\/\"><strong>Homologering f\u00f6rklarad<\/strong> &#8211; ta reda p\u00e5 vilken homologering du beh\u00f6ver<\/a><\/p>\n<p><a href=\"https:\/\/zamphelmets.co\/sv\/hans-stolpar-hans-och-fhr-utrustning\/\"><strong>FHR \/ HANS-utrustning<\/strong> &#8211; n\u00e4r kr\u00e4vs det?<\/a><\/p>\n<\/div>\n<\/div>\n<p>&nbsp;<\/p>\n<p><img decoding=\"async\" class=\"alignnone wp-image-26355 size-full lazyload\" data-src=\"https:\/\/zamphelmets.co\/wp-content\/uploads\/2024\/03\/Zamp-Helmets-sizing-guide-4166-x-4166-px-1.png\" alt=\"\" width=\"500\" height=\"500\" data-srcset=\"https:\/\/zamphelmets.co\/wp-content\/uploads\/2024\/03\/Zamp-Helmets-sizing-guide-4166-x-4166-px-1.png 500w, https:\/\/zamphelmets.co\/wp-content\/uploads\/2024\/03\/Zamp-Helmets-sizing-guide-4166-x-4166-px-1-300x300.png 300w, https:\/\/zamphelmets.co\/wp-content\/uploads\/2024\/03\/Zamp-Helmets-sizing-guide-4166-x-4166-px-1-150x150.png 150w, https:\/\/zamphelmets.co\/wp-content\/uploads\/2024\/03\/Zamp-Helmets-sizing-guide-4166-x-4166-px-1-100x100.png 100w\" data-sizes=\"(max-width: 500px) 100vw, 500px\" src=\"data:image\/svg+xml;base64,PHN2ZyB3aWR0aD0iMSIgaGVpZ2h0PSIxIiB4bWxucz0iaHR0cDovL3d3dy53My5vcmcvMjAwMC9zdmciPjwvc3ZnPg==\" style=\"--smush-placeholder-width: 500px; --smush-placeholder-aspect-ratio: 500\/500;\" \/><\/p>\n","protected":false},"excerpt":{"rendered":"<p>Zamp RZ-18H \u00e4r en Open-Face hj\u00e4lm f\u00f6r bilt\u00e4vlingar med SA2020-certifiering som erbjuder maximal komfort och kvalitet till ett mycket konkurrenskraftigt pris. RZ-18H har ett l\u00e4ttviktsskal i glasfiberkomposit med 7 ventilationsh\u00e5l p\u00e5 ovansidan f\u00f6r fantastisk luftcirkulation genom hj\u00e4lmen. Hj\u00e4lmen har ocks\u00e5 en bekv\u00e4m plyschinredning med ett uttagbart och tv\u00e4ttbart foder. RZ-18H har M6-terminaler f\u00f6r enkel installation [&hellip;]<\/p>\n","protected":false},"featured_media":12384,"comment_status":"open","ping_status":"closed","template":"","meta":{"_acf_changed":false,"_iconic_wsb_product_page_order_bump_ids":[[]],"_sku":[],"_iconic_wsb_product_page_bump_modal_ids":[[]]},"product_brand":[],"product_cat":[160,162,161,205,152],"product_tag":[],"class_list":{"0":"post-22595","1":"product","2":"type-product","3":"status-publish","4":"has-post-thumbnail","6":"product_cat-zamp-hjalmar","7":"product_cat-snell-sv","8":"product_cat-snell-2020-sa2020-sv","9":"product_cat-standard-sv","10":"product_cat-zamp-sv","12":"first","13":"onbackorder","14":"taxable","15":"shipping-taxable","16":"product-type-variable"},"acf":[],"yoast_head":"<!-- This site is optimized with the Yoast SEO plugin v27.0 - https:\/\/yoast.com\/product\/yoast-seo-wordpress\/ -->\n<title>RZ 18H Vit - Zamp Helmets | Helmet 28 EU - Open Face Bara \u20ac170<\/title>\n<meta name=\"description\" content=\"Zamp RZ-18H White \u00e4r en Open-Face hj\u00e4lm f\u00f6r bilt\u00e4vlingar med SA2020-certifiering som erbjuder maximal komfort och kvalitet.\" \/>\n<meta name=\"robots\" content=\"index, follow, max-snippet:-1, max-image-preview:large, max-video-preview:-1\" \/>\n<link rel=\"canonical\" href=\"https:\/\/zamphelmets.co\/sv\/produkt\/rz-18h-vit\/\" \/>\n<meta property=\"og:locale\" content=\"sv_SE\" \/>\n<meta property=\"og:type\" content=\"article\" \/>\n<meta property=\"og:title\" content=\"RZ 18H Vit - Zamp Helmets | Helmet 28 EU - Open Face Bara \u20ac170\" \/>\n<meta property=\"og:description\" content=\"Zamp RZ-18H White \u00e4r en Open-Face hj\u00e4lm f\u00f6r bilt\u00e4vlingar med SA2020-certifiering som erbjuder maximal komfort och kvalitet.\" \/>\n<meta property=\"og:url\" content=\"https:\/\/zamphelmets.co\/sv\/produkt\/rz-18h-vit\/\" \/>\n<meta property=\"og:site_name\" content=\"Zamp Helmets | Helmet 28 EU\" \/>\n<meta property=\"article:modified_time\" content=\"2026-02-16T15:10:51+00:00\" \/>\n<meta property=\"og:image\" content=\"https:\/\/zamphelmets.co\/wp-content\/uploads\/2020\/08\/WY2MoZuuRJOZ33KVZInl_H774001.jpg\" \/>\n\t<meta property=\"og:image:width\" content=\"1500\" \/>\n\t<meta property=\"og:image:height\" content=\"1500\" \/>\n\t<meta property=\"og:image:type\" content=\"image\/jpeg\" \/>\n<meta name=\"twitter:card\" content=\"summary_large_image\" \/>\n<meta name=\"twitter:label1\" content=\"Est. reading time\" \/>\n\t<meta name=\"twitter:data1\" content=\"1 minut\" \/>\n<script type=\"application\/ld+json\" class=\"yoast-schema-graph\">{\"@context\":\"https:\/\/schema.org\",\"@graph\":[{\"@type\":\"WebPage\",\"@id\":\"https:\/\/zamphelmets.co\/sv\/produkt\/rz-18h-vit\/\",\"url\":\"https:\/\/zamphelmets.co\/sv\/produkt\/rz-18h-vit\/\",\"name\":\"RZ 18H Vit - Zamp Helmets | Helmet 28 EU - Open Face Bara \u20ac170\",\"isPartOf\":{\"@id\":\"https:\/\/zamphelmets.co\/sv\/#website\"},\"primaryImageOfPage\":{\"@id\":\"https:\/\/zamphelmets.co\/sv\/produkt\/rz-18h-vit\/#primaryimage\"},\"image\":{\"@id\":\"https:\/\/zamphelmets.co\/sv\/produkt\/rz-18h-vit\/#primaryimage\"},\"thumbnailUrl\":\"https:\/\/zamphelmets.co\/wp-content\/uploads\/2020\/08\/WY2MoZuuRJOZ33KVZInl_H774001.jpg\",\"datePublished\":\"2020-08-28T09:12:31+00:00\",\"dateModified\":\"2026-02-16T15:10:51+00:00\",\"description\":\"Zamp RZ-18H White \u00e4r en Open-Face hj\u00e4lm f\u00f6r bilt\u00e4vlingar med SA2020-certifiering som erbjuder maximal komfort och kvalitet.\",\"breadcrumb\":{\"@id\":\"https:\/\/zamphelmets.co\/sv\/produkt\/rz-18h-vit\/#breadcrumb\"},\"inLanguage\":\"sv-SE\",\"potentialAction\":[{\"@type\":\"ReadAction\",\"target\":[\"https:\/\/zamphelmets.co\/sv\/produkt\/rz-18h-vit\/\"]}]},{\"@type\":\"ImageObject\",\"inLanguage\":\"sv-SE\",\"@id\":\"https:\/\/zamphelmets.co\/sv\/produkt\/rz-18h-vit\/#primaryimage\",\"url\":\"https:\/\/zamphelmets.co\/wp-content\/uploads\/2020\/08\/WY2MoZuuRJOZ33KVZInl_H774001.jpg\",\"contentUrl\":\"https:\/\/zamphelmets.co\/wp-content\/uploads\/2020\/08\/WY2MoZuuRJOZ33KVZInl_H774001.jpg\",\"width\":1500,\"height\":1500,\"caption\":\"Zamp RZ-18H Vit Racinghj\u00e4lm\"},{\"@type\":\"BreadcrumbList\",\"@id\":\"https:\/\/zamphelmets.co\/sv\/produkt\/rz-18h-vit\/#breadcrumb\",\"itemListElement\":[{\"@type\":\"ListItem\",\"position\":1,\"name\":\"Butik\",\"item\":\"https:\/\/zamphelmets.co\/sv\/butik\/\"},{\"@type\":\"ListItem\",\"position\":2,\"name\":\"RZ 18H Vit\"}]},{\"@type\":\"WebSite\",\"@id\":\"https:\/\/zamphelmets.co\/sv\/#website\",\"url\":\"https:\/\/zamphelmets.co\/sv\/\",\"name\":\"Zamp Helmets | Helmet 28 EU\",\"description\":\"High Quality Motorsport Helmets\",\"potentialAction\":[{\"@type\":\"SearchAction\",\"target\":{\"@type\":\"EntryPoint\",\"urlTemplate\":\"https:\/\/zamphelmets.co\/sv\/?s={search_term_string}\"},\"query-input\":{\"@type\":\"PropertyValueSpecification\",\"valueRequired\":true,\"valueName\":\"search_term_string\"}}],\"inLanguage\":\"sv-SE\"}]}<\/script>\n<!-- \/ Yoast SEO plugin. -->","yoast_head_json":{"title":"RZ 18H Vit - Zamp Helmets | Helmet 28 EU - Open Face Bara \u20ac170","description":"Zamp RZ-18H White \u00e4r en Open-Face hj\u00e4lm f\u00f6r bilt\u00e4vlingar med SA2020-certifiering som erbjuder maximal komfort och kvalitet.","robots":{"index":"index","follow":"follow","max-snippet":"max-snippet:-1","max-image-preview":"max-image-preview:large","max-video-preview":"max-video-preview:-1"},"canonical":"https:\/\/zamphelmets.co\/sv\/produkt\/rz-18h-vit\/","og_locale":"sv_SE","og_type":"article","og_title":"RZ 18H Vit - Zamp Helmets | Helmet 28 EU - Open Face Bara \u20ac170","og_description":"Zamp RZ-18H White \u00e4r en Open-Face hj\u00e4lm f\u00f6r bilt\u00e4vlingar med SA2020-certifiering som erbjuder maximal komfort och kvalitet.","og_url":"https:\/\/zamphelmets.co\/sv\/produkt\/rz-18h-vit\/","og_site_name":"Zamp Helmets | Helmet 28 EU","article_modified_time":"2026-02-16T15:10:51+00:00","og_image":[{"width":1500,"height":1500,"url":"https:\/\/zamphelmets.co\/wp-content\/uploads\/2020\/08\/WY2MoZuuRJOZ33KVZInl_H774001.jpg","type":"image\/jpeg"}],"twitter_card":"summary_large_image","twitter_misc":{"Est. reading time":"1 minut"},"schema":{"@context":"https:\/\/schema.org","@graph":[{"@type":"WebPage","@id":"https:\/\/zamphelmets.co\/sv\/produkt\/rz-18h-vit\/","url":"https:\/\/zamphelmets.co\/sv\/produkt\/rz-18h-vit\/","name":"RZ 18H Vit - Zamp Helmets | Helmet 28 EU - Open Face Bara \u20ac170","isPartOf":{"@id":"https:\/\/zamphelmets.co\/sv\/#website"},"primaryImageOfPage":{"@id":"https:\/\/zamphelmets.co\/sv\/produkt\/rz-18h-vit\/#primaryimage"},"image":{"@id":"https:\/\/zamphelmets.co\/sv\/produkt\/rz-18h-vit\/#primaryimage"},"thumbnailUrl":"https:\/\/zamphelmets.co\/wp-content\/uploads\/2020\/08\/WY2MoZuuRJOZ33KVZInl_H774001.jpg","datePublished":"2020-08-28T09:12:31+00:00","dateModified":"2026-02-16T15:10:51+00:00","description":"Zamp RZ-18H White \u00e4r en Open-Face hj\u00e4lm f\u00f6r bilt\u00e4vlingar med SA2020-certifiering som erbjuder maximal komfort och kvalitet.","breadcrumb":{"@id":"https:\/\/zamphelmets.co\/sv\/produkt\/rz-18h-vit\/#breadcrumb"},"inLanguage":"sv-SE","potentialAction":[{"@type":"ReadAction","target":["https:\/\/zamphelmets.co\/sv\/produkt\/rz-18h-vit\/"]}]},{"@type":"ImageObject","inLanguage":"sv-SE","@id":"https:\/\/zamphelmets.co\/sv\/produkt\/rz-18h-vit\/#primaryimage","url":"https:\/\/zamphelmets.co\/wp-content\/uploads\/2020\/08\/WY2MoZuuRJOZ33KVZInl_H774001.jpg","contentUrl":"https:\/\/zamphelmets.co\/wp-content\/uploads\/2020\/08\/WY2MoZuuRJOZ33KVZInl_H774001.jpg","width":1500,"height":1500,"caption":"Zamp RZ-18H Vit Racinghj\u00e4lm"},{"@type":"BreadcrumbList","@id":"https:\/\/zamphelmets.co\/sv\/produkt\/rz-18h-vit\/#breadcrumb","itemListElement":[{"@type":"ListItem","position":1,"name":"Butik","item":"https:\/\/zamphelmets.co\/sv\/butik\/"},{"@type":"ListItem","position":2,"name":"RZ 18H Vit"}]},{"@type":"WebSite","@id":"https:\/\/zamphelmets.co\/sv\/#website","url":"https:\/\/zamphelmets.co\/sv\/","name":"Zamp Helmets | Helmet 28 EU","description":"High Quality Motorsport Helmets","potentialAction":[{"@type":"SearchAction","target":{"@type":"EntryPoint","urlTemplate":"https:\/\/zamphelmets.co\/sv\/?s={search_term_string}"},"query-input":{"@type":"PropertyValueSpecification","valueRequired":true,"valueName":"search_term_string"}}],"inLanguage":"sv-SE"}]}},"_links":{"self":[{"href":"https:\/\/zamphelmets.co\/sv\/wp-json\/wp\/v2\/product\/22595","targetHints":{"allow":["GET"]}}],"collection":[{"href":"https:\/\/zamphelmets.co\/sv\/wp-json\/wp\/v2\/product"}],"about":[{"href":"https:\/\/zamphelmets.co\/sv\/wp-json\/wp\/v2\/types\/product"}],"replies":[{"embeddable":true,"href":"https:\/\/zamphelmets.co\/sv\/wp-json\/wp\/v2\/comments?post=22595"}],"wp:featuredmedia":[{"embeddable":true,"href":"https:\/\/zamphelmets.co\/sv\/wp-json\/wp\/v2\/media\/12384"}],"wp:attachment":[{"href":"https:\/\/zamphelmets.co\/sv\/wp-json\/wp\/v2\/media?parent=22595"}],"wp:term":[{"taxonomy":"product_brand","embeddable":true,"href":"https:\/\/zamphelmets.co\/sv\/wp-json\/wp\/v2\/product_brand?post=22595"},{"taxonomy":"product_cat","embeddable":true,"href":"https:\/\/zamphelmets.co\/sv\/wp-json\/wp\/v2\/product_cat?post=22595"},{"taxonomy":"product_tag","embeddable":true,"href":"https:\/\/zamphelmets.co\/sv\/wp-json\/wp\/v2\/product_tag?post=22595"}],"curies":[{"name":"wp","href":"https:\/\/api.w.org\/{rel}","templated":true}]}}