{"id":22587,"date":"2020-11-09T13:40:45","date_gmt":"2020-11-09T13:40:45","guid":{"rendered":"https:\/\/zamphelmets.co\/product\/zamp-zr-60-race-handskar-vit\/"},"modified":"2020-11-09T13:40:45","modified_gmt":"2020-11-09T13:40:45","slug":"zamp-zr-60-race-handskar-vit","status":"publish","type":"product","link":"https:\/\/zamphelmets.co\/sv\/produkt\/zamp-zr-60-race-handskar-vit\/","title":{"rendered":"Zamp ZR-60 Race Handskar Vit"},"content":{"rendered":"<p>Vi presenterar den helt nya Zamp ZR-60 Race Glove. Dessa l\u00e4tta tv\u00e5lagershandskar har en h\u00f6gkvalitativ tv\u00e5lagerskonstruktion med omv\u00e4nd s\u00f6m, ett elastiskt h\u00f6lje och en tunn silikonhandflata och \u00e4r det perfekta valet f\u00f6r t\u00e4vlingsf\u00f6rare som vill f\u00f6rb\u00e4ttra sina k\u00f6rprestationer.<\/p>\n<p>FUNKTIONER:<\/p>\n<ul>\n<li><strong>Design med omv\u00e4nd s\u00f6m<\/strong> f\u00f6r ultimat k\u00e4nsla<\/li>\n<li><strong>F\u00f6rb\u00f6jda fingrar<\/strong><\/li>\n<li><strong>Konstruktion av yttre foder i Aramid<\/strong><\/li>\n<li><strong>Konstruktion av inre innerfoder av aramid<\/strong><\/li>\n<li><strong>Silikon med bikakem\u00f6nster<\/strong> i handflatan och fingrarna f\u00f6r b\u00e4ttre grepp<\/li>\n<li><strong>Godk\u00e4nd enligt SFI 3.3\/5<\/strong><\/li>\n<\/ul>\n<p><strong>Observera att dessa produkter \u00e4r best\u00e4llningsvaror och d\u00e4rf\u00f6r inte kan \u00e5terbetalas eller bytas ut.<\/strong><\/p>\n<p><img decoding=\"async\" class=\"alignnone wp-image-2649 lazyload\" data-src=\"https:\/\/zamphelmets.co\/wp-content\/uploads\/2020\/11\/Screenshot-2020-11-09-at-15.23.45-300x181.png\" alt=\"\" width=\"400\" height=\"241\" data-srcset=\"https:\/\/zamphelmets.co\/wp-content\/uploads\/2020\/11\/Screenshot-2020-11-09-at-15.23.45-300x181.png 300w, https:\/\/zamphelmets.co\/wp-content\/uploads\/2020\/11\/Screenshot-2020-11-09-at-15.23.45.png 599w\" data-sizes=\"(max-width: 400px) 100vw, 400px\" src=\"data:image\/svg+xml;base64,PHN2ZyB3aWR0aD0iMSIgaGVpZ2h0PSIxIiB4bWxucz0iaHR0cDovL3d3dy53My5vcmcvMjAwMC9zdmciPjwvc3ZnPg==\" style=\"--smush-placeholder-width: 400px; --smush-placeholder-aspect-ratio: 400\/241;\" \/><\/p>\n","protected":false},"excerpt":{"rendered":"<p>Vi presenterar den helt nya Zamp ZR-60 Race Glove. Dessa l\u00e4tta tv\u00e5lagershandskar har en h\u00f6gkvalitativ tv\u00e5lagerskonstruktion med omv\u00e4nd s\u00f6m, ett elastiskt h\u00f6lje och en tunn silikonhandflata och \u00e4r det perfekta valet f\u00f6r t\u00e4vlingsf\u00f6rare som vill f\u00f6rb\u00e4ttra sina k\u00f6rprestationer. FUNKTIONER: Design med omv\u00e4nd s\u00f6m f\u00f6r ultimat k\u00e4nsla F\u00f6rb\u00f6jda fingrar Konstruktion av yttre foder i Aramid Konstruktion [&hellip;]<\/p>\n","protected":false},"featured_media":12804,"comment_status":"open","ping_status":"closed","template":"","meta":{"_acf_changed":false,"_iconic_wsb_product_page_order_bump_ids":[],"_sku":[],"_iconic_wsb_product_page_bump_modal_ids":[]},"product_brand":[],"product_cat":[182,174,152],"product_tag":[],"class_list":{"0":"post-22587","1":"product","2":"type-product","3":"status-publish","4":"has-post-thumbnail","6":"product_cat-handskar","7":"product_cat-skydd-klader","8":"product_cat-zamp-sv","10":"first","11":"onbackorder","12":"taxable","13":"shipping-taxable","14":"purchasable","15":"product-type-variable"},"acf":[],"yoast_head":"<!-- This site is optimized with the Yoast SEO plugin v27.0 - https:\/\/yoast.com\/product\/yoast-seo-wordpress\/ -->\n<title>Zamp ZR-60 Race Handskar Vit - Zamp Helmets | Helmet 28 EU<\/title>\n<meta name=\"description\" content=\"Vi presenterar de helt nya Zamp ZR-60 Race-handskarna. Det perfekta valet f\u00f6r racerf\u00f6rare som vill f\u00f6rb\u00e4ttra sina k\u00f6rprestationer.\" \/>\n<meta name=\"robots\" content=\"index, follow, max-snippet:-1, max-image-preview:large, max-video-preview:-1\" \/>\n<link rel=\"canonical\" href=\"https:\/\/zamphelmets.co\/sv\/produkt\/zamp-zr-60-race-handskar-vit\/\" \/>\n<meta property=\"og:locale\" content=\"sv_SE\" \/>\n<meta property=\"og:type\" content=\"article\" \/>\n<meta property=\"og:title\" content=\"Zamp ZR-60 Race Handskar Vit - Zamp Helmets | Helmet 28 EU\" \/>\n<meta property=\"og:description\" content=\"Vi presenterar de helt nya Zamp ZR-60 Race-handskarna. Det perfekta valet f\u00f6r racerf\u00f6rare som vill f\u00f6rb\u00e4ttra sina k\u00f6rprestationer.\" \/>\n<meta property=\"og:url\" content=\"https:\/\/zamphelmets.co\/sv\/produkt\/zamp-zr-60-race-handskar-vit\/\" \/>\n<meta property=\"og:site_name\" content=\"Zamp Helmets | Helmet 28 EU\" \/>\n<meta property=\"og:image\" content=\"https:\/\/zamphelmets.co\/wp-content\/uploads\/2020\/11\/RG20001.jpg\" \/>\n\t<meta property=\"og:image:width\" content=\"1500\" \/>\n\t<meta property=\"og:image:height\" content=\"1500\" \/>\n\t<meta property=\"og:image:type\" content=\"image\/jpeg\" \/>\n<meta name=\"twitter:card\" content=\"summary_large_image\" \/>\n<meta name=\"twitter:label1\" content=\"Est. reading time\" \/>\n\t<meta name=\"twitter:data1\" content=\"1 minut\" \/>\n<script type=\"application\/ld+json\" class=\"yoast-schema-graph\">{\"@context\":\"https:\/\/schema.org\",\"@graph\":[{\"@type\":\"WebPage\",\"@id\":\"https:\/\/zamphelmets.co\/sv\/produkt\/zamp-zr-60-race-handskar-vit\/\",\"url\":\"https:\/\/zamphelmets.co\/sv\/produkt\/zamp-zr-60-race-handskar-vit\/\",\"name\":\"Zamp ZR-60 Race Handskar Vit - Zamp Helmets | Helmet 28 EU\",\"isPartOf\":{\"@id\":\"https:\/\/zamphelmets.co\/sv\/#website\"},\"primaryImageOfPage\":{\"@id\":\"https:\/\/zamphelmets.co\/sv\/produkt\/zamp-zr-60-race-handskar-vit\/#primaryimage\"},\"image\":{\"@id\":\"https:\/\/zamphelmets.co\/sv\/produkt\/zamp-zr-60-race-handskar-vit\/#primaryimage\"},\"thumbnailUrl\":\"https:\/\/zamphelmets.co\/wp-content\/uploads\/2020\/11\/RG20001.jpg\",\"datePublished\":\"2020-11-09T13:40:45+00:00\",\"description\":\"Vi presenterar de helt nya Zamp ZR-60 Race-handskarna. Det perfekta valet f\u00f6r racerf\u00f6rare som vill f\u00f6rb\u00e4ttra sina k\u00f6rprestationer.\",\"breadcrumb\":{\"@id\":\"https:\/\/zamphelmets.co\/sv\/produkt\/zamp-zr-60-race-handskar-vit\/#breadcrumb\"},\"inLanguage\":\"sv-SE\",\"potentialAction\":[{\"@type\":\"ReadAction\",\"target\":[\"https:\/\/zamphelmets.co\/sv\/produkt\/zamp-zr-60-race-handskar-vit\/\"]}]},{\"@type\":\"ImageObject\",\"inLanguage\":\"sv-SE\",\"@id\":\"https:\/\/zamphelmets.co\/sv\/produkt\/zamp-zr-60-race-handskar-vit\/#primaryimage\",\"url\":\"https:\/\/zamphelmets.co\/wp-content\/uploads\/2020\/11\/RG20001.jpg\",\"contentUrl\":\"https:\/\/zamphelmets.co\/wp-content\/uploads\/2020\/11\/RG20001.jpg\",\"width\":1500,\"height\":1500,\"caption\":\"Zamp Helmets Race-handskar i vitt\"},{\"@type\":\"BreadcrumbList\",\"@id\":\"https:\/\/zamphelmets.co\/sv\/produkt\/zamp-zr-60-race-handskar-vit\/#breadcrumb\",\"itemListElement\":[{\"@type\":\"ListItem\",\"position\":1,\"name\":\"Butik\",\"item\":\"https:\/\/zamphelmets.co\/sv\/butik\/\"},{\"@type\":\"ListItem\",\"position\":2,\"name\":\"Zamp ZR-60 Race Handskar Vit\"}]},{\"@type\":\"WebSite\",\"@id\":\"https:\/\/zamphelmets.co\/sv\/#website\",\"url\":\"https:\/\/zamphelmets.co\/sv\/\",\"name\":\"Zamp Helmets | Helmet 28 EU\",\"description\":\"High Quality Motorsport Helmets\",\"potentialAction\":[{\"@type\":\"SearchAction\",\"target\":{\"@type\":\"EntryPoint\",\"urlTemplate\":\"https:\/\/zamphelmets.co\/sv\/?s={search_term_string}\"},\"query-input\":{\"@type\":\"PropertyValueSpecification\",\"valueRequired\":true,\"valueName\":\"search_term_string\"}}],\"inLanguage\":\"sv-SE\"}]}<\/script>\n<!-- \/ Yoast SEO plugin. -->","yoast_head_json":{"title":"Zamp ZR-60 Race Handskar Vit - Zamp Helmets | Helmet 28 EU","description":"Vi presenterar de helt nya Zamp ZR-60 Race-handskarna. Det perfekta valet f\u00f6r racerf\u00f6rare som vill f\u00f6rb\u00e4ttra sina k\u00f6rprestationer.","robots":{"index":"index","follow":"follow","max-snippet":"max-snippet:-1","max-image-preview":"max-image-preview:large","max-video-preview":"max-video-preview:-1"},"canonical":"https:\/\/zamphelmets.co\/sv\/produkt\/zamp-zr-60-race-handskar-vit\/","og_locale":"sv_SE","og_type":"article","og_title":"Zamp ZR-60 Race Handskar Vit - Zamp Helmets | Helmet 28 EU","og_description":"Vi presenterar de helt nya Zamp ZR-60 Race-handskarna. Det perfekta valet f\u00f6r racerf\u00f6rare som vill f\u00f6rb\u00e4ttra sina k\u00f6rprestationer.","og_url":"https:\/\/zamphelmets.co\/sv\/produkt\/zamp-zr-60-race-handskar-vit\/","og_site_name":"Zamp Helmets | Helmet 28 EU","og_image":[{"width":1500,"height":1500,"url":"https:\/\/zamphelmets.co\/wp-content\/uploads\/2020\/11\/RG20001.jpg","type":"image\/jpeg"}],"twitter_card":"summary_large_image","twitter_misc":{"Est. reading time":"1 minut"},"schema":{"@context":"https:\/\/schema.org","@graph":[{"@type":"WebPage","@id":"https:\/\/zamphelmets.co\/sv\/produkt\/zamp-zr-60-race-handskar-vit\/","url":"https:\/\/zamphelmets.co\/sv\/produkt\/zamp-zr-60-race-handskar-vit\/","name":"Zamp ZR-60 Race Handskar Vit - Zamp Helmets | Helmet 28 EU","isPartOf":{"@id":"https:\/\/zamphelmets.co\/sv\/#website"},"primaryImageOfPage":{"@id":"https:\/\/zamphelmets.co\/sv\/produkt\/zamp-zr-60-race-handskar-vit\/#primaryimage"},"image":{"@id":"https:\/\/zamphelmets.co\/sv\/produkt\/zamp-zr-60-race-handskar-vit\/#primaryimage"},"thumbnailUrl":"https:\/\/zamphelmets.co\/wp-content\/uploads\/2020\/11\/RG20001.jpg","datePublished":"2020-11-09T13:40:45+00:00","description":"Vi presenterar de helt nya Zamp ZR-60 Race-handskarna. Det perfekta valet f\u00f6r racerf\u00f6rare som vill f\u00f6rb\u00e4ttra sina k\u00f6rprestationer.","breadcrumb":{"@id":"https:\/\/zamphelmets.co\/sv\/produkt\/zamp-zr-60-race-handskar-vit\/#breadcrumb"},"inLanguage":"sv-SE","potentialAction":[{"@type":"ReadAction","target":["https:\/\/zamphelmets.co\/sv\/produkt\/zamp-zr-60-race-handskar-vit\/"]}]},{"@type":"ImageObject","inLanguage":"sv-SE","@id":"https:\/\/zamphelmets.co\/sv\/produkt\/zamp-zr-60-race-handskar-vit\/#primaryimage","url":"https:\/\/zamphelmets.co\/wp-content\/uploads\/2020\/11\/RG20001.jpg","contentUrl":"https:\/\/zamphelmets.co\/wp-content\/uploads\/2020\/11\/RG20001.jpg","width":1500,"height":1500,"caption":"Zamp Helmets Race-handskar i vitt"},{"@type":"BreadcrumbList","@id":"https:\/\/zamphelmets.co\/sv\/produkt\/zamp-zr-60-race-handskar-vit\/#breadcrumb","itemListElement":[{"@type":"ListItem","position":1,"name":"Butik","item":"https:\/\/zamphelmets.co\/sv\/butik\/"},{"@type":"ListItem","position":2,"name":"Zamp ZR-60 Race Handskar Vit"}]},{"@type":"WebSite","@id":"https:\/\/zamphelmets.co\/sv\/#website","url":"https:\/\/zamphelmets.co\/sv\/","name":"Zamp Helmets | Helmet 28 EU","description":"High Quality Motorsport Helmets","potentialAction":[{"@type":"SearchAction","target":{"@type":"EntryPoint","urlTemplate":"https:\/\/zamphelmets.co\/sv\/?s={search_term_string}"},"query-input":{"@type":"PropertyValueSpecification","valueRequired":true,"valueName":"search_term_string"}}],"inLanguage":"sv-SE"}]}},"_links":{"self":[{"href":"https:\/\/zamphelmets.co\/sv\/wp-json\/wp\/v2\/product\/22587","targetHints":{"allow":["GET"]}}],"collection":[{"href":"https:\/\/zamphelmets.co\/sv\/wp-json\/wp\/v2\/product"}],"about":[{"href":"https:\/\/zamphelmets.co\/sv\/wp-json\/wp\/v2\/types\/product"}],"replies":[{"embeddable":true,"href":"https:\/\/zamphelmets.co\/sv\/wp-json\/wp\/v2\/comments?post=22587"}],"wp:featuredmedia":[{"embeddable":true,"href":"https:\/\/zamphelmets.co\/sv\/wp-json\/wp\/v2\/media\/12804"}],"wp:attachment":[{"href":"https:\/\/zamphelmets.co\/sv\/wp-json\/wp\/v2\/media?parent=22587"}],"wp:term":[{"taxonomy":"product_brand","embeddable":true,"href":"https:\/\/zamphelmets.co\/sv\/wp-json\/wp\/v2\/product_brand?post=22587"},{"taxonomy":"product_cat","embeddable":true,"href":"https:\/\/zamphelmets.co\/sv\/wp-json\/wp\/v2\/product_cat?post=22587"},{"taxonomy":"product_tag","embeddable":true,"href":"https:\/\/zamphelmets.co\/sv\/wp-json\/wp\/v2\/product_tag?post=22587"}],"curies":[{"name":"wp","href":"https:\/\/api.w.org\/{rel}","templated":true}]}}