{"id":22517,"date":"2020-11-09T13:27:47","date_gmt":"2020-11-09T13:27:47","guid":{"rendered":"https:\/\/zamphelmets.co\/product\/zamp-zr-60-tavlingsskor-svart\/"},"modified":"2020-11-09T13:27:47","modified_gmt":"2020-11-09T13:27:47","slug":"zamp-zr-60-tavlingsskor-svart","status":"publish","type":"product","link":"https:\/\/zamphelmets.co\/sv\/produkt\/zamp-zr-60-tavlingsskor-svart\/","title":{"rendered":"Zamp ZR-60 t\u00e4vlingsskor Svart"},"content":{"rendered":"<p>Med h\u00f6gkvalitativ flerskiktskonstruktion, kardborreh\u00f6lje och tunn gummisula f\u00f6r ultimat pedalk\u00e4nsla, allt i en superventilerad, l\u00e4tt sko utan sn\u00f6ren!<\/p>\n<p>Ytterskal i h\u00f6gpresterande l\u00e4der, med broderade Zamp-logotyper och grafik. Den h\u00e4r skon \u00e4r mycket slitstark och bekv\u00e4m, precis vad du beh\u00f6ver i en t\u00e4vlingssko!<\/p>\n<p><strong>Funktioner inkluderar:<\/strong><\/p>\n<ul>\n<li><strong>Superl\u00e4ttvikt<\/strong><\/li>\n<li><strong>Andningsbar, ventilerad och flexibel konstruktion<\/strong><\/li>\n<li><strong>Ankelrem med kardborreband och res\u00e5r, inga sn\u00f6ren f\u00f6r enkel p\u00e5- och avtagning<\/strong><\/li>\n<li><strong>Tunn gummisula f\u00f6r ultimat pedalk\u00e4nsla<\/strong><\/li>\n<li><strong>Plymig brandh\u00e4mmande NMX-inredning<\/strong><\/li>\n<li><strong>Godk\u00e4nd enligt SFI 3.3\/5<\/strong><\/li>\n<\/ul>\n<p><strong>Observera att dessa produkter \u00e4r best\u00e4llningsvaror och d\u00e4rf\u00f6r inte kan \u00e5terbetalas eller bytas ut.<\/strong><\/p>\n","protected":false},"excerpt":{"rendered":"<p>Med h\u00f6gkvalitativ flerskiktskonstruktion, kardborreh\u00f6lje och tunn gummisula f\u00f6r ultimat pedalk\u00e4nsla, allt i en superventilerad, l\u00e4tt sko utan sn\u00f6ren! Ytterskal i h\u00f6gpresterande l\u00e4der, med broderade Zamp-logotyper och grafik. Den h\u00e4r skon \u00e4r mycket slitstark och bekv\u00e4m, precis vad du beh\u00f6ver i en t\u00e4vlingssko! Funktioner inkluderar: Superl\u00e4ttvikt Andningsbar, ventilerad och flexibel konstruktion Ankelrem med kardborreband och res\u00e5r, [&hellip;]<\/p>\n","protected":false},"featured_media":12741,"comment_status":"open","ping_status":"closed","template":"","meta":{"_acf_changed":false,"_iconic_wsb_product_page_order_bump_ids":[],"_sku":[],"_iconic_wsb_product_page_bump_modal_ids":[]},"product_brand":[],"product_cat":[174,177,152],"product_tag":[],"class_list":{"0":"post-22517","1":"product","2":"type-product","3":"status-publish","4":"has-post-thumbnail","6":"product_cat-skydd-klader","7":"product_cat-stovlar","8":"product_cat-zamp-sv","10":"first","11":"onbackorder","12":"taxable","13":"shipping-taxable","14":"purchasable","15":"product-type-variable"},"acf":[],"yoast_head":"<!-- This site is optimized with the Yoast SEO plugin v27.0 - https:\/\/yoast.com\/product\/yoast-seo-wordpress\/ -->\n<title>- Zamp Helmets | Helmet 28 EU - \u20ac132<\/title>\n<meta name=\"description\" content=\"Ytterskal i h\u00f6gpresterande l\u00e4der och NMX-inredning - dessa Zamp Race Shoes \u00e4r extremt slitstarka och bekv\u00e4ma f\u00f6r karting och racing!\" \/>\n<meta name=\"robots\" content=\"index, follow, max-snippet:-1, max-image-preview:large, max-video-preview:-1\" \/>\n<link rel=\"canonical\" href=\"https:\/\/zamphelmets.co\/sv\/produkt\/zamp-zr-60-tavlingsskor-svart\/\" \/>\n<meta property=\"og:locale\" content=\"sv_SE\" \/>\n<meta property=\"og:type\" content=\"article\" \/>\n<meta property=\"og:title\" content=\"- Zamp Helmets | Helmet 28 EU - \u20ac132\" \/>\n<meta property=\"og:description\" content=\"Ytterskal i h\u00f6gpresterande l\u00e4der och NMX-inredning - dessa Zamp Race Shoes \u00e4r extremt slitstarka och bekv\u00e4ma f\u00f6r karting och racing!\" \/>\n<meta property=\"og:url\" content=\"https:\/\/zamphelmets.co\/sv\/produkt\/zamp-zr-60-tavlingsskor-svart\/\" \/>\n<meta property=\"og:site_name\" content=\"Zamp Helmets | Helmet 28 EU\" \/>\n<meta property=\"og:image\" content=\"https:\/\/zamphelmets.co\/wp-content\/uploads\/2020\/11\/RS004003.jpg\" \/>\n\t<meta property=\"og:image:width\" content=\"1000\" \/>\n\t<meta property=\"og:image:height\" content=\"1000\" \/>\n\t<meta property=\"og:image:type\" content=\"image\/jpeg\" \/>\n<meta name=\"twitter:card\" content=\"summary_large_image\" \/>\n<meta name=\"twitter:label1\" content=\"Est. reading time\" \/>\n\t<meta name=\"twitter:data1\" content=\"1 minut\" \/>\n<script type=\"application\/ld+json\" class=\"yoast-schema-graph\">{\"@context\":\"https:\/\/schema.org\",\"@graph\":[{\"@type\":\"WebPage\",\"@id\":\"https:\/\/zamphelmets.co\/sv\/produkt\/zamp-zr-60-tavlingsskor-svart\/\",\"url\":\"https:\/\/zamphelmets.co\/sv\/produkt\/zamp-zr-60-tavlingsskor-svart\/\",\"name\":\"- Zamp Helmets | Helmet 28 EU - \u20ac132\",\"isPartOf\":{\"@id\":\"https:\/\/zamphelmets.co\/sv\/#website\"},\"primaryImageOfPage\":{\"@id\":\"https:\/\/zamphelmets.co\/sv\/produkt\/zamp-zr-60-tavlingsskor-svart\/#primaryimage\"},\"image\":{\"@id\":\"https:\/\/zamphelmets.co\/sv\/produkt\/zamp-zr-60-tavlingsskor-svart\/#primaryimage\"},\"thumbnailUrl\":\"https:\/\/zamphelmets.co\/wp-content\/uploads\/2020\/11\/RS004003.jpg\",\"datePublished\":\"2020-11-09T13:27:47+00:00\",\"description\":\"Ytterskal i h\u00f6gpresterande l\u00e4der och NMX-inredning - dessa Zamp Race Shoes \u00e4r extremt slitstarka och bekv\u00e4ma f\u00f6r karting och racing!\",\"breadcrumb\":{\"@id\":\"https:\/\/zamphelmets.co\/sv\/produkt\/zamp-zr-60-tavlingsskor-svart\/#breadcrumb\"},\"inLanguage\":\"sv-SE\",\"potentialAction\":[{\"@type\":\"ReadAction\",\"target\":[\"https:\/\/zamphelmets.co\/sv\/produkt\/zamp-zr-60-tavlingsskor-svart\/\"]}]},{\"@type\":\"ImageObject\",\"inLanguage\":\"sv-SE\",\"@id\":\"https:\/\/zamphelmets.co\/sv\/produkt\/zamp-zr-60-tavlingsskor-svart\/#primaryimage\",\"url\":\"https:\/\/zamphelmets.co\/wp-content\/uploads\/2020\/11\/RS004003.jpg\",\"contentUrl\":\"https:\/\/zamphelmets.co\/wp-content\/uploads\/2020\/11\/RS004003.jpg\",\"width\":1000,\"height\":1000,\"caption\":\"Zamp Race Skor Svart\"},{\"@type\":\"BreadcrumbList\",\"@id\":\"https:\/\/zamphelmets.co\/sv\/produkt\/zamp-zr-60-tavlingsskor-svart\/#breadcrumb\",\"itemListElement\":[{\"@type\":\"ListItem\",\"position\":1,\"name\":\"Butik\",\"item\":\"https:\/\/zamphelmets.co\/sv\/butik\/\"},{\"@type\":\"ListItem\",\"position\":2,\"name\":\"Zamp ZR-60 t\u00e4vlingsskor Svart\"}]},{\"@type\":\"WebSite\",\"@id\":\"https:\/\/zamphelmets.co\/sv\/#website\",\"url\":\"https:\/\/zamphelmets.co\/sv\/\",\"name\":\"Zamp Helmets | Helmet 28 EU\",\"description\":\"High Quality Motorsport Helmets\",\"potentialAction\":[{\"@type\":\"SearchAction\",\"target\":{\"@type\":\"EntryPoint\",\"urlTemplate\":\"https:\/\/zamphelmets.co\/sv\/?s={search_term_string}\"},\"query-input\":{\"@type\":\"PropertyValueSpecification\",\"valueRequired\":true,\"valueName\":\"search_term_string\"}}],\"inLanguage\":\"sv-SE\"}]}<\/script>\n<!-- \/ Yoast SEO plugin. -->","yoast_head_json":{"title":"- Zamp Helmets | Helmet 28 EU - \u20ac132","description":"Ytterskal i h\u00f6gpresterande l\u00e4der och NMX-inredning - dessa Zamp Race Shoes \u00e4r extremt slitstarka och bekv\u00e4ma f\u00f6r karting och racing!","robots":{"index":"index","follow":"follow","max-snippet":"max-snippet:-1","max-image-preview":"max-image-preview:large","max-video-preview":"max-video-preview:-1"},"canonical":"https:\/\/zamphelmets.co\/sv\/produkt\/zamp-zr-60-tavlingsskor-svart\/","og_locale":"sv_SE","og_type":"article","og_title":"- Zamp Helmets | Helmet 28 EU - \u20ac132","og_description":"Ytterskal i h\u00f6gpresterande l\u00e4der och NMX-inredning - dessa Zamp Race Shoes \u00e4r extremt slitstarka och bekv\u00e4ma f\u00f6r karting och racing!","og_url":"https:\/\/zamphelmets.co\/sv\/produkt\/zamp-zr-60-tavlingsskor-svart\/","og_site_name":"Zamp Helmets | Helmet 28 EU","og_image":[{"width":1000,"height":1000,"url":"https:\/\/zamphelmets.co\/wp-content\/uploads\/2020\/11\/RS004003.jpg","type":"image\/jpeg"}],"twitter_card":"summary_large_image","twitter_misc":{"Est. reading time":"1 minut"},"schema":{"@context":"https:\/\/schema.org","@graph":[{"@type":"WebPage","@id":"https:\/\/zamphelmets.co\/sv\/produkt\/zamp-zr-60-tavlingsskor-svart\/","url":"https:\/\/zamphelmets.co\/sv\/produkt\/zamp-zr-60-tavlingsskor-svart\/","name":"- Zamp Helmets | Helmet 28 EU - \u20ac132","isPartOf":{"@id":"https:\/\/zamphelmets.co\/sv\/#website"},"primaryImageOfPage":{"@id":"https:\/\/zamphelmets.co\/sv\/produkt\/zamp-zr-60-tavlingsskor-svart\/#primaryimage"},"image":{"@id":"https:\/\/zamphelmets.co\/sv\/produkt\/zamp-zr-60-tavlingsskor-svart\/#primaryimage"},"thumbnailUrl":"https:\/\/zamphelmets.co\/wp-content\/uploads\/2020\/11\/RS004003.jpg","datePublished":"2020-11-09T13:27:47+00:00","description":"Ytterskal i h\u00f6gpresterande l\u00e4der och NMX-inredning - dessa Zamp Race Shoes \u00e4r extremt slitstarka och bekv\u00e4ma f\u00f6r karting och racing!","breadcrumb":{"@id":"https:\/\/zamphelmets.co\/sv\/produkt\/zamp-zr-60-tavlingsskor-svart\/#breadcrumb"},"inLanguage":"sv-SE","potentialAction":[{"@type":"ReadAction","target":["https:\/\/zamphelmets.co\/sv\/produkt\/zamp-zr-60-tavlingsskor-svart\/"]}]},{"@type":"ImageObject","inLanguage":"sv-SE","@id":"https:\/\/zamphelmets.co\/sv\/produkt\/zamp-zr-60-tavlingsskor-svart\/#primaryimage","url":"https:\/\/zamphelmets.co\/wp-content\/uploads\/2020\/11\/RS004003.jpg","contentUrl":"https:\/\/zamphelmets.co\/wp-content\/uploads\/2020\/11\/RS004003.jpg","width":1000,"height":1000,"caption":"Zamp Race Skor Svart"},{"@type":"BreadcrumbList","@id":"https:\/\/zamphelmets.co\/sv\/produkt\/zamp-zr-60-tavlingsskor-svart\/#breadcrumb","itemListElement":[{"@type":"ListItem","position":1,"name":"Butik","item":"https:\/\/zamphelmets.co\/sv\/butik\/"},{"@type":"ListItem","position":2,"name":"Zamp ZR-60 t\u00e4vlingsskor Svart"}]},{"@type":"WebSite","@id":"https:\/\/zamphelmets.co\/sv\/#website","url":"https:\/\/zamphelmets.co\/sv\/","name":"Zamp Helmets | Helmet 28 EU","description":"High Quality Motorsport Helmets","potentialAction":[{"@type":"SearchAction","target":{"@type":"EntryPoint","urlTemplate":"https:\/\/zamphelmets.co\/sv\/?s={search_term_string}"},"query-input":{"@type":"PropertyValueSpecification","valueRequired":true,"valueName":"search_term_string"}}],"inLanguage":"sv-SE"}]}},"_links":{"self":[{"href":"https:\/\/zamphelmets.co\/sv\/wp-json\/wp\/v2\/product\/22517","targetHints":{"allow":["GET"]}}],"collection":[{"href":"https:\/\/zamphelmets.co\/sv\/wp-json\/wp\/v2\/product"}],"about":[{"href":"https:\/\/zamphelmets.co\/sv\/wp-json\/wp\/v2\/types\/product"}],"replies":[{"embeddable":true,"href":"https:\/\/zamphelmets.co\/sv\/wp-json\/wp\/v2\/comments?post=22517"}],"wp:featuredmedia":[{"embeddable":true,"href":"https:\/\/zamphelmets.co\/sv\/wp-json\/wp\/v2\/media\/12741"}],"wp:attachment":[{"href":"https:\/\/zamphelmets.co\/sv\/wp-json\/wp\/v2\/media?parent=22517"}],"wp:term":[{"taxonomy":"product_brand","embeddable":true,"href":"https:\/\/zamphelmets.co\/sv\/wp-json\/wp\/v2\/product_brand?post=22517"},{"taxonomy":"product_cat","embeddable":true,"href":"https:\/\/zamphelmets.co\/sv\/wp-json\/wp\/v2\/product_cat?post=22517"},{"taxonomy":"product_tag","embeddable":true,"href":"https:\/\/zamphelmets.co\/sv\/wp-json\/wp\/v2\/product_tag?post=22517"}],"curies":[{"name":"wp","href":"https:\/\/api.w.org\/{rel}","templated":true}]}}