{"id":22494,"date":"2020-08-07T12:00:41","date_gmt":"2020-08-07T12:00:41","guid":{"rendered":"https:\/\/zamphelmets.co\/product\/rz-65d\/"},"modified":"2026-02-16T15:09:40","modified_gmt":"2026-02-16T15:09:40","slug":"rz-65d","status":"publish","type":"product","link":"https:\/\/zamphelmets.co\/sv\/produkt\/rz-65d\/","title":{"rendered":"RZ 65D"},"content":{"rendered":"<p><strong>RZ-65D \u00e4r en premiumhj\u00e4lm i kolfiber som kan anv\u00e4ndas i en m\u00e4ngd olika t\u00e4vlingsupps\u00e4ttningar. Med en attraktiv tjock kolfiberv\u00e4v kommer den att uppm\u00e4rksammas p\u00e5 alla banor runt om i v\u00e4rlden. RZ 65D \u00e4r utrustad med den nya Snell SA2020-klassificeringen p\u00e5 en extremt l\u00e4tt kolfiberv\u00e4v och erbjuder ultimat komfort och s\u00e4kerhet f\u00f6r f\u00f6rare i varmt v\u00e4der eller under l\u00e5nga arbetspass.<\/strong><\/p>\n<p><strong>Funktioner inkluderar:  <\/strong><\/p>\n<ul>\n<li><strong>Kolfiberblandat skal med stor v\u00e4v<\/strong> f\u00f6r superl\u00e4tt skal<\/li>\n<li><strong>DUAL Chin Curtains<\/strong> Monteras p\u00e5 b\u00e5de toppen och botten av Chin Bar. <strong>B\u00e5da dessa kan tas bort (se video nedan)<\/strong><\/li>\n<li><strong>Aerodynamik <\/strong>Optimerad f\u00f6r f\u00f6rb\u00e4ttrad stabilitet. Inkluderar bakre spoiler<\/li>\n<li><strong>Top Air System <\/strong>G\u00f6r att du kan anv\u00e4nda naturlig luft, forcerad luft eller luftpluggar<\/li>\n<li>Mjuk, <strong>brandh\u00e4mmande Performance Fit <\/strong>, l\u00f6stagbar\/tv\u00e4ttbar, ultramjuk interi\u00f6r med EPS-skum f\u00f6r hakbygel<\/li>\n<li><strong>Z-20 Serie 3 mm klar sk\u00e4rm <\/strong>med sp\u00e4nnbara avrivare Stolpar med 12,25 <strong>mm <\/strong>centrumstolpar med avrivare av banantyp<\/li>\n<li><strong>Hydreringsh\u00e5l\/pluggar<\/strong> framme och mitt i hakbygeln f\u00f6r enkel montering. Ta bort pluggen f\u00f6r att installera tillbeh\u00f6ret Hydration Kit.<\/li>\n<li><strong>\u00d6ronk\u00e5por och \u00f6ronkuddar<\/strong> f\u00f6r att ge f\u00f6raren en tystare milj\u00f6 f\u00f6r att h\u00f6ra vad du beh\u00f6ver h\u00f6ra. Enkel integrering av kommunikationsutrustning med Cheek EPS och Comfort Liner.<\/li>\n<li><strong>M6-insatser<\/strong> f\u00f6r huvud- och nackst\u00f6d<\/li>\n<li><strong>Godk\u00e4nd enligt Snell SA2020<\/strong><\/li>\n<li><strong>Vikt: ca 1360 g +\/-20 g i storlek M<\/strong><\/li>\n<\/ul>\n<p>Som vanligt inom motorsport varierar v\u00e5ra storlekar beroende p\u00e5 hj\u00e4lmmodell. Mer information om hur du v\u00e4ljer r\u00e4tt storlek p\u00e5 hj\u00e4lmen finns <a href=\"https:\/\/zamphelmets.co\/sv\/hur-man-valjer-ratt-hjalmstorlek\/\">h\u00e4r<\/a>.<\/p>\n<p>Kinnkjol och andningsskydd kan enkelt tas bort. Se videon h\u00e4r f\u00f6r hur du installerar och den inneh\u00e5ller ocks\u00e5 en guide f\u00f6r borttagning:<\/p>\n<p><iframe title=\"How to Install the Fabric Breath Deflector\/Chin Curtain on your Zamp Helmet\" width=\"500\" height=\"281\" data-src=\"https:\/\/www.youtube.com\/embed\/aKc17YTgtSA?start=32&#038;feature=oembed\" frameborder=\"0\" allow=\"accelerometer; autoplay; clipboard-write; encrypted-media; gyroscope; picture-in-picture; web-share\" referrerpolicy=\"strict-origin-when-cross-origin\" allowfullscreen src=\"data:image\/svg+xml;base64,PHN2ZyB3aWR0aD0iMSIgaGVpZ2h0PSIxIiB4bWxucz0iaHR0cDovL3d3dy53My5vcmcvMjAwMC9zdmciPjwvc3ZnPg==\" class=\"lazyload\" data-load-mode=\"1\"><\/iframe><\/p>\n<p><a href=\"https:\/\/zamphelmets.co\/sv\/homologering-forklarad\/\"><strong>Homologering f\u00f6rklarad<\/strong> &#8211; ta reda p\u00e5 vilken homologering du beh\u00f6ver<\/a><\/p>\n<p><a href=\"https:\/\/zamphelmets.co\/sv\/hans-stolpar-hans-och-fhr-utrustning\/\"><strong>FHR \/ HANS-utrustning<\/strong> &#8211; n\u00e4r kr\u00e4vs det?<\/a><\/p>\n<p>&nbsp;<\/p>\n<p><img decoding=\"async\" class=\"alignnone wp-image-26355 size-full lazyload\" data-src=\"https:\/\/zamphelmets.co\/wp-content\/uploads\/2024\/03\/Zamp-Helmets-sizing-guide-4166-x-4166-px-1.png\" alt=\"\" width=\"500\" height=\"500\" data-srcset=\"https:\/\/zamphelmets.co\/wp-content\/uploads\/2024\/03\/Zamp-Helmets-sizing-guide-4166-x-4166-px-1.png 500w, https:\/\/zamphelmets.co\/wp-content\/uploads\/2024\/03\/Zamp-Helmets-sizing-guide-4166-x-4166-px-1-300x300.png 300w, https:\/\/zamphelmets.co\/wp-content\/uploads\/2024\/03\/Zamp-Helmets-sizing-guide-4166-x-4166-px-1-150x150.png 150w, https:\/\/zamphelmets.co\/wp-content\/uploads\/2024\/03\/Zamp-Helmets-sizing-guide-4166-x-4166-px-1-100x100.png 100w\" data-sizes=\"(max-width: 500px) 100vw, 500px\" src=\"data:image\/svg+xml;base64,PHN2ZyB3aWR0aD0iMSIgaGVpZ2h0PSIxIiB4bWxucz0iaHR0cDovL3d3dy53My5vcmcvMjAwMC9zdmciPjwvc3ZnPg==\" style=\"--smush-placeholder-width: 500px; --smush-placeholder-aspect-ratio: 500\/500;\" \/><\/p>\n<div id=\"product-10089\" class=\"product type-product post-10089 status-publish first instock product_cat-fia product_cat-snell-2020-sa2020 product_cat-zamp has-post-thumbnail taxable shipping-taxable purchasable product-type-variable\">\n<div class=\"woocommerce-tabs wc-tabs-wrapper\">\n<div id=\"tab-description\" class=\"woocommerce-Tabs-panel woocommerce-Tabs-panel--description panel entry-content wc-tab\" role=\"tabpanel\" aria-labelledby=\"tab-title-description\">\n<p><strong>Os\u00e4ker p\u00e5 storlek? <\/strong><a href=\"https:\/\/form.jotform.com\/251263198513053\">Fyll i v\u00e5rt storleksformul\u00e4r<\/a> s\u00e5 kommer en av v\u00e5ra medarbetare att kontakta dig med v\u00e5ra rekommendationer.<\/p>\n<\/div>\n<\/div>\n<\/div>\n","protected":false},"excerpt":{"rendered":"<p><strong>Zamps RZ-65D \u00e4r en premiumhj\u00e4lm i kolfiber som kan anv\u00e4ndas i en m\u00e4ngd olika t\u00e4vlingsupps\u00e4ttningar. Med en attraktiv tjock kolfiberv\u00e4v kommer den att uppm\u00e4rksammas p\u00e5 alla banor runt om i v\u00e4rlden. RZ 65D \u00e4r utrustad med den nya Snell SA2020-klassificeringen p\u00e5 en extremt l\u00e4tt kolfiberv\u00e4v och erbjuder ultimat komfort och s\u00e4kerhet f\u00f6r f\u00f6rare i varmt v\u00e4der eller under l\u00e5nga arbetspass.  <\/strong><\/p>\n","protected":false},"featured_media":11971,"comment_status":"open","ping_status":"closed","template":"","meta":{"_acf_changed":false,"_iconic_wsb_product_page_order_bump_ids":[[]],"_sku":[],"_iconic_wsb_product_page_bump_modal_ids":[[]]},"product_brand":[],"product_cat":[160,163,162,161,152],"product_tag":[],"class_list":{"0":"post-22494","1":"product","2":"type-product","3":"status-publish","4":"has-post-thumbnail","6":"product_cat-zamp-hjalmar","7":"product_cat-premium-sv","8":"product_cat-snell-sv","9":"product_cat-snell-2020-sa2020-sv","10":"product_cat-zamp-sv","12":"first","13":"outofstock","14":"taxable","15":"shipping-taxable","16":"product-type-variable"},"acf":[],"yoast_head":"<!-- This site is optimized with the Yoast SEO plugin v27.0 - https:\/\/yoast.com\/product\/yoast-seo-wordpress\/ -->\n<title>RZ 65D - Zamp Helmets | Helmet 28 EU - Attraktiv tjock kolfiberv\u00e4v<\/title>\n<meta name=\"description\" content=\"RZ-65D \u00e4r en premiumhj\u00e4lm i kolfiber med SA2020-homologering. En otroligt tjock design med kolfiberv\u00e4v som garanterat kommer att uppm\u00e4rksammas p\u00e5 alla banor runt om i v\u00e4rlden.\" \/>\n<meta name=\"robots\" content=\"index, follow, max-snippet:-1, max-image-preview:large, max-video-preview:-1\" \/>\n<link rel=\"canonical\" href=\"https:\/\/zamphelmets.co\/sv\/produkt\/rz-65d\/\" \/>\n<meta property=\"og:locale\" content=\"sv_SE\" \/>\n<meta property=\"og:type\" content=\"article\" \/>\n<meta property=\"og:title\" content=\"RZ 65D - Zamp Helmets | Helmet 28 EU - Attraktiv tjock kolfiberv\u00e4v\" \/>\n<meta property=\"og:description\" content=\"RZ-65D \u00e4r en premiumhj\u00e4lm i kolfiber med SA2020-homologering. En otroligt tjock design med kolfiberv\u00e4v som garanterat kommer att uppm\u00e4rksammas p\u00e5 alla banor runt om i v\u00e4rlden.\" \/>\n<meta property=\"og:url\" content=\"https:\/\/zamphelmets.co\/sv\/produkt\/rz-65d\/\" \/>\n<meta property=\"og:site_name\" content=\"Zamp Helmets | Helmet 28 EU\" \/>\n<meta property=\"article:modified_time\" content=\"2026-02-16T15:09:40+00:00\" \/>\n<meta property=\"og:image\" content=\"https:\/\/zamphelmets.co\/wp-content\/uploads\/2020\/08\/PHVNFawhRyihuCOyCPvc_H775CA3.jpg\" \/>\n\t<meta property=\"og:image:width\" content=\"1500\" \/>\n\t<meta property=\"og:image:height\" content=\"1500\" \/>\n\t<meta property=\"og:image:type\" content=\"image\/jpeg\" \/>\n<meta name=\"twitter:card\" content=\"summary_large_image\" \/>\n<meta name=\"twitter:label1\" content=\"Est. reading time\" \/>\n\t<meta name=\"twitter:data1\" content=\"2 minuter\" \/>\n<script type=\"application\/ld+json\" class=\"yoast-schema-graph\">{\"@context\":\"https:\/\/schema.org\",\"@graph\":[{\"@type\":\"WebPage\",\"@id\":\"https:\/\/zamphelmets.co\/sv\/produkt\/rz-65d\/\",\"url\":\"https:\/\/zamphelmets.co\/sv\/produkt\/rz-65d\/\",\"name\":\"RZ 65D - Zamp Helmets | Helmet 28 EU - Attraktiv tjock kolfiberv\u00e4v\",\"isPartOf\":{\"@id\":\"https:\/\/zamphelmets.co\/sv\/#website\"},\"primaryImageOfPage\":{\"@id\":\"https:\/\/zamphelmets.co\/sv\/produkt\/rz-65d\/#primaryimage\"},\"image\":{\"@id\":\"https:\/\/zamphelmets.co\/sv\/produkt\/rz-65d\/#primaryimage\"},\"thumbnailUrl\":\"https:\/\/zamphelmets.co\/wp-content\/uploads\/2020\/08\/PHVNFawhRyihuCOyCPvc_H775CA3.jpg\",\"datePublished\":\"2020-08-07T12:00:41+00:00\",\"dateModified\":\"2026-02-16T15:09:40+00:00\",\"description\":\"RZ-65D \u00e4r en premiumhj\u00e4lm i kolfiber med SA2020-homologering. En otroligt tjock design med kolfiberv\u00e4v som garanterat kommer att uppm\u00e4rksammas p\u00e5 alla banor runt om i v\u00e4rlden.\",\"breadcrumb\":{\"@id\":\"https:\/\/zamphelmets.co\/sv\/produkt\/rz-65d\/#breadcrumb\"},\"inLanguage\":\"sv-SE\",\"potentialAction\":[{\"@type\":\"ReadAction\",\"target\":[\"https:\/\/zamphelmets.co\/sv\/produkt\/rz-65d\/\"]}]},{\"@type\":\"ImageObject\",\"inLanguage\":\"sv-SE\",\"@id\":\"https:\/\/zamphelmets.co\/sv\/produkt\/rz-65d\/#primaryimage\",\"url\":\"https:\/\/zamphelmets.co\/wp-content\/uploads\/2020\/08\/PHVNFawhRyihuCOyCPvc_H775CA3.jpg\",\"contentUrl\":\"https:\/\/zamphelmets.co\/wp-content\/uploads\/2020\/08\/PHVNFawhRyihuCOyCPvc_H775CA3.jpg\",\"width\":1500,\"height\":1500,\"caption\":\"RZ 65D Racinghj\u00e4lm i kolfiber\"},{\"@type\":\"BreadcrumbList\",\"@id\":\"https:\/\/zamphelmets.co\/sv\/produkt\/rz-65d\/#breadcrumb\",\"itemListElement\":[{\"@type\":\"ListItem\",\"position\":1,\"name\":\"Butik\",\"item\":\"https:\/\/zamphelmets.co\/sv\/butik\/\"},{\"@type\":\"ListItem\",\"position\":2,\"name\":\"RZ 65D\"}]},{\"@type\":\"WebSite\",\"@id\":\"https:\/\/zamphelmets.co\/sv\/#website\",\"url\":\"https:\/\/zamphelmets.co\/sv\/\",\"name\":\"Zamp Helmets | Helmet 28 EU\",\"description\":\"High Quality Motorsport Helmets\",\"potentialAction\":[{\"@type\":\"SearchAction\",\"target\":{\"@type\":\"EntryPoint\",\"urlTemplate\":\"https:\/\/zamphelmets.co\/sv\/?s={search_term_string}\"},\"query-input\":{\"@type\":\"PropertyValueSpecification\",\"valueRequired\":true,\"valueName\":\"search_term_string\"}}],\"inLanguage\":\"sv-SE\"}]}<\/script>\n<!-- \/ Yoast SEO plugin. -->","yoast_head_json":{"title":"RZ 65D - Zamp Helmets | Helmet 28 EU - Attraktiv tjock kolfiberv\u00e4v","description":"RZ-65D \u00e4r en premiumhj\u00e4lm i kolfiber med SA2020-homologering. En otroligt tjock design med kolfiberv\u00e4v som garanterat kommer att uppm\u00e4rksammas p\u00e5 alla banor runt om i v\u00e4rlden.","robots":{"index":"index","follow":"follow","max-snippet":"max-snippet:-1","max-image-preview":"max-image-preview:large","max-video-preview":"max-video-preview:-1"},"canonical":"https:\/\/zamphelmets.co\/sv\/produkt\/rz-65d\/","og_locale":"sv_SE","og_type":"article","og_title":"RZ 65D - Zamp Helmets | Helmet 28 EU - Attraktiv tjock kolfiberv\u00e4v","og_description":"RZ-65D \u00e4r en premiumhj\u00e4lm i kolfiber med SA2020-homologering. En otroligt tjock design med kolfiberv\u00e4v som garanterat kommer att uppm\u00e4rksammas p\u00e5 alla banor runt om i v\u00e4rlden.","og_url":"https:\/\/zamphelmets.co\/sv\/produkt\/rz-65d\/","og_site_name":"Zamp Helmets | Helmet 28 EU","article_modified_time":"2026-02-16T15:09:40+00:00","og_image":[{"width":1500,"height":1500,"url":"https:\/\/zamphelmets.co\/wp-content\/uploads\/2020\/08\/PHVNFawhRyihuCOyCPvc_H775CA3.jpg","type":"image\/jpeg"}],"twitter_card":"summary_large_image","twitter_misc":{"Est. reading time":"2 minuter"},"schema":{"@context":"https:\/\/schema.org","@graph":[{"@type":"WebPage","@id":"https:\/\/zamphelmets.co\/sv\/produkt\/rz-65d\/","url":"https:\/\/zamphelmets.co\/sv\/produkt\/rz-65d\/","name":"RZ 65D - Zamp Helmets | Helmet 28 EU - Attraktiv tjock kolfiberv\u00e4v","isPartOf":{"@id":"https:\/\/zamphelmets.co\/sv\/#website"},"primaryImageOfPage":{"@id":"https:\/\/zamphelmets.co\/sv\/produkt\/rz-65d\/#primaryimage"},"image":{"@id":"https:\/\/zamphelmets.co\/sv\/produkt\/rz-65d\/#primaryimage"},"thumbnailUrl":"https:\/\/zamphelmets.co\/wp-content\/uploads\/2020\/08\/PHVNFawhRyihuCOyCPvc_H775CA3.jpg","datePublished":"2020-08-07T12:00:41+00:00","dateModified":"2026-02-16T15:09:40+00:00","description":"RZ-65D \u00e4r en premiumhj\u00e4lm i kolfiber med SA2020-homologering. En otroligt tjock design med kolfiberv\u00e4v som garanterat kommer att uppm\u00e4rksammas p\u00e5 alla banor runt om i v\u00e4rlden.","breadcrumb":{"@id":"https:\/\/zamphelmets.co\/sv\/produkt\/rz-65d\/#breadcrumb"},"inLanguage":"sv-SE","potentialAction":[{"@type":"ReadAction","target":["https:\/\/zamphelmets.co\/sv\/produkt\/rz-65d\/"]}]},{"@type":"ImageObject","inLanguage":"sv-SE","@id":"https:\/\/zamphelmets.co\/sv\/produkt\/rz-65d\/#primaryimage","url":"https:\/\/zamphelmets.co\/wp-content\/uploads\/2020\/08\/PHVNFawhRyihuCOyCPvc_H775CA3.jpg","contentUrl":"https:\/\/zamphelmets.co\/wp-content\/uploads\/2020\/08\/PHVNFawhRyihuCOyCPvc_H775CA3.jpg","width":1500,"height":1500,"caption":"RZ 65D Racinghj\u00e4lm i kolfiber"},{"@type":"BreadcrumbList","@id":"https:\/\/zamphelmets.co\/sv\/produkt\/rz-65d\/#breadcrumb","itemListElement":[{"@type":"ListItem","position":1,"name":"Butik","item":"https:\/\/zamphelmets.co\/sv\/butik\/"},{"@type":"ListItem","position":2,"name":"RZ 65D"}]},{"@type":"WebSite","@id":"https:\/\/zamphelmets.co\/sv\/#website","url":"https:\/\/zamphelmets.co\/sv\/","name":"Zamp Helmets | Helmet 28 EU","description":"High Quality Motorsport Helmets","potentialAction":[{"@type":"SearchAction","target":{"@type":"EntryPoint","urlTemplate":"https:\/\/zamphelmets.co\/sv\/?s={search_term_string}"},"query-input":{"@type":"PropertyValueSpecification","valueRequired":true,"valueName":"search_term_string"}}],"inLanguage":"sv-SE"}]}},"_links":{"self":[{"href":"https:\/\/zamphelmets.co\/sv\/wp-json\/wp\/v2\/product\/22494","targetHints":{"allow":["GET"]}}],"collection":[{"href":"https:\/\/zamphelmets.co\/sv\/wp-json\/wp\/v2\/product"}],"about":[{"href":"https:\/\/zamphelmets.co\/sv\/wp-json\/wp\/v2\/types\/product"}],"replies":[{"embeddable":true,"href":"https:\/\/zamphelmets.co\/sv\/wp-json\/wp\/v2\/comments?post=22494"}],"wp:featuredmedia":[{"embeddable":true,"href":"https:\/\/zamphelmets.co\/sv\/wp-json\/wp\/v2\/media\/11971"}],"wp:attachment":[{"href":"https:\/\/zamphelmets.co\/sv\/wp-json\/wp\/v2\/media?parent=22494"}],"wp:term":[{"taxonomy":"product_brand","embeddable":true,"href":"https:\/\/zamphelmets.co\/sv\/wp-json\/wp\/v2\/product_brand?post=22494"},{"taxonomy":"product_cat","embeddable":true,"href":"https:\/\/zamphelmets.co\/sv\/wp-json\/wp\/v2\/product_cat?post=22494"},{"taxonomy":"product_tag","embeddable":true,"href":"https:\/\/zamphelmets.co\/sv\/wp-json\/wp\/v2\/product_tag?post=22494"}],"curies":[{"name":"wp","href":"https:\/\/api.w.org\/{rel}","templated":true}]}}