{"id":206991,"date":"2026-01-26T11:24:16","date_gmt":"2026-01-26T11:24:16","guid":{"rendered":"https:\/\/zamphelmets.co\/product\/unleash-rod\/"},"modified":"2026-02-27T11:16:49","modified_gmt":"2026-02-27T11:16:49","slug":"unleash-rod","status":"publish","type":"product","link":"https:\/\/zamphelmets.co\/sv\/produkt\/unleash-rod\/","title":{"rendered":"UNLEASH &#8211; R\u00f6d"},"content":{"rendered":"<p data-start=\"561\" data-end=\"923\">Konstruerade med <strong data-start=\"577\" data-end=\"595\">yttre s\u00f6mmar<\/strong>, en <strong data-start=\"600\" data-end=\"628\">ergonomisk f\u00f6rb\u00f6jd passform<\/strong> och den signifikanta <strong data-start=\"648\" data-end=\"665\">r\u00f6da fingertoppen<\/strong> som definierar 32Five, \u00e4r varje par gjorda f\u00f6r att prestera och sticka ut. Den l\u00e4tta, ventilerande ovansidan h\u00e5ller dina h\u00e4nder svala under press, medan den avancerade <strong data-start=\"831\" data-end=\"860\">DriveSkin-handflatstekniken<\/strong> s\u00e4kerst\u00e4ller oslagbar styrk\u00e4nsla, precision och h\u00e5llbarhet. <\/p>\n<p data-start=\"925\" data-end=\"1081\">F\u00f6dda ur passion och f\u00f6rfinade genom prestanda, har <strong data-start=\"976\" data-end=\"1038\">32Five-handskar blivit ett statement i kartingv\u00e4rlden<\/strong> \u2014 och UNLEASH tar det ett steg l\u00e4ngre.<\/p>\n<ul>\n<li data-start=\"1083\" data-end=\"1543\"><strong data-start=\"1085\" data-end=\"1103\">Yttre s\u00f6mmar<\/strong> \u2013 Minimerar friktion och tryckpunkter f\u00f6r \u00f6verl\u00e4gsen komfort och l\u00e5ngvarig h\u00e5llbarhet.<\/li>\n<li data-start=\"1083\" data-end=\"1543\"><strong data-start=\"1198\" data-end=\"1225\">Ventilerande ovansida<\/strong> \u2013 L\u00e4tt, mjuk och ventilerad f\u00f6r komfort hela dagen och levande, effektfulla f\u00e4rger.<\/li>\n<li data-start=\"1083\" data-end=\"1543\"><strong data-start=\"1319\" data-end=\"1348\">DriveSkin-handflatsteknik<\/strong> \u2013 Avancerat grepp och taktil kontroll, konstruerad f\u00f6r h\u00f6gintensiv karting.<\/li>\n<li data-start=\"1083\" data-end=\"1543\"><strong data-start=\"1429\" data-end=\"1457\">F\u00f6rb\u00f6jd ergonomisk passform<\/strong> \u2013 St\u00f6der naturliga handr\u00f6relser f\u00f6r f\u00f6rb\u00e4ttrad precision och fokus bakom ratten.<\/li>\n<li data-start=\"1083\" data-end=\"1543\"><strong>Finns i storlekarna XXXS till Large<\/strong><\/li>\n<\/ul>\n<p data-start=\"1545\" data-end=\"1742\">Fr\u00e5n den ikoniska r\u00f6da fingertoppen till varje noggrant utformad detalj, \u00e4r <strong data-start=\"1614\" data-end=\"1639\">32Five UNLEASH-handskarna<\/strong> <strong data-start=\"1644\" data-end=\"1740\">premium kartinghandskar byggda f\u00f6r f\u00f6rare som kr\u00e4ver kontroll, komfort och omissk\u00e4nnlig stil.<\/strong><\/p>\n<p data-start=\"1744\" data-end=\"1777\"><strong data-start=\"1744\" data-end=\"1777\">F\u00f6lj det r\u00f6da. K\u00f6r 32Five. <\/strong><\/p>\n<p data-start=\"1744\" data-end=\"1777\"><img decoding=\"async\" data-src=\"https:\/\/shop.32five.me\/cdn\/shop\/files\/32F-SizeGuide-25-V1.png?v=1751196689&amp;width=3840\" width=\"603\" height=\"324\" src=\"data:image\/svg+xml;base64,PHN2ZyB3aWR0aD0iMSIgaGVpZ2h0PSIxIiB4bWxucz0iaHR0cDovL3d3dy53My5vcmcvMjAwMC9zdmciPjwvc3ZnPg==\" class=\"lazyload\" style=\"--smush-placeholder-width: 603px; --smush-placeholder-aspect-ratio: 603\/324;\"><\/p>\n","protected":false},"excerpt":{"rendered":"<p>Konstruerade med yttre s\u00f6mmar, en ergonomisk f\u00f6rb\u00f6jd passform och den signifikanta r\u00f6da fingertoppen som definierar 32Five, \u00e4r varje par gjorda f\u00f6r att prestera och sticka ut. Den l\u00e4tta, ventilerande ovansidan h\u00e5ller dina h\u00e4nder svala under press, medan den avancerade DriveSkin-handflatstekniken s\u00e4kerst\u00e4ller oslagbar styrk\u00e4nsla, precision och h\u00e5llbarhet. F\u00f6dda ur passion och f\u00f6rfinade genom prestanda, har 32Five-handskar [&hellip;]<\/p>\n","protected":false},"featured_media":189848,"comment_status":"open","ping_status":"closed","template":"","meta":{"_acf_changed":false,"_iconic_wsb_product_page_order_bump_ids":[[]],"_sku":[],"_iconic_wsb_product_page_bump_modal_ids":[[]]},"product_brand":[],"product_cat":[492,182,174],"product_tag":[],"class_list":{"0":"post-206991","1":"product","2":"type-product","3":"status-publish","4":"has-post-thumbnail","6":"product_cat-32five","7":"product_cat-handskar","8":"product_cat-skydd-klader","10":"first","11":"instock","12":"taxable","13":"shipping-taxable","14":"purchasable","15":"product-type-variable"},"acf":[],"yoast_head":"<!-- This site is optimized with the Yoast SEO plugin v27.0 - https:\/\/yoast.com\/product\/yoast-seo-wordpress\/ -->\n<title>UNLEASH - R\u00f6d - Premium Kartinghandskar<\/title>\n<meta name=\"robots\" content=\"index, follow, max-snippet:-1, max-image-preview:large, max-video-preview:-1\" \/>\n<link rel=\"canonical\" href=\"https:\/\/zamphelmets.co\/sv\/produkt\/unleash-rod\/\" \/>\n<meta property=\"og:locale\" content=\"sv_SE\" \/>\n<meta property=\"og:type\" content=\"article\" \/>\n<meta property=\"og:title\" content=\"UNLEASH - R\u00f6d - Premium Kartinghandskar\" \/>\n<meta property=\"og:description\" content=\"Konstruerade med yttre s\u00f6mmar, en ergonomisk f\u00f6rb\u00f6jd passform och den signifikanta r\u00f6da fingertoppen som definierar 32Five, \u00e4r varje par gjorda f\u00f6r att prestera och sticka ut. Den l\u00e4tta, ventilerande ovansidan h\u00e5ller dina h\u00e4nder svala under press, medan den avancerade DriveSkin-handflatstekniken s\u00e4kerst\u00e4ller oslagbar styrk\u00e4nsla, precision och h\u00e5llbarhet. F\u00f6dda ur passion och f\u00f6rfinade genom prestanda, har 32Five-handskar [&hellip;]\" \/>\n<meta property=\"og:url\" content=\"https:\/\/zamphelmets.co\/sv\/produkt\/unleash-rod\/\" \/>\n<meta property=\"og:site_name\" content=\"Zamp Helmets | Helmet 28 EU\" \/>\n<meta property=\"article:modified_time\" content=\"2026-02-27T11:16:49+00:00\" \/>\n<meta property=\"og:image\" content=\"https:\/\/zamphelmets.co\/wp-content\/uploads\/2026\/01\/unleash_red.jpeg\" \/>\n\t<meta property=\"og:image:width\" content=\"978\" \/>\n\t<meta property=\"og:image:height\" content=\"1000\" \/>\n\t<meta property=\"og:image:type\" content=\"image\/jpeg\" \/>\n<meta name=\"twitter:card\" content=\"summary_large_image\" \/>\n<meta name=\"twitter:label1\" content=\"Est. reading time\" \/>\n\t<meta name=\"twitter:data1\" content=\"1 minut\" \/>\n<script type=\"application\/ld+json\" class=\"yoast-schema-graph\">{\"@context\":\"https:\/\/schema.org\",\"@graph\":[{\"@type\":\"WebPage\",\"@id\":\"https:\/\/zamphelmets.co\/sv\/produkt\/unleash-rod\/\",\"url\":\"https:\/\/zamphelmets.co\/sv\/produkt\/unleash-rod\/\",\"name\":\"UNLEASH - R\u00f6d - Premium Kartinghandskar\",\"isPartOf\":{\"@id\":\"https:\/\/zamphelmets.co\/sv\/#website\"},\"primaryImageOfPage\":{\"@id\":\"https:\/\/zamphelmets.co\/sv\/produkt\/unleash-rod\/#primaryimage\"},\"image\":{\"@id\":\"https:\/\/zamphelmets.co\/sv\/produkt\/unleash-rod\/#primaryimage\"},\"thumbnailUrl\":\"https:\/\/zamphelmets.co\/wp-content\/uploads\/2026\/01\/unleash_red.jpeg\",\"datePublished\":\"2026-01-26T11:24:16+00:00\",\"dateModified\":\"2026-02-27T11:16:49+00:00\",\"breadcrumb\":{\"@id\":\"https:\/\/zamphelmets.co\/sv\/produkt\/unleash-rod\/#breadcrumb\"},\"inLanguage\":\"sv-SE\",\"potentialAction\":[{\"@type\":\"ReadAction\",\"target\":[\"https:\/\/zamphelmets.co\/sv\/produkt\/unleash-rod\/\"]}]},{\"@type\":\"ImageObject\",\"inLanguage\":\"sv-SE\",\"@id\":\"https:\/\/zamphelmets.co\/sv\/produkt\/unleash-rod\/#primaryimage\",\"url\":\"https:\/\/zamphelmets.co\/wp-content\/uploads\/2026\/01\/unleash_red.jpeg\",\"contentUrl\":\"https:\/\/zamphelmets.co\/wp-content\/uploads\/2026\/01\/unleash_red.jpeg\",\"width\":978,\"height\":1000},{\"@type\":\"BreadcrumbList\",\"@id\":\"https:\/\/zamphelmets.co\/sv\/produkt\/unleash-rod\/#breadcrumb\",\"itemListElement\":[{\"@type\":\"ListItem\",\"position\":1,\"name\":\"Butik\",\"item\":\"https:\/\/zamphelmets.co\/sv\/butik\/\"},{\"@type\":\"ListItem\",\"position\":2,\"name\":\"UNLEASH &#8211; R\u00f6d\"}]},{\"@type\":\"WebSite\",\"@id\":\"https:\/\/zamphelmets.co\/sv\/#website\",\"url\":\"https:\/\/zamphelmets.co\/sv\/\",\"name\":\"Zamp Helmets | Helmet 28 EU\",\"description\":\"High Quality Motorsport Helmets\",\"potentialAction\":[{\"@type\":\"SearchAction\",\"target\":{\"@type\":\"EntryPoint\",\"urlTemplate\":\"https:\/\/zamphelmets.co\/sv\/?s={search_term_string}\"},\"query-input\":{\"@type\":\"PropertyValueSpecification\",\"valueRequired\":true,\"valueName\":\"search_term_string\"}}],\"inLanguage\":\"sv-SE\"}]}<\/script>\n<!-- \/ Yoast SEO plugin. -->","yoast_head_json":{"title":"UNLEASH - R\u00f6d - Premium Kartinghandskar","robots":{"index":"index","follow":"follow","max-snippet":"max-snippet:-1","max-image-preview":"max-image-preview:large","max-video-preview":"max-video-preview:-1"},"canonical":"https:\/\/zamphelmets.co\/sv\/produkt\/unleash-rod\/","og_locale":"sv_SE","og_type":"article","og_title":"UNLEASH - R\u00f6d - Premium Kartinghandskar","og_description":"Konstruerade med yttre s\u00f6mmar, en ergonomisk f\u00f6rb\u00f6jd passform och den signifikanta r\u00f6da fingertoppen som definierar 32Five, \u00e4r varje par gjorda f\u00f6r att prestera och sticka ut. Den l\u00e4tta, ventilerande ovansidan h\u00e5ller dina h\u00e4nder svala under press, medan den avancerade DriveSkin-handflatstekniken s\u00e4kerst\u00e4ller oslagbar styrk\u00e4nsla, precision och h\u00e5llbarhet. F\u00f6dda ur passion och f\u00f6rfinade genom prestanda, har 32Five-handskar [&hellip;]","og_url":"https:\/\/zamphelmets.co\/sv\/produkt\/unleash-rod\/","og_site_name":"Zamp Helmets | Helmet 28 EU","article_modified_time":"2026-02-27T11:16:49+00:00","og_image":[{"width":978,"height":1000,"url":"https:\/\/zamphelmets.co\/wp-content\/uploads\/2026\/01\/unleash_red.jpeg","type":"image\/jpeg"}],"twitter_card":"summary_large_image","twitter_misc":{"Est. reading time":"1 minut"},"schema":{"@context":"https:\/\/schema.org","@graph":[{"@type":"WebPage","@id":"https:\/\/zamphelmets.co\/sv\/produkt\/unleash-rod\/","url":"https:\/\/zamphelmets.co\/sv\/produkt\/unleash-rod\/","name":"UNLEASH - R\u00f6d - Premium Kartinghandskar","isPartOf":{"@id":"https:\/\/zamphelmets.co\/sv\/#website"},"primaryImageOfPage":{"@id":"https:\/\/zamphelmets.co\/sv\/produkt\/unleash-rod\/#primaryimage"},"image":{"@id":"https:\/\/zamphelmets.co\/sv\/produkt\/unleash-rod\/#primaryimage"},"thumbnailUrl":"https:\/\/zamphelmets.co\/wp-content\/uploads\/2026\/01\/unleash_red.jpeg","datePublished":"2026-01-26T11:24:16+00:00","dateModified":"2026-02-27T11:16:49+00:00","breadcrumb":{"@id":"https:\/\/zamphelmets.co\/sv\/produkt\/unleash-rod\/#breadcrumb"},"inLanguage":"sv-SE","potentialAction":[{"@type":"ReadAction","target":["https:\/\/zamphelmets.co\/sv\/produkt\/unleash-rod\/"]}]},{"@type":"ImageObject","inLanguage":"sv-SE","@id":"https:\/\/zamphelmets.co\/sv\/produkt\/unleash-rod\/#primaryimage","url":"https:\/\/zamphelmets.co\/wp-content\/uploads\/2026\/01\/unleash_red.jpeg","contentUrl":"https:\/\/zamphelmets.co\/wp-content\/uploads\/2026\/01\/unleash_red.jpeg","width":978,"height":1000},{"@type":"BreadcrumbList","@id":"https:\/\/zamphelmets.co\/sv\/produkt\/unleash-rod\/#breadcrumb","itemListElement":[{"@type":"ListItem","position":1,"name":"Butik","item":"https:\/\/zamphelmets.co\/sv\/butik\/"},{"@type":"ListItem","position":2,"name":"UNLEASH &#8211; R\u00f6d"}]},{"@type":"WebSite","@id":"https:\/\/zamphelmets.co\/sv\/#website","url":"https:\/\/zamphelmets.co\/sv\/","name":"Zamp Helmets | Helmet 28 EU","description":"High Quality Motorsport Helmets","potentialAction":[{"@type":"SearchAction","target":{"@type":"EntryPoint","urlTemplate":"https:\/\/zamphelmets.co\/sv\/?s={search_term_string}"},"query-input":{"@type":"PropertyValueSpecification","valueRequired":true,"valueName":"search_term_string"}}],"inLanguage":"sv-SE"}]}},"_links":{"self":[{"href":"https:\/\/zamphelmets.co\/sv\/wp-json\/wp\/v2\/product\/206991","targetHints":{"allow":["GET"]}}],"collection":[{"href":"https:\/\/zamphelmets.co\/sv\/wp-json\/wp\/v2\/product"}],"about":[{"href":"https:\/\/zamphelmets.co\/sv\/wp-json\/wp\/v2\/types\/product"}],"replies":[{"embeddable":true,"href":"https:\/\/zamphelmets.co\/sv\/wp-json\/wp\/v2\/comments?post=206991"}],"wp:featuredmedia":[{"embeddable":true,"href":"https:\/\/zamphelmets.co\/sv\/wp-json\/wp\/v2\/media\/189848"}],"wp:attachment":[{"href":"https:\/\/zamphelmets.co\/sv\/wp-json\/wp\/v2\/media?parent=206991"}],"wp:term":[{"taxonomy":"product_brand","embeddable":true,"href":"https:\/\/zamphelmets.co\/sv\/wp-json\/wp\/v2\/product_brand?post=206991"},{"taxonomy":"product_cat","embeddable":true,"href":"https:\/\/zamphelmets.co\/sv\/wp-json\/wp\/v2\/product_cat?post=206991"},{"taxonomy":"product_tag","embeddable":true,"href":"https:\/\/zamphelmets.co\/sv\/wp-json\/wp\/v2\/product_tag?post=206991"}],"curies":[{"name":"wp","href":"https:\/\/api.w.org\/{rel}","templated":true}]}}