{"id":206868,"date":"2026-01-26T11:24:37","date_gmt":"2026-01-26T11:24:37","guid":{"rendered":"https:\/\/zamphelmets.co\/product\/no-limits-svart\/"},"modified":"2026-02-27T11:18:03","modified_gmt":"2026-02-27T11:18:03","slug":"no-limits-svart","status":"publish","type":"product","link":"https:\/\/zamphelmets.co\/sv\/produkt\/no-limits-svart\/","title":{"rendered":"NO LIMITS &#8211; Svart"},"content":{"rendered":"<div class=\"container\">\n<div id=\"content\" class=\"site-content\">\n<div id=\"primary\" class=\"content-area\">\n<p><span style=\"font-weight: 400;\"><strong>M\u00f6t NO LIMITS-kollektionen fr\u00e5n 32Five<\/strong> \u2013 skapad f\u00f6r f\u00f6rare som pressar h\u00e5rdare, k\u00f6r snabbare och aldrig n\u00f6jer sig. Dessa handskar \u00e4r designade f\u00f6r b\u00e5de proffs och amat\u00f6rer inom karting och f\u00f6renar premiummaterial, kaxig design och vinnande prestanda i ett unikt paket. <\/span><\/p>\n<p><span style=\"font-weight: 400;\">Med den <strong>karakt\u00e4ristiska r\u00f6da fingertoppen<\/strong>, utv\u00e4ndiga s\u00f6mmar och en f\u00f6rb\u00f6jd ergonomisk passform \u00e4r varje detalj konstruerad f\u00f6r kontroll och komfort. Det ventilerande tyget p\u00e5 ovansidan h\u00e5ller dina h\u00e4nder svala under press, medan den innovativa DriveSkin-teknologin i innerhanden ger o\u00f6vertr\u00e4ffat grepp, styrprecision och l\u00e5ng h\u00e5llbarhet. <\/span><\/p>\n<p><span style=\"font-weight: 400;\">F\u00f6dda ur en racers mindset och finslipade genom t\u00e4vling \u2013 <strong>32Five NO LIMITS-handskar<\/strong> \u00e4r skapade f\u00f6r att prestera p\u00e5 allra h\u00f6gsta niv\u00e5, oavsett hur intensivt racet blir.<\/span><\/p>\n<ul>\n<li><span style=\"font-weight: 400;\"><strong>Utv\u00e4ndiga s\u00f6mmar<\/strong> \u2013 Mindre friktion och f\u00e4rre tryckpunkter f\u00f6r \u00f6verl\u00e4gsen komfort och uth\u00e5llighet.<\/span><\/li>\n<li><span style=\"font-weight: 400;\"><strong>Ventilerande \u00f6vermaterial<\/strong> \u2013 L\u00e4tt, mjukt och ventilerat f\u00f6r en sval, bekv\u00e4m passform varv efter varv.<\/span><\/li>\n<li><span style=\"font-weight: 400;\"><strong>DriveSkin-teknologi i handflatan<\/strong> \u2013 Maximalt grepp, styrk\u00e4nsla och h\u00e5llbarhet f\u00f6r total kontroll p\u00e5 ratten.<\/span><\/li>\n<li><span style=\"font-weight: 400;\"><strong>F\u00f6rb\u00f6jd ergonomisk passform<\/strong> \u2013 St\u00f6ttar handens naturliga position f\u00f6r skarpare fokus och enkel precision.<\/span><\/li>\n<li><strong>Finns i storlekar XXXS till XL<\/strong><\/li>\n<\/ul>\n<p><span style=\"font-weight: 400;\">Fr\u00e5n den ikoniska r\u00f6da fingertoppen till sista s\u00f6mmen f\u00f6rkroppsligar <strong>NO LIMITS<\/strong>-kollektionen 32Fives filosofi: k\u00f6r h\u00e5rt, stick ut och h\u00e5ll aldrig igen.<\/span><\/p>\n<p><strong>F\u00f6lj det r\u00f6da. K\u00f6r 32Five. <\/strong><\/p>\n<p><img decoding=\"async\" class=\"alignnone wp-image-222671 lazyload\" data-src=\"https:\/\/zamphelmets.co\/wp-content\/uploads\/2026\/01\/32F-SizeGuide-25-V1-scaled.webp\" alt=\"\" width=\"643\" height=\"346\" data-srcset=\"https:\/\/zamphelmets.co\/wp-content\/uploads\/2026\/01\/32F-SizeGuide-25-V1-scaled.webp 2560w, https:\/\/zamphelmets.co\/wp-content\/uploads\/2026\/01\/32F-SizeGuide-25-V1-300x161.webp 300w, https:\/\/zamphelmets.co\/wp-content\/uploads\/2026\/01\/32F-SizeGuide-25-V1-1024x551.webp 1024w, https:\/\/zamphelmets.co\/wp-content\/uploads\/2026\/01\/32F-SizeGuide-25-V1-768x413.webp 768w, https:\/\/zamphelmets.co\/wp-content\/uploads\/2026\/01\/32F-SizeGuide-25-V1-1536x826.webp 1536w, https:\/\/zamphelmets.co\/wp-content\/uploads\/2026\/01\/32F-SizeGuide-25-V1-2048x1101.webp 2048w, https:\/\/zamphelmets.co\/wp-content\/uploads\/2026\/01\/32F-SizeGuide-25-V1-600x323.webp 600w\" data-sizes=\"(max-width: 643px) 100vw, 643px\" src=\"data:image\/svg+xml;base64,PHN2ZyB3aWR0aD0iMSIgaGVpZ2h0PSIxIiB4bWxucz0iaHR0cDovL3d3dy53My5vcmcvMjAwMC9zdmciPjwvc3ZnPg==\" style=\"--smush-placeholder-width: 643px; --smush-placeholder-aspect-ratio: 643\/346;\" \/><\/p>\n<\/div>\n<\/div>\n<\/div>\n","protected":false},"excerpt":{"rendered":"<p>M\u00f6t NO LIMITS-kollektionen fr\u00e5n 32Five \u2013 skapad f\u00f6r f\u00f6rare som pressar h\u00e5rdare, k\u00f6r snabbare och aldrig n\u00f6jer sig. Dessa handskar \u00e4r designade f\u00f6r b\u00e5de proffs och amat\u00f6rer inom karting och f\u00f6renar premiummaterial, kaxig design och vinnande prestanda i ett unikt paket. Med den karakt\u00e4ristiska r\u00f6da fingertoppen, utv\u00e4ndiga s\u00f6mmar och en f\u00f6rb\u00f6jd ergonomisk passform \u00e4r varje [&hellip;]<\/p>\n","protected":false},"featured_media":189892,"comment_status":"open","ping_status":"closed","template":"","meta":{"_acf_changed":false,"_iconic_wsb_product_page_order_bump_ids":[[]],"_sku":[],"_iconic_wsb_product_page_bump_modal_ids":[[]]},"product_brand":[],"product_cat":[492,182,174],"product_tag":[],"class_list":{"0":"post-206868","1":"product","2":"type-product","3":"status-publish","4":"has-post-thumbnail","6":"product_cat-32five","7":"product_cat-handskar","8":"product_cat-skydd-klader","10":"first","11":"instock","12":"taxable","13":"shipping-taxable","14":"purchasable","15":"product-type-variable"},"acf":[],"yoast_head":"<!-- This site is optimized with the Yoast SEO plugin v27.0 - https:\/\/yoast.com\/product\/yoast-seo-wordpress\/ -->\n<title>NO LIMITS - Svart - Premium Kartinghandskar - 74,96 \u20ac<\/title>\n<meta name=\"description\" content=\"32Five NO LIMITS kartinghandskar levererar elitgrepp, andningsbar komfort och precisionskontroll. Byggda f\u00f6r f\u00f6rare som pressar h\u00e5rdare och k\u00f6r snabbare.\" \/>\n<meta name=\"robots\" content=\"index, follow, max-snippet:-1, max-image-preview:large, max-video-preview:-1\" \/>\n<link rel=\"canonical\" href=\"https:\/\/zamphelmets.co\/sv\/produkt\/no-limits-svart\/\" \/>\n<meta property=\"og:locale\" content=\"sv_SE\" \/>\n<meta property=\"og:type\" content=\"article\" \/>\n<meta property=\"og:title\" content=\"NO LIMITS - Svart - Premium Kartinghandskar - 74,96 \u20ac\" \/>\n<meta property=\"og:description\" content=\"32Five NO LIMITS kartinghandskar levererar elitgrepp, andningsbar komfort och precisionskontroll. Byggda f\u00f6r f\u00f6rare som pressar h\u00e5rdare och k\u00f6r snabbare.\" \/>\n<meta property=\"og:url\" content=\"https:\/\/zamphelmets.co\/sv\/produkt\/no-limits-svart\/\" \/>\n<meta property=\"og:site_name\" content=\"Zamp Helmets | Helmet 28 EU\" \/>\n<meta property=\"article:modified_time\" content=\"2026-02-27T11:18:03+00:00\" \/>\n<meta property=\"og:image\" content=\"https:\/\/zamphelmets.co\/wp-content\/uploads\/2026\/01\/nolimits_black.jpeg\" \/>\n\t<meta property=\"og:image:width\" content=\"981\" \/>\n\t<meta property=\"og:image:height\" content=\"1000\" \/>\n\t<meta property=\"og:image:type\" content=\"image\/jpeg\" \/>\n<meta name=\"twitter:card\" content=\"summary_large_image\" \/>\n<meta name=\"twitter:label1\" content=\"Est. reading time\" \/>\n\t<meta name=\"twitter:data1\" content=\"1 minut\" \/>\n<script type=\"application\/ld+json\" class=\"yoast-schema-graph\">{\"@context\":\"https:\/\/schema.org\",\"@graph\":[{\"@type\":\"WebPage\",\"@id\":\"https:\/\/zamphelmets.co\/sv\/produkt\/no-limits-svart\/\",\"url\":\"https:\/\/zamphelmets.co\/sv\/produkt\/no-limits-svart\/\",\"name\":\"NO LIMITS - Svart - Premium Kartinghandskar - 74,96 \u20ac\",\"isPartOf\":{\"@id\":\"https:\/\/zamphelmets.co\/sv\/#website\"},\"primaryImageOfPage\":{\"@id\":\"https:\/\/zamphelmets.co\/sv\/produkt\/no-limits-svart\/#primaryimage\"},\"image\":{\"@id\":\"https:\/\/zamphelmets.co\/sv\/produkt\/no-limits-svart\/#primaryimage\"},\"thumbnailUrl\":\"https:\/\/zamphelmets.co\/wp-content\/uploads\/2026\/01\/nolimits_black.jpeg\",\"datePublished\":\"2026-01-26T11:24:37+00:00\",\"dateModified\":\"2026-02-27T11:18:03+00:00\",\"description\":\"32Five NO LIMITS kartinghandskar levererar elitgrepp, andningsbar komfort och precisionskontroll. Byggda f\u00f6r f\u00f6rare som pressar h\u00e5rdare och k\u00f6r snabbare.\",\"breadcrumb\":{\"@id\":\"https:\/\/zamphelmets.co\/sv\/produkt\/no-limits-svart\/#breadcrumb\"},\"inLanguage\":\"sv-SE\",\"potentialAction\":[{\"@type\":\"ReadAction\",\"target\":[\"https:\/\/zamphelmets.co\/sv\/produkt\/no-limits-svart\/\"]}]},{\"@type\":\"ImageObject\",\"inLanguage\":\"sv-SE\",\"@id\":\"https:\/\/zamphelmets.co\/sv\/produkt\/no-limits-svart\/#primaryimage\",\"url\":\"https:\/\/zamphelmets.co\/wp-content\/uploads\/2026\/01\/nolimits_black.jpeg\",\"contentUrl\":\"https:\/\/zamphelmets.co\/wp-content\/uploads\/2026\/01\/nolimits_black.jpeg\",\"width\":981,\"height\":1000},{\"@type\":\"BreadcrumbList\",\"@id\":\"https:\/\/zamphelmets.co\/sv\/produkt\/no-limits-svart\/#breadcrumb\",\"itemListElement\":[{\"@type\":\"ListItem\",\"position\":1,\"name\":\"Butik\",\"item\":\"https:\/\/zamphelmets.co\/sv\/butik\/\"},{\"@type\":\"ListItem\",\"position\":2,\"name\":\"NO LIMITS &#8211; Svart\"}]},{\"@type\":\"WebSite\",\"@id\":\"https:\/\/zamphelmets.co\/sv\/#website\",\"url\":\"https:\/\/zamphelmets.co\/sv\/\",\"name\":\"Zamp Helmets | Helmet 28 EU\",\"description\":\"High Quality Motorsport Helmets\",\"potentialAction\":[{\"@type\":\"SearchAction\",\"target\":{\"@type\":\"EntryPoint\",\"urlTemplate\":\"https:\/\/zamphelmets.co\/sv\/?s={search_term_string}\"},\"query-input\":{\"@type\":\"PropertyValueSpecification\",\"valueRequired\":true,\"valueName\":\"search_term_string\"}}],\"inLanguage\":\"sv-SE\"}]}<\/script>\n<!-- \/ Yoast SEO plugin. -->","yoast_head_json":{"title":"NO LIMITS - Svart - Premium Kartinghandskar - 74,96 \u20ac","description":"32Five NO LIMITS kartinghandskar levererar elitgrepp, andningsbar komfort och precisionskontroll. Byggda f\u00f6r f\u00f6rare som pressar h\u00e5rdare och k\u00f6r snabbare.","robots":{"index":"index","follow":"follow","max-snippet":"max-snippet:-1","max-image-preview":"max-image-preview:large","max-video-preview":"max-video-preview:-1"},"canonical":"https:\/\/zamphelmets.co\/sv\/produkt\/no-limits-svart\/","og_locale":"sv_SE","og_type":"article","og_title":"NO LIMITS - Svart - Premium Kartinghandskar - 74,96 \u20ac","og_description":"32Five NO LIMITS kartinghandskar levererar elitgrepp, andningsbar komfort och precisionskontroll. Byggda f\u00f6r f\u00f6rare som pressar h\u00e5rdare och k\u00f6r snabbare.","og_url":"https:\/\/zamphelmets.co\/sv\/produkt\/no-limits-svart\/","og_site_name":"Zamp Helmets | Helmet 28 EU","article_modified_time":"2026-02-27T11:18:03+00:00","og_image":[{"width":981,"height":1000,"url":"https:\/\/zamphelmets.co\/wp-content\/uploads\/2026\/01\/nolimits_black.jpeg","type":"image\/jpeg"}],"twitter_card":"summary_large_image","twitter_misc":{"Est. reading time":"1 minut"},"schema":{"@context":"https:\/\/schema.org","@graph":[{"@type":"WebPage","@id":"https:\/\/zamphelmets.co\/sv\/produkt\/no-limits-svart\/","url":"https:\/\/zamphelmets.co\/sv\/produkt\/no-limits-svart\/","name":"NO LIMITS - Svart - Premium Kartinghandskar - 74,96 \u20ac","isPartOf":{"@id":"https:\/\/zamphelmets.co\/sv\/#website"},"primaryImageOfPage":{"@id":"https:\/\/zamphelmets.co\/sv\/produkt\/no-limits-svart\/#primaryimage"},"image":{"@id":"https:\/\/zamphelmets.co\/sv\/produkt\/no-limits-svart\/#primaryimage"},"thumbnailUrl":"https:\/\/zamphelmets.co\/wp-content\/uploads\/2026\/01\/nolimits_black.jpeg","datePublished":"2026-01-26T11:24:37+00:00","dateModified":"2026-02-27T11:18:03+00:00","description":"32Five NO LIMITS kartinghandskar levererar elitgrepp, andningsbar komfort och precisionskontroll. Byggda f\u00f6r f\u00f6rare som pressar h\u00e5rdare och k\u00f6r snabbare.","breadcrumb":{"@id":"https:\/\/zamphelmets.co\/sv\/produkt\/no-limits-svart\/#breadcrumb"},"inLanguage":"sv-SE","potentialAction":[{"@type":"ReadAction","target":["https:\/\/zamphelmets.co\/sv\/produkt\/no-limits-svart\/"]}]},{"@type":"ImageObject","inLanguage":"sv-SE","@id":"https:\/\/zamphelmets.co\/sv\/produkt\/no-limits-svart\/#primaryimage","url":"https:\/\/zamphelmets.co\/wp-content\/uploads\/2026\/01\/nolimits_black.jpeg","contentUrl":"https:\/\/zamphelmets.co\/wp-content\/uploads\/2026\/01\/nolimits_black.jpeg","width":981,"height":1000},{"@type":"BreadcrumbList","@id":"https:\/\/zamphelmets.co\/sv\/produkt\/no-limits-svart\/#breadcrumb","itemListElement":[{"@type":"ListItem","position":1,"name":"Butik","item":"https:\/\/zamphelmets.co\/sv\/butik\/"},{"@type":"ListItem","position":2,"name":"NO LIMITS &#8211; Svart"}]},{"@type":"WebSite","@id":"https:\/\/zamphelmets.co\/sv\/#website","url":"https:\/\/zamphelmets.co\/sv\/","name":"Zamp Helmets | Helmet 28 EU","description":"High Quality Motorsport Helmets","potentialAction":[{"@type":"SearchAction","target":{"@type":"EntryPoint","urlTemplate":"https:\/\/zamphelmets.co\/sv\/?s={search_term_string}"},"query-input":{"@type":"PropertyValueSpecification","valueRequired":true,"valueName":"search_term_string"}}],"inLanguage":"sv-SE"}]}},"_links":{"self":[{"href":"https:\/\/zamphelmets.co\/sv\/wp-json\/wp\/v2\/product\/206868","targetHints":{"allow":["GET"]}}],"collection":[{"href":"https:\/\/zamphelmets.co\/sv\/wp-json\/wp\/v2\/product"}],"about":[{"href":"https:\/\/zamphelmets.co\/sv\/wp-json\/wp\/v2\/types\/product"}],"replies":[{"embeddable":true,"href":"https:\/\/zamphelmets.co\/sv\/wp-json\/wp\/v2\/comments?post=206868"}],"wp:featuredmedia":[{"embeddable":true,"href":"https:\/\/zamphelmets.co\/sv\/wp-json\/wp\/v2\/media\/189892"}],"wp:attachment":[{"href":"https:\/\/zamphelmets.co\/sv\/wp-json\/wp\/v2\/media?parent=206868"}],"wp:term":[{"taxonomy":"product_brand","embeddable":true,"href":"https:\/\/zamphelmets.co\/sv\/wp-json\/wp\/v2\/product_brand?post=206868"},{"taxonomy":"product_cat","embeddable":true,"href":"https:\/\/zamphelmets.co\/sv\/wp-json\/wp\/v2\/product_cat?post=206868"},{"taxonomy":"product_tag","embeddable":true,"href":"https:\/\/zamphelmets.co\/sv\/wp-json\/wp\/v2\/product_tag?post=206868"}],"curies":[{"name":"wp","href":"https:\/\/api.w.org\/{rel}","templated":true}]}}