{"id":206651,"date":"2026-01-26T11:25:59","date_gmt":"2026-01-26T11:25:59","guid":{"rendered":"https:\/\/zamphelmets.co\/product\/plus-f-no-limits-fluo-gul-gron\/"},"modified":"2026-02-27T10:55:08","modified_gmt":"2026-02-27T10:55:08","slug":"plus-f-no-limits-fluo-gul-gron","status":"publish","type":"product","link":"https:\/\/zamphelmets.co\/sv\/produkt\/plus-f-no-limits-fluo-gul-gron\/","title":{"rendered":"&#8221;PLUS F&#8221; &#8211; NO LIMITS &#8211; Fluo Gul\/gr\u00f6n"},"content":{"rendered":"<p><span style=\"font-weight: 400;\">M\u00f6t <strong>32Five PLUS F \u2013 NO LIMITS Kartinghandskar<\/strong>, m\u00e4rkets <strong>f\u00f6rsta helt FIA-godk\u00e4nda handske<\/strong>, designad f\u00f6r t\u00e4vlingskartf\u00f6rare som kr\u00e4ver certifierat skydd utan att kompromissa med k\u00e4nsla, passform eller visuell effekt.<\/span><\/p>\n<p><span style=\"font-weight: 400;\">PLUS F-serien \u00e4r homologerad enligt <strong>FIA 8877-2022-standarden<\/strong> och inneb\u00e4r en stor utveckling f\u00f6r 32Five, d\u00e4r s\u00e4kerhet i t\u00e4vlingsklass kombineras med f\u00f6rfinad komfort och omissk\u00e4nnlig design. F\u00e4rgst\u00e4llningen NO LIMITS har en <strong>dj\u00e4rv finish i FLUO YELLOW &amp; GREEN<\/strong>, vilket ger en ren men aggressiv look som sticker ut p\u00e5 startf\u00e4ltet. <\/span><\/p>\n<p><span style=\"font-weight: 400;\">PLUS F-handskarna \u00e4r byggda specifikt f\u00f6r h\u00f6gintensiv karting och prioriterar kontroll, slitstyrka och komfort under l\u00e5nga pass, samtidigt som de uppfyller de senaste FIA-reglerna.<\/span><\/p>\n<p><strong>Viktiga funktioner i korthet<\/strong><\/p>\n<ul>\n<li><span style=\"font-weight: 400;\"><strong>FIA 8877-2022-homologering<\/strong> \u2013 <\/span>Godk\u00e4nd f\u00f6r t\u00e4vlingskarting, vilket ger trygghet och regelefterlevnad p\u00e5 b\u00e5de klubb- och m\u00e4sterskapsniv\u00e5.<\/li>\n<li><span style=\"font-weight: 400;\"><strong>Utv\u00e4ndiga s\u00f6mmar<\/strong> \u2013 <\/span>S\u00f6mmar placerade p\u00e5 utsidan f\u00f6r att minimera inv\u00e4ndiga tryckpunkter och minska friktion, vilket f\u00f6rb\u00e4ttrar komforten vid l\u00e5ngvarig anv\u00e4ndning.<\/li>\n<li><span style=\"font-weight: 400;\"><strong>L\u00e4tt ovandel med andningsf\u00f6rm\u00e5ga<\/strong> \u2013 <\/span>Avancerat material som fr\u00e4mjar luftfl\u00f6det f\u00f6r att h\u00e5lla h\u00e4nderna svala, samtidigt som en mjuk och flexibel k\u00e4nsla bibeh\u00e5lls.<\/li>\n<li><span style=\"font-weight: 400;\"><strong>DriveSkin\u2122-grepp i handflatan<\/strong> \u2013 <\/span>H\u00f6gpresterande material i handflatan framtaget f\u00f6r exakt styrk\u00e4nsla, starkt grepp och utm\u00e4rkt slitstyrka.<\/li>\n<li><span style=\"font-weight: 400;\"><strong>F\u00f6rb\u00f6jd ergonomisk form<\/strong> \u2013 <\/span>Designad f\u00f6r att f\u00f6lja handens naturliga position f\u00f6r minskad tr\u00f6tthet och f\u00f6rb\u00e4ttrad kontroll under racing.<\/li>\n<\/ul>\n<p><span style=\"font-weight: 400;\">Varje detalj \u2013 fr\u00e5n den <strong>karakt\u00e4ristiska r\u00f6da fingertoppen<\/strong> till <strong>precisionss\u00f6mmarna<\/strong> \u2013 speglar ett fokus p\u00e5 livsl\u00e4ngd, prestanda och f\u00f6rark\u00e4nsla. Det h\u00e4r \u00e4r kartinghandskar <strong>byggda f\u00f6r f\u00f6rare som k\u00f6r p\u00e5 gr\u00e4nsen<\/strong> och f\u00f6rv\u00e4ntar sig att deras utrustning g\u00f6r detsamma. <\/span><\/p>\n<p><strong>T\u00e4vlingsklara. FIA-godk\u00e4nda. Omissk\u00e4nnligen 32Five.  <\/strong><\/p>\n<p><img decoding=\"async\" class=\"alignnone wp-image-222671 lazyload\" data-src=\"https:\/\/zamphelmets.co\/wp-content\/uploads\/2026\/01\/32F-SizeGuide-25-V1-scaled.webp\" alt=\"\" width=\"500\" height=\"269\" data-srcset=\"https:\/\/zamphelmets.co\/wp-content\/uploads\/2026\/01\/32F-SizeGuide-25-V1-scaled.webp 2560w, https:\/\/zamphelmets.co\/wp-content\/uploads\/2026\/01\/32F-SizeGuide-25-V1-300x161.webp 300w, https:\/\/zamphelmets.co\/wp-content\/uploads\/2026\/01\/32F-SizeGuide-25-V1-1024x551.webp 1024w, https:\/\/zamphelmets.co\/wp-content\/uploads\/2026\/01\/32F-SizeGuide-25-V1-768x413.webp 768w, https:\/\/zamphelmets.co\/wp-content\/uploads\/2026\/01\/32F-SizeGuide-25-V1-1536x826.webp 1536w, https:\/\/zamphelmets.co\/wp-content\/uploads\/2026\/01\/32F-SizeGuide-25-V1-2048x1101.webp 2048w, https:\/\/zamphelmets.co\/wp-content\/uploads\/2026\/01\/32F-SizeGuide-25-V1-600x323.webp 600w\" data-sizes=\"(max-width: 500px) 100vw, 500px\" src=\"data:image\/svg+xml;base64,PHN2ZyB3aWR0aD0iMSIgaGVpZ2h0PSIxIiB4bWxucz0iaHR0cDovL3d3dy53My5vcmcvMjAwMC9zdmciPjwvc3ZnPg==\" style=\"--smush-placeholder-width: 500px; --smush-placeholder-aspect-ratio: 500\/269;\" \/><\/p>\n","protected":false},"excerpt":{"rendered":"<p>M\u00f6t 32Five PLUS F \u2013 NO LIMITS Kartinghandskar, m\u00e4rkets f\u00f6rsta helt FIA-godk\u00e4nda handske, designad f\u00f6r t\u00e4vlingskartf\u00f6rare som kr\u00e4ver certifierat skydd utan att kompromissa med k\u00e4nsla, passform eller visuell effekt. PLUS F-serien \u00e4r homologerad enligt FIA 8877-2022-standarden och inneb\u00e4r en stor utveckling f\u00f6r 32Five, d\u00e4r s\u00e4kerhet i t\u00e4vlingsklass kombineras med f\u00f6rfinad komfort och omissk\u00e4nnlig design. F\u00e4rgst\u00e4llningen [&hellip;]<\/p>\n","protected":false},"featured_media":197364,"comment_status":"open","ping_status":"closed","template":"","meta":{"_acf_changed":false,"_iconic_wsb_product_page_order_bump_ids":[[]],"_sku":[],"_iconic_wsb_product_page_bump_modal_ids":[[]]},"product_brand":[],"product_cat":[492,296,174],"product_tag":[],"class_list":{"0":"post-206651","1":"product","2":"type-product","3":"status-publish","4":"has-post-thumbnail","6":"product_cat-32five","7":"product_cat-skydd","8":"product_cat-skydd-klader","10":"first","11":"instock","12":"taxable","13":"shipping-taxable","14":"purchasable","15":"product-type-variable"},"acf":[],"yoast_head":"<!-- This site is optimized with the Yoast SEO plugin v27.0 - https:\/\/yoast.com\/product\/yoast-seo-wordpress\/ -->\n<title>32Five &quot;PLUS F&quot; - NO LIMITS - Fluo Gul\/gr\u00f6n - FIA-handskar<\/title>\n<meta name=\"description\" content=\"32Five PLUS F NO LIMITS kartinghandskar \u00e4r FIA 8877-2022-godk\u00e4nda och erbjuder t\u00e4vlingsklassat skydd, DriveSkin-grepp och precisionskontroll.\" \/>\n<meta name=\"robots\" content=\"index, follow, max-snippet:-1, max-image-preview:large, max-video-preview:-1\" \/>\n<link rel=\"canonical\" href=\"https:\/\/zamphelmets.co\/sv\/produkt\/plus-f-no-limits-fluo-gul-gron\/\" \/>\n<meta property=\"og:locale\" content=\"sv_SE\" \/>\n<meta property=\"og:type\" content=\"article\" \/>\n<meta property=\"og:title\" content=\"32Five &quot;PLUS F&quot; - NO LIMITS - Fluo Gul\/gr\u00f6n - FIA-handskar\" \/>\n<meta property=\"og:description\" content=\"32Five PLUS F NO LIMITS kartinghandskar \u00e4r FIA 8877-2022-godk\u00e4nda och erbjuder t\u00e4vlingsklassat skydd, DriveSkin-grepp och precisionskontroll.\" \/>\n<meta property=\"og:url\" content=\"https:\/\/zamphelmets.co\/sv\/produkt\/plus-f-no-limits-fluo-gul-gron\/\" \/>\n<meta property=\"og:site_name\" content=\"Zamp Helmets | Helmet 28 EU\" \/>\n<meta property=\"article:modified_time\" content=\"2026-02-27T10:55:08+00:00\" \/>\n<meta property=\"og:image\" content=\"https:\/\/zamphelmets.co\/wp-content\/uploads\/2026\/01\/nolimits_fluoyellow_shop-scaled.jpeg\" \/>\n\t<meta property=\"og:image:width\" content=\"2495\" \/>\n\t<meta property=\"og:image:height\" content=\"2560\" \/>\n\t<meta property=\"og:image:type\" content=\"image\/jpeg\" \/>\n<meta name=\"twitter:card\" content=\"summary_large_image\" \/>\n<meta name=\"twitter:label1\" content=\"Est. reading time\" \/>\n\t<meta name=\"twitter:data1\" content=\"2 minuter\" \/>\n<script type=\"application\/ld+json\" class=\"yoast-schema-graph\">{\"@context\":\"https:\/\/schema.org\",\"@graph\":[{\"@type\":\"WebPage\",\"@id\":\"https:\/\/zamphelmets.co\/sv\/produkt\/plus-f-no-limits-fluo-gul-gron\/\",\"url\":\"https:\/\/zamphelmets.co\/sv\/produkt\/plus-f-no-limits-fluo-gul-gron\/\",\"name\":\"32Five \\\"PLUS F\\\" - NO LIMITS - Fluo Gul\/gr\u00f6n - FIA-handskar\",\"isPartOf\":{\"@id\":\"https:\/\/zamphelmets.co\/sv\/#website\"},\"primaryImageOfPage\":{\"@id\":\"https:\/\/zamphelmets.co\/sv\/produkt\/plus-f-no-limits-fluo-gul-gron\/#primaryimage\"},\"image\":{\"@id\":\"https:\/\/zamphelmets.co\/sv\/produkt\/plus-f-no-limits-fluo-gul-gron\/#primaryimage\"},\"thumbnailUrl\":\"https:\/\/zamphelmets.co\/wp-content\/uploads\/2026\/01\/nolimits_fluoyellow_shop-scaled.jpeg\",\"datePublished\":\"2026-01-26T11:25:59+00:00\",\"dateModified\":\"2026-02-27T10:55:08+00:00\",\"description\":\"32Five PLUS F NO LIMITS kartinghandskar \u00e4r FIA 8877-2022-godk\u00e4nda och erbjuder t\u00e4vlingsklassat skydd, DriveSkin-grepp och precisionskontroll.\",\"breadcrumb\":{\"@id\":\"https:\/\/zamphelmets.co\/sv\/produkt\/plus-f-no-limits-fluo-gul-gron\/#breadcrumb\"},\"inLanguage\":\"sv-SE\",\"potentialAction\":[{\"@type\":\"ReadAction\",\"target\":[\"https:\/\/zamphelmets.co\/sv\/produkt\/plus-f-no-limits-fluo-gul-gron\/\"]}]},{\"@type\":\"ImageObject\",\"inLanguage\":\"sv-SE\",\"@id\":\"https:\/\/zamphelmets.co\/sv\/produkt\/plus-f-no-limits-fluo-gul-gron\/#primaryimage\",\"url\":\"https:\/\/zamphelmets.co\/wp-content\/uploads\/2026\/01\/nolimits_fluoyellow_shop-scaled.jpeg\",\"contentUrl\":\"https:\/\/zamphelmets.co\/wp-content\/uploads\/2026\/01\/nolimits_fluoyellow_shop-scaled.jpeg\",\"width\":2495,\"height\":2560},{\"@type\":\"BreadcrumbList\",\"@id\":\"https:\/\/zamphelmets.co\/sv\/produkt\/plus-f-no-limits-fluo-gul-gron\/#breadcrumb\",\"itemListElement\":[{\"@type\":\"ListItem\",\"position\":1,\"name\":\"Butik\",\"item\":\"https:\/\/zamphelmets.co\/sv\/butik\/\"},{\"@type\":\"ListItem\",\"position\":2,\"name\":\"&#8220;PLUS F&#8221; &#8211; NO LIMITS &#8211; Fluo Gul\/gr\u00f6n\"}]},{\"@type\":\"WebSite\",\"@id\":\"https:\/\/zamphelmets.co\/sv\/#website\",\"url\":\"https:\/\/zamphelmets.co\/sv\/\",\"name\":\"Zamp Helmets | Helmet 28 EU\",\"description\":\"High Quality Motorsport Helmets\",\"potentialAction\":[{\"@type\":\"SearchAction\",\"target\":{\"@type\":\"EntryPoint\",\"urlTemplate\":\"https:\/\/zamphelmets.co\/sv\/?s={search_term_string}\"},\"query-input\":{\"@type\":\"PropertyValueSpecification\",\"valueRequired\":true,\"valueName\":\"search_term_string\"}}],\"inLanguage\":\"sv-SE\"}]}<\/script>\n<!-- \/ Yoast SEO plugin. -->","yoast_head_json":{"title":"32Five \"PLUS F\" - NO LIMITS - Fluo Gul\/gr\u00f6n - FIA-handskar","description":"32Five PLUS F NO LIMITS kartinghandskar \u00e4r FIA 8877-2022-godk\u00e4nda och erbjuder t\u00e4vlingsklassat skydd, DriveSkin-grepp och precisionskontroll.","robots":{"index":"index","follow":"follow","max-snippet":"max-snippet:-1","max-image-preview":"max-image-preview:large","max-video-preview":"max-video-preview:-1"},"canonical":"https:\/\/zamphelmets.co\/sv\/produkt\/plus-f-no-limits-fluo-gul-gron\/","og_locale":"sv_SE","og_type":"article","og_title":"32Five \"PLUS F\" - NO LIMITS - Fluo Gul\/gr\u00f6n - FIA-handskar","og_description":"32Five PLUS F NO LIMITS kartinghandskar \u00e4r FIA 8877-2022-godk\u00e4nda och erbjuder t\u00e4vlingsklassat skydd, DriveSkin-grepp och precisionskontroll.","og_url":"https:\/\/zamphelmets.co\/sv\/produkt\/plus-f-no-limits-fluo-gul-gron\/","og_site_name":"Zamp Helmets | Helmet 28 EU","article_modified_time":"2026-02-27T10:55:08+00:00","og_image":[{"width":2495,"height":2560,"url":"https:\/\/zamphelmets.co\/wp-content\/uploads\/2026\/01\/nolimits_fluoyellow_shop-scaled.jpeg","type":"image\/jpeg"}],"twitter_card":"summary_large_image","twitter_misc":{"Est. reading time":"2 minuter"},"schema":{"@context":"https:\/\/schema.org","@graph":[{"@type":"WebPage","@id":"https:\/\/zamphelmets.co\/sv\/produkt\/plus-f-no-limits-fluo-gul-gron\/","url":"https:\/\/zamphelmets.co\/sv\/produkt\/plus-f-no-limits-fluo-gul-gron\/","name":"32Five \"PLUS F\" - NO LIMITS - Fluo Gul\/gr\u00f6n - FIA-handskar","isPartOf":{"@id":"https:\/\/zamphelmets.co\/sv\/#website"},"primaryImageOfPage":{"@id":"https:\/\/zamphelmets.co\/sv\/produkt\/plus-f-no-limits-fluo-gul-gron\/#primaryimage"},"image":{"@id":"https:\/\/zamphelmets.co\/sv\/produkt\/plus-f-no-limits-fluo-gul-gron\/#primaryimage"},"thumbnailUrl":"https:\/\/zamphelmets.co\/wp-content\/uploads\/2026\/01\/nolimits_fluoyellow_shop-scaled.jpeg","datePublished":"2026-01-26T11:25:59+00:00","dateModified":"2026-02-27T10:55:08+00:00","description":"32Five PLUS F NO LIMITS kartinghandskar \u00e4r FIA 8877-2022-godk\u00e4nda och erbjuder t\u00e4vlingsklassat skydd, DriveSkin-grepp och precisionskontroll.","breadcrumb":{"@id":"https:\/\/zamphelmets.co\/sv\/produkt\/plus-f-no-limits-fluo-gul-gron\/#breadcrumb"},"inLanguage":"sv-SE","potentialAction":[{"@type":"ReadAction","target":["https:\/\/zamphelmets.co\/sv\/produkt\/plus-f-no-limits-fluo-gul-gron\/"]}]},{"@type":"ImageObject","inLanguage":"sv-SE","@id":"https:\/\/zamphelmets.co\/sv\/produkt\/plus-f-no-limits-fluo-gul-gron\/#primaryimage","url":"https:\/\/zamphelmets.co\/wp-content\/uploads\/2026\/01\/nolimits_fluoyellow_shop-scaled.jpeg","contentUrl":"https:\/\/zamphelmets.co\/wp-content\/uploads\/2026\/01\/nolimits_fluoyellow_shop-scaled.jpeg","width":2495,"height":2560},{"@type":"BreadcrumbList","@id":"https:\/\/zamphelmets.co\/sv\/produkt\/plus-f-no-limits-fluo-gul-gron\/#breadcrumb","itemListElement":[{"@type":"ListItem","position":1,"name":"Butik","item":"https:\/\/zamphelmets.co\/sv\/butik\/"},{"@type":"ListItem","position":2,"name":"&#8220;PLUS F&#8221; &#8211; NO LIMITS &#8211; Fluo Gul\/gr\u00f6n"}]},{"@type":"WebSite","@id":"https:\/\/zamphelmets.co\/sv\/#website","url":"https:\/\/zamphelmets.co\/sv\/","name":"Zamp Helmets | Helmet 28 EU","description":"High Quality Motorsport Helmets","potentialAction":[{"@type":"SearchAction","target":{"@type":"EntryPoint","urlTemplate":"https:\/\/zamphelmets.co\/sv\/?s={search_term_string}"},"query-input":{"@type":"PropertyValueSpecification","valueRequired":true,"valueName":"search_term_string"}}],"inLanguage":"sv-SE"}]}},"_links":{"self":[{"href":"https:\/\/zamphelmets.co\/sv\/wp-json\/wp\/v2\/product\/206651","targetHints":{"allow":["GET"]}}],"collection":[{"href":"https:\/\/zamphelmets.co\/sv\/wp-json\/wp\/v2\/product"}],"about":[{"href":"https:\/\/zamphelmets.co\/sv\/wp-json\/wp\/v2\/types\/product"}],"replies":[{"embeddable":true,"href":"https:\/\/zamphelmets.co\/sv\/wp-json\/wp\/v2\/comments?post=206651"}],"wp:featuredmedia":[{"embeddable":true,"href":"https:\/\/zamphelmets.co\/sv\/wp-json\/wp\/v2\/media\/197364"}],"wp:attachment":[{"href":"https:\/\/zamphelmets.co\/sv\/wp-json\/wp\/v2\/media?parent=206651"}],"wp:term":[{"taxonomy":"product_brand","embeddable":true,"href":"https:\/\/zamphelmets.co\/sv\/wp-json\/wp\/v2\/product_brand?post=206651"},{"taxonomy":"product_cat","embeddable":true,"href":"https:\/\/zamphelmets.co\/sv\/wp-json\/wp\/v2\/product_cat?post=206651"},{"taxonomy":"product_tag","embeddable":true,"href":"https:\/\/zamphelmets.co\/sv\/wp-json\/wp\/v2\/product_tag?post=206651"}],"curies":[{"name":"wp","href":"https:\/\/api.w.org\/{rel}","templated":true}]}}