{"id":206608,"date":"2026-01-26T11:26:31","date_gmt":"2026-01-26T11:26:31","guid":{"rendered":"https:\/\/zamphelmets.co\/product\/balaklava-unleash-svart-vit-asymmetrisk\/"},"modified":"2026-02-27T10:43:20","modified_gmt":"2026-02-27T10:43:20","slug":"balaklava-unleash-svart-vit-asymmetrisk","status":"publish","type":"product","link":"https:\/\/zamphelmets.co\/sv\/produkt\/balaklava-unleash-svart-vit-asymmetrisk\/","title":{"rendered":"Balaklava UNLEASH \u2013 svart &amp; vit asymmetrisk"},"content":{"rendered":"<p><span style=\"font-weight: 400;\">Full\u00e4nda din race day-look med <strong>32Five UNLEASH Balaclava<\/strong> \u2013 ett helt nytt tillskott i b\u00e5de 32Five-sortimentet och Helmet 28-utbudet.<\/span><\/p>\n<p><span style=\"font-weight: 400;\">Designad f\u00f6r att <strong>perfekt matcha dina favoritkartinghandskar fr\u00e5n 32Five<\/strong> ger den h\u00e4r balaklavan den perfekta balansen mellan prestanda, komfort och stil. Oavsett om du k\u00f6r i starka f\u00e4rger eller f\u00f6redrar en ren, prestandadriven look \u00e4r den pricken \u00f6ver i:et som lyfter din utrustning och hj\u00e4lper dig h\u00e5lla fokus n\u00e4r det g\u00e4ller som mest. <\/span><\/p>\n<p><span style=\"font-weight: 400;\">Tillverkad i <strong>100% prestandapolyester<\/strong> \u00e4r den ultral\u00e4tt och ventilerande, och sitter smidigt under hj\u00e4lmen f\u00f6r att h\u00e5lla dig sval, torr och bekv\u00e4m \u2013 varv efter varv.<\/span><\/p>\n<p><strong>Nyckelfunktioner<\/strong><\/p>\n<ul>\n<li><span style=\"font-weight: 400;\">100% prestandapolyester \u2013 l\u00e4tt, mjuk och raceklar<\/span><\/li>\n<li><span style=\"font-weight: 400;\">Ventilerande &amp; fukttransporterande \u2013 hj\u00e4lper till att reglera temperaturen och hantera svett<\/span><\/li>\n<li><span style=\"font-weight: 400;\">S\u00f6ml\u00f6s passform under hj\u00e4lmen \u2013 designad f\u00f6r komfort med alla hj\u00e4lmar<\/span><\/li>\n<li><span style=\"font-weight: 400;\">Slitstark konstruktion \u2013 byggd f\u00f6r att klara race day-kraven<\/span><\/li>\n<li><span style=\"font-weight: 400;\">Unisex | One size passar de flesta<\/span><\/li>\n<\/ul>\n<p><span style=\"font-weight: 400;\">Perfekt f\u00f6r karting- och motorsportf\u00f6rare som vill att racekl\u00e4derna ska prestera lika h\u00e5rt som de g\u00f6r \u2013 <strong>32Five UNLEASH Balaclava<\/strong> \u00e4r gjord f\u00f6r att h\u00e5lla hela v\u00e4gen.<\/span><\/p>\n","protected":false},"excerpt":{"rendered":"<p>Full\u00e4nda din race day-look med 32Five UNLEASH Balaclava \u2013 ett helt nytt tillskott i b\u00e5de 32Five-sortimentet och Helmet 28-utbudet. Designad f\u00f6r att perfekt matcha dina favoritkartinghandskar fr\u00e5n 32Five ger den h\u00e4r balaklavan den perfekta balansen mellan prestanda, komfort och stil. Oavsett om du k\u00f6r i starka f\u00e4rger eller f\u00f6redrar en ren, prestandadriven look \u00e4r den [&hellip;]<\/p>\n","protected":false},"featured_media":190143,"comment_status":"open","ping_status":"closed","template":"","meta":{"_acf_changed":false,"_iconic_wsb_product_page_order_bump_ids":[[]],"_sku":["32Five-Balaclava-005-C"],"_iconic_wsb_product_page_bump_modal_ids":[[]]},"product_brand":[],"product_cat":[492,182,174],"product_tag":[],"class_list":{"0":"post-206608","1":"product","2":"type-product","3":"status-publish","4":"has-post-thumbnail","6":"product_cat-32five","7":"product_cat-handskar","8":"product_cat-skydd-klader","10":"first","11":"instock","12":"taxable","13":"shipping-taxable","14":"purchasable","15":"product-type-simple"},"acf":[],"yoast_head":"<!-- This site is optimized with the Yoast SEO plugin v27.0 - https:\/\/yoast.com\/product\/yoast-seo-wordpress\/ -->\n<title>Balaklava UNLEASH \u2013 svart &amp; vit asymmetrisk - Zamp Helmets | Helmet 28 EU<\/title>\n<meta name=\"description\" content=\"32Five UNLEASH-balaklava i ventilerande, l\u00e4tt polyester f\u00f6r komfort hela dagen. S\u00f6ml\u00f6s passform f\u00f6r karting och motorsport.\" \/>\n<meta name=\"robots\" content=\"index, follow, max-snippet:-1, max-image-preview:large, max-video-preview:-1\" \/>\n<link rel=\"canonical\" href=\"https:\/\/zamphelmets.co\/sv\/produkt\/balaklava-unleash-svart-vit-asymmetrisk\/\" \/>\n<meta property=\"og:locale\" content=\"sv_SE\" \/>\n<meta property=\"og:type\" content=\"article\" \/>\n<meta property=\"og:title\" content=\"Balaklava UNLEASH \u2013 svart &amp; vit asymmetrisk - Zamp Helmets | Helmet 28 EU\" \/>\n<meta property=\"og:description\" content=\"32Five UNLEASH-balaklava i ventilerande, l\u00e4tt polyester f\u00f6r komfort hela dagen. S\u00f6ml\u00f6s passform f\u00f6r karting och motorsport.\" \/>\n<meta property=\"og:url\" content=\"https:\/\/zamphelmets.co\/sv\/produkt\/balaklava-unleash-svart-vit-asymmetrisk\/\" \/>\n<meta property=\"og:site_name\" content=\"Zamp Helmets | Helmet 28 EU\" \/>\n<meta property=\"article:modified_time\" content=\"2026-02-27T10:43:20+00:00\" \/>\n<meta property=\"og:image\" content=\"https:\/\/zamphelmets.co\/wp-content\/uploads\/2026\/01\/Unknown-1.jpeg\" \/>\n\t<meta property=\"og:image:width\" content=\"960\" \/>\n\t<meta property=\"og:image:height\" content=\"960\" \/>\n\t<meta property=\"og:image:type\" content=\"image\/jpeg\" \/>\n<meta name=\"twitter:card\" content=\"summary_large_image\" \/>\n<meta name=\"twitter:label1\" content=\"Est. reading time\" \/>\n\t<meta name=\"twitter:data1\" content=\"1 minut\" \/>\n<script type=\"application\/ld+json\" class=\"yoast-schema-graph\">{\"@context\":\"https:\/\/schema.org\",\"@graph\":[{\"@type\":\"WebPage\",\"@id\":\"https:\/\/zamphelmets.co\/sv\/produkt\/balaklava-unleash-svart-vit-asymmetrisk\/\",\"url\":\"https:\/\/zamphelmets.co\/sv\/produkt\/balaklava-unleash-svart-vit-asymmetrisk\/\",\"name\":\"Balaklava UNLEASH \u2013 svart &amp; vit asymmetrisk - Zamp Helmets | Helmet 28 EU\",\"isPartOf\":{\"@id\":\"https:\/\/zamphelmets.co\/sv\/#website\"},\"primaryImageOfPage\":{\"@id\":\"https:\/\/zamphelmets.co\/sv\/produkt\/balaklava-unleash-svart-vit-asymmetrisk\/#primaryimage\"},\"image\":{\"@id\":\"https:\/\/zamphelmets.co\/sv\/produkt\/balaklava-unleash-svart-vit-asymmetrisk\/#primaryimage\"},\"thumbnailUrl\":\"https:\/\/zamphelmets.co\/wp-content\/uploads\/2026\/01\/Unknown-1.jpeg\",\"datePublished\":\"2026-01-26T11:26:31+00:00\",\"dateModified\":\"2026-02-27T10:43:20+00:00\",\"description\":\"32Five UNLEASH-balaklava i ventilerande, l\u00e4tt polyester f\u00f6r komfort hela dagen. S\u00f6ml\u00f6s passform f\u00f6r karting och motorsport.\",\"breadcrumb\":{\"@id\":\"https:\/\/zamphelmets.co\/sv\/produkt\/balaklava-unleash-svart-vit-asymmetrisk\/#breadcrumb\"},\"inLanguage\":\"sv-SE\",\"potentialAction\":[{\"@type\":\"ReadAction\",\"target\":[\"https:\/\/zamphelmets.co\/sv\/produkt\/balaklava-unleash-svart-vit-asymmetrisk\/\"]}]},{\"@type\":\"ImageObject\",\"inLanguage\":\"sv-SE\",\"@id\":\"https:\/\/zamphelmets.co\/sv\/produkt\/balaklava-unleash-svart-vit-asymmetrisk\/#primaryimage\",\"url\":\"https:\/\/zamphelmets.co\/wp-content\/uploads\/2026\/01\/Unknown-1.jpeg\",\"contentUrl\":\"https:\/\/zamphelmets.co\/wp-content\/uploads\/2026\/01\/Unknown-1.jpeg\",\"width\":960,\"height\":960},{\"@type\":\"BreadcrumbList\",\"@id\":\"https:\/\/zamphelmets.co\/sv\/produkt\/balaklava-unleash-svart-vit-asymmetrisk\/#breadcrumb\",\"itemListElement\":[{\"@type\":\"ListItem\",\"position\":1,\"name\":\"Butik\",\"item\":\"https:\/\/zamphelmets.co\/sv\/butik\/\"},{\"@type\":\"ListItem\",\"position\":2,\"name\":\"Balaklava UNLEASH \u2013 svart &amp; vit asymmetrisk\"}]},{\"@type\":\"WebSite\",\"@id\":\"https:\/\/zamphelmets.co\/sv\/#website\",\"url\":\"https:\/\/zamphelmets.co\/sv\/\",\"name\":\"Zamp Helmets | Helmet 28 EU\",\"description\":\"High Quality Motorsport Helmets\",\"potentialAction\":[{\"@type\":\"SearchAction\",\"target\":{\"@type\":\"EntryPoint\",\"urlTemplate\":\"https:\/\/zamphelmets.co\/sv\/?s={search_term_string}\"},\"query-input\":{\"@type\":\"PropertyValueSpecification\",\"valueRequired\":true,\"valueName\":\"search_term_string\"}}],\"inLanguage\":\"sv-SE\"}]}<\/script>\n<!-- \/ Yoast SEO plugin. -->","yoast_head_json":{"title":"Balaklava UNLEASH \u2013 svart &amp; vit asymmetrisk - Zamp Helmets | Helmet 28 EU","description":"32Five UNLEASH-balaklava i ventilerande, l\u00e4tt polyester f\u00f6r komfort hela dagen. S\u00f6ml\u00f6s passform f\u00f6r karting och motorsport.","robots":{"index":"index","follow":"follow","max-snippet":"max-snippet:-1","max-image-preview":"max-image-preview:large","max-video-preview":"max-video-preview:-1"},"canonical":"https:\/\/zamphelmets.co\/sv\/produkt\/balaklava-unleash-svart-vit-asymmetrisk\/","og_locale":"sv_SE","og_type":"article","og_title":"Balaklava UNLEASH \u2013 svart &amp; vit asymmetrisk - Zamp Helmets | Helmet 28 EU","og_description":"32Five UNLEASH-balaklava i ventilerande, l\u00e4tt polyester f\u00f6r komfort hela dagen. S\u00f6ml\u00f6s passform f\u00f6r karting och motorsport.","og_url":"https:\/\/zamphelmets.co\/sv\/produkt\/balaklava-unleash-svart-vit-asymmetrisk\/","og_site_name":"Zamp Helmets | Helmet 28 EU","article_modified_time":"2026-02-27T10:43:20+00:00","og_image":[{"width":960,"height":960,"url":"https:\/\/zamphelmets.co\/wp-content\/uploads\/2026\/01\/Unknown-1.jpeg","type":"image\/jpeg"}],"twitter_card":"summary_large_image","twitter_misc":{"Est. reading time":"1 minut"},"schema":{"@context":"https:\/\/schema.org","@graph":[{"@type":"WebPage","@id":"https:\/\/zamphelmets.co\/sv\/produkt\/balaklava-unleash-svart-vit-asymmetrisk\/","url":"https:\/\/zamphelmets.co\/sv\/produkt\/balaklava-unleash-svart-vit-asymmetrisk\/","name":"Balaklava UNLEASH \u2013 svart &amp; vit asymmetrisk - Zamp Helmets | Helmet 28 EU","isPartOf":{"@id":"https:\/\/zamphelmets.co\/sv\/#website"},"primaryImageOfPage":{"@id":"https:\/\/zamphelmets.co\/sv\/produkt\/balaklava-unleash-svart-vit-asymmetrisk\/#primaryimage"},"image":{"@id":"https:\/\/zamphelmets.co\/sv\/produkt\/balaklava-unleash-svart-vit-asymmetrisk\/#primaryimage"},"thumbnailUrl":"https:\/\/zamphelmets.co\/wp-content\/uploads\/2026\/01\/Unknown-1.jpeg","datePublished":"2026-01-26T11:26:31+00:00","dateModified":"2026-02-27T10:43:20+00:00","description":"32Five UNLEASH-balaklava i ventilerande, l\u00e4tt polyester f\u00f6r komfort hela dagen. S\u00f6ml\u00f6s passform f\u00f6r karting och motorsport.","breadcrumb":{"@id":"https:\/\/zamphelmets.co\/sv\/produkt\/balaklava-unleash-svart-vit-asymmetrisk\/#breadcrumb"},"inLanguage":"sv-SE","potentialAction":[{"@type":"ReadAction","target":["https:\/\/zamphelmets.co\/sv\/produkt\/balaklava-unleash-svart-vit-asymmetrisk\/"]}]},{"@type":"ImageObject","inLanguage":"sv-SE","@id":"https:\/\/zamphelmets.co\/sv\/produkt\/balaklava-unleash-svart-vit-asymmetrisk\/#primaryimage","url":"https:\/\/zamphelmets.co\/wp-content\/uploads\/2026\/01\/Unknown-1.jpeg","contentUrl":"https:\/\/zamphelmets.co\/wp-content\/uploads\/2026\/01\/Unknown-1.jpeg","width":960,"height":960},{"@type":"BreadcrumbList","@id":"https:\/\/zamphelmets.co\/sv\/produkt\/balaklava-unleash-svart-vit-asymmetrisk\/#breadcrumb","itemListElement":[{"@type":"ListItem","position":1,"name":"Butik","item":"https:\/\/zamphelmets.co\/sv\/butik\/"},{"@type":"ListItem","position":2,"name":"Balaklava UNLEASH \u2013 svart &amp; vit asymmetrisk"}]},{"@type":"WebSite","@id":"https:\/\/zamphelmets.co\/sv\/#website","url":"https:\/\/zamphelmets.co\/sv\/","name":"Zamp Helmets | Helmet 28 EU","description":"High Quality Motorsport Helmets","potentialAction":[{"@type":"SearchAction","target":{"@type":"EntryPoint","urlTemplate":"https:\/\/zamphelmets.co\/sv\/?s={search_term_string}"},"query-input":{"@type":"PropertyValueSpecification","valueRequired":true,"valueName":"search_term_string"}}],"inLanguage":"sv-SE"}]}},"_links":{"self":[{"href":"https:\/\/zamphelmets.co\/sv\/wp-json\/wp\/v2\/product\/206608","targetHints":{"allow":["GET"]}}],"collection":[{"href":"https:\/\/zamphelmets.co\/sv\/wp-json\/wp\/v2\/product"}],"about":[{"href":"https:\/\/zamphelmets.co\/sv\/wp-json\/wp\/v2\/types\/product"}],"replies":[{"embeddable":true,"href":"https:\/\/zamphelmets.co\/sv\/wp-json\/wp\/v2\/comments?post=206608"}],"wp:featuredmedia":[{"embeddable":true,"href":"https:\/\/zamphelmets.co\/sv\/wp-json\/wp\/v2\/media\/190143"}],"wp:attachment":[{"href":"https:\/\/zamphelmets.co\/sv\/wp-json\/wp\/v2\/media?parent=206608"}],"wp:term":[{"taxonomy":"product_brand","embeddable":true,"href":"https:\/\/zamphelmets.co\/sv\/wp-json\/wp\/v2\/product_brand?post=206608"},{"taxonomy":"product_cat","embeddable":true,"href":"https:\/\/zamphelmets.co\/sv\/wp-json\/wp\/v2\/product_cat?post=206608"},{"taxonomy":"product_tag","embeddable":true,"href":"https:\/\/zamphelmets.co\/sv\/wp-json\/wp\/v2\/product_tag?post=206608"}],"curies":[{"name":"wp","href":"https:\/\/api.w.org\/{rel}","templated":true}]}}