{"id":205601,"date":"2026-01-26T11:26:37","date_gmt":"2026-01-26T11:26:37","guid":{"rendered":"https:\/\/zamphelmets.co\/product\/balaclava-no-limits-fluo-gul-gron\/"},"modified":"2026-02-27T10:43:49","modified_gmt":"2026-02-27T10:43:49","slug":"balaclava-no-limits-fluo-gul-gron","status":"publish","type":"product","link":"https:\/\/zamphelmets.co\/sv\/produkt\/balaclava-no-limits-fluo-gul-gron\/","title":{"rendered":"Balaclava NO LIMITS &#8211; Fluo Gul\/gr\u00f6n"},"content":{"rendered":"<p><span style=\"font-weight: 400;\">Full\u00e4nda din t\u00e4vlingslook med <strong>32Five PUSH YOUR LIMIT Balaclava<\/strong> \u2014 ett helt nytt tillskott till b\u00e5de 32Five-sortimentet och Helmet 28-kollektionen.<\/span><\/p>\n<p><span style=\"font-weight: 400;\">Designad f\u00f6r att <strong>perfekt komplettera dina favoritkartinghandskar fr\u00e5n 32Five<\/strong>, levererar denna balaclava den perfekta balansen mellan prestanda, komfort och stil. Oavsett om du t\u00e4vlar i dj\u00e4rva f\u00e4rger eller f\u00f6redrar en ren, prestandafokuserad estetik, \u00e4r den den sista touchen som lyfter din utrustning och h\u00e5ller dig fokuserad n\u00e4r det betyder som mest. <\/span><\/p>\n<p><span style=\"font-weight: 400;\">Tillverkad av <strong>100 % prestandapolyester<\/strong>, \u00e4r den ultral\u00e4tt och andningsbar, sitter s\u00f6ml\u00f6st under din hj\u00e4lm f\u00f6r att h\u00e5lla dig sval, torr och bekv\u00e4m \u2014 varv efter varv.<\/span><\/p>\n<p><strong>Nyckelfunktioner<\/strong><\/p>\n<ul>\n<li><span style=\"font-weight: 400;\">100 % prestandapolyester \u2013 l\u00e4tt, mjuk och t\u00e4vlingsklar<\/span><\/li>\n<li><span style=\"font-weight: 400;\">Andningsbar &amp; fuktavledande \u2013 hj\u00e4lper till att reglera temperaturen och hantera svett<\/span><\/li>\n<li><span style=\"font-weight: 400;\">S\u00f6ml\u00f6s passform under hj\u00e4lmen \u2013 designad f\u00f6r komfort med alla hj\u00e4lmar<\/span><\/li>\n<li><span style=\"font-weight: 400;\">Slitstark konstruktion \u2013 byggd f\u00f6r att klara t\u00e4vlingsdagens krav<\/span><\/li>\n<li><span style=\"font-weight: 400;\">Unisex | One size passar de flesta<\/span><\/li>\n<\/ul>\n<p><span style=\"font-weight: 400;\">Perfekt f\u00f6r karting- och motorsportf\u00f6rare som vill att deras t\u00e4vlingskl\u00e4der ska prestera lika h\u00e5rt som de sj\u00e4lva \u2014 <strong>32Five PUSH YOUR LIMIT Balaclava<\/strong> \u00e4r gjord f\u00f6r att h\u00e5lla hela v\u00e4gen.<\/span><\/p>\n","protected":false},"excerpt":{"rendered":"<p>Full\u00e4nda din t\u00e4vlingslook med 32Five PUSH YOUR LIMIT Balaclava \u2014 ett helt nytt tillskott till b\u00e5de 32Five-sortimentet och Helmet 28-kollektionen. Designad f\u00f6r att perfekt komplettera dina favoritkartinghandskar fr\u00e5n 32Five, levererar denna balaclava den perfekta balansen mellan prestanda, komfort och stil. Oavsett om du t\u00e4vlar i dj\u00e4rva f\u00e4rger eller f\u00f6redrar en ren, prestandafokuserad estetik, \u00e4r den [&hellip;]<\/p>\n","protected":false},"featured_media":190155,"comment_status":"open","ping_status":"closed","template":"","meta":{"_acf_changed":false,"_iconic_wsb_product_page_order_bump_ids":[[]],"_sku":["32Five-Balaclava-006-C"],"_iconic_wsb_product_page_bump_modal_ids":[[]]},"product_brand":[],"product_cat":[492,296,174],"product_tag":[],"class_list":{"0":"post-205601","1":"product","2":"type-product","3":"status-publish","4":"has-post-thumbnail","6":"product_cat-32five","7":"product_cat-skydd","8":"product_cat-skydd-klader","10":"first","11":"instock","12":"taxable","13":"shipping-taxable","14":"purchasable","15":"product-type-simple"},"acf":[],"yoast_head":"<!-- This site is optimized with the Yoast SEO plugin v27.0 - https:\/\/yoast.com\/product\/yoast-seo-wordpress\/ -->\n<title>Balaclava NO LIMITS - Fluo Gul\/gr\u00f6n - Zamp Helmets | Helmet 28 EU<\/title>\n<meta name=\"description\" content=\"32Five PUSH YOUR LIMIT balaclava tillverkad av ventilerande, l\u00e4tt polyester f\u00f6r komfort hela dagen. S\u00f6ml\u00f6s passform f\u00f6r karting och motorsport.\" \/>\n<meta name=\"robots\" content=\"index, follow, max-snippet:-1, max-image-preview:large, max-video-preview:-1\" \/>\n<link rel=\"canonical\" href=\"https:\/\/zamphelmets.co\/sv\/produkt\/balaclava-no-limits-fluo-gul-gron\/\" \/>\n<meta property=\"og:locale\" content=\"sv_SE\" \/>\n<meta property=\"og:type\" content=\"article\" \/>\n<meta property=\"og:title\" content=\"Balaclava NO LIMITS - Fluo Gul\/gr\u00f6n - Zamp Helmets | Helmet 28 EU\" \/>\n<meta property=\"og:description\" content=\"32Five PUSH YOUR LIMIT balaclava tillverkad av ventilerande, l\u00e4tt polyester f\u00f6r komfort hela dagen. S\u00f6ml\u00f6s passform f\u00f6r karting och motorsport.\" \/>\n<meta property=\"og:url\" content=\"https:\/\/zamphelmets.co\/sv\/produkt\/balaclava-no-limits-fluo-gul-gron\/\" \/>\n<meta property=\"og:site_name\" content=\"Zamp Helmets | Helmet 28 EU\" \/>\n<meta property=\"article:modified_time\" content=\"2026-02-27T10:43:49+00:00\" \/>\n<meta property=\"og:image\" content=\"https:\/\/zamphelmets.co\/wp-content\/uploads\/2026\/01\/Unknown.jpeg\" \/>\n\t<meta property=\"og:image:width\" content=\"960\" \/>\n\t<meta property=\"og:image:height\" content=\"960\" \/>\n\t<meta property=\"og:image:type\" content=\"image\/jpeg\" \/>\n<meta name=\"twitter:card\" content=\"summary_large_image\" \/>\n<meta name=\"twitter:label1\" content=\"Est. reading time\" \/>\n\t<meta name=\"twitter:data1\" content=\"1 minut\" \/>\n<script type=\"application\/ld+json\" class=\"yoast-schema-graph\">{\"@context\":\"https:\/\/schema.org\",\"@graph\":[{\"@type\":\"WebPage\",\"@id\":\"https:\/\/zamphelmets.co\/sv\/produkt\/balaclava-no-limits-fluo-gul-gron\/\",\"url\":\"https:\/\/zamphelmets.co\/sv\/produkt\/balaclava-no-limits-fluo-gul-gron\/\",\"name\":\"Balaclava NO LIMITS - Fluo Gul\/gr\u00f6n - Zamp Helmets | Helmet 28 EU\",\"isPartOf\":{\"@id\":\"https:\/\/zamphelmets.co\/sv\/#website\"},\"primaryImageOfPage\":{\"@id\":\"https:\/\/zamphelmets.co\/sv\/produkt\/balaclava-no-limits-fluo-gul-gron\/#primaryimage\"},\"image\":{\"@id\":\"https:\/\/zamphelmets.co\/sv\/produkt\/balaclava-no-limits-fluo-gul-gron\/#primaryimage\"},\"thumbnailUrl\":\"https:\/\/zamphelmets.co\/wp-content\/uploads\/2026\/01\/Unknown.jpeg\",\"datePublished\":\"2026-01-26T11:26:37+00:00\",\"dateModified\":\"2026-02-27T10:43:49+00:00\",\"description\":\"32Five PUSH YOUR LIMIT balaclava tillverkad av ventilerande, l\u00e4tt polyester f\u00f6r komfort hela dagen. S\u00f6ml\u00f6s passform f\u00f6r karting och motorsport.\",\"breadcrumb\":{\"@id\":\"https:\/\/zamphelmets.co\/sv\/produkt\/balaclava-no-limits-fluo-gul-gron\/#breadcrumb\"},\"inLanguage\":\"sv-SE\",\"potentialAction\":[{\"@type\":\"ReadAction\",\"target\":[\"https:\/\/zamphelmets.co\/sv\/produkt\/balaclava-no-limits-fluo-gul-gron\/\"]}]},{\"@type\":\"ImageObject\",\"inLanguage\":\"sv-SE\",\"@id\":\"https:\/\/zamphelmets.co\/sv\/produkt\/balaclava-no-limits-fluo-gul-gron\/#primaryimage\",\"url\":\"https:\/\/zamphelmets.co\/wp-content\/uploads\/2026\/01\/Unknown.jpeg\",\"contentUrl\":\"https:\/\/zamphelmets.co\/wp-content\/uploads\/2026\/01\/Unknown.jpeg\",\"width\":960,\"height\":960},{\"@type\":\"BreadcrumbList\",\"@id\":\"https:\/\/zamphelmets.co\/sv\/produkt\/balaclava-no-limits-fluo-gul-gron\/#breadcrumb\",\"itemListElement\":[{\"@type\":\"ListItem\",\"position\":1,\"name\":\"Butik\",\"item\":\"https:\/\/zamphelmets.co\/sv\/butik\/\"},{\"@type\":\"ListItem\",\"position\":2,\"name\":\"Balaclava NO LIMITS &#8211; Fluo Gul\/gr\u00f6n\"}]},{\"@type\":\"WebSite\",\"@id\":\"https:\/\/zamphelmets.co\/sv\/#website\",\"url\":\"https:\/\/zamphelmets.co\/sv\/\",\"name\":\"Zamp Helmets | Helmet 28 EU\",\"description\":\"High Quality Motorsport Helmets\",\"potentialAction\":[{\"@type\":\"SearchAction\",\"target\":{\"@type\":\"EntryPoint\",\"urlTemplate\":\"https:\/\/zamphelmets.co\/sv\/?s={search_term_string}\"},\"query-input\":{\"@type\":\"PropertyValueSpecification\",\"valueRequired\":true,\"valueName\":\"search_term_string\"}}],\"inLanguage\":\"sv-SE\"}]}<\/script>\n<!-- \/ Yoast SEO plugin. -->","yoast_head_json":{"title":"Balaclava NO LIMITS - Fluo Gul\/gr\u00f6n - Zamp Helmets | Helmet 28 EU","description":"32Five PUSH YOUR LIMIT balaclava tillverkad av ventilerande, l\u00e4tt polyester f\u00f6r komfort hela dagen. S\u00f6ml\u00f6s passform f\u00f6r karting och motorsport.","robots":{"index":"index","follow":"follow","max-snippet":"max-snippet:-1","max-image-preview":"max-image-preview:large","max-video-preview":"max-video-preview:-1"},"canonical":"https:\/\/zamphelmets.co\/sv\/produkt\/balaclava-no-limits-fluo-gul-gron\/","og_locale":"sv_SE","og_type":"article","og_title":"Balaclava NO LIMITS - Fluo Gul\/gr\u00f6n - Zamp Helmets | Helmet 28 EU","og_description":"32Five PUSH YOUR LIMIT balaclava tillverkad av ventilerande, l\u00e4tt polyester f\u00f6r komfort hela dagen. S\u00f6ml\u00f6s passform f\u00f6r karting och motorsport.","og_url":"https:\/\/zamphelmets.co\/sv\/produkt\/balaclava-no-limits-fluo-gul-gron\/","og_site_name":"Zamp Helmets | Helmet 28 EU","article_modified_time":"2026-02-27T10:43:49+00:00","og_image":[{"width":960,"height":960,"url":"https:\/\/zamphelmets.co\/wp-content\/uploads\/2026\/01\/Unknown.jpeg","type":"image\/jpeg"}],"twitter_card":"summary_large_image","twitter_misc":{"Est. reading time":"1 minut"},"schema":{"@context":"https:\/\/schema.org","@graph":[{"@type":"WebPage","@id":"https:\/\/zamphelmets.co\/sv\/produkt\/balaclava-no-limits-fluo-gul-gron\/","url":"https:\/\/zamphelmets.co\/sv\/produkt\/balaclava-no-limits-fluo-gul-gron\/","name":"Balaclava NO LIMITS - Fluo Gul\/gr\u00f6n - Zamp Helmets | Helmet 28 EU","isPartOf":{"@id":"https:\/\/zamphelmets.co\/sv\/#website"},"primaryImageOfPage":{"@id":"https:\/\/zamphelmets.co\/sv\/produkt\/balaclava-no-limits-fluo-gul-gron\/#primaryimage"},"image":{"@id":"https:\/\/zamphelmets.co\/sv\/produkt\/balaclava-no-limits-fluo-gul-gron\/#primaryimage"},"thumbnailUrl":"https:\/\/zamphelmets.co\/wp-content\/uploads\/2026\/01\/Unknown.jpeg","datePublished":"2026-01-26T11:26:37+00:00","dateModified":"2026-02-27T10:43:49+00:00","description":"32Five PUSH YOUR LIMIT balaclava tillverkad av ventilerande, l\u00e4tt polyester f\u00f6r komfort hela dagen. S\u00f6ml\u00f6s passform f\u00f6r karting och motorsport.","breadcrumb":{"@id":"https:\/\/zamphelmets.co\/sv\/produkt\/balaclava-no-limits-fluo-gul-gron\/#breadcrumb"},"inLanguage":"sv-SE","potentialAction":[{"@type":"ReadAction","target":["https:\/\/zamphelmets.co\/sv\/produkt\/balaclava-no-limits-fluo-gul-gron\/"]}]},{"@type":"ImageObject","inLanguage":"sv-SE","@id":"https:\/\/zamphelmets.co\/sv\/produkt\/balaclava-no-limits-fluo-gul-gron\/#primaryimage","url":"https:\/\/zamphelmets.co\/wp-content\/uploads\/2026\/01\/Unknown.jpeg","contentUrl":"https:\/\/zamphelmets.co\/wp-content\/uploads\/2026\/01\/Unknown.jpeg","width":960,"height":960},{"@type":"BreadcrumbList","@id":"https:\/\/zamphelmets.co\/sv\/produkt\/balaclava-no-limits-fluo-gul-gron\/#breadcrumb","itemListElement":[{"@type":"ListItem","position":1,"name":"Butik","item":"https:\/\/zamphelmets.co\/sv\/butik\/"},{"@type":"ListItem","position":2,"name":"Balaclava NO LIMITS &#8211; Fluo Gul\/gr\u00f6n"}]},{"@type":"WebSite","@id":"https:\/\/zamphelmets.co\/sv\/#website","url":"https:\/\/zamphelmets.co\/sv\/","name":"Zamp Helmets | Helmet 28 EU","description":"High Quality Motorsport Helmets","potentialAction":[{"@type":"SearchAction","target":{"@type":"EntryPoint","urlTemplate":"https:\/\/zamphelmets.co\/sv\/?s={search_term_string}"},"query-input":{"@type":"PropertyValueSpecification","valueRequired":true,"valueName":"search_term_string"}}],"inLanguage":"sv-SE"}]}},"_links":{"self":[{"href":"https:\/\/zamphelmets.co\/sv\/wp-json\/wp\/v2\/product\/205601","targetHints":{"allow":["GET"]}}],"collection":[{"href":"https:\/\/zamphelmets.co\/sv\/wp-json\/wp\/v2\/product"}],"about":[{"href":"https:\/\/zamphelmets.co\/sv\/wp-json\/wp\/v2\/types\/product"}],"replies":[{"embeddable":true,"href":"https:\/\/zamphelmets.co\/sv\/wp-json\/wp\/v2\/comments?post=205601"}],"wp:featuredmedia":[{"embeddable":true,"href":"https:\/\/zamphelmets.co\/sv\/wp-json\/wp\/v2\/media\/190155"}],"wp:attachment":[{"href":"https:\/\/zamphelmets.co\/sv\/wp-json\/wp\/v2\/media?parent=205601"}],"wp:term":[{"taxonomy":"product_brand","embeddable":true,"href":"https:\/\/zamphelmets.co\/sv\/wp-json\/wp\/v2\/product_brand?post=205601"},{"taxonomy":"product_cat","embeddable":true,"href":"https:\/\/zamphelmets.co\/sv\/wp-json\/wp\/v2\/product_cat?post=205601"},{"taxonomy":"product_tag","embeddable":true,"href":"https:\/\/zamphelmets.co\/sv\/wp-json\/wp\/v2\/product_tag?post=205601"}],"curies":[{"name":"wp","href":"https:\/\/api.w.org\/{rel}","templated":true}]}}