{"id":205578,"date":"2026-01-26T11:26:19","date_gmt":"2026-01-26T11:26:19","guid":{"rendered":"https:\/\/zamphelmets.co\/product\/balaklava-push-your-limit-svart-neoneld\/"},"modified":"2026-02-27T10:43:33","modified_gmt":"2026-02-27T10:43:33","slug":"balaklava-push-your-limit-svart-neoneld","status":"publish","type":"product","link":"https:\/\/zamphelmets.co\/sv\/produkt\/balaklava-push-your-limit-svart-neoneld\/","title":{"rendered":"Balaklava PUSH YOUR LIMIT &#8211; Svart\/Neoneld"},"content":{"rendered":"<p><span style=\"font-weight: 400;\">Komplettera din race-look med <strong>32Five PUSH YOUR LIMIT Balaclava<\/strong> \u2014 ett helt nytt tillskott till b\u00e5de 32Five-sortimentet och Helmet 28-kollektionen.<\/span><\/p>\n<p><span style=\"font-weight: 400;\">Designad f\u00f6r att <strong>perfekt komplettera dina favoritkartinghandskar fr\u00e5n 32Five<\/strong>, levererar denna balaclava den idealiska balansen mellan prestanda, komfort och stil. Oavsett om du t\u00e4vlar i dj\u00e4rva f\u00e4rger eller f\u00f6redrar en ren, prestandafokuserad estetik, \u00e4r det den sista touchen som lyfter din utrustning och h\u00e5ller dig fokuserad n\u00e4r det betyder som mest. <\/span><\/p>\n<p><span style=\"font-weight: 400;\">Tillverkad av <strong>100 % prestandapolyester<\/strong>, \u00e4r den ultral\u00e4tt och andas, och sitter s\u00f6ml\u00f6st under din hj\u00e4lm f\u00f6r att h\u00e5lla dig sval, torr och bekv\u00e4m \u2014 varv efter varv.<\/span><\/p>\n<p><strong>Nyckelfunktioner<\/strong><\/p>\n<ul>\n<li><span style=\"font-weight: 400;\">100 % prestandapolyester \u2013 l\u00e4tt, mjuk och redo f\u00f6r t\u00e4vling<\/span><\/li>\n<li><span style=\"font-weight: 400;\">Andas &amp; fuktavledande \u2013 hj\u00e4lper till att reglera temperaturen och hantera svett<\/span><\/li>\n<li><span style=\"font-weight: 400;\">S\u00f6ml\u00f6s passform under hj\u00e4lmen \u2013 designad f\u00f6r komfort med alla hj\u00e4lmar<\/span><\/li>\n<li><span style=\"font-weight: 400;\">Slitstark konstruktion \u2013 byggd f\u00f6r att klara t\u00e4vlingsdagens krav<\/span><\/li>\n<li><span style=\"font-weight: 400;\">Unisex | One size passar de flesta<\/span><\/li>\n<\/ul>\n<p><span style=\"font-weight: 400;\">Perfekt f\u00f6r karting- och motorsportf\u00f6rare som vill att deras t\u00e4vlingskl\u00e4der ska prestera lika h\u00e5rt som de sj\u00e4lva \u2014 <strong>32Five PUSH YOUR LIMIT Balaclava<\/strong> \u00e4r gjord f\u00f6r att h\u00e5lla hela v\u00e4gen.<\/span><\/p>\n","protected":false},"excerpt":{"rendered":"<p>Komplettera din race-look med 32Five PUSH YOUR LIMIT Balaclava \u2014 ett helt nytt tillskott till b\u00e5de 32Five-sortimentet och Helmet 28-kollektionen. Designad f\u00f6r att perfekt komplettera dina favoritkartinghandskar fr\u00e5n 32Five, levererar denna balaclava den idealiska balansen mellan prestanda, komfort och stil. Oavsett om du t\u00e4vlar i dj\u00e4rva f\u00e4rger eller f\u00f6redrar en ren, prestandafokuserad estetik, \u00e4r det [&hellip;]<\/p>\n","protected":false},"featured_media":190117,"comment_status":"open","ping_status":"closed","template":"","meta":{"_acf_changed":false,"_iconic_wsb_product_page_order_bump_ids":[[]],"_sku":["32Five-Balaclava-003-C"],"_iconic_wsb_product_page_bump_modal_ids":[[]]},"product_brand":[],"product_cat":[492],"product_tag":[],"class_list":{"0":"post-205578","1":"product","2":"type-product","3":"status-publish","4":"has-post-thumbnail","6":"product_cat-32five","8":"first","9":"instock","10":"taxable","11":"shipping-taxable","12":"purchasable","13":"product-type-simple"},"acf":[],"yoast_head":"<!-- This site is optimized with the Yoast SEO plugin v27.0 - https:\/\/yoast.com\/product\/yoast-seo-wordpress\/ -->\n<title>Balaklava PUSH YOUR LIMIT - Svart\/Neoneld - Zamp Helmets | Helmet 28 EU<\/title>\n<meta name=\"robots\" content=\"index, follow, max-snippet:-1, max-image-preview:large, max-video-preview:-1\" \/>\n<link rel=\"canonical\" href=\"https:\/\/zamphelmets.co\/sv\/produkt\/balaklava-push-your-limit-svart-neoneld\/\" \/>\n<meta property=\"og:locale\" content=\"sv_SE\" \/>\n<meta property=\"og:type\" content=\"article\" \/>\n<meta property=\"og:title\" content=\"Balaklava PUSH YOUR LIMIT - Svart\/Neoneld - Zamp Helmets | Helmet 28 EU\" \/>\n<meta property=\"og:description\" content=\"Komplettera din race-look med 32Five PUSH YOUR LIMIT Balaclava \u2014 ett helt nytt tillskott till b\u00e5de 32Five-sortimentet och Helmet 28-kollektionen. Designad f\u00f6r att perfekt komplettera dina favoritkartinghandskar fr\u00e5n 32Five, levererar denna balaclava den idealiska balansen mellan prestanda, komfort och stil. Oavsett om du t\u00e4vlar i dj\u00e4rva f\u00e4rger eller f\u00f6redrar en ren, prestandafokuserad estetik, \u00e4r det [&hellip;]\" \/>\n<meta property=\"og:url\" content=\"https:\/\/zamphelmets.co\/sv\/produkt\/balaklava-push-your-limit-svart-neoneld\/\" \/>\n<meta property=\"og:site_name\" content=\"Zamp Helmets | Helmet 28 EU\" \/>\n<meta property=\"article:modified_time\" content=\"2026-02-27T10:43:33+00:00\" \/>\n<meta property=\"og:image\" content=\"https:\/\/zamphelmets.co\/wp-content\/uploads\/2026\/01\/Unknown-3.jpeg\" \/>\n\t<meta property=\"og:image:width\" content=\"960\" \/>\n\t<meta property=\"og:image:height\" content=\"960\" \/>\n\t<meta property=\"og:image:type\" content=\"image\/jpeg\" \/>\n<meta name=\"twitter:card\" content=\"summary_large_image\" \/>\n<meta name=\"twitter:label1\" content=\"Est. reading time\" \/>\n\t<meta name=\"twitter:data1\" content=\"1 minut\" \/>\n<script type=\"application\/ld+json\" class=\"yoast-schema-graph\">{\"@context\":\"https:\/\/schema.org\",\"@graph\":[{\"@type\":\"WebPage\",\"@id\":\"https:\/\/zamphelmets.co\/sv\/produkt\/balaklava-push-your-limit-svart-neoneld\/\",\"url\":\"https:\/\/zamphelmets.co\/sv\/produkt\/balaklava-push-your-limit-svart-neoneld\/\",\"name\":\"Balaklava PUSH YOUR LIMIT - Svart\/Neoneld - Zamp Helmets | Helmet 28 EU\",\"isPartOf\":{\"@id\":\"https:\/\/zamphelmets.co\/sv\/#website\"},\"primaryImageOfPage\":{\"@id\":\"https:\/\/zamphelmets.co\/sv\/produkt\/balaklava-push-your-limit-svart-neoneld\/#primaryimage\"},\"image\":{\"@id\":\"https:\/\/zamphelmets.co\/sv\/produkt\/balaklava-push-your-limit-svart-neoneld\/#primaryimage\"},\"thumbnailUrl\":\"https:\/\/zamphelmets.co\/wp-content\/uploads\/2026\/01\/Unknown-3.jpeg\",\"datePublished\":\"2026-01-26T11:26:19+00:00\",\"dateModified\":\"2026-02-27T10:43:33+00:00\",\"breadcrumb\":{\"@id\":\"https:\/\/zamphelmets.co\/sv\/produkt\/balaklava-push-your-limit-svart-neoneld\/#breadcrumb\"},\"inLanguage\":\"sv-SE\",\"potentialAction\":[{\"@type\":\"ReadAction\",\"target\":[\"https:\/\/zamphelmets.co\/sv\/produkt\/balaklava-push-your-limit-svart-neoneld\/\"]}]},{\"@type\":\"ImageObject\",\"inLanguage\":\"sv-SE\",\"@id\":\"https:\/\/zamphelmets.co\/sv\/produkt\/balaklava-push-your-limit-svart-neoneld\/#primaryimage\",\"url\":\"https:\/\/zamphelmets.co\/wp-content\/uploads\/2026\/01\/Unknown-3.jpeg\",\"contentUrl\":\"https:\/\/zamphelmets.co\/wp-content\/uploads\/2026\/01\/Unknown-3.jpeg\",\"width\":960,\"height\":960},{\"@type\":\"BreadcrumbList\",\"@id\":\"https:\/\/zamphelmets.co\/sv\/produkt\/balaklava-push-your-limit-svart-neoneld\/#breadcrumb\",\"itemListElement\":[{\"@type\":\"ListItem\",\"position\":1,\"name\":\"Butik\",\"item\":\"https:\/\/zamphelmets.co\/sv\/butik\/\"},{\"@type\":\"ListItem\",\"position\":2,\"name\":\"Balaklava PUSH YOUR LIMIT &#8211; Svart\/Neoneld\"}]},{\"@type\":\"WebSite\",\"@id\":\"https:\/\/zamphelmets.co\/sv\/#website\",\"url\":\"https:\/\/zamphelmets.co\/sv\/\",\"name\":\"Zamp Helmets | Helmet 28 EU\",\"description\":\"High Quality Motorsport Helmets\",\"potentialAction\":[{\"@type\":\"SearchAction\",\"target\":{\"@type\":\"EntryPoint\",\"urlTemplate\":\"https:\/\/zamphelmets.co\/sv\/?s={search_term_string}\"},\"query-input\":{\"@type\":\"PropertyValueSpecification\",\"valueRequired\":true,\"valueName\":\"search_term_string\"}}],\"inLanguage\":\"sv-SE\"}]}<\/script>\n<!-- \/ Yoast SEO plugin. -->","yoast_head_json":{"title":"Balaklava PUSH YOUR LIMIT - Svart\/Neoneld - Zamp Helmets | Helmet 28 EU","robots":{"index":"index","follow":"follow","max-snippet":"max-snippet:-1","max-image-preview":"max-image-preview:large","max-video-preview":"max-video-preview:-1"},"canonical":"https:\/\/zamphelmets.co\/sv\/produkt\/balaklava-push-your-limit-svart-neoneld\/","og_locale":"sv_SE","og_type":"article","og_title":"Balaklava PUSH YOUR LIMIT - Svart\/Neoneld - Zamp Helmets | Helmet 28 EU","og_description":"Komplettera din race-look med 32Five PUSH YOUR LIMIT Balaclava \u2014 ett helt nytt tillskott till b\u00e5de 32Five-sortimentet och Helmet 28-kollektionen. Designad f\u00f6r att perfekt komplettera dina favoritkartinghandskar fr\u00e5n 32Five, levererar denna balaclava den idealiska balansen mellan prestanda, komfort och stil. Oavsett om du t\u00e4vlar i dj\u00e4rva f\u00e4rger eller f\u00f6redrar en ren, prestandafokuserad estetik, \u00e4r det [&hellip;]","og_url":"https:\/\/zamphelmets.co\/sv\/produkt\/balaklava-push-your-limit-svart-neoneld\/","og_site_name":"Zamp Helmets | Helmet 28 EU","article_modified_time":"2026-02-27T10:43:33+00:00","og_image":[{"width":960,"height":960,"url":"https:\/\/zamphelmets.co\/wp-content\/uploads\/2026\/01\/Unknown-3.jpeg","type":"image\/jpeg"}],"twitter_card":"summary_large_image","twitter_misc":{"Est. reading time":"1 minut"},"schema":{"@context":"https:\/\/schema.org","@graph":[{"@type":"WebPage","@id":"https:\/\/zamphelmets.co\/sv\/produkt\/balaklava-push-your-limit-svart-neoneld\/","url":"https:\/\/zamphelmets.co\/sv\/produkt\/balaklava-push-your-limit-svart-neoneld\/","name":"Balaklava PUSH YOUR LIMIT - Svart\/Neoneld - Zamp Helmets | Helmet 28 EU","isPartOf":{"@id":"https:\/\/zamphelmets.co\/sv\/#website"},"primaryImageOfPage":{"@id":"https:\/\/zamphelmets.co\/sv\/produkt\/balaklava-push-your-limit-svart-neoneld\/#primaryimage"},"image":{"@id":"https:\/\/zamphelmets.co\/sv\/produkt\/balaklava-push-your-limit-svart-neoneld\/#primaryimage"},"thumbnailUrl":"https:\/\/zamphelmets.co\/wp-content\/uploads\/2026\/01\/Unknown-3.jpeg","datePublished":"2026-01-26T11:26:19+00:00","dateModified":"2026-02-27T10:43:33+00:00","breadcrumb":{"@id":"https:\/\/zamphelmets.co\/sv\/produkt\/balaklava-push-your-limit-svart-neoneld\/#breadcrumb"},"inLanguage":"sv-SE","potentialAction":[{"@type":"ReadAction","target":["https:\/\/zamphelmets.co\/sv\/produkt\/balaklava-push-your-limit-svart-neoneld\/"]}]},{"@type":"ImageObject","inLanguage":"sv-SE","@id":"https:\/\/zamphelmets.co\/sv\/produkt\/balaklava-push-your-limit-svart-neoneld\/#primaryimage","url":"https:\/\/zamphelmets.co\/wp-content\/uploads\/2026\/01\/Unknown-3.jpeg","contentUrl":"https:\/\/zamphelmets.co\/wp-content\/uploads\/2026\/01\/Unknown-3.jpeg","width":960,"height":960},{"@type":"BreadcrumbList","@id":"https:\/\/zamphelmets.co\/sv\/produkt\/balaklava-push-your-limit-svart-neoneld\/#breadcrumb","itemListElement":[{"@type":"ListItem","position":1,"name":"Butik","item":"https:\/\/zamphelmets.co\/sv\/butik\/"},{"@type":"ListItem","position":2,"name":"Balaklava PUSH YOUR LIMIT &#8211; Svart\/Neoneld"}]},{"@type":"WebSite","@id":"https:\/\/zamphelmets.co\/sv\/#website","url":"https:\/\/zamphelmets.co\/sv\/","name":"Zamp Helmets | Helmet 28 EU","description":"High Quality Motorsport Helmets","potentialAction":[{"@type":"SearchAction","target":{"@type":"EntryPoint","urlTemplate":"https:\/\/zamphelmets.co\/sv\/?s={search_term_string}"},"query-input":{"@type":"PropertyValueSpecification","valueRequired":true,"valueName":"search_term_string"}}],"inLanguage":"sv-SE"}]}},"_links":{"self":[{"href":"https:\/\/zamphelmets.co\/sv\/wp-json\/wp\/v2\/product\/205578","targetHints":{"allow":["GET"]}}],"collection":[{"href":"https:\/\/zamphelmets.co\/sv\/wp-json\/wp\/v2\/product"}],"about":[{"href":"https:\/\/zamphelmets.co\/sv\/wp-json\/wp\/v2\/types\/product"}],"replies":[{"embeddable":true,"href":"https:\/\/zamphelmets.co\/sv\/wp-json\/wp\/v2\/comments?post=205578"}],"wp:featuredmedia":[{"embeddable":true,"href":"https:\/\/zamphelmets.co\/sv\/wp-json\/wp\/v2\/media\/190117"}],"wp:attachment":[{"href":"https:\/\/zamphelmets.co\/sv\/wp-json\/wp\/v2\/media?parent=205578"}],"wp:term":[{"taxonomy":"product_brand","embeddable":true,"href":"https:\/\/zamphelmets.co\/sv\/wp-json\/wp\/v2\/product_brand?post=205578"},{"taxonomy":"product_cat","embeddable":true,"href":"https:\/\/zamphelmets.co\/sv\/wp-json\/wp\/v2\/product_cat?post=205578"},{"taxonomy":"product_tag","embeddable":true,"href":"https:\/\/zamphelmets.co\/sv\/wp-json\/wp\/v2\/product_tag?post=205578"}],"curies":[{"name":"wp","href":"https:\/\/api.w.org\/{rel}","templated":true}]}}