{"id":205428,"date":"2026-01-26T11:25:13","date_gmt":"2026-01-26T11:25:13","guid":{"rendered":"https:\/\/zamphelmets.co\/product\/balaclava-smile-to-win-regnbage\/"},"modified":"2026-02-27T11:06:21","modified_gmt":"2026-02-27T11:06:21","slug":"balaclava-smile-to-win-regnbage","status":"publish","type":"product","link":"https:\/\/zamphelmets.co\/sv\/produkt\/balaclava-smile-to-win-regnbage\/","title":{"rendered":"Balaclava SMILE TO WIN &#8211; Regnb\u00e5ge"},"content":{"rendered":"<div class=\"container\">\n<div id=\"content\" class=\"site-content\">\n<div id=\"primary\" class=\"content-area\">\n<p><span style=\"font-weight: 400;\">Full\u00e4nda din racinglook med <strong>32Five Balaclava<\/strong> \u2013 designad f\u00f6r att perfekt matcha dina favorit <strong>32Five Karting Gloves.<\/strong> Oavsett om du gillar dj\u00e4rva f\u00e4rger eller en stilren prestandalook, ger denna balaclava din racingutrustning den sista touchen av identitet och funktion.<\/span><\/p>\n<p><span style=\"font-weight: 400;\">Tillverkad av <strong>100% prestandapolyester<\/strong> \u00e4r den ultral\u00e4tt, andas och byggd f\u00f6r maximal komfort under hj\u00e4lmen. Den h\u00e5ller dig sval, torr och fokuserad \u2013 varv efter varv. <\/span><\/p>\n<p><strong>Nyckelfunktioner:<\/strong><\/p>\n<ul>\n<li><span style=\"font-weight: 400;\">Matchande design f\u00f6r varje handskstil (<strong>Smile to Win, UNLEASH, NO LIMITS<\/strong>)<\/span><\/li>\n<li><span style=\"font-weight: 400;\">Tillverkad av <strong>100% prestandapolyester<\/strong><\/span><\/li>\n<li><span style=\"font-weight: 400;\"><strong>Andas<\/strong> och <strong>fuktavledande<\/strong> f\u00f6r komfort hela dagen<\/span><\/li>\n<li><span style=\"font-weight: 400;\"><strong>S\u00f6ml\u00f6s<\/strong> <strong>passform<\/strong> under alla hj\u00e4lmar<\/span><\/li>\n<li><span style=\"font-weight: 400;\"><strong>Slitstark<\/strong> och redo f\u00f6r t\u00e4vling<\/span><\/li>\n<li><strong>Unisex &amp; One Size<\/strong><\/li>\n<\/ul>\n<p><strong>Utrusta dig fr\u00e5n topp till t\u00e5 \u2013 f\u00f6r det \u00e4r detaljerna som g\u00f6r skillnaden.<\/strong><\/p>\n<\/div>\n<\/div>\n<\/div>\n","protected":false},"excerpt":{"rendered":"<p>Full\u00e4nda din racinglook med 32Five Balaclava \u2013 designad f\u00f6r att perfekt matcha dina favorit 32Five Karting Gloves. Oavsett om du gillar dj\u00e4rva f\u00e4rger eller en stilren prestandalook, ger denna balaclava din racingutrustning den sista touchen av identitet och funktion. Tillverkad av 100% prestandapolyester \u00e4r den ultral\u00e4tt, andas och byggd f\u00f6r maximal komfort under hj\u00e4lmen. Den [&hellip;]<\/p>\n","protected":false},"featured_media":189975,"comment_status":"open","ping_status":"closed","template":"","meta":{"_acf_changed":false,"_iconic_wsb_product_page_order_bump_ids":[[]],"_sku":["32F-Balaclava-Smile2Win-01"],"_iconic_wsb_product_page_bump_modal_ids":[[]]},"product_brand":[],"product_cat":[492,296,174],"product_tag":[],"class_list":{"0":"post-205428","1":"product","2":"type-product","3":"status-publish","4":"has-post-thumbnail","6":"product_cat-32five","7":"product_cat-skydd","8":"product_cat-skydd-klader","10":"first","11":"instock","12":"taxable","13":"shipping-taxable","14":"purchasable","15":"product-type-simple"},"acf":[],"yoast_head":"<!-- This site is optimized with the Yoast SEO plugin v27.0 - https:\/\/yoast.com\/product\/yoast-seo-wordpress\/ -->\n<title>Balaclava SMILE TO WIN - Regnb\u00e5ge - Zamp Helmets | Helmet 28 EU<\/title>\n<meta name=\"description\" content=\"32Five karting-balaklava i l\u00e4tt polyester som andas f\u00f6r komfort hela dagen. S\u00f6ml\u00f6s passform designad f\u00f6r att matcha dina racinghandskar.\" \/>\n<meta name=\"robots\" content=\"index, follow, max-snippet:-1, max-image-preview:large, max-video-preview:-1\" \/>\n<link rel=\"canonical\" href=\"https:\/\/zamphelmets.co\/sv\/produkt\/balaclava-smile-to-win-regnbage\/\" \/>\n<meta property=\"og:locale\" content=\"sv_SE\" \/>\n<meta property=\"og:type\" content=\"article\" \/>\n<meta property=\"og:title\" content=\"Balaclava SMILE TO WIN - Regnb\u00e5ge - Zamp Helmets | Helmet 28 EU\" \/>\n<meta property=\"og:description\" content=\"32Five karting-balaklava i l\u00e4tt polyester som andas f\u00f6r komfort hela dagen. S\u00f6ml\u00f6s passform designad f\u00f6r att matcha dina racinghandskar.\" \/>\n<meta property=\"og:url\" content=\"https:\/\/zamphelmets.co\/sv\/produkt\/balaclava-smile-to-win-regnbage\/\" \/>\n<meta property=\"og:site_name\" content=\"Zamp Helmets | Helmet 28 EU\" \/>\n<meta property=\"article:modified_time\" content=\"2026-02-27T11:06:21+00:00\" \/>\n<meta property=\"og:image\" content=\"https:\/\/zamphelmets.co\/wp-content\/uploads\/2026\/01\/32Five-Balaclava-SmileToWin-rainbow-Titel.jpg\" \/>\n\t<meta property=\"og:image:width\" content=\"1000\" \/>\n\t<meta property=\"og:image:height\" content=\"1000\" \/>\n\t<meta property=\"og:image:type\" content=\"image\/jpeg\" \/>\n<meta name=\"twitter:card\" content=\"summary_large_image\" \/>\n<meta name=\"twitter:label1\" content=\"Est. reading time\" \/>\n\t<meta name=\"twitter:data1\" content=\"1 minut\" \/>\n<script type=\"application\/ld+json\" class=\"yoast-schema-graph\">{\"@context\":\"https:\/\/schema.org\",\"@graph\":[{\"@type\":\"WebPage\",\"@id\":\"https:\/\/zamphelmets.co\/sv\/produkt\/balaclava-smile-to-win-regnbage\/\",\"url\":\"https:\/\/zamphelmets.co\/sv\/produkt\/balaclava-smile-to-win-regnbage\/\",\"name\":\"Balaclava SMILE TO WIN - Regnb\u00e5ge - Zamp Helmets | Helmet 28 EU\",\"isPartOf\":{\"@id\":\"https:\/\/zamphelmets.co\/sv\/#website\"},\"primaryImageOfPage\":{\"@id\":\"https:\/\/zamphelmets.co\/sv\/produkt\/balaclava-smile-to-win-regnbage\/#primaryimage\"},\"image\":{\"@id\":\"https:\/\/zamphelmets.co\/sv\/produkt\/balaclava-smile-to-win-regnbage\/#primaryimage\"},\"thumbnailUrl\":\"https:\/\/zamphelmets.co\/wp-content\/uploads\/2026\/01\/32Five-Balaclava-SmileToWin-rainbow-Titel.jpg\",\"datePublished\":\"2026-01-26T11:25:13+00:00\",\"dateModified\":\"2026-02-27T11:06:21+00:00\",\"description\":\"32Five karting-balaklava i l\u00e4tt polyester som andas f\u00f6r komfort hela dagen. S\u00f6ml\u00f6s passform designad f\u00f6r att matcha dina racinghandskar.\",\"breadcrumb\":{\"@id\":\"https:\/\/zamphelmets.co\/sv\/produkt\/balaclava-smile-to-win-regnbage\/#breadcrumb\"},\"inLanguage\":\"sv-SE\",\"potentialAction\":[{\"@type\":\"ReadAction\",\"target\":[\"https:\/\/zamphelmets.co\/sv\/produkt\/balaclava-smile-to-win-regnbage\/\"]}]},{\"@type\":\"ImageObject\",\"inLanguage\":\"sv-SE\",\"@id\":\"https:\/\/zamphelmets.co\/sv\/produkt\/balaclava-smile-to-win-regnbage\/#primaryimage\",\"url\":\"https:\/\/zamphelmets.co\/wp-content\/uploads\/2026\/01\/32Five-Balaclava-SmileToWin-rainbow-Titel.jpg\",\"contentUrl\":\"https:\/\/zamphelmets.co\/wp-content\/uploads\/2026\/01\/32Five-Balaclava-SmileToWin-rainbow-Titel.jpg\",\"width\":1000,\"height\":1000},{\"@type\":\"BreadcrumbList\",\"@id\":\"https:\/\/zamphelmets.co\/sv\/produkt\/balaclava-smile-to-win-regnbage\/#breadcrumb\",\"itemListElement\":[{\"@type\":\"ListItem\",\"position\":1,\"name\":\"Butik\",\"item\":\"https:\/\/zamphelmets.co\/sv\/butik\/\"},{\"@type\":\"ListItem\",\"position\":2,\"name\":\"Balaclava SMILE TO WIN &#8211; Regnb\u00e5ge\"}]},{\"@type\":\"WebSite\",\"@id\":\"https:\/\/zamphelmets.co\/sv\/#website\",\"url\":\"https:\/\/zamphelmets.co\/sv\/\",\"name\":\"Zamp Helmets | Helmet 28 EU\",\"description\":\"High Quality Motorsport Helmets\",\"potentialAction\":[{\"@type\":\"SearchAction\",\"target\":{\"@type\":\"EntryPoint\",\"urlTemplate\":\"https:\/\/zamphelmets.co\/sv\/?s={search_term_string}\"},\"query-input\":{\"@type\":\"PropertyValueSpecification\",\"valueRequired\":true,\"valueName\":\"search_term_string\"}}],\"inLanguage\":\"sv-SE\"}]}<\/script>\n<!-- \/ Yoast SEO plugin. -->","yoast_head_json":{"title":"Balaclava SMILE TO WIN - Regnb\u00e5ge - Zamp Helmets | Helmet 28 EU","description":"32Five karting-balaklava i l\u00e4tt polyester som andas f\u00f6r komfort hela dagen. S\u00f6ml\u00f6s passform designad f\u00f6r att matcha dina racinghandskar.","robots":{"index":"index","follow":"follow","max-snippet":"max-snippet:-1","max-image-preview":"max-image-preview:large","max-video-preview":"max-video-preview:-1"},"canonical":"https:\/\/zamphelmets.co\/sv\/produkt\/balaclava-smile-to-win-regnbage\/","og_locale":"sv_SE","og_type":"article","og_title":"Balaclava SMILE TO WIN - Regnb\u00e5ge - Zamp Helmets | Helmet 28 EU","og_description":"32Five karting-balaklava i l\u00e4tt polyester som andas f\u00f6r komfort hela dagen. S\u00f6ml\u00f6s passform designad f\u00f6r att matcha dina racinghandskar.","og_url":"https:\/\/zamphelmets.co\/sv\/produkt\/balaclava-smile-to-win-regnbage\/","og_site_name":"Zamp Helmets | Helmet 28 EU","article_modified_time":"2026-02-27T11:06:21+00:00","og_image":[{"width":1000,"height":1000,"url":"https:\/\/zamphelmets.co\/wp-content\/uploads\/2026\/01\/32Five-Balaclava-SmileToWin-rainbow-Titel.jpg","type":"image\/jpeg"}],"twitter_card":"summary_large_image","twitter_misc":{"Est. reading time":"1 minut"},"schema":{"@context":"https:\/\/schema.org","@graph":[{"@type":"WebPage","@id":"https:\/\/zamphelmets.co\/sv\/produkt\/balaclava-smile-to-win-regnbage\/","url":"https:\/\/zamphelmets.co\/sv\/produkt\/balaclava-smile-to-win-regnbage\/","name":"Balaclava SMILE TO WIN - Regnb\u00e5ge - Zamp Helmets | Helmet 28 EU","isPartOf":{"@id":"https:\/\/zamphelmets.co\/sv\/#website"},"primaryImageOfPage":{"@id":"https:\/\/zamphelmets.co\/sv\/produkt\/balaclava-smile-to-win-regnbage\/#primaryimage"},"image":{"@id":"https:\/\/zamphelmets.co\/sv\/produkt\/balaclava-smile-to-win-regnbage\/#primaryimage"},"thumbnailUrl":"https:\/\/zamphelmets.co\/wp-content\/uploads\/2026\/01\/32Five-Balaclava-SmileToWin-rainbow-Titel.jpg","datePublished":"2026-01-26T11:25:13+00:00","dateModified":"2026-02-27T11:06:21+00:00","description":"32Five karting-balaklava i l\u00e4tt polyester som andas f\u00f6r komfort hela dagen. S\u00f6ml\u00f6s passform designad f\u00f6r att matcha dina racinghandskar.","breadcrumb":{"@id":"https:\/\/zamphelmets.co\/sv\/produkt\/balaclava-smile-to-win-regnbage\/#breadcrumb"},"inLanguage":"sv-SE","potentialAction":[{"@type":"ReadAction","target":["https:\/\/zamphelmets.co\/sv\/produkt\/balaclava-smile-to-win-regnbage\/"]}]},{"@type":"ImageObject","inLanguage":"sv-SE","@id":"https:\/\/zamphelmets.co\/sv\/produkt\/balaclava-smile-to-win-regnbage\/#primaryimage","url":"https:\/\/zamphelmets.co\/wp-content\/uploads\/2026\/01\/32Five-Balaclava-SmileToWin-rainbow-Titel.jpg","contentUrl":"https:\/\/zamphelmets.co\/wp-content\/uploads\/2026\/01\/32Five-Balaclava-SmileToWin-rainbow-Titel.jpg","width":1000,"height":1000},{"@type":"BreadcrumbList","@id":"https:\/\/zamphelmets.co\/sv\/produkt\/balaclava-smile-to-win-regnbage\/#breadcrumb","itemListElement":[{"@type":"ListItem","position":1,"name":"Butik","item":"https:\/\/zamphelmets.co\/sv\/butik\/"},{"@type":"ListItem","position":2,"name":"Balaclava SMILE TO WIN &#8211; Regnb\u00e5ge"}]},{"@type":"WebSite","@id":"https:\/\/zamphelmets.co\/sv\/#website","url":"https:\/\/zamphelmets.co\/sv\/","name":"Zamp Helmets | Helmet 28 EU","description":"High Quality Motorsport Helmets","potentialAction":[{"@type":"SearchAction","target":{"@type":"EntryPoint","urlTemplate":"https:\/\/zamphelmets.co\/sv\/?s={search_term_string}"},"query-input":{"@type":"PropertyValueSpecification","valueRequired":true,"valueName":"search_term_string"}}],"inLanguage":"sv-SE"}]}},"_links":{"self":[{"href":"https:\/\/zamphelmets.co\/sv\/wp-json\/wp\/v2\/product\/205428","targetHints":{"allow":["GET"]}}],"collection":[{"href":"https:\/\/zamphelmets.co\/sv\/wp-json\/wp\/v2\/product"}],"about":[{"href":"https:\/\/zamphelmets.co\/sv\/wp-json\/wp\/v2\/types\/product"}],"replies":[{"embeddable":true,"href":"https:\/\/zamphelmets.co\/sv\/wp-json\/wp\/v2\/comments?post=205428"}],"wp:featuredmedia":[{"embeddable":true,"href":"https:\/\/zamphelmets.co\/sv\/wp-json\/wp\/v2\/media\/189975"}],"wp:attachment":[{"href":"https:\/\/zamphelmets.co\/sv\/wp-json\/wp\/v2\/media?parent=205428"}],"wp:term":[{"taxonomy":"product_brand","embeddable":true,"href":"https:\/\/zamphelmets.co\/sv\/wp-json\/wp\/v2\/product_brand?post=205428"},{"taxonomy":"product_cat","embeddable":true,"href":"https:\/\/zamphelmets.co\/sv\/wp-json\/wp\/v2\/product_cat?post=205428"},{"taxonomy":"product_tag","embeddable":true,"href":"https:\/\/zamphelmets.co\/sv\/wp-json\/wp\/v2\/product_tag?post=205428"}],"curies":[{"name":"wp","href":"https:\/\/api.w.org\/{rel}","templated":true}]}}