{"id":205196,"date":"2025-08-13T13:15:36","date_gmt":"2025-08-13T13:15:36","guid":{"rendered":"https:\/\/zamphelmets.co\/product\/rz-57-vit\/"},"modified":"2026-02-16T16:11:07","modified_gmt":"2026-02-16T16:11:07","slug":"rz-57-vit","status":"publish","type":"product","link":"https:\/\/zamphelmets.co\/sv\/produkt\/rz-57-vit\/","title":{"rendered":"RZ 57 Vit"},"content":{"rendered":"<p data-start=\"141\" data-end=\"453\"><strong data-start=\"145\" data-end=\"166\">Zamp RZ-57-hj\u00e4lmen<\/strong> levererar banbrytande s\u00e4kerhet till ett oslagbart v\u00e4rde, vilket g\u00f6r den till en av de b\u00e4sta allround-hj\u00e4lmarna f\u00f6r motorsport p\u00e5 marknaden. Byggd med den senaste <strong data-start=\"309\" data-end=\"336\">Snell SA2025-tekniken<\/strong>, erbjuder den den perfekta kombinationen av tillf\u00f6rlitlighet, komfort och prisv\u00e4rdhet \u2013 utan att kompromissa med prestanda. <\/p>\n<p data-start=\"455\" data-end=\"931\">Med ett <strong data-start=\"467\" data-end=\"509\">l\u00e4ttviktsskal i kompositfiberglas<\/strong> och en <strong data-start=\"516\" data-end=\"549\">mjuk, brandh\u00e4mmande inredning<\/strong> \u00e4r RZ-57 designad f\u00f6r komfort hela dagen, oavsett om du k\u00f6r gokart, t\u00e4vlar i motorsport p\u00e5 klubbniv\u00e5 eller k\u00f6r p\u00e5 h\u00f6gpresterande bandagar.<\/p>\n<p data-start=\"933\" data-end=\"1246\">RZ-57 levereras med ett <strong data-start=\"956\" data-end=\"984\">Z-20 Series klart visir<\/strong> komplett med tear-off-f\u00e4sten, kompatibelt med b\u00e5de <strong data-start=\"1036\" data-end=\"1070\">12.125&#8243; banana-style tear-offs<\/strong> s\u00e5 att du alltid \u00e4r redo f\u00f6r t\u00e4vling. Dessutom g\u00f6r <strong data-start=\"1140\" data-end=\"1154\">M6-insatser<\/strong> den helt kompatibel med Head &amp; Neck Restraint (HANS)-system f\u00f6r maximalt skydd. <\/p>\n<h3 data-start=\"1248\" data-end=\"1267\">Nyckelfunktioner:<\/h3>\n<ul data-start=\"1268\" data-end=\"1649\">\n<li data-start=\"1268\" data-end=\"1343\">\n<p data-start=\"1270\" data-end=\"1343\"><strong data-start=\"1270\" data-end=\"1312\">L\u00e4ttviktsskal i kompositfiberglas<\/strong> f\u00f6r styrka och prestanda<\/p>\n<\/li>\n<li data-start=\"1344\" data-end=\"1404\">\n<p data-start=\"1346\" data-end=\"1404\"><strong data-start=\"1346\" data-end=\"1373\">Minimal design med fram\u00e5triktad ventilation<\/strong> med skalp- och bakre utbl\u00e5s f\u00f6r f\u00f6rb\u00e4ttrat luftfl\u00f6de<\/p>\n<\/li>\n<li data-start=\"1405\" data-end=\"1458\">\n<p data-start=\"1407\" data-end=\"1458\"><strong data-start=\"1407\" data-end=\"1440\">Mjuk, brandh\u00e4mmande inredning<\/strong> (ej avtagbar)<\/p>\n<\/li>\n<li data-start=\"1459\" data-end=\"1547\">\n<p data-start=\"1461\" data-end=\"1547\"><strong data-start=\"1461\" data-end=\"1482\">Z-20 Klart visir<\/strong> med tear-off-f\u00e4sten \u2013 passar banana-style och Z Optics tear-offs<\/p>\n<\/li>\n<li data-start=\"1548\" data-end=\"1592\">\n<p data-start=\"1550\" data-end=\"1592\"><strong data-start=\"1550\" data-end=\"1564\">M6-insatser<\/strong> f\u00f6r anv\u00e4ndning med HANS \/ HNR-system<\/p>\n<\/li>\n<li data-start=\"1593\" data-end=\"1649\">\n<p data-start=\"1595\" data-end=\"1649\"><strong data-start=\"1595\" data-end=\"1620\">Snell SA2025-godk\u00e4nd<\/strong> f\u00f6r motorsportt\u00e4vlingar<\/p>\n<\/li>\n<\/ul>\n<p data-start=\"1651\" data-end=\"1773\">F\u00f6r f\u00f6rare som vill ha p\u00e5litlig s\u00e4kerhet, modern prestanda och otroligt v\u00e4rde \u00e4r <strong data-start=\"1736\" data-end=\"1750\">Zamp RZ-57<\/strong> det smarta valet.<\/p>\n","protected":false},"excerpt":{"rendered":"<p>Zamp RZ-57-hj\u00e4lmen levererar banbrytande s\u00e4kerhet till ett oslagbart v\u00e4rde, vilket g\u00f6r den till en av de b\u00e4sta allround-hj\u00e4lmarna f\u00f6r motorsport p\u00e5 marknaden. Byggd med den senaste Snell SA2025-tekniken, erbjuder den den perfekta kombinationen av tillf\u00f6rlitlighet, komfort och prisv\u00e4rdhet \u2013 utan att kompromissa med prestanda. Med ett l\u00e4ttviktsskal i kompositfiberglas och en mjuk, brandh\u00e4mmande inredning \u00e4r [&hellip;]<\/p>\n","protected":false},"featured_media":113705,"comment_status":"open","ping_status":"closed","template":"","meta":{"_acf_changed":false,"_iconic_wsb_product_page_order_bump_ids":[[]],"_sku":["H784001"],"_iconic_wsb_product_page_bump_modal_ids":[[]]},"product_brand":[],"product_cat":[160,232,464,152],"product_tag":[],"class_list":{"0":"post-205196","1":"product","2":"type-product","3":"status-publish","4":"has-post-thumbnail","6":"product_cat-zamp-hjalmar","7":"product_cat-okategoriserade","8":"product_cat-snell-2025","9":"product_cat-zamp-sv","11":"first","12":"instock","13":"taxable","14":"shipping-taxable","15":"purchasable","16":"product-type-variable"},"acf":[],"yoast_head":"<!-- This site is optimized with the Yoast SEO plugin v27.0 - https:\/\/yoast.com\/product\/yoast-seo-wordpress\/ -->\n<title>RZ 57 Vit - Zamp Helmets | Helmet 28 EU<\/title>\n<meta name=\"description\" content=\"HANDLA NU - Snell SA2025-godk\u00e4nd, l\u00e4tt, h\u00e5llbar och prisv\u00e4rd med Top Air-kompatibilitet f\u00f6r motorsportprestanda.\" \/>\n<meta name=\"robots\" content=\"index, follow, max-snippet:-1, max-image-preview:large, max-video-preview:-1\" \/>\n<link rel=\"canonical\" href=\"https:\/\/zamphelmets.co\/sv\/produkt\/rz-57-vit\/\" \/>\n<meta property=\"og:locale\" content=\"sv_SE\" \/>\n<meta property=\"og:type\" content=\"article\" \/>\n<meta property=\"og:title\" content=\"RZ 57 Vit - Zamp Helmets | Helmet 28 EU\" \/>\n<meta property=\"og:description\" content=\"HANDLA NU - Snell SA2025-godk\u00e4nd, l\u00e4tt, h\u00e5llbar och prisv\u00e4rd med Top Air-kompatibilitet f\u00f6r motorsportprestanda.\" \/>\n<meta property=\"og:url\" content=\"https:\/\/zamphelmets.co\/sv\/produkt\/rz-57-vit\/\" \/>\n<meta property=\"og:site_name\" content=\"Zamp Helmets | Helmet 28 EU\" \/>\n<meta property=\"article:modified_time\" content=\"2026-02-16T16:11:07+00:00\" \/>\n<meta property=\"og:image\" content=\"https:\/\/zamphelmets.co\/wp-content\/uploads\/2025\/08\/AcqhctSxSlmXaYC7MPk2_H770001.jpg\" \/>\n\t<meta property=\"og:image:width\" content=\"1500\" \/>\n\t<meta property=\"og:image:height\" content=\"1500\" \/>\n\t<meta property=\"og:image:type\" content=\"image\/jpeg\" \/>\n<meta name=\"twitter:card\" content=\"summary_large_image\" \/>\n<meta name=\"twitter:label1\" content=\"Est. reading time\" \/>\n\t<meta name=\"twitter:data1\" content=\"1 minut\" \/>\n<script type=\"application\/ld+json\" class=\"yoast-schema-graph\">{\"@context\":\"https:\/\/schema.org\",\"@graph\":[{\"@type\":\"WebPage\",\"@id\":\"https:\/\/zamphelmets.co\/sv\/produkt\/rz-57-vit\/\",\"url\":\"https:\/\/zamphelmets.co\/sv\/produkt\/rz-57-vit\/\",\"name\":\"RZ 57 Vit - Zamp Helmets | Helmet 28 EU\",\"isPartOf\":{\"@id\":\"https:\/\/zamphelmets.co\/sv\/#website\"},\"primaryImageOfPage\":{\"@id\":\"https:\/\/zamphelmets.co\/sv\/produkt\/rz-57-vit\/#primaryimage\"},\"image\":{\"@id\":\"https:\/\/zamphelmets.co\/sv\/produkt\/rz-57-vit\/#primaryimage\"},\"thumbnailUrl\":\"https:\/\/zamphelmets.co\/wp-content\/uploads\/2025\/08\/AcqhctSxSlmXaYC7MPk2_H770001.jpg\",\"datePublished\":\"2025-08-13T13:15:36+00:00\",\"dateModified\":\"2026-02-16T16:11:07+00:00\",\"description\":\"HANDLA NU - Snell SA2025-godk\u00e4nd, l\u00e4tt, h\u00e5llbar och prisv\u00e4rd med Top Air-kompatibilitet f\u00f6r motorsportprestanda.\",\"breadcrumb\":{\"@id\":\"https:\/\/zamphelmets.co\/sv\/produkt\/rz-57-vit\/#breadcrumb\"},\"inLanguage\":\"sv-SE\",\"potentialAction\":[{\"@type\":\"ReadAction\",\"target\":[\"https:\/\/zamphelmets.co\/sv\/produkt\/rz-57-vit\/\"]}]},{\"@type\":\"ImageObject\",\"inLanguage\":\"sv-SE\",\"@id\":\"https:\/\/zamphelmets.co\/sv\/produkt\/rz-57-vit\/#primaryimage\",\"url\":\"https:\/\/zamphelmets.co\/wp-content\/uploads\/2025\/08\/AcqhctSxSlmXaYC7MPk2_H770001.jpg\",\"contentUrl\":\"https:\/\/zamphelmets.co\/wp-content\/uploads\/2025\/08\/AcqhctSxSlmXaYC7MPk2_H770001.jpg\",\"width\":1500,\"height\":1500},{\"@type\":\"BreadcrumbList\",\"@id\":\"https:\/\/zamphelmets.co\/sv\/produkt\/rz-57-vit\/#breadcrumb\",\"itemListElement\":[{\"@type\":\"ListItem\",\"position\":1,\"name\":\"Butik\",\"item\":\"https:\/\/zamphelmets.co\/sv\/butik\/\"},{\"@type\":\"ListItem\",\"position\":2,\"name\":\"RZ 57 Vit\"}]},{\"@type\":\"WebSite\",\"@id\":\"https:\/\/zamphelmets.co\/sv\/#website\",\"url\":\"https:\/\/zamphelmets.co\/sv\/\",\"name\":\"Zamp Helmets | Helmet 28 EU\",\"description\":\"High Quality Motorsport Helmets\",\"potentialAction\":[{\"@type\":\"SearchAction\",\"target\":{\"@type\":\"EntryPoint\",\"urlTemplate\":\"https:\/\/zamphelmets.co\/sv\/?s={search_term_string}\"},\"query-input\":{\"@type\":\"PropertyValueSpecification\",\"valueRequired\":true,\"valueName\":\"search_term_string\"}}],\"inLanguage\":\"sv-SE\"}]}<\/script>\n<!-- \/ Yoast SEO plugin. -->","yoast_head_json":{"title":"RZ 57 Vit - Zamp Helmets | Helmet 28 EU","description":"HANDLA NU - Snell SA2025-godk\u00e4nd, l\u00e4tt, h\u00e5llbar och prisv\u00e4rd med Top Air-kompatibilitet f\u00f6r motorsportprestanda.","robots":{"index":"index","follow":"follow","max-snippet":"max-snippet:-1","max-image-preview":"max-image-preview:large","max-video-preview":"max-video-preview:-1"},"canonical":"https:\/\/zamphelmets.co\/sv\/produkt\/rz-57-vit\/","og_locale":"sv_SE","og_type":"article","og_title":"RZ 57 Vit - Zamp Helmets | Helmet 28 EU","og_description":"HANDLA NU - Snell SA2025-godk\u00e4nd, l\u00e4tt, h\u00e5llbar och prisv\u00e4rd med Top Air-kompatibilitet f\u00f6r motorsportprestanda.","og_url":"https:\/\/zamphelmets.co\/sv\/produkt\/rz-57-vit\/","og_site_name":"Zamp Helmets | Helmet 28 EU","article_modified_time":"2026-02-16T16:11:07+00:00","og_image":[{"width":1500,"height":1500,"url":"https:\/\/zamphelmets.co\/wp-content\/uploads\/2025\/08\/AcqhctSxSlmXaYC7MPk2_H770001.jpg","type":"image\/jpeg"}],"twitter_card":"summary_large_image","twitter_misc":{"Est. reading time":"1 minut"},"schema":{"@context":"https:\/\/schema.org","@graph":[{"@type":"WebPage","@id":"https:\/\/zamphelmets.co\/sv\/produkt\/rz-57-vit\/","url":"https:\/\/zamphelmets.co\/sv\/produkt\/rz-57-vit\/","name":"RZ 57 Vit - Zamp Helmets | Helmet 28 EU","isPartOf":{"@id":"https:\/\/zamphelmets.co\/sv\/#website"},"primaryImageOfPage":{"@id":"https:\/\/zamphelmets.co\/sv\/produkt\/rz-57-vit\/#primaryimage"},"image":{"@id":"https:\/\/zamphelmets.co\/sv\/produkt\/rz-57-vit\/#primaryimage"},"thumbnailUrl":"https:\/\/zamphelmets.co\/wp-content\/uploads\/2025\/08\/AcqhctSxSlmXaYC7MPk2_H770001.jpg","datePublished":"2025-08-13T13:15:36+00:00","dateModified":"2026-02-16T16:11:07+00:00","description":"HANDLA NU - Snell SA2025-godk\u00e4nd, l\u00e4tt, h\u00e5llbar och prisv\u00e4rd med Top Air-kompatibilitet f\u00f6r motorsportprestanda.","breadcrumb":{"@id":"https:\/\/zamphelmets.co\/sv\/produkt\/rz-57-vit\/#breadcrumb"},"inLanguage":"sv-SE","potentialAction":[{"@type":"ReadAction","target":["https:\/\/zamphelmets.co\/sv\/produkt\/rz-57-vit\/"]}]},{"@type":"ImageObject","inLanguage":"sv-SE","@id":"https:\/\/zamphelmets.co\/sv\/produkt\/rz-57-vit\/#primaryimage","url":"https:\/\/zamphelmets.co\/wp-content\/uploads\/2025\/08\/AcqhctSxSlmXaYC7MPk2_H770001.jpg","contentUrl":"https:\/\/zamphelmets.co\/wp-content\/uploads\/2025\/08\/AcqhctSxSlmXaYC7MPk2_H770001.jpg","width":1500,"height":1500},{"@type":"BreadcrumbList","@id":"https:\/\/zamphelmets.co\/sv\/produkt\/rz-57-vit\/#breadcrumb","itemListElement":[{"@type":"ListItem","position":1,"name":"Butik","item":"https:\/\/zamphelmets.co\/sv\/butik\/"},{"@type":"ListItem","position":2,"name":"RZ 57 Vit"}]},{"@type":"WebSite","@id":"https:\/\/zamphelmets.co\/sv\/#website","url":"https:\/\/zamphelmets.co\/sv\/","name":"Zamp Helmets | Helmet 28 EU","description":"High Quality Motorsport Helmets","potentialAction":[{"@type":"SearchAction","target":{"@type":"EntryPoint","urlTemplate":"https:\/\/zamphelmets.co\/sv\/?s={search_term_string}"},"query-input":{"@type":"PropertyValueSpecification","valueRequired":true,"valueName":"search_term_string"}}],"inLanguage":"sv-SE"}]}},"_links":{"self":[{"href":"https:\/\/zamphelmets.co\/sv\/wp-json\/wp\/v2\/product\/205196","targetHints":{"allow":["GET"]}}],"collection":[{"href":"https:\/\/zamphelmets.co\/sv\/wp-json\/wp\/v2\/product"}],"about":[{"href":"https:\/\/zamphelmets.co\/sv\/wp-json\/wp\/v2\/types\/product"}],"replies":[{"embeddable":true,"href":"https:\/\/zamphelmets.co\/sv\/wp-json\/wp\/v2\/comments?post=205196"}],"wp:featuredmedia":[{"embeddable":true,"href":"https:\/\/zamphelmets.co\/sv\/wp-json\/wp\/v2\/media\/113705"}],"wp:attachment":[{"href":"https:\/\/zamphelmets.co\/sv\/wp-json\/wp\/v2\/media?parent=205196"}],"wp:term":[{"taxonomy":"product_brand","embeddable":true,"href":"https:\/\/zamphelmets.co\/sv\/wp-json\/wp\/v2\/product_brand?post=205196"},{"taxonomy":"product_cat","embeddable":true,"href":"https:\/\/zamphelmets.co\/sv\/wp-json\/wp\/v2\/product_cat?post=205196"},{"taxonomy":"product_tag","embeddable":true,"href":"https:\/\/zamphelmets.co\/sv\/wp-json\/wp\/v2\/product_tag?post=205196"}],"curies":[{"name":"wp","href":"https:\/\/api.w.org\/{rel}","templated":true}]}}