{"id":205123,"date":"2026-01-26T11:25:19","date_gmt":"2026-01-26T11:25:19","guid":{"rendered":"https:\/\/zamphelmets.co\/product\/balaklava-unleash-bla\/"},"modified":"2026-02-27T11:06:42","modified_gmt":"2026-02-27T11:06:42","slug":"balaklava-unleash-bla","status":"publish","type":"product","link":"https:\/\/zamphelmets.co\/sv\/produkt\/balaklava-unleash-bla\/","title":{"rendered":"Balaklava UNLEASH &#8211; Bl\u00e5"},"content":{"rendered":"<div class=\"container\">\n<div id=\"content\" class=\"site-content\">\n<div id=\"primary\" class=\"content-area\">\n<p><span style=\"font-weight: 400;\">Komplettera din racinglook med <strong>32Five Balaclava<\/strong> \u2013 designad f\u00f6r att matcha dina favorit <strong>32Five Karting Gloves<\/strong> perfekt. Oavsett om du f\u00f6redrar starka f\u00e4rger eller en ren prestandastil, ger denna balaklava den sista touchen av identitet och funktion till din utrustning.<\/span><\/p>\n<p><span style=\"font-weight: 400;\">Tillverkad av <strong>100 % funktionspolyester<\/strong>; den \u00e4r ultral\u00e4tt, andas och \u00e4r skapad f\u00f6r maximal komfort under hj\u00e4lmen. Den h\u00e5ller dig sval, torr och fokuserad \u2013 varv efter varv. <\/span><\/p>\n<p><strong>Nyckelfunktioner:<\/strong><\/p>\n<ul>\n<li><span style=\"font-weight: 400;\">Matchande design f\u00f6r varje handskmodell (<strong>Smile to Win, UNLEASH, NO LIMITS<\/strong>)<\/span><\/li>\n<li><span style=\"font-weight: 400;\">Tillverkad av <strong>100 % funktionspolyester<\/strong><\/span><\/li>\n<li><span style=\"font-weight: 400;\"><strong>Andas<\/strong> och \u00e4r <strong>fuktavledande<\/strong> f\u00f6r komfort hela dagen<\/span><\/li>\n<li><span style=\"font-weight: 400;\"><strong>S\u00f6ml\u00f6s<\/strong> <strong>passform<\/strong> under alla hj\u00e4lmar<\/span><\/li>\n<li><span style=\"font-weight: 400;\"><strong>Slitstark<\/strong> och redo f\u00f6r race<\/span><\/li>\n<li><strong>Unisex &amp; One Size<\/strong><\/li>\n<\/ul>\n<p><strong>Utrusta dig fr\u00e5n topp till t\u00e5 \u2013 f\u00f6r det \u00e4r detaljerna som g\u00f6r skillnaden.<\/strong><\/p>\n<\/div>\n<\/div>\n<\/div>\n","protected":false},"excerpt":{"rendered":"<p>Komplettera din racinglook med 32Five Balaclava \u2013 designad f\u00f6r att matcha dina favorit 32Five Karting Gloves perfekt. Oavsett om du f\u00f6redrar starka f\u00e4rger eller en ren prestandastil, ger denna balaklava den sista touchen av identitet och funktion till din utrustning. Tillverkad av 100 % funktionspolyester; den \u00e4r ultral\u00e4tt, andas och \u00e4r skapad f\u00f6r maximal komfort [&hellip;]<\/p>\n","protected":false},"featured_media":189988,"comment_status":"open","ping_status":"closed","template":"","meta":{"_acf_changed":false,"_iconic_wsb_product_page_order_bump_ids":[[]],"_sku":["32F-Balaclava-Unleash-01"],"_iconic_wsb_product_page_bump_modal_ids":[[]]},"product_brand":[],"product_cat":[492,296,174],"product_tag":[],"class_list":{"0":"post-205123","1":"product","2":"type-product","3":"status-publish","4":"has-post-thumbnail","6":"product_cat-32five","7":"product_cat-skydd","8":"product_cat-skydd-klader","10":"first","11":"instock","12":"taxable","13":"shipping-taxable","14":"purchasable","15":"product-type-simple"},"acf":[],"yoast_head":"<!-- This site is optimized with the Yoast SEO plugin v27.0 - https:\/\/yoast.com\/product\/yoast-seo-wordpress\/ -->\n<title>Balaklava UNLEASH - Bl\u00e5 - Zamp Helmets | Helmet 28 EU<\/title>\n<meta name=\"description\" content=\"32Five karting-balaklava i l\u00e4tt polyester som andas f\u00f6r komfort hela dagen. S\u00f6ml\u00f6s passform designad f\u00f6r att matcha dina racinghandskar.\" \/>\n<meta name=\"robots\" content=\"index, follow, max-snippet:-1, max-image-preview:large, max-video-preview:-1\" \/>\n<link rel=\"canonical\" href=\"https:\/\/zamphelmets.co\/sv\/produkt\/balaklava-unleash-bla\/\" \/>\n<meta property=\"og:locale\" content=\"sv_SE\" \/>\n<meta property=\"og:type\" content=\"article\" \/>\n<meta property=\"og:title\" content=\"Balaklava UNLEASH - Bl\u00e5 - Zamp Helmets | Helmet 28 EU\" \/>\n<meta property=\"og:description\" content=\"32Five karting-balaklava i l\u00e4tt polyester som andas f\u00f6r komfort hela dagen. S\u00f6ml\u00f6s passform designad f\u00f6r att matcha dina racinghandskar.\" \/>\n<meta property=\"og:url\" content=\"https:\/\/zamphelmets.co\/sv\/produkt\/balaklava-unleash-bla\/\" \/>\n<meta property=\"og:site_name\" content=\"Zamp Helmets | Helmet 28 EU\" \/>\n<meta property=\"article:modified_time\" content=\"2026-02-27T11:06:42+00:00\" \/>\n<meta property=\"og:image\" content=\"https:\/\/zamphelmets.co\/wp-content\/uploads\/2026\/01\/32Five-Balaclava-ProduktSeite-Unleash-blue.jpg\" \/>\n\t<meta property=\"og:image:width\" content=\"1000\" \/>\n\t<meta property=\"og:image:height\" content=\"1000\" \/>\n\t<meta property=\"og:image:type\" content=\"image\/jpeg\" \/>\n<meta name=\"twitter:card\" content=\"summary_large_image\" \/>\n<meta name=\"twitter:label1\" content=\"Est. reading time\" \/>\n\t<meta name=\"twitter:data1\" content=\"1 minut\" \/>\n<script type=\"application\/ld+json\" class=\"yoast-schema-graph\">{\"@context\":\"https:\/\/schema.org\",\"@graph\":[{\"@type\":\"WebPage\",\"@id\":\"https:\/\/zamphelmets.co\/sv\/produkt\/balaklava-unleash-bla\/\",\"url\":\"https:\/\/zamphelmets.co\/sv\/produkt\/balaklava-unleash-bla\/\",\"name\":\"Balaklava UNLEASH - Bl\u00e5 - Zamp Helmets | Helmet 28 EU\",\"isPartOf\":{\"@id\":\"https:\/\/zamphelmets.co\/sv\/#website\"},\"primaryImageOfPage\":{\"@id\":\"https:\/\/zamphelmets.co\/sv\/produkt\/balaklava-unleash-bla\/#primaryimage\"},\"image\":{\"@id\":\"https:\/\/zamphelmets.co\/sv\/produkt\/balaklava-unleash-bla\/#primaryimage\"},\"thumbnailUrl\":\"https:\/\/zamphelmets.co\/wp-content\/uploads\/2026\/01\/32Five-Balaclava-ProduktSeite-Unleash-blue.jpg\",\"datePublished\":\"2026-01-26T11:25:19+00:00\",\"dateModified\":\"2026-02-27T11:06:42+00:00\",\"description\":\"32Five karting-balaklava i l\u00e4tt polyester som andas f\u00f6r komfort hela dagen. S\u00f6ml\u00f6s passform designad f\u00f6r att matcha dina racinghandskar.\",\"breadcrumb\":{\"@id\":\"https:\/\/zamphelmets.co\/sv\/produkt\/balaklava-unleash-bla\/#breadcrumb\"},\"inLanguage\":\"sv-SE\",\"potentialAction\":[{\"@type\":\"ReadAction\",\"target\":[\"https:\/\/zamphelmets.co\/sv\/produkt\/balaklava-unleash-bla\/\"]}]},{\"@type\":\"ImageObject\",\"inLanguage\":\"sv-SE\",\"@id\":\"https:\/\/zamphelmets.co\/sv\/produkt\/balaklava-unleash-bla\/#primaryimage\",\"url\":\"https:\/\/zamphelmets.co\/wp-content\/uploads\/2026\/01\/32Five-Balaclava-ProduktSeite-Unleash-blue.jpg\",\"contentUrl\":\"https:\/\/zamphelmets.co\/wp-content\/uploads\/2026\/01\/32Five-Balaclava-ProduktSeite-Unleash-blue.jpg\",\"width\":1000,\"height\":1000},{\"@type\":\"BreadcrumbList\",\"@id\":\"https:\/\/zamphelmets.co\/sv\/produkt\/balaklava-unleash-bla\/#breadcrumb\",\"itemListElement\":[{\"@type\":\"ListItem\",\"position\":1,\"name\":\"Butik\",\"item\":\"https:\/\/zamphelmets.co\/sv\/butik\/\"},{\"@type\":\"ListItem\",\"position\":2,\"name\":\"Balaklava UNLEASH &#8211; Bl\u00e5\"}]},{\"@type\":\"WebSite\",\"@id\":\"https:\/\/zamphelmets.co\/sv\/#website\",\"url\":\"https:\/\/zamphelmets.co\/sv\/\",\"name\":\"Zamp Helmets | Helmet 28 EU\",\"description\":\"High Quality Motorsport Helmets\",\"potentialAction\":[{\"@type\":\"SearchAction\",\"target\":{\"@type\":\"EntryPoint\",\"urlTemplate\":\"https:\/\/zamphelmets.co\/sv\/?s={search_term_string}\"},\"query-input\":{\"@type\":\"PropertyValueSpecification\",\"valueRequired\":true,\"valueName\":\"search_term_string\"}}],\"inLanguage\":\"sv-SE\"}]}<\/script>\n<!-- \/ Yoast SEO plugin. -->","yoast_head_json":{"title":"Balaklava UNLEASH - Bl\u00e5 - Zamp Helmets | Helmet 28 EU","description":"32Five karting-balaklava i l\u00e4tt polyester som andas f\u00f6r komfort hela dagen. S\u00f6ml\u00f6s passform designad f\u00f6r att matcha dina racinghandskar.","robots":{"index":"index","follow":"follow","max-snippet":"max-snippet:-1","max-image-preview":"max-image-preview:large","max-video-preview":"max-video-preview:-1"},"canonical":"https:\/\/zamphelmets.co\/sv\/produkt\/balaklava-unleash-bla\/","og_locale":"sv_SE","og_type":"article","og_title":"Balaklava UNLEASH - Bl\u00e5 - Zamp Helmets | Helmet 28 EU","og_description":"32Five karting-balaklava i l\u00e4tt polyester som andas f\u00f6r komfort hela dagen. S\u00f6ml\u00f6s passform designad f\u00f6r att matcha dina racinghandskar.","og_url":"https:\/\/zamphelmets.co\/sv\/produkt\/balaklava-unleash-bla\/","og_site_name":"Zamp Helmets | Helmet 28 EU","article_modified_time":"2026-02-27T11:06:42+00:00","og_image":[{"width":1000,"height":1000,"url":"https:\/\/zamphelmets.co\/wp-content\/uploads\/2026\/01\/32Five-Balaclava-ProduktSeite-Unleash-blue.jpg","type":"image\/jpeg"}],"twitter_card":"summary_large_image","twitter_misc":{"Est. reading time":"1 minut"},"schema":{"@context":"https:\/\/schema.org","@graph":[{"@type":"WebPage","@id":"https:\/\/zamphelmets.co\/sv\/produkt\/balaklava-unleash-bla\/","url":"https:\/\/zamphelmets.co\/sv\/produkt\/balaklava-unleash-bla\/","name":"Balaklava UNLEASH - Bl\u00e5 - Zamp Helmets | Helmet 28 EU","isPartOf":{"@id":"https:\/\/zamphelmets.co\/sv\/#website"},"primaryImageOfPage":{"@id":"https:\/\/zamphelmets.co\/sv\/produkt\/balaklava-unleash-bla\/#primaryimage"},"image":{"@id":"https:\/\/zamphelmets.co\/sv\/produkt\/balaklava-unleash-bla\/#primaryimage"},"thumbnailUrl":"https:\/\/zamphelmets.co\/wp-content\/uploads\/2026\/01\/32Five-Balaclava-ProduktSeite-Unleash-blue.jpg","datePublished":"2026-01-26T11:25:19+00:00","dateModified":"2026-02-27T11:06:42+00:00","description":"32Five karting-balaklava i l\u00e4tt polyester som andas f\u00f6r komfort hela dagen. S\u00f6ml\u00f6s passform designad f\u00f6r att matcha dina racinghandskar.","breadcrumb":{"@id":"https:\/\/zamphelmets.co\/sv\/produkt\/balaklava-unleash-bla\/#breadcrumb"},"inLanguage":"sv-SE","potentialAction":[{"@type":"ReadAction","target":["https:\/\/zamphelmets.co\/sv\/produkt\/balaklava-unleash-bla\/"]}]},{"@type":"ImageObject","inLanguage":"sv-SE","@id":"https:\/\/zamphelmets.co\/sv\/produkt\/balaklava-unleash-bla\/#primaryimage","url":"https:\/\/zamphelmets.co\/wp-content\/uploads\/2026\/01\/32Five-Balaclava-ProduktSeite-Unleash-blue.jpg","contentUrl":"https:\/\/zamphelmets.co\/wp-content\/uploads\/2026\/01\/32Five-Balaclava-ProduktSeite-Unleash-blue.jpg","width":1000,"height":1000},{"@type":"BreadcrumbList","@id":"https:\/\/zamphelmets.co\/sv\/produkt\/balaklava-unleash-bla\/#breadcrumb","itemListElement":[{"@type":"ListItem","position":1,"name":"Butik","item":"https:\/\/zamphelmets.co\/sv\/butik\/"},{"@type":"ListItem","position":2,"name":"Balaklava UNLEASH &#8211; Bl\u00e5"}]},{"@type":"WebSite","@id":"https:\/\/zamphelmets.co\/sv\/#website","url":"https:\/\/zamphelmets.co\/sv\/","name":"Zamp Helmets | Helmet 28 EU","description":"High Quality Motorsport Helmets","potentialAction":[{"@type":"SearchAction","target":{"@type":"EntryPoint","urlTemplate":"https:\/\/zamphelmets.co\/sv\/?s={search_term_string}"},"query-input":{"@type":"PropertyValueSpecification","valueRequired":true,"valueName":"search_term_string"}}],"inLanguage":"sv-SE"}]}},"_links":{"self":[{"href":"https:\/\/zamphelmets.co\/sv\/wp-json\/wp\/v2\/product\/205123","targetHints":{"allow":["GET"]}}],"collection":[{"href":"https:\/\/zamphelmets.co\/sv\/wp-json\/wp\/v2\/product"}],"about":[{"href":"https:\/\/zamphelmets.co\/sv\/wp-json\/wp\/v2\/types\/product"}],"replies":[{"embeddable":true,"href":"https:\/\/zamphelmets.co\/sv\/wp-json\/wp\/v2\/comments?post=205123"}],"wp:featuredmedia":[{"embeddable":true,"href":"https:\/\/zamphelmets.co\/sv\/wp-json\/wp\/v2\/media\/189988"}],"wp:attachment":[{"href":"https:\/\/zamphelmets.co\/sv\/wp-json\/wp\/v2\/media?parent=205123"}],"wp:term":[{"taxonomy":"product_brand","embeddable":true,"href":"https:\/\/zamphelmets.co\/sv\/wp-json\/wp\/v2\/product_brand?post=205123"},{"taxonomy":"product_cat","embeddable":true,"href":"https:\/\/zamphelmets.co\/sv\/wp-json\/wp\/v2\/product_cat?post=205123"},{"taxonomy":"product_tag","embeddable":true,"href":"https:\/\/zamphelmets.co\/sv\/wp-json\/wp\/v2\/product_tag?post=205123"}],"curies":[{"name":"wp","href":"https:\/\/api.w.org\/{rel}","templated":true}]}}