{"id":205055,"date":"2025-10-29T15:13:59","date_gmt":"2025-10-29T15:13:59","guid":{"rendered":"https:\/\/zamphelmets.co\/product\/rz-66c-carbon\/"},"modified":"2026-03-03T10:55:09","modified_gmt":"2026-03-03T10:55:09","slug":"rz-66c-carbon","status":"publish","type":"product","link":"https:\/\/zamphelmets.co\/sv\/produkt\/rz-66c-carbon\/","title":{"rendered":"RZ 66C Carbon"},"content":{"rendered":"<p>M\u00f6t den helt nya <strong data-start=\"317\" data-end=\"332\">Zamp RZ-66C<\/strong> \u2014 den ultimata h\u00f6gpresterande hj\u00e4lmen byggd f\u00f6r f\u00f6rare som kr\u00e4ver l\u00e4ttviktskomfort, elitventilation och aerodynamisk precision. Designad f\u00f6r uth\u00e5llighet och konstruerad f\u00f6r hastighet, kombinerar RZ-66C banbrytande teknik med t\u00e4vlingsklar m\u00e5ngsidighet f\u00f6r att hj\u00e4lpa dig att h\u00e5lla dig sval, fokuserad och snabb; varje varv, varje g\u00e5ng. <\/p>\n<p><b>Nyckelfunktioner:<\/b><\/p>\n<ul>\n<li style=\"font-weight: 400;\" aria-level=\"1\"><b>Kolfiberkompositskal<\/b><span style=\"font-weight: 400;\"> \u2013 Superl\u00e4tt konstruktion f\u00f6r minskad f\u00f6rartr\u00f6tthet<\/span><\/li>\n<li style=\"font-weight: 400;\" aria-level=\"1\"><b>DDAIR-SYSTEM<\/b><span style=\"font-weight: 400;\"> \u2013 Ny <\/span><b>360\u00b0 luftkanalisering med dubbla densiteter<\/b><span style=\"font-weight: 400;\"> f\u00f6r \u00f6verl\u00e4gsen forcerad luftkylning<\/span><\/li>\n<li style=\"font-weight: 400;\" aria-level=\"1\"><b>Avancerad aerodynamik<\/b><span style=\"font-weight: 400;\"> \u2013 Aero-l\u00e4ppar inbyggda i skalet, plus tillbeh\u00f6rsalternativ: justerbar bakspoiler och hakb\u00e5gsfrontspoiler<\/span><\/li>\n<li style=\"font-weight: 400;\" aria-level=\"1\"><b>TRI-Tech luftsystem<\/b><span style=\"font-weight: 400;\"> \u2013 Justerbara inlopp p\u00e5 hj\u00e4lmens ovansida och b\u00e5da sidor av hakb\u00e5gen f\u00f6r naturlig luft, forcerad luft eller luftpluggar \u2013 marknadens mest m\u00e5ngsidiga luftsystem<\/span><\/li>\n<li style=\"font-weight: 400;\" aria-level=\"1\"><b>28 Series Plush Interior<\/b><span style=\"font-weight: 400;\"> \u2013 Avtagbara, tv\u00e4ttbara, brandh\u00e4mmande ultramjuka kindkuddar och kronfoder<\/span><\/li>\n<li style=\"font-weight: 400;\" aria-level=\"1\"><b>Z-20 Series Clear Anti-Fog Shield<\/b><span style=\"font-weight: 400;\"> \u2013 Utrustad med sp\u00e4nnande tear-off-stolpar, kompatibel med 12.125&#8243; &#8221;banana-style&#8221; tear-offs eller Z Optics P208Z Tear Offs<\/span><\/li>\n<li style=\"font-weight: 400;\" aria-level=\"1\"><b>F\u00f6rberedd f\u00f6r v\u00e4tskesystem<\/b><span style=\"font-weight: 400;\"> \u2013 Inbyggd v\u00e4tskeport i mitten av hakb\u00e5gen med avtagbar plugg<\/span><\/li>\n<li style=\"font-weight: 400;\" aria-level=\"1\"><b>F\u00f6rberedd f\u00f6r ljudsystem<\/b><span style=\"font-weight: 400;\"> \u2013 Inkluderar \u00f6ronk\u00e5por och \u00f6ronkuddar f\u00f6r minskat buller och enkel kommunikationsintegration<\/span><\/li>\n<li style=\"font-weight: 400;\" aria-level=\"1\"><b>M6-inl\u00e4gg<\/b><span style=\"font-weight: 400;\"> \u2013 Kompatibel med Head &amp; Neck Restraint<\/span><\/li>\n<li style=\"font-weight: 400;\" aria-level=\"1\"><b>Snell SA2025-godk\u00e4nd<\/b><\/li>\n<\/ul>\n<p>Som vanligt inom motorsport varierar v\u00e5ra storlekar beroende p\u00e5 hj\u00e4lmmodell. Mer information om hur du v\u00e4ljer r\u00e4tt storlek p\u00e5 hj\u00e4lmen finns <a href=\"https:\/\/zamphelmets.co\/sv\/hur-man-valjer-ratt-hjalmstorlek\/\">h\u00e4r<\/a>.<\/p>\n<p><a href=\"https:\/\/zamphelmets.cohomologation-explained\/\"><strong>Homologering f\u00f6rklarat<\/strong> \u2013 ta reda p\u00e5 vilken homologering du beh\u00f6ver<\/a><\/p>\n<p><a href=\"https:\/\/zamphelmets.co\/sv\/hans-stolpar-hans-och-fhr-utrustning\/\"><strong>FHR \/ HANS-enhet<\/strong> \u2013 n\u00e4r kr\u00e4vs den?<\/a><\/p>\n<p><img decoding=\"async\" class=\"alignnone wp-image-15017 lazyload\" data-src=\"https:\/\/zamphelmets.eu\/wp-content\/uploads\/2025\/06\/Zamp-Helmets-sizing-guide-4166-x-4166-px-600x600-1.png\" alt=\"\" width=\"494\" height=\"494\" src=\"data:image\/svg+xml;base64,PHN2ZyB3aWR0aD0iMSIgaGVpZ2h0PSIxIiB4bWxucz0iaHR0cDovL3d3dy53My5vcmcvMjAwMC9zdmciPjwvc3ZnPg==\" style=\"--smush-placeholder-width: 494px; --smush-placeholder-aspect-ratio: 494\/494;\"><\/p>\n","protected":false},"excerpt":{"rendered":"<p>M\u00f6t den helt nya Zamp RZ-66C \u2014 den ultimata h\u00f6gpresterande hj\u00e4lmen byggd f\u00f6r f\u00f6rare som kr\u00e4ver l\u00e4ttviktskomfort, elitventilation och aerodynamisk precision. Designad f\u00f6r uth\u00e5llighet och konstruerad f\u00f6r hastighet, kombinerar RZ-66C banbrytande teknik med t\u00e4vlingsklar m\u00e5ngsidighet f\u00f6r att hj\u00e4lpa dig att h\u00e5lla dig sval, fokuserad och snabb; varje varv, varje g\u00e5ng. Nyckelfunktioner: Kolfiberkompositskal \u2013 Superl\u00e4tt konstruktion [&hellip;]<\/p>\n","protected":false},"featured_media":137902,"comment_status":"open","ping_status":"closed","template":"","meta":{"_acf_changed":false,"_iconic_wsb_product_page_order_bump_ids":[[]],"_sku":[],"_iconic_wsb_product_page_bump_modal_ids":[[]]},"product_brand":[],"product_cat":[160,232,464,152],"product_tag":[],"class_list":{"0":"post-205055","1":"product","2":"type-product","3":"status-publish","4":"has-post-thumbnail","6":"product_cat-zamp-hjalmar","7":"product_cat-okategoriserade","8":"product_cat-snell-2025","9":"product_cat-zamp-sv","11":"first","12":"onbackorder","13":"taxable","14":"shipping-taxable","15":"purchasable","16":"product-type-variable"},"acf":[],"yoast_head":"<!-- This site is optimized with the Yoast SEO plugin v27.0 - https:\/\/yoast.com\/product\/yoast-seo-wordpress\/ -->\n<title>RZ 66C Carbon - Zamp Helmets | Helmet 28 EU<\/title>\n<meta name=\"description\" content=\"Zamp RZ-66C hj\u00e4lm \u2013 skal i kolfiberkomposit, DDAIR-SYSTEM kylning, TRI-Tech luftsystem, f\u00f6rberedd f\u00f6r v\u00e4tskesystem &amp; Snell SA2025-certifierad.\" \/>\n<meta name=\"robots\" content=\"index, follow, max-snippet:-1, max-image-preview:large, max-video-preview:-1\" \/>\n<link rel=\"canonical\" href=\"https:\/\/zamphelmets.co\/sv\/produkt\/rz-66c-carbon\/\" \/>\n<meta property=\"og:locale\" content=\"sv_SE\" \/>\n<meta property=\"og:type\" content=\"article\" \/>\n<meta property=\"og:title\" content=\"RZ 66C Carbon - Zamp Helmets | Helmet 28 EU\" \/>\n<meta property=\"og:description\" content=\"Zamp RZ-66C hj\u00e4lm \u2013 skal i kolfiberkomposit, DDAIR-SYSTEM kylning, TRI-Tech luftsystem, f\u00f6rberedd f\u00f6r v\u00e4tskesystem &amp; Snell SA2025-certifierad.\" \/>\n<meta property=\"og:url\" content=\"https:\/\/zamphelmets.co\/sv\/produkt\/rz-66c-carbon\/\" \/>\n<meta property=\"og:site_name\" content=\"Zamp Helmets | Helmet 28 EU\" \/>\n<meta property=\"article:modified_time\" content=\"2026-03-03T10:55:09+00:00\" \/>\n<meta property=\"og:image\" content=\"https:\/\/zamphelmets.co\/wp-content\/uploads\/2025\/10\/123213.png\" \/>\n\t<meta property=\"og:image:width\" content=\"663\" \/>\n\t<meta property=\"og:image:height\" content=\"621\" \/>\n\t<meta property=\"og:image:type\" content=\"image\/png\" \/>\n<meta name=\"twitter:card\" content=\"summary_large_image\" \/>\n<meta name=\"twitter:label1\" content=\"Est. reading time\" \/>\n\t<meta name=\"twitter:data1\" content=\"1 minut\" \/>\n<script type=\"application\/ld+json\" class=\"yoast-schema-graph\">{\"@context\":\"https:\/\/schema.org\",\"@graph\":[{\"@type\":\"WebPage\",\"@id\":\"https:\/\/zamphelmets.co\/sv\/produkt\/rz-66c-carbon\/\",\"url\":\"https:\/\/zamphelmets.co\/sv\/produkt\/rz-66c-carbon\/\",\"name\":\"RZ 66C Carbon - Zamp Helmets | Helmet 28 EU\",\"isPartOf\":{\"@id\":\"https:\/\/zamphelmets.co\/sv\/#website\"},\"primaryImageOfPage\":{\"@id\":\"https:\/\/zamphelmets.co\/sv\/produkt\/rz-66c-carbon\/#primaryimage\"},\"image\":{\"@id\":\"https:\/\/zamphelmets.co\/sv\/produkt\/rz-66c-carbon\/#primaryimage\"},\"thumbnailUrl\":\"https:\/\/zamphelmets.co\/wp-content\/uploads\/2025\/10\/123213.png\",\"datePublished\":\"2025-10-29T15:13:59+00:00\",\"dateModified\":\"2026-03-03T10:55:09+00:00\",\"description\":\"Zamp RZ-66C hj\u00e4lm \u2013 skal i kolfiberkomposit, DDAIR-SYSTEM kylning, TRI-Tech luftsystem, f\u00f6rberedd f\u00f6r v\u00e4tskesystem & Snell SA2025-certifierad.\",\"breadcrumb\":{\"@id\":\"https:\/\/zamphelmets.co\/sv\/produkt\/rz-66c-carbon\/#breadcrumb\"},\"inLanguage\":\"sv-SE\",\"potentialAction\":[{\"@type\":\"ReadAction\",\"target\":[\"https:\/\/zamphelmets.co\/sv\/produkt\/rz-66c-carbon\/\"]}]},{\"@type\":\"ImageObject\",\"inLanguage\":\"sv-SE\",\"@id\":\"https:\/\/zamphelmets.co\/sv\/produkt\/rz-66c-carbon\/#primaryimage\",\"url\":\"https:\/\/zamphelmets.co\/wp-content\/uploads\/2025\/10\/123213.png\",\"contentUrl\":\"https:\/\/zamphelmets.co\/wp-content\/uploads\/2025\/10\/123213.png\",\"width\":663,\"height\":621},{\"@type\":\"BreadcrumbList\",\"@id\":\"https:\/\/zamphelmets.co\/sv\/produkt\/rz-66c-carbon\/#breadcrumb\",\"itemListElement\":[{\"@type\":\"ListItem\",\"position\":1,\"name\":\"Butik\",\"item\":\"https:\/\/zamphelmets.co\/sv\/butik\/\"},{\"@type\":\"ListItem\",\"position\":2,\"name\":\"RZ 66C Carbon\"}]},{\"@type\":\"WebSite\",\"@id\":\"https:\/\/zamphelmets.co\/sv\/#website\",\"url\":\"https:\/\/zamphelmets.co\/sv\/\",\"name\":\"Zamp Helmets | Helmet 28 EU\",\"description\":\"High Quality Motorsport Helmets\",\"potentialAction\":[{\"@type\":\"SearchAction\",\"target\":{\"@type\":\"EntryPoint\",\"urlTemplate\":\"https:\/\/zamphelmets.co\/sv\/?s={search_term_string}\"},\"query-input\":{\"@type\":\"PropertyValueSpecification\",\"valueRequired\":true,\"valueName\":\"search_term_string\"}}],\"inLanguage\":\"sv-SE\"}]}<\/script>\n<!-- \/ Yoast SEO plugin. -->","yoast_head_json":{"title":"RZ 66C Carbon - Zamp Helmets | Helmet 28 EU","description":"Zamp RZ-66C hj\u00e4lm \u2013 skal i kolfiberkomposit, DDAIR-SYSTEM kylning, TRI-Tech luftsystem, f\u00f6rberedd f\u00f6r v\u00e4tskesystem & Snell SA2025-certifierad.","robots":{"index":"index","follow":"follow","max-snippet":"max-snippet:-1","max-image-preview":"max-image-preview:large","max-video-preview":"max-video-preview:-1"},"canonical":"https:\/\/zamphelmets.co\/sv\/produkt\/rz-66c-carbon\/","og_locale":"sv_SE","og_type":"article","og_title":"RZ 66C Carbon - Zamp Helmets | Helmet 28 EU","og_description":"Zamp RZ-66C hj\u00e4lm \u2013 skal i kolfiberkomposit, DDAIR-SYSTEM kylning, TRI-Tech luftsystem, f\u00f6rberedd f\u00f6r v\u00e4tskesystem & Snell SA2025-certifierad.","og_url":"https:\/\/zamphelmets.co\/sv\/produkt\/rz-66c-carbon\/","og_site_name":"Zamp Helmets | Helmet 28 EU","article_modified_time":"2026-03-03T10:55:09+00:00","og_image":[{"width":663,"height":621,"url":"https:\/\/zamphelmets.co\/wp-content\/uploads\/2025\/10\/123213.png","type":"image\/png"}],"twitter_card":"summary_large_image","twitter_misc":{"Est. reading time":"1 minut"},"schema":{"@context":"https:\/\/schema.org","@graph":[{"@type":"WebPage","@id":"https:\/\/zamphelmets.co\/sv\/produkt\/rz-66c-carbon\/","url":"https:\/\/zamphelmets.co\/sv\/produkt\/rz-66c-carbon\/","name":"RZ 66C Carbon - Zamp Helmets | Helmet 28 EU","isPartOf":{"@id":"https:\/\/zamphelmets.co\/sv\/#website"},"primaryImageOfPage":{"@id":"https:\/\/zamphelmets.co\/sv\/produkt\/rz-66c-carbon\/#primaryimage"},"image":{"@id":"https:\/\/zamphelmets.co\/sv\/produkt\/rz-66c-carbon\/#primaryimage"},"thumbnailUrl":"https:\/\/zamphelmets.co\/wp-content\/uploads\/2025\/10\/123213.png","datePublished":"2025-10-29T15:13:59+00:00","dateModified":"2026-03-03T10:55:09+00:00","description":"Zamp RZ-66C hj\u00e4lm \u2013 skal i kolfiberkomposit, DDAIR-SYSTEM kylning, TRI-Tech luftsystem, f\u00f6rberedd f\u00f6r v\u00e4tskesystem & Snell SA2025-certifierad.","breadcrumb":{"@id":"https:\/\/zamphelmets.co\/sv\/produkt\/rz-66c-carbon\/#breadcrumb"},"inLanguage":"sv-SE","potentialAction":[{"@type":"ReadAction","target":["https:\/\/zamphelmets.co\/sv\/produkt\/rz-66c-carbon\/"]}]},{"@type":"ImageObject","inLanguage":"sv-SE","@id":"https:\/\/zamphelmets.co\/sv\/produkt\/rz-66c-carbon\/#primaryimage","url":"https:\/\/zamphelmets.co\/wp-content\/uploads\/2025\/10\/123213.png","contentUrl":"https:\/\/zamphelmets.co\/wp-content\/uploads\/2025\/10\/123213.png","width":663,"height":621},{"@type":"BreadcrumbList","@id":"https:\/\/zamphelmets.co\/sv\/produkt\/rz-66c-carbon\/#breadcrumb","itemListElement":[{"@type":"ListItem","position":1,"name":"Butik","item":"https:\/\/zamphelmets.co\/sv\/butik\/"},{"@type":"ListItem","position":2,"name":"RZ 66C Carbon"}]},{"@type":"WebSite","@id":"https:\/\/zamphelmets.co\/sv\/#website","url":"https:\/\/zamphelmets.co\/sv\/","name":"Zamp Helmets | Helmet 28 EU","description":"High Quality Motorsport Helmets","potentialAction":[{"@type":"SearchAction","target":{"@type":"EntryPoint","urlTemplate":"https:\/\/zamphelmets.co\/sv\/?s={search_term_string}"},"query-input":{"@type":"PropertyValueSpecification","valueRequired":true,"valueName":"search_term_string"}}],"inLanguage":"sv-SE"}]}},"_links":{"self":[{"href":"https:\/\/zamphelmets.co\/sv\/wp-json\/wp\/v2\/product\/205055","targetHints":{"allow":["GET"]}}],"collection":[{"href":"https:\/\/zamphelmets.co\/sv\/wp-json\/wp\/v2\/product"}],"about":[{"href":"https:\/\/zamphelmets.co\/sv\/wp-json\/wp\/v2\/types\/product"}],"replies":[{"embeddable":true,"href":"https:\/\/zamphelmets.co\/sv\/wp-json\/wp\/v2\/comments?post=205055"}],"wp:featuredmedia":[{"embeddable":true,"href":"https:\/\/zamphelmets.co\/sv\/wp-json\/wp\/v2\/media\/137902"}],"wp:attachment":[{"href":"https:\/\/zamphelmets.co\/sv\/wp-json\/wp\/v2\/media?parent=205055"}],"wp:term":[{"taxonomy":"product_brand","embeddable":true,"href":"https:\/\/zamphelmets.co\/sv\/wp-json\/wp\/v2\/product_brand?post=205055"},{"taxonomy":"product_cat","embeddable":true,"href":"https:\/\/zamphelmets.co\/sv\/wp-json\/wp\/v2\/product_cat?post=205055"},{"taxonomy":"product_tag","embeddable":true,"href":"https:\/\/zamphelmets.co\/sv\/wp-json\/wp\/v2\/product_tag?post=205055"}],"curies":[{"name":"wp","href":"https:\/\/api.w.org\/{rel}","templated":true}]}}