{"id":205006,"date":"2025-08-13T13:16:32","date_gmt":"2025-08-13T13:16:32","guid":{"rendered":"https:\/\/zamphelmets.co\/product\/rz-57v-mattgra\/"},"modified":"2025-08-13T13:16:32","modified_gmt":"2025-08-13T13:16:32","slug":"rz-57v-mattgra","status":"publish","type":"product","link":"https:\/\/zamphelmets.co\/sv\/produkt\/rz-57v-mattgra\/","title":{"rendered":"RZ 57V Mattgr\u00e5"},"content":{"rendered":"<p data-start=\"225\" data-end=\"589\">Den <strong data-start=\"229\" data-end=\"251\">Zamp RZ-57V-hj\u00e4lmen<\/strong> levererar den perfekta balansen mellan prestanda, s\u00e4kerhet och prisv\u00e4rdhet \u2013 omdefinierar vad det inneb\u00e4r att f\u00e5 verkligt v\u00e4rde inom motorsportskydd. Designad med den senaste <strong data-start=\"422\" data-end=\"449\">Snell SA2025-tekniken<\/strong>, \u00e4r denna l\u00e4tta komposit-hj\u00e4lm konstruerad f\u00f6r f\u00f6rare som kr\u00e4ver tillf\u00f6rlitlighet, komfort och modern prestanda utan att spendera f\u00f6r mycket. <\/p>\n<p data-start=\"591\" data-end=\"1016\">Byggd med ett <strong data-start=\"604\" data-end=\"634\">kompositglasfiberskal<\/strong> och en plyschig flams\u00e4ker inredning, s\u00e4kerst\u00e4ller RZ-57V l\u00e5ngvarig komfort under varje lopp.<\/p>\n<p data-start=\"1018\" data-end=\"1384\">Med funktioner som vanligtvis finns i hj\u00e4lmar som kostar dubbelt s\u00e5 mycket, \u00e4r <strong data-start=\"1078\" data-end=\"1093\">Zamp RZ-57V<\/strong> ett m\u00e5ngsidigt val f\u00f6r karting, track days och t\u00e4vlingsracing. Den levereras med ett <strong data-start=\"1188\" data-end=\"1209\">Z-20 klart visir<\/strong> med tear-off-f\u00e4sten, plus <strong data-start=\"1303\" data-end=\"1317\">M6-insatser<\/strong> f\u00f6r s\u00f6ml\u00f6s <strong data-start=\"1331\" data-end=\"1381\">integrering av huvud- och nackskydd (HANS)<\/strong>. <\/p>\n<h3 data-start=\"1386\" data-end=\"1405\">Nyckelfunktioner:<\/h3>\n<ul data-start=\"1406\" data-end=\"1802\">\n<li data-start=\"1406\" data-end=\"1477\">\n<p data-start=\"1408\" data-end=\"1477\"><strong data-start=\"1408\" data-end=\"1450\">L\u00e4tt kompositglasfiberskal<\/strong> f\u00f6r styrka och komfort<\/p>\n<\/li>\n<li data-start=\"1478\" data-end=\"1543\">\n<p data-start=\"1480\" data-end=\"1543\"><strong data-start=\"1480\" data-end=\"1507\">Minimal design med fram\u00e5triktad ventilation<\/strong> med skalp- och bakre utbl\u00e5sventiler f\u00f6r f\u00f6rb\u00e4ttrat luftfl\u00f6de<\/p>\n<\/li>\n<li data-start=\"1544\" data-end=\"1614\">\n<p data-start=\"1546\" data-end=\"1614\"><strong data-start=\"1546\" data-end=\"1579\">Plyschig flams\u00e4ker inredning<\/strong> (ej avtagbar) f\u00f6r \u00f6kad s\u00e4kerhet<\/p>\n<\/li>\n<li data-start=\"1615\" data-end=\"1700\">\n<p data-start=\"1617\" data-end=\"1700\"><strong data-start=\"1617\" data-end=\"1638\">Z-20 klart visir<\/strong> med tear-off-f\u00e4sten, kompatibelt med banana-style tear-offs<\/p>\n<\/li>\n<li data-start=\"1701\" data-end=\"1745\">\n<p data-start=\"1703\" data-end=\"1745\"><strong data-start=\"1703\" data-end=\"1717\">M6-insatser<\/strong> f\u00f6r HANS \/ HNR-anv\u00e4ndning<\/p>\n<\/li>\n<li data-start=\"1746\" data-end=\"1802\">\n<p data-start=\"1748\" data-end=\"1802\"><strong data-start=\"1748\" data-end=\"1773\">Snell SA2025-godk\u00e4nd<\/strong> f\u00f6r t\u00e4vlingsmotorsport<\/p>\n<\/li>\n<\/ul>\n<p data-start=\"1804\" data-end=\"1954\">Oavsett om du \u00e4r nyb\u00f6rjare eller tar n\u00e4sta steg, ger <strong data-start=\"1852\" data-end=\"1867\">Zamp RZ-57V<\/strong> dig den teknik, komfort och s\u00e4kerhet du beh\u00f6ver f\u00f6r att h\u00e5lla fokus p\u00e5 banan.<\/p>\n","protected":false},"excerpt":{"rendered":"<p>Den Zamp RZ-57V-hj\u00e4lmen levererar den perfekta balansen mellan prestanda, s\u00e4kerhet och prisv\u00e4rdhet \u2013 omdefinierar vad det inneb\u00e4r att f\u00e5 verkligt v\u00e4rde inom motorsportskydd. Designad med den senaste Snell SA2025-tekniken, \u00e4r denna l\u00e4tta komposit-hj\u00e4lm konstruerad f\u00f6r f\u00f6rare som kr\u00e4ver tillf\u00f6rlitlighet, komfort och modern prestanda utan att spendera f\u00f6r mycket. Byggd med ett kompositglasfiberskal och en plyschig [&hellip;]<\/p>\n","protected":false},"featured_media":113921,"comment_status":"open","ping_status":"closed","template":"","meta":{"_acf_changed":false,"_iconic_wsb_product_page_order_bump_ids":[[]],"_sku":["H78315F"],"_iconic_wsb_product_page_bump_modal_ids":[[]]},"product_brand":[],"product_cat":[160,232,464,152],"product_tag":[],"class_list":{"0":"post-205006","1":"product","2":"type-product","3":"status-publish","4":"has-post-thumbnail","6":"product_cat-zamp-hjalmar","7":"product_cat-okategoriserade","8":"product_cat-snell-2025","9":"product_cat-zamp-sv","11":"first","12":"instock","13":"taxable","14":"shipping-taxable","15":"purchasable","16":"product-type-variable"},"acf":[],"yoast_head":"<!-- This site is optimized with the Yoast SEO plugin v27.0 - https:\/\/yoast.com\/product\/yoast-seo-wordpress\/ -->\n<title>RZ 57V Mattgr\u00e5 - Zamp Helmets | Helmet 28 EU<\/title>\n<meta name=\"description\" content=\"K\u00d6P NU - Snell SA2025-godk\u00e4nd, l\u00e4tt, h\u00e5llbar och budgetv\u00e4nlig med Top Air-kompatibilitet f\u00f6r maximal racingprestanda.\" \/>\n<meta name=\"robots\" content=\"index, follow, max-snippet:-1, max-image-preview:large, max-video-preview:-1\" \/>\n<link rel=\"canonical\" href=\"https:\/\/zamphelmets.co\/sv\/produkt\/rz-57v-mattgra\/\" \/>\n<meta property=\"og:locale\" content=\"sv_SE\" \/>\n<meta property=\"og:type\" content=\"article\" \/>\n<meta property=\"og:title\" content=\"RZ 57V Mattgr\u00e5 - Zamp Helmets | Helmet 28 EU\" \/>\n<meta property=\"og:description\" content=\"K\u00d6P NU - Snell SA2025-godk\u00e4nd, l\u00e4tt, h\u00e5llbar och budgetv\u00e4nlig med Top Air-kompatibilitet f\u00f6r maximal racingprestanda.\" \/>\n<meta property=\"og:url\" content=\"https:\/\/zamphelmets.co\/sv\/produkt\/rz-57v-mattgra\/\" \/>\n<meta property=\"og:site_name\" content=\"Zamp Helmets | Helmet 28 EU\" \/>\n<meta property=\"og:image\" content=\"https:\/\/zamphelmets.co\/wp-content\/uploads\/2025\/08\/H77215F.jpg\" \/>\n\t<meta property=\"og:image:width\" content=\"1500\" \/>\n\t<meta property=\"og:image:height\" content=\"1500\" \/>\n\t<meta property=\"og:image:type\" content=\"image\/jpeg\" \/>\n<meta name=\"twitter:card\" content=\"summary_large_image\" \/>\n<meta name=\"twitter:label1\" content=\"Est. reading time\" \/>\n\t<meta name=\"twitter:data1\" content=\"1 minut\" \/>\n<script type=\"application\/ld+json\" class=\"yoast-schema-graph\">{\"@context\":\"https:\/\/schema.org\",\"@graph\":[{\"@type\":\"WebPage\",\"@id\":\"https:\/\/zamphelmets.co\/sv\/produkt\/rz-57v-mattgra\/\",\"url\":\"https:\/\/zamphelmets.co\/sv\/produkt\/rz-57v-mattgra\/\",\"name\":\"RZ 57V Mattgr\u00e5 - Zamp Helmets | Helmet 28 EU\",\"isPartOf\":{\"@id\":\"https:\/\/zamphelmets.co\/sv\/#website\"},\"primaryImageOfPage\":{\"@id\":\"https:\/\/zamphelmets.co\/sv\/produkt\/rz-57v-mattgra\/#primaryimage\"},\"image\":{\"@id\":\"https:\/\/zamphelmets.co\/sv\/produkt\/rz-57v-mattgra\/#primaryimage\"},\"thumbnailUrl\":\"https:\/\/zamphelmets.co\/wp-content\/uploads\/2025\/08\/H77215F.jpg\",\"datePublished\":\"2025-08-13T13:16:32+00:00\",\"description\":\"K\u00d6P NU - Snell SA2025-godk\u00e4nd, l\u00e4tt, h\u00e5llbar och budgetv\u00e4nlig med Top Air-kompatibilitet f\u00f6r maximal racingprestanda.\",\"breadcrumb\":{\"@id\":\"https:\/\/zamphelmets.co\/sv\/produkt\/rz-57v-mattgra\/#breadcrumb\"},\"inLanguage\":\"sv-SE\",\"potentialAction\":[{\"@type\":\"ReadAction\",\"target\":[\"https:\/\/zamphelmets.co\/sv\/produkt\/rz-57v-mattgra\/\"]}]},{\"@type\":\"ImageObject\",\"inLanguage\":\"sv-SE\",\"@id\":\"https:\/\/zamphelmets.co\/sv\/produkt\/rz-57v-mattgra\/#primaryimage\",\"url\":\"https:\/\/zamphelmets.co\/wp-content\/uploads\/2025\/08\/H77215F.jpg\",\"contentUrl\":\"https:\/\/zamphelmets.co\/wp-content\/uploads\/2025\/08\/H77215F.jpg\",\"width\":1500,\"height\":1500},{\"@type\":\"BreadcrumbList\",\"@id\":\"https:\/\/zamphelmets.co\/sv\/produkt\/rz-57v-mattgra\/#breadcrumb\",\"itemListElement\":[{\"@type\":\"ListItem\",\"position\":1,\"name\":\"Butik\",\"item\":\"https:\/\/zamphelmets.co\/sv\/butik\/\"},{\"@type\":\"ListItem\",\"position\":2,\"name\":\"RZ 57V Mattgr\u00e5\"}]},{\"@type\":\"WebSite\",\"@id\":\"https:\/\/zamphelmets.co\/sv\/#website\",\"url\":\"https:\/\/zamphelmets.co\/sv\/\",\"name\":\"Zamp Helmets | Helmet 28 EU\",\"description\":\"High Quality Motorsport Helmets\",\"potentialAction\":[{\"@type\":\"SearchAction\",\"target\":{\"@type\":\"EntryPoint\",\"urlTemplate\":\"https:\/\/zamphelmets.co\/sv\/?s={search_term_string}\"},\"query-input\":{\"@type\":\"PropertyValueSpecification\",\"valueRequired\":true,\"valueName\":\"search_term_string\"}}],\"inLanguage\":\"sv-SE\"}]}<\/script>\n<!-- \/ Yoast SEO plugin. -->","yoast_head_json":{"title":"RZ 57V Mattgr\u00e5 - Zamp Helmets | Helmet 28 EU","description":"K\u00d6P NU - Snell SA2025-godk\u00e4nd, l\u00e4tt, h\u00e5llbar och budgetv\u00e4nlig med Top Air-kompatibilitet f\u00f6r maximal racingprestanda.","robots":{"index":"index","follow":"follow","max-snippet":"max-snippet:-1","max-image-preview":"max-image-preview:large","max-video-preview":"max-video-preview:-1"},"canonical":"https:\/\/zamphelmets.co\/sv\/produkt\/rz-57v-mattgra\/","og_locale":"sv_SE","og_type":"article","og_title":"RZ 57V Mattgr\u00e5 - Zamp Helmets | Helmet 28 EU","og_description":"K\u00d6P NU - Snell SA2025-godk\u00e4nd, l\u00e4tt, h\u00e5llbar och budgetv\u00e4nlig med Top Air-kompatibilitet f\u00f6r maximal racingprestanda.","og_url":"https:\/\/zamphelmets.co\/sv\/produkt\/rz-57v-mattgra\/","og_site_name":"Zamp Helmets | Helmet 28 EU","og_image":[{"width":1500,"height":1500,"url":"https:\/\/zamphelmets.co\/wp-content\/uploads\/2025\/08\/H77215F.jpg","type":"image\/jpeg"}],"twitter_card":"summary_large_image","twitter_misc":{"Est. reading time":"1 minut"},"schema":{"@context":"https:\/\/schema.org","@graph":[{"@type":"WebPage","@id":"https:\/\/zamphelmets.co\/sv\/produkt\/rz-57v-mattgra\/","url":"https:\/\/zamphelmets.co\/sv\/produkt\/rz-57v-mattgra\/","name":"RZ 57V Mattgr\u00e5 - Zamp Helmets | Helmet 28 EU","isPartOf":{"@id":"https:\/\/zamphelmets.co\/sv\/#website"},"primaryImageOfPage":{"@id":"https:\/\/zamphelmets.co\/sv\/produkt\/rz-57v-mattgra\/#primaryimage"},"image":{"@id":"https:\/\/zamphelmets.co\/sv\/produkt\/rz-57v-mattgra\/#primaryimage"},"thumbnailUrl":"https:\/\/zamphelmets.co\/wp-content\/uploads\/2025\/08\/H77215F.jpg","datePublished":"2025-08-13T13:16:32+00:00","description":"K\u00d6P NU - Snell SA2025-godk\u00e4nd, l\u00e4tt, h\u00e5llbar och budgetv\u00e4nlig med Top Air-kompatibilitet f\u00f6r maximal racingprestanda.","breadcrumb":{"@id":"https:\/\/zamphelmets.co\/sv\/produkt\/rz-57v-mattgra\/#breadcrumb"},"inLanguage":"sv-SE","potentialAction":[{"@type":"ReadAction","target":["https:\/\/zamphelmets.co\/sv\/produkt\/rz-57v-mattgra\/"]}]},{"@type":"ImageObject","inLanguage":"sv-SE","@id":"https:\/\/zamphelmets.co\/sv\/produkt\/rz-57v-mattgra\/#primaryimage","url":"https:\/\/zamphelmets.co\/wp-content\/uploads\/2025\/08\/H77215F.jpg","contentUrl":"https:\/\/zamphelmets.co\/wp-content\/uploads\/2025\/08\/H77215F.jpg","width":1500,"height":1500},{"@type":"BreadcrumbList","@id":"https:\/\/zamphelmets.co\/sv\/produkt\/rz-57v-mattgra\/#breadcrumb","itemListElement":[{"@type":"ListItem","position":1,"name":"Butik","item":"https:\/\/zamphelmets.co\/sv\/butik\/"},{"@type":"ListItem","position":2,"name":"RZ 57V Mattgr\u00e5"}]},{"@type":"WebSite","@id":"https:\/\/zamphelmets.co\/sv\/#website","url":"https:\/\/zamphelmets.co\/sv\/","name":"Zamp Helmets | Helmet 28 EU","description":"High Quality Motorsport Helmets","potentialAction":[{"@type":"SearchAction","target":{"@type":"EntryPoint","urlTemplate":"https:\/\/zamphelmets.co\/sv\/?s={search_term_string}"},"query-input":{"@type":"PropertyValueSpecification","valueRequired":true,"valueName":"search_term_string"}}],"inLanguage":"sv-SE"}]}},"_links":{"self":[{"href":"https:\/\/zamphelmets.co\/sv\/wp-json\/wp\/v2\/product\/205006","targetHints":{"allow":["GET"]}}],"collection":[{"href":"https:\/\/zamphelmets.co\/sv\/wp-json\/wp\/v2\/product"}],"about":[{"href":"https:\/\/zamphelmets.co\/sv\/wp-json\/wp\/v2\/types\/product"}],"replies":[{"embeddable":true,"href":"https:\/\/zamphelmets.co\/sv\/wp-json\/wp\/v2\/comments?post=205006"}],"wp:featuredmedia":[{"embeddable":true,"href":"https:\/\/zamphelmets.co\/sv\/wp-json\/wp\/v2\/media\/113921"}],"wp:attachment":[{"href":"https:\/\/zamphelmets.co\/sv\/wp-json\/wp\/v2\/media?parent=205006"}],"wp:term":[{"taxonomy":"product_brand","embeddable":true,"href":"https:\/\/zamphelmets.co\/sv\/wp-json\/wp\/v2\/product_brand?post=205006"},{"taxonomy":"product_cat","embeddable":true,"href":"https:\/\/zamphelmets.co\/sv\/wp-json\/wp\/v2\/product_cat?post=205006"},{"taxonomy":"product_tag","embeddable":true,"href":"https:\/\/zamphelmets.co\/sv\/wp-json\/wp\/v2\/product_tag?post=205006"}],"curies":[{"name":"wp","href":"https:\/\/api.w.org\/{rel}","templated":true}]}}