{"id":204851,"date":"2026-01-26T11:23:56","date_gmt":"2026-01-26T11:23:56","guid":{"rendered":"https:\/\/zamphelmets.co\/product\/smile-to-win-blue-fluo-pink\/"},"modified":"2026-03-01T12:24:24","modified_gmt":"2026-03-01T12:24:24","slug":"smile-to-win-blue-fluo-pink","status":"publish","type":"product","link":"https:\/\/zamphelmets.co\/sv\/produkt\/smile-to-win-blue-fluo-pink\/","title":{"rendered":"SMILE TO WIN &#8211; Blue \/ Fluo Pink"},"content":{"rendered":"<p><strong>F\u00f6lj det r\u00f6da fingret \u2013 n\u00e4sta generation av premium karthandskar<\/strong><\/p>\n<p>Uppt\u00e4ck den helt nya <strong>Smile to Win-kollektionen fr\u00e5n 32Five<\/strong> \u2014 en dj\u00e4rv fusion av prestanda, komfort och personlighet, skapad f\u00f6r f\u00f6rare som kr\u00e4ver mer av sin utrustning. Dessa premium racinghandskar \u00e4r designade f\u00f6r b\u00e5de professionella f\u00f6rare och kartingentusiaster, och kombinerar banbrytande material med omissk\u00e4nnlig 32Five-stil. <\/p>\n<p>Varje par har den <strong>karakteristiska r\u00f6da fingertoppen<\/strong>, <strong>precisa yttre s\u00f6mmar<\/strong> och en <strong>ergonomisk f\u00f6rb\u00f6jd passform<\/strong> f\u00f6r \u00f6verl\u00e4gsen komfort och kontroll. Det ventilerande \u00f6vermaterialet h\u00e5ller dina h\u00e4nder svala \u00e4ven under press, medan den avancerade DriveSkin-handflatetekniken levererar o\u00f6vertr\u00e4ffat grepp, k\u00e4nsla och h\u00e5llbarhet p\u00e5 ratten. <\/p>\n<p>Oavsett om du k\u00e4mpar f\u00f6r pallplatser eller finslipar dina linjer, \u00e4r 32Five-handskar gjorda f\u00f6r att prestera, gjorda f\u00f6r att sticka ut och gjorda f\u00f6r att h\u00e5lla.<\/p>\n<ul>\n<li><strong>Utv\u00e4ndiga s\u00f6mmar<\/strong> \u2013 Minskar tryckpunkter och friktion f\u00f6r maximal komfort och uth\u00e5llighet.<\/li>\n<li><strong>Ventilerande tyg p\u00e5 ovansidan<\/strong> \u2013 L\u00e4tt, mjukt och svalt med slagkraftiga f\u00e4rger som tar plats.<\/li>\n<li><strong>DriveSkin-teknologi i handflatan<\/strong> \u2013 F\u00f6rb\u00e4ttrat grepp, styrk\u00e4nsla och slitstyrka f\u00f6r ultimat kontroll.<\/li>\n<li><strong>F\u00f6rb\u00f6jd ergonomisk passform<\/strong> \u2013 St\u00f6djer handens naturliga position f\u00f6r precision och fokus i varje varv.<\/li>\n<li><strong>Finns i storlekar fr\u00e5n XXXSmall till Large<\/strong><\/li>\n<\/ul>\n<p><strong>Smile. Race hard. Win with 32Five.  <\/strong><\/p>\n<p><img decoding=\"async\" class=\"alignnone wp-image-222671 lazyload\" data-src=\"https:\/\/zamphelmets.co\/wp-content\/uploads\/2026\/01\/32F-SizeGuide-25-V1-scaled.webp\" alt=\"\" width=\"573\" height=\"308\" data-srcset=\"https:\/\/zamphelmets.co\/wp-content\/uploads\/2026\/01\/32F-SizeGuide-25-V1-scaled.webp 2560w, https:\/\/zamphelmets.co\/wp-content\/uploads\/2026\/01\/32F-SizeGuide-25-V1-300x161.webp 300w, https:\/\/zamphelmets.co\/wp-content\/uploads\/2026\/01\/32F-SizeGuide-25-V1-1024x551.webp 1024w, https:\/\/zamphelmets.co\/wp-content\/uploads\/2026\/01\/32F-SizeGuide-25-V1-768x413.webp 768w, https:\/\/zamphelmets.co\/wp-content\/uploads\/2026\/01\/32F-SizeGuide-25-V1-1536x826.webp 1536w, https:\/\/zamphelmets.co\/wp-content\/uploads\/2026\/01\/32F-SizeGuide-25-V1-2048x1101.webp 2048w, https:\/\/zamphelmets.co\/wp-content\/uploads\/2026\/01\/32F-SizeGuide-25-V1-600x323.webp 600w\" data-sizes=\"(max-width: 573px) 100vw, 573px\" src=\"data:image\/svg+xml;base64,PHN2ZyB3aWR0aD0iMSIgaGVpZ2h0PSIxIiB4bWxucz0iaHR0cDovL3d3dy53My5vcmcvMjAwMC9zdmciPjwvc3ZnPg==\" style=\"--smush-placeholder-width: 573px; --smush-placeholder-aspect-ratio: 573\/308;\" \/><\/p>\n","protected":false},"excerpt":{"rendered":"<p>F\u00f6lj det r\u00f6da fingret \u2013 n\u00e4sta generation av premium karthandskar Uppt\u00e4ck den helt nya Smile to Win-kollektionen fr\u00e5n 32Five \u2014 en dj\u00e4rv fusion av prestanda, komfort och personlighet, skapad f\u00f6r f\u00f6rare som kr\u00e4ver mer av sin utrustning. Dessa premium racinghandskar \u00e4r designade f\u00f6r b\u00e5de professionella f\u00f6rare och kartingentusiaster, och kombinerar banbrytande material med omissk\u00e4nnlig 32Five-stil. [&hellip;]<\/p>\n","protected":false},"featured_media":189805,"comment_status":"open","ping_status":"closed","template":"","meta":{"_acf_changed":false,"_iconic_wsb_product_page_order_bump_ids":[[]],"_sku":[],"_iconic_wsb_product_page_bump_modal_ids":[[]]},"product_brand":[],"product_cat":[492,182,174],"product_tag":[],"class_list":{"0":"post-204851","1":"product","2":"type-product","3":"status-publish","4":"has-post-thumbnail","6":"product_cat-32five","7":"product_cat-handskar","8":"product_cat-skydd-klader","10":"first","11":"instock","12":"taxable","13":"shipping-taxable","14":"purchasable","15":"product-type-variable"},"acf":[],"yoast_head":"<!-- This site is optimized with the Yoast SEO plugin v27.0 - https:\/\/yoast.com\/product\/yoast-seo-wordpress\/ -->\n<title>32Five SMILE TO WIN - Blue \/ Fluo Pink - Premium Kartinghandskar<\/title>\n<meta name=\"description\" content=\"Uppt\u00e4ck 32Five Smile to Win kartinghandskar. Premium racinghandskar med DriveSkin-grepp, ergonomisk passform och den karakt\u00e4ristiska r\u00f6da fingertoppen.\" \/>\n<meta name=\"robots\" content=\"index, follow, max-snippet:-1, max-image-preview:large, max-video-preview:-1\" \/>\n<link rel=\"canonical\" href=\"https:\/\/zamphelmets.co\/sv\/produkt\/smile-to-win-blue-fluo-pink\/\" \/>\n<meta property=\"og:locale\" content=\"sv_SE\" \/>\n<meta property=\"og:type\" content=\"article\" \/>\n<meta property=\"og:title\" content=\"32Five SMILE TO WIN - Blue \/ Fluo Pink - Premium Kartinghandskar\" \/>\n<meta property=\"og:description\" content=\"Uppt\u00e4ck 32Five Smile to Win kartinghandskar. Premium racinghandskar med DriveSkin-grepp, ergonomisk passform och den karakt\u00e4ristiska r\u00f6da fingertoppen.\" \/>\n<meta property=\"og:url\" content=\"https:\/\/zamphelmets.co\/sv\/produkt\/smile-to-win-blue-fluo-pink\/\" \/>\n<meta property=\"og:site_name\" content=\"Zamp Helmets | Helmet 28 EU\" \/>\n<meta property=\"article:modified_time\" content=\"2026-03-01T12:24:24+00:00\" \/>\n<meta property=\"og:image\" content=\"https:\/\/zamphelmets.co\/wp-content\/uploads\/2026\/01\/smiletowin_blue_pink.jpeg\" \/>\n\t<meta property=\"og:image:width\" content=\"1000\" \/>\n\t<meta property=\"og:image:height\" content=\"1000\" \/>\n\t<meta property=\"og:image:type\" content=\"image\/jpeg\" \/>\n<meta name=\"twitter:card\" content=\"summary_large_image\" \/>\n<meta name=\"twitter:label1\" content=\"Est. reading time\" \/>\n\t<meta name=\"twitter:data1\" content=\"1 minut\" \/>\n<script type=\"application\/ld+json\" class=\"yoast-schema-graph\">{\"@context\":\"https:\/\/schema.org\",\"@graph\":[{\"@type\":\"WebPage\",\"@id\":\"https:\/\/zamphelmets.co\/sv\/produkt\/smile-to-win-blue-fluo-pink\/\",\"url\":\"https:\/\/zamphelmets.co\/sv\/produkt\/smile-to-win-blue-fluo-pink\/\",\"name\":\"32Five SMILE TO WIN - Blue \/ Fluo Pink - Premium Kartinghandskar\",\"isPartOf\":{\"@id\":\"https:\/\/zamphelmets.co\/sv\/#website\"},\"primaryImageOfPage\":{\"@id\":\"https:\/\/zamphelmets.co\/sv\/produkt\/smile-to-win-blue-fluo-pink\/#primaryimage\"},\"image\":{\"@id\":\"https:\/\/zamphelmets.co\/sv\/produkt\/smile-to-win-blue-fluo-pink\/#primaryimage\"},\"thumbnailUrl\":\"https:\/\/zamphelmets.co\/wp-content\/uploads\/2026\/01\/smiletowin_blue_pink.jpeg\",\"datePublished\":\"2026-01-26T11:23:56+00:00\",\"dateModified\":\"2026-03-01T12:24:24+00:00\",\"description\":\"Uppt\u00e4ck 32Five Smile to Win kartinghandskar. Premium racinghandskar med DriveSkin-grepp, ergonomisk passform och den karakt\u00e4ristiska r\u00f6da fingertoppen.\",\"breadcrumb\":{\"@id\":\"https:\/\/zamphelmets.co\/sv\/produkt\/smile-to-win-blue-fluo-pink\/#breadcrumb\"},\"inLanguage\":\"sv-SE\",\"potentialAction\":[{\"@type\":\"ReadAction\",\"target\":[\"https:\/\/zamphelmets.co\/sv\/produkt\/smile-to-win-blue-fluo-pink\/\"]}]},{\"@type\":\"ImageObject\",\"inLanguage\":\"sv-SE\",\"@id\":\"https:\/\/zamphelmets.co\/sv\/produkt\/smile-to-win-blue-fluo-pink\/#primaryimage\",\"url\":\"https:\/\/zamphelmets.co\/wp-content\/uploads\/2026\/01\/smiletowin_blue_pink.jpeg\",\"contentUrl\":\"https:\/\/zamphelmets.co\/wp-content\/uploads\/2026\/01\/smiletowin_blue_pink.jpeg\",\"width\":1000,\"height\":1000},{\"@type\":\"BreadcrumbList\",\"@id\":\"https:\/\/zamphelmets.co\/sv\/produkt\/smile-to-win-blue-fluo-pink\/#breadcrumb\",\"itemListElement\":[{\"@type\":\"ListItem\",\"position\":1,\"name\":\"Butik\",\"item\":\"https:\/\/zamphelmets.co\/sv\/butik\/\"},{\"@type\":\"ListItem\",\"position\":2,\"name\":\"SMILE TO WIN &#8211; Blue \/ Fluo Pink\"}]},{\"@type\":\"WebSite\",\"@id\":\"https:\/\/zamphelmets.co\/sv\/#website\",\"url\":\"https:\/\/zamphelmets.co\/sv\/\",\"name\":\"Zamp Helmets | Helmet 28 EU\",\"description\":\"High Quality Motorsport Helmets\",\"potentialAction\":[{\"@type\":\"SearchAction\",\"target\":{\"@type\":\"EntryPoint\",\"urlTemplate\":\"https:\/\/zamphelmets.co\/sv\/?s={search_term_string}\"},\"query-input\":{\"@type\":\"PropertyValueSpecification\",\"valueRequired\":true,\"valueName\":\"search_term_string\"}}],\"inLanguage\":\"sv-SE\"}]}<\/script>\n<!-- \/ Yoast SEO plugin. -->","yoast_head_json":{"title":"32Five SMILE TO WIN - Blue \/ Fluo Pink - Premium Kartinghandskar","description":"Uppt\u00e4ck 32Five Smile to Win kartinghandskar. Premium racinghandskar med DriveSkin-grepp, ergonomisk passform och den karakt\u00e4ristiska r\u00f6da fingertoppen.","robots":{"index":"index","follow":"follow","max-snippet":"max-snippet:-1","max-image-preview":"max-image-preview:large","max-video-preview":"max-video-preview:-1"},"canonical":"https:\/\/zamphelmets.co\/sv\/produkt\/smile-to-win-blue-fluo-pink\/","og_locale":"sv_SE","og_type":"article","og_title":"32Five SMILE TO WIN - Blue \/ Fluo Pink - Premium Kartinghandskar","og_description":"Uppt\u00e4ck 32Five Smile to Win kartinghandskar. Premium racinghandskar med DriveSkin-grepp, ergonomisk passform och den karakt\u00e4ristiska r\u00f6da fingertoppen.","og_url":"https:\/\/zamphelmets.co\/sv\/produkt\/smile-to-win-blue-fluo-pink\/","og_site_name":"Zamp Helmets | Helmet 28 EU","article_modified_time":"2026-03-01T12:24:24+00:00","og_image":[{"width":1000,"height":1000,"url":"https:\/\/zamphelmets.co\/wp-content\/uploads\/2026\/01\/smiletowin_blue_pink.jpeg","type":"image\/jpeg"}],"twitter_card":"summary_large_image","twitter_misc":{"Est. reading time":"1 minut"},"schema":{"@context":"https:\/\/schema.org","@graph":[{"@type":"WebPage","@id":"https:\/\/zamphelmets.co\/sv\/produkt\/smile-to-win-blue-fluo-pink\/","url":"https:\/\/zamphelmets.co\/sv\/produkt\/smile-to-win-blue-fluo-pink\/","name":"32Five SMILE TO WIN - Blue \/ Fluo Pink - Premium Kartinghandskar","isPartOf":{"@id":"https:\/\/zamphelmets.co\/sv\/#website"},"primaryImageOfPage":{"@id":"https:\/\/zamphelmets.co\/sv\/produkt\/smile-to-win-blue-fluo-pink\/#primaryimage"},"image":{"@id":"https:\/\/zamphelmets.co\/sv\/produkt\/smile-to-win-blue-fluo-pink\/#primaryimage"},"thumbnailUrl":"https:\/\/zamphelmets.co\/wp-content\/uploads\/2026\/01\/smiletowin_blue_pink.jpeg","datePublished":"2026-01-26T11:23:56+00:00","dateModified":"2026-03-01T12:24:24+00:00","description":"Uppt\u00e4ck 32Five Smile to Win kartinghandskar. Premium racinghandskar med DriveSkin-grepp, ergonomisk passform och den karakt\u00e4ristiska r\u00f6da fingertoppen.","breadcrumb":{"@id":"https:\/\/zamphelmets.co\/sv\/produkt\/smile-to-win-blue-fluo-pink\/#breadcrumb"},"inLanguage":"sv-SE","potentialAction":[{"@type":"ReadAction","target":["https:\/\/zamphelmets.co\/sv\/produkt\/smile-to-win-blue-fluo-pink\/"]}]},{"@type":"ImageObject","inLanguage":"sv-SE","@id":"https:\/\/zamphelmets.co\/sv\/produkt\/smile-to-win-blue-fluo-pink\/#primaryimage","url":"https:\/\/zamphelmets.co\/wp-content\/uploads\/2026\/01\/smiletowin_blue_pink.jpeg","contentUrl":"https:\/\/zamphelmets.co\/wp-content\/uploads\/2026\/01\/smiletowin_blue_pink.jpeg","width":1000,"height":1000},{"@type":"BreadcrumbList","@id":"https:\/\/zamphelmets.co\/sv\/produkt\/smile-to-win-blue-fluo-pink\/#breadcrumb","itemListElement":[{"@type":"ListItem","position":1,"name":"Butik","item":"https:\/\/zamphelmets.co\/sv\/butik\/"},{"@type":"ListItem","position":2,"name":"SMILE TO WIN &#8211; Blue \/ Fluo Pink"}]},{"@type":"WebSite","@id":"https:\/\/zamphelmets.co\/sv\/#website","url":"https:\/\/zamphelmets.co\/sv\/","name":"Zamp Helmets | Helmet 28 EU","description":"High Quality Motorsport Helmets","potentialAction":[{"@type":"SearchAction","target":{"@type":"EntryPoint","urlTemplate":"https:\/\/zamphelmets.co\/sv\/?s={search_term_string}"},"query-input":{"@type":"PropertyValueSpecification","valueRequired":true,"valueName":"search_term_string"}}],"inLanguage":"sv-SE"}]}},"_links":{"self":[{"href":"https:\/\/zamphelmets.co\/sv\/wp-json\/wp\/v2\/product\/204851","targetHints":{"allow":["GET"]}}],"collection":[{"href":"https:\/\/zamphelmets.co\/sv\/wp-json\/wp\/v2\/product"}],"about":[{"href":"https:\/\/zamphelmets.co\/sv\/wp-json\/wp\/v2\/types\/product"}],"replies":[{"embeddable":true,"href":"https:\/\/zamphelmets.co\/sv\/wp-json\/wp\/v2\/comments?post=204851"}],"wp:featuredmedia":[{"embeddable":true,"href":"https:\/\/zamphelmets.co\/sv\/wp-json\/wp\/v2\/media\/189805"}],"wp:attachment":[{"href":"https:\/\/zamphelmets.co\/sv\/wp-json\/wp\/v2\/media?parent=204851"}],"wp:term":[{"taxonomy":"product_brand","embeddable":true,"href":"https:\/\/zamphelmets.co\/sv\/wp-json\/wp\/v2\/product_brand?post=204851"},{"taxonomy":"product_cat","embeddable":true,"href":"https:\/\/zamphelmets.co\/sv\/wp-json\/wp\/v2\/product_cat?post=204851"},{"taxonomy":"product_tag","embeddable":true,"href":"https:\/\/zamphelmets.co\/sv\/wp-json\/wp\/v2\/product_tag?post=204851"}],"curies":[{"name":"wp","href":"https:\/\/api.w.org\/{rel}","templated":true}]}}