{"id":204753,"date":"2025-05-14T11:49:55","date_gmt":"2025-05-14T11:49:55","guid":{"rendered":"https:\/\/zamphelmets.co\/product\/rz-48-youth-carbon-red\/"},"modified":"2025-05-14T11:49:55","modified_gmt":"2025-05-14T11:49:55","slug":"rz-48-youth-carbon-red","status":"publish","type":"product","link":"https:\/\/zamphelmets.co\/sv\/produkt\/rz-48-youth-carbon-red\/","title":{"rendered":"RZ 48 Youth Carbon Red"},"content":{"rendered":"<p data-start=\"149\" data-end=\"248\"><strong data-start=\"149\" data-end=\"248\">Vi presenterar Zamp RZ-48Y Youth Carbon \u2013 marknadens l\u00e4ttaste gokarthj\u00e4lm f\u00f6r ungdomar<\/strong><\/p>\n<p data-start=\"250\" data-end=\"516\">Nya <strong data-start=\"304\" data-end=\"339\">Zamp RZ-48Y Youth Carbon<\/strong> \u00e4r konstruerad f\u00f6r prestanda och komfort. Med en vikt p\u00e5 bara <strong data-start=\"407\" data-end=\"420\">1050 g +\/-<\/strong> \u00e4r det en av de l\u00e4ttaste gokarthj\u00e4lmarna f\u00f6r ungdomar p\u00e5 marknaden \u2013 det ultimata valet f\u00f6r unga f\u00f6rare som vill ha skydd i v\u00e4rldsklass utan extra tyngd.<\/p>\n<p data-start=\"518\" data-end=\"865\">Den h\u00e4r hj\u00e4lmen \u00e4r byggd f\u00f6r fart, s\u00e4kerhet och stil, med ett <strong data-start=\"586\" data-end=\"621\">h\u00f6gkvalitativt kolfiberskal<\/strong> f\u00f6r exceptionell styrka och l\u00e5g vikt. RZ-48Y \u00e4r designad specifikt f\u00f6r unga f\u00f6rare och uppfyller kraven f\u00f6r <strong data-start=\"737\" data-end=\"754\">CMR2016<\/strong>-homologering. Den tar premiumteknologin fr\u00e5n Zamps vuxensortiment till ett mindre, t\u00e4vlingsklart format. <\/p>\n<p data-start=\"980\" data-end=\"1176\">Oavsett om du jagar pallplatser eller precis har b\u00f6rjat din gokartresa erbjuder RZ-48Y prestanda p\u00e5 elitniv\u00e5 och komfort hela dagen. V\u00e4lj mellan klassisk svart kolfiberv\u00e4v eller tv\u00e5 snygga grafiska designer.<\/p>\n<p data-start=\"1178\" data-end=\"1195\"><strong data-start=\"1178\" data-end=\"1195\">Huvudegenskaper:<\/strong><\/p>\n<ul>\n<li data-start=\"1198\" data-end=\"1269\"><strong data-start=\"1198\" data-end=\"1232\">Ultral\u00e4tt kolfiberskal<\/strong> \u2013 ca 1050 g +\/- (beroende p\u00e5 storlek) <\/li>\n<li data-start=\"1272\" data-end=\"1341\"><strong data-start=\"1272\" data-end=\"1314\">Designad specifikt f\u00f6r unga f\u00f6rare<\/strong> med CMR2016-certifiering<\/li>\n<li data-start=\"1344\" data-end=\"1415\"><strong data-start=\"1344\" data-end=\"1381\">Premiumkonstruktion i kolfiber<\/strong> f\u00f6r maximal styrka i f\u00f6rh\u00e5llande till vikt<\/li>\n<li data-start=\"1418\" data-end=\"1480\"><strong data-start=\"1418\" data-end=\"1462\">Uttagbar och tv\u00e4ttbar flamskyddad inredning<\/strong> f\u00f6r enkel reng\u00f6ring<\/li>\n<li data-start=\"1483\" data-end=\"1537\"><strong data-start=\"1483\" data-end=\"1517\">Z-20-seriens 2,5 mm klara visir<\/strong> med f\u00e4sten f\u00f6r tear-offs<\/li>\n<li data-start=\"1540\" data-end=\"1611\"><strong data-start=\"1540\" data-end=\"1571\">Avancerat ventilationssystem<\/strong> med luftintag p\u00e5 hj\u00e4ssa och haka<\/li>\n<li data-start=\"1742\" data-end=\"1796\">Tillg\u00e4nglig i ungdomsstorlekar: 52 cm, 54 cm, 56 cm, 57 cm, 59 cm<\/li>\n<\/ul>\n<p>Skalstorleken p\u00e5 v\u00e5ra ungdomshj\u00e4lmar \u00e4r n\u00e5got mindre \u00e4n p\u00e5 v\u00e5ra standardhj\u00e4lmar f\u00f6r vuxna. Vi rekommenderar d\u00e4rf\u00f6r att du m\u00e4ter s\u00e5 noggrant som m\u00f6jligt och, om du \u00e4r os\u00e4ker, v\u00e4ljer en storlek st\u00f6rre f\u00f6r denna modell. <\/p>\n<p><strong>Os\u00e4ker p\u00e5 storlek? <\/strong><a href=\"https:\/\/form.jotform.com\/251263198513053\">Fyll i v\u00e5rt storleksformul\u00e4r<\/a> s\u00e5 kommer en av v\u00e5ra medarbetare att kontakta dig med v\u00e5ra rekommendationer.<\/p>\n<p><img decoding=\"async\" class=\"alignnone wp-image-202049 lazyload\" data-src=\"https:\/\/zamphelmets.co\/wp-content\/uploads\/2025\/05\/Zamp-Helmets-sizing-guide-scaled.png\" alt=\"\" width=\"518\" height=\"518\" data-srcset=\"https:\/\/zamphelmets.co\/wp-content\/uploads\/2025\/05\/Zamp-Helmets-sizing-guide-scaled.png 2560w, https:\/\/zamphelmets.co\/wp-content\/uploads\/2025\/05\/Zamp-Helmets-sizing-guide-300x300.png 300w, https:\/\/zamphelmets.co\/wp-content\/uploads\/2025\/05\/Zamp-Helmets-sizing-guide-1024x1024.png 1024w, https:\/\/zamphelmets.co\/wp-content\/uploads\/2025\/05\/Zamp-Helmets-sizing-guide-150x150.png 150w, https:\/\/zamphelmets.co\/wp-content\/uploads\/2025\/05\/Zamp-Helmets-sizing-guide-768x768.png 768w, https:\/\/zamphelmets.co\/wp-content\/uploads\/2025\/05\/Zamp-Helmets-sizing-guide-1536x1536.png 1536w, https:\/\/zamphelmets.co\/wp-content\/uploads\/2025\/05\/Zamp-Helmets-sizing-guide-2048x2048.png 2048w, https:\/\/zamphelmets.co\/wp-content\/uploads\/2025\/05\/Zamp-Helmets-sizing-guide-600x600.png 600w, https:\/\/zamphelmets.co\/wp-content\/uploads\/2025\/05\/Zamp-Helmets-sizing-guide-100x100.png 100w\" data-sizes=\"(max-width: 518px) 100vw, 518px\" src=\"data:image\/svg+xml;base64,PHN2ZyB3aWR0aD0iMSIgaGVpZ2h0PSIxIiB4bWxucz0iaHR0cDovL3d3dy53My5vcmcvMjAwMC9zdmciPjwvc3ZnPg==\" style=\"--smush-placeholder-width: 518px; --smush-placeholder-aspect-ratio: 518\/518;\" \/><\/p>\n","protected":false},"excerpt":{"rendered":"<p>Vi presenterar Zamp RZ-48Y Youth Carbon \u2013 marknadens l\u00e4ttaste gokarthj\u00e4lm f\u00f6r ungdomar Nya Zamp RZ-48Y Youth Carbon \u00e4r konstruerad f\u00f6r prestanda och komfort. Med en vikt p\u00e5 bara 1050 g +\/- \u00e4r det en av de l\u00e4ttaste gokarthj\u00e4lmarna f\u00f6r ungdomar p\u00e5 marknaden \u2013 det ultimata valet f\u00f6r unga f\u00f6rare som vill ha skydd i v\u00e4rldsklass [&hellip;]<\/p>\n","protected":false},"featured_media":63019,"comment_status":"open","ping_status":"closed","template":"","meta":{"_acf_changed":false,"_iconic_wsb_product_page_order_bump_ids":[[]],"_sku":["HE785C02"],"_iconic_wsb_product_page_bump_modal_ids":[[]]},"product_brand":[],"product_cat":[160,232,271,152],"product_tag":[],"class_list":{"0":"post-204753","1":"product","2":"type-product","3":"status-publish","4":"has-post-thumbnail","6":"product_cat-zamp-hjalmar","7":"product_cat-okategoriserade","8":"product_cat-ungdom-cmr-2016-sv","9":"product_cat-zamp-sv","11":"first","12":"instock","13":"taxable","14":"shipping-taxable","15":"purchasable","16":"product-type-variable"},"acf":[],"yoast_head":"<!-- This site is optimized with the Yoast SEO plugin v27.0 - https:\/\/yoast.com\/product\/yoast-seo-wordpress\/ -->\n<title>RZ 48 Youth Carbon Red - Zamp Helmets | Helmet 28 EU<\/title>\n<meta name=\"description\" content=\"Uppt\u00e4ck helt nya Zamp RZ-48Y Youth Carbon: en av de l\u00e4ttaste CMR2016-godk\u00e4nda gokarthj\u00e4lmarna med en vikt p\u00e5 bara 1050 g. Kolfiberskal och f\u00f6rstklassig passform.\" \/>\n<meta name=\"robots\" content=\"index, follow, max-snippet:-1, max-image-preview:large, max-video-preview:-1\" \/>\n<link rel=\"canonical\" href=\"https:\/\/zamphelmets.co\/sv\/produkt\/rz-48-youth-carbon-red\/\" \/>\n<meta property=\"og:locale\" content=\"sv_SE\" \/>\n<meta property=\"og:type\" content=\"article\" \/>\n<meta property=\"og:title\" content=\"RZ 48 Youth Carbon Red - Zamp Helmets | Helmet 28 EU\" \/>\n<meta property=\"og:description\" content=\"Uppt\u00e4ck helt nya Zamp RZ-48Y Youth Carbon: en av de l\u00e4ttaste CMR2016-godk\u00e4nda gokarthj\u00e4lmarna med en vikt p\u00e5 bara 1050 g. Kolfiberskal och f\u00f6rstklassig passform.\" \/>\n<meta property=\"og:url\" content=\"https:\/\/zamphelmets.co\/sv\/produkt\/rz-48-youth-carbon-red\/\" \/>\n<meta property=\"og:site_name\" content=\"Zamp Helmets | Helmet 28 EU\" \/>\n<meta property=\"og:image\" content=\"https:\/\/zamphelmets.co\/wp-content\/uploads\/2025\/05\/red.jpg\" \/>\n\t<meta property=\"og:image:width\" content=\"1000\" \/>\n\t<meta property=\"og:image:height\" content=\"1000\" \/>\n\t<meta property=\"og:image:type\" content=\"image\/jpeg\" \/>\n<meta name=\"twitter:card\" content=\"summary_large_image\" \/>\n<meta name=\"twitter:label1\" content=\"Est. reading time\" \/>\n\t<meta name=\"twitter:data1\" content=\"2 minuter\" \/>\n<script type=\"application\/ld+json\" class=\"yoast-schema-graph\">{\"@context\":\"https:\/\/schema.org\",\"@graph\":[{\"@type\":\"WebPage\",\"@id\":\"https:\/\/zamphelmets.co\/sv\/produkt\/rz-48-youth-carbon-red\/\",\"url\":\"https:\/\/zamphelmets.co\/sv\/produkt\/rz-48-youth-carbon-red\/\",\"name\":\"RZ 48 Youth Carbon Red - Zamp Helmets | Helmet 28 EU\",\"isPartOf\":{\"@id\":\"https:\/\/zamphelmets.co\/sv\/#website\"},\"primaryImageOfPage\":{\"@id\":\"https:\/\/zamphelmets.co\/sv\/produkt\/rz-48-youth-carbon-red\/#primaryimage\"},\"image\":{\"@id\":\"https:\/\/zamphelmets.co\/sv\/produkt\/rz-48-youth-carbon-red\/#primaryimage\"},\"thumbnailUrl\":\"https:\/\/zamphelmets.co\/wp-content\/uploads\/2025\/05\/red.jpg\",\"datePublished\":\"2025-05-14T11:49:55+00:00\",\"description\":\"Uppt\u00e4ck helt nya Zamp RZ-48Y Youth Carbon: en av de l\u00e4ttaste CMR2016-godk\u00e4nda gokarthj\u00e4lmarna med en vikt p\u00e5 bara 1050 g. Kolfiberskal och f\u00f6rstklassig passform.\",\"breadcrumb\":{\"@id\":\"https:\/\/zamphelmets.co\/sv\/produkt\/rz-48-youth-carbon-red\/#breadcrumb\"},\"inLanguage\":\"sv-SE\",\"potentialAction\":[{\"@type\":\"ReadAction\",\"target\":[\"https:\/\/zamphelmets.co\/sv\/produkt\/rz-48-youth-carbon-red\/\"]}]},{\"@type\":\"ImageObject\",\"inLanguage\":\"sv-SE\",\"@id\":\"https:\/\/zamphelmets.co\/sv\/produkt\/rz-48-youth-carbon-red\/#primaryimage\",\"url\":\"https:\/\/zamphelmets.co\/wp-content\/uploads\/2025\/05\/red.jpg\",\"contentUrl\":\"https:\/\/zamphelmets.co\/wp-content\/uploads\/2025\/05\/red.jpg\",\"width\":1000,\"height\":1000},{\"@type\":\"BreadcrumbList\",\"@id\":\"https:\/\/zamphelmets.co\/sv\/produkt\/rz-48-youth-carbon-red\/#breadcrumb\",\"itemListElement\":[{\"@type\":\"ListItem\",\"position\":1,\"name\":\"Butik\",\"item\":\"https:\/\/zamphelmets.co\/sv\/butik\/\"},{\"@type\":\"ListItem\",\"position\":2,\"name\":\"RZ 48 Youth Carbon Red\"}]},{\"@type\":\"WebSite\",\"@id\":\"https:\/\/zamphelmets.co\/sv\/#website\",\"url\":\"https:\/\/zamphelmets.co\/sv\/\",\"name\":\"Zamp Helmets | Helmet 28 EU\",\"description\":\"High Quality Motorsport Helmets\",\"potentialAction\":[{\"@type\":\"SearchAction\",\"target\":{\"@type\":\"EntryPoint\",\"urlTemplate\":\"https:\/\/zamphelmets.co\/sv\/?s={search_term_string}\"},\"query-input\":{\"@type\":\"PropertyValueSpecification\",\"valueRequired\":true,\"valueName\":\"search_term_string\"}}],\"inLanguage\":\"sv-SE\"}]}<\/script>\n<!-- \/ Yoast SEO plugin. -->","yoast_head_json":{"title":"RZ 48 Youth Carbon Red - Zamp Helmets | Helmet 28 EU","description":"Uppt\u00e4ck helt nya Zamp RZ-48Y Youth Carbon: en av de l\u00e4ttaste CMR2016-godk\u00e4nda gokarthj\u00e4lmarna med en vikt p\u00e5 bara 1050 g. Kolfiberskal och f\u00f6rstklassig passform.","robots":{"index":"index","follow":"follow","max-snippet":"max-snippet:-1","max-image-preview":"max-image-preview:large","max-video-preview":"max-video-preview:-1"},"canonical":"https:\/\/zamphelmets.co\/sv\/produkt\/rz-48-youth-carbon-red\/","og_locale":"sv_SE","og_type":"article","og_title":"RZ 48 Youth Carbon Red - Zamp Helmets | Helmet 28 EU","og_description":"Uppt\u00e4ck helt nya Zamp RZ-48Y Youth Carbon: en av de l\u00e4ttaste CMR2016-godk\u00e4nda gokarthj\u00e4lmarna med en vikt p\u00e5 bara 1050 g. Kolfiberskal och f\u00f6rstklassig passform.","og_url":"https:\/\/zamphelmets.co\/sv\/produkt\/rz-48-youth-carbon-red\/","og_site_name":"Zamp Helmets | Helmet 28 EU","og_image":[{"width":1000,"height":1000,"url":"https:\/\/zamphelmets.co\/wp-content\/uploads\/2025\/05\/red.jpg","type":"image\/jpeg"}],"twitter_card":"summary_large_image","twitter_misc":{"Est. reading time":"2 minuter"},"schema":{"@context":"https:\/\/schema.org","@graph":[{"@type":"WebPage","@id":"https:\/\/zamphelmets.co\/sv\/produkt\/rz-48-youth-carbon-red\/","url":"https:\/\/zamphelmets.co\/sv\/produkt\/rz-48-youth-carbon-red\/","name":"RZ 48 Youth Carbon Red - Zamp Helmets | Helmet 28 EU","isPartOf":{"@id":"https:\/\/zamphelmets.co\/sv\/#website"},"primaryImageOfPage":{"@id":"https:\/\/zamphelmets.co\/sv\/produkt\/rz-48-youth-carbon-red\/#primaryimage"},"image":{"@id":"https:\/\/zamphelmets.co\/sv\/produkt\/rz-48-youth-carbon-red\/#primaryimage"},"thumbnailUrl":"https:\/\/zamphelmets.co\/wp-content\/uploads\/2025\/05\/red.jpg","datePublished":"2025-05-14T11:49:55+00:00","description":"Uppt\u00e4ck helt nya Zamp RZ-48Y Youth Carbon: en av de l\u00e4ttaste CMR2016-godk\u00e4nda gokarthj\u00e4lmarna med en vikt p\u00e5 bara 1050 g. Kolfiberskal och f\u00f6rstklassig passform.","breadcrumb":{"@id":"https:\/\/zamphelmets.co\/sv\/produkt\/rz-48-youth-carbon-red\/#breadcrumb"},"inLanguage":"sv-SE","potentialAction":[{"@type":"ReadAction","target":["https:\/\/zamphelmets.co\/sv\/produkt\/rz-48-youth-carbon-red\/"]}]},{"@type":"ImageObject","inLanguage":"sv-SE","@id":"https:\/\/zamphelmets.co\/sv\/produkt\/rz-48-youth-carbon-red\/#primaryimage","url":"https:\/\/zamphelmets.co\/wp-content\/uploads\/2025\/05\/red.jpg","contentUrl":"https:\/\/zamphelmets.co\/wp-content\/uploads\/2025\/05\/red.jpg","width":1000,"height":1000},{"@type":"BreadcrumbList","@id":"https:\/\/zamphelmets.co\/sv\/produkt\/rz-48-youth-carbon-red\/#breadcrumb","itemListElement":[{"@type":"ListItem","position":1,"name":"Butik","item":"https:\/\/zamphelmets.co\/sv\/butik\/"},{"@type":"ListItem","position":2,"name":"RZ 48 Youth Carbon Red"}]},{"@type":"WebSite","@id":"https:\/\/zamphelmets.co\/sv\/#website","url":"https:\/\/zamphelmets.co\/sv\/","name":"Zamp Helmets | Helmet 28 EU","description":"High Quality Motorsport Helmets","potentialAction":[{"@type":"SearchAction","target":{"@type":"EntryPoint","urlTemplate":"https:\/\/zamphelmets.co\/sv\/?s={search_term_string}"},"query-input":{"@type":"PropertyValueSpecification","valueRequired":true,"valueName":"search_term_string"}}],"inLanguage":"sv-SE"}]}},"_links":{"self":[{"href":"https:\/\/zamphelmets.co\/sv\/wp-json\/wp\/v2\/product\/204753","targetHints":{"allow":["GET"]}}],"collection":[{"href":"https:\/\/zamphelmets.co\/sv\/wp-json\/wp\/v2\/product"}],"about":[{"href":"https:\/\/zamphelmets.co\/sv\/wp-json\/wp\/v2\/types\/product"}],"replies":[{"embeddable":true,"href":"https:\/\/zamphelmets.co\/sv\/wp-json\/wp\/v2\/comments?post=204753"}],"wp:featuredmedia":[{"embeddable":true,"href":"https:\/\/zamphelmets.co\/sv\/wp-json\/wp\/v2\/media\/63019"}],"wp:attachment":[{"href":"https:\/\/zamphelmets.co\/sv\/wp-json\/wp\/v2\/media?parent=204753"}],"wp:term":[{"taxonomy":"product_brand","embeddable":true,"href":"https:\/\/zamphelmets.co\/sv\/wp-json\/wp\/v2\/product_brand?post=204753"},{"taxonomy":"product_cat","embeddable":true,"href":"https:\/\/zamphelmets.co\/sv\/wp-json\/wp\/v2\/product_cat?post=204753"},{"taxonomy":"product_tag","embeddable":true,"href":"https:\/\/zamphelmets.co\/sv\/wp-json\/wp\/v2\/product_tag?post=204753"}],"curies":[{"name":"wp","href":"https:\/\/api.w.org\/{rel}","templated":true}]}}