{"id":204471,"date":"2025-10-29T15:14:10","date_gmt":"2025-10-29T15:14:10","guid":{"rendered":"https:\/\/zamphelmets.co\/product\/rz-67d-carbon-rod\/"},"modified":"2026-03-03T10:56:13","modified_gmt":"2026-03-03T10:56:13","slug":"rz-67d-carbon-rod","status":"publish","type":"product","link":"https:\/\/zamphelmets.co\/sv\/produkt\/rz-67d-carbon-rod\/","title":{"rendered":"RZ 67D Carbon R\u00f6d"},"content":{"rendered":"<p>Den helt nya <strong data-start=\"336\" data-end=\"351\">Zamp RZ-67D<\/strong> s\u00e4tter en ny standard f\u00f6r premiumhj\u00e4lmar f\u00f6r dirt racing \u2013 specialbyggd f\u00f6r f\u00f6rare som kr\u00e4ver elitkomfort, \u00f6verl\u00e4gset luftfl\u00f6de och kompromissl\u00f6s prestanda \u00e4ven i de tuffaste t\u00e4vlingsmilj\u00f6erna. Designad med avancerad ventilation, dammresistent skydd och Zamps mest innovativa luftsystem hittills, h\u00e5ller RZ-67D dig sval, klar och fokuserad fr\u00e5n start till m\u00e5l. <\/p>\n<p><b> Nyckelfunktioner:<\/b><\/p>\n<ul>\n<li style=\"font-weight: 400;\" aria-level=\"1\"><b>DDAIR-SYSTEM<\/b><span style=\"font-weight: 400;\"> \u2013 Ny <\/span><b>360\u00b0 luftkanalisering med dubbla densiteter<\/b><span style=\"font-weight: 400;\"> f\u00f6r \u00f6verl\u00e4gsen forcerad luftkylning<\/span><\/li>\n<li style=\"font-weight: 400;\" aria-level=\"1\"><b>Skal i grov kolfiberkomposit<\/b><span style=\"font-weight: 400;\"> \u2013 Ultral\u00e4tt &amp; h\u00e5llbart<\/span><\/li>\n<li style=\"font-weight: 400;\" aria-level=\"1\"><b>28 Series f\u00e4rgmatchad inredning<\/b><span style=\"font-weight: 400;\"> \u2013 Premium f\u00e4rgkoordinerat plysch, avtagbart, tv\u00e4ttbart, flams\u00e4kert kronfoder och kindkuddar<\/span><\/li>\n<li style=\"font-weight: 400;\" aria-level=\"1\"><b>Dubbla hakgardiner<\/b><span style=\"font-weight: 400;\"> \u2013 Extra skydd, minskar damm &amp; imma<\/span><\/li>\n<li style=\"font-weight: 400;\" aria-level=\"1\"><b>Avancerad aerodynamik<\/b><span style=\"font-weight: 400;\"> \u2013 Stor fr\u00e4mre nedre spoiler, justerbar bakre spoiler ing\u00e5r <\/span> <\/li>\n<li style=\"font-weight: 400;\" aria-level=\"1\"><b>Toppluftsystem<\/b><span style=\"font-weight: 400;\"> \u2013 F\u00f6rinstallerade g\u00e4ngor f\u00f6r enkel installation av toppluft <\/span> <\/li>\n<li style=\"font-weight: 400;\" aria-level=\"1\"><b>Z-20 Series klart imfritt visir<\/b><span style=\"font-weight: 400;\"> \u2013 F\u00f6rinstallerat med dammt\u00e4tning och sp\u00e4nnande tear-off-stolpar<\/span><span style=\"font-weight: 400;\">, kompatibelt med 12,125&#8243; banana-style tear-offs eller Z Optics P208Z Tear Offs<\/span><\/li>\n<li style=\"font-weight: 400;\" aria-level=\"1\"><b>F\u00f6rberedd f\u00f6r v\u00e4tskesystem<\/b><span style=\"font-weight: 400;\"> \u2013 Inbyggd port f\u00f6r v\u00e4tskesystem i hakpartiet<\/span><\/li>\n<li style=\"font-weight: 400;\" aria-level=\"1\"><b>F\u00f6rberedd f\u00f6r ljud<\/b><span style=\"font-weight: 400;\"> \u2013 F\u00f6rinstallerade h\u00f6rlurar f\u00f6r kommunikationsintegration<\/span><\/li>\n<li style=\"font-weight: 400;\" aria-level=\"1\"><b>M6-inl\u00e4gg<\/b><span style=\"font-weight: 400;\"> \u2013 Kompatibel med Head &amp; Neck Restraint<\/span><\/li>\n<li style=\"font-weight: 400;\" aria-level=\"1\"><b>Snell SA2025-godk\u00e4nd<\/b><\/li>\n<\/ul>\n<p>Som vanligt inom motorsport varierar v\u00e5ra storlekar beroende p\u00e5 hj\u00e4lmmodell. Mer information om hur du v\u00e4ljer r\u00e4tt storlek p\u00e5 hj\u00e4lmen finns <a href=\"https:\/\/zamphelmets.eu\/how-to-select-the-correct-helmet-size\/\">h\u00e4r<\/a>.<\/p>\n<p><a href=\"https:\/\/zamphelmets.eu\/homologation-explained\/\"><strong>Homologering f\u00f6rklarad<\/strong> \u2013 ta reda p\u00e5 vilken homologering du beh\u00f6ver<\/a><\/p>\n<p><a href=\"https:\/\/zamphelmets.eu\/hans-posts-hans-and-fhr-devices\/\"><strong>FHR-\/HANS-enhet<\/strong> \u2013 n\u00e4r kr\u00e4vs den?<\/a><\/p>\n<p><img decoding=\"async\" class=\"alignnone wp-image-15017 lazyload\" data-src=\"https:\/\/zamphelmets.eu\/wp-content\/uploads\/2025\/06\/Zamp-Helmets-sizing-guide-4166-x-4166-px-600x600-1.png\" alt=\"\" width=\"437\" height=\"437\" src=\"data:image\/svg+xml;base64,PHN2ZyB3aWR0aD0iMSIgaGVpZ2h0PSIxIiB4bWxucz0iaHR0cDovL3d3dy53My5vcmcvMjAwMC9zdmciPjwvc3ZnPg==\" style=\"--smush-placeholder-width: 437px; --smush-placeholder-aspect-ratio: 437\/437;\"><\/p>\n","protected":false},"excerpt":{"rendered":"<p>Den helt nya Zamp RZ-67D s\u00e4tter en ny standard f\u00f6r premiumhj\u00e4lmar f\u00f6r dirt racing \u2013 specialbyggd f\u00f6r f\u00f6rare som kr\u00e4ver elitkomfort, \u00f6verl\u00e4gset luftfl\u00f6de och kompromissl\u00f6s prestanda \u00e4ven i de tuffaste t\u00e4vlingsmilj\u00f6erna. Designad med avancerad ventilation, dammresistent skydd och Zamps mest innovativa luftsystem hittills, h\u00e5ller RZ-67D dig sval, klar och fokuserad fr\u00e5n start till m\u00e5l. Nyckelfunktioner: [&hellip;]<\/p>\n","protected":false},"featured_media":137920,"comment_status":"open","ping_status":"closed","template":"","meta":{"_acf_changed":false,"_iconic_wsb_product_page_order_bump_ids":[[]],"_sku":[],"_iconic_wsb_product_page_bump_modal_ids":[[]]},"product_brand":[],"product_cat":[160,232,464,152],"product_tag":[],"class_list":{"0":"post-204471","1":"product","2":"type-product","3":"status-publish","4":"has-post-thumbnail","6":"product_cat-zamp-hjalmar","7":"product_cat-okategoriserade","8":"product_cat-snell-2025","9":"product_cat-zamp-sv","11":"first","12":"onbackorder","13":"taxable","14":"shipping-taxable","15":"purchasable","16":"product-type-variable"},"acf":[],"yoast_head":"<!-- This site is optimized with the Yoast SEO plugin v27.0 - https:\/\/yoast.com\/product\/yoast-seo-wordpress\/ -->\n<title>RZ 67D Carbon R\u00f6d - Zamp Helmets | Helmet 28 EU<\/title>\n<meta name=\"description\" content=\"Zamp RZ-67D hj\u00e4lm \u2013 skal i kolfiberkomposit, DDAIR-SYSTEM luftfl\u00f6de, dubbla hakgardiner, f\u00f6rberedd f\u00f6r v\u00e4tskesystem och Snell SA2025-certifierad.\" \/>\n<meta name=\"robots\" content=\"index, follow, max-snippet:-1, max-image-preview:large, max-video-preview:-1\" \/>\n<link rel=\"canonical\" href=\"https:\/\/zamphelmets.co\/sv\/produkt\/rz-67d-carbon-rod\/\" \/>\n<meta property=\"og:locale\" content=\"sv_SE\" \/>\n<meta property=\"og:type\" content=\"article\" \/>\n<meta property=\"og:title\" content=\"RZ 67D Carbon R\u00f6d - Zamp Helmets | Helmet 28 EU\" \/>\n<meta property=\"og:description\" content=\"Zamp RZ-67D hj\u00e4lm \u2013 skal i kolfiberkomposit, DDAIR-SYSTEM luftfl\u00f6de, dubbla hakgardiner, f\u00f6rberedd f\u00f6r v\u00e4tskesystem och Snell SA2025-certifierad.\" \/>\n<meta property=\"og:url\" content=\"https:\/\/zamphelmets.co\/sv\/produkt\/rz-67d-carbon-rod\/\" \/>\n<meta property=\"og:site_name\" content=\"Zamp Helmets | Helmet 28 EU\" \/>\n<meta property=\"article:modified_time\" content=\"2026-03-03T10:56:13+00:00\" \/>\n<meta property=\"og:image\" content=\"https:\/\/zamphelmets.co\/wp-content\/uploads\/2025\/10\/H781C02.jpg\" \/>\n\t<meta property=\"og:image:width\" content=\"1000\" \/>\n\t<meta property=\"og:image:height\" content=\"1000\" \/>\n\t<meta property=\"og:image:type\" content=\"image\/jpeg\" \/>\n<meta name=\"twitter:card\" content=\"summary_large_image\" \/>\n<meta name=\"twitter:label1\" content=\"Est. reading time\" \/>\n\t<meta name=\"twitter:data1\" content=\"1 minut\" \/>\n<script type=\"application\/ld+json\" class=\"yoast-schema-graph\">{\"@context\":\"https:\/\/schema.org\",\"@graph\":[{\"@type\":\"WebPage\",\"@id\":\"https:\/\/zamphelmets.co\/sv\/produkt\/rz-67d-carbon-rod\/\",\"url\":\"https:\/\/zamphelmets.co\/sv\/produkt\/rz-67d-carbon-rod\/\",\"name\":\"RZ 67D Carbon R\u00f6d - Zamp Helmets | Helmet 28 EU\",\"isPartOf\":{\"@id\":\"https:\/\/zamphelmets.co\/sv\/#website\"},\"primaryImageOfPage\":{\"@id\":\"https:\/\/zamphelmets.co\/sv\/produkt\/rz-67d-carbon-rod\/#primaryimage\"},\"image\":{\"@id\":\"https:\/\/zamphelmets.co\/sv\/produkt\/rz-67d-carbon-rod\/#primaryimage\"},\"thumbnailUrl\":\"https:\/\/zamphelmets.co\/wp-content\/uploads\/2025\/10\/H781C02.jpg\",\"datePublished\":\"2025-10-29T15:14:10+00:00\",\"dateModified\":\"2026-03-03T10:56:13+00:00\",\"description\":\"Zamp RZ-67D hj\u00e4lm \u2013 skal i kolfiberkomposit, DDAIR-SYSTEM luftfl\u00f6de, dubbla hakgardiner, f\u00f6rberedd f\u00f6r v\u00e4tskesystem och Snell SA2025-certifierad.\",\"breadcrumb\":{\"@id\":\"https:\/\/zamphelmets.co\/sv\/produkt\/rz-67d-carbon-rod\/#breadcrumb\"},\"inLanguage\":\"sv-SE\",\"potentialAction\":[{\"@type\":\"ReadAction\",\"target\":[\"https:\/\/zamphelmets.co\/sv\/produkt\/rz-67d-carbon-rod\/\"]}]},{\"@type\":\"ImageObject\",\"inLanguage\":\"sv-SE\",\"@id\":\"https:\/\/zamphelmets.co\/sv\/produkt\/rz-67d-carbon-rod\/#primaryimage\",\"url\":\"https:\/\/zamphelmets.co\/wp-content\/uploads\/2025\/10\/H781C02.jpg\",\"contentUrl\":\"https:\/\/zamphelmets.co\/wp-content\/uploads\/2025\/10\/H781C02.jpg\",\"width\":1000,\"height\":1000},{\"@type\":\"BreadcrumbList\",\"@id\":\"https:\/\/zamphelmets.co\/sv\/produkt\/rz-67d-carbon-rod\/#breadcrumb\",\"itemListElement\":[{\"@type\":\"ListItem\",\"position\":1,\"name\":\"Butik\",\"item\":\"https:\/\/zamphelmets.co\/sv\/butik\/\"},{\"@type\":\"ListItem\",\"position\":2,\"name\":\"RZ 67D Carbon R\u00f6d\"}]},{\"@type\":\"WebSite\",\"@id\":\"https:\/\/zamphelmets.co\/sv\/#website\",\"url\":\"https:\/\/zamphelmets.co\/sv\/\",\"name\":\"Zamp Helmets | Helmet 28 EU\",\"description\":\"High Quality Motorsport Helmets\",\"potentialAction\":[{\"@type\":\"SearchAction\",\"target\":{\"@type\":\"EntryPoint\",\"urlTemplate\":\"https:\/\/zamphelmets.co\/sv\/?s={search_term_string}\"},\"query-input\":{\"@type\":\"PropertyValueSpecification\",\"valueRequired\":true,\"valueName\":\"search_term_string\"}}],\"inLanguage\":\"sv-SE\"}]}<\/script>\n<!-- \/ Yoast SEO plugin. -->","yoast_head_json":{"title":"RZ 67D Carbon R\u00f6d - Zamp Helmets | Helmet 28 EU","description":"Zamp RZ-67D hj\u00e4lm \u2013 skal i kolfiberkomposit, DDAIR-SYSTEM luftfl\u00f6de, dubbla hakgardiner, f\u00f6rberedd f\u00f6r v\u00e4tskesystem och Snell SA2025-certifierad.","robots":{"index":"index","follow":"follow","max-snippet":"max-snippet:-1","max-image-preview":"max-image-preview:large","max-video-preview":"max-video-preview:-1"},"canonical":"https:\/\/zamphelmets.co\/sv\/produkt\/rz-67d-carbon-rod\/","og_locale":"sv_SE","og_type":"article","og_title":"RZ 67D Carbon R\u00f6d - Zamp Helmets | Helmet 28 EU","og_description":"Zamp RZ-67D hj\u00e4lm \u2013 skal i kolfiberkomposit, DDAIR-SYSTEM luftfl\u00f6de, dubbla hakgardiner, f\u00f6rberedd f\u00f6r v\u00e4tskesystem och Snell SA2025-certifierad.","og_url":"https:\/\/zamphelmets.co\/sv\/produkt\/rz-67d-carbon-rod\/","og_site_name":"Zamp Helmets | Helmet 28 EU","article_modified_time":"2026-03-03T10:56:13+00:00","og_image":[{"width":1000,"height":1000,"url":"https:\/\/zamphelmets.co\/wp-content\/uploads\/2025\/10\/H781C02.jpg","type":"image\/jpeg"}],"twitter_card":"summary_large_image","twitter_misc":{"Est. reading time":"1 minut"},"schema":{"@context":"https:\/\/schema.org","@graph":[{"@type":"WebPage","@id":"https:\/\/zamphelmets.co\/sv\/produkt\/rz-67d-carbon-rod\/","url":"https:\/\/zamphelmets.co\/sv\/produkt\/rz-67d-carbon-rod\/","name":"RZ 67D Carbon R\u00f6d - Zamp Helmets | Helmet 28 EU","isPartOf":{"@id":"https:\/\/zamphelmets.co\/sv\/#website"},"primaryImageOfPage":{"@id":"https:\/\/zamphelmets.co\/sv\/produkt\/rz-67d-carbon-rod\/#primaryimage"},"image":{"@id":"https:\/\/zamphelmets.co\/sv\/produkt\/rz-67d-carbon-rod\/#primaryimage"},"thumbnailUrl":"https:\/\/zamphelmets.co\/wp-content\/uploads\/2025\/10\/H781C02.jpg","datePublished":"2025-10-29T15:14:10+00:00","dateModified":"2026-03-03T10:56:13+00:00","description":"Zamp RZ-67D hj\u00e4lm \u2013 skal i kolfiberkomposit, DDAIR-SYSTEM luftfl\u00f6de, dubbla hakgardiner, f\u00f6rberedd f\u00f6r v\u00e4tskesystem och Snell SA2025-certifierad.","breadcrumb":{"@id":"https:\/\/zamphelmets.co\/sv\/produkt\/rz-67d-carbon-rod\/#breadcrumb"},"inLanguage":"sv-SE","potentialAction":[{"@type":"ReadAction","target":["https:\/\/zamphelmets.co\/sv\/produkt\/rz-67d-carbon-rod\/"]}]},{"@type":"ImageObject","inLanguage":"sv-SE","@id":"https:\/\/zamphelmets.co\/sv\/produkt\/rz-67d-carbon-rod\/#primaryimage","url":"https:\/\/zamphelmets.co\/wp-content\/uploads\/2025\/10\/H781C02.jpg","contentUrl":"https:\/\/zamphelmets.co\/wp-content\/uploads\/2025\/10\/H781C02.jpg","width":1000,"height":1000},{"@type":"BreadcrumbList","@id":"https:\/\/zamphelmets.co\/sv\/produkt\/rz-67d-carbon-rod\/#breadcrumb","itemListElement":[{"@type":"ListItem","position":1,"name":"Butik","item":"https:\/\/zamphelmets.co\/sv\/butik\/"},{"@type":"ListItem","position":2,"name":"RZ 67D Carbon R\u00f6d"}]},{"@type":"WebSite","@id":"https:\/\/zamphelmets.co\/sv\/#website","url":"https:\/\/zamphelmets.co\/sv\/","name":"Zamp Helmets | Helmet 28 EU","description":"High Quality Motorsport Helmets","potentialAction":[{"@type":"SearchAction","target":{"@type":"EntryPoint","urlTemplate":"https:\/\/zamphelmets.co\/sv\/?s={search_term_string}"},"query-input":{"@type":"PropertyValueSpecification","valueRequired":true,"valueName":"search_term_string"}}],"inLanguage":"sv-SE"}]}},"_links":{"self":[{"href":"https:\/\/zamphelmets.co\/sv\/wp-json\/wp\/v2\/product\/204471","targetHints":{"allow":["GET"]}}],"collection":[{"href":"https:\/\/zamphelmets.co\/sv\/wp-json\/wp\/v2\/product"}],"about":[{"href":"https:\/\/zamphelmets.co\/sv\/wp-json\/wp\/v2\/types\/product"}],"replies":[{"embeddable":true,"href":"https:\/\/zamphelmets.co\/sv\/wp-json\/wp\/v2\/comments?post=204471"}],"wp:featuredmedia":[{"embeddable":true,"href":"https:\/\/zamphelmets.co\/sv\/wp-json\/wp\/v2\/media\/137920"}],"wp:attachment":[{"href":"https:\/\/zamphelmets.co\/sv\/wp-json\/wp\/v2\/media?parent=204471"}],"wp:term":[{"taxonomy":"product_brand","embeddable":true,"href":"https:\/\/zamphelmets.co\/sv\/wp-json\/wp\/v2\/product_brand?post=204471"},{"taxonomy":"product_cat","embeddable":true,"href":"https:\/\/zamphelmets.co\/sv\/wp-json\/wp\/v2\/product_cat?post=204471"},{"taxonomy":"product_tag","embeddable":true,"href":"https:\/\/zamphelmets.co\/sv\/wp-json\/wp\/v2\/product_tag?post=204471"}],"curies":[{"name":"wp","href":"https:\/\/api.w.org\/{rel}","templated":true}]}}