{"id":203674,"date":"2025-05-14T11:50:07","date_gmt":"2025-05-14T11:50:07","guid":{"rendered":"https:\/\/zamphelmets.co\/product\/zamp-sticker-svart\/"},"modified":"2025-05-14T11:50:07","modified_gmt":"2025-05-14T11:50:07","slug":"zamp-sticker-svart","status":"publish","type":"product","link":"https:\/\/zamphelmets.co\/sv\/produkt\/zamp-sticker-svart\/","title":{"rendered":"Zamp Sticker Svart"},"content":{"rendered":"<p>L\u00e4gg till lite stil till din bil, kart, hj\u00e4lm eller vad du vill med den officiella Zamp Sticker Decal. L\u00e4tt att applicera och superh\u00e5llbar, Zamp-dekalen ser bra ut var du \u00e4n v\u00e4ljer att placera den. Visa ditt st\u00f6d f\u00f6r Team Zamp och f\u00e5 hela Race Day-looken.  <\/p>\n<p style=\"margin: 0cm; font-size: 16px; font-family: Aptos, sans-serif; font-style: normal; font-weight: 400; text-align: start; text-decoration: none;\"><span style=\"font-size: 15px;\">1 x svart <span style=\"font-size: 15px;\">klisterm\u00e4rke<\/span> 23,1 cm x 6,1 cm<\/span><\/p>\n<p style=\"margin: 0cm; font-size: 16px; font-family: Aptos, sans-serif; font-style: normal; font-weight: 400; text-align: start; text-decoration: none;\">\n<p>&nbsp;<\/p>\n","protected":false},"excerpt":{"rendered":"<p>L\u00e4gg till lite stil till din bil, kart, hj\u00e4lm eller vad du vill med den officiella Zamp Sticker Decal. L\u00e4tt att applicera och superh\u00e5llbar, Zamp-dekalen ser bra ut var du \u00e4n v\u00e4ljer att placera den. Visa ditt st\u00f6d f\u00f6r Team Zamp och f\u00e5 hela Race Day-looken. 1 x svart klisterm\u00e4rke 23,1 cm x 6,1 cm [&hellip;]<\/p>\n","protected":false},"featured_media":63082,"comment_status":"open","ping_status":"closed","template":"","meta":{"_acf_changed":false,"_iconic_wsb_product_page_order_bump_ids":[[]],"_sku":["ZSB"],"_iconic_wsb_product_page_bump_modal_ids":[[]]},"product_brand":[],"product_cat":[218,153],"product_tag":[],"class_list":{"0":"post-203674","1":"product","2":"type-product","3":"status-publish","4":"has-post-thumbnail","6":"product_cat-ovriga","7":"product_cat-tillbehor","9":"first","10":"instock","11":"taxable","12":"shipping-taxable","13":"purchasable","14":"product-type-simple"},"acf":[],"yoast_head":"<!-- This site is optimized with the Yoast SEO plugin v27.0 - https:\/\/yoast.com\/product\/yoast-seo-wordpress\/ -->\n<title>Zamp Sticker Svart - Zamp Helmets | Helmet 28 EU<\/title>\n<meta name=\"robots\" content=\"index, follow, max-snippet:-1, max-image-preview:large, max-video-preview:-1\" \/>\n<link rel=\"canonical\" href=\"https:\/\/zamphelmets.co\/sv\/produkt\/zamp-sticker-svart\/\" \/>\n<meta property=\"og:locale\" content=\"sv_SE\" \/>\n<meta property=\"og:type\" content=\"article\" \/>\n<meta property=\"og:title\" content=\"Zamp Sticker Svart - Zamp Helmets | Helmet 28 EU\" \/>\n<meta property=\"og:description\" content=\"L\u00e4gg till lite stil till din bil, kart, hj\u00e4lm eller vad du vill med den officiella Zamp Sticker Decal. L\u00e4tt att applicera och superh\u00e5llbar, Zamp-dekalen ser bra ut var du \u00e4n v\u00e4ljer att placera den. Visa ditt st\u00f6d f\u00f6r Team Zamp och f\u00e5 hela Race Day-looken. 1 x svart klisterm\u00e4rke 23,1 cm x 6,1 cm [&hellip;]\" \/>\n<meta property=\"og:url\" content=\"https:\/\/zamphelmets.co\/sv\/produkt\/zamp-sticker-svart\/\" \/>\n<meta property=\"og:site_name\" content=\"Zamp Helmets | Helmet 28 EU\" \/>\n<meta name=\"twitter:card\" content=\"summary_large_image\" \/>\n<script type=\"application\/ld+json\" class=\"yoast-schema-graph\">{\"@context\":\"https:\/\/schema.org\",\"@graph\":[{\"@type\":\"WebPage\",\"@id\":\"https:\/\/zamphelmets.co\/sv\/produkt\/zamp-sticker-svart\/\",\"url\":\"https:\/\/zamphelmets.co\/sv\/produkt\/zamp-sticker-svart\/\",\"name\":\"Zamp Sticker Svart - Zamp Helmets | Helmet 28 EU\",\"isPartOf\":{\"@id\":\"https:\/\/zamphelmets.co\/sv\/#website\"},\"primaryImageOfPage\":{\"@id\":\"https:\/\/zamphelmets.co\/sv\/produkt\/zamp-sticker-svart\/#primaryimage\"},\"image\":{\"@id\":\"https:\/\/zamphelmets.co\/sv\/produkt\/zamp-sticker-svart\/#primaryimage\"},\"thumbnailUrl\":\"https:\/\/zamphelmets.co\/wp-content\/uploads\/2025\/05\/a8f2d17bb4a7b6940beda5a3c5ea34749e199d94-pdf.jpg\",\"datePublished\":\"2025-05-14T11:50:07+00:00\",\"breadcrumb\":{\"@id\":\"https:\/\/zamphelmets.co\/sv\/produkt\/zamp-sticker-svart\/#breadcrumb\"},\"inLanguage\":\"sv-SE\",\"potentialAction\":[{\"@type\":\"ReadAction\",\"target\":[\"https:\/\/zamphelmets.co\/sv\/produkt\/zamp-sticker-svart\/\"]}]},{\"@type\":\"ImageObject\",\"inLanguage\":\"sv-SE\",\"@id\":\"https:\/\/zamphelmets.co\/sv\/produkt\/zamp-sticker-svart\/#primaryimage\",\"url\":\"https:\/\/zamphelmets.co\/wp-content\/uploads\/2025\/05\/a8f2d17bb4a7b6940beda5a3c5ea34749e199d94-pdf.jpg\",\"contentUrl\":\"https:\/\/zamphelmets.co\/wp-content\/uploads\/2025\/05\/a8f2d17bb4a7b6940beda5a3c5ea34749e199d94-pdf.jpg\"},{\"@type\":\"BreadcrumbList\",\"@id\":\"https:\/\/zamphelmets.co\/sv\/produkt\/zamp-sticker-svart\/#breadcrumb\",\"itemListElement\":[{\"@type\":\"ListItem\",\"position\":1,\"name\":\"Butik\",\"item\":\"https:\/\/zamphelmets.co\/sv\/butik\/\"},{\"@type\":\"ListItem\",\"position\":2,\"name\":\"Zamp Sticker Svart\"}]},{\"@type\":\"WebSite\",\"@id\":\"https:\/\/zamphelmets.co\/sv\/#website\",\"url\":\"https:\/\/zamphelmets.co\/sv\/\",\"name\":\"Zamp Helmets | Helmet 28 EU\",\"description\":\"High Quality Motorsport Helmets\",\"potentialAction\":[{\"@type\":\"SearchAction\",\"target\":{\"@type\":\"EntryPoint\",\"urlTemplate\":\"https:\/\/zamphelmets.co\/sv\/?s={search_term_string}\"},\"query-input\":{\"@type\":\"PropertyValueSpecification\",\"valueRequired\":true,\"valueName\":\"search_term_string\"}}],\"inLanguage\":\"sv-SE\"}]}<\/script>\n<!-- \/ Yoast SEO plugin. -->","yoast_head_json":{"title":"Zamp Sticker Svart - Zamp Helmets | Helmet 28 EU","robots":{"index":"index","follow":"follow","max-snippet":"max-snippet:-1","max-image-preview":"max-image-preview:large","max-video-preview":"max-video-preview:-1"},"canonical":"https:\/\/zamphelmets.co\/sv\/produkt\/zamp-sticker-svart\/","og_locale":"sv_SE","og_type":"article","og_title":"Zamp Sticker Svart - Zamp Helmets | Helmet 28 EU","og_description":"L\u00e4gg till lite stil till din bil, kart, hj\u00e4lm eller vad du vill med den officiella Zamp Sticker Decal. L\u00e4tt att applicera och superh\u00e5llbar, Zamp-dekalen ser bra ut var du \u00e4n v\u00e4ljer att placera den. Visa ditt st\u00f6d f\u00f6r Team Zamp och f\u00e5 hela Race Day-looken. 1 x svart klisterm\u00e4rke 23,1 cm x 6,1 cm [&hellip;]","og_url":"https:\/\/zamphelmets.co\/sv\/produkt\/zamp-sticker-svart\/","og_site_name":"Zamp Helmets | Helmet 28 EU","twitter_card":"summary_large_image","schema":{"@context":"https:\/\/schema.org","@graph":[{"@type":"WebPage","@id":"https:\/\/zamphelmets.co\/sv\/produkt\/zamp-sticker-svart\/","url":"https:\/\/zamphelmets.co\/sv\/produkt\/zamp-sticker-svart\/","name":"Zamp Sticker Svart - Zamp Helmets | Helmet 28 EU","isPartOf":{"@id":"https:\/\/zamphelmets.co\/sv\/#website"},"primaryImageOfPage":{"@id":"https:\/\/zamphelmets.co\/sv\/produkt\/zamp-sticker-svart\/#primaryimage"},"image":{"@id":"https:\/\/zamphelmets.co\/sv\/produkt\/zamp-sticker-svart\/#primaryimage"},"thumbnailUrl":"https:\/\/zamphelmets.co\/wp-content\/uploads\/2025\/05\/a8f2d17bb4a7b6940beda5a3c5ea34749e199d94-pdf.jpg","datePublished":"2025-05-14T11:50:07+00:00","breadcrumb":{"@id":"https:\/\/zamphelmets.co\/sv\/produkt\/zamp-sticker-svart\/#breadcrumb"},"inLanguage":"sv-SE","potentialAction":[{"@type":"ReadAction","target":["https:\/\/zamphelmets.co\/sv\/produkt\/zamp-sticker-svart\/"]}]},{"@type":"ImageObject","inLanguage":"sv-SE","@id":"https:\/\/zamphelmets.co\/sv\/produkt\/zamp-sticker-svart\/#primaryimage","url":"https:\/\/zamphelmets.co\/wp-content\/uploads\/2025\/05\/a8f2d17bb4a7b6940beda5a3c5ea34749e199d94-pdf.jpg","contentUrl":"https:\/\/zamphelmets.co\/wp-content\/uploads\/2025\/05\/a8f2d17bb4a7b6940beda5a3c5ea34749e199d94-pdf.jpg"},{"@type":"BreadcrumbList","@id":"https:\/\/zamphelmets.co\/sv\/produkt\/zamp-sticker-svart\/#breadcrumb","itemListElement":[{"@type":"ListItem","position":1,"name":"Butik","item":"https:\/\/zamphelmets.co\/sv\/butik\/"},{"@type":"ListItem","position":2,"name":"Zamp Sticker Svart"}]},{"@type":"WebSite","@id":"https:\/\/zamphelmets.co\/sv\/#website","url":"https:\/\/zamphelmets.co\/sv\/","name":"Zamp Helmets | Helmet 28 EU","description":"High Quality Motorsport Helmets","potentialAction":[{"@type":"SearchAction","target":{"@type":"EntryPoint","urlTemplate":"https:\/\/zamphelmets.co\/sv\/?s={search_term_string}"},"query-input":{"@type":"PropertyValueSpecification","valueRequired":true,"valueName":"search_term_string"}}],"inLanguage":"sv-SE"}]}},"_links":{"self":[{"href":"https:\/\/zamphelmets.co\/sv\/wp-json\/wp\/v2\/product\/203674","targetHints":{"allow":["GET"]}}],"collection":[{"href":"https:\/\/zamphelmets.co\/sv\/wp-json\/wp\/v2\/product"}],"about":[{"href":"https:\/\/zamphelmets.co\/sv\/wp-json\/wp\/v2\/types\/product"}],"replies":[{"embeddable":true,"href":"https:\/\/zamphelmets.co\/sv\/wp-json\/wp\/v2\/comments?post=203674"}],"wp:featuredmedia":[{"embeddable":true,"href":"https:\/\/zamphelmets.co\/sv\/wp-json\/wp\/v2\/media\/63082"}],"wp:attachment":[{"href":"https:\/\/zamphelmets.co\/sv\/wp-json\/wp\/v2\/media?parent=203674"}],"wp:term":[{"taxonomy":"product_brand","embeddable":true,"href":"https:\/\/zamphelmets.co\/sv\/wp-json\/wp\/v2\/product_brand?post=203674"},{"taxonomy":"product_cat","embeddable":true,"href":"https:\/\/zamphelmets.co\/sv\/wp-json\/wp\/v2\/product_cat?post=203674"},{"taxonomy":"product_tag","embeddable":true,"href":"https:\/\/zamphelmets.co\/sv\/wp-json\/wp\/v2\/product_tag?post=203674"}],"curies":[{"name":"wp","href":"https:\/\/api.w.org\/{rel}","templated":true}]}}