{"id":28412,"date":"2024-07-16T12:57:09","date_gmt":"2024-07-16T12:57:09","guid":{"rendered":"https:\/\/zamphelmets.co\/policy-for-integritet-och-cookies\/"},"modified":"2026-02-16T15:06:29","modified_gmt":"2026-02-16T15:06:29","slug":"policy-for-integritet-och-cookies","status":"publish","type":"page","link":"https:\/\/zamphelmets.co\/sv\/policy-for-integritet-och-cookies\/","title":{"rendered":"Policy f\u00f6r integritet och cookies"},"content":{"rendered":"<p>Vi \u00e4r fast beslutna att skydda v\u00e5ra webbplatsbes\u00f6kares och anv\u00e4ndares integritet; denna policy anger hur vi kommer att behandla dina personuppgifter.<br \/>\nDenna policy \u00e4r indelad i tre delar:<br \/>\n~ Del A ger information om v\u00e5r insamling och anv\u00e4ndning av personuppgifter;<br \/>\n~ Del B ger information om de cookies som anv\u00e4nds p\u00e5 denna webbplats; och<br \/>\n~ Del C inneh\u00e5ller information om oss (inklusive kontaktuppgifter).<br \/>\nGenom att anv\u00e4nda v\u00e5r webbplats och godk\u00e4nna denna policy samtycker du till v\u00e5r anv\u00e4ndning av cookies i enlighet med villkoren i denna policy.<br \/>\nDEL A: DIN PERSONLIGA INFORMATION<br \/>\n(1) Vilken information samlar vi in?<br \/>\nVi kan samla in, lagra och anv\u00e4nda f\u00f6ljande typer av personlig information:<br \/>\n(a) information om din dator och om dina bes\u00f6k p\u00e5 och anv\u00e4ndning av denna webbplats (inklusive din IP-adress, geografiska plats, webbl\u00e4sartyp och version, operativsystem, h\u00e4nvisningsk\u00e4lla, bes\u00f6ksl\u00e4ngd, sidvisningar och webbplatsnavigering);<br \/>\n(b) information som du l\u00e4mnar till oss i syfte att registrera dig hos oss, inklusive och registreringsinformation som l\u00e4mnats (namn, e-post, mobiltelefonnummer, fast telefonnummer, land, region, stad, stadsadress och gatuadress);<br \/>\n(d) information som du l\u00e4mnar till oss i syfte att prenumerera p\u00e5 v\u00e5ra webbplatstj\u00e4nster, e-postmeddelanden och\/eller nyhetsbrev;<br \/>\n(e) all annan information som du v\u00e4ljer att skicka till oss (till exempel via kontaktformul\u00e4ret);<br \/>\nInnan du l\u00e4mnar ut en annan persons personuppgifter till oss m\u00e5ste du inh\u00e4mta den personens samtycke till b\u00e5de utl\u00e4mnandet och behandlingen av personuppgifterna i enlighet med villkoren i denna policy.<br \/>\n(2) Anv\u00e4ndning av din personliga information<br \/>\nPersonlig information som skickas till oss via denna webbplats kommer att anv\u00e4ndas f\u00f6r de \u00e4ndam\u00e5l som anges i denna policy eller i relevanta delar av webbplatsen.<br \/>\nVi kan anv\u00e4nda din personliga information f\u00f6r att:<br \/>\n(a) administrera webbplatsen;<br \/>\n(b) f\u00f6rb\u00e4ttra din surfupplevelse genom att personanpassa webbplatsen;<br \/>\n(c) m\u00f6jligg\u00f6ra din anv\u00e4ndning av de tj\u00e4nster som finns tillg\u00e4ngliga p\u00e5 webbplatsen;<br \/>\n(d) skicka e-postmeddelanden till dig som du s\u00e4rskilt har beg\u00e4rt;<br \/>\n(e) skicka dig v\u00e5rt nyhetsbrev och andra marknadsf\u00f6ringsmeddelanden som r\u00f6r v\u00e5r verksamhet och som vi tror kan vara av intresse f\u00f6r dig, via e-post (du kan v\u00e4lja att avregistrera dig via l\u00e4nken l\u00e4ngst ned i v\u00e5ra nyhetsbrev);<br \/>\n(f) hantera f\u00f6rfr\u00e5gningar och klagom\u00e5l som g\u00f6rs av eller om dig i samband med webbplatsen;<br \/>\n(g) h\u00e5lla webbplatsen s\u00e4ker och f\u00f6rhindra bedr\u00e4geri;<br \/>\n(h) kontrollera efterlevnaden av de villkor som styr anv\u00e4ndningen av webbplatsen (inklusive \u00f6vervakning av privata meddelanden som skickas via v\u00e5r webbplats privata meddelandetj\u00e4nst);<br \/>\nOm du l\u00e4mnar personuppgifter f\u00f6r publicering p\u00e5 v\u00e5r webbplats kommer vi att publicera och p\u00e5 annat s\u00e4tt anv\u00e4nda dessa uppgifter i enlighet med den licens som du beviljar oss.<br \/>\nDina sekretessinst\u00e4llningar kan anv\u00e4ndas f\u00f6r att begr\u00e4nsa publiceringen av din information p\u00e5 webbplatsen.<br \/>\nVi kommer inte, utan ditt uttryckliga samtycke, att l\u00e4mna ut dina personuppgifter till tredje part f\u00f6r direktmarknadsf\u00f6ring.<br \/>\nAlla finansiella transaktioner som g\u00f6rs p\u00e5 v\u00e5r webbplats hanteras via v\u00e5r leverant\u00f6r av betalningstj\u00e4nster, PayPal eller Stripe. Du kan l\u00e4sa PayPals sekretesspolicy p\u00e5 www.paypal.com. Vi kommer att dela information med PayPal endast i den utstr\u00e4ckning som kr\u00e4vs f\u00f6r att behandla betalningar som du g\u00f6r via v\u00e5r webbplats, \u00e5terbetala s\u00e5dana betalningar och hantera klagom\u00e5l och fr\u00e5gor som r\u00f6r s\u00e5dana betalningar och \u00e5terbetalningar.<br \/>\n(3) Utl\u00e4mnande<br \/>\nVi kan l\u00e4mna ut din personliga information till n\u00e5gon av v\u00e5ra anst\u00e4llda, tj\u00e4nstem\u00e4n, agenter, leverant\u00f6rer eller underleverant\u00f6rer i den m\u00e5n det \u00e4r rimligt n\u00f6dv\u00e4ndigt f\u00f6r de syften som anges i denna policy.<br \/>\nVi kan komma att l\u00e4mna ut dina personuppgifter till n\u00e5gon medlem av v\u00e5r f\u00f6retagsgrupp (detta inneb\u00e4r v\u00e5ra dotterbolag, v\u00e5rt yttersta holdingbolag och alla dess dotterbolag) i den m\u00e5n det \u00e4r rimligt n\u00f6dv\u00e4ndigt f\u00f6r de syften som anges i denna policy.<br \/>\nD\u00e4rut\u00f6ver kan vi komma att l\u00e4mna ut dina personuppgifter:<br \/>\n(a) i den utstr\u00e4ckning som vi \u00e4r skyldiga att g\u00f6ra det enligt lag;<br \/>\n(b) i samband med p\u00e5g\u00e5ende eller framtida r\u00e4ttsliga f\u00f6rfaranden;<br \/>\n(c) f\u00f6r att fastst\u00e4lla, ut\u00f6va eller f\u00f6rsvara v\u00e5ra lagliga r\u00e4ttigheter (inklusive att tillhandah\u00e5lla information till andra i syfte att f\u00f6rebygga bedr\u00e4gerier och minska kreditrisken);<br \/>\n(d) till k\u00f6paren (eller tillt\u00e4nkt k\u00f6pare) av n\u00e5gon verksamhet eller tillg\u00e5ng som vi s\u00e4ljer (eller \u00f6verv\u00e4ger att s\u00e4lja); och<br \/>\n(e) till en person som vi rimligen tror kan ans\u00f6ka hos en domstol eller annan beh\u00f6rig myndighet om utl\u00e4mnande av dessa personuppgifter, om det enligt v\u00e5r rimliga uppfattning \u00e4r sannolikt att en s\u00e5dan domstol eller myndighet kommer att besluta om utl\u00e4mnande av dessa personuppgifter.<br \/>\nMed undantag f\u00f6r vad som anges i denna policy kommer vi inte att l\u00e4mna ut din information till tredje part.<br \/>\n(4) Internationella data\u00f6verf\u00f6ringar<br \/>\nInformation som vi samlar in kan lagras och behandlas i och \u00f6verf\u00f6ras mellan n\u00e5got av de l\u00e4nder d\u00e4r vi bedriver verksamhet f\u00f6r att g\u00f6ra det m\u00f6jligt f\u00f6r oss att anv\u00e4nda informationen i enlighet med denna policy.<br \/>\nInformation som du l\u00e4mnar kan komma att \u00f6verf\u00f6ras till l\u00e4nder som inte har dataskyddslagar som motsvarar de som g\u00e4ller inom det Europeiska ekonomiska samarbetsomr\u00e5det.<br \/>\nDessutom kommer personlig information som du skickar f\u00f6r publicering p\u00e5 webbplatsen att publiceras p\u00e5 internet och kan vara tillg\u00e4nglig via internet \u00f6ver hela v\u00e4rlden. Vi kan inte f\u00f6rhindra att s\u00e5dan information anv\u00e4nds eller missbrukas av andra.<br \/>\nDu samtycker uttryckligen till s\u00e5dana \u00f6verf\u00f6ringar av personuppgifter.<br \/>\n(5) S\u00e4kerhet f\u00f6r dina personuppgifter<br \/>\nVi kommer att vidta rimliga tekniska och organisatoriska f\u00f6rsiktighets\u00e5tg\u00e4rder f\u00f6r att f\u00f6rhindra f\u00f6rlust, missbruk eller \u00e4ndring av dina personuppgifter.<br \/>\nVi kommer att lagra alla personuppgifter som du tillhandah\u00e5ller p\u00e5 v\u00e5ra s\u00e4kra (l\u00f6senords- och brandv\u00e4ggsskyddade) servrar.<br \/>\nDu bekr\u00e4ftar att \u00f6verf\u00f6ring av information \u00f6ver internet i sig \u00e4r os\u00e4ker och att vi inte kan garantera s\u00e4kerheten f\u00f6r data som skickas \u00f6ver internet.<br \/>\nDu \u00e4r ansvarig f\u00f6r att h\u00e5lla ditt l\u00f6senord och andra inloggningsuppgifter konfidentiella. Vi kommer inte att be dig om ditt l\u00f6senord (f\u00f6rutom n\u00e4r du loggar in p\u00e5 webbplatsen).<x id=\"gid_6\"><\/x>(6) \u00c4ndringar av policyn<x id=\"gid_7\"><\/x>Vi kan uppdatera denna policy fr\u00e5n tid till annan genom att publicera en ny version p\u00e5 v\u00e5r webbplats. Du b\u00f6r kontrollera denna sida ibland f\u00f6r att s\u00e4kerst\u00e4lla att du \u00e4r n\u00f6jd med eventuella \u00e4ndringar.<x id=\"gid_8\"><\/x>(7) Dina r\u00e4ttigheter<x id=\"gid_9\"><\/x>Du kan instruera oss att f\u00f6rse dig med all personlig information som vi har om dig. Tillhandah\u00e5llande av s\u00e5dan information kommer att vara f\u00f6rem\u00e5l f\u00f6r:<x id=\"gid_10\"><\/x>(a) betalning av en avgift (f\u00f6r n\u00e4rvarande fastst\u00e4lld till 10 GBP); och<x id=\"gid_11\"><\/x>(b) tillhandah\u00e5llande av l\u00e4mpliga bevis p\u00e5 din identitet (f\u00f6r detta \u00e4ndam\u00e5l accepterar vi vanligtvis en fotokopia av ditt pass som \u00e4r certifierad av en advokat eller bank samt en originalkopia av en elr\u00e4kning som visar din nuvarande adress).<x id=\"gid_12\"><\/x>Vi kan h\u00e5lla inne s\u00e5dan personlig information i den utstr\u00e4ckning som till\u00e5ts enligt lag.<x id=\"gid_13\"><\/x>Du kan instruera oss att inte behandla din personliga information f\u00f6r marknadsf\u00f6rings\u00e4ndam\u00e5l.    I praktiken kommer du vanligtvis att antingen uttryckligen samtycka i f\u00f6rv\u00e4g till att vi anv\u00e4nder dina personuppgifter f\u00f6r marknadsf\u00f6rings\u00e4ndam\u00e5l, eller s\u00e5 kommer vi att ge dig m\u00f6jlighet att v\u00e4lja bort anv\u00e4ndningen av dina personuppgifter f\u00f6r marknadsf\u00f6rings\u00e4ndam\u00e5l.<br \/>\n(8) Tredje parts webbplatser<br \/>\nWebbplatsen inneh\u00e5ller l\u00e4nkar till andra webbplatser. Vi ansvarar inte f\u00f6r sekretesspolicyer eller praxis p\u00e5 tredje parts webbplatser.<x id=\"gid_2\"><\/x>(9) Uppdatering av information<x id=\"gid_3\"><\/x>V\u00e4nligen meddela oss om de personuppgifter som vi har om dig beh\u00f6ver korrigeras eller uppdateras (denna information kan uppdateras via din inloggningspanel).<x id=\"gid_4\"><\/x>DEL B: COOKIES<x id=\"gid_5\"><\/x>(10) Om cookies<x id=\"gid_6\"><\/x>En cookie \u00e4r en fil som inneh\u00e5ller en identifierare (en str\u00e4ng med bokst\u00e4ver och siffror) som skickas av en webbserver till en webbl\u00e4sare och lagras av webbl\u00e4saren.  Identifieraren skickas sedan tillbaka till servern varje g\u00e5ng webbl\u00e4saren beg\u00e4r en sida fr\u00e5n servern.<br \/>\nCookies kan anv\u00e4ndas av webbservrar f\u00f6r att identifiera och sp\u00e5ra anv\u00e4ndare n\u00e4r de navigerar p\u00e5 olika sidor p\u00e5 en webbplats och identifiera anv\u00e4ndare som \u00e5terv\u00e4nder till en webbplats.<br \/>\nCookies kan vara antingen &#8221;permanenta&#8221; cookies eller &#8221;sessionscookies&#8221;.<br \/>\nEn persistent cookie best\u00e5r av en textfil som skickas av en webbserver till en webbl\u00e4sare, som lagras av webbl\u00e4saren och f\u00f6rblir giltig till dess inst\u00e4llda utg\u00e5ngsdatum (om den inte raderas av anv\u00e4ndaren f\u00f6re utg\u00e5ngsdatumet).<br \/>\nEn sessionscookie, \u00e5 andra sidan, upph\u00f6r att g\u00e4lla i slutet av anv\u00e4ndarsessionen, n\u00e4r webbl\u00e4saren st\u00e4ngs.<br \/>\n(11) V\u00e5ra cookies<br \/>\nVi anv\u00e4nder b\u00e5de sessionscookies och permanenta cookies p\u00e5 denna webbplats.<br \/>\n(12) Cookies fr\u00e5n tredje part och analyscookies<br \/>\nN\u00e4r du anv\u00e4nder v\u00e5r webbplats kan du ocks\u00e5 f\u00e5 cookies fr\u00e5n tredje part.<br \/>\nV\u00e5ra annons\u00f6rer kan skicka cookies till dig. De kan anv\u00e4nda den information de f\u00e5r fr\u00e5n din anv\u00e4ndning av deras cookies:<br \/>\n(a) f\u00f6r att skapa en profil av din webbsurfning; och<br \/>\n(b) f\u00f6r att rikta in annonser som kan vara av s\u00e4rskilt intresse f\u00f6r dig.<br \/>\nDessutom anv\u00e4nder vi Google Analytics f\u00f6r att analysera anv\u00e4ndningen av denna webbplats. Google Analytics genererar statistisk och annan information om anv\u00e4ndningen av webbplatsen med hj\u00e4lp av cookies som lagras p\u00e5 anv\u00e4ndarnas datorer. Den information som genereras om v\u00e5r webbplats anv\u00e4nds f\u00f6r att skapa rapporter om anv\u00e4ndningen av webbplatsen. Google kommer att lagra denna information. Googles integritetspolicy finns tillg\u00e4nglig p\u00e5: http:\/\/www.google.com\/privacypolicy.html.<br \/>\nVi kan publicera intressebaserade annonser fr\u00e5n Google AdSense p\u00e5 v\u00e5r webbplats. Dessa skr\u00e4ddarsys av Google f\u00f6r att \u00e5terspegla dina intressen. F\u00f6r att fastst\u00e4lla dina intressen kommer Google att sp\u00e5ra ditt beteende p\u00e5 v\u00e5r webbplats och p\u00e5 andra webbplatser p\u00e5 webben med hj\u00e4lp av DART-cookien. Du kan visa, ta bort eller l\u00e4gga till intressekategorier som \u00e4r kopplade till din webbl\u00e4sare med hj\u00e4lp av Googles Ads Preference Manager, som finns p\u00e5: http:\/\/www.google.com\/ads\/preferences\/. Du kan v\u00e4lja bort AdSense partnern\u00e4tverkscookie p\u00e5: http:\/\/www.google.com\/privacy\/ads\/ eller genom att anv\u00e4nda NAI:s Network Advertising Initiative&#8217;s opt-out-mekanism f\u00f6r flera cookies p\u00e5: http:\/\/www.networkadvertising.org\/managing\/opt_out.asp. Dessa opt-out-mekanismer anv\u00e4nder dock cookies, och om du rensar bort cookies fr\u00e5n din webbl\u00e4sare kommer din opt-out inte att bibeh\u00e5llas. F\u00f6r att s\u00e4kerst\u00e4lla att en opt-out bibeh\u00e5lls med avseende p\u00e5 en viss webbl\u00e4sare b\u00f6r du anv\u00e4nda Googles webbl\u00e4sarplugin som finns p\u00e5: http:\/\/www.google.com\/ads\/preferences\/plugin.<br \/>\n(13) Cookies och personuppgifter<br \/>\nCookies inneh\u00e5ller ingen information som identifierar dig personligen, men personuppgifter som vi lagrar om dig kan l\u00e4nkas av oss till den information som lagras i och erh\u00e5lls fr\u00e5n cookies.<br \/>\n(14) Blockering av cookies<br \/>\nDe flesta webbl\u00e4sare till\u00e5ter dig att v\u00e4gra acceptera cookies. Till exempel:<br \/>\n(a) i Internet Explorer (version 9) kan du blockera cookies med hj\u00e4lp av inst\u00e4llningarna f\u00f6r \u00e5sidos\u00e4ttande av cookiehantering som finns tillg\u00e4ngliga genom att klicka p\u00e5 &#8221;Verktyg&#8221;, &#8221;Internetalternativ&#8221;, &#8221;Sekretess&#8221; och sedan &#8221;Avancerat&#8221;;<br \/>\n(b) i Firefox (version 16) kan du blockera alla cookies genom att klicka p\u00e5 &#8221;Verktyg&#8221;, &#8221;Alternativ&#8221;, &#8221;Sekretess&#8221;, v\u00e4lja &#8221;Anv\u00e4nd anpassade inst\u00e4llningar f\u00f6r historik&#8221; i rullgardinsmenyn och avmarkera &#8221;Acceptera cookies fr\u00e5n webbplatser&#8221;; och<br \/>\n(c) i Chrome (version 23) kan du blockera alla cookies genom att g\u00e5 till menyn &#8221;Anpassa och kontrollera&#8221; och klicka p\u00e5 &#8221;Inst\u00e4llningar&#8221;, &#8221;Visa avancerade inst\u00e4llningar&#8221; och &#8221;Inneh\u00e5llsinst\u00e4llningar&#8221; och sedan v\u00e4lja &#8221;Blockera webbplatser fr\u00e5n att spara data&#8221; under rubriken &#8221;Cookies&#8221;.<br \/>\nAtt blockera alla cookies kommer dock att ha en negativ inverkan p\u00e5 anv\u00e4ndbarheten av m\u00e5nga webbplatser.<br \/>\nOm du blockerar cookies kan det h\u00e4nda att du inte kan anv\u00e4nda alla funktioner p\u00e5 denna webbplats.<br \/>\n(15) Radera cookies<br \/>\nDu kan ocks\u00e5 radera cookies som redan finns lagrade p\u00e5 din dator. Till exempel:<br \/>\n(a) i Internet Explorer (version 9) m\u00e5ste du manuellt radera cookie-filer (du hittar instruktioner om hur du g\u00f6r detta p\u00e5 http:\/\/support.microsoft.com\/kb\/278835);<br \/>\n(b) i Firefox (version 16) kan du ta bort cookies genom att klicka p\u00e5 &#8221;Verktyg&#8221;, &#8221;Alternativ&#8221;, &#8221;Sekretess&#8221; och sedan &#8221;Visa cookies&#8221; och sedan klicka p\u00e5 &#8221;Ta bort alla cookies&#8221;; och<br \/>\n(c) i Chrome (version 23) kan du radera alla cookies genom att g\u00e5 till menyn &#8221;Anpassa och kontrollera&#8221; och klicka p\u00e5 &#8221;Inst\u00e4llningar&#8221;, &#8221;Visa avancerade inst\u00e4llningar&#8221; och &#8221;Rensa webbl\u00e4sardata&#8221; och sedan v\u00e4lja &#8221;Radera cookies och andra webbplats- och insticksprogramdata&#8221; innan du klickar p\u00e5 &#8221;Rensa webbl\u00e4sardata&#8221;.<br \/>\n\u00c5terigen kan detta ha en negativ inverkan p\u00e5 anv\u00e4ndbarheten hos m\u00e5nga webbplatser.<br \/>\nDEL C: V\u00c5RA UPPGIFTER<br \/>\n(16) Kontakta oss<br \/>\nDenna webbplats \u00e4gs och drivs av Helmet 28 LTD<br \/>\nOm du har n\u00e5gra fr\u00e5gor om v\u00e5ra cookies eller denna policy, v\u00e4nligen kontakta oss:<br \/>\n(a) via e-post till support@helmet28.com:<br \/>\n(b) per post till Helmet 28 LTD Clifton Square, Alderley Edge, Cheshire, SK9 7NW<\/p>\n","protected":false},"excerpt":{"rendered":"<p>Vi \u00e4r fast beslutna att skydda v\u00e5ra webbplatsbes\u00f6kares och anv\u00e4ndares integritet; denna policy anger hur vi kommer att behandla dina personuppgifter. Denna policy \u00e4r indelad i tre delar: ~ Del A ger information om v\u00e5r insamling och anv\u00e4ndning av personuppgifter; ~ Del B ger information om de cookies som anv\u00e4nds p\u00e5 denna webbplats; och ~ [&hellip;]<\/p>\n","protected":false},"author":1,"featured_media":0,"parent":0,"menu_order":0,"comment_status":"closed","ping_status":"closed","template":"templates\/fullwidth.php","meta":{"_acf_changed":false,"footnotes":""},"class_list":["post-28412","page","type-page","status-publish","hentry"],"acf":[],"yoast_head":"<!-- This site is optimized with the Yoast SEO plugin v27.0 - https:\/\/yoast.com\/product\/yoast-seo-wordpress\/ -->\n<title>Policy f\u00f6r integritet och cookies - Zamp Helmets | Helmet 28 EU<\/title>\n<meta name=\"robots\" content=\"index, follow, max-snippet:-1, max-image-preview:large, max-video-preview:-1\" \/>\n<link rel=\"canonical\" href=\"https:\/\/zamphelmets.co\/sv\/policy-for-integritet-och-cookies\/\" \/>\n<meta property=\"og:locale\" content=\"sv_SE\" \/>\n<meta property=\"og:type\" content=\"article\" \/>\n<meta property=\"og:title\" content=\"Policy f\u00f6r integritet och cookies - Zamp Helmets | Helmet 28 EU\" \/>\n<meta property=\"og:description\" content=\"Vi \u00e4r fast beslutna att skydda v\u00e5ra webbplatsbes\u00f6kares och anv\u00e4ndares integritet; denna policy anger hur vi kommer att behandla dina personuppgifter. Denna policy \u00e4r indelad i tre delar: ~ Del A ger information om v\u00e5r insamling och anv\u00e4ndning av personuppgifter; ~ Del B ger information om de cookies som anv\u00e4nds p\u00e5 denna webbplats; och ~ [&hellip;]\" \/>\n<meta property=\"og:url\" content=\"https:\/\/zamphelmets.co\/sv\/policy-for-integritet-och-cookies\/\" \/>\n<meta property=\"og:site_name\" content=\"Zamp Helmets | Helmet 28 EU\" \/>\n<meta property=\"article:modified_time\" content=\"2026-02-16T15:06:29+00:00\" \/>\n<meta name=\"twitter:card\" content=\"summary_large_image\" \/>\n<meta name=\"twitter:label1\" content=\"Est. reading time\" \/>\n\t<meta name=\"twitter:data1\" content=\"11 minuter\" \/>\n<script type=\"application\/ld+json\" class=\"yoast-schema-graph\">{\"@context\":\"https:\/\/schema.org\",\"@graph\":[{\"@type\":\"WebPage\",\"@id\":\"https:\/\/zamphelmets.co\/sv\/policy-for-integritet-och-cookies\/\",\"url\":\"https:\/\/zamphelmets.co\/sv\/policy-for-integritet-och-cookies\/\",\"name\":\"Policy f\u00f6r integritet och cookies - Zamp Helmets | Helmet 28 EU\",\"isPartOf\":{\"@id\":\"https:\/\/zamphelmets.co\/sv\/#website\"},\"datePublished\":\"2024-07-16T12:57:09+00:00\",\"dateModified\":\"2026-02-16T15:06:29+00:00\",\"inLanguage\":\"sv-SE\",\"potentialAction\":[{\"@type\":\"ReadAction\",\"target\":[\"https:\/\/zamphelmets.co\/sv\/policy-for-integritet-och-cookies\/\"]}]},{\"@type\":\"WebSite\",\"@id\":\"https:\/\/zamphelmets.co\/sv\/#website\",\"url\":\"https:\/\/zamphelmets.co\/sv\/\",\"name\":\"Zamp Helmets | Helmet 28 EU\",\"description\":\"High Quality Motorsport Helmets\",\"potentialAction\":[{\"@type\":\"SearchAction\",\"target\":{\"@type\":\"EntryPoint\",\"urlTemplate\":\"https:\/\/zamphelmets.co\/sv\/?s={search_term_string}\"},\"query-input\":{\"@type\":\"PropertyValueSpecification\",\"valueRequired\":true,\"valueName\":\"search_term_string\"}}],\"inLanguage\":\"sv-SE\"}]}<\/script>\n<!-- \/ Yoast SEO plugin. -->","yoast_head_json":{"title":"Policy f\u00f6r integritet och cookies - Zamp Helmets | Helmet 28 EU","robots":{"index":"index","follow":"follow","max-snippet":"max-snippet:-1","max-image-preview":"max-image-preview:large","max-video-preview":"max-video-preview:-1"},"canonical":"https:\/\/zamphelmets.co\/sv\/policy-for-integritet-och-cookies\/","og_locale":"sv_SE","og_type":"article","og_title":"Policy f\u00f6r integritet och cookies - Zamp Helmets | Helmet 28 EU","og_description":"Vi \u00e4r fast beslutna att skydda v\u00e5ra webbplatsbes\u00f6kares och anv\u00e4ndares integritet; denna policy anger hur vi kommer att behandla dina personuppgifter. Denna policy \u00e4r indelad i tre delar: ~ Del A ger information om v\u00e5r insamling och anv\u00e4ndning av personuppgifter; ~ Del B ger information om de cookies som anv\u00e4nds p\u00e5 denna webbplats; och ~ [&hellip;]","og_url":"https:\/\/zamphelmets.co\/sv\/policy-for-integritet-och-cookies\/","og_site_name":"Zamp Helmets | Helmet 28 EU","article_modified_time":"2026-02-16T15:06:29+00:00","twitter_card":"summary_large_image","twitter_misc":{"Est. reading time":"11 minuter"},"schema":{"@context":"https:\/\/schema.org","@graph":[{"@type":"WebPage","@id":"https:\/\/zamphelmets.co\/sv\/policy-for-integritet-och-cookies\/","url":"https:\/\/zamphelmets.co\/sv\/policy-for-integritet-och-cookies\/","name":"Policy f\u00f6r integritet och cookies - Zamp Helmets | Helmet 28 EU","isPartOf":{"@id":"https:\/\/zamphelmets.co\/sv\/#website"},"datePublished":"2024-07-16T12:57:09+00:00","dateModified":"2026-02-16T15:06:29+00:00","inLanguage":"sv-SE","potentialAction":[{"@type":"ReadAction","target":["https:\/\/zamphelmets.co\/sv\/policy-for-integritet-och-cookies\/"]}]},{"@type":"WebSite","@id":"https:\/\/zamphelmets.co\/sv\/#website","url":"https:\/\/zamphelmets.co\/sv\/","name":"Zamp Helmets | Helmet 28 EU","description":"High Quality Motorsport Helmets","potentialAction":[{"@type":"SearchAction","target":{"@type":"EntryPoint","urlTemplate":"https:\/\/zamphelmets.co\/sv\/?s={search_term_string}"},"query-input":{"@type":"PropertyValueSpecification","valueRequired":true,"valueName":"search_term_string"}}],"inLanguage":"sv-SE"}]}},"_links":{"self":[{"href":"https:\/\/zamphelmets.co\/sv\/wp-json\/wp\/v2\/pages\/28412","targetHints":{"allow":["GET"]}}],"collection":[{"href":"https:\/\/zamphelmets.co\/sv\/wp-json\/wp\/v2\/pages"}],"about":[{"href":"https:\/\/zamphelmets.co\/sv\/wp-json\/wp\/v2\/types\/page"}],"author":[{"embeddable":true,"href":"https:\/\/zamphelmets.co\/sv\/wp-json\/wp\/v2\/users\/1"}],"replies":[{"embeddable":true,"href":"https:\/\/zamphelmets.co\/sv\/wp-json\/wp\/v2\/comments?post=28412"}],"version-history":[{"count":1,"href":"https:\/\/zamphelmets.co\/sv\/wp-json\/wp\/v2\/pages\/28412\/revisions"}],"predecessor-version":[{"id":203594,"href":"https:\/\/zamphelmets.co\/sv\/wp-json\/wp\/v2\/pages\/28412\/revisions\/203594"}],"wp:attachment":[{"href":"https:\/\/zamphelmets.co\/sv\/wp-json\/wp\/v2\/media?parent=28412"}],"curies":[{"name":"wp","href":"https:\/\/api.w.org\/{rel}","templated":true}]}}