{"id":22347,"date":"2021-12-17T10:10:53","date_gmt":"2021-12-17T10:10:53","guid":{"rendered":"https:\/\/zamphelmets.co\/vinn-en-rz-59-matte-grey-hjalm\/"},"modified":"2021-12-17T10:10:53","modified_gmt":"2021-12-17T10:10:53","slug":"vinn-en-rz-59-matte-grey-hjalm","status":"publish","type":"page","link":"https:\/\/zamphelmets.co\/sv\/vinn-en-rz-59-matte-grey-hjalm\/","title":{"rendered":"Vinn en RZ-59 Matte Grey hj\u00e4lm!"},"content":{"rendered":"<p><strong>Vi har samarbetat med <a href=\"https:\/\/www.youtube.com\/channel\/UCkOKVH-H63P7yUbtbZ25yxw\">Tom Gear<\/a> f\u00f6r att ge dig chansen att vinna en <a href=\"https:\/\/zamphelmets.co\/sv\/produkt\/rz-59-matt-gra\/#description\">RZ-59 Matte Grey-hj\u00e4lm<\/a> OCH en gratis Zamp Cap!  <\/strong><\/p>\n<div class=\"klaviyo-form-WSmQDv\"><\/div>\n<p><img decoding=\"async\" class=\"alignleft lazyload\" data-src=\"https:\/\/zamphelmets.co\/wp-content\/uploads\/sites\/3\/2020\/08\/H77215F.jpg\" alt=\"RZ 59 Matte Grey racinghj\u00e4lm fr\u00e5n Zamp Helmets\" width=\"235\" height=\"235\" src=\"data:image\/svg+xml;base64,PHN2ZyB3aWR0aD0iMSIgaGVpZ2h0PSIxIiB4bWxucz0iaHR0cDovL3d3dy53My5vcmcvMjAwMC9zdmciPjwvc3ZnPg==\" style=\"--smush-placeholder-width: 235px; --smush-placeholder-aspect-ratio: 235\/235;\">Zamp <a href=\"https:\/\/zamphelmets.co\/sv\/produkt\/rz-59-matt-gra\/#description\">RZ-59 Matte Grey <\/a> kombinerar den senaste <a href=\"https:\/\/zamphelmets.co\/sv\/homologering-forklarad\/\">Snell SA2020-hj\u00e4lmtekniken<\/a> med kvalitetsdesign f\u00f6r att ge den <em>absolut mest prisv\u00e4rda hj\u00e4lmen p\u00e5 marknaden<\/em>!<\/p>\n<p>Den h\u00e4r modellen ger bra ventilation och komfort med en snygg och enkel design som g\u00f6r det l\u00e4ttare att h\u00e5lla sig sval och f\u00f6rhindra imma under extrema t\u00e4vlingsf\u00f6rh\u00e5llanden. <a href=\"https:\/\/zamphelmets.co\/sv\/produkt\/rz-59-matt-gra\/#description\">RZ-59<\/a> erbjuder en fantastisk passform, h\u00f6g finish och det mest konkurrenskraftiga priset som finns i branschen.<\/p>\n<p><em>F\u00f6r att delta, fyll bara i formul\u00e4ret ovan och h\u00e5ll sedan \u00f6gonen p\u00e5 dina e-postmeddelanden f\u00f6r att ta reda p\u00e5 om du har valts ut som den lyckliga vinnaren! Vinnaren tillk\u00e4nnages den 28 februari 2022.<\/em><\/p>\n<div class=\"klaviyo-form-WSmQDv\"><\/div>\n<div><\/div>\n","protected":false},"excerpt":{"rendered":"<p>Vi har samarbetat med Tom Gear f\u00f6r att ge dig chansen att vinna en RZ-59 Matte Grey-hj\u00e4lm OCH en gratis Zamp Cap! Zamp RZ-59 Matte Grey kombinerar den senaste Snell SA2020-hj\u00e4lmtekniken med kvalitetsdesign f\u00f6r att ge den absolut mest prisv\u00e4rda hj\u00e4lmen p\u00e5 marknaden! Den h\u00e4r modellen ger bra ventilation och komfort med en snygg och [&hellip;]<\/p>\n","protected":false},"author":2,"featured_media":0,"parent":0,"menu_order":0,"comment_status":"closed","ping_status":"closed","template":"","meta":{"_acf_changed":false,"footnotes":""},"class_list":["post-22347","page","type-page","status-publish","hentry"],"acf":[],"yoast_head":"<!-- This site is optimized with the Yoast SEO plugin v27.0 - https:\/\/yoast.com\/product\/yoast-seo-wordpress\/ -->\n<title>Vinn en RZ-59 Matte Grey hj\u00e4lm! - Zamp Helmets | Helmet 28 EU<\/title>\n<meta name=\"robots\" content=\"index, follow, max-snippet:-1, max-image-preview:large, max-video-preview:-1\" \/>\n<link rel=\"canonical\" href=\"https:\/\/zamphelmets.co\/sv\/vinn-en-rz-59-matte-grey-hjalm\/\" \/>\n<meta property=\"og:locale\" content=\"sv_SE\" \/>\n<meta property=\"og:type\" content=\"article\" \/>\n<meta property=\"og:title\" content=\"Vinn en RZ-59 Matte Grey hj\u00e4lm! - Zamp Helmets | Helmet 28 EU\" \/>\n<meta property=\"og:description\" content=\"Vi har samarbetat med Tom Gear f\u00f6r att ge dig chansen att vinna en RZ-59 Matte Grey-hj\u00e4lm OCH en gratis Zamp Cap! Zamp RZ-59 Matte Grey kombinerar den senaste Snell SA2020-hj\u00e4lmtekniken med kvalitetsdesign f\u00f6r att ge den absolut mest prisv\u00e4rda hj\u00e4lmen p\u00e5 marknaden! Den h\u00e4r modellen ger bra ventilation och komfort med en snygg och [&hellip;]\" \/>\n<meta property=\"og:url\" content=\"https:\/\/zamphelmets.co\/sv\/vinn-en-rz-59-matte-grey-hjalm\/\" \/>\n<meta property=\"og:site_name\" content=\"Zamp Helmets | Helmet 28 EU\" \/>\n<meta property=\"og:image\" content=\"https:\/\/zamphelmets.co\/wp-content\/uploads\/sites\/3\/2020\/08\/H77215F.jpg\" \/>\n<meta name=\"twitter:card\" content=\"summary_large_image\" \/>\n<meta name=\"twitter:label1\" content=\"Est. reading time\" \/>\n\t<meta name=\"twitter:data1\" content=\"1 minut\" \/>\n<script type=\"application\/ld+json\" class=\"yoast-schema-graph\">{\"@context\":\"https:\/\/schema.org\",\"@graph\":[{\"@type\":\"WebPage\",\"@id\":\"https:\/\/zamphelmets.co\/sv\/vinn-en-rz-59-matte-grey-hjalm\/\",\"url\":\"https:\/\/zamphelmets.co\/sv\/vinn-en-rz-59-matte-grey-hjalm\/\",\"name\":\"Vinn en RZ-59 Matte Grey hj\u00e4lm! - Zamp Helmets | Helmet 28 EU\",\"isPartOf\":{\"@id\":\"https:\/\/zamphelmets.co\/sv\/#website\"},\"primaryImageOfPage\":{\"@id\":\"https:\/\/zamphelmets.co\/sv\/vinn-en-rz-59-matte-grey-hjalm\/#primaryimage\"},\"image\":{\"@id\":\"https:\/\/zamphelmets.co\/sv\/vinn-en-rz-59-matte-grey-hjalm\/#primaryimage\"},\"thumbnailUrl\":\"https:\/\/zamphelmets.co\/wp-content\/uploads\/sites\/3\/2020\/08\/H77215F.jpg\",\"datePublished\":\"2021-12-17T10:10:53+00:00\",\"inLanguage\":\"sv-SE\",\"potentialAction\":[{\"@type\":\"ReadAction\",\"target\":[\"https:\/\/zamphelmets.co\/sv\/vinn-en-rz-59-matte-grey-hjalm\/\"]}]},{\"@type\":\"ImageObject\",\"inLanguage\":\"sv-SE\",\"@id\":\"https:\/\/zamphelmets.co\/sv\/vinn-en-rz-59-matte-grey-hjalm\/#primaryimage\",\"url\":\"https:\/\/zamphelmets.co\/wp-content\/uploads\/sites\/3\/2020\/08\/H77215F.jpg\",\"contentUrl\":\"https:\/\/zamphelmets.co\/wp-content\/uploads\/sites\/3\/2020\/08\/H77215F.jpg\"},{\"@type\":\"WebSite\",\"@id\":\"https:\/\/zamphelmets.co\/sv\/#website\",\"url\":\"https:\/\/zamphelmets.co\/sv\/\",\"name\":\"Zamp Helmets | Helmet 28 EU\",\"description\":\"High Quality Motorsport Helmets\",\"potentialAction\":[{\"@type\":\"SearchAction\",\"target\":{\"@type\":\"EntryPoint\",\"urlTemplate\":\"https:\/\/zamphelmets.co\/sv\/?s={search_term_string}\"},\"query-input\":{\"@type\":\"PropertyValueSpecification\",\"valueRequired\":true,\"valueName\":\"search_term_string\"}}],\"inLanguage\":\"sv-SE\"}]}<\/script>\n<!-- \/ Yoast SEO plugin. -->","yoast_head_json":{"title":"Vinn en RZ-59 Matte Grey hj\u00e4lm! - Zamp Helmets | Helmet 28 EU","robots":{"index":"index","follow":"follow","max-snippet":"max-snippet:-1","max-image-preview":"max-image-preview:large","max-video-preview":"max-video-preview:-1"},"canonical":"https:\/\/zamphelmets.co\/sv\/vinn-en-rz-59-matte-grey-hjalm\/","og_locale":"sv_SE","og_type":"article","og_title":"Vinn en RZ-59 Matte Grey hj\u00e4lm! - Zamp Helmets | Helmet 28 EU","og_description":"Vi har samarbetat med Tom Gear f\u00f6r att ge dig chansen att vinna en RZ-59 Matte Grey-hj\u00e4lm OCH en gratis Zamp Cap! Zamp RZ-59 Matte Grey kombinerar den senaste Snell SA2020-hj\u00e4lmtekniken med kvalitetsdesign f\u00f6r att ge den absolut mest prisv\u00e4rda hj\u00e4lmen p\u00e5 marknaden! Den h\u00e4r modellen ger bra ventilation och komfort med en snygg och [&hellip;]","og_url":"https:\/\/zamphelmets.co\/sv\/vinn-en-rz-59-matte-grey-hjalm\/","og_site_name":"Zamp Helmets | Helmet 28 EU","og_image":[{"url":"https:\/\/zamphelmets.co\/wp-content\/uploads\/sites\/3\/2020\/08\/H77215F.jpg","type":"","width":"","height":""}],"twitter_card":"summary_large_image","twitter_misc":{"Est. reading time":"1 minut"},"schema":{"@context":"https:\/\/schema.org","@graph":[{"@type":"WebPage","@id":"https:\/\/zamphelmets.co\/sv\/vinn-en-rz-59-matte-grey-hjalm\/","url":"https:\/\/zamphelmets.co\/sv\/vinn-en-rz-59-matte-grey-hjalm\/","name":"Vinn en RZ-59 Matte Grey hj\u00e4lm! - Zamp Helmets | Helmet 28 EU","isPartOf":{"@id":"https:\/\/zamphelmets.co\/sv\/#website"},"primaryImageOfPage":{"@id":"https:\/\/zamphelmets.co\/sv\/vinn-en-rz-59-matte-grey-hjalm\/#primaryimage"},"image":{"@id":"https:\/\/zamphelmets.co\/sv\/vinn-en-rz-59-matte-grey-hjalm\/#primaryimage"},"thumbnailUrl":"https:\/\/zamphelmets.co\/wp-content\/uploads\/sites\/3\/2020\/08\/H77215F.jpg","datePublished":"2021-12-17T10:10:53+00:00","inLanguage":"sv-SE","potentialAction":[{"@type":"ReadAction","target":["https:\/\/zamphelmets.co\/sv\/vinn-en-rz-59-matte-grey-hjalm\/"]}]},{"@type":"ImageObject","inLanguage":"sv-SE","@id":"https:\/\/zamphelmets.co\/sv\/vinn-en-rz-59-matte-grey-hjalm\/#primaryimage","url":"https:\/\/zamphelmets.co\/wp-content\/uploads\/sites\/3\/2020\/08\/H77215F.jpg","contentUrl":"https:\/\/zamphelmets.co\/wp-content\/uploads\/sites\/3\/2020\/08\/H77215F.jpg"},{"@type":"WebSite","@id":"https:\/\/zamphelmets.co\/sv\/#website","url":"https:\/\/zamphelmets.co\/sv\/","name":"Zamp Helmets | Helmet 28 EU","description":"High Quality Motorsport Helmets","potentialAction":[{"@type":"SearchAction","target":{"@type":"EntryPoint","urlTemplate":"https:\/\/zamphelmets.co\/sv\/?s={search_term_string}"},"query-input":{"@type":"PropertyValueSpecification","valueRequired":true,"valueName":"search_term_string"}}],"inLanguage":"sv-SE"}]}},"_links":{"self":[{"href":"https:\/\/zamphelmets.co\/sv\/wp-json\/wp\/v2\/pages\/22347","targetHints":{"allow":["GET"]}}],"collection":[{"href":"https:\/\/zamphelmets.co\/sv\/wp-json\/wp\/v2\/pages"}],"about":[{"href":"https:\/\/zamphelmets.co\/sv\/wp-json\/wp\/v2\/types\/page"}],"author":[{"embeddable":true,"href":"https:\/\/zamphelmets.co\/sv\/wp-json\/wp\/v2\/users\/2"}],"replies":[{"embeddable":true,"href":"https:\/\/zamphelmets.co\/sv\/wp-json\/wp\/v2\/comments?post=22347"}],"version-history":[{"count":0,"href":"https:\/\/zamphelmets.co\/sv\/wp-json\/wp\/v2\/pages\/22347\/revisions"}],"wp:attachment":[{"href":"https:\/\/zamphelmets.co\/sv\/wp-json\/wp\/v2\/media?parent=22347"}],"curies":[{"name":"wp","href":"https:\/\/api.w.org\/{rel}","templated":true}]}}