{"id":22168,"date":"2022-10-27T10:45:12","date_gmt":"2022-10-27T10:45:12","guid":{"rendered":"https:\/\/zamphelmets.co\/avkastning\/"},"modified":"2026-02-16T15:06:32","modified_gmt":"2026-02-16T15:06:32","slug":"avkastning","status":"publish","type":"page","link":"https:\/\/zamphelmets.co\/sv\/avkastning\/","title":{"rendered":"Avkastning"},"content":{"rendered":"<p>Vi str\u00e4var alltid efter att tillhandah\u00e5lla produkter av h\u00f6g kvalitet som \u00e4r felfria. Ibland kan det h\u00e4nda att du beh\u00f6ver returnera dina produkter till oss om de inte \u00e4r helt r\u00e4tt. S\u00e5 l\u00e4nge din produkt returneras i sitt ursprungliga skick <a href=\"https:\/\/zamphelmets.co\/sv\/villkor-och-anvisningar\/\"><br \/>\n  <strong>originalskick och originalf\u00f6rpackning<\/strong><br \/>\n<\/a> med ink\u00f6psbevis, kommer vi g\u00e4rna att byta eller \u00e5terbetala den \u00e5t dig. F\u00f6lj stegen nedan f\u00f6r att beg\u00e4ra en retur.<\/p>\n<h1><img decoding=\"async\" class=\"size-medium wp-image-6622 alignleft lazyload\" data-src=\"https:\/\/zamphelmets.co\/wp-content\/uploads\/2019\/11\/4-2-300x300.png\" alt=\"\" width=\"300\" height=\"300\" src=\"data:image\/svg+xml;base64,PHN2ZyB3aWR0aD0iMSIgaGVpZ2h0PSIxIiB4bWxucz0iaHR0cDovL3d3dy53My5vcmcvMjAwMC9zdmciPjwvc3ZnPg==\" style=\"--smush-placeholder-width: 300px; --smush-placeholder-aspect-ratio: 300\/300;\">1. Skicka in din returf\u00f6rfr\u00e5gan<\/h1>\n<p>Innan vi kan b\u00f6rja behandla din retur m\u00e5ste du <strong><a href=\"https:\/\/form.jotform.com\/222003849309352\">fylla i ett retur- och bytesformul\u00e4r H\u00c4R<\/a> <\/strong>. Denna beg\u00e4ran m\u00e5ste skickas in senast 14 dagar efter att din best\u00e4llning har mottagits.<\/p>\n<h1>2. Inv\u00e4nta bekr\u00e4ftelse p\u00e5 beg\u00e4ran om \u00e5terl\u00e4mnande<\/h1>\n<p>Vi str\u00e4var efter att besvara returf\u00f6rfr\u00e5gningar inom 1-2 arbetsdagar. N\u00e4r din <a href=\"https:\/\/form.jotform.com\/222003849309352\">beg\u00e4ran<\/a> har godk\u00e4nts av v\u00e5r kundtj\u00e4nst kommer du att f\u00e5 en bekr\u00e4ftelse via e-post. Om din <a href=\"https:\/\/form.jotform.com\/222003849309352\">beg\u00e4ran<\/a> har avslagits och du vill veta varf\u00f6r, v\u00e4nligen <g id=\"gid_2\">kontakta v\u00e5r kundtj\u00e4nst<\/g> direkt och ange ditt ordernummer. <\/p>\n<h1><img decoding=\"async\" class=\"size-medium wp-image-6597 alignright lazyload\" data-src=\"https:\/\/zamphelmets.co\/wp-content\/uploads\/2020\/01\/3-1-300x300.png\" alt=\"\" width=\"300\" height=\"300\" src=\"data:image\/svg+xml;base64,PHN2ZyB3aWR0aD0iMSIgaGVpZ2h0PSIxIiB4bWxucz0iaHR0cDovL3d3dy53My5vcmcvMjAwMC9zdmciPjwvc3ZnPg==\" style=\"--smush-placeholder-width: 300px; --smush-placeholder-aspect-ratio: 300\/300;\">3. Packa och skicka dina varor<\/h1>\n<p>N\u00e4r du har f\u00e5tt din returbekr\u00e4ftelse <strong>ska varorna returneras p\u00e5 ett s\u00e4kert s\u00e4tt i originalf\u00f6rpackningen f\u00f6r att f\u00f6rhindra transportskador och med alla originalhandlingar <\/strong>(faktura och f\u00f6ljesedel). Detta m\u00e5ste returneras inom 14 dagar efter att du har f\u00e5tt ditt returgodk\u00e4nnande.<\/p>\n<p>Varorna m\u00e5ste returneras i s\u00e4ljbart skick. Helmet 28 f\u00f6rbeh\u00e5ller sig r\u00e4tten att avvisa alla returanspr\u00e5k om varor returneras p\u00e5 ett &#8221;ol\u00e4mpligt s\u00e4tt&#8221;. Observera att detta inkluderar till\u00e4gg av tillbeh\u00f6r till hj\u00e4lmen. Om du har betalat f\u00f6r v\u00e5r tillbeh\u00f6rsmonteringstj\u00e4nst \u00e4r dessa artiklar inte ber\u00e4ttigade till retur, vilket framg\u00e5r av v\u00e5ra villkor.<\/p>\n<p><strong>Returneringsadress: Helmet 28 Returns, AteaLaan 36, Herentals, Belgien 2200<\/strong><\/p>\n<p>Om n\u00e5got av ovanst\u00e5ende villkor inte uppfylls vid retur av varor debiteras en \u00e5terst\u00e4llningsavgift p\u00e5 25 euro till dig som kund.<\/p>\n<h1>4. Ta emot din \u00e5terbetalning\/byte<\/h1>\n<p>N\u00e4r vi har tagit emot din vara p\u00e5 ett s\u00e4kert s\u00e4tt och kontrollerat att den \u00e4r i gott skick, g\u00f6r vi en \u00e5terbetalning eller skickar din ers\u00e4ttningsvara.<\/p>\n<p>&nbsp;<\/p>\n<p>F\u00f6r fullst\u00e4ndig information, bes\u00f6k v\u00e5r <a href=\"https:\/\/zamphelmets.co\/sv\/villkor-och-anvisningar\/\">sida med villkor och best\u00e4mmelser h\u00e4r<\/a>.<\/p>\n","protected":false},"excerpt":{"rendered":"<p>Vi str\u00e4var alltid efter att tillhandah\u00e5lla produkter av h\u00f6g kvalitet som \u00e4r felfria. Ibland kan det h\u00e4nda att du beh\u00f6ver returnera dina produkter till oss om de inte \u00e4r helt r\u00e4tt. S\u00e5 l\u00e4nge din produkt returneras i sitt ursprungliga skick originalskick och originalf\u00f6rpackning med ink\u00f6psbevis, kommer vi g\u00e4rna att byta eller \u00e5terbetala den \u00e5t dig. [&hellip;]<\/p>\n","protected":false},"author":2,"featured_media":17900,"parent":0,"menu_order":0,"comment_status":"closed","ping_status":"closed","template":"","meta":{"_acf_changed":false,"footnotes":""},"class_list":["post-22168","page","type-page","status-publish","has-post-thumbnail","hentry"],"acf":[],"yoast_head":"<!-- This site is optimized with the Yoast SEO plugin v27.0 - https:\/\/yoast.com\/product\/yoast-seo-wordpress\/ -->\n<title>Avkastning - Zamp Helmets | Helmet 28 EU<\/title>\n<meta name=\"description\" content=\"Ibland kan varor som levererats av oss beh\u00f6va returneras och s\u00e5dana returer styrs av dessa villkor och best\u00e4mmelser.\" \/>\n<meta name=\"robots\" content=\"index, follow, max-snippet:-1, max-image-preview:large, max-video-preview:-1\" \/>\n<link rel=\"canonical\" href=\"https:\/\/zamphelmets.co\/sv\/avkastning\/\" \/>\n<meta property=\"og:locale\" content=\"sv_SE\" \/>\n<meta property=\"og:type\" content=\"article\" \/>\n<meta property=\"og:title\" content=\"Avkastning - Zamp Helmets | Helmet 28 EU\" \/>\n<meta property=\"og:description\" content=\"Ibland kan varor som levererats av oss beh\u00f6va returneras och s\u00e5dana returer styrs av dessa villkor och best\u00e4mmelser.\" \/>\n<meta property=\"og:url\" content=\"https:\/\/zamphelmets.co\/sv\/avkastning\/\" \/>\n<meta property=\"og:site_name\" content=\"Zamp Helmets | Helmet 28 EU\" \/>\n<meta property=\"article:modified_time\" content=\"2026-02-16T15:06:32+00:00\" \/>\n<meta property=\"og:image\" content=\"https:\/\/zamphelmets.co\/wp-content\/uploads\/2022\/07\/IMG_6159-2.jpg\" \/>\n\t<meta property=\"og:image:width\" content=\"828\" \/>\n\t<meta property=\"og:image:height\" content=\"573\" \/>\n\t<meta property=\"og:image:type\" content=\"image\/jpeg\" \/>\n<meta name=\"twitter:card\" content=\"summary_large_image\" \/>\n<meta name=\"twitter:label1\" content=\"Est. reading time\" \/>\n\t<meta name=\"twitter:data1\" content=\"2 minuter\" \/>\n<script type=\"application\/ld+json\" class=\"yoast-schema-graph\">{\"@context\":\"https:\/\/schema.org\",\"@graph\":[{\"@type\":\"WebPage\",\"@id\":\"https:\/\/zamphelmets.co\/sv\/avkastning\/\",\"url\":\"https:\/\/zamphelmets.co\/sv\/avkastning\/\",\"name\":\"Avkastning - Zamp Helmets | Helmet 28 EU\",\"isPartOf\":{\"@id\":\"https:\/\/zamphelmets.co\/sv\/#website\"},\"primaryImageOfPage\":{\"@id\":\"https:\/\/zamphelmets.co\/sv\/avkastning\/#primaryimage\"},\"image\":{\"@id\":\"https:\/\/zamphelmets.co\/sv\/avkastning\/#primaryimage\"},\"thumbnailUrl\":\"https:\/\/zamphelmets.co\/wp-content\/uploads\/2022\/07\/IMG_6159-2.jpg\",\"datePublished\":\"2022-10-27T10:45:12+00:00\",\"dateModified\":\"2026-02-16T15:06:32+00:00\",\"description\":\"Ibland kan varor som levererats av oss beh\u00f6va returneras och s\u00e5dana returer styrs av dessa villkor och best\u00e4mmelser.\",\"inLanguage\":\"sv-SE\",\"potentialAction\":[{\"@type\":\"ReadAction\",\"target\":[\"https:\/\/zamphelmets.co\/sv\/avkastning\/\"]}]},{\"@type\":\"ImageObject\",\"inLanguage\":\"sv-SE\",\"@id\":\"https:\/\/zamphelmets.co\/sv\/avkastning\/#primaryimage\",\"url\":\"https:\/\/zamphelmets.co\/wp-content\/uploads\/2022\/07\/IMG_6159-2.jpg\",\"contentUrl\":\"https:\/\/zamphelmets.co\/wp-content\/uploads\/2022\/07\/IMG_6159-2.jpg\",\"width\":828,\"height\":573},{\"@type\":\"WebSite\",\"@id\":\"https:\/\/zamphelmets.co\/sv\/#website\",\"url\":\"https:\/\/zamphelmets.co\/sv\/\",\"name\":\"Zamp Helmets | Helmet 28 EU\",\"description\":\"High Quality Motorsport Helmets\",\"potentialAction\":[{\"@type\":\"SearchAction\",\"target\":{\"@type\":\"EntryPoint\",\"urlTemplate\":\"https:\/\/zamphelmets.co\/sv\/?s={search_term_string}\"},\"query-input\":{\"@type\":\"PropertyValueSpecification\",\"valueRequired\":true,\"valueName\":\"search_term_string\"}}],\"inLanguage\":\"sv-SE\"}]}<\/script>\n<!-- \/ Yoast SEO plugin. -->","yoast_head_json":{"title":"Avkastning - Zamp Helmets | Helmet 28 EU","description":"Ibland kan varor som levererats av oss beh\u00f6va returneras och s\u00e5dana returer styrs av dessa villkor och best\u00e4mmelser.","robots":{"index":"index","follow":"follow","max-snippet":"max-snippet:-1","max-image-preview":"max-image-preview:large","max-video-preview":"max-video-preview:-1"},"canonical":"https:\/\/zamphelmets.co\/sv\/avkastning\/","og_locale":"sv_SE","og_type":"article","og_title":"Avkastning - Zamp Helmets | Helmet 28 EU","og_description":"Ibland kan varor som levererats av oss beh\u00f6va returneras och s\u00e5dana returer styrs av dessa villkor och best\u00e4mmelser.","og_url":"https:\/\/zamphelmets.co\/sv\/avkastning\/","og_site_name":"Zamp Helmets | Helmet 28 EU","article_modified_time":"2026-02-16T15:06:32+00:00","og_image":[{"width":828,"height":573,"url":"https:\/\/zamphelmets.co\/wp-content\/uploads\/2022\/07\/IMG_6159-2.jpg","type":"image\/jpeg"}],"twitter_card":"summary_large_image","twitter_misc":{"Est. reading time":"2 minuter"},"schema":{"@context":"https:\/\/schema.org","@graph":[{"@type":"WebPage","@id":"https:\/\/zamphelmets.co\/sv\/avkastning\/","url":"https:\/\/zamphelmets.co\/sv\/avkastning\/","name":"Avkastning - Zamp Helmets | Helmet 28 EU","isPartOf":{"@id":"https:\/\/zamphelmets.co\/sv\/#website"},"primaryImageOfPage":{"@id":"https:\/\/zamphelmets.co\/sv\/avkastning\/#primaryimage"},"image":{"@id":"https:\/\/zamphelmets.co\/sv\/avkastning\/#primaryimage"},"thumbnailUrl":"https:\/\/zamphelmets.co\/wp-content\/uploads\/2022\/07\/IMG_6159-2.jpg","datePublished":"2022-10-27T10:45:12+00:00","dateModified":"2026-02-16T15:06:32+00:00","description":"Ibland kan varor som levererats av oss beh\u00f6va returneras och s\u00e5dana returer styrs av dessa villkor och best\u00e4mmelser.","inLanguage":"sv-SE","potentialAction":[{"@type":"ReadAction","target":["https:\/\/zamphelmets.co\/sv\/avkastning\/"]}]},{"@type":"ImageObject","inLanguage":"sv-SE","@id":"https:\/\/zamphelmets.co\/sv\/avkastning\/#primaryimage","url":"https:\/\/zamphelmets.co\/wp-content\/uploads\/2022\/07\/IMG_6159-2.jpg","contentUrl":"https:\/\/zamphelmets.co\/wp-content\/uploads\/2022\/07\/IMG_6159-2.jpg","width":828,"height":573},{"@type":"WebSite","@id":"https:\/\/zamphelmets.co\/sv\/#website","url":"https:\/\/zamphelmets.co\/sv\/","name":"Zamp Helmets | Helmet 28 EU","description":"High Quality Motorsport Helmets","potentialAction":[{"@type":"SearchAction","target":{"@type":"EntryPoint","urlTemplate":"https:\/\/zamphelmets.co\/sv\/?s={search_term_string}"},"query-input":{"@type":"PropertyValueSpecification","valueRequired":true,"valueName":"search_term_string"}}],"inLanguage":"sv-SE"}]}},"_links":{"self":[{"href":"https:\/\/zamphelmets.co\/sv\/wp-json\/wp\/v2\/pages\/22168","targetHints":{"allow":["GET"]}}],"collection":[{"href":"https:\/\/zamphelmets.co\/sv\/wp-json\/wp\/v2\/pages"}],"about":[{"href":"https:\/\/zamphelmets.co\/sv\/wp-json\/wp\/v2\/types\/page"}],"author":[{"embeddable":true,"href":"https:\/\/zamphelmets.co\/sv\/wp-json\/wp\/v2\/users\/2"}],"replies":[{"embeddable":true,"href":"https:\/\/zamphelmets.co\/sv\/wp-json\/wp\/v2\/comments?post=22168"}],"version-history":[{"count":1,"href":"https:\/\/zamphelmets.co\/sv\/wp-json\/wp\/v2\/pages\/22168\/revisions"}],"predecessor-version":[{"id":203597,"href":"https:\/\/zamphelmets.co\/sv\/wp-json\/wp\/v2\/pages\/22168\/revisions\/203597"}],"wp:featuredmedia":[{"embeddable":true,"href":"https:\/\/zamphelmets.co\/sv\/wp-json\/wp\/v2\/media\/17900"}],"wp:attachment":[{"href":"https:\/\/zamphelmets.co\/sv\/wp-json\/wp\/v2\/media?parent=22168"}],"curies":[{"name":"wp","href":"https:\/\/api.w.org\/{rel}","templated":true}]}}