{"id":22166,"date":"2023-12-21T10:17:19","date_gmt":"2023-12-21T10:17:19","guid":{"rendered":"https:\/\/zamphelmets.co\/betalningsmetoder\/"},"modified":"2023-12-21T10:17:19","modified_gmt":"2023-12-21T10:17:19","slug":"betalningsmetoder","status":"publish","type":"page","link":"https:\/\/zamphelmets.co\/sv\/betalningsmetoder\/","title":{"rendered":"Betalningsmetoder"},"content":{"rendered":"<p>Vi har flera s\u00e4tt f\u00f6r dig att betala f\u00f6r din best\u00e4llning p\u00e5 Zamp Helmets EU. Se nedan f\u00f6r mer information om dina betalningsalternativ:<\/p>\n<h2>Betala med kort  <img decoding=\"async\" class=\"alignnone wp-image-8747 lazyload\" style=\"--smush-placeholder-width: 68px; --smush-placeholder-aspect-ratio: 68\/38;font-size: 16px;\" data-src=\"https:\/\/zamphelmets.co\/wp-content\/uploads\/2023\/12\/visa-logo-800x450-1-300x169.jpg\" alt=\"\" width=\"68\" height=\"38\" data-srcset=\"https:\/\/zamphelmets.co\/wp-content\/uploads\/2023\/12\/visa-logo-800x450-1-300x169.jpg 300w, https:\/\/zamphelmets.co\/wp-content\/uploads\/2023\/12\/visa-logo-800x450-1-768x432.jpg 768w, https:\/\/zamphelmets.co\/wp-content\/uploads\/2023\/12\/visa-logo-800x450-1-600x338.jpg 600w, https:\/\/zamphelmets.co\/wp-content\/uploads\/2023\/12\/visa-logo-800x450-1.jpg 800w\" data-sizes=\"(max-width: 68px) 100vw, 68px\" src=\"data:image\/svg+xml;base64,PHN2ZyB3aWR0aD0iMSIgaGVpZ2h0PSIxIiB4bWxucz0iaHR0cDovL3d3dy53My5vcmcvMjAwMC9zdmciPjwvc3ZnPg==\" \/><img decoding=\"async\" class=\"alignnone wp-image-8749 lazyload\" data-src=\"https:\/\/zamphelmets.co\/wp-content\/uploads\/2023\/12\/mastercard-og-image-e1703153294945-300x193.png\" alt=\"\" width=\"44\" height=\"28\" data-srcset=\"https:\/\/zamphelmets.co\/wp-content\/uploads\/2023\/12\/mastercard-og-image-e1703153294945-300x193.png 300w, https:\/\/zamphelmets.co\/wp-content\/uploads\/2023\/12\/mastercard-og-image-e1703153294945-1024x659.png 1024w, https:\/\/zamphelmets.co\/wp-content\/uploads\/2023\/12\/mastercard-og-image-e1703153294945-768x494.png 768w, https:\/\/zamphelmets.co\/wp-content\/uploads\/2023\/12\/mastercard-og-image-e1703153294945-1536x989.png 1536w, https:\/\/zamphelmets.co\/wp-content\/uploads\/2023\/12\/mastercard-og-image-e1703153294945-2048x1318.png 2048w, https:\/\/zamphelmets.co\/wp-content\/uploads\/2023\/12\/mastercard-og-image-e1703153294945-600x386.png 600w\" data-sizes=\"(max-width: 44px) 100vw, 44px\" src=\"data:image\/svg+xml;base64,PHN2ZyB3aWR0aD0iMSIgaGVpZ2h0PSIxIiB4bWxucz0iaHR0cDovL3d3dy53My5vcmcvMjAwMC9zdmciPjwvc3ZnPg==\" style=\"--smush-placeholder-width: 44px; --smush-placeholder-aspect-ratio: 44\/28;\" \/><\/h2>\n<p>Ange bara dina kortuppgifter i kassan s\u00e5 hanteras din transaktion s\u00e4kert med Stripe.<\/p>\n<h2>Revolut betala  <img decoding=\"async\" class=\"alignnone wp-image-8750 lazyload\" data-src=\"https:\/\/zamphelmets.co\/wp-content\/uploads\/2023\/12\/Revolut-Symbol-e1703153388116-255x300.png\" alt=\"\" width=\"25\" height=\"29\" data-srcset=\"https:\/\/zamphelmets.co\/wp-content\/uploads\/2023\/12\/Revolut-Symbol-e1703153388116-255x300.png 255w, https:\/\/zamphelmets.co\/wp-content\/uploads\/2023\/12\/Revolut-Symbol-e1703153388116.png 382w\" data-sizes=\"(max-width: 25px) 100vw, 25px\" src=\"data:image\/svg+xml;base64,PHN2ZyB3aWR0aD0iMSIgaGVpZ2h0PSIxIiB4bWxucz0iaHR0cDovL3d3dy53My5vcmcvMjAwMC9zdmciPjwvc3ZnPg==\" style=\"--smush-placeholder-width: 25px; --smush-placeholder-aspect-ratio: 25\/29;\" \/><\/h2>\n<p>En popul\u00e4r betalningsmetod f\u00f6r dem som vill f\u00e5 cashback och undvika extra avgifter med ett Revolut-kort och -konto.<\/p>\n<h2>SOFORT  <img decoding=\"async\" class=\"alignnone wp-image-8751 lazyload\" data-src=\"https:\/\/zamphelmets.co\/wp-content\/uploads\/2023\/12\/sofort-logo1-300x120.webp\" alt=\"\" width=\"90\" height=\"36\" data-srcset=\"https:\/\/zamphelmets.co\/wp-content\/uploads\/2023\/12\/sofort-logo1-300x120.webp 300w, https:\/\/zamphelmets.co\/wp-content\/uploads\/2023\/12\/sofort-logo1.webp 400w\" data-sizes=\"(max-width: 90px) 100vw, 90px\" src=\"data:image\/svg+xml;base64,PHN2ZyB3aWR0aD0iMSIgaGVpZ2h0PSIxIiB4bWxucz0iaHR0cDovL3d3dy53My5vcmcvMjAwMC9zdmciPjwvc3ZnPg==\" style=\"--smush-placeholder-width: 90px; --smush-placeholder-aspect-ratio: 90\/36;\" \/><\/h2>\n<p>Sofort, \u00e4ven k\u00e4nt som Pay Now, g\u00f6r det m\u00f6jligt f\u00f6r dig att snabbt och enkelt betala dina ink\u00f6p p\u00e5 n\u00e4tet med hj\u00e4lp av dina bankuppgifter p\u00e5 n\u00e4tet.<\/p>\n<h2>iDeal  <img decoding=\"async\" class=\"alignnone wp-image-8752 lazyload\" data-src=\"https:\/\/zamphelmets.co\/wp-content\/uploads\/2023\/12\/1687139-300x300.png\" alt=\"\" width=\"47\" height=\"47\" data-srcset=\"https:\/\/zamphelmets.co\/wp-content\/uploads\/2023\/12\/1687139-300x300.png 300w, https:\/\/zamphelmets.co\/wp-content\/uploads\/2023\/12\/1687139-150x150.png 150w, https:\/\/zamphelmets.co\/wp-content\/uploads\/2023\/12\/1687139-100x100.png 100w, https:\/\/zamphelmets.co\/wp-content\/uploads\/2023\/12\/1687139.png 512w\" data-sizes=\"(max-width: 47px) 100vw, 47px\" src=\"data:image\/svg+xml;base64,PHN2ZyB3aWR0aD0iMSIgaGVpZ2h0PSIxIiB4bWxucz0iaHR0cDovL3d3dy53My5vcmcvMjAwMC9zdmciPjwvc3ZnPg==\" style=\"--smush-placeholder-width: 47px; --smush-placeholder-aspect-ratio: 47\/47;\" \/><\/h2>\n<p>iDEAL \u00e4r en nederl\u00e4ndsk betalningsmetod som g\u00f6r det m\u00f6jligt f\u00f6r kunder att genomf\u00f6ra transaktioner online med hj\u00e4lp av sina bankuppgifter. Alla st\u00f6rre nederl\u00e4ndska banker \u00e4r medlemmar i Currence, det system som driver iDEAL, vilket g\u00f6r det till den mest popul\u00e4ra betalningsmetoden online i Nederl\u00e4nderna.<\/p>\n<h2>Klarna &#8211; K\u00f6p nu, betala senare  <img decoding=\"async\" class=\"alignnone wp-image-8753 lazyload\" data-src=\"https:\/\/zamphelmets.co\/wp-content\/uploads\/2023\/12\/1280px-Klarna_Payment_Badge.svg_-300x167.png\" alt=\"\" width=\"60\" height=\"33\" data-srcset=\"https:\/\/zamphelmets.co\/wp-content\/uploads\/2023\/12\/1280px-Klarna_Payment_Badge.svg_-300x167.png 300w, https:\/\/zamphelmets.co\/wp-content\/uploads\/2023\/12\/1280px-Klarna_Payment_Badge.svg_-1024x570.png 1024w, https:\/\/zamphelmets.co\/wp-content\/uploads\/2023\/12\/1280px-Klarna_Payment_Badge.svg_-768x427.png 768w, https:\/\/zamphelmets.co\/wp-content\/uploads\/2023\/12\/1280px-Klarna_Payment_Badge.svg_-600x334.png 600w, https:\/\/zamphelmets.co\/wp-content\/uploads\/2023\/12\/1280px-Klarna_Payment_Badge.svg_.png 1280w\" data-sizes=\"(max-width: 60px) 100vw, 60px\" src=\"data:image\/svg+xml;base64,PHN2ZyB3aWR0aD0iMSIgaGVpZ2h0PSIxIiB4bWxucz0iaHR0cDovL3d3dy53My5vcmcvMjAwMC9zdmciPjwvc3ZnPg==\" style=\"--smush-placeholder-width: 60px; --smush-placeholder-aspect-ratio: 60\/33;\" \/><\/h2>\n<p>Med Klarna kan du handla nu och betala senare hos alla dina favoritbutiker. Dela upp k\u00f6pet i 3 enkla och hanterbara delbetalningar.<\/p>\n<h2>PayPal  <img decoding=\"async\" class=\"alignnone wp-image-8754 lazyload\" data-src=\"https:\/\/zamphelmets.co\/wp-content\/uploads\/2023\/12\/PayPal_Logo_Icon_2014.svg_-244x300.png\" alt=\"\" width=\"26\" height=\"32\" data-srcset=\"https:\/\/zamphelmets.co\/wp-content\/uploads\/2023\/12\/PayPal_Logo_Icon_2014.svg_-244x300.png 244w, https:\/\/zamphelmets.co\/wp-content\/uploads\/2023\/12\/PayPal_Logo_Icon_2014.svg_-832x1024.png 832w, https:\/\/zamphelmets.co\/wp-content\/uploads\/2023\/12\/PayPal_Logo_Icon_2014.svg_-768x945.png 768w, https:\/\/zamphelmets.co\/wp-content\/uploads\/2023\/12\/PayPal_Logo_Icon_2014.svg_-1248x1536.png 1248w, https:\/\/zamphelmets.co\/wp-content\/uploads\/2023\/12\/PayPal_Logo_Icon_2014.svg_-600x738.png 600w, https:\/\/zamphelmets.co\/wp-content\/uploads\/2023\/12\/PayPal_Logo_Icon_2014.svg_.png 1664w\" data-sizes=\"(max-width: 26px) 100vw, 26px\" src=\"data:image\/svg+xml;base64,PHN2ZyB3aWR0aD0iMSIgaGVpZ2h0PSIxIiB4bWxucz0iaHR0cDovL3d3dy53My5vcmcvMjAwMC9zdmciPjwvc3ZnPg==\" style=\"--smush-placeholder-width: 26px; --smush-placeholder-aspect-ratio: 26\/32;\" \/><\/h2>\n<p>Med PayPal kan du p\u00e5 ett s\u00e4kert s\u00e4tt g\u00f6ra betalningar till privatpersoner eller f\u00f6retag \u00f6ver hela v\u00e4rlden. Du beh\u00f6ver inte ange dina bankuppgifter, logga bara in p\u00e5 ditt PayPal-konto i kassan och k\u00f6p med ett klick p\u00e5 en knapp.<\/p>\n<h2>SEPA direktdebitering  <img decoding=\"async\" class=\"alignnone wp-image-8755 lazyload\" data-src=\"https:\/\/zamphelmets.co\/wp-content\/uploads\/2023\/12\/sepa1593-e1703153654243-300x298.jpg\" alt=\"\" width=\"45\" height=\"45\" data-srcset=\"https:\/\/zamphelmets.co\/wp-content\/uploads\/2023\/12\/sepa1593-e1703153654243-300x300.jpg 300w, https:\/\/zamphelmets.co\/wp-content\/uploads\/2023\/12\/sepa1593-e1703153654243-150x150.jpg 150w, https:\/\/zamphelmets.co\/wp-content\/uploads\/2023\/12\/sepa1593-e1703153654243-100x100.jpg 100w, https:\/\/zamphelmets.co\/wp-content\/uploads\/2023\/12\/sepa1593-e1703153654243.jpg 499w\" data-sizes=\"(max-width: 45px) 100vw, 45px\" src=\"data:image\/svg+xml;base64,PHN2ZyB3aWR0aD0iMSIgaGVpZ2h0PSIxIiB4bWxucz0iaHR0cDovL3d3dy53My5vcmcvMjAwMC9zdmciPjwvc3ZnPg==\" style=\"--smush-placeholder-width: 45px; --smush-placeholder-aspect-ratio: 45\/45;\" \/><\/h2>\n<p>SEPA Direct Debit \u00e4r ett paneuropeiskt autogirosystem som g\u00f6r det m\u00f6jligt f\u00f6r handlare att ta emot betalningar i euro fr\u00e5n konton i de 34 SEPA-l\u00e4nderna.<\/p>\n<h2>Bancontact  <img decoding=\"async\" class=\"alignnone wp-image-8756 lazyload\" data-src=\"https:\/\/zamphelmets.co\/wp-content\/uploads\/2023\/12\/1280px-Bancontact_logo.svg_-300x213.png\" alt=\"\" width=\"61\" height=\"43\" data-srcset=\"https:\/\/zamphelmets.co\/wp-content\/uploads\/2023\/12\/1280px-Bancontact_logo.svg_-300x213.png 300w, https:\/\/zamphelmets.co\/wp-content\/uploads\/2023\/12\/1280px-Bancontact_logo.svg_-1024x726.png 1024w, https:\/\/zamphelmets.co\/wp-content\/uploads\/2023\/12\/1280px-Bancontact_logo.svg_-768x544.png 768w, https:\/\/zamphelmets.co\/wp-content\/uploads\/2023\/12\/1280px-Bancontact_logo.svg_-600x425.png 600w, https:\/\/zamphelmets.co\/wp-content\/uploads\/2023\/12\/1280px-Bancontact_logo.svg_.png 1280w\" data-sizes=\"(max-width: 61px) 100vw, 61px\" src=\"data:image\/svg+xml;base64,PHN2ZyB3aWR0aD0iMSIgaGVpZ2h0PSIxIiB4bWxucz0iaHR0cDovL3d3dy53My5vcmcvMjAwMC9zdmciPjwvc3ZnPg==\" style=\"--smush-placeholder-width: 61px; --smush-placeholder-aspect-ratio: 61\/43;\" \/><\/h2>\n<p>Kunderna anv\u00e4nder ett Bancontact-kort eller en mobilapp kopplad till ett belgiskt bankkonto f\u00f6r att g\u00f6ra onlinebetalningar som \u00e4r s\u00e4kra, garanterade och bekr\u00e4ftade omedelbart.<\/p>\n<h2>Giropay  <img decoding=\"async\" class=\"alignnone wp-image-8757 lazyload\" data-src=\"https:\/\/zamphelmets.co\/wp-content\/uploads\/2023\/12\/1200px-Giropay.svg_-300x139.png\" alt=\"\" width=\"52\" height=\"24\" data-srcset=\"https:\/\/zamphelmets.co\/wp-content\/uploads\/2023\/12\/1200px-Giropay.svg_-300x139.png 300w, https:\/\/zamphelmets.co\/wp-content\/uploads\/2023\/12\/1200px-Giropay.svg_-1024x473.png 1024w, https:\/\/zamphelmets.co\/wp-content\/uploads\/2023\/12\/1200px-Giropay.svg_-768x355.png 768w, https:\/\/zamphelmets.co\/wp-content\/uploads\/2023\/12\/1200px-Giropay.svg_-600x277.png 600w, https:\/\/zamphelmets.co\/wp-content\/uploads\/2023\/12\/1200px-Giropay.svg_.png 1200w\" data-sizes=\"(max-width: 52px) 100vw, 52px\" src=\"data:image\/svg+xml;base64,PHN2ZyB3aWR0aD0iMSIgaGVpZ2h0PSIxIiB4bWxucz0iaHR0cDovL3d3dy53My5vcmcvMjAwMC9zdmciPjwvc3ZnPg==\" style=\"--smush-placeholder-width: 52px; --smush-placeholder-aspect-ratio: 52\/24;\" \/><\/h2>\n<p>Giropay \u00e4r en tysk betalningsmetod baserad p\u00e5 internetbank som lanserades 2006. Det g\u00f6r det m\u00f6jligt f\u00f6r kunderna att genomf\u00f6ra transaktioner online via sin internetbank, med medel som debiteras fr\u00e5n deras bankkonto.<\/p>\n<h2>Multibanco  <img decoding=\"async\" class=\"alignnone wp-image-8758 lazyload\" data-src=\"https:\/\/zamphelmets.co\/wp-content\/uploads\/2023\/12\/multibanco-logo-vector-e1703153790341-260x300.png\" alt=\"\" width=\"39\" height=\"45\" data-srcset=\"https:\/\/zamphelmets.co\/wp-content\/uploads\/2023\/12\/multibanco-logo-vector-e1703153790341-260x300.png 260w, https:\/\/zamphelmets.co\/wp-content\/uploads\/2023\/12\/multibanco-logo-vector-e1703153790341.png 432w\" data-sizes=\"(max-width: 39px) 100vw, 39px\" src=\"data:image\/svg+xml;base64,PHN2ZyB3aWR0aD0iMSIgaGVpZ2h0PSIxIiB4bWxucz0iaHR0cDovL3d3dy53My5vcmcvMjAwMC9zdmciPjwvc3ZnPg==\" style=\"--smush-placeholder-width: 39px; --smush-placeholder-aspect-ratio: 39\/45;\" \/><\/h2>\n<p>Multibanco \u00e4r varum\u00e4rket f\u00f6r det inhemska betalningssystemet som g\u00f6r det m\u00f6jligt f\u00f6r portugisiska kunder att betala f\u00f6r varor eller tj\u00e4nster som k\u00f6pts online via bankomater eller internetbank.<\/p>\n","protected":false},"excerpt":{"rendered":"<p>Vi har flera s\u00e4tt f\u00f6r dig att betala f\u00f6r din best\u00e4llning p\u00e5 Zamp Helmets EU. Se nedan f\u00f6r mer information om dina betalningsalternativ: Betala med kort Ange bara dina kortuppgifter i kassan s\u00e5 hanteras din transaktion s\u00e4kert med Stripe. Revolut betala En popul\u00e4r betalningsmetod f\u00f6r dem som vill f\u00e5 cashback och undvika extra avgifter med [&hellip;]<\/p>\n","protected":false},"author":2,"featured_media":0,"parent":0,"menu_order":0,"comment_status":"closed","ping_status":"closed","template":"","meta":{"_acf_changed":false,"footnotes":""},"class_list":["post-22166","page","type-page","status-publish","hentry"],"acf":[],"yoast_head":"<!-- This site is optimized with the Yoast SEO plugin v27.0 - https:\/\/yoast.com\/product\/yoast-seo-wordpress\/ -->\n<title>Betalningsmetoder - Zamp Helmets | Helmet 28 EU<\/title>\n<meta name=\"robots\" content=\"index, follow, max-snippet:-1, max-image-preview:large, max-video-preview:-1\" \/>\n<link rel=\"canonical\" href=\"https:\/\/zamphelmets.co\/sv\/betalningsmetoder\/\" \/>\n<meta property=\"og:locale\" content=\"sv_SE\" \/>\n<meta property=\"og:type\" content=\"article\" \/>\n<meta property=\"og:title\" content=\"Betalningsmetoder - Zamp Helmets | Helmet 28 EU\" \/>\n<meta property=\"og:description\" content=\"Vi har flera s\u00e4tt f\u00f6r dig att betala f\u00f6r din best\u00e4llning p\u00e5 Zamp Helmets EU. Se nedan f\u00f6r mer information om dina betalningsalternativ: Betala med kort Ange bara dina kortuppgifter i kassan s\u00e5 hanteras din transaktion s\u00e4kert med Stripe. Revolut betala En popul\u00e4r betalningsmetod f\u00f6r dem som vill f\u00e5 cashback och undvika extra avgifter med [&hellip;]\" \/>\n<meta property=\"og:url\" content=\"https:\/\/zamphelmets.co\/sv\/betalningsmetoder\/\" \/>\n<meta property=\"og:site_name\" content=\"Zamp Helmets | Helmet 28 EU\" \/>\n<meta property=\"og:image\" content=\"https:\/\/zamphelmets.co\/wp-content\/uploads\/2023\/12\/visa-logo-800x450-1-300x169.jpg\" \/>\n<meta name=\"twitter:card\" content=\"summary_large_image\" \/>\n<meta name=\"twitter:label1\" content=\"Est. reading time\" \/>\n\t<meta name=\"twitter:data1\" content=\"2 minuter\" \/>\n<script type=\"application\/ld+json\" class=\"yoast-schema-graph\">{\"@context\":\"https:\/\/schema.org\",\"@graph\":[{\"@type\":\"WebPage\",\"@id\":\"https:\/\/zamphelmets.co\/sv\/betalningsmetoder\/\",\"url\":\"https:\/\/zamphelmets.co\/sv\/betalningsmetoder\/\",\"name\":\"Betalningsmetoder - Zamp Helmets | Helmet 28 EU\",\"isPartOf\":{\"@id\":\"https:\/\/zamphelmets.co\/sv\/#website\"},\"primaryImageOfPage\":{\"@id\":\"https:\/\/zamphelmets.co\/sv\/betalningsmetoder\/#primaryimage\"},\"image\":{\"@id\":\"https:\/\/zamphelmets.co\/sv\/betalningsmetoder\/#primaryimage\"},\"thumbnailUrl\":\"https:\/\/zamphelmets.co\/wp-content\/uploads\/2023\/12\/visa-logo-800x450-1-300x169.jpg\",\"datePublished\":\"2023-12-21T10:17:19+00:00\",\"inLanguage\":\"sv-SE\",\"potentialAction\":[{\"@type\":\"ReadAction\",\"target\":[\"https:\/\/zamphelmets.co\/sv\/betalningsmetoder\/\"]}]},{\"@type\":\"ImageObject\",\"inLanguage\":\"sv-SE\",\"@id\":\"https:\/\/zamphelmets.co\/sv\/betalningsmetoder\/#primaryimage\",\"url\":\"https:\/\/zamphelmets.co\/wp-content\/uploads\/2023\/12\/visa-logo-800x450-1-300x169.jpg\",\"contentUrl\":\"https:\/\/zamphelmets.co\/wp-content\/uploads\/2023\/12\/visa-logo-800x450-1-300x169.jpg\"},{\"@type\":\"WebSite\",\"@id\":\"https:\/\/zamphelmets.co\/sv\/#website\",\"url\":\"https:\/\/zamphelmets.co\/sv\/\",\"name\":\"Zamp Helmets | Helmet 28 EU\",\"description\":\"High Quality Motorsport Helmets\",\"potentialAction\":[{\"@type\":\"SearchAction\",\"target\":{\"@type\":\"EntryPoint\",\"urlTemplate\":\"https:\/\/zamphelmets.co\/sv\/?s={search_term_string}\"},\"query-input\":{\"@type\":\"PropertyValueSpecification\",\"valueRequired\":true,\"valueName\":\"search_term_string\"}}],\"inLanguage\":\"sv-SE\"}]}<\/script>\n<!-- \/ Yoast SEO plugin. -->","yoast_head_json":{"title":"Betalningsmetoder - Zamp Helmets | Helmet 28 EU","robots":{"index":"index","follow":"follow","max-snippet":"max-snippet:-1","max-image-preview":"max-image-preview:large","max-video-preview":"max-video-preview:-1"},"canonical":"https:\/\/zamphelmets.co\/sv\/betalningsmetoder\/","og_locale":"sv_SE","og_type":"article","og_title":"Betalningsmetoder - Zamp Helmets | Helmet 28 EU","og_description":"Vi har flera s\u00e4tt f\u00f6r dig att betala f\u00f6r din best\u00e4llning p\u00e5 Zamp Helmets EU. Se nedan f\u00f6r mer information om dina betalningsalternativ: Betala med kort Ange bara dina kortuppgifter i kassan s\u00e5 hanteras din transaktion s\u00e4kert med Stripe. Revolut betala En popul\u00e4r betalningsmetod f\u00f6r dem som vill f\u00e5 cashback och undvika extra avgifter med [&hellip;]","og_url":"https:\/\/zamphelmets.co\/sv\/betalningsmetoder\/","og_site_name":"Zamp Helmets | Helmet 28 EU","og_image":[{"url":"https:\/\/zamphelmets.co\/wp-content\/uploads\/2023\/12\/visa-logo-800x450-1-300x169.jpg","type":"","width":"","height":""}],"twitter_card":"summary_large_image","twitter_misc":{"Est. reading time":"2 minuter"},"schema":{"@context":"https:\/\/schema.org","@graph":[{"@type":"WebPage","@id":"https:\/\/zamphelmets.co\/sv\/betalningsmetoder\/","url":"https:\/\/zamphelmets.co\/sv\/betalningsmetoder\/","name":"Betalningsmetoder - Zamp Helmets | Helmet 28 EU","isPartOf":{"@id":"https:\/\/zamphelmets.co\/sv\/#website"},"primaryImageOfPage":{"@id":"https:\/\/zamphelmets.co\/sv\/betalningsmetoder\/#primaryimage"},"image":{"@id":"https:\/\/zamphelmets.co\/sv\/betalningsmetoder\/#primaryimage"},"thumbnailUrl":"https:\/\/zamphelmets.co\/wp-content\/uploads\/2023\/12\/visa-logo-800x450-1-300x169.jpg","datePublished":"2023-12-21T10:17:19+00:00","inLanguage":"sv-SE","potentialAction":[{"@type":"ReadAction","target":["https:\/\/zamphelmets.co\/sv\/betalningsmetoder\/"]}]},{"@type":"ImageObject","inLanguage":"sv-SE","@id":"https:\/\/zamphelmets.co\/sv\/betalningsmetoder\/#primaryimage","url":"https:\/\/zamphelmets.co\/wp-content\/uploads\/2023\/12\/visa-logo-800x450-1-300x169.jpg","contentUrl":"https:\/\/zamphelmets.co\/wp-content\/uploads\/2023\/12\/visa-logo-800x450-1-300x169.jpg"},{"@type":"WebSite","@id":"https:\/\/zamphelmets.co\/sv\/#website","url":"https:\/\/zamphelmets.co\/sv\/","name":"Zamp Helmets | Helmet 28 EU","description":"High Quality Motorsport Helmets","potentialAction":[{"@type":"SearchAction","target":{"@type":"EntryPoint","urlTemplate":"https:\/\/zamphelmets.co\/sv\/?s={search_term_string}"},"query-input":{"@type":"PropertyValueSpecification","valueRequired":true,"valueName":"search_term_string"}}],"inLanguage":"sv-SE"}]}},"_links":{"self":[{"href":"https:\/\/zamphelmets.co\/sv\/wp-json\/wp\/v2\/pages\/22166","targetHints":{"allow":["GET"]}}],"collection":[{"href":"https:\/\/zamphelmets.co\/sv\/wp-json\/wp\/v2\/pages"}],"about":[{"href":"https:\/\/zamphelmets.co\/sv\/wp-json\/wp\/v2\/types\/page"}],"author":[{"embeddable":true,"href":"https:\/\/zamphelmets.co\/sv\/wp-json\/wp\/v2\/users\/2"}],"replies":[{"embeddable":true,"href":"https:\/\/zamphelmets.co\/sv\/wp-json\/wp\/v2\/comments?post=22166"}],"version-history":[{"count":0,"href":"https:\/\/zamphelmets.co\/sv\/wp-json\/wp\/v2\/pages\/22166\/revisions"}],"wp:attachment":[{"href":"https:\/\/zamphelmets.co\/sv\/wp-json\/wp\/v2\/media?parent=22166"}],"curies":[{"name":"wp","href":"https:\/\/api.w.org\/{rel}","templated":true}]}}