{"id":22110,"date":"2021-02-25T17:21:31","date_gmt":"2021-02-25T17:21:31","guid":{"rendered":"https:\/\/zamphelmets.co\/zamp-erbjudanden-2021\/"},"modified":"2024-06-15T07:35:23","modified_gmt":"2024-06-15T07:35:23","slug":"zamp-erbjudanden-2021","status":"publish","type":"page","link":"https:\/\/zamphelmets.co\/sv\/zamp-erbjudanden-2021\/","title":{"rendered":"Zamp Erbjudanden 2021"},"content":{"rendered":"<p><img decoding=\"async\" class=\"alignnone wp-image-3202 aligncenter lazyload\" data-src=\"https:\/\/zamphelmets.co\/wp-content\/uploads\/sites\/3\/2021\/02\/Template-3_Zamp-Helmet-300x300.png\" alt=\"\" width=\"400\" height=\"400\" data-srcset=\"https:\/\/zamphelmets.co\/wp-content\/uploads\/2021\/02\/Template-3_Zamp-Helmet-300x300.png 300w, https:\/\/zamphelmets.co\/wp-content\/uploads\/2021\/02\/Template-3_Zamp-Helmet-150x150.png 150w, https:\/\/zamphelmets.co\/wp-content\/uploads\/2021\/02\/Template-3_Zamp-Helmet-768x768.png 768w, https:\/\/zamphelmets.co\/wp-content\/uploads\/2021\/02\/Template-3_Zamp-Helmet-600x600.png 600w, https:\/\/zamphelmets.co\/wp-content\/uploads\/2021\/02\/Template-3_Zamp-Helmet-100x100.png 100w, https:\/\/zamphelmets.co\/wp-content\/uploads\/2021\/02\/Template-3_Zamp-Helmet.png 1000w\" data-sizes=\"(max-width: 400px) 100vw, 400px\" src=\"data:image\/svg+xml;base64,PHN2ZyB3aWR0aD0iMSIgaGVpZ2h0PSIxIiB4bWxucz0iaHR0cDovL3d3dy53My5vcmcvMjAwMC9zdmciPjwvc3ZnPg==\" style=\"--smush-placeholder-width: 400px; --smush-placeholder-aspect-ratio: 400\/400;\" \/><\/p>\n<p>Om du <strong>spenderar 300 kr f\u00e5r du ett gratis <a href=\"https:\/\/zamphelmets.co\/product\/team-zamp-package\/\">Team Zamp-paket<\/a><\/strong> &#8211; Om du spenderar \u00f6ver 300 kr anv\u00e4nder du bara koden <strong>ZAMPDRIVER <\/strong>i kassan s\u00e5 ger vi dig det n\u00f6dv\u00e4ndiga f\u00f6rarpaketet &#8211; hj\u00e4lmv\u00e4ska, Zamp-keps och dekalklisterm\u00e4rke.<\/p>\n<p><img decoding=\"async\" class=\"alignnone wp-image-3201 aligncenter lazyload\" data-src=\"https:\/\/zamphelmets.co\/wp-content\/uploads\/sites\/3\/2021\/02\/Template-2_Zamp-Helmet-300x300.png\" alt=\"\" width=\"400\" height=\"400\" data-srcset=\"https:\/\/zamphelmets.co\/wp-content\/uploads\/2021\/02\/Template-2_Zamp-Helmet-300x300.png 300w, https:\/\/zamphelmets.co\/wp-content\/uploads\/2021\/02\/Template-2_Zamp-Helmet-150x150.png 150w, https:\/\/zamphelmets.co\/wp-content\/uploads\/2021\/02\/Template-2_Zamp-Helmet-768x768.png 768w, https:\/\/zamphelmets.co\/wp-content\/uploads\/2021\/02\/Template-2_Zamp-Helmet-600x600.png 600w, https:\/\/zamphelmets.co\/wp-content\/uploads\/2021\/02\/Template-2_Zamp-Helmet-100x100.png 100w, https:\/\/zamphelmets.co\/wp-content\/uploads\/2021\/02\/Template-2_Zamp-Helmet.png 1000w\" data-sizes=\"(max-width: 400px) 100vw, 400px\" src=\"data:image\/svg+xml;base64,PHN2ZyB3aWR0aD0iMSIgaGVpZ2h0PSIxIiB4bWxucz0iaHR0cDovL3d3dy53My5vcmcvMjAwMC9zdmciPjwvc3ZnPg==\" style=\"--smush-placeholder-width: 400px; --smush-placeholder-aspect-ratio: 400\/400;\" \/><strong>Spendera 500 kr och f\u00e5 ett gratis <a href=\"https:\/\/zamphelmets.co\/sv\/produkt\/z20-visir\/\">Z20 Prism Vis <\/a><\/strong>or &#8211; Om du spenderar \u00f6ver 500 kr kommer du att kvalificera dig f\u00f6r ett gratis Prism Visor. Dessa visir finns i 3 fantastiska f\u00e4rger, guld\/bl\u00e5\/r\u00f6d, och \u00e4r kompatibla med alla hj\u00e4lmar p\u00e5 webbplatsen. Anv\u00e4nd bara koden <strong>FREEPRISM <\/strong>i kassan.<\/p>\n<p><strong>*Prism Visor M\u00c5STE finnas i din kundvagn f\u00f6r att koden ska fungera.<\/strong><\/p>\n<p>&nbsp;<\/p>\n<p>G\u00c5R SNART UT!<\/p>\n","protected":false},"excerpt":{"rendered":"<p>Om du spenderar 300 kr f\u00e5r du ett gratis Team Zamp-paket &#8211; Om du spenderar \u00f6ver 300 kr anv\u00e4nder du bara koden ZAMPDRIVER i kassan s\u00e5 ger vi dig det n\u00f6dv\u00e4ndiga f\u00f6rarpaketet &#8211; hj\u00e4lmv\u00e4ska, Zamp-keps och dekalklisterm\u00e4rke. Spendera 500 kr och f\u00e5 ett gratis Z20 Prism Vis or &#8211; Om du spenderar \u00f6ver 500 kr [&hellip;]<\/p>\n","protected":false},"author":2,"featured_media":0,"parent":0,"menu_order":0,"comment_status":"closed","ping_status":"closed","template":"templates\/fullwidth.php","meta":{"_acf_changed":false,"footnotes":""},"class_list":["post-22110","page","type-page","status-publish","hentry"],"acf":[],"yoast_head":"<!-- This site is optimized with the Yoast SEO plugin v27.0 - https:\/\/yoast.com\/product\/yoast-seo-wordpress\/ -->\n<title>Zamp Erbjudanden 2021 - Zamp Helmets | Helmet 28 EU<\/title>\n<meta name=\"robots\" content=\"index, follow, max-snippet:-1, max-image-preview:large, max-video-preview:-1\" \/>\n<link rel=\"canonical\" href=\"https:\/\/zamphelmets.co\/sv\/zamp-erbjudanden-2021\/\" \/>\n<meta property=\"og:locale\" content=\"sv_SE\" \/>\n<meta property=\"og:type\" content=\"article\" \/>\n<meta property=\"og:title\" content=\"Zamp Erbjudanden 2021 - Zamp Helmets | Helmet 28 EU\" \/>\n<meta property=\"og:description\" content=\"Om du spenderar 300 kr f\u00e5r du ett gratis Team Zamp-paket &#8211; Om du spenderar \u00f6ver 300 kr anv\u00e4nder du bara koden ZAMPDRIVER i kassan s\u00e5 ger vi dig det n\u00f6dv\u00e4ndiga f\u00f6rarpaketet &#8211; hj\u00e4lmv\u00e4ska, Zamp-keps och dekalklisterm\u00e4rke. Spendera 500 kr och f\u00e5 ett gratis Z20 Prism Vis or &#8211; Om du spenderar \u00f6ver 500 kr [&hellip;]\" \/>\n<meta property=\"og:url\" content=\"https:\/\/zamphelmets.co\/sv\/zamp-erbjudanden-2021\/\" \/>\n<meta property=\"og:site_name\" content=\"Zamp Helmets | Helmet 28 EU\" \/>\n<meta property=\"article:modified_time\" content=\"2024-06-15T07:35:23+00:00\" \/>\n<meta property=\"og:image\" content=\"https:\/\/zamphelmets.co\/wp-content\/uploads\/sites\/3\/2021\/02\/Template-3_Zamp-Helmet-300x300.png\" \/>\n<meta name=\"twitter:card\" content=\"summary_large_image\" \/>\n<meta name=\"twitter:label1\" content=\"Est. reading time\" \/>\n\t<meta name=\"twitter:data1\" content=\"1 minut\" \/>\n<script type=\"application\/ld+json\" class=\"yoast-schema-graph\">{\"@context\":\"https:\/\/schema.org\",\"@graph\":[{\"@type\":\"WebPage\",\"@id\":\"https:\/\/zamphelmets.co\/sv\/zamp-erbjudanden-2021\/\",\"url\":\"https:\/\/zamphelmets.co\/sv\/zamp-erbjudanden-2021\/\",\"name\":\"Zamp Erbjudanden 2021 - Zamp Helmets | Helmet 28 EU\",\"isPartOf\":{\"@id\":\"https:\/\/zamphelmets.co\/sv\/#website\"},\"primaryImageOfPage\":{\"@id\":\"https:\/\/zamphelmets.co\/sv\/zamp-erbjudanden-2021\/#primaryimage\"},\"image\":{\"@id\":\"https:\/\/zamphelmets.co\/sv\/zamp-erbjudanden-2021\/#primaryimage\"},\"thumbnailUrl\":\"https:\/\/zamphelmets.co\/wp-content\/uploads\/sites\/3\/2021\/02\/Template-3_Zamp-Helmet-300x300.png\",\"datePublished\":\"2021-02-25T17:21:31+00:00\",\"dateModified\":\"2024-06-15T07:35:23+00:00\",\"inLanguage\":\"sv-SE\",\"potentialAction\":[{\"@type\":\"ReadAction\",\"target\":[\"https:\/\/zamphelmets.co\/sv\/zamp-erbjudanden-2021\/\"]}]},{\"@type\":\"ImageObject\",\"inLanguage\":\"sv-SE\",\"@id\":\"https:\/\/zamphelmets.co\/sv\/zamp-erbjudanden-2021\/#primaryimage\",\"url\":\"https:\/\/zamphelmets.co\/wp-content\/uploads\/sites\/3\/2021\/02\/Template-3_Zamp-Helmet-300x300.png\",\"contentUrl\":\"https:\/\/zamphelmets.co\/wp-content\/uploads\/sites\/3\/2021\/02\/Template-3_Zamp-Helmet-300x300.png\"},{\"@type\":\"WebSite\",\"@id\":\"https:\/\/zamphelmets.co\/sv\/#website\",\"url\":\"https:\/\/zamphelmets.co\/sv\/\",\"name\":\"Zamp Helmets | Helmet 28 EU\",\"description\":\"High Quality Motorsport Helmets\",\"potentialAction\":[{\"@type\":\"SearchAction\",\"target\":{\"@type\":\"EntryPoint\",\"urlTemplate\":\"https:\/\/zamphelmets.co\/sv\/?s={search_term_string}\"},\"query-input\":{\"@type\":\"PropertyValueSpecification\",\"valueRequired\":true,\"valueName\":\"search_term_string\"}}],\"inLanguage\":\"sv-SE\"}]}<\/script>\n<!-- \/ Yoast SEO plugin. -->","yoast_head_json":{"title":"Zamp Erbjudanden 2021 - Zamp Helmets | Helmet 28 EU","robots":{"index":"index","follow":"follow","max-snippet":"max-snippet:-1","max-image-preview":"max-image-preview:large","max-video-preview":"max-video-preview:-1"},"canonical":"https:\/\/zamphelmets.co\/sv\/zamp-erbjudanden-2021\/","og_locale":"sv_SE","og_type":"article","og_title":"Zamp Erbjudanden 2021 - Zamp Helmets | Helmet 28 EU","og_description":"Om du spenderar 300 kr f\u00e5r du ett gratis Team Zamp-paket &#8211; Om du spenderar \u00f6ver 300 kr anv\u00e4nder du bara koden ZAMPDRIVER i kassan s\u00e5 ger vi dig det n\u00f6dv\u00e4ndiga f\u00f6rarpaketet &#8211; hj\u00e4lmv\u00e4ska, Zamp-keps och dekalklisterm\u00e4rke. Spendera 500 kr och f\u00e5 ett gratis Z20 Prism Vis or &#8211; Om du spenderar \u00f6ver 500 kr [&hellip;]","og_url":"https:\/\/zamphelmets.co\/sv\/zamp-erbjudanden-2021\/","og_site_name":"Zamp Helmets | Helmet 28 EU","article_modified_time":"2024-06-15T07:35:23+00:00","og_image":[{"url":"https:\/\/zamphelmets.co\/wp-content\/uploads\/sites\/3\/2021\/02\/Template-3_Zamp-Helmet-300x300.png","type":"","width":"","height":""}],"twitter_card":"summary_large_image","twitter_misc":{"Est. reading time":"1 minut"},"schema":{"@context":"https:\/\/schema.org","@graph":[{"@type":"WebPage","@id":"https:\/\/zamphelmets.co\/sv\/zamp-erbjudanden-2021\/","url":"https:\/\/zamphelmets.co\/sv\/zamp-erbjudanden-2021\/","name":"Zamp Erbjudanden 2021 - Zamp Helmets | Helmet 28 EU","isPartOf":{"@id":"https:\/\/zamphelmets.co\/sv\/#website"},"primaryImageOfPage":{"@id":"https:\/\/zamphelmets.co\/sv\/zamp-erbjudanden-2021\/#primaryimage"},"image":{"@id":"https:\/\/zamphelmets.co\/sv\/zamp-erbjudanden-2021\/#primaryimage"},"thumbnailUrl":"https:\/\/zamphelmets.co\/wp-content\/uploads\/sites\/3\/2021\/02\/Template-3_Zamp-Helmet-300x300.png","datePublished":"2021-02-25T17:21:31+00:00","dateModified":"2024-06-15T07:35:23+00:00","inLanguage":"sv-SE","potentialAction":[{"@type":"ReadAction","target":["https:\/\/zamphelmets.co\/sv\/zamp-erbjudanden-2021\/"]}]},{"@type":"ImageObject","inLanguage":"sv-SE","@id":"https:\/\/zamphelmets.co\/sv\/zamp-erbjudanden-2021\/#primaryimage","url":"https:\/\/zamphelmets.co\/wp-content\/uploads\/sites\/3\/2021\/02\/Template-3_Zamp-Helmet-300x300.png","contentUrl":"https:\/\/zamphelmets.co\/wp-content\/uploads\/sites\/3\/2021\/02\/Template-3_Zamp-Helmet-300x300.png"},{"@type":"WebSite","@id":"https:\/\/zamphelmets.co\/sv\/#website","url":"https:\/\/zamphelmets.co\/sv\/","name":"Zamp Helmets | Helmet 28 EU","description":"High Quality Motorsport Helmets","potentialAction":[{"@type":"SearchAction","target":{"@type":"EntryPoint","urlTemplate":"https:\/\/zamphelmets.co\/sv\/?s={search_term_string}"},"query-input":{"@type":"PropertyValueSpecification","valueRequired":true,"valueName":"search_term_string"}}],"inLanguage":"sv-SE"}]}},"_links":{"self":[{"href":"https:\/\/zamphelmets.co\/sv\/wp-json\/wp\/v2\/pages\/22110","targetHints":{"allow":["GET"]}}],"collection":[{"href":"https:\/\/zamphelmets.co\/sv\/wp-json\/wp\/v2\/pages"}],"about":[{"href":"https:\/\/zamphelmets.co\/sv\/wp-json\/wp\/v2\/types\/page"}],"author":[{"embeddable":true,"href":"https:\/\/zamphelmets.co\/sv\/wp-json\/wp\/v2\/users\/2"}],"replies":[{"embeddable":true,"href":"https:\/\/zamphelmets.co\/sv\/wp-json\/wp\/v2\/comments?post=22110"}],"version-history":[{"count":1,"href":"https:\/\/zamphelmets.co\/sv\/wp-json\/wp\/v2\/pages\/22110\/revisions"}],"predecessor-version":[{"id":22115,"href":"https:\/\/zamphelmets.co\/sv\/wp-json\/wp\/v2\/pages\/22110\/revisions\/22115"}],"wp:attachment":[{"href":"https:\/\/zamphelmets.co\/sv\/wp-json\/wp\/v2\/media?parent=22110"}],"curies":[{"name":"wp","href":"https:\/\/api.w.org\/{rel}","templated":true}]}}