{"id":22097,"date":"2020-12-02T15:45:54","date_gmt":"2020-12-02T15:45:54","guid":{"rendered":"https:\/\/zamphelmets.co\/leveranstider\/"},"modified":"2026-02-16T15:01:53","modified_gmt":"2026-02-16T15:01:53","slug":"leveranstider","status":"publish","type":"page","link":"https:\/\/zamphelmets.co\/sv\/leveranstider\/","title":{"rendered":"Leveranstider"},"content":{"rendered":"<p>P\u00e5 <a href=\"https:\/\/zamphelmets.co\/sv\/product-category\/zamp-sv\/zamp-hjalmar\/\">Zamp Helmets<\/a> arbetar vi f\u00f6r att f\u00e5 ut alla best\u00e4llningar s\u00e5 snabbt som m\u00f6jligt. Vi har ett sofistikerat lager- och fraktn\u00e4tverk som s\u00e4kerst\u00e4ller att vi kan f\u00e5 leveranserna till dig s\u00e5 snabbt som m\u00f6jligt. Alla best\u00e4llningar skickas <span style=\"text-decoration: underline;\"><br \/>\n  <strong>DPD sp\u00e5rad<\/strong><br \/>\n<\/span>.<\/p>\n<p>De flesta f\u00f6rs\u00e4ndelser \u00e4r ber\u00e4ttigade till FRI FRAKT, men alla andra best\u00e4llningar \u00e4r ber\u00e4ttigade till standardleverans. Detta beror p\u00e5 vilket land det g\u00e4ller.<strong> <\/strong><\/p>\n<table width=\"624\">\n<tbody>\n<tr>\n<td width=\"264\"><\/td>\n<td width=\"88\"><strong>ZON 1<\/strong><\/td>\n<td width=\"88\"><strong>ZON 2<\/strong><\/td>\n<td width=\"88\"><strong>ZON 3<\/strong><\/td>\n<td width=\"96\"><strong>ZON 4<\/strong><\/td>\n<\/tr>\n<tr>\n<td>Fri frakt (om \u00f6ver)<\/td>\n<td> \u20ac 250.00<\/td>\n<td> \u20ac 300.00<\/td>\n<td> \u20ac 500.00<\/td>\n<td> \u20ac 1,500.00<\/td>\n<\/tr>\n<tr>\n<td>Fraktkostnad (om under)<\/td>\n<td> \u20ac 7.50<\/td>\n<td> \u20ac 12.50<\/td>\n<td> \u20ac 25.00<\/td>\n<td> \u20ac 40.00<\/td>\n<\/tr>\n<\/tbody>\n<\/table>\n<p><strong>Observera: v\u00e5rt EU-lager \u00e4r st\u00e4ngt p\u00e5 m\u00e5ndagar och d\u00e4rf\u00f6r skickas INGA best\u00e4llningar p\u00e5 m\u00e5ndagar.<\/strong><\/p>\n<table width=\"221\">\n<tbody>\n<tr>\n<td width=\"128\">LAND<\/td>\n<td width=\"93\">TRANSITTIDER (dagar)<\/td>\n<\/tr>\n<tr>\n<td>ZON 1<\/td>\n<td><\/td>\n<\/tr>\n<tr>\n<td>Belgien<\/td>\n<td>1-2<\/td>\n<\/tr>\n<tr>\n<td>Nederl\u00e4nderna<\/td>\n<td>1-2<\/td>\n<\/tr>\n<tr>\n<td>Luxemburg<\/td>\n<td>1-2<\/td>\n<\/tr>\n<tr>\n<td>Tyskland<\/td>\n<td>1-3<\/td>\n<\/tr>\n<tr>\n<td>Frankrike<\/td>\n<td>2-4<\/td>\n<\/tr>\n<tr>\n<td><\/td>\n<td><\/td>\n<\/tr>\n<tr>\n<td>ZON 2<\/td>\n<td><\/td>\n<\/tr>\n<tr>\n<td>STORBRITANNIEN<\/td>\n<td>3-4<\/td>\n<\/tr>\n<tr>\n<td>Danmark<\/td>\n<td>2-3<\/td>\n<\/tr>\n<tr>\n<td>Spanien<\/td>\n<td>3-5<\/td>\n<\/tr>\n<tr>\n<td>Portugal<\/td>\n<td>4-5<\/td>\n<\/tr>\n<tr>\n<td>Italien<\/td>\n<td>2-5<\/td>\n<\/tr>\n<tr>\n<td>Sverige<\/td>\n<td>3-4<\/td>\n<\/tr>\n<tr>\n<td>\u00d6sterrike<\/td>\n<td>2-3<\/td>\n<\/tr>\n<tr>\n<td><\/td>\n<td><\/td>\n<\/tr>\n<tr>\n<td>ZON 3<\/td>\n<td><\/td>\n<\/tr>\n<tr>\n<td>Finland<\/td>\n<td>5-6<\/td>\n<\/tr>\n<tr>\n<td>Slovenien<\/td>\n<td>2-3<\/td>\n<\/tr>\n<tr>\n<td>Slovakien<\/td>\n<td>3-4<\/td>\n<\/tr>\n<tr>\n<td>Ungern<\/td>\n<td>2-4<\/td>\n<\/tr>\n<tr>\n<td>Irland<\/td>\n<td>3-4<\/td>\n<\/tr>\n<tr>\n<td>Tjeckien<\/td>\n<td>2-4<\/td>\n<\/tr>\n<tr>\n<td>Polen<\/td>\n<td>2-3<\/td>\n<\/tr>\n<tr>\n<td>Estland<\/td>\n<td>4-5<\/td>\n<\/tr>\n<tr>\n<td>Litauen<\/td>\n<td>3-5<\/td>\n<\/tr>\n<tr>\n<td>Lettland<\/td>\n<td>3-5<\/td>\n<\/tr>\n<tr>\n<td><\/td>\n<td><\/td>\n<\/tr>\n<tr>\n<td>ZONE 4 + Alla \u00f6vriga<\/td>\n<td><\/td>\n<\/tr>\n<tr>\n<td>Kroatien<\/td>\n<td>3-4<\/td>\n<\/tr>\n<tr>\n<td>Bulgarien<\/td>\n<td>4-5<\/td>\n<\/tr>\n<tr>\n<td>Grekland<\/td>\n<td>5-7<\/td>\n<\/tr>\n<tr>\n<td>Rum\u00e4nien<\/td>\n<td>3-4<\/td>\n<\/tr>\n<\/tbody>\n<\/table>\n<p>Alla best\u00e4llningar skickas med den ledande fraktleverant\u00f6ren <a href=\"https:\/\/www.dpd.co.uk\/\">DPD via en TRACKED SHIPPING SERVICE<\/a>. S\u00e5 snart din best\u00e4llning har behandlats av v\u00e5r lagerpersonal kommer du att f\u00e5 ett e-postmeddelande som meddelar att den \u00e4r p\u00e5 v\u00e4g. I det h\u00e4r e-postmeddelandet ing\u00e5r ett sp\u00e5rningsnummer som g\u00f6r att du kan f\u00f6lja paketet hela v\u00e4gen.<\/p>\n","protected":false},"excerpt":{"rendered":"<p>P\u00e5 Zamp Helmets arbetar vi f\u00f6r att f\u00e5 ut alla best\u00e4llningar s\u00e5 snabbt som m\u00f6jligt. Vi har ett sofistikerat lager- och fraktn\u00e4tverk som s\u00e4kerst\u00e4ller att vi kan f\u00e5 leveranserna till dig s\u00e5 snabbt som m\u00f6jligt. Alla best\u00e4llningar skickas DPD sp\u00e5rad . De flesta f\u00f6rs\u00e4ndelser \u00e4r ber\u00e4ttigade till FRI FRAKT, men alla andra best\u00e4llningar \u00e4r ber\u00e4ttigade [&hellip;]<\/p>\n","protected":false},"author":2,"featured_media":0,"parent":0,"menu_order":0,"comment_status":"closed","ping_status":"closed","template":"","meta":{"_acf_changed":false,"footnotes":""},"class_list":["post-22097","page","type-page","status-publish","hentry"],"acf":[],"yoast_head":"<!-- This site is optimized with the Yoast SEO plugin v27.0 - https:\/\/yoast.com\/product\/yoast-seo-wordpress\/ -->\n<title>Leveranstider - Zamp Helmets | Helmet 28 EU<\/title>\n<meta name=\"description\" content=\"Vi p\u00e5 Zamp Helmets str\u00e4var efter att skicka ut alla best\u00e4llningar s\u00e5 snabbt som m\u00f6jligt. Ta en titt p\u00e5 v\u00e5ra leveranstider f\u00f6r ditt land\/territorium.\" \/>\n<meta name=\"robots\" content=\"index, follow, max-snippet:-1, max-image-preview:large, max-video-preview:-1\" \/>\n<link rel=\"canonical\" href=\"https:\/\/zamphelmets.co\/sv\/leveranstider\/\" \/>\n<meta property=\"og:locale\" content=\"sv_SE\" \/>\n<meta property=\"og:type\" content=\"article\" \/>\n<meta property=\"og:title\" content=\"Leveranstider - Zamp Helmets | Helmet 28 EU\" \/>\n<meta property=\"og:description\" content=\"Vi p\u00e5 Zamp Helmets str\u00e4var efter att skicka ut alla best\u00e4llningar s\u00e5 snabbt som m\u00f6jligt. Ta en titt p\u00e5 v\u00e5ra leveranstider f\u00f6r ditt land\/territorium.\" \/>\n<meta property=\"og:url\" content=\"https:\/\/zamphelmets.co\/sv\/leveranstider\/\" \/>\n<meta property=\"og:site_name\" content=\"Zamp Helmets | Helmet 28 EU\" \/>\n<meta property=\"article:modified_time\" content=\"2026-02-16T15:01:53+00:00\" \/>\n<meta name=\"twitter:card\" content=\"summary_large_image\" \/>\n<meta name=\"twitter:label1\" content=\"Est. reading time\" \/>\n\t<meta name=\"twitter:data1\" content=\"1 minut\" \/>\n<script type=\"application\/ld+json\" class=\"yoast-schema-graph\">{\"@context\":\"https:\/\/schema.org\",\"@graph\":[{\"@type\":\"WebPage\",\"@id\":\"https:\/\/zamphelmets.co\/sv\/leveranstider\/\",\"url\":\"https:\/\/zamphelmets.co\/sv\/leveranstider\/\",\"name\":\"Leveranstider - Zamp Helmets | Helmet 28 EU\",\"isPartOf\":{\"@id\":\"https:\/\/zamphelmets.co\/sv\/#website\"},\"datePublished\":\"2020-12-02T15:45:54+00:00\",\"dateModified\":\"2026-02-16T15:01:53+00:00\",\"description\":\"Vi p\u00e5 Zamp Helmets str\u00e4var efter att skicka ut alla best\u00e4llningar s\u00e5 snabbt som m\u00f6jligt. Ta en titt p\u00e5 v\u00e5ra leveranstider f\u00f6r ditt land\/territorium.\",\"inLanguage\":\"sv-SE\",\"potentialAction\":[{\"@type\":\"ReadAction\",\"target\":[\"https:\/\/zamphelmets.co\/sv\/leveranstider\/\"]}]},{\"@type\":\"WebSite\",\"@id\":\"https:\/\/zamphelmets.co\/sv\/#website\",\"url\":\"https:\/\/zamphelmets.co\/sv\/\",\"name\":\"Zamp Helmets | Helmet 28 EU\",\"description\":\"High Quality Motorsport Helmets\",\"potentialAction\":[{\"@type\":\"SearchAction\",\"target\":{\"@type\":\"EntryPoint\",\"urlTemplate\":\"https:\/\/zamphelmets.co\/sv\/?s={search_term_string}\"},\"query-input\":{\"@type\":\"PropertyValueSpecification\",\"valueRequired\":true,\"valueName\":\"search_term_string\"}}],\"inLanguage\":\"sv-SE\"}]}<\/script>\n<!-- \/ Yoast SEO plugin. -->","yoast_head_json":{"title":"Leveranstider - Zamp Helmets | Helmet 28 EU","description":"Vi p\u00e5 Zamp Helmets str\u00e4var efter att skicka ut alla best\u00e4llningar s\u00e5 snabbt som m\u00f6jligt. Ta en titt p\u00e5 v\u00e5ra leveranstider f\u00f6r ditt land\/territorium.","robots":{"index":"index","follow":"follow","max-snippet":"max-snippet:-1","max-image-preview":"max-image-preview:large","max-video-preview":"max-video-preview:-1"},"canonical":"https:\/\/zamphelmets.co\/sv\/leveranstider\/","og_locale":"sv_SE","og_type":"article","og_title":"Leveranstider - Zamp Helmets | Helmet 28 EU","og_description":"Vi p\u00e5 Zamp Helmets str\u00e4var efter att skicka ut alla best\u00e4llningar s\u00e5 snabbt som m\u00f6jligt. Ta en titt p\u00e5 v\u00e5ra leveranstider f\u00f6r ditt land\/territorium.","og_url":"https:\/\/zamphelmets.co\/sv\/leveranstider\/","og_site_name":"Zamp Helmets | Helmet 28 EU","article_modified_time":"2026-02-16T15:01:53+00:00","twitter_card":"summary_large_image","twitter_misc":{"Est. reading time":"1 minut"},"schema":{"@context":"https:\/\/schema.org","@graph":[{"@type":"WebPage","@id":"https:\/\/zamphelmets.co\/sv\/leveranstider\/","url":"https:\/\/zamphelmets.co\/sv\/leveranstider\/","name":"Leveranstider - Zamp Helmets | Helmet 28 EU","isPartOf":{"@id":"https:\/\/zamphelmets.co\/sv\/#website"},"datePublished":"2020-12-02T15:45:54+00:00","dateModified":"2026-02-16T15:01:53+00:00","description":"Vi p\u00e5 Zamp Helmets str\u00e4var efter att skicka ut alla best\u00e4llningar s\u00e5 snabbt som m\u00f6jligt. Ta en titt p\u00e5 v\u00e5ra leveranstider f\u00f6r ditt land\/territorium.","inLanguage":"sv-SE","potentialAction":[{"@type":"ReadAction","target":["https:\/\/zamphelmets.co\/sv\/leveranstider\/"]}]},{"@type":"WebSite","@id":"https:\/\/zamphelmets.co\/sv\/#website","url":"https:\/\/zamphelmets.co\/sv\/","name":"Zamp Helmets | Helmet 28 EU","description":"High Quality Motorsport Helmets","potentialAction":[{"@type":"SearchAction","target":{"@type":"EntryPoint","urlTemplate":"https:\/\/zamphelmets.co\/sv\/?s={search_term_string}"},"query-input":{"@type":"PropertyValueSpecification","valueRequired":true,"valueName":"search_term_string"}}],"inLanguage":"sv-SE"}]}},"_links":{"self":[{"href":"https:\/\/zamphelmets.co\/sv\/wp-json\/wp\/v2\/pages\/22097","targetHints":{"allow":["GET"]}}],"collection":[{"href":"https:\/\/zamphelmets.co\/sv\/wp-json\/wp\/v2\/pages"}],"about":[{"href":"https:\/\/zamphelmets.co\/sv\/wp-json\/wp\/v2\/types\/page"}],"author":[{"embeddable":true,"href":"https:\/\/zamphelmets.co\/sv\/wp-json\/wp\/v2\/users\/2"}],"replies":[{"embeddable":true,"href":"https:\/\/zamphelmets.co\/sv\/wp-json\/wp\/v2\/comments?post=22097"}],"version-history":[{"count":2,"href":"https:\/\/zamphelmets.co\/sv\/wp-json\/wp\/v2\/pages\/22097\/revisions"}],"predecessor-version":[{"id":203493,"href":"https:\/\/zamphelmets.co\/sv\/wp-json\/wp\/v2\/pages\/22097\/revisions\/203493"}],"wp:attachment":[{"href":"https:\/\/zamphelmets.co\/sv\/wp-json\/wp\/v2\/media?parent=22097"}],"curies":[{"name":"wp","href":"https:\/\/api.w.org\/{rel}","templated":true}]}}