{"id":22094,"date":"2021-11-12T16:09:29","date_gmt":"2021-11-12T16:09:29","guid":{"rendered":"https:\/\/zamphelmets.co\/vinn-en-rz-59-matt-svart-hjalm-plus-zamp-keps\/"},"modified":"2024-06-15T07:35:21","modified_gmt":"2024-06-15T07:35:21","slug":"vinn-en-rz-59-matt-svart-hjalm-plus-zamp-keps","status":"publish","type":"page","link":"https:\/\/zamphelmets.co\/sv\/vinn-en-rz-59-matt-svart-hjalm-plus-zamp-keps\/","title":{"rendered":"Vinn en RZ-59 matt svart hj\u00e4lm PLUS Zamp keps!"},"content":{"rendered":"<p><img decoding=\"async\" class=\"wp-image-4702 aligncenter lazyload\" data-src=\"https:\/\/zamphelmets.co\/wp-content\/uploads\/sites\/3\/2021\/11\/Untitled-design-3-300x50.png\" alt=\"\" width=\"636\" height=\"106\" data-srcset=\"https:\/\/zamphelmets.co\/wp-content\/uploads\/2021\/11\/Untitled-design-3-300x50.png 300w, https:\/\/zamphelmets.co\/wp-content\/uploads\/2021\/11\/Untitled-design-3-1024x171.png 1024w, https:\/\/zamphelmets.co\/wp-content\/uploads\/2021\/11\/Untitled-design-3-768x128.png 768w, https:\/\/zamphelmets.co\/wp-content\/uploads\/2021\/11\/Untitled-design-3-1536x256.png 1536w, https:\/\/zamphelmets.co\/wp-content\/uploads\/2021\/11\/Untitled-design-3-600x100.png 600w, https:\/\/zamphelmets.co\/wp-content\/uploads\/2021\/11\/Untitled-design-3.png 1800w\" data-sizes=\"(max-width: 636px) 100vw, 636px\" src=\"data:image\/svg+xml;base64,PHN2ZyB3aWR0aD0iMSIgaGVpZ2h0PSIxIiB4bWxucz0iaHR0cDovL3d3dy53My5vcmcvMjAwMC9zdmciPjwvc3ZnPg==\" style=\"--smush-placeholder-width: 636px; --smush-placeholder-aspect-ratio: 636\/106;\" \/><\/p>\n<div class=\"klaviyo-form-W3TFBQ\"><\/div>\n<p>&nbsp;<\/p>\n<p><strong>Vi har samarbetat med <a href=\"https:\/\/denhartogracing.com\/\">Den Hartog Racing<\/a> f\u00f6r att ge dig chansen att vinna en <a href=\"https:\/\/zamphelmets.co\/sv\/produkt\/rz-59-matt-svart\/\">RZ-59 Matte Black-hj\u00e4lm<\/a> OCH en gratis Zamp Cap!  <\/strong><\/p>\n<p><img decoding=\"async\" class=\"size-medium wp-image-4704 alignleft lazyload\" data-src=\"https:\/\/zamphelmets.co\/wp-content\/uploads\/sites\/3\/2021\/11\/H77203F-300x300.jpg\" alt=\"RZ 59 matt svart zamp-hj\u00e4lm\" width=\"300\" height=\"300\" data-srcset=\"https:\/\/zamphelmets.co\/wp-content\/uploads\/2021\/11\/H77203F-300x300.jpg 300w, https:\/\/zamphelmets.co\/wp-content\/uploads\/2021\/11\/H77203F-1024x1024.jpg 1024w, https:\/\/zamphelmets.co\/wp-content\/uploads\/2021\/11\/H77203F-150x150.jpg 150w, https:\/\/zamphelmets.co\/wp-content\/uploads\/2021\/11\/H77203F-768x768.jpg 768w, https:\/\/zamphelmets.co\/wp-content\/uploads\/2021\/11\/H77203F-600x600.jpg 600w, https:\/\/zamphelmets.co\/wp-content\/uploads\/2021\/11\/H77203F-100x100.jpg 100w, https:\/\/zamphelmets.co\/wp-content\/uploads\/2021\/11\/H77203F.jpg 1500w\" data-sizes=\"(max-width: 300px) 100vw, 300px\" src=\"data:image\/svg+xml;base64,PHN2ZyB3aWR0aD0iMSIgaGVpZ2h0PSIxIiB4bWxucz0iaHR0cDovL3d3dy53My5vcmcvMjAwMC9zdmciPjwvc3ZnPg==\" style=\"--smush-placeholder-width: 300px; --smush-placeholder-aspect-ratio: 300\/300;\" \/>Zamp <a href=\"https:\/\/zamphelmets.co\/sv\/produkt\/rz-59-matt-svart\/#description\">RZ-59 Matte Black <\/a> kombinerar den senaste <a href=\"https:\/\/zamphelmets.co\/sv\/homologering-forklarad\/\">Snell SA2020-hj\u00e4lmtekniken<\/a> med kvalitetsdesign f\u00f6r att ge den <em>absolut mest prisv\u00e4rda hj\u00e4lmen p\u00e5 marknaden<\/em>!<\/p>\n<p>Den h\u00e4r modellen ger bra ventilation och komfort med en snygg och enkel design som g\u00f6r det l\u00e4ttare att h\u00e5lla sig sval och f\u00f6rhindra imma under extrema t\u00e4vlingsf\u00f6rh\u00e5llanden. <a href=\"https:\/\/zamphelmets.co\/sv\/produkt\/rz-59-matt-svart\/#description\">RZ-59<\/a> erbjuder en fantastisk passform, h\u00f6g finish och det mest konkurrenskraftiga priset som finns i branschen.<\/p>\n<div class=\"klaviyo-form-W3TFBQ\"><\/div>\n<div><\/div>\n<p>&nbsp;<\/p>\n<figure id=\"attachment_4723\" aria-describedby=\"caption-attachment-4723\" style=\"width: 400px\" class=\"wp-caption aligncenter\"><img decoding=\"async\" class=\"wp-image-4723 lazyload\" data-src=\"https:\/\/zamphelmets.co\/wp-content\/uploads\/sites\/3\/2021\/11\/IMG_3354-300x294.jpg\" alt=\"\" width=\"400\" height=\"392\" data-srcset=\"https:\/\/zamphelmets.co\/wp-content\/uploads\/2021\/11\/IMG_3354-300x294.jpg 300w, https:\/\/zamphelmets.co\/wp-content\/uploads\/2021\/11\/IMG_3354-1024x1005.jpg 1024w, https:\/\/zamphelmets.co\/wp-content\/uploads\/2021\/11\/IMG_3354-768x754.jpg 768w, https:\/\/zamphelmets.co\/wp-content\/uploads\/2021\/11\/IMG_3354-600x589.jpg 600w, https:\/\/zamphelmets.co\/wp-content\/uploads\/2021\/11\/IMG_3354.jpg 1242w\" data-sizes=\"(max-width: 400px) 100vw, 400px\" src=\"data:image\/svg+xml;base64,PHN2ZyB3aWR0aD0iMSIgaGVpZ2h0PSIxIiB4bWxucz0iaHR0cDovL3d3dy53My5vcmcvMjAwMC9zdmciPjwvc3ZnPg==\" style=\"--smush-placeholder-width: 400px; --smush-placeholder-aspect-ratio: 400\/392;\" \/><figcaption id=\"caption-attachment-4723\" class=\"wp-caption-text\">(kredit) SnappyRacers.com<\/figcaption><\/figure>\n<p><em>F\u00f6r att delta, fyll bara i formul\u00e4ret ovan och h\u00e5ll sedan \u00f6gonen p\u00e5 dina e-postmeddelanden f\u00f6r att ta reda p\u00e5 om du har valts ut som den lyckliga vinnaren! Vinnaren meddelas den 1 januari 2022.<\/em><\/p>\n","protected":false},"excerpt":{"rendered":"<p>&nbsp; Vi har samarbetat med Den Hartog Racing f\u00f6r att ge dig chansen att vinna en RZ-59 Matte Black-hj\u00e4lm OCH en gratis Zamp Cap! Zamp RZ-59 Matte Black kombinerar den senaste Snell SA2020-hj\u00e4lmtekniken med kvalitetsdesign f\u00f6r att ge den absolut mest prisv\u00e4rda hj\u00e4lmen p\u00e5 marknaden! Den h\u00e4r modellen ger bra ventilation och komfort med en [&hellip;]<\/p>\n","protected":false},"author":2,"featured_media":15338,"parent":0,"menu_order":0,"comment_status":"closed","ping_status":"closed","template":"","meta":{"_acf_changed":false,"footnotes":""},"class_list":["post-22094","page","type-page","status-publish","has-post-thumbnail","hentry"],"acf":[],"yoast_head":"<!-- This site is optimized with the Yoast SEO plugin v27.0 - https:\/\/yoast.com\/product\/yoast-seo-wordpress\/ -->\n<title>Vinn en RZ-59 matt svart hj\u00e4lm PLUS Zamp keps! - Zamp Helmets | Helmet 28 EU<\/title>\n<meta name=\"description\" content=\"Vi har samarbetat med Den Hartog Racing f\u00f6r att ge dig chansen att vinna en RZ-59 Matte Black-hj\u00e4lm PLUS en gratis Zamp Cap v\u00e4rd \u00f6ver \u00a3 200\" \/>\n<meta name=\"robots\" content=\"index, follow, max-snippet:-1, max-image-preview:large, max-video-preview:-1\" \/>\n<link rel=\"canonical\" href=\"https:\/\/zamphelmets.co\/sv\/vinn-en-rz-59-matt-svart-hjalm-plus-zamp-keps\/\" \/>\n<meta property=\"og:locale\" content=\"sv_SE\" \/>\n<meta property=\"og:type\" content=\"article\" \/>\n<meta property=\"og:title\" content=\"Vinn en RZ-59 matt svart hj\u00e4lm PLUS Zamp keps! - Zamp Helmets | Helmet 28 EU\" \/>\n<meta property=\"og:description\" content=\"Vi har samarbetat med Den Hartog Racing f\u00f6r att ge dig chansen att vinna en RZ-59 Matte Black-hj\u00e4lm PLUS en gratis Zamp Cap v\u00e4rd \u00f6ver \u00a3 200\" \/>\n<meta property=\"og:url\" content=\"https:\/\/zamphelmets.co\/sv\/vinn-en-rz-59-matt-svart-hjalm-plus-zamp-keps\/\" \/>\n<meta property=\"og:site_name\" content=\"Zamp Helmets | Helmet 28 EU\" \/>\n<meta property=\"article:modified_time\" content=\"2024-06-15T07:35:21+00:00\" \/>\n<meta property=\"og:image\" content=\"https:\/\/zamphelmets.co\/wp-content\/uploads\/2021\/11\/H77203F.jpg\" \/>\n\t<meta property=\"og:image:width\" content=\"1500\" \/>\n\t<meta property=\"og:image:height\" content=\"1500\" \/>\n\t<meta property=\"og:image:type\" content=\"image\/jpeg\" \/>\n<meta name=\"twitter:card\" content=\"summary_large_image\" \/>\n<meta name=\"twitter:label1\" content=\"Est. reading time\" \/>\n\t<meta name=\"twitter:data1\" content=\"1 minut\" \/>\n<script type=\"application\/ld+json\" class=\"yoast-schema-graph\">{\"@context\":\"https:\/\/schema.org\",\"@graph\":[{\"@type\":\"WebPage\",\"@id\":\"https:\/\/zamphelmets.co\/sv\/vinn-en-rz-59-matt-svart-hjalm-plus-zamp-keps\/\",\"url\":\"https:\/\/zamphelmets.co\/sv\/vinn-en-rz-59-matt-svart-hjalm-plus-zamp-keps\/\",\"name\":\"Vinn en RZ-59 matt svart hj\u00e4lm PLUS Zamp keps! - Zamp Helmets | Helmet 28 EU\",\"isPartOf\":{\"@id\":\"https:\/\/zamphelmets.co\/sv\/#website\"},\"primaryImageOfPage\":{\"@id\":\"https:\/\/zamphelmets.co\/sv\/vinn-en-rz-59-matt-svart-hjalm-plus-zamp-keps\/#primaryimage\"},\"image\":{\"@id\":\"https:\/\/zamphelmets.co\/sv\/vinn-en-rz-59-matt-svart-hjalm-plus-zamp-keps\/#primaryimage\"},\"thumbnailUrl\":\"https:\/\/zamphelmets.co\/wp-content\/uploads\/2021\/11\/H77203F.jpg\",\"datePublished\":\"2021-11-12T16:09:29+00:00\",\"dateModified\":\"2024-06-15T07:35:21+00:00\",\"description\":\"Vi har samarbetat med Den Hartog Racing f\u00f6r att ge dig chansen att vinna en RZ-59 Matte Black-hj\u00e4lm PLUS en gratis Zamp Cap v\u00e4rd \u00f6ver \u00a3 200\",\"inLanguage\":\"sv-SE\",\"potentialAction\":[{\"@type\":\"ReadAction\",\"target\":[\"https:\/\/zamphelmets.co\/sv\/vinn-en-rz-59-matt-svart-hjalm-plus-zamp-keps\/\"]}]},{\"@type\":\"ImageObject\",\"inLanguage\":\"sv-SE\",\"@id\":\"https:\/\/zamphelmets.co\/sv\/vinn-en-rz-59-matt-svart-hjalm-plus-zamp-keps\/#primaryimage\",\"url\":\"https:\/\/zamphelmets.co\/wp-content\/uploads\/2021\/11\/H77203F.jpg\",\"contentUrl\":\"https:\/\/zamphelmets.co\/wp-content\/uploads\/2021\/11\/H77203F.jpg\",\"width\":1500,\"height\":1500},{\"@type\":\"WebSite\",\"@id\":\"https:\/\/zamphelmets.co\/sv\/#website\",\"url\":\"https:\/\/zamphelmets.co\/sv\/\",\"name\":\"Zamp Helmets | Helmet 28 EU\",\"description\":\"High Quality Motorsport Helmets\",\"potentialAction\":[{\"@type\":\"SearchAction\",\"target\":{\"@type\":\"EntryPoint\",\"urlTemplate\":\"https:\/\/zamphelmets.co\/sv\/?s={search_term_string}\"},\"query-input\":{\"@type\":\"PropertyValueSpecification\",\"valueRequired\":true,\"valueName\":\"search_term_string\"}}],\"inLanguage\":\"sv-SE\"}]}<\/script>\n<!-- \/ Yoast SEO plugin. -->","yoast_head_json":{"title":"Vinn en RZ-59 matt svart hj\u00e4lm PLUS Zamp keps! - Zamp Helmets | Helmet 28 EU","description":"Vi har samarbetat med Den Hartog Racing f\u00f6r att ge dig chansen att vinna en RZ-59 Matte Black-hj\u00e4lm PLUS en gratis Zamp Cap v\u00e4rd \u00f6ver \u00a3 200","robots":{"index":"index","follow":"follow","max-snippet":"max-snippet:-1","max-image-preview":"max-image-preview:large","max-video-preview":"max-video-preview:-1"},"canonical":"https:\/\/zamphelmets.co\/sv\/vinn-en-rz-59-matt-svart-hjalm-plus-zamp-keps\/","og_locale":"sv_SE","og_type":"article","og_title":"Vinn en RZ-59 matt svart hj\u00e4lm PLUS Zamp keps! - Zamp Helmets | Helmet 28 EU","og_description":"Vi har samarbetat med Den Hartog Racing f\u00f6r att ge dig chansen att vinna en RZ-59 Matte Black-hj\u00e4lm PLUS en gratis Zamp Cap v\u00e4rd \u00f6ver \u00a3 200","og_url":"https:\/\/zamphelmets.co\/sv\/vinn-en-rz-59-matt-svart-hjalm-plus-zamp-keps\/","og_site_name":"Zamp Helmets | Helmet 28 EU","article_modified_time":"2024-06-15T07:35:21+00:00","og_image":[{"width":1500,"height":1500,"url":"https:\/\/zamphelmets.co\/wp-content\/uploads\/2021\/11\/H77203F.jpg","type":"image\/jpeg"}],"twitter_card":"summary_large_image","twitter_misc":{"Est. reading time":"1 minut"},"schema":{"@context":"https:\/\/schema.org","@graph":[{"@type":"WebPage","@id":"https:\/\/zamphelmets.co\/sv\/vinn-en-rz-59-matt-svart-hjalm-plus-zamp-keps\/","url":"https:\/\/zamphelmets.co\/sv\/vinn-en-rz-59-matt-svart-hjalm-plus-zamp-keps\/","name":"Vinn en RZ-59 matt svart hj\u00e4lm PLUS Zamp keps! - Zamp Helmets | Helmet 28 EU","isPartOf":{"@id":"https:\/\/zamphelmets.co\/sv\/#website"},"primaryImageOfPage":{"@id":"https:\/\/zamphelmets.co\/sv\/vinn-en-rz-59-matt-svart-hjalm-plus-zamp-keps\/#primaryimage"},"image":{"@id":"https:\/\/zamphelmets.co\/sv\/vinn-en-rz-59-matt-svart-hjalm-plus-zamp-keps\/#primaryimage"},"thumbnailUrl":"https:\/\/zamphelmets.co\/wp-content\/uploads\/2021\/11\/H77203F.jpg","datePublished":"2021-11-12T16:09:29+00:00","dateModified":"2024-06-15T07:35:21+00:00","description":"Vi har samarbetat med Den Hartog Racing f\u00f6r att ge dig chansen att vinna en RZ-59 Matte Black-hj\u00e4lm PLUS en gratis Zamp Cap v\u00e4rd \u00f6ver \u00a3 200","inLanguage":"sv-SE","potentialAction":[{"@type":"ReadAction","target":["https:\/\/zamphelmets.co\/sv\/vinn-en-rz-59-matt-svart-hjalm-plus-zamp-keps\/"]}]},{"@type":"ImageObject","inLanguage":"sv-SE","@id":"https:\/\/zamphelmets.co\/sv\/vinn-en-rz-59-matt-svart-hjalm-plus-zamp-keps\/#primaryimage","url":"https:\/\/zamphelmets.co\/wp-content\/uploads\/2021\/11\/H77203F.jpg","contentUrl":"https:\/\/zamphelmets.co\/wp-content\/uploads\/2021\/11\/H77203F.jpg","width":1500,"height":1500},{"@type":"WebSite","@id":"https:\/\/zamphelmets.co\/sv\/#website","url":"https:\/\/zamphelmets.co\/sv\/","name":"Zamp Helmets | Helmet 28 EU","description":"High Quality Motorsport Helmets","potentialAction":[{"@type":"SearchAction","target":{"@type":"EntryPoint","urlTemplate":"https:\/\/zamphelmets.co\/sv\/?s={search_term_string}"},"query-input":{"@type":"PropertyValueSpecification","valueRequired":true,"valueName":"search_term_string"}}],"inLanguage":"sv-SE"}]}},"_links":{"self":[{"href":"https:\/\/zamphelmets.co\/sv\/wp-json\/wp\/v2\/pages\/22094","targetHints":{"allow":["GET"]}}],"collection":[{"href":"https:\/\/zamphelmets.co\/sv\/wp-json\/wp\/v2\/pages"}],"about":[{"href":"https:\/\/zamphelmets.co\/sv\/wp-json\/wp\/v2\/types\/page"}],"author":[{"embeddable":true,"href":"https:\/\/zamphelmets.co\/sv\/wp-json\/wp\/v2\/users\/2"}],"replies":[{"embeddable":true,"href":"https:\/\/zamphelmets.co\/sv\/wp-json\/wp\/v2\/comments?post=22094"}],"version-history":[{"count":1,"href":"https:\/\/zamphelmets.co\/sv\/wp-json\/wp\/v2\/pages\/22094\/revisions"}],"predecessor-version":[{"id":22125,"href":"https:\/\/zamphelmets.co\/sv\/wp-json\/wp\/v2\/pages\/22094\/revisions\/22125"}],"wp:featuredmedia":[{"embeddable":true,"href":"https:\/\/zamphelmets.co\/sv\/wp-json\/wp\/v2\/media\/15338"}],"wp:attachment":[{"href":"https:\/\/zamphelmets.co\/sv\/wp-json\/wp\/v2\/media?parent=22094"}],"curies":[{"name":"wp","href":"https:\/\/api.w.org\/{rel}","templated":true}]}}