{"id":22091,"date":"2020-08-19T15:24:11","date_gmt":"2020-08-19T15:24:11","guid":{"rendered":"https:\/\/zamphelmets.co\/villkor-och-anvisningar\/"},"modified":"2024-07-15T16:28:41","modified_gmt":"2024-07-15T16:28:41","slug":"villkor-och-anvisningar","status":"publish","type":"page","link":"https:\/\/zamphelmets.co\/sv\/villkor-och-anvisningar\/","title":{"rendered":"Villkor och anvisningar"},"content":{"rendered":"<p>Vi \u00e4ndrar dessa villkor fr\u00e5n tid till annan. Varje g\u00e5ng du vill best\u00e4lla produkter, v\u00e4nligen kontrollera dessa villkor f\u00f6r att s\u00e4kerst\u00e4lla att du f\u00f6rst\u00e5r de villkor som g\u00e4ller vid den tidpunkten f\u00f6r k\u00f6pet.<\/p>\n<p>Ursprungligen publicerad den 21 juni 2017<\/p>\n<p>Kontrakt f\u00f6r leverans av produkter eller tj\u00e4nster<\/p>\n<p>1.1. De produkter, priser och tj\u00e4nster som visas p\u00e5 v\u00e5r webbplats utg\u00f6r inte ett juridiskt bindande erbjudande. Inget avtal f\u00f6r leverans av produkter eller varor kommer att anses existera mellan dig och Helmet 28 Ltd om inte, och tills full betalning har gjorts och best\u00e4llningen accepterats.<\/p>\n<p>1.2. Ett e-postmeddelande skickas av Helmet 28 Ltd till dig som bekr\u00e4ftar att din best\u00e4llning har accepterats och att betalningen har genomf\u00f6rts. Detta bekr\u00e4ftelsemeddelande utg\u00f6r ett godk\u00e4nnande av Helmet 28 Ltd av ditt erbjudande att k\u00f6pa varor eller tj\u00e4nster fr\u00e5n Helmet 28 Ltd och detta godk\u00e4nnande \u00e4r effektivt oavsett om du f\u00e5r e-postmeddelandet eller inte.<\/p>\n<p>1.3. Helmet 28 Ltd f\u00f6rbeh\u00e5ller sig r\u00e4tten att fr\u00e5ntr\u00e4da ett potentiellt avtal n\u00e4r som helst f\u00f6re eller efter godk\u00e4nnande. Detta g\u00e4ller \u00e4ven efter det att ett bekr\u00e4ftelsemail har skickats om det finns n\u00e5got fel eller n\u00e5gon felaktighet avseende varorna eller tj\u00e4nsterna, n\u00e5gon beskrivning som till\u00e4mpas p\u00e5 varorna eller tj\u00e4nsterna, tillg\u00e4ngligheten av varorna eller tj\u00e4nsterna eller sj\u00e4lva best\u00e4llningen. Under dessa omst\u00e4ndigheter kommer Helmet 28 Ltd att meddela dig s\u00e5 snart som m\u00f6jligt och alternativet att v\u00e4nta p\u00e5 lager, v\u00e4lja ett alternativ eller en fullst\u00e4ndig \u00e5terbetalning kommer att erbjudas. Helmet 28 Ltd kan v\u00e4gra att godk\u00e4nna en best\u00e4llning, \u00e5terbetala en best\u00e4llning eller annullera en best\u00e4llning n\u00e4r som helst utan f\u00f6reg\u00e5ende meddelande.<\/p>\n<p>1.4. Pris- och tillg\u00e4nglighetsinformation kan \u00e4ndras utan f\u00f6reg\u00e5ende meddelande. Kreditkortet debiteras innan varan skickas eller innan tj\u00e4nsterna aktiveras av Helmet 28 Ltd.<\/p>\n<p>Begr\u00e4nsning av ansvar<\/p>\n<p>2.1. Med undantag f\u00f6r vad som s\u00e4rskilt anges p\u00e5 denna webbplats \u00e4r varken Helmet 28 Ltd eller n\u00e5gon av dess direkt\u00f6rer, anst\u00e4llda eller andra representanter ansvariga f\u00f6r skador som uppst\u00e5r p\u00e5 grund av eller i samband med anv\u00e4ndningen av denna webbplats. Detta \u00e4r en omfattande ansvarsbegr\u00e4nsning som g\u00e4ller f\u00f6r alla skador av alla slag, inklusive (utan begr\u00e4nsning) ers\u00e4ttningsgilla, direkta, indirekta eller f\u00f6ljdskador, f\u00f6rlust av data, inkomst eller vinst, f\u00f6rlust av eller skada p\u00e5 egendom och anspr\u00e5k fr\u00e5n tredje part.<\/p>\n<p>2.2. \u00c4ven om Helmet 28 Ltd f\u00f6rs\u00f6ker anv\u00e4nda r\u00e4tt bilder f\u00f6r varje artikel, kan ibland misstag intr\u00e4ffa och fel bild kan laddas upp. Det \u00e4r upp till kunden att i f\u00f6rv\u00e4g bekr\u00e4fta om det finns n\u00e5gra skillnader mellan bilder och beskrivningar. Helmet 28 Ltd ansvarar inte f\u00f6r om den bild som anv\u00e4nds inte st\u00e4mmer \u00f6verens med den beskrivning som ges. P\u00e5 grund av tillverkarens uppdateringar, skillnader i sk\u00e4rmdefinitioner etc. kan bilderna skilja sig fr\u00e5n den faktiska artikeln som levereras, Helmet 28 Ltd ansvarar inte f\u00f6r n\u00e5gra kostnader om s\u00e5 \u00e4r fallet.<\/p>\n<p>2.3. Helmet 28 Ltd \u00e4r INTE ansvarigt f\u00f6r att kontrollera om en hj\u00e4lm \u00e4r laglig f\u00f6r det land eller den t\u00e4vlingsserie som vi levererar till. Det \u00e4r helt och h\u00e5llet kundens ansvar att se till att den hj\u00e4lm som k\u00f6ps \u00e4r laglig f\u00f6r den anv\u00e4ndning som kr\u00e4vs.<\/p>\n<p>2.4. Helmet 28 Ltd ansvarar INTE f\u00f6r valutakursf\u00f6r\u00e4ndringar (vid tidpunkten f\u00f6r best\u00e4llningen eller vid tidpunkten f\u00f6r \u00e5terbetalning), importtull eller importskatt till ditt land. Det \u00e4r upp till kunden att kontrollera eventuella avgifter som kan tillkomma innan best\u00e4llningen g\u00f6rs.<\/p>\n<h2>Din r\u00e4tt till retur och \u00e5terbetalning<\/h2>\n<p>3.1Helmet 28 LTD str\u00e4var efter att alltid tillhandah\u00e5lla varor av h\u00f6g kvalitet som \u00e4r felfria och oskadade. Ibland kan dock varor som levererats av oss beh\u00f6va returneras och s\u00e5dana returer regleras av dessa villkor och best\u00e4mmelser. Som konsument har du alltid lagliga r\u00e4ttigheter n\u00e4r det g\u00e4ller varor som \u00e4r felaktiga eller inte st\u00e4mmer \u00f6verens med beskrivningen. Dessa lagliga r\u00e4ttigheter p\u00e5verkas inte av returpolicyn i denna punkt 3. Du kan f\u00e5 r\u00e5d om dina lagliga r\u00e4ttigheter fr\u00e5n din lokala Citizens&#8217; Advice Bureau eller Trading Standards-kontor.<\/p>\n<p><span class=\"num\">3.2<\/span> De varor vi levererar till dig omfattas av en tillverkargaranti (f\u00f6r mer information, se den tillverkargaranti som medf\u00f6ljer varorna). Om n\u00e5gon vara som vi levererar till dig visar sig vara felaktig under garantitiden har du r\u00e4tt till reparation eller utbyte av varan i enlighet med villkoren i garantin.<\/p>\n<p><span class=\"num\">3.3<\/span> Tillverkarens garanti som beskrivs i punkt 3.2 ovan och returpolicyn som anges i punkt 3.9 nedan \u00e4r ut\u00f6ver dina lagliga r\u00e4ttigheter i f\u00f6rh\u00e5llande till varor som du har k\u00f6pt fr\u00e5n oss som \u00e4r felaktiga eller inte enligt beskrivningen.<\/p>\n<p><span class=\"num\">3.4<\/span> Om du f\u00e5r varor som du har k\u00f6pt fr\u00e5n oss som inte \u00f6verensst\u00e4mmer med dem som du best\u00e4llde och du inte vill acceptera dessa varor, kommer vi med f\u00f6rbeh\u00e5ll f\u00f6r klausul 3.6 antingen att ers\u00e4tta dessa varor med de best\u00e4llda (om tillg\u00e4ngliga) eller \u00e5terbetala till dig det pris som du betalade f\u00f6r dessa varor genom den betalningsmetod som du anv\u00e4nde n\u00e4r du k\u00f6pte dessa varor.<\/p>\n<p><span class=\"num\">3.5 <\/span>Om varor som du har k\u00f6pt fr\u00e5n oss \u00e4r felaktiga och du inte vill acceptera dessa varor, kommer vi med f\u00f6rbeh\u00e5ll f\u00f6r klausul 3.6 och 3.7 antingen att reparera de defekta varorna, ers\u00e4tta dem (om ers\u00e4ttare finns tillg\u00e4ngliga) eller p\u00e5 annat s\u00e4tt \u00e5terbetala till dig det pris som du betalade f\u00f6r de defekta varorna via den betalningsmetod som du anv\u00e4nde n\u00e4r du k\u00f6pte dessa varor.<\/p>\n<p><span class=\"num\">3.6<\/span> Eventuell ers\u00e4ttning eller \u00e5terbetalning av varor enligt punkterna 3.4 eller 3.5 \u00e4r beroende av dig:<\/p>\n<p><span class=\"num\">(a)<\/span> informera oss omedelbart vid uppt\u00e4ckten att de relevanta Varorna \u00e4r felaktigt beskrivna eller felaktiga;<\/p>\n<p><span class=\"num\">(b)<\/span> ge oss rimlig m\u00f6jlighet att unders\u00f6ka dessa varor; och<\/p>\n<p><span class=\"num\">(c)<\/span> returnera dessa varor och all f\u00f6rpackning och dokumentation som medf\u00f6ljer dem till oss p\u00e5 v\u00e5r bekostnad eller p\u00e5 annat s\u00e4tt l\u00e5ta oss h\u00e4mta dessa varor fr\u00e5n dig.<\/p>\n<p><span class=\"num\">3.7<\/span> Vi ansvarar inte f\u00f6r n\u00e5got fel i n\u00e5gra varor i den utstr\u00e4ckning som till\u00e5ts enligt lag om felet \u00e4r resultatet av:<\/p>\n<p><span class=\"num\">(a)<\/span> sk\u00e4ligt slitage som uppst\u00e5r vid anv\u00e4ndning av varorna eller avsiktlig skada p\u00e5 varorna efter leverans av dem till dig eller f\u00f6r skada som orsakats av din f\u00f6rsumlighet;<\/p>\n<p><span class=\"num\">(b)<\/span> din underl\u00e5tenhet att f\u00f6lja v\u00e5ra eller varutillverkarens rimliga instruktioner som tillhandah\u00e5lls eller ing\u00e5r i varorna avseende f\u00f6rvaring, installation, idrifttagning, anv\u00e4ndning eller underh\u00e5ll; eller<\/p>\n<p><span class=\"num\">(c)<\/span> du reparerar eller \u00e4ndrar Varorna utan v\u00e5rt f\u00f6reg\u00e5ende skriftliga medgivande,<\/p>\n<p>eller om du anv\u00e4nder dessa varor efter att ha underr\u00e4ttat oss om felet i dem.<\/p>\n<p><span class=\"num\">3.8<\/span> Det \u00e4r ditt ansvar att kontrollera att de varor som du f\u00e5r fr\u00e5n oss \u00e4r:<\/p>\n<p>(<span class=\"num\">a)<\/span> den eller de varor som du best\u00e4llt; och<\/p>\n<p><span class=\"num\">(b)<\/span> att det inte finns n\u00e5got uppenbart fel p\u00e5 Varorna,<\/p>\n<p>och som s\u00e5dan \u00e4r vi inte ansvariga f\u00f6r n\u00e5gra kostnader som du \u00e5drar dig med avseende p\u00e5 montering eller inf\u00f6rlivande av n\u00e5gra varor i n\u00e5got efter leverans av dem till dig om du inte uppfyller dina skyldigheter enligt denna klausul med avseende p\u00e5 dessa varor. Ingenting i denna klausul 3.8 ska dock begr\u00e4nsa dina lagliga r\u00e4ttigheter i f\u00f6rh\u00e5llande till varor som vi har tillhandah\u00e5llit dig som \u00e4r felaktiga eller felaktigt beskrivna.<\/p>\n<p><span class=\"num\">3.9<\/span> Ut\u00f6ver dina r\u00e4ttigheter enligt klausulerna 3.1, 3.4 och 3.5 och f\u00f6rutom under de omst\u00e4ndigheter som anges i klausul 3.10, om du av n\u00e5gon anledning inte \u00e4r n\u00f6jd med varor som du har k\u00f6pt fr\u00e5n oss eller om du \u00e4ndrar dig, kan du returnera dem till oss p\u00e5 egen bekostnad inom 14 kalenderdagar efter leverans av dem till dig. Vi kommer d\u00e5 att \u00e5terbetala det pris du betalade f\u00f6r dessa varor eller, om du beg\u00e4r det, erbjuda dig att byta ut dessa varor.<\/p>\n<p><span class=\"num\">3.10<\/span> Vi f\u00f6rbeh\u00e5ller oss r\u00e4tten att ut\u00f6va diskretion med avseende p\u00e5 retur av varor enligt klausul 3.9 och kan v\u00e4gra att acceptera returer enligt den klausulen eller, om vi v\u00e4ljer det, minska det pris som vi \u00e5terbetalar till dig enligt den klausulen om:<\/p>\n<p><span class=\"num\">(a)<\/span> Varorna har skadats eller blivit slitna efter att de levererats till dig;<\/p>\n<p><span class=\"num\">(b)<\/span> du har inkorporerat eller monterat Varorna i n\u00e5got annat f\u00f6rem\u00e5l;<\/p>\n<p><span class=\"num\">(c)<\/span> dessa Varor best\u00e5r av ljud- eller videoinspelningar eller datorprogram som levereras i f\u00f6rseglat emballage och emballaget f\u00f6r dessa Varor har \u00f6ppnats vid eller efter leverans av dem till dig;<\/p>\n<p><span class=\"num\">(d)<\/span> dessa Varor har k\u00f6pts till ett rabatterat pris f\u00f6r att ta h\u00e4nsyn till eventuella skador p\u00e5, eller bristande kvalitet hos, dessa Varor;<\/p>\n<p><span class=\"num\">(e)<\/span> du har anv\u00e4nt dessa varor f\u00f6r aff\u00e4rsm\u00e4ssiga eller kommersiella \u00e4ndam\u00e5l utan v\u00e5rt f\u00f6reg\u00e5ende skriftliga medgivande;<\/p>\n<p><span class=\"num\">(f)<\/span> du g\u00f6r \u00e4ndringar eller reparationer av dessa varor utan v\u00e5rt skriftliga medgivande; eller<\/p>\n<p><span class=\"num\">(g)<\/span> vi tror att du f\u00f6rs\u00f6ker missbruka v\u00e5rt system f\u00f6r att returnera varor,<\/p>\n<p>(h) Varor som har specialbest\u00e4llts p\u00e5 din beg\u00e4ran f\u00e5r inte returneras till oss f\u00f6r kreditering:<\/p>\n<p>(i) Varor som k\u00f6pts som en del av en kampanj\/paketering kommer att krediteras men kommer att medf\u00f6ra en 10 % \u00e5terst\u00e4llningsavgift.<\/p>\n<p>(j) F\u00f6r produkter med installation\/tillbeh\u00f6rsmontering debiteras en \u00e5terst\u00e4llningsavgift p\u00e5 15%.<\/p>\n<p>\u00e4ven om ingenting i denna klausul ska begr\u00e4nsa dina lagliga r\u00e4ttigheter i f\u00f6rh\u00e5llande till varor som tillhandah\u00e5lls dig som \u00e4r felaktiga eller inte enligt beskrivningen.<\/p>\n<p><span class=\"num\">3.11<\/span> Om du \u00e5terl\u00e4mnar varor enligt punkt 3.9:<\/p>\n<p><span class=\"num\">(a)<\/span> f\u00f6rbeh\u00e5ller vi oss r\u00e4tten att debitera dig f\u00f6r de kostnader som vi \u00e5dragit oss i samband med leveransen av varorna till dig och \u00e5terl\u00e4mnandet av dessa varor till oss; och<\/p>\n<p><span class=\"num\">(b)<\/span> och du har k\u00f6pt Varorna med hj\u00e4lp av finansiering, f\u00f6rbeh\u00e5ller vi oss r\u00e4tten att antingen<\/p>\n<p>(<span class=\"num\">i)<\/span> debitera de kostnader som vi \u00e5dragit oss f\u00f6r arrangemang och administration av denna finansiering. Dessa kostnader varierar beroende p\u00e5 finansieringsarrangemangets belopp och l\u00e4ngd; eller<\/p>\n<p><span class=\"num\">(ii)<\/span> ist\u00e4llet f\u00f6r att utf\u00e4rda en \u00e5terbetalning, ge dig en butikskredit f\u00f6r v\u00e4rdet av de varor som returneras, s\u00e5dan kredit ska anv\u00e4ndas inom 12 m\u00e5nader efter det att denna kredit utf\u00e4rdats till dig.<\/p>\n<p><span class=\"num\">3.12<\/span> Enligt Konsumentf\u00f6rordningen 2013 har du r\u00e4tt att avbest\u00e4lla din best\u00e4llning s\u00e5 l\u00e4nge du g\u00f6r det senast 14 dagar efter den dag d\u00e5 du tar emot varan eller tj\u00e4nsten. Denna r\u00e4tt att annullera din best\u00e4llning g\u00e4ller dock inte f\u00f6r varor som \u00e4r:<\/p>\n<p><span class=\"num\">(a)<\/span> m\u00e5ttbest\u00e4lld eller skr\u00e4ddarsydd eller p\u00e5 annat s\u00e4tt tillverkad enligt dina specifikationer eller tydligt personlig;<\/p>\n<p>(<span class=\"num\">b)<\/span> Tidningar, tidskrifter eller magasin;<\/p>\n<p>(<span class=\"num\">c)<\/span> f\u00f6rg\u00e4ngliga varor, s\u00e5som mat eller dryck, eller<\/p>\n<p>(<span class=\"num\">d)<\/span> programvara, DVD-skivor eller CD-skivor som har en s\u00e4kerhetsf\u00f6rsegling som du har \u00f6ppnat eller avf\u00f6rseglat.<\/p>\n<p><span class=\"num\">3.13<\/span> Efter annullering av en best\u00e4llning enligt punkt 3.12 ska vi \u00e5terbetala alla belopp som ni har betalat f\u00f6r varorna i fr\u00e5ga s\u00e5 snart som m\u00f6jligt och, under alla omst\u00e4ndigheter, inom 30 kalenderdagar fr\u00e5n den dag d\u00e5 ni gav oss ett skriftligt meddelande om annullering, med avdrag f\u00f6r v\u00e5ra rimliga kostnader f\u00f6r att \u00e5terta varorna om ni inte betalar kostnaderna f\u00f6r att returnera dessa varor till oss och under f\u00f6ruts\u00e4ttning att ni tar rimlig hand om varorna tills de returneras till oss. Om du avbest\u00e4ller en best\u00e4llning av varor som vi redan har behandlat f\u00f6r leverans, f\u00e5r du inte packa upp varorna n\u00e4r de tas emot av dig.<\/p>\n<p><span class=\"num\">3.14<\/span> Om du har avbest\u00e4llt din best\u00e4llning enligt punkt 3.12 och varorna har levererats till dig:<\/p>\n<p><span class=\"num\">(a)<\/span> m\u00e5ste du returnera de relevanta Varorna till oss s\u00e5 snart som rimligen \u00e4r praktiskt m\u00f6jligt. Om Varorna beh\u00f6ver h\u00e4mtas, h\u00e4mtar vi dem fr\u00e5n den adress dit de levererades. Vi kontaktar dig f\u00f6r att komma \u00f6verens om en l\u00e4mplig tid f\u00f6r upph\u00e4mtning;<\/p>\n<p><span class=\"num\">(b)<\/span> du kommer att vara ansvarig f\u00f6r kostnaden f\u00f6r att returnera varorna till oss eller, i f\u00f6rekommande fall, kostnaden f\u00f6r att vi h\u00e4mtar varorna fr\u00e5n dig; och<\/p>\n<p><span class=\"num\">(c)<\/span> du har en r\u00e4ttslig skyldighet att h\u00e5lla Varorna i din besittning och att ta rimlig hand om Varorna tills de returneras till eller h\u00e4mtas av oss.<\/p>\n<p><span class=\"num\">3.15<\/span> Information om din lagliga r\u00e4tt att avbest\u00e4lla och en f\u00f6rklaring av hur du ut\u00f6var den finns i orderbekr\u00e4ftelsen.<\/p>\n<p>3.16. https:\/\/helmet28.com\/ is an Online business, your item cannot be returned to us in person. Vi har ingen Trade\/Customer-disk och ditt k\u00f6p kan INTE returneras till v\u00e5rt kontor. Din vara m\u00e5ste skickas tillbaka till Helmet 28 Returns, AteaLaan 36, 2200, Herentals, Belgien.<\/p>\n<p>Leverans<\/p>\n<p>4.1. Din best\u00e4llning kommer att fullg\u00f6ras senast det ber\u00e4knade leveransdatum som anges i orderbekr\u00e4ftelsen, s\u00e5vida det inte intr\u00e4ffar en h\u00e4ndelse utanf\u00f6r v\u00e5r kontroll. Vi kan inte garantera leverans av varor inom angivna tidsramar. Alla leveranstider \u00e4r uppskattningar och eventuella skador som orsakas av sen leverans \u00e4r inte Helmet 28:s ansvar.<\/p>\n<p>4.2. Leveransen \u00e4r slutf\u00f6rd n\u00e4r vi levererar Produkterna till den adress som du har angett till oss.<\/p>\n<p>4.3. Om ingen \u00e4r tillg\u00e4nglig p\u00e5 din adress f\u00f6r att ta emot leveransen, ska kuriren\/posttj\u00e4nsten normalt l\u00e4mna ett meddelande till dig om att de har f\u00f6rs\u00f6kt leverera produkterna. Det \u00e4r ditt ansvar att omorganisera leveransen eller p\u00e5 annat s\u00e4tt h\u00e4mta produkterna fr\u00e5n relevant budfirma\/posttj\u00e4nst.<\/p>\n<p>4.4. Produkterna \u00e4r ditt ansvar fr\u00e5n det att leveransen har slutf\u00f6rts.<\/p>\n<p>4.5. Du \u00e4ger Produkterna n\u00e4r vi har mottagit full betalning, inklusive alla till\u00e4mpliga leveransavgifter.<\/p>\n<p>Kommunikation<\/p>\n<p>5.1. F\u00f6r att h\u00e4va ett avtal i enlighet med din lagliga r\u00e4tt m\u00e5ste du kontakta oss via Sales@helmet28.com eller genom att skicka ett brev till Helmet 28 Ltd, Clifton Square, Alderley Edge, SK9 7NW. Du kanske vill beh\u00e5lla en kopia av ditt meddelande om avbokning f\u00f6r dina egna uppgifter. Om du skickar ditt meddelande om upps\u00e4gning via e-post eller post g\u00e4ller upps\u00e4gningen fr\u00e5n och med den dag d\u00e5 du skickade e-postmeddelandet eller postade brevet till oss.<\/p>\n<p>5.2. Om du vill kontakta oss skriftligen av n\u00e5gon annan anledning kan du g\u00f6ra detta genom att kontakta oss via Help@helmet28.com eller med f\u00f6rbetald post till Helmet 28 Ltd, Clifton Square, Alderley Edge, SK9 7NW.<\/p>\n<p>5.3. Om vi m\u00e5ste kontakta dig eller ge dig ett skriftligt meddelande kommer vi att g\u00f6ra det via e-post eller med f\u00f6rbetald post till den adress som du har angett i din best\u00e4llning.<\/p>\n<p>Integritetspolicy<\/p>\n<p>6.1. Helmet 28 Ltd har f\u00f6rbundit sig att skydda sina kunders integritet. Vi samlar endast in information om dig som kr\u00e4vs f\u00f6r att behandla din best\u00e4llning och ge dig b\u00e4sta m\u00f6jliga service. All information som samlas in kommer endast att anv\u00e4ndas i enlighet med dataskyddslagen fr\u00e5n 1998. Vi l\u00e4mnar inte ut n\u00e5gon av dina uppgifter till tredje part utan att f\u00f6rst ha inh\u00e4mtat ditt uttryckliga samtycke.<\/p>\n<p>6.2. F\u00f6ljande information kommer att kr\u00e4vas f\u00f6r att vi ska kunna behandla din best\u00e4llning och meddela dig om din best\u00e4llningsstatus.<\/p>\n<p>Ditt namn<br \/>\nF\u00f6retagets namn (om till\u00e4mpligt)<br \/>\nAdress<br \/>\nE-postadress<br \/>\nKontaktperson Telefonnummer<br \/>\nUppgifter om kredit- eller betalkort<\/p>\n<p>6.3. Vi lagrar inte kreditkortsuppgifter som samlas in genom n\u00e5gon best\u00e4llningsprocess, t.ex. online- eller telefonbest\u00e4llningar.<\/p>\n<p>6.4. Dataskyddslagen fr\u00e5n 1998 kr\u00e4ver att vi \u00e4r \u00f6ppna med hur vi hanterar och anv\u00e4nder personuppgifter. Helmet 28 Ltd har \u00e5tagit sig att uppr\u00e4tth\u00e5lla de \u00e5tta dataskyddsprinciperna f\u00f6r god informationshanteringspraxis och kommer att skydda och uppr\u00e4tth\u00e5lla dina r\u00e4ttigheter hela tiden.<\/p>\n<p>6.5. Du kan d\u00e5 och d\u00e5 bli kontaktad med erbjudanden som ligger i ditt intresse.<\/p>\n","protected":false},"excerpt":{"rendered":"<p>Vi \u00e4ndrar dessa villkor fr\u00e5n tid till annan. Varje g\u00e5ng du vill best\u00e4lla produkter, v\u00e4nligen kontrollera dessa villkor f\u00f6r att s\u00e4kerst\u00e4lla att du f\u00f6rst\u00e5r de villkor som g\u00e4ller vid den tidpunkten f\u00f6r k\u00f6pet. Ursprungligen publicerad den 21 juni 2017 Kontrakt f\u00f6r leverans av produkter eller tj\u00e4nster 1.1. De produkter, priser och tj\u00e4nster som visas p\u00e5 [&hellip;]<\/p>\n","protected":false},"author":1,"featured_media":0,"parent":0,"menu_order":0,"comment_status":"closed","ping_status":"closed","template":"templates\/fullwidth.php","meta":{"_acf_changed":false,"footnotes":""},"class_list":["post-22091","page","type-page","status-publish","hentry"],"acf":[],"yoast_head":"<!-- This site is optimized with the Yoast SEO plugin v27.0 - https:\/\/yoast.com\/product\/yoast-seo-wordpress\/ -->\n<title>Villkor och anvisningar - Zamp Helmets | Helmet 28 EU<\/title>\n<meta name=\"robots\" content=\"index, follow, max-snippet:-1, max-image-preview:large, max-video-preview:-1\" \/>\n<link rel=\"canonical\" href=\"https:\/\/zamphelmets.co\/sv\/villkor-och-anvisningar\/\" \/>\n<meta property=\"og:locale\" content=\"sv_SE\" \/>\n<meta property=\"og:type\" content=\"article\" \/>\n<meta property=\"og:title\" content=\"Villkor och anvisningar - Zamp Helmets | Helmet 28 EU\" \/>\n<meta property=\"og:description\" content=\"Vi \u00e4ndrar dessa villkor fr\u00e5n tid till annan. Varje g\u00e5ng du vill best\u00e4lla produkter, v\u00e4nligen kontrollera dessa villkor f\u00f6r att s\u00e4kerst\u00e4lla att du f\u00f6rst\u00e5r de villkor som g\u00e4ller vid den tidpunkten f\u00f6r k\u00f6pet. Ursprungligen publicerad den 21 juni 2017 Kontrakt f\u00f6r leverans av produkter eller tj\u00e4nster 1.1. De produkter, priser och tj\u00e4nster som visas p\u00e5 [&hellip;]\" \/>\n<meta property=\"og:url\" content=\"https:\/\/zamphelmets.co\/sv\/villkor-och-anvisningar\/\" \/>\n<meta property=\"og:site_name\" content=\"Zamp Helmets | Helmet 28 EU\" \/>\n<meta property=\"article:modified_time\" content=\"2024-07-15T16:28:41+00:00\" \/>\n<meta name=\"twitter:card\" content=\"summary_large_image\" \/>\n<meta name=\"twitter:label1\" content=\"Est. reading time\" \/>\n\t<meta name=\"twitter:data1\" content=\"14 minuter\" \/>\n<script type=\"application\/ld+json\" class=\"yoast-schema-graph\">{\"@context\":\"https:\/\/schema.org\",\"@graph\":[{\"@type\":\"WebPage\",\"@id\":\"https:\/\/zamphelmets.co\/sv\/villkor-och-anvisningar\/\",\"url\":\"https:\/\/zamphelmets.co\/sv\/villkor-och-anvisningar\/\",\"name\":\"Villkor och anvisningar - Zamp Helmets | Helmet 28 EU\",\"isPartOf\":{\"@id\":\"https:\/\/zamphelmets.co\/sv\/#website\"},\"datePublished\":\"2020-08-19T15:24:11+00:00\",\"dateModified\":\"2024-07-15T16:28:41+00:00\",\"inLanguage\":\"sv-SE\",\"potentialAction\":[{\"@type\":\"ReadAction\",\"target\":[\"https:\/\/zamphelmets.co\/sv\/villkor-och-anvisningar\/\"]}]},{\"@type\":\"WebSite\",\"@id\":\"https:\/\/zamphelmets.co\/sv\/#website\",\"url\":\"https:\/\/zamphelmets.co\/sv\/\",\"name\":\"Zamp Helmets | Helmet 28 EU\",\"description\":\"High Quality Motorsport Helmets\",\"potentialAction\":[{\"@type\":\"SearchAction\",\"target\":{\"@type\":\"EntryPoint\",\"urlTemplate\":\"https:\/\/zamphelmets.co\/sv\/?s={search_term_string}\"},\"query-input\":{\"@type\":\"PropertyValueSpecification\",\"valueRequired\":true,\"valueName\":\"search_term_string\"}}],\"inLanguage\":\"sv-SE\"}]}<\/script>\n<!-- \/ Yoast SEO plugin. -->","yoast_head_json":{"title":"Villkor och anvisningar - Zamp Helmets | Helmet 28 EU","robots":{"index":"index","follow":"follow","max-snippet":"max-snippet:-1","max-image-preview":"max-image-preview:large","max-video-preview":"max-video-preview:-1"},"canonical":"https:\/\/zamphelmets.co\/sv\/villkor-och-anvisningar\/","og_locale":"sv_SE","og_type":"article","og_title":"Villkor och anvisningar - Zamp Helmets | Helmet 28 EU","og_description":"Vi \u00e4ndrar dessa villkor fr\u00e5n tid till annan. Varje g\u00e5ng du vill best\u00e4lla produkter, v\u00e4nligen kontrollera dessa villkor f\u00f6r att s\u00e4kerst\u00e4lla att du f\u00f6rst\u00e5r de villkor som g\u00e4ller vid den tidpunkten f\u00f6r k\u00f6pet. Ursprungligen publicerad den 21 juni 2017 Kontrakt f\u00f6r leverans av produkter eller tj\u00e4nster 1.1. De produkter, priser och tj\u00e4nster som visas p\u00e5 [&hellip;]","og_url":"https:\/\/zamphelmets.co\/sv\/villkor-och-anvisningar\/","og_site_name":"Zamp Helmets | Helmet 28 EU","article_modified_time":"2024-07-15T16:28:41+00:00","twitter_card":"summary_large_image","twitter_misc":{"Est. reading time":"14 minuter"},"schema":{"@context":"https:\/\/schema.org","@graph":[{"@type":"WebPage","@id":"https:\/\/zamphelmets.co\/sv\/villkor-och-anvisningar\/","url":"https:\/\/zamphelmets.co\/sv\/villkor-och-anvisningar\/","name":"Villkor och anvisningar - Zamp Helmets | Helmet 28 EU","isPartOf":{"@id":"https:\/\/zamphelmets.co\/sv\/#website"},"datePublished":"2020-08-19T15:24:11+00:00","dateModified":"2024-07-15T16:28:41+00:00","inLanguage":"sv-SE","potentialAction":[{"@type":"ReadAction","target":["https:\/\/zamphelmets.co\/sv\/villkor-och-anvisningar\/"]}]},{"@type":"WebSite","@id":"https:\/\/zamphelmets.co\/sv\/#website","url":"https:\/\/zamphelmets.co\/sv\/","name":"Zamp Helmets | Helmet 28 EU","description":"High Quality Motorsport Helmets","potentialAction":[{"@type":"SearchAction","target":{"@type":"EntryPoint","urlTemplate":"https:\/\/zamphelmets.co\/sv\/?s={search_term_string}"},"query-input":{"@type":"PropertyValueSpecification","valueRequired":true,"valueName":"search_term_string"}}],"inLanguage":"sv-SE"}]}},"_links":{"self":[{"href":"https:\/\/zamphelmets.co\/sv\/wp-json\/wp\/v2\/pages\/22091","targetHints":{"allow":["GET"]}}],"collection":[{"href":"https:\/\/zamphelmets.co\/sv\/wp-json\/wp\/v2\/pages"}],"about":[{"href":"https:\/\/zamphelmets.co\/sv\/wp-json\/wp\/v2\/types\/page"}],"author":[{"embeddable":true,"href":"https:\/\/zamphelmets.co\/sv\/wp-json\/wp\/v2\/users\/1"}],"replies":[{"embeddable":true,"href":"https:\/\/zamphelmets.co\/sv\/wp-json\/wp\/v2\/comments?post=22091"}],"version-history":[{"count":3,"href":"https:\/\/zamphelmets.co\/sv\/wp-json\/wp\/v2\/pages\/22091\/revisions"}],"predecessor-version":[{"id":28405,"href":"https:\/\/zamphelmets.co\/sv\/wp-json\/wp\/v2\/pages\/22091\/revisions\/28405"}],"wp:attachment":[{"href":"https:\/\/zamphelmets.co\/sv\/wp-json\/wp\/v2\/media?parent=22091"}],"curies":[{"name":"wp","href":"https:\/\/api.w.org\/{rel}","templated":true}]}}