{"id":22041,"date":"2020-11-24T12:30:52","date_gmt":"2020-11-24T12:30:52","guid":{"rendered":"https:\/\/zamphelmets.co\/kontakt\/registreringsformular-for-ambassadorer\/"},"modified":"2020-11-24T12:30:52","modified_gmt":"2020-11-24T12:30:52","slug":"registreringsformular-for-ambassadorer","status":"publish","type":"page","link":"https:\/\/zamphelmets.co\/sv\/kontakt\/registreringsformular-for-ambassadorer\/","title":{"rendered":"Registreringsformul\u00e4r f\u00f6r ambassad\u00f6rer"},"content":{"rendered":"<p><strong>\u00c4r du intresserad av att arbeta med <a href=\"https:\/\/zamphelmets.co\/product-category\/zamp-helmets\/\">Zamp Helmets<\/a> som ambassad\u00f6r? Fyll i formul\u00e4ret nedan s\u00e5 kommer en medarbetare att kontakta dig f\u00f6r att bed\u00f6ma din ambassad\u00f6rsans\u00f6kan.<\/strong><\/p>\n<p>Zamp Helmets erbjuder <a href=\"https:\/\/zamphelmets.co\/product-category\/zamp-helmets\/\">hj\u00e4lmar av h\u00f6gsta kvalitet<\/a> med spjutspetsteknik till ett \u00f6verkomligt pris.<\/p>\n<p>Zamp grundades i USA och \u00e4r k\u00e4nda f\u00f6r att erbjuda otrolig kvalitet till ett <a href=\"https:\/\/zamphelmets.co\/product-category\/zamp-helmets\/\">mycket konkurrenskraftigt pris<\/a>. N\u00e4r du j\u00e4mf\u00f6r med andra m\u00e4rken p\u00e5 marknaden kommer du att se att v\u00e5r produkt erbjuder det b\u00e4sta v\u00e4rdet, de b\u00e4sta funktionerna och den b\u00e4sta designen. Det \u00e4r v\u00e5r uppfattning att racing inte beh\u00f6ver vara restriktivt och f\u00f6rbjuda deltagande p\u00e5 grund av priset. Vi vill g\u00f6ra det s\u00e5 enkelt som m\u00f6jligt f\u00f6r en s\u00e5 bred grupp m\u00e4nniskor som m\u00f6jligt att delta.<\/p>\n<p>Oavsett om du h\u00e5ller p\u00e5 med klubbmotorsport, karting eller v\u00e4rldens mest prestigefyllda racingserier har Zamp hj\u00e4lmen f\u00f6r dig.<\/p>\n<p>Fr\u00e5n marknadsintroduktionen <a href=\"https:\/\/zamphelmets.co\/product\/rz-56\/\">Full Face RZ 56<\/a>, perfekt f\u00f6r t\u00e4vlingsdagar och racing i slutna cockpits. Till v\u00e5r revolutionerande <a href=\"https:\/\/zamphelmets.co\/sv\/produkt\/rz-70e-omkopplare-orange-gul\/#description\">RZ 70E Switch Helmet<\/a>, som g\u00f6r att du enkelt kan konfigurera din hj\u00e4lm f\u00f6r en m\u00e4ngd olika racingupps\u00e4ttningar. Zamp-sortimentet omfattar vita och svarta standardhj\u00e4lmar samt ett fantastiskt utbud av m\u00e5lade, grafiska hj\u00e4lmar.<\/p>\n<h5><\/h5>\n<p><div class=\"afwc_reg_form_wrapper\"><form action=\"#\" id=\"afwc_registration_form\"><div class=\"afwc_reg_field_wrapper afwc_reg_email \"><label for=\"afwc_reg_email\" class=\"afwc_required\">Email<\/label><input type=\"email\" id=\"afwc_reg_email\" name=\"afwc_reg_email\" required class=\"afwc_reg_form_field\"\/><\/div><div class=\"afwc_reg_field_wrapper afwc_reg_first_name afwc_is_half\"><label for=\"afwc_reg_first_name\" class=\"afwc_\">First Name<\/label><input type=\"text\" id=\"afwc_reg_first_name\" name=\"afwc_reg_first_name\"  class=\"afwc_reg_form_field\"\/><\/div><div class=\"afwc_reg_field_wrapper afwc_reg_last_name afwc_is_half\"><label for=\"afwc_reg_last_name\" class=\"afwc_\">Last Name<\/label><input type=\"text\" id=\"afwc_reg_last_name\" name=\"afwc_reg_last_name\"  class=\"afwc_reg_form_field\"\/><\/div><div class=\"afwc_reg_field_wrapper afwc_reg_phone_no afwc_is_half\"><label for=\"afwc_reg_phone_no\" class=\"afwc_\">Phone Number<\/label><input type=\"tel\" id=\"afwc_reg_phone_no\" name=\"afwc_reg_phone_no\"  class=\"afwc_reg_form_field\"\/><\/div><div class=\"afwc_reg_field_wrapper afwc_reg_skype afwc_is_half\"><label for=\"afwc_reg_skype\" class=\"afwc_\">Skype ID<\/label><input type=\"text\" id=\"afwc_reg_skype\" name=\"afwc_reg_skype\"  class=\"afwc_reg_form_field\"\/><\/div><div class=\"afwc_reg_field_wrapper afwc_reg_website \"><label for=\"afwc_reg_website\" class=\"afwc_\">Website<\/label><input type=\"text\" id=\"afwc_reg_website\" name=\"afwc_reg_website\"  class=\"afwc_reg_form_field\"\/><\/div><div class=\"afwc_reg_field_wrapper afwc_reg_password afwc_is_half\"><label for=\"afwc_reg_password\" class=\"afwc_required\">Password<\/label><input type=\"password\" id=\"afwc_reg_password\" name=\"afwc_reg_password\" required class=\"afwc_reg_form_field\"\/><\/div><div class=\"afwc_reg_field_wrapper afwc_reg_confirm_password afwc_is_half\"><label for=\"afwc_reg_confirm_password\" class=\"afwc_required\">Confirm Password<\/label><input type=\"password\" id=\"afwc_reg_confirm_password\" name=\"afwc_reg_confirm_password\" required class=\"afwc_reg_form_field\"\/><\/div><div class=\"afwc_reg_field_wrapper afwc_reg_desc \"><label for=\"afwc_reg_desc\" class=\"afwc_required\">Tell us more about yourself and why you'd like to partner with us (please include your social media handles, experience promoting others, tell us about your audience etc)<\/label><textarea name=\"afwc_reg_desc\" id=\"afwc_reg_desc\" required size=\"100\" rows=\"5\" cols=\"58\" class=\"afwc_reg_form_field\"><\/textarea><\/div><div class=\"afwc_reg_field_wrapper afwc_reg_terms \"><label for=\"afwc_reg_terms\" class=\"afwc_required\"><input type=\"checkbox\" id=\"afwc_reg_terms\" name=\"afwc_reg_terms\" required class=\"afwc_reg_form_field\"\/> I accept all the terms of this program<\/label><\/div><input type=\"hidden\" name=\"afwc_registration\" id=\"afwc_registration\" value=\"29d6da2515\"\/><label style=\"position:absolute;top:-99999px;left:-99999px;z-index:-99;\"><input type=\"text\" name=\"afwc_hp_email\"  tabindex=\"-1\" autocomplete=\"-1\" value=\"\"\/><\/label><div class=\"afwc_reg_field_wrapper\"><input type=\"submit\" name=\"submit\" class=\"afwc_registration_form_submit\" id=\"afwc_registration_form_submit\" value=\"Submit\"\/><div class=\"afwc_reg_loader\"><img decoding=\"async\" data-src=\"https:\/\/zamphelmets.co\/wp-content\/plugins\/woocommerce\/assets\/images\/wpspin-2x.gif\" src=\"data:image\/svg+xml;base64,PHN2ZyB3aWR0aD0iMSIgaGVpZ2h0PSIxIiB4bWxucz0iaHR0cDovL3d3dy53My5vcmcvMjAwMC9zdmciPjwvc3ZnPg==\" class=\"lazyload\" style=\"--smush-placeholder-width: 32px; --smush-placeholder-aspect-ratio: 32\/32;\" \/><\/div><\/div><div class=\"afwc_reg_message\"><\/div><\/form><\/div><img decoding=\"async\" class=\"alignnone wp-image-2748 size-medium lazyload\" data-src=\"https:\/\/zamphelmets.co\/wp-content\/uploads\/2020\/11\/a9c4171a-b48e-419a-96b8-c046b8b23d2c-238x300.png\" alt=\"zamp hj\u00e4lmar ambassad\u00f6r\" width=\"238\" height=\"300\" data-srcset=\"https:\/\/zamphelmets.co\/wp-content\/uploads\/2020\/11\/a9c4171a-b48e-419a-96b8-c046b8b23d2c-238x300.png 238w, https:\/\/zamphelmets.co\/wp-content\/uploads\/2020\/11\/a9c4171a-b48e-419a-96b8-c046b8b23d2c.png 535w\" data-sizes=\"(max-width: 238px) 100vw, 238px\" src=\"data:image\/svg+xml;base64,PHN2ZyB3aWR0aD0iMSIgaGVpZ2h0PSIxIiB4bWxucz0iaHR0cDovL3d3dy53My5vcmcvMjAwMC9zdmciPjwvc3ZnPg==\" style=\"--smush-placeholder-width: 238px; --smush-placeholder-aspect-ratio: 238\/300;\" \/><\/p>\n","protected":false},"excerpt":{"rendered":"<p>\u00c4r du intresserad av att arbeta med Zamp Helmets som ambassad\u00f6r? Fyll i formul\u00e4ret nedan s\u00e5 kommer en medarbetare att kontakta dig f\u00f6r att bed\u00f6ma din ambassad\u00f6rsans\u00f6kan. Zamp Helmets erbjuder hj\u00e4lmar av h\u00f6gsta kvalitet med spjutspetsteknik till ett \u00f6verkomligt pris. Zamp grundades i USA och \u00e4r k\u00e4nda f\u00f6r att erbjuda otrolig kvalitet till ett mycket [&hellip;]<\/p>\n","protected":false},"author":2,"featured_media":13595,"parent":21970,"menu_order":0,"comment_status":"closed","ping_status":"closed","template":"","meta":{"_acf_changed":false,"footnotes":""},"class_list":["post-22041","page","type-page","status-publish","has-post-thumbnail","hentry"],"acf":[],"yoast_head":"<!-- This site is optimized with the Yoast SEO plugin v27.0 - https:\/\/yoast.com\/product\/yoast-seo-wordpress\/ -->\n<title>Registreringsformul\u00e4r f\u00f6r ambassad\u00f6rer - Zamp Helmets | Helmet 28 EU<\/title>\n<meta name=\"description\" content=\"\u00c4r du intresserad av att arbeta med Zamp Helmets som ambassad\u00f6r? V\u00e4nligen fyll i formul\u00e4ret nedan s\u00e5 kommer en medarbetare att kontakta dig.\" \/>\n<meta name=\"robots\" content=\"index, follow, max-snippet:-1, max-image-preview:large, max-video-preview:-1\" \/>\n<link rel=\"canonical\" href=\"https:\/\/zamphelmets.co\/sv\/kontakt\/registreringsformular-for-ambassadorer\/\" \/>\n<meta property=\"og:locale\" content=\"sv_SE\" \/>\n<meta property=\"og:type\" content=\"article\" \/>\n<meta property=\"og:title\" content=\"Registreringsformul\u00e4r f\u00f6r ambassad\u00f6rer - Zamp Helmets | Helmet 28 EU\" \/>\n<meta property=\"og:description\" content=\"\u00c4r du intresserad av att arbeta med Zamp Helmets som ambassad\u00f6r? V\u00e4nligen fyll i formul\u00e4ret nedan s\u00e5 kommer en medarbetare att kontakta dig.\" \/>\n<meta property=\"og:url\" content=\"https:\/\/zamphelmets.co\/sv\/kontakt\/registreringsformular-for-ambassadorer\/\" \/>\n<meta property=\"og:site_name\" content=\"Zamp Helmets | Helmet 28 EU\" \/>\n<meta property=\"og:image\" content=\"https:\/\/zamphelmets.co\/wp-content\/uploads\/2020\/11\/a9c4171a-b48e-419a-96b8-c046b8b23d2c.png\" \/>\n\t<meta property=\"og:image:width\" content=\"535\" \/>\n\t<meta property=\"og:image:height\" content=\"674\" \/>\n\t<meta property=\"og:image:type\" content=\"image\/png\" \/>\n<meta name=\"twitter:card\" content=\"summary_large_image\" \/>\n<meta name=\"twitter:label1\" content=\"Est. reading time\" \/>\n\t<meta name=\"twitter:data1\" content=\"1 minut\" \/>\n<script type=\"application\/ld+json\" class=\"yoast-schema-graph\">{\"@context\":\"https:\/\/schema.org\",\"@graph\":[{\"@type\":\"WebPage\",\"@id\":\"https:\/\/zamphelmets.co\/sv\/kontakt\/registreringsformular-for-ambassadorer\/\",\"url\":\"https:\/\/zamphelmets.co\/sv\/kontakt\/registreringsformular-for-ambassadorer\/\",\"name\":\"Registreringsformul\u00e4r f\u00f6r ambassad\u00f6rer - Zamp Helmets | Helmet 28 EU\",\"isPartOf\":{\"@id\":\"https:\/\/zamphelmets.co\/sv\/#website\"},\"primaryImageOfPage\":{\"@id\":\"https:\/\/zamphelmets.co\/sv\/kontakt\/registreringsformular-for-ambassadorer\/#primaryimage\"},\"image\":{\"@id\":\"https:\/\/zamphelmets.co\/sv\/kontakt\/registreringsformular-for-ambassadorer\/#primaryimage\"},\"thumbnailUrl\":\"https:\/\/zamphelmets.co\/wp-content\/uploads\/2020\/11\/a9c4171a-b48e-419a-96b8-c046b8b23d2c.png\",\"datePublished\":\"2020-11-24T12:30:52+00:00\",\"description\":\"\u00c4r du intresserad av att arbeta med Zamp Helmets som ambassad\u00f6r? V\u00e4nligen fyll i formul\u00e4ret nedan s\u00e5 kommer en medarbetare att kontakta dig.\",\"breadcrumb\":{\"@id\":\"https:\/\/zamphelmets.co\/sv\/kontakt\/registreringsformular-for-ambassadorer\/#breadcrumb\"},\"inLanguage\":\"sv-SE\",\"potentialAction\":[{\"@type\":\"ReadAction\",\"target\":[\"https:\/\/zamphelmets.co\/sv\/kontakt\/registreringsformular-for-ambassadorer\/\"]}]},{\"@type\":\"ImageObject\",\"inLanguage\":\"sv-SE\",\"@id\":\"https:\/\/zamphelmets.co\/sv\/kontakt\/registreringsformular-for-ambassadorer\/#primaryimage\",\"url\":\"https:\/\/zamphelmets.co\/wp-content\/uploads\/2020\/11\/a9c4171a-b48e-419a-96b8-c046b8b23d2c.png\",\"contentUrl\":\"https:\/\/zamphelmets.co\/wp-content\/uploads\/2020\/11\/a9c4171a-b48e-419a-96b8-c046b8b23d2c.png\",\"width\":535,\"height\":674},{\"@type\":\"BreadcrumbList\",\"@id\":\"https:\/\/zamphelmets.co\/sv\/kontakt\/registreringsformular-for-ambassadorer\/#breadcrumb\",\"itemListElement\":[{\"@type\":\"ListItem\",\"position\":1,\"name\":\"Kontakt\",\"item\":\"https:\/\/zamphelmets.co\/sv\/kontakt\/\"},{\"@type\":\"ListItem\",\"position\":2,\"name\":\"Registreringsformul\u00e4r f\u00f6r ambassad\u00f6rer\"}]},{\"@type\":\"WebSite\",\"@id\":\"https:\/\/zamphelmets.co\/sv\/#website\",\"url\":\"https:\/\/zamphelmets.co\/sv\/\",\"name\":\"Zamp Helmets | Helmet 28 EU\",\"description\":\"High Quality Motorsport Helmets\",\"potentialAction\":[{\"@type\":\"SearchAction\",\"target\":{\"@type\":\"EntryPoint\",\"urlTemplate\":\"https:\/\/zamphelmets.co\/sv\/?s={search_term_string}\"},\"query-input\":{\"@type\":\"PropertyValueSpecification\",\"valueRequired\":true,\"valueName\":\"search_term_string\"}}],\"inLanguage\":\"sv-SE\"}]}<\/script>\n<!-- \/ Yoast SEO plugin. -->","yoast_head_json":{"title":"Registreringsformul\u00e4r f\u00f6r ambassad\u00f6rer - Zamp Helmets | Helmet 28 EU","description":"\u00c4r du intresserad av att arbeta med Zamp Helmets som ambassad\u00f6r? V\u00e4nligen fyll i formul\u00e4ret nedan s\u00e5 kommer en medarbetare att kontakta dig.","robots":{"index":"index","follow":"follow","max-snippet":"max-snippet:-1","max-image-preview":"max-image-preview:large","max-video-preview":"max-video-preview:-1"},"canonical":"https:\/\/zamphelmets.co\/sv\/kontakt\/registreringsformular-for-ambassadorer\/","og_locale":"sv_SE","og_type":"article","og_title":"Registreringsformul\u00e4r f\u00f6r ambassad\u00f6rer - Zamp Helmets | Helmet 28 EU","og_description":"\u00c4r du intresserad av att arbeta med Zamp Helmets som ambassad\u00f6r? V\u00e4nligen fyll i formul\u00e4ret nedan s\u00e5 kommer en medarbetare att kontakta dig.","og_url":"https:\/\/zamphelmets.co\/sv\/kontakt\/registreringsformular-for-ambassadorer\/","og_site_name":"Zamp Helmets | Helmet 28 EU","og_image":[{"width":535,"height":674,"url":"https:\/\/zamphelmets.co\/wp-content\/uploads\/2020\/11\/a9c4171a-b48e-419a-96b8-c046b8b23d2c.png","type":"image\/png"}],"twitter_card":"summary_large_image","twitter_misc":{"Est. reading time":"1 minut"},"schema":{"@context":"https:\/\/schema.org","@graph":[{"@type":"WebPage","@id":"https:\/\/zamphelmets.co\/sv\/kontakt\/registreringsformular-for-ambassadorer\/","url":"https:\/\/zamphelmets.co\/sv\/kontakt\/registreringsformular-for-ambassadorer\/","name":"Registreringsformul\u00e4r f\u00f6r ambassad\u00f6rer - Zamp Helmets | Helmet 28 EU","isPartOf":{"@id":"https:\/\/zamphelmets.co\/sv\/#website"},"primaryImageOfPage":{"@id":"https:\/\/zamphelmets.co\/sv\/kontakt\/registreringsformular-for-ambassadorer\/#primaryimage"},"image":{"@id":"https:\/\/zamphelmets.co\/sv\/kontakt\/registreringsformular-for-ambassadorer\/#primaryimage"},"thumbnailUrl":"https:\/\/zamphelmets.co\/wp-content\/uploads\/2020\/11\/a9c4171a-b48e-419a-96b8-c046b8b23d2c.png","datePublished":"2020-11-24T12:30:52+00:00","description":"\u00c4r du intresserad av att arbeta med Zamp Helmets som ambassad\u00f6r? V\u00e4nligen fyll i formul\u00e4ret nedan s\u00e5 kommer en medarbetare att kontakta dig.","breadcrumb":{"@id":"https:\/\/zamphelmets.co\/sv\/kontakt\/registreringsformular-for-ambassadorer\/#breadcrumb"},"inLanguage":"sv-SE","potentialAction":[{"@type":"ReadAction","target":["https:\/\/zamphelmets.co\/sv\/kontakt\/registreringsformular-for-ambassadorer\/"]}]},{"@type":"ImageObject","inLanguage":"sv-SE","@id":"https:\/\/zamphelmets.co\/sv\/kontakt\/registreringsformular-for-ambassadorer\/#primaryimage","url":"https:\/\/zamphelmets.co\/wp-content\/uploads\/2020\/11\/a9c4171a-b48e-419a-96b8-c046b8b23d2c.png","contentUrl":"https:\/\/zamphelmets.co\/wp-content\/uploads\/2020\/11\/a9c4171a-b48e-419a-96b8-c046b8b23d2c.png","width":535,"height":674},{"@type":"BreadcrumbList","@id":"https:\/\/zamphelmets.co\/sv\/kontakt\/registreringsformular-for-ambassadorer\/#breadcrumb","itemListElement":[{"@type":"ListItem","position":1,"name":"Kontakt","item":"https:\/\/zamphelmets.co\/sv\/kontakt\/"},{"@type":"ListItem","position":2,"name":"Registreringsformul\u00e4r f\u00f6r ambassad\u00f6rer"}]},{"@type":"WebSite","@id":"https:\/\/zamphelmets.co\/sv\/#website","url":"https:\/\/zamphelmets.co\/sv\/","name":"Zamp Helmets | Helmet 28 EU","description":"High Quality Motorsport Helmets","potentialAction":[{"@type":"SearchAction","target":{"@type":"EntryPoint","urlTemplate":"https:\/\/zamphelmets.co\/sv\/?s={search_term_string}"},"query-input":{"@type":"PropertyValueSpecification","valueRequired":true,"valueName":"search_term_string"}}],"inLanguage":"sv-SE"}]}},"_links":{"self":[{"href":"https:\/\/zamphelmets.co\/sv\/wp-json\/wp\/v2\/pages\/22041","targetHints":{"allow":["GET"]}}],"collection":[{"href":"https:\/\/zamphelmets.co\/sv\/wp-json\/wp\/v2\/pages"}],"about":[{"href":"https:\/\/zamphelmets.co\/sv\/wp-json\/wp\/v2\/types\/page"}],"author":[{"embeddable":true,"href":"https:\/\/zamphelmets.co\/sv\/wp-json\/wp\/v2\/users\/2"}],"replies":[{"embeddable":true,"href":"https:\/\/zamphelmets.co\/sv\/wp-json\/wp\/v2\/comments?post=22041"}],"version-history":[{"count":0,"href":"https:\/\/zamphelmets.co\/sv\/wp-json\/wp\/v2\/pages\/22041\/revisions"}],"up":[{"embeddable":true,"href":"https:\/\/zamphelmets.co\/sv\/wp-json\/wp\/v2\/pages\/21970"}],"wp:featuredmedia":[{"embeddable":true,"href":"https:\/\/zamphelmets.co\/sv\/wp-json\/wp\/v2\/media\/13595"}],"wp:attachment":[{"href":"https:\/\/zamphelmets.co\/sv\/wp-json\/wp\/v2\/media?parent=22041"}],"curies":[{"name":"wp","href":"https:\/\/api.w.org\/{rel}","templated":true}]}}