{"id":22011,"date":"2020-02-06T11:04:13","date_gmt":"2020-02-06T11:04:13","guid":{"rendered":"https:\/\/zamphelmets.co\/homologering-forklarad\/"},"modified":"2026-02-16T15:06:40","modified_gmt":"2026-02-16T15:06:40","slug":"homologering-forklarad","status":"publish","type":"page","link":"https:\/\/zamphelmets.co\/sv\/homologering-forklarad\/","title":{"rendered":"Homologering f\u00f6rklarad"},"content":{"rendered":"<section class=\"elementor-element elementor-element-49c97e0 elementor-section-boxed elementor-section-height-default elementor-section-height-default elementor-section elementor-top-section\" data-id=\"49c97e0\" data-element_type=\"section\">\n<div class=\"elementor-container elementor-column-gap-default\">\n<div class=\"elementor-row\">\n<div class=\"elementor-element elementor-element-a04f786 elementor-column elementor-col-100 elementor-top-column\" data-id=\"a04f786\" data-element_type=\"column\">\n<div class=\"elementor-column-wrap elementor-element-populated\">\n<div class=\"elementor-widget-wrap\">\n<div class=\"elementor-element elementor-element-d7779a7 elementor-widget elementor-widget-heading\" data-id=\"d7779a7\" data-element_type=\"widget\" data-widget_type=\"heading.default\">\n<div class=\"elementor-widget-container\">\n<section class=\"elementor-element elementor-element-49c97e0 elementor-section-boxed elementor-section-height-default elementor-section-height-default elementor-section elementor-top-section\" data-id=\"49c97e0\" data-element_type=\"section\">\n<div class=\"elementor-container elementor-column-gap-default\">\n<div class=\"elementor-row\">\n<div class=\"elementor-element elementor-element-a04f786 elementor-column elementor-col-100 elementor-top-column\" data-id=\"a04f786\" data-element_type=\"column\">\n<div class=\"elementor-column-wrap elementor-element-populated\">\n<div class=\"elementor-widget-wrap\">\n<div class=\"elementor-element elementor-element-d7779a7 elementor-widget elementor-widget-heading\" data-id=\"d7779a7\" data-element_type=\"widget\" data-widget_type=\"heading.default\">\n<div class=\"elementor-widget-container\">\n<h3 class=\"elementor-heading-title elementor-size-xxl\">Vilken homologering beh\u00f6ver jag?<\/h3>\n<\/div>\n<\/div>\n<\/div>\n<\/div>\n<\/div>\n<\/div>\n<\/div>\n<\/section>\n<section class=\"elementor-element elementor-element-049f318 elementor-section-boxed elementor-section-height-default elementor-section-height-default elementor-section elementor-top-section\" data-id=\"049f318\" data-element_type=\"section\">\n<div class=\"elementor-container elementor-column-gap-default\">\n<div class=\"elementor-row\">\n<div class=\"elementor-element elementor-element-1083611 elementor-column elementor-col-100 elementor-top-column\" data-id=\"1083611\" data-element_type=\"column\">\n<div class=\"elementor-column-wrap elementor-element-populated\">\n<div class=\"elementor-widget-wrap\">\n<div class=\"elementor-element elementor-element-7c9e7ad elementor-widget elementor-widget-spacer\" data-id=\"7c9e7ad\" data-element_type=\"widget\" data-widget_type=\"spacer.default\">\n<div class=\"elementor-widget-container\">\n<div class=\"elementor-spacer\">\n<div class=\"elementor-spacer-inner\">Det sista du vill g\u00f6ra \u00e4r att komma till n\u00e4sta motorsportevenemang och uppt\u00e4cka att din utrustning \u00e4r f\u00f6r\u00e5ldrad. Vi vet att det ibland kan k\u00e4nnas som ett minf\u00e4lt att f\u00f6rst\u00e5 vilken Homologation du beh\u00f6ver (FIA \/ SNELL \/ CMR). Det f\u00f6rsta vi skulle f\u00f6resl\u00e5 \u00e4r att du kontaktar arrang\u00f6rerna av ditt t\u00e4vlingsm\u00e4sterskap och fr\u00e5gar dem exakt vilken homologering du beh\u00f6ver. Eller misslyckas med det, \u00e4r du v\u00e4lkommen att <a href=\"https:\/\/zamphelmets.co\/sv\/kontakt\/\">kontakta oss<\/a> s\u00e5 g\u00f6r vi v\u00e5rt b\u00e4sta f\u00f6r att hj\u00e4lpa till.<\/div>\n<\/div>\n<\/div>\n<\/div>\n<\/div>\n<\/div>\n<\/div>\n<div class=\"elementor-element elementor-element-1083611 elementor-column elementor-col-100 elementor-top-column\" data-id=\"1083611\" data-element_type=\"column\">\n<div class=\"elementor-column-wrap elementor-element-populated\">\n<div class=\"elementor-widget-wrap\">\n<div class=\"elementor-element elementor-element-7c9e7ad elementor-widget elementor-widget-spacer\" data-id=\"7c9e7ad\" data-element_type=\"widget\" data-widget_type=\"spacer.default\">\n<div class=\"elementor-widget-container\">\n<div>\n<h3 class=\"elementor-heading-title elementor-size-xxl\">\u00c4r din hj\u00e4lm uppdaterad?<\/h3>\n<\/div>\n<div class=\"elementor-spacer\">\n<div class=\"elementor-spacer-inner\">Om du redan har en hj\u00e4lm men beh\u00f6ver kontrollera att din homologering fortfarande \u00e4r aktuell och giltig att t\u00e4vla med, har vi listat en guide nedan till alla aktuella homologeringar och n\u00e4r de \u00e4r giltiga:<\/div>\n<\/div>\n<\/div>\n<div>\n<h3 class=\"elementor-heading-title elementor-size-xxl\"><a href=\"https:\/\/www.fia.com\/\">FIA<\/a><\/h3>\n<p>FIA:s standarder \u00e4r allm\u00e4nt erk\u00e4nda i brittiska och europeiska motorsportevenemang och \u00e4r k\u00e4nda f\u00f6r sina h\u00f6ga s\u00e4kerhetsstandarder, som ofta \u00f6vertr\u00e4ffar SNELL-standarderna.<\/p>\n<ul>\n<li><strong>FIA 8860-2004<\/strong> | Utgick 31\/12\/2020<\/li>\n<li><strong>FIA 8858-2010<\/strong> | Giltig till 31\/12\/2023<\/li>\n<li><strong>FIA 8860-2010<\/strong> | Giltig till 31\/12\/2028<\/li>\n<li><strong>FIA 8859-2015<\/strong> | G\u00e4ller f\u00f6r n\u00e4rvarande (inget utg\u00e5ngsdatum)<\/li>\n<li><strong>FIA 8859-2024<\/strong> | G\u00e4ller f\u00f6r n\u00e4rvarande (inget utg\u00e5ngsdatum)<\/li>\n<li><strong>FIA 8859-2024 ABP<\/strong> | G\u00e4ller f\u00f6r n\u00e4rvarande (inget utg\u00e5ngsdatum)<\/li>\n<li><strong>FIA 8860-2018<\/strong> | G\u00e4ller f\u00f6r n\u00e4rvarande (inget utg\u00e5ngsdatum)<\/li>\n<li><strong>FIA 8860-2018 ABP<\/strong> | G\u00e4ller f\u00f6r n\u00e4rvarande (inget utg\u00e5ngsdatum)<\/li>\n<\/ul>\n<h3 class=\"elementor-heading-title elementor-size-xxl\"><a href=\"https:\/\/smf.org\/cert\">SNELL<\/a><\/h3>\n<p>SNELL-standarderna \u00e4r globalt erk\u00e4nda och anv\u00e4nds ofta som ett alternativ till FIA-standarderna. Dessa hj\u00e4lmar \u00e4r allm\u00e4nt tillg\u00e4ngliga och betrodda av m\u00e5nga racingorganisationer. <\/p>\n<ul>\n<li><strong>SA2005<\/strong> | Utgick 31\/12\/2018<\/li>\n<li><strong>SA2010<\/strong> | F\u00f6rfallodag 31\/12\/2023<\/li>\n<li><strong>SAH2010<\/strong> | F\u00f6rfallodag 31\/12\/2023<\/li>\n<li><strong>SA2015<\/strong> | F\u00f6rfallodag 31\/12\/2023<\/li>\n<li><strong>SA2020<\/strong> | F\u00f6r n\u00e4rvarande giltigt (inget utg\u00e5ngsdatum)<\/li>\n<\/ul>\n<p><em>Obs: Standardhj\u00e4lmarna SA2020 inf\u00f6rdes i oktober 2020 och \u00e4r nu allm\u00e4nt tillg\u00e4ngliga. De flesta sanktionsorgan h\u00e5ller p\u00e5 att fasa ut \u00e4ldre standarder som SA2010. <\/em><\/p>\n<h3 class=\"elementor-heading-title elementor-size-xxl\">CMR<\/h3>\n<p>CMR-standarderna \u00e4r s\u00e4rskilt utformade f\u00f6r karting f\u00f6r juniorer (under 16 \u00e5r) och prioriterar l\u00e5g vikt f\u00f6r att minimera rotationskrafterna vid olyckor.<\/p>\n<ul>\n<li><strong>Snell-FIA CMR 2007<\/strong> | Giltig till och med 31\/12\/2024<\/li>\n<li><strong>Snell-FIA CMR 2016<\/strong> | G\u00e4ller f\u00f6r n\u00e4rvarande (inget utg\u00e5ngsdatum)<\/li>\n<\/ul>\n<p><strong>Snell-FIA CMR 2016<\/strong> \u00e4r fortfarande den senaste standarden f\u00f6r juniorhj\u00e4lmar i karting, vilket ger b\u00e4sta m\u00f6jliga skydd f\u00f6r yngre f\u00f6rare.<\/p>\n<p>&nbsp;<\/p>\n<hr>\n<\/div>\n<p>&nbsp;<\/p>\n<p><strong>Vikt &#8211; <\/strong>Till\u00e5tna hj\u00e4lmvikter beror p\u00e5 det minsta huvudomf\u00e5ng som hj\u00e4lmen \u00e4r avsedd f\u00f6r och om hj\u00e4lmen \u00e4r konfigurerad f\u00f6r att kunna ta emot ett ansiktsskydd. Huvudbonaderna ska v\u00e4gas i den mest massiva m\u00f6jliga konfigurationen med tillh\u00f6rande hj\u00e4lmutrustning.<\/p>\n<p><img decoding=\"async\" class=\"alignnone wp-image-1441 size-full lazyload\" data-src=\"https:\/\/zamphelmets.co\/wp-content\/uploads\/2020\/03\/Screenshot-2020-03-10-at-11.14.14.png\" alt=\"vikttabell f\u00f6r homologering av hj\u00e4lm\" width=\"687\" height=\"202\" data-srcset=\"https:\/\/zamphelmets.co\/wp-content\/uploads\/2020\/03\/Screenshot-2020-03-10-at-11.14.14.png 687w, https:\/\/zamphelmets.co\/wp-content\/uploads\/2020\/03\/Screenshot-2020-03-10-at-11.14.14-300x88.png 300w, https:\/\/zamphelmets.co\/wp-content\/uploads\/2020\/03\/Screenshot-2020-03-10-at-11.14.14-600x176.png 600w\" data-sizes=\"(max-width: 687px) 100vw, 687px\" src=\"data:image\/svg+xml;base64,PHN2ZyB3aWR0aD0iMSIgaGVpZ2h0PSIxIiB4bWxucz0iaHR0cDovL3d3dy53My5vcmcvMjAwMC9zdmciPjwvc3ZnPg==\" style=\"--smush-placeholder-width: 687px; --smush-placeholder-aspect-ratio: 687\/202;\" \/><\/p>\n<\/div>\n<p><em>Observera att all information p\u00e5 denna sida \u00e4r korrekt per januari 2025.  <\/em><\/p>\n<\/div>\n<\/div>\n<\/div>\n<\/div>\n<\/div>\n<\/section>\n<\/div>\n<\/div>\n<\/div>\n<\/div>\n<\/div>\n<\/div>\n<\/div>\n<\/section>\n","protected":false},"excerpt":{"rendered":"<p>Vilken homologering beh\u00f6ver jag? Det sista du vill g\u00f6ra \u00e4r att komma till n\u00e4sta motorsportevenemang och uppt\u00e4cka att din utrustning \u00e4r f\u00f6r\u00e5ldrad. Vi vet att det ibland kan k\u00e4nnas som ett minf\u00e4lt att f\u00f6rst\u00e5 vilken Homologation du beh\u00f6ver (FIA \/ SNELL \/ CMR). Det f\u00f6rsta vi skulle f\u00f6resl\u00e5 \u00e4r att du kontaktar arrang\u00f6rerna av ditt [&hellip;]<\/p>\n","protected":false},"author":2,"featured_media":0,"parent":0,"menu_order":0,"comment_status":"closed","ping_status":"closed","template":"templates\/fullwidth.php","meta":{"_acf_changed":false,"footnotes":""},"class_list":["post-22011","page","type-page","status-publish","hentry"],"acf":[],"yoast_head":"<!-- This site is optimized with the Yoast SEO plugin v27.0 - https:\/\/yoast.com\/product\/yoast-seo-wordpress\/ -->\n<title>Hj\u00e4lm Homologering f\u00f6rklarad - Zamp Helmets | Helmet 28 EU Guide<\/title>\n<meta name=\"description\" content=\"Se till att du har r\u00e4tt homologering f\u00f6r den t\u00e4vling du deltar i. Den h\u00e4r guiden f\u00f6rklarar allt du beh\u00f6ver veta.\" \/>\n<meta name=\"robots\" content=\"index, follow, max-snippet:-1, max-image-preview:large, max-video-preview:-1\" \/>\n<link rel=\"canonical\" href=\"https:\/\/zamphelmets.co\/sv\/homologering-forklarad\/\" \/>\n<meta property=\"og:locale\" content=\"sv_SE\" \/>\n<meta property=\"og:type\" content=\"article\" \/>\n<meta property=\"og:title\" content=\"Hj\u00e4lm Homologering f\u00f6rklarad - Zamp Helmets | Helmet 28 EU Guide\" \/>\n<meta property=\"og:description\" content=\"Se till att du har r\u00e4tt homologering f\u00f6r den t\u00e4vling du deltar i. Den h\u00e4r guiden f\u00f6rklarar allt du beh\u00f6ver veta.\" \/>\n<meta property=\"og:url\" content=\"https:\/\/zamphelmets.co\/sv\/homologering-forklarad\/\" \/>\n<meta property=\"og:site_name\" content=\"Zamp Helmets | Helmet 28 EU\" \/>\n<meta property=\"article:modified_time\" content=\"2026-02-16T15:06:40+00:00\" \/>\n<meta property=\"og:image\" content=\"https:\/\/zamphelmets.co\/wp-content\/uploads\/2020\/03\/Screenshot-2020-03-10-at-11.14.14.png\" \/>\n\t<meta property=\"og:image:width\" content=\"687\" \/>\n\t<meta property=\"og:image:height\" content=\"202\" \/>\n\t<meta property=\"og:image:type\" content=\"image\/png\" \/>\n<meta name=\"twitter:card\" content=\"summary_large_image\" \/>\n<meta name=\"twitter:label1\" content=\"Est. reading time\" \/>\n\t<meta name=\"twitter:data1\" content=\"2 minuter\" \/>\n<script type=\"application\/ld+json\" class=\"yoast-schema-graph\">{\"@context\":\"https:\/\/schema.org\",\"@graph\":[{\"@type\":\"WebPage\",\"@id\":\"https:\/\/zamphelmets.co\/sv\/homologering-forklarad\/\",\"url\":\"https:\/\/zamphelmets.co\/sv\/homologering-forklarad\/\",\"name\":\"Hj\u00e4lm Homologering f\u00f6rklarad - Zamp Helmets | Helmet 28 EU Guide\",\"isPartOf\":{\"@id\":\"https:\/\/zamphelmets.co\/sv\/#website\"},\"primaryImageOfPage\":{\"@id\":\"https:\/\/zamphelmets.co\/sv\/homologering-forklarad\/#primaryimage\"},\"image\":{\"@id\":\"https:\/\/zamphelmets.co\/sv\/homologering-forklarad\/#primaryimage\"},\"thumbnailUrl\":\"https:\/\/zamphelmets.co\/wp-content\/uploads\/2020\/03\/Screenshot-2020-03-10-at-11.14.14.png\",\"datePublished\":\"2020-02-06T11:04:13+00:00\",\"dateModified\":\"2026-02-16T15:06:40+00:00\",\"description\":\"Se till att du har r\u00e4tt homologering f\u00f6r den t\u00e4vling du deltar i. Den h\u00e4r guiden f\u00f6rklarar allt du beh\u00f6ver veta.\",\"inLanguage\":\"sv-SE\",\"potentialAction\":[{\"@type\":\"ReadAction\",\"target\":[\"https:\/\/zamphelmets.co\/sv\/homologering-forklarad\/\"]}]},{\"@type\":\"ImageObject\",\"inLanguage\":\"sv-SE\",\"@id\":\"https:\/\/zamphelmets.co\/sv\/homologering-forklarad\/#primaryimage\",\"url\":\"https:\/\/zamphelmets.co\/wp-content\/uploads\/2020\/03\/Screenshot-2020-03-10-at-11.14.14.png\",\"contentUrl\":\"https:\/\/zamphelmets.co\/wp-content\/uploads\/2020\/03\/Screenshot-2020-03-10-at-11.14.14.png\"},{\"@type\":\"WebSite\",\"@id\":\"https:\/\/zamphelmets.co\/sv\/#website\",\"url\":\"https:\/\/zamphelmets.co\/sv\/\",\"name\":\"Zamp Helmets | Helmet 28 EU\",\"description\":\"High Quality Motorsport Helmets\",\"potentialAction\":[{\"@type\":\"SearchAction\",\"target\":{\"@type\":\"EntryPoint\",\"urlTemplate\":\"https:\/\/zamphelmets.co\/sv\/?s={search_term_string}\"},\"query-input\":{\"@type\":\"PropertyValueSpecification\",\"valueRequired\":true,\"valueName\":\"search_term_string\"}}],\"inLanguage\":\"sv-SE\"}]}<\/script>\n<!-- \/ Yoast SEO plugin. -->","yoast_head_json":{"title":"Hj\u00e4lm Homologering f\u00f6rklarad - Zamp Helmets | Helmet 28 EU Guide","description":"Se till att du har r\u00e4tt homologering f\u00f6r den t\u00e4vling du deltar i. Den h\u00e4r guiden f\u00f6rklarar allt du beh\u00f6ver veta.","robots":{"index":"index","follow":"follow","max-snippet":"max-snippet:-1","max-image-preview":"max-image-preview:large","max-video-preview":"max-video-preview:-1"},"canonical":"https:\/\/zamphelmets.co\/sv\/homologering-forklarad\/","og_locale":"sv_SE","og_type":"article","og_title":"Hj\u00e4lm Homologering f\u00f6rklarad - Zamp Helmets | Helmet 28 EU Guide","og_description":"Se till att du har r\u00e4tt homologering f\u00f6r den t\u00e4vling du deltar i. Den h\u00e4r guiden f\u00f6rklarar allt du beh\u00f6ver veta.","og_url":"https:\/\/zamphelmets.co\/sv\/homologering-forklarad\/","og_site_name":"Zamp Helmets | Helmet 28 EU","article_modified_time":"2026-02-16T15:06:40+00:00","og_image":[{"width":687,"height":202,"url":"https:\/\/zamphelmets.co\/wp-content\/uploads\/2020\/03\/Screenshot-2020-03-10-at-11.14.14.png","type":"image\/png"}],"twitter_card":"summary_large_image","twitter_misc":{"Est. reading time":"2 minuter"},"schema":{"@context":"https:\/\/schema.org","@graph":[{"@type":"WebPage","@id":"https:\/\/zamphelmets.co\/sv\/homologering-forklarad\/","url":"https:\/\/zamphelmets.co\/sv\/homologering-forklarad\/","name":"Hj\u00e4lm Homologering f\u00f6rklarad - Zamp Helmets | Helmet 28 EU Guide","isPartOf":{"@id":"https:\/\/zamphelmets.co\/sv\/#website"},"primaryImageOfPage":{"@id":"https:\/\/zamphelmets.co\/sv\/homologering-forklarad\/#primaryimage"},"image":{"@id":"https:\/\/zamphelmets.co\/sv\/homologering-forklarad\/#primaryimage"},"thumbnailUrl":"https:\/\/zamphelmets.co\/wp-content\/uploads\/2020\/03\/Screenshot-2020-03-10-at-11.14.14.png","datePublished":"2020-02-06T11:04:13+00:00","dateModified":"2026-02-16T15:06:40+00:00","description":"Se till att du har r\u00e4tt homologering f\u00f6r den t\u00e4vling du deltar i. Den h\u00e4r guiden f\u00f6rklarar allt du beh\u00f6ver veta.","inLanguage":"sv-SE","potentialAction":[{"@type":"ReadAction","target":["https:\/\/zamphelmets.co\/sv\/homologering-forklarad\/"]}]},{"@type":"ImageObject","inLanguage":"sv-SE","@id":"https:\/\/zamphelmets.co\/sv\/homologering-forklarad\/#primaryimage","url":"https:\/\/zamphelmets.co\/wp-content\/uploads\/2020\/03\/Screenshot-2020-03-10-at-11.14.14.png","contentUrl":"https:\/\/zamphelmets.co\/wp-content\/uploads\/2020\/03\/Screenshot-2020-03-10-at-11.14.14.png"},{"@type":"WebSite","@id":"https:\/\/zamphelmets.co\/sv\/#website","url":"https:\/\/zamphelmets.co\/sv\/","name":"Zamp Helmets | Helmet 28 EU","description":"High Quality Motorsport Helmets","potentialAction":[{"@type":"SearchAction","target":{"@type":"EntryPoint","urlTemplate":"https:\/\/zamphelmets.co\/sv\/?s={search_term_string}"},"query-input":{"@type":"PropertyValueSpecification","valueRequired":true,"valueName":"search_term_string"}}],"inLanguage":"sv-SE"}]}},"_links":{"self":[{"href":"https:\/\/zamphelmets.co\/sv\/wp-json\/wp\/v2\/pages\/22011","targetHints":{"allow":["GET"]}}],"collection":[{"href":"https:\/\/zamphelmets.co\/sv\/wp-json\/wp\/v2\/pages"}],"about":[{"href":"https:\/\/zamphelmets.co\/sv\/wp-json\/wp\/v2\/types\/page"}],"author":[{"embeddable":true,"href":"https:\/\/zamphelmets.co\/sv\/wp-json\/wp\/v2\/users\/2"}],"replies":[{"embeddable":true,"href":"https:\/\/zamphelmets.co\/sv\/wp-json\/wp\/v2\/comments?post=22011"}],"version-history":[{"count":1,"href":"https:\/\/zamphelmets.co\/sv\/wp-json\/wp\/v2\/pages\/22011\/revisions"}],"predecessor-version":[{"id":203610,"href":"https:\/\/zamphelmets.co\/sv\/wp-json\/wp\/v2\/pages\/22011\/revisions\/203610"}],"wp:attachment":[{"href":"https:\/\/zamphelmets.co\/sv\/wp-json\/wp\/v2\/media?parent=22011"}],"curies":[{"name":"wp","href":"https:\/\/api.w.org\/{rel}","templated":true}]}}