{"id":22004,"date":"2020-03-11T15:48:13","date_gmt":"2020-03-11T15:48:13","guid":{"rendered":"https:\/\/zamphelmets.co\/zamp-visor-guide\/"},"modified":"2020-03-11T15:48:13","modified_gmt":"2020-03-11T15:48:13","slug":"zamp-visor-guide","status":"publish","type":"page","link":"https:\/\/zamphelmets.co\/sv\/zamp-visor-guide\/","title":{"rendered":"Zamp Visor Guide"},"content":{"rendered":"<p>Med 10 Zamp-visir f\u00f6r eftermarknaden att v\u00e4lja mellan finns det ingen brist p\u00e5 hj\u00e4lmupps\u00e4ttningar.<\/p>\n<p><img decoding=\"async\" class=\"alignnone size-medium wp-image-1448 lazyload\" data-src=\"https:\/\/zamphelmets.co\/wp-content\/uploads\/sites\/3\/2020\/03\/Z20-Prism-Gold-300x300.jpg\" alt=\"\" width=\"300\" height=\"300\" data-srcset=\"https:\/\/zamphelmets.co\/wp-content\/uploads\/2020\/03\/Z20-Prism-Gold-300x300.jpg 300w, https:\/\/zamphelmets.co\/wp-content\/uploads\/2020\/03\/Z20-Prism-Gold-150x150.jpg 150w, https:\/\/zamphelmets.co\/wp-content\/uploads\/2020\/03\/Z20-Prism-Gold-768x768.jpg 768w, https:\/\/zamphelmets.co\/wp-content\/uploads\/2020\/03\/Z20-Prism-Gold-600x600.jpg 600w, https:\/\/zamphelmets.co\/wp-content\/uploads\/2020\/03\/Z20-Prism-Gold-100x100.jpg 100w, https:\/\/zamphelmets.co\/wp-content\/uploads\/2020\/03\/Z20-Prism-Gold.jpg 1000w\" data-sizes=\"(max-width: 300px) 100vw, 300px\" src=\"data:image\/svg+xml;base64,PHN2ZyB3aWR0aD0iMSIgaGVpZ2h0PSIxIiB4bWxucz0iaHR0cDovL3d3dy53My5vcmcvMjAwMC9zdmciPjwvc3ZnPg==\" style=\"--smush-placeholder-width: 300px; --smush-placeholder-aspect-ratio: 300\/300;\" \/><img decoding=\"async\" class=\"alignnone size-medium wp-image-1450 lazyload\" data-src=\"https:\/\/zamphelmets.co\/wp-content\/uploads\/sites\/3\/2020\/03\/HASZ20RP-1-300x300.jpg\" alt=\"\" width=\"300\" height=\"300\" data-srcset=\"https:\/\/zamphelmets.co\/wp-content\/uploads\/2020\/03\/HASZ20RP-1-300x300.jpg 300w, https:\/\/zamphelmets.co\/wp-content\/uploads\/2020\/03\/HASZ20RP-1-150x150.jpg 150w, https:\/\/zamphelmets.co\/wp-content\/uploads\/2020\/03\/HASZ20RP-1-768x768.jpg 768w, https:\/\/zamphelmets.co\/wp-content\/uploads\/2020\/03\/HASZ20RP-1-600x600.jpg 600w, https:\/\/zamphelmets.co\/wp-content\/uploads\/2020\/03\/HASZ20RP-1-100x100.jpg 100w, https:\/\/zamphelmets.co\/wp-content\/uploads\/2020\/03\/HASZ20RP-1.jpg 1000w\" data-sizes=\"(max-width: 300px) 100vw, 300px\" src=\"data:image\/svg+xml;base64,PHN2ZyB3aWR0aD0iMSIgaGVpZ2h0PSIxIiB4bWxucz0iaHR0cDovL3d3dy53My5vcmcvMjAwMC9zdmciPjwvc3ZnPg==\" style=\"--smush-placeholder-width: 300px; --smush-placeholder-aspect-ratio: 300\/300;\" \/><\/p>\n<p>F\u00f6rst och fr\u00e4mst \u00e4r det viktigt att veta att <a href=\"https:\/\/zamphelmets.co\/sv\/produkt\/z20-visir\/\">visirserien Z20<\/a> \u00e4r kompatibel med alla hj\u00e4lmar i listan:<\/p>\n<p>-RZ 44CE (grafik)<\/p>\n<p>-RZ 70E<\/p>\n<p>-RZ 42<\/p>\n<p>-RZ 35E<\/p>\n<p>-RZ 58<\/p>\n<p>-RZ 42Y<\/p>\n<p><a href=\"https:\/\/zamphelmets.co\/sv\/produkt\/z20-visir\/\">Z20-visirerna<\/a> \u00e4r 3 mm tjocka, FIA-homologerade och inkluderar f\u00f6rmonterade avrivningsf\u00e4sten. Priserna varierar fr\u00e5n endast \u00a334,99 till \u00a359,99. Zamp erbjuder ocks\u00e5 <a href=\"https:\/\/zamphelmets.co\/sv\/produkt\/z20-visir-antifog-serie\/\">premium anti-fog visir<\/a> i b\u00e5de Clear och Dark Smoke. Denna premium anti-fog-bel\u00e4ggning s\u00e4kerst\u00e4ller att visiret f\u00f6rblir klart \u00e4ven under de mest fuktiga f\u00f6rh\u00e5llanden, s\u00e5 att du kan h\u00e5lla \u00f6gonen fokuserade p\u00e5 v\u00e4gen.<\/p>\n<p>Ett visir f\u00f6r eftermarknaden kan bidra till att ge b\u00e4sta m\u00f6jliga prestanda under alla typer av t\u00e4vlingsf\u00f6rh\u00e5llanden. Nedan har vi listat n\u00e5gra f\u00f6rh\u00e5llanden och de visir som vi skulle rekommendera.<\/p>\n<p><strong>Svagt ljus\/dimma: <\/strong>Om du t\u00e4vlar under d\u00e5liga f\u00f6rh\u00e5llanden \u00e4r Z20 AMBER-visiret det b\u00e4sta alternativet. Det h\u00e4r visiret \u00e4r s\u00e4rskilt utformat f\u00f6r att ge extra fokus och klarhet i din syn.<\/p>\n<p><img decoding=\"async\" class=\"alignnone size-medium wp-image-1451 lazyload\" data-src=\"https:\/\/zamphelmets.co\/wp-content\/uploads\/sites\/3\/2020\/03\/Z20-amber-300x300.jpg\" alt=\"\" width=\"300\" height=\"300\" data-srcset=\"https:\/\/zamphelmets.co\/wp-content\/uploads\/2020\/03\/Z20-amber-300x300.jpg 300w, https:\/\/zamphelmets.co\/wp-content\/uploads\/2020\/03\/Z20-amber-1024x1024.jpg 1024w, https:\/\/zamphelmets.co\/wp-content\/uploads\/2020\/03\/Z20-amber-150x150.jpg 150w, https:\/\/zamphelmets.co\/wp-content\/uploads\/2020\/03\/Z20-amber-768x768.jpg 768w, https:\/\/zamphelmets.co\/wp-content\/uploads\/2020\/03\/Z20-amber-600x600.jpg 600w, https:\/\/zamphelmets.co\/wp-content\/uploads\/2020\/03\/Z20-amber-100x100.jpg 100w, https:\/\/zamphelmets.co\/wp-content\/uploads\/2020\/03\/Z20-amber.jpg 1450w\" data-sizes=\"(max-width: 300px) 100vw, 300px\" src=\"data:image\/svg+xml;base64,PHN2ZyB3aWR0aD0iMSIgaGVpZ2h0PSIxIiB4bWxucz0iaHR0cDovL3d3dy53My5vcmcvMjAwMC9zdmciPjwvc3ZnPg==\" style=\"--smush-placeholder-width: 300px; --smush-placeholder-aspect-ratio: 300\/300;\" \/><\/p>\n<p><strong>V\u00e5ta<\/strong> f\u00f6rh\u00e5llanden: \u00c4ven h\u00e4r \u00e4r Z20 AMBER-visiret ovan fortfarande ett utm\u00e4rkt alternativ f\u00f6r v\u00e5ta t\u00e4vlingsf\u00f6rh\u00e5llanden. Ett annat alternativ som du b\u00f6r \u00f6verv\u00e4ga \u00e4r ANTI-FOG-serien, i antingen CLEAR eller DARK SMOKE.<\/p>\n<p><strong>Sol \/<\/strong> starkt ljus: Zamp erbjuder en serie visir f\u00f6r dessa f\u00f6rh\u00e5llanden som varierar i b\u00e5de utseende och \u00e4ven den toningsniv\u00e5 de ger. Nedan har de listats fr\u00e5n l\u00e4gsta toningsniv\u00e5 till h\u00f6gsta:<\/p>\n<p>-R\u00f6kf\u00e4rgad<\/p>\n<p>-Iridium<\/p>\n<p>-Silver Spegel<\/p>\n<p>-Prism (R\u00f6d\/Guld\/Bl\u00e5)<\/p>\n<p>-m\u00f6rk r\u00f6k<\/p>\n<p>Ett <a href=\"https:\/\/zamphelmets.co\/sv\/produkt\/z20-visir\/\">Z20 Visor<\/a> kan ocks\u00e5 vara ett utm\u00e4rkt s\u00e4tt att uppgradera utseendet p\u00e5 ditt visir. Oavsett om du vill matcha f\u00e4rggrafiken p\u00e5 din hj\u00e4lm eller om du vill komplettera f\u00e4rgerna p\u00e5 din t\u00e4vlingsdr\u00e4kt, finns det s\u00e5 m\u00e5nga alternativ att v\u00e4lja mellan att du aldrig kommer att sakna n\u00e5got.<\/p>\n<p>Den sista detaljen n\u00e4r det g\u00e4ller anpassning \u00e4r att l\u00e4gga till n\u00e5gra <a href=\"https:\/\/zamphelmets.co\/product\/zamp-shield-retention-kit\/\">anodiserade visirskruvar fr\u00e5n Zamp<\/a>. De h\u00e4r skruvarna finns i 7 f\u00e4rger och \u00e4r ett lysande och prisv\u00e4rt alternativ f\u00f6r bara 14,95 \u00a3 som ger din hj\u00e4lm \u00e4nnu mer f\u00e4rg och sp\u00e4nning.<\/p>\n<p><img decoding=\"async\" class=\"alignnone size-medium wp-image-1386 lazyload\" data-src=\"https:\/\/zamphelmets.co\/wp-content\/uploads\/sites\/3\/2019\/11\/Zamp-Shield-Retention-Kit_0003-300x200.jpg\" alt=\"\" width=\"300\" height=\"200\" data-srcset=\"https:\/\/zamphelmets.co\/wp-content\/uploads\/2019\/11\/Zamp-Shield-Retention-Kit_0003-300x200.jpg 300w, https:\/\/zamphelmets.co\/wp-content\/uploads\/2019\/11\/Zamp-Shield-Retention-Kit_0003-1024x683.jpg 1024w, https:\/\/zamphelmets.co\/wp-content\/uploads\/2019\/11\/Zamp-Shield-Retention-Kit_0003-768x512.jpg 768w, https:\/\/zamphelmets.co\/wp-content\/uploads\/2019\/11\/Zamp-Shield-Retention-Kit_0003-1536x1024.jpg 1536w, https:\/\/zamphelmets.co\/wp-content\/uploads\/2019\/11\/Zamp-Shield-Retention-Kit_0003-600x400.jpg 600w, https:\/\/zamphelmets.co\/wp-content\/uploads\/2019\/11\/Zamp-Shield-Retention-Kit_0003.jpg 2048w\" data-sizes=\"(max-width: 300px) 100vw, 300px\" src=\"data:image\/svg+xml;base64,PHN2ZyB3aWR0aD0iMSIgaGVpZ2h0PSIxIiB4bWxucz0iaHR0cDovL3d3dy53My5vcmcvMjAwMC9zdmciPjwvc3ZnPg==\" style=\"--smush-placeholder-width: 300px; --smush-placeholder-aspect-ratio: 300\/200;\" \/> <img decoding=\"async\" class=\"alignnone size-medium wp-image-1387 lazyload\" data-src=\"https:\/\/zamphelmets.co\/wp-content\/uploads\/sites\/3\/2019\/11\/Zamp-Shield-Retention-Kit_0004-300x200.jpg\" alt=\"\" width=\"300\" height=\"200\" data-srcset=\"https:\/\/zamphelmets.co\/wp-content\/uploads\/2019\/11\/Zamp-Shield-Retention-Kit_0004-300x200.jpg 300w, https:\/\/zamphelmets.co\/wp-content\/uploads\/2019\/11\/Zamp-Shield-Retention-Kit_0004-1024x683.jpg 1024w, https:\/\/zamphelmets.co\/wp-content\/uploads\/2019\/11\/Zamp-Shield-Retention-Kit_0004-768x512.jpg 768w, https:\/\/zamphelmets.co\/wp-content\/uploads\/2019\/11\/Zamp-Shield-Retention-Kit_0004-1536x1024.jpg 1536w, https:\/\/zamphelmets.co\/wp-content\/uploads\/2019\/11\/Zamp-Shield-Retention-Kit_0004-600x400.jpg 600w, https:\/\/zamphelmets.co\/wp-content\/uploads\/2019\/11\/Zamp-Shield-Retention-Kit_0004.jpg 2048w\" data-sizes=\"(max-width: 300px) 100vw, 300px\" src=\"data:image\/svg+xml;base64,PHN2ZyB3aWR0aD0iMSIgaGVpZ2h0PSIxIiB4bWxucz0iaHR0cDovL3d3dy53My5vcmcvMjAwMC9zdmciPjwvc3ZnPg==\" style=\"--smush-placeholder-width: 300px; --smush-placeholder-aspect-ratio: 300\/200;\" \/> <img decoding=\"async\" class=\"alignnone size-medium wp-image-1388 lazyload\" data-src=\"https:\/\/zamphelmets.co\/wp-content\/uploads\/sites\/3\/2019\/11\/Zamp-Shield-Retention-Kit_0005-300x200.jpg\" alt=\"\" width=\"300\" height=\"200\" data-srcset=\"https:\/\/zamphelmets.co\/wp-content\/uploads\/2019\/11\/Zamp-Shield-Retention-Kit_0005-300x200.jpg 300w, https:\/\/zamphelmets.co\/wp-content\/uploads\/2019\/11\/Zamp-Shield-Retention-Kit_0005-1024x683.jpg 1024w, https:\/\/zamphelmets.co\/wp-content\/uploads\/2019\/11\/Zamp-Shield-Retention-Kit_0005-768x512.jpg 768w, https:\/\/zamphelmets.co\/wp-content\/uploads\/2019\/11\/Zamp-Shield-Retention-Kit_0005-1536x1024.jpg 1536w, https:\/\/zamphelmets.co\/wp-content\/uploads\/2019\/11\/Zamp-Shield-Retention-Kit_0005-600x400.jpg 600w, https:\/\/zamphelmets.co\/wp-content\/uploads\/2019\/11\/Zamp-Shield-Retention-Kit_0005.jpg 2048w\" data-sizes=\"(max-width: 300px) 100vw, 300px\" src=\"data:image\/svg+xml;base64,PHN2ZyB3aWR0aD0iMSIgaGVpZ2h0PSIxIiB4bWxucz0iaHR0cDovL3d3dy53My5vcmcvMjAwMC9zdmciPjwvc3ZnPg==\" style=\"--smush-placeholder-width: 300px; --smush-placeholder-aspect-ratio: 300\/200;\" \/><img decoding=\"async\" class=\"alignnone size-medium wp-image-1389 lazyload\" data-src=\"https:\/\/zamphelmets.co\/wp-content\/uploads\/sites\/3\/2019\/11\/Zamp-Shield-Retention-Kit_0006-300x200.jpg\" alt=\"\" width=\"300\" height=\"200\" data-srcset=\"https:\/\/zamphelmets.co\/wp-content\/uploads\/2019\/11\/Zamp-Shield-Retention-Kit_0006-300x200.jpg 300w, https:\/\/zamphelmets.co\/wp-content\/uploads\/2019\/11\/Zamp-Shield-Retention-Kit_0006-1024x683.jpg 1024w, https:\/\/zamphelmets.co\/wp-content\/uploads\/2019\/11\/Zamp-Shield-Retention-Kit_0006-768x512.jpg 768w, https:\/\/zamphelmets.co\/wp-content\/uploads\/2019\/11\/Zamp-Shield-Retention-Kit_0006-1536x1024.jpg 1536w, https:\/\/zamphelmets.co\/wp-content\/uploads\/2019\/11\/Zamp-Shield-Retention-Kit_0006-600x400.jpg 600w, https:\/\/zamphelmets.co\/wp-content\/uploads\/2019\/11\/Zamp-Shield-Retention-Kit_0006.jpg 2048w\" data-sizes=\"(max-width: 300px) 100vw, 300px\" src=\"data:image\/svg+xml;base64,PHN2ZyB3aWR0aD0iMSIgaGVpZ2h0PSIxIiB4bWxucz0iaHR0cDovL3d3dy53My5vcmcvMjAwMC9zdmciPjwvc3ZnPg==\" style=\"--smush-placeholder-width: 300px; --smush-placeholder-aspect-ratio: 300\/200;\" \/><\/p>\n<p>Om du har fler fr\u00e5gor om visiren, tveka inte att <a href=\"https:\/\/zamphelmets.co\/sv\/kontakt\/\">h\u00f6ra<\/a> av dig!<\/p>\n","protected":false},"excerpt":{"rendered":"<p>Med 10 Zamp-visir f\u00f6r eftermarknaden att v\u00e4lja mellan finns det ingen brist p\u00e5 hj\u00e4lmupps\u00e4ttningar. F\u00f6rst och fr\u00e4mst \u00e4r det viktigt att veta att visirserien Z20 \u00e4r kompatibel med alla hj\u00e4lmar i listan: -RZ 44CE (grafik) -RZ 70E -RZ 42 -RZ 35E -RZ 58 -RZ 42Y Z20-visirerna \u00e4r 3 mm tjocka, FIA-homologerade och inkluderar f\u00f6rmonterade avrivningsf\u00e4sten. [&hellip;]<\/p>\n","protected":false},"author":2,"featured_media":0,"parent":0,"menu_order":0,"comment_status":"closed","ping_status":"closed","template":"templates\/fullwidth.php","meta":{"_acf_changed":false,"footnotes":""},"class_list":["post-22004","page","type-page","status-publish","hentry"],"acf":[],"yoast_head":"<!-- This site is optimized with the Yoast SEO plugin v27.0 - https:\/\/yoast.com\/product\/yoast-seo-wordpress\/ -->\n<title>Zamp Visor Guide - Z20 Visors - Zamp Helmets | Helmet 28 EU<\/title>\n<meta name=\"description\" content=\"Zamp Z20 Visor-serien \u00e4r kompatibel med alla hj\u00e4lmar som listas p\u00e5 v\u00e5r webbplats. Ett eftermarknadsvisir \u00e4r ett utm\u00e4rkt s\u00e4tt att g\u00f6ra hj\u00e4lmen mer personlig inf\u00f6r t\u00e4vlingsdagen.\" \/>\n<meta name=\"robots\" content=\"index, follow, max-snippet:-1, max-image-preview:large, max-video-preview:-1\" \/>\n<link rel=\"canonical\" href=\"https:\/\/zamphelmets.co\/sv\/zamp-visor-guide\/\" \/>\n<meta property=\"og:locale\" content=\"sv_SE\" \/>\n<meta property=\"og:type\" content=\"article\" \/>\n<meta property=\"og:title\" content=\"Zamp Visor Guide - Z20 Visors - Zamp Helmets | Helmet 28 EU\" \/>\n<meta property=\"og:description\" content=\"Zamp Z20 Visor-serien \u00e4r kompatibel med alla hj\u00e4lmar som listas p\u00e5 v\u00e5r webbplats. Ett eftermarknadsvisir \u00e4r ett utm\u00e4rkt s\u00e4tt att g\u00f6ra hj\u00e4lmen mer personlig inf\u00f6r t\u00e4vlingsdagen.\" \/>\n<meta property=\"og:url\" content=\"https:\/\/zamphelmets.co\/sv\/zamp-visor-guide\/\" \/>\n<meta property=\"og:site_name\" content=\"Zamp Helmets | Helmet 28 EU\" \/>\n<meta property=\"og:image\" content=\"https:\/\/zamphelmets.co\/wp-content\/uploads\/sites\/3\/2020\/03\/Z20-Prism-Gold-300x300.jpg\" \/>\n<meta name=\"twitter:card\" content=\"summary_large_image\" \/>\n<meta name=\"twitter:label1\" content=\"Est. reading time\" \/>\n\t<meta name=\"twitter:data1\" content=\"2 minuter\" \/>\n<script type=\"application\/ld+json\" class=\"yoast-schema-graph\">{\"@context\":\"https:\/\/schema.org\",\"@graph\":[{\"@type\":\"WebPage\",\"@id\":\"https:\/\/zamphelmets.co\/sv\/zamp-visor-guide\/\",\"url\":\"https:\/\/zamphelmets.co\/sv\/zamp-visor-guide\/\",\"name\":\"Zamp Visor Guide - Z20 Visors - Zamp Helmets | Helmet 28 EU\",\"isPartOf\":{\"@id\":\"https:\/\/zamphelmets.co\/sv\/#website\"},\"primaryImageOfPage\":{\"@id\":\"https:\/\/zamphelmets.co\/sv\/zamp-visor-guide\/#primaryimage\"},\"image\":{\"@id\":\"https:\/\/zamphelmets.co\/sv\/zamp-visor-guide\/#primaryimage\"},\"thumbnailUrl\":\"https:\/\/zamphelmets.co\/wp-content\/uploads\/sites\/3\/2020\/03\/Z20-Prism-Gold-300x300.jpg\",\"datePublished\":\"2020-03-11T15:48:13+00:00\",\"description\":\"Zamp Z20 Visor-serien \u00e4r kompatibel med alla hj\u00e4lmar som listas p\u00e5 v\u00e5r webbplats. Ett eftermarknadsvisir \u00e4r ett utm\u00e4rkt s\u00e4tt att g\u00f6ra hj\u00e4lmen mer personlig inf\u00f6r t\u00e4vlingsdagen.\",\"inLanguage\":\"sv-SE\",\"potentialAction\":[{\"@type\":\"ReadAction\",\"target\":[\"https:\/\/zamphelmets.co\/sv\/zamp-visor-guide\/\"]}]},{\"@type\":\"ImageObject\",\"inLanguage\":\"sv-SE\",\"@id\":\"https:\/\/zamphelmets.co\/sv\/zamp-visor-guide\/#primaryimage\",\"url\":\"https:\/\/zamphelmets.co\/wp-content\/uploads\/sites\/3\/2020\/03\/Z20-Prism-Gold-300x300.jpg\",\"contentUrl\":\"https:\/\/zamphelmets.co\/wp-content\/uploads\/sites\/3\/2020\/03\/Z20-Prism-Gold-300x300.jpg\"},{\"@type\":\"WebSite\",\"@id\":\"https:\/\/zamphelmets.co\/sv\/#website\",\"url\":\"https:\/\/zamphelmets.co\/sv\/\",\"name\":\"Zamp Helmets | Helmet 28 EU\",\"description\":\"High Quality Motorsport Helmets\",\"potentialAction\":[{\"@type\":\"SearchAction\",\"target\":{\"@type\":\"EntryPoint\",\"urlTemplate\":\"https:\/\/zamphelmets.co\/sv\/?s={search_term_string}\"},\"query-input\":{\"@type\":\"PropertyValueSpecification\",\"valueRequired\":true,\"valueName\":\"search_term_string\"}}],\"inLanguage\":\"sv-SE\"}]}<\/script>\n<!-- \/ Yoast SEO plugin. -->","yoast_head_json":{"title":"Zamp Visor Guide - Z20 Visors - Zamp Helmets | Helmet 28 EU","description":"Zamp Z20 Visor-serien \u00e4r kompatibel med alla hj\u00e4lmar som listas p\u00e5 v\u00e5r webbplats. Ett eftermarknadsvisir \u00e4r ett utm\u00e4rkt s\u00e4tt att g\u00f6ra hj\u00e4lmen mer personlig inf\u00f6r t\u00e4vlingsdagen.","robots":{"index":"index","follow":"follow","max-snippet":"max-snippet:-1","max-image-preview":"max-image-preview:large","max-video-preview":"max-video-preview:-1"},"canonical":"https:\/\/zamphelmets.co\/sv\/zamp-visor-guide\/","og_locale":"sv_SE","og_type":"article","og_title":"Zamp Visor Guide - Z20 Visors - Zamp Helmets | Helmet 28 EU","og_description":"Zamp Z20 Visor-serien \u00e4r kompatibel med alla hj\u00e4lmar som listas p\u00e5 v\u00e5r webbplats. Ett eftermarknadsvisir \u00e4r ett utm\u00e4rkt s\u00e4tt att g\u00f6ra hj\u00e4lmen mer personlig inf\u00f6r t\u00e4vlingsdagen.","og_url":"https:\/\/zamphelmets.co\/sv\/zamp-visor-guide\/","og_site_name":"Zamp Helmets | Helmet 28 EU","og_image":[{"url":"https:\/\/zamphelmets.co\/wp-content\/uploads\/sites\/3\/2020\/03\/Z20-Prism-Gold-300x300.jpg","type":"","width":"","height":""}],"twitter_card":"summary_large_image","twitter_misc":{"Est. reading time":"2 minuter"},"schema":{"@context":"https:\/\/schema.org","@graph":[{"@type":"WebPage","@id":"https:\/\/zamphelmets.co\/sv\/zamp-visor-guide\/","url":"https:\/\/zamphelmets.co\/sv\/zamp-visor-guide\/","name":"Zamp Visor Guide - Z20 Visors - Zamp Helmets | Helmet 28 EU","isPartOf":{"@id":"https:\/\/zamphelmets.co\/sv\/#website"},"primaryImageOfPage":{"@id":"https:\/\/zamphelmets.co\/sv\/zamp-visor-guide\/#primaryimage"},"image":{"@id":"https:\/\/zamphelmets.co\/sv\/zamp-visor-guide\/#primaryimage"},"thumbnailUrl":"https:\/\/zamphelmets.co\/wp-content\/uploads\/sites\/3\/2020\/03\/Z20-Prism-Gold-300x300.jpg","datePublished":"2020-03-11T15:48:13+00:00","description":"Zamp Z20 Visor-serien \u00e4r kompatibel med alla hj\u00e4lmar som listas p\u00e5 v\u00e5r webbplats. Ett eftermarknadsvisir \u00e4r ett utm\u00e4rkt s\u00e4tt att g\u00f6ra hj\u00e4lmen mer personlig inf\u00f6r t\u00e4vlingsdagen.","inLanguage":"sv-SE","potentialAction":[{"@type":"ReadAction","target":["https:\/\/zamphelmets.co\/sv\/zamp-visor-guide\/"]}]},{"@type":"ImageObject","inLanguage":"sv-SE","@id":"https:\/\/zamphelmets.co\/sv\/zamp-visor-guide\/#primaryimage","url":"https:\/\/zamphelmets.co\/wp-content\/uploads\/sites\/3\/2020\/03\/Z20-Prism-Gold-300x300.jpg","contentUrl":"https:\/\/zamphelmets.co\/wp-content\/uploads\/sites\/3\/2020\/03\/Z20-Prism-Gold-300x300.jpg"},{"@type":"WebSite","@id":"https:\/\/zamphelmets.co\/sv\/#website","url":"https:\/\/zamphelmets.co\/sv\/","name":"Zamp Helmets | Helmet 28 EU","description":"High Quality Motorsport Helmets","potentialAction":[{"@type":"SearchAction","target":{"@type":"EntryPoint","urlTemplate":"https:\/\/zamphelmets.co\/sv\/?s={search_term_string}"},"query-input":{"@type":"PropertyValueSpecification","valueRequired":true,"valueName":"search_term_string"}}],"inLanguage":"sv-SE"}]}},"_links":{"self":[{"href":"https:\/\/zamphelmets.co\/sv\/wp-json\/wp\/v2\/pages\/22004","targetHints":{"allow":["GET"]}}],"collection":[{"href":"https:\/\/zamphelmets.co\/sv\/wp-json\/wp\/v2\/pages"}],"about":[{"href":"https:\/\/zamphelmets.co\/sv\/wp-json\/wp\/v2\/types\/page"}],"author":[{"embeddable":true,"href":"https:\/\/zamphelmets.co\/sv\/wp-json\/wp\/v2\/users\/2"}],"replies":[{"embeddable":true,"href":"https:\/\/zamphelmets.co\/sv\/wp-json\/wp\/v2\/comments?post=22004"}],"version-history":[{"count":0,"href":"https:\/\/zamphelmets.co\/sv\/wp-json\/wp\/v2\/pages\/22004\/revisions"}],"wp:attachment":[{"href":"https:\/\/zamphelmets.co\/sv\/wp-json\/wp\/v2\/media?parent=22004"}],"curies":[{"name":"wp","href":"https:\/\/api.w.org\/{rel}","templated":true}]}}