{"id":21978,"date":"2020-02-06T11:37:14","date_gmt":"2020-02-06T11:37:14","guid":{"rendered":"https:\/\/zamphelmets.co\/hans-stolpar-hans-och-fhr-utrustning\/"},"modified":"2026-02-16T15:02:03","modified_gmt":"2026-02-16T15:02:03","slug":"hans-stolpar-hans-och-fhr-utrustning","status":"publish","type":"page","link":"https:\/\/zamphelmets.co\/sv\/hans-stolpar-hans-och-fhr-utrustning\/","title":{"rendered":"HANS-stolpar, HANS- och FHR-utrustning"},"content":{"rendered":"<h2><strong>Vad \u00e4r Hans Posts, HANS- och FHR-utrustning?<\/strong><\/h2>\n<ol>\n<li>En FHR \u00e4r en <strong>Frontal Head Restraint<\/strong>: det \u00e4r den allm\u00e4nna termen f\u00f6r vad som ofta kallas en HANS-anordning.<\/li>\n<li>HANS \u00e4r faktiskt ett varum\u00e4rkesskyddat namn &#8211; en akronym f\u00f6r <strong>Head and Neck Support <\/strong>&#8211; som endast vissa tillverkare f\u00e5r anv\u00e4nda. Det \u00e4r den vanligaste ben\u00e4mningen p\u00e5 dessa enheter.<\/li>\n<li>HANS-stolpar &#8211; det h\u00e4r \u00e4r stolparna\/skruvarna som f\u00e4sts p\u00e5 hj\u00e4lmen, genom n\u00e5got som kallas m6-terminalen, f\u00f6r att g\u00f6ra det m\u00f6jligt att f\u00e4sta anordningen p\u00e5 ett s\u00e4kert s\u00e4tt.<\/li>\n<\/ol>\n<h2>Vad g\u00f6r en HANS-utrustning?<\/h2>\n<p>HANS- och FHR-anordningarna \u00e4r utformade f\u00f6r att h\u00e5lla fast f\u00f6rarens huvud &#8211; j\u00e4mf\u00f6rt med kroppen &#8211; vid en frontalkrock eller en krock med en bil som k\u00f6rs i en vinklad front. P\u00e5 grund av huvudets begr\u00e4nsning minskas p\u00e5verkan p\u00e5 nacken kraftigt, vilket minskar risken f\u00f6r skador.<\/p>\n<p>Alla Zamp-hj\u00e4lmar som listas h\u00e4r levereras med f\u00f6rborrad M6-kontakt. S\u00e5 om du beh\u00f6ver anv\u00e4nda en HANS-enhet \u00e4r du f\u00f6rberedd f\u00f6r att g\u00f6ra det; det tar bara n\u00e5gra minuter att montera dina HANS-stolpar. Du kan k\u00f6pa en upps\u00e4ttning <a href=\"https:\/\/zamphelmets.co\/sv\/produkt\/hans-post\/\">HANS-stolpar h\u00e4r<\/a>.<\/p>\n<p><img decoding=\"async\" class=\"alignnone wp-image-333 size-medium lazyload\" data-src=\"https:\/\/zamphelmets.co\/wp-content\/uploads\/2019\/11\/sim_ak1131-12s-1-300x300.jpg\" alt=\"silver hans inl\u00e4gg\" width=\"300\" height=\"300\" data-srcset=\"https:\/\/zamphelmets.co\/wp-content\/uploads\/2019\/11\/sim_ak1131-12s-1-300x300.jpg 300w, https:\/\/zamphelmets.co\/wp-content\/uploads\/2019\/11\/sim_ak1131-12s-1-100x100.jpg 100w, https:\/\/zamphelmets.co\/wp-content\/uploads\/2019\/11\/sim_ak1131-12s-1-150x150.jpg 150w, https:\/\/zamphelmets.co\/wp-content\/uploads\/2019\/11\/sim_ak1131-12s-1.jpg 560w\" data-sizes=\"(max-width: 300px) 100vw, 300px\" src=\"data:image\/svg+xml;base64,PHN2ZyB3aWR0aD0iMSIgaGVpZ2h0PSIxIiB4bWxucz0iaHR0cDovL3d3dy53My5vcmcvMjAwMC9zdmciPjwvc3ZnPg==\" style=\"--smush-placeholder-width: 300px; --smush-placeholder-aspect-ratio: 300\/300;\" \/><\/p>\n<p>Alla vuxenhj\u00e4lmar i Zamp-serien \u00e4r kompatibla med HANS-stolpar, och varje hj\u00e4lm \u00e4r f\u00f6rborrad med M6-terminaler som g\u00f6r det enkelt att montera HANS-stolparna.<\/p>\n<div class=\"container\">\n<div id=\"content\" class=\"site-content\">\n<div id=\"primary\" class=\"content-area\">\n<p>&nbsp;<\/p>\n<div id=\"product-308\" class=\"product type-product post-308 status-publish first instock product_cat-accessories product_cat-helmet-accessories product_cat-other product_cat-zamp has-post-thumbnail taxable shipping-taxable purchasable product-type-simple\">\n<div class=\"woocommerce-tabs wc-tabs-wrapper\">\n<div id=\"tab-description\" class=\"woocommerce-Tabs-panel woocommerce-Tabs-panel--description panel entry-content wc-tab\" role=\"tabpanel\" aria-labelledby=\"tab-title-description\">\n<p>F\u00f6r mer information om HANS\/FHR-enheter och vem som beh\u00f6ver dem, <a href=\"https:\/\/www.motorsportuk.org\/assets\/fhrguidance.pdf\">f\u00f6lj den h\u00e4r l\u00e4nken<\/a> f\u00f6r att f\u00e5 veta mer om <a href=\"https:\/\/zamphelmets.co\/sv\/produkt\/hans-post\/#description\">HANS<\/a> och hur man installerar dem.<\/p>\n<\/div>\n<\/div>\n<\/div>\n<\/div>\n<\/div>\n<\/div>\n","protected":false},"excerpt":{"rendered":"<p>Vad \u00e4r Hans Posts, HANS- och FHR-utrustning? En FHR \u00e4r en Frontal Head Restraint: det \u00e4r den allm\u00e4nna termen f\u00f6r vad som ofta kallas en HANS-anordning. HANS \u00e4r faktiskt ett varum\u00e4rkesskyddat namn &#8211; en akronym f\u00f6r Head and Neck Support &#8211; som endast vissa tillverkare f\u00e5r anv\u00e4nda. Det \u00e4r den vanligaste ben\u00e4mningen p\u00e5 dessa enheter. [&hellip;]<\/p>\n","protected":false},"author":2,"featured_media":0,"parent":0,"menu_order":0,"comment_status":"closed","ping_status":"closed","template":"templates\/fullwidth.php","meta":{"_acf_changed":false,"footnotes":""},"class_list":["post-21978","page","type-page","status-publish","hentry"],"acf":[],"yoast_head":"<!-- This site is optimized with the Yoast SEO plugin v27.0 - https:\/\/yoast.com\/product\/yoast-seo-wordpress\/ -->\n<title>HANS-stolpar, HANS- och FHR-utrustning F\u00f6rklarad - Zamp Helmets | Helmet 28 EU<\/title>\n<meta name=\"description\" content=\"Vad \u00e4r HANS-stolpar och HANS-utrustning och vem beh\u00f6ver dem? Den h\u00e4r artikeln f\u00f6rklarar allt du beh\u00f6ver veta om HANS Posts.\" \/>\n<meta name=\"robots\" content=\"index, follow, max-snippet:-1, max-image-preview:large, max-video-preview:-1\" \/>\n<link rel=\"canonical\" href=\"https:\/\/zamphelmets.co\/sv\/hans-stolpar-hans-och-fhr-utrustning\/\" \/>\n<meta property=\"og:locale\" content=\"sv_SE\" \/>\n<meta property=\"og:type\" content=\"article\" \/>\n<meta property=\"og:title\" content=\"HANS-stolpar, HANS- och FHR-utrustning F\u00f6rklarad - Zamp Helmets | Helmet 28 EU\" \/>\n<meta property=\"og:description\" content=\"Vad \u00e4r HANS-stolpar och HANS-utrustning och vem beh\u00f6ver dem? Den h\u00e4r artikeln f\u00f6rklarar allt du beh\u00f6ver veta om HANS Posts.\" \/>\n<meta property=\"og:url\" content=\"https:\/\/zamphelmets.co\/sv\/hans-stolpar-hans-och-fhr-utrustning\/\" \/>\n<meta property=\"og:site_name\" content=\"Zamp Helmets | Helmet 28 EU\" \/>\n<meta property=\"article:modified_time\" content=\"2026-02-16T15:02:03+00:00\" \/>\n<meta property=\"og:image\" content=\"https:\/\/zamphelmets.co\/wp-content\/uploads\/2019\/11\/sim_ak1131-12s-1.jpg\" \/>\n\t<meta property=\"og:image:width\" content=\"560\" \/>\n\t<meta property=\"og:image:height\" content=\"560\" \/>\n\t<meta property=\"og:image:type\" content=\"image\/jpeg\" \/>\n<meta name=\"twitter:card\" content=\"summary_large_image\" \/>\n<meta name=\"twitter:label1\" content=\"Est. reading time\" \/>\n\t<meta name=\"twitter:data1\" content=\"1 minut\" \/>\n<script type=\"application\/ld+json\" class=\"yoast-schema-graph\">{\"@context\":\"https:\/\/schema.org\",\"@graph\":[{\"@type\":\"WebPage\",\"@id\":\"https:\/\/zamphelmets.co\/sv\/hans-stolpar-hans-och-fhr-utrustning\/\",\"url\":\"https:\/\/zamphelmets.co\/sv\/hans-stolpar-hans-och-fhr-utrustning\/\",\"name\":\"HANS-stolpar, HANS- och FHR-utrustning F\u00f6rklarad - Zamp Helmets | Helmet 28 EU\",\"isPartOf\":{\"@id\":\"https:\/\/zamphelmets.co\/sv\/#website\"},\"primaryImageOfPage\":{\"@id\":\"https:\/\/zamphelmets.co\/sv\/hans-stolpar-hans-och-fhr-utrustning\/#primaryimage\"},\"image\":{\"@id\":\"https:\/\/zamphelmets.co\/sv\/hans-stolpar-hans-och-fhr-utrustning\/#primaryimage\"},\"thumbnailUrl\":\"https:\/\/zamphelmets.co\/wp-content\/uploads\/2019\/11\/sim_ak1131-12s-1-300x300.jpg\",\"datePublished\":\"2020-02-06T11:37:14+00:00\",\"dateModified\":\"2026-02-16T15:02:03+00:00\",\"description\":\"Vad \u00e4r HANS-stolpar och HANS-utrustning och vem beh\u00f6ver dem? Den h\u00e4r artikeln f\u00f6rklarar allt du beh\u00f6ver veta om HANS Posts.\",\"inLanguage\":\"sv-SE\",\"potentialAction\":[{\"@type\":\"ReadAction\",\"target\":[\"https:\/\/zamphelmets.co\/sv\/hans-stolpar-hans-och-fhr-utrustning\/\"]}]},{\"@type\":\"ImageObject\",\"inLanguage\":\"sv-SE\",\"@id\":\"https:\/\/zamphelmets.co\/sv\/hans-stolpar-hans-och-fhr-utrustning\/#primaryimage\",\"url\":\"https:\/\/zamphelmets.co\/wp-content\/uploads\/2019\/11\/sim_ak1131-12s-1-300x300.jpg\",\"contentUrl\":\"https:\/\/zamphelmets.co\/wp-content\/uploads\/2019\/11\/sim_ak1131-12s-1-300x300.jpg\"},{\"@type\":\"WebSite\",\"@id\":\"https:\/\/zamphelmets.co\/sv\/#website\",\"url\":\"https:\/\/zamphelmets.co\/sv\/\",\"name\":\"Zamp Helmets | Helmet 28 EU\",\"description\":\"High Quality Motorsport Helmets\",\"potentialAction\":[{\"@type\":\"SearchAction\",\"target\":{\"@type\":\"EntryPoint\",\"urlTemplate\":\"https:\/\/zamphelmets.co\/sv\/?s={search_term_string}\"},\"query-input\":{\"@type\":\"PropertyValueSpecification\",\"valueRequired\":true,\"valueName\":\"search_term_string\"}}],\"inLanguage\":\"sv-SE\"}]}<\/script>\n<!-- \/ Yoast SEO plugin. -->","yoast_head_json":{"title":"HANS-stolpar, HANS- och FHR-utrustning F\u00f6rklarad - Zamp Helmets | Helmet 28 EU","description":"Vad \u00e4r HANS-stolpar och HANS-utrustning och vem beh\u00f6ver dem? Den h\u00e4r artikeln f\u00f6rklarar allt du beh\u00f6ver veta om HANS Posts.","robots":{"index":"index","follow":"follow","max-snippet":"max-snippet:-1","max-image-preview":"max-image-preview:large","max-video-preview":"max-video-preview:-1"},"canonical":"https:\/\/zamphelmets.co\/sv\/hans-stolpar-hans-och-fhr-utrustning\/","og_locale":"sv_SE","og_type":"article","og_title":"HANS-stolpar, HANS- och FHR-utrustning F\u00f6rklarad - Zamp Helmets | Helmet 28 EU","og_description":"Vad \u00e4r HANS-stolpar och HANS-utrustning och vem beh\u00f6ver dem? Den h\u00e4r artikeln f\u00f6rklarar allt du beh\u00f6ver veta om HANS Posts.","og_url":"https:\/\/zamphelmets.co\/sv\/hans-stolpar-hans-och-fhr-utrustning\/","og_site_name":"Zamp Helmets | Helmet 28 EU","article_modified_time":"2026-02-16T15:02:03+00:00","og_image":[{"width":560,"height":560,"url":"https:\/\/zamphelmets.co\/wp-content\/uploads\/2019\/11\/sim_ak1131-12s-1.jpg","type":"image\/jpeg"}],"twitter_card":"summary_large_image","twitter_misc":{"Est. reading time":"1 minut"},"schema":{"@context":"https:\/\/schema.org","@graph":[{"@type":"WebPage","@id":"https:\/\/zamphelmets.co\/sv\/hans-stolpar-hans-och-fhr-utrustning\/","url":"https:\/\/zamphelmets.co\/sv\/hans-stolpar-hans-och-fhr-utrustning\/","name":"HANS-stolpar, HANS- och FHR-utrustning F\u00f6rklarad - Zamp Helmets | Helmet 28 EU","isPartOf":{"@id":"https:\/\/zamphelmets.co\/sv\/#website"},"primaryImageOfPage":{"@id":"https:\/\/zamphelmets.co\/sv\/hans-stolpar-hans-och-fhr-utrustning\/#primaryimage"},"image":{"@id":"https:\/\/zamphelmets.co\/sv\/hans-stolpar-hans-och-fhr-utrustning\/#primaryimage"},"thumbnailUrl":"https:\/\/zamphelmets.co\/wp-content\/uploads\/2019\/11\/sim_ak1131-12s-1-300x300.jpg","datePublished":"2020-02-06T11:37:14+00:00","dateModified":"2026-02-16T15:02:03+00:00","description":"Vad \u00e4r HANS-stolpar och HANS-utrustning och vem beh\u00f6ver dem? Den h\u00e4r artikeln f\u00f6rklarar allt du beh\u00f6ver veta om HANS Posts.","inLanguage":"sv-SE","potentialAction":[{"@type":"ReadAction","target":["https:\/\/zamphelmets.co\/sv\/hans-stolpar-hans-och-fhr-utrustning\/"]}]},{"@type":"ImageObject","inLanguage":"sv-SE","@id":"https:\/\/zamphelmets.co\/sv\/hans-stolpar-hans-och-fhr-utrustning\/#primaryimage","url":"https:\/\/zamphelmets.co\/wp-content\/uploads\/2019\/11\/sim_ak1131-12s-1-300x300.jpg","contentUrl":"https:\/\/zamphelmets.co\/wp-content\/uploads\/2019\/11\/sim_ak1131-12s-1-300x300.jpg"},{"@type":"WebSite","@id":"https:\/\/zamphelmets.co\/sv\/#website","url":"https:\/\/zamphelmets.co\/sv\/","name":"Zamp Helmets | Helmet 28 EU","description":"High Quality Motorsport Helmets","potentialAction":[{"@type":"SearchAction","target":{"@type":"EntryPoint","urlTemplate":"https:\/\/zamphelmets.co\/sv\/?s={search_term_string}"},"query-input":{"@type":"PropertyValueSpecification","valueRequired":true,"valueName":"search_term_string"}}],"inLanguage":"sv-SE"}]}},"_links":{"self":[{"href":"https:\/\/zamphelmets.co\/sv\/wp-json\/wp\/v2\/pages\/21978","targetHints":{"allow":["GET"]}}],"collection":[{"href":"https:\/\/zamphelmets.co\/sv\/wp-json\/wp\/v2\/pages"}],"about":[{"href":"https:\/\/zamphelmets.co\/sv\/wp-json\/wp\/v2\/types\/page"}],"author":[{"embeddable":true,"href":"https:\/\/zamphelmets.co\/sv\/wp-json\/wp\/v2\/users\/2"}],"replies":[{"embeddable":true,"href":"https:\/\/zamphelmets.co\/sv\/wp-json\/wp\/v2\/comments?post=21978"}],"version-history":[{"count":1,"href":"https:\/\/zamphelmets.co\/sv\/wp-json\/wp\/v2\/pages\/21978\/revisions"}],"predecessor-version":[{"id":203509,"href":"https:\/\/zamphelmets.co\/sv\/wp-json\/wp\/v2\/pages\/21978\/revisions\/203509"}],"wp:attachment":[{"href":"https:\/\/zamphelmets.co\/sv\/wp-json\/wp\/v2\/media?parent=21978"}],"curies":[{"name":"wp","href":"https:\/\/api.w.org\/{rel}","templated":true}]}}