{"id":28688,"date":"2024-09-10T14:08:48","date_gmt":"2024-09-10T14:08:48","guid":{"rendered":"https:\/\/zamphelmets.co\/product\/postes-hans-preto\/"},"modified":"2026-02-16T15:55:17","modified_gmt":"2026-02-16T15:55:17","slug":"postes-hans-preto","status":"publish","type":"product","link":"https:\/\/zamphelmets.co\/pt-pt\/produto\/postes-hans-preto\/","title":{"rendered":"Postes HANS Preto"},"content":{"rendered":"<p>Estes elegantes postes vermelhos com a marca HANS foram concebidos para se adaptarem a todos os capacetes Zamp ADULT, todos eles com um recet\u00e1culo roscado f\u00eamea M6 incorporado no capacete. Os postes permitem a instala\u00e7\u00e3o de um dispositivo FHR \/ HANS no capacete.<\/p>\n<ul>\n<li>Concebida para se adaptar a capacetes com um recet\u00e1culo roscado M6<\/li>\n<li>Permite a instala\u00e7\u00e3o de um dispositivo FHR \/ HANS num capacete<\/li>\n<li>Marca HANS<\/li>\n<\/ul>\n<p>Vendido como um par de postes<\/p>\n<p>Aprovado pela FIA 8858-2010<\/p>\n","protected":false},"excerpt":{"rendered":"<p>Estes elegantes postes vermelhos com a marca HANS foram concebidos para se adaptarem a todos os capacetes Zamp ADULT, todos eles com um recet\u00e1culo roscado f\u00eamea M6 incorporado no capacete. Os postes permitem a instala\u00e7\u00e3o de um dispositivo FHR \/ HANS no capacete. Concebida para se adaptar a capacetes com um recet\u00e1culo roscado M6 Permite [&hellip;]<\/p>\n","protected":false},"featured_media":28680,"comment_status":"open","ping_status":"closed","template":"","meta":{"_acf_changed":false,"_iconic_wsb_product_page_order_bump_ids":[[]],"_sku":["RZHANSBLACK"],"_iconic_wsb_product_page_bump_modal_ids":[[]]},"product_brand":[],"product_cat":[137,138,213,136],"product_tag":[],"class_list":{"0":"post-28688","1":"product","2":"type-product","3":"status-publish","4":"has-post-thumbnail","6":"product_cat-acessorios","7":"product_cat-acessorios-para-capacetes","8":"product_cat-outros","9":"product_cat-zamp-pt-pt","11":"first","12":"outofstock","13":"taxable","14":"shipping-taxable","15":"purchasable","16":"product-type-simple"},"acf":[],"yoast_head":"<!-- This site is optimized with the Yoast SEO plugin v27.0 - https:\/\/yoast.com\/product\/yoast-seo-wordpress\/ -->\n<title>Postes HANS Preto - Zamp Helmets | Helmet 28 EU<\/title>\n<meta name=\"robots\" content=\"index, follow, max-snippet:-1, max-image-preview:large, max-video-preview:-1\" \/>\n<link rel=\"canonical\" href=\"https:\/\/zamphelmets.co\/pt-pt\/produto\/postes-hans-preto\/\" \/>\n<meta property=\"og:locale\" content=\"pt_PT\" \/>\n<meta property=\"og:type\" content=\"article\" \/>\n<meta property=\"og:title\" content=\"Postes HANS Preto - Zamp Helmets | Helmet 28 EU\" \/>\n<meta property=\"og:description\" content=\"Estes elegantes postes vermelhos com a marca HANS foram concebidos para se adaptarem a todos os capacetes Zamp ADULT, todos eles com um recet\u00e1culo roscado f\u00eamea M6 incorporado no capacete. Os postes permitem a instala\u00e7\u00e3o de um dispositivo FHR \/ HANS no capacete. Concebida para se adaptar a capacetes com um recet\u00e1culo roscado M6 Permite [&hellip;]\" \/>\n<meta property=\"og:url\" content=\"https:\/\/zamphelmets.co\/pt-pt\/produto\/postes-hans-preto\/\" \/>\n<meta property=\"og:site_name\" content=\"Zamp Helmets | Helmet 28 EU\" \/>\n<meta property=\"article:modified_time\" content=\"2026-02-16T15:55:17+00:00\" \/>\n<meta property=\"og:image\" content=\"https:\/\/zamphelmets.co\/wp-content\/uploads\/2024\/09\/HANS_POST_SIMPSON_CK201.jpg\" \/>\n\t<meta property=\"og:image:width\" content=\"425\" \/>\n\t<meta property=\"og:image:height\" content=\"457\" \/>\n\t<meta property=\"og:image:type\" content=\"image\/jpeg\" \/>\n<meta name=\"twitter:card\" content=\"summary_large_image\" \/>\n<script type=\"application\/ld+json\" class=\"yoast-schema-graph\">{\"@context\":\"https:\/\/schema.org\",\"@graph\":[{\"@type\":\"WebPage\",\"@id\":\"https:\/\/zamphelmets.co\/pt-pt\/produto\/postes-hans-preto\/\",\"url\":\"https:\/\/zamphelmets.co\/pt-pt\/produto\/postes-hans-preto\/\",\"name\":\"Postes HANS Preto - Zamp Helmets | Helmet 28 EU\",\"isPartOf\":{\"@id\":\"https:\/\/zamphelmets.co\/pt-pt\/#website\"},\"primaryImageOfPage\":{\"@id\":\"https:\/\/zamphelmets.co\/pt-pt\/produto\/postes-hans-preto\/#primaryimage\"},\"image\":{\"@id\":\"https:\/\/zamphelmets.co\/pt-pt\/produto\/postes-hans-preto\/#primaryimage\"},\"thumbnailUrl\":\"https:\/\/zamphelmets.co\/wp-content\/uploads\/2024\/09\/HANS_POST_SIMPSON_CK201.jpg\",\"datePublished\":\"2024-09-10T14:08:48+00:00\",\"dateModified\":\"2026-02-16T15:55:17+00:00\",\"breadcrumb\":{\"@id\":\"https:\/\/zamphelmets.co\/pt-pt\/produto\/postes-hans-preto\/#breadcrumb\"},\"inLanguage\":\"pt-PT\",\"potentialAction\":[{\"@type\":\"ReadAction\",\"target\":[\"https:\/\/zamphelmets.co\/pt-pt\/produto\/postes-hans-preto\/\"]}]},{\"@type\":\"ImageObject\",\"inLanguage\":\"pt-PT\",\"@id\":\"https:\/\/zamphelmets.co\/pt-pt\/produto\/postes-hans-preto\/#primaryimage\",\"url\":\"https:\/\/zamphelmets.co\/wp-content\/uploads\/2024\/09\/HANS_POST_SIMPSON_CK201.jpg\",\"contentUrl\":\"https:\/\/zamphelmets.co\/wp-content\/uploads\/2024\/09\/HANS_POST_SIMPSON_CK201.jpg\",\"width\":425,\"height\":457},{\"@type\":\"BreadcrumbList\",\"@id\":\"https:\/\/zamphelmets.co\/pt-pt\/produto\/postes-hans-preto\/#breadcrumb\",\"itemListElement\":[{\"@type\":\"ListItem\",\"position\":1,\"name\":\"Shop\",\"item\":\"https:\/\/zamphelmets.co\/pt-pt\/shop\/\"},{\"@type\":\"ListItem\",\"position\":2,\"name\":\"Postes HANS Preto\"}]},{\"@type\":\"WebSite\",\"@id\":\"https:\/\/zamphelmets.co\/pt-pt\/#website\",\"url\":\"https:\/\/zamphelmets.co\/pt-pt\/\",\"name\":\"Zamp Helmets | Helmet 28 EU\",\"description\":\"High Quality Motorsport Helmets\",\"potentialAction\":[{\"@type\":\"SearchAction\",\"target\":{\"@type\":\"EntryPoint\",\"urlTemplate\":\"https:\/\/zamphelmets.co\/pt-pt\/?s={search_term_string}\"},\"query-input\":{\"@type\":\"PropertyValueSpecification\",\"valueRequired\":true,\"valueName\":\"search_term_string\"}}],\"inLanguage\":\"pt-PT\"}]}<\/script>\n<!-- \/ Yoast SEO plugin. -->","yoast_head_json":{"title":"Postes HANS Preto - Zamp Helmets | Helmet 28 EU","robots":{"index":"index","follow":"follow","max-snippet":"max-snippet:-1","max-image-preview":"max-image-preview:large","max-video-preview":"max-video-preview:-1"},"canonical":"https:\/\/zamphelmets.co\/pt-pt\/produto\/postes-hans-preto\/","og_locale":"pt_PT","og_type":"article","og_title":"Postes HANS Preto - Zamp Helmets | Helmet 28 EU","og_description":"Estes elegantes postes vermelhos com a marca HANS foram concebidos para se adaptarem a todos os capacetes Zamp ADULT, todos eles com um recet\u00e1culo roscado f\u00eamea M6 incorporado no capacete. Os postes permitem a instala\u00e7\u00e3o de um dispositivo FHR \/ HANS no capacete. Concebida para se adaptar a capacetes com um recet\u00e1culo roscado M6 Permite [&hellip;]","og_url":"https:\/\/zamphelmets.co\/pt-pt\/produto\/postes-hans-preto\/","og_site_name":"Zamp Helmets | Helmet 28 EU","article_modified_time":"2026-02-16T15:55:17+00:00","og_image":[{"width":425,"height":457,"url":"https:\/\/zamphelmets.co\/wp-content\/uploads\/2024\/09\/HANS_POST_SIMPSON_CK201.jpg","type":"image\/jpeg"}],"twitter_card":"summary_large_image","schema":{"@context":"https:\/\/schema.org","@graph":[{"@type":"WebPage","@id":"https:\/\/zamphelmets.co\/pt-pt\/produto\/postes-hans-preto\/","url":"https:\/\/zamphelmets.co\/pt-pt\/produto\/postes-hans-preto\/","name":"Postes HANS Preto - Zamp Helmets | Helmet 28 EU","isPartOf":{"@id":"https:\/\/zamphelmets.co\/pt-pt\/#website"},"primaryImageOfPage":{"@id":"https:\/\/zamphelmets.co\/pt-pt\/produto\/postes-hans-preto\/#primaryimage"},"image":{"@id":"https:\/\/zamphelmets.co\/pt-pt\/produto\/postes-hans-preto\/#primaryimage"},"thumbnailUrl":"https:\/\/zamphelmets.co\/wp-content\/uploads\/2024\/09\/HANS_POST_SIMPSON_CK201.jpg","datePublished":"2024-09-10T14:08:48+00:00","dateModified":"2026-02-16T15:55:17+00:00","breadcrumb":{"@id":"https:\/\/zamphelmets.co\/pt-pt\/produto\/postes-hans-preto\/#breadcrumb"},"inLanguage":"pt-PT","potentialAction":[{"@type":"ReadAction","target":["https:\/\/zamphelmets.co\/pt-pt\/produto\/postes-hans-preto\/"]}]},{"@type":"ImageObject","inLanguage":"pt-PT","@id":"https:\/\/zamphelmets.co\/pt-pt\/produto\/postes-hans-preto\/#primaryimage","url":"https:\/\/zamphelmets.co\/wp-content\/uploads\/2024\/09\/HANS_POST_SIMPSON_CK201.jpg","contentUrl":"https:\/\/zamphelmets.co\/wp-content\/uploads\/2024\/09\/HANS_POST_SIMPSON_CK201.jpg","width":425,"height":457},{"@type":"BreadcrumbList","@id":"https:\/\/zamphelmets.co\/pt-pt\/produto\/postes-hans-preto\/#breadcrumb","itemListElement":[{"@type":"ListItem","position":1,"name":"Shop","item":"https:\/\/zamphelmets.co\/pt-pt\/shop\/"},{"@type":"ListItem","position":2,"name":"Postes HANS Preto"}]},{"@type":"WebSite","@id":"https:\/\/zamphelmets.co\/pt-pt\/#website","url":"https:\/\/zamphelmets.co\/pt-pt\/","name":"Zamp Helmets | Helmet 28 EU","description":"High Quality Motorsport Helmets","potentialAction":[{"@type":"SearchAction","target":{"@type":"EntryPoint","urlTemplate":"https:\/\/zamphelmets.co\/pt-pt\/?s={search_term_string}"},"query-input":{"@type":"PropertyValueSpecification","valueRequired":true,"valueName":"search_term_string"}}],"inLanguage":"pt-PT"}]}},"_links":{"self":[{"href":"https:\/\/zamphelmets.co\/pt-pt\/wp-json\/wp\/v2\/product\/28688","targetHints":{"allow":["GET"]}}],"collection":[{"href":"https:\/\/zamphelmets.co\/pt-pt\/wp-json\/wp\/v2\/product"}],"about":[{"href":"https:\/\/zamphelmets.co\/pt-pt\/wp-json\/wp\/v2\/types\/product"}],"replies":[{"embeddable":true,"href":"https:\/\/zamphelmets.co\/pt-pt\/wp-json\/wp\/v2\/comments?post=28688"}],"wp:featuredmedia":[{"embeddable":true,"href":"https:\/\/zamphelmets.co\/pt-pt\/wp-json\/wp\/v2\/media\/28680"}],"wp:attachment":[{"href":"https:\/\/zamphelmets.co\/pt-pt\/wp-json\/wp\/v2\/media?parent=28688"}],"wp:term":[{"taxonomy":"product_brand","embeddable":true,"href":"https:\/\/zamphelmets.co\/pt-pt\/wp-json\/wp\/v2\/product_brand?post=28688"},{"taxonomy":"product_cat","embeddable":true,"href":"https:\/\/zamphelmets.co\/pt-pt\/wp-json\/wp\/v2\/product_cat?post=28688"},{"taxonomy":"product_tag","embeddable":true,"href":"https:\/\/zamphelmets.co\/pt-pt\/wp-json\/wp\/v2\/product_tag?post=28688"}],"curies":[{"name":"wp","href":"https:\/\/api.w.org\/{rel}","templated":true}]}}