{"id":26000,"date":"2024-05-31T11:46:43","date_gmt":"2024-05-31T11:46:43","guid":{"rendered":"https:\/\/zamphelmets.co\/product\/luvas-sparco-rush-kart-cinzento-preto\/"},"modified":"2024-11-06T16:10:45","modified_gmt":"2024-11-06T16:10:45","slug":"luvas-sparco-rush-kart-cinzento-preto","status":"publish","type":"product","link":"https:\/\/zamphelmets.co\/pt-pt\/produto\/luvas-sparco-rush-kart-cinzento-preto\/","title":{"rendered":"Luvas Sparco Rush Kart Cinzento\/Preto"},"content":{"rendered":"<p>A Sparco Rush \u00e9 uma luva de kart de n\u00edvel de entrada que inclui caracter\u00edsticas que normalmente s\u00f3 se encontram em alternativas de pre\u00e7o mais elevado. Estas caracter\u00edsticas fazem com que tenha uma excelente rela\u00e7\u00e3o qualidade\/pre\u00e7o e seja adequado para todos os n\u00edveis de karting.<\/p>\n<ul>\n<li>O design pr\u00e9-curvado reduz a acumula\u00e7\u00e3o de material quando agarra a roda<\/li>\n<li>O design com impress\u00e3o de silicone na palma da m\u00e3o e nos dedos proporciona um elevado n\u00edvel de ader\u00eancia<\/li>\n<li>Exterior resistente aos riscos com palma de couro sint\u00e9tico para proteger as tuas m\u00e3os<\/li>\n<li>Pulso el\u00e1stico com puxadores de silicone para uma entrada f\u00e1cil e um ajuste seguro<\/li>\n<\/ul>\n<p><img decoding=\"async\" class=\"alignnone wp-image-10061 lazyload\" data-src=\"https:\/\/zamphelmets.co\/wp-content\/uploads\/2024\/05\/sparco-racekartwear-gloves-combined-nov23-159x300.webp\" alt=\"\" width=\"442\" height=\"834\" data-srcset=\"https:\/\/zamphelmets.co\/wp-content\/uploads\/2024\/05\/sparco-racekartwear-gloves-combined-nov23-159x300.webp 159w, https:\/\/zamphelmets.co\/wp-content\/uploads\/2024\/05\/sparco-racekartwear-gloves-combined-nov23-543x1024.webp 543w, https:\/\/zamphelmets.co\/wp-content\/uploads\/2024\/05\/sparco-racekartwear-gloves-combined-nov23-768x1449.webp 768w, https:\/\/zamphelmets.co\/wp-content\/uploads\/2024\/05\/sparco-racekartwear-gloves-combined-nov23-814x1536.webp 814w, https:\/\/zamphelmets.co\/wp-content\/uploads\/2024\/05\/sparco-racekartwear-gloves-combined-nov23-1085x2048.webp 1085w, https:\/\/zamphelmets.co\/wp-content\/uploads\/2024\/05\/sparco-racekartwear-gloves-combined-nov23-600x1132.webp 600w, https:\/\/zamphelmets.co\/wp-content\/uploads\/2024\/05\/sparco-racekartwear-gloves-combined-nov23-scaled.webp 1357w\" data-sizes=\"(max-width: 442px) 100vw, 442px\" src=\"data:image\/svg+xml;base64,PHN2ZyB3aWR0aD0iMSIgaGVpZ2h0PSIxIiB4bWxucz0iaHR0cDovL3d3dy53My5vcmcvMjAwMC9zdmciPjwvc3ZnPg==\" style=\"--smush-placeholder-width: 442px; --smush-placeholder-aspect-ratio: 442\/834;\" \/><\/p>\n","protected":false},"excerpt":{"rendered":"<p>A Sparco Rush \u00e9 uma luva de kart de n\u00edvel de entrada que inclui caracter\u00edsticas que normalmente s\u00f3 se encontram em alternativas de pre\u00e7o mais elevado. Estas caracter\u00edsticas fazem com que tenha uma excelente rela\u00e7\u00e3o qualidade\/pre\u00e7o e seja adequado para todos os n\u00edveis de karting. O design pr\u00e9-curvado reduz a acumula\u00e7\u00e3o de material quando agarra [&hellip;]<\/p>\n","protected":false},"featured_media":21826,"comment_status":"open","ping_status":"closed","template":"","meta":{"_acf_changed":false,"_iconic_wsb_product_page_order_bump_ids":[[]],"_sku":["SKW002556GRNR"],"_iconic_wsb_product_page_bump_modal_ids":[[]]},"product_brand":[],"product_cat":[176,175],"product_tag":[],"class_list":{"0":"post-26000","1":"product","2":"type-product","3":"status-publish","4":"has-post-thumbnail","6":"product_cat-luvas","7":"product_cat-protecao-vestuario","9":"first","10":"outofstock","11":"taxable","12":"shipping-taxable","13":"purchasable","14":"product-type-variable"},"acf":[],"yoast_head":"<!-- This site is optimized with the Yoast SEO plugin v27.0 - https:\/\/yoast.com\/product\/yoast-seo-wordpress\/ -->\n<title>Luvas Sparco Rush Kart Cinzento\/Preto - Zamp Helmets | Helmet 28 EU<\/title>\n<meta name=\"description\" content=\"As Sparco Rush s\u00e3o luvas de kart de n\u00edvel de entrada que incluem caracter\u00edsticas de alternativas de pre\u00e7o mais elevado. Excelente valor e adequado para karting a todos os n\u00edveis.\" \/>\n<meta name=\"robots\" content=\"index, follow, max-snippet:-1, max-image-preview:large, max-video-preview:-1\" \/>\n<link rel=\"canonical\" href=\"https:\/\/zamphelmets.co\/pt-pt\/produto\/luvas-sparco-rush-kart-cinzento-preto\/\" \/>\n<meta property=\"og:locale\" content=\"pt_PT\" \/>\n<meta property=\"og:type\" content=\"article\" \/>\n<meta property=\"og:title\" content=\"Luvas Sparco Rush Kart Cinzento\/Preto - Zamp Helmets | Helmet 28 EU\" \/>\n<meta property=\"og:description\" content=\"As Sparco Rush s\u00e3o luvas de kart de n\u00edvel de entrada que incluem caracter\u00edsticas de alternativas de pre\u00e7o mais elevado. Excelente valor e adequado para karting a todos os n\u00edveis.\" \/>\n<meta property=\"og:url\" content=\"https:\/\/zamphelmets.co\/pt-pt\/produto\/luvas-sparco-rush-kart-cinzento-preto\/\" \/>\n<meta property=\"og:site_name\" content=\"Zamp Helmets | Helmet 28 EU\" \/>\n<meta property=\"article:modified_time\" content=\"2024-11-06T16:10:45+00:00\" \/>\n<meta property=\"og:image\" content=\"https:\/\/zamphelmets.co\/wp-content\/uploads\/2024\/05\/black20grey.png\" \/>\n\t<meta property=\"og:image:width\" content=\"865\" \/>\n\t<meta property=\"og:image:height\" content=\"1000\" \/>\n\t<meta property=\"og:image:type\" content=\"image\/png\" \/>\n<meta name=\"twitter:card\" content=\"summary_large_image\" \/>\n<meta name=\"twitter:label1\" content=\"Est. reading time\" \/>\n\t<meta name=\"twitter:data1\" content=\"1 minuto\" \/>\n<script type=\"application\/ld+json\" class=\"yoast-schema-graph\">{\"@context\":\"https:\/\/schema.org\",\"@graph\":[{\"@type\":\"WebPage\",\"@id\":\"https:\/\/zamphelmets.co\/pt-pt\/produto\/luvas-sparco-rush-kart-cinzento-preto\/\",\"url\":\"https:\/\/zamphelmets.co\/pt-pt\/produto\/luvas-sparco-rush-kart-cinzento-preto\/\",\"name\":\"Luvas Sparco Rush Kart Cinzento\/Preto - Zamp Helmets | Helmet 28 EU\",\"isPartOf\":{\"@id\":\"https:\/\/zamphelmets.co\/pt-pt\/#website\"},\"primaryImageOfPage\":{\"@id\":\"https:\/\/zamphelmets.co\/pt-pt\/produto\/luvas-sparco-rush-kart-cinzento-preto\/#primaryimage\"},\"image\":{\"@id\":\"https:\/\/zamphelmets.co\/pt-pt\/produto\/luvas-sparco-rush-kart-cinzento-preto\/#primaryimage\"},\"thumbnailUrl\":\"https:\/\/zamphelmets.co\/wp-content\/uploads\/2024\/05\/black20grey.png\",\"datePublished\":\"2024-05-31T11:46:43+00:00\",\"dateModified\":\"2024-11-06T16:10:45+00:00\",\"description\":\"As Sparco Rush s\u00e3o luvas de kart de n\u00edvel de entrada que incluem caracter\u00edsticas de alternativas de pre\u00e7o mais elevado. Excelente valor e adequado para karting a todos os n\u00edveis.\",\"breadcrumb\":{\"@id\":\"https:\/\/zamphelmets.co\/pt-pt\/produto\/luvas-sparco-rush-kart-cinzento-preto\/#breadcrumb\"},\"inLanguage\":\"pt-PT\",\"potentialAction\":[{\"@type\":\"ReadAction\",\"target\":[\"https:\/\/zamphelmets.co\/pt-pt\/produto\/luvas-sparco-rush-kart-cinzento-preto\/\"]}]},{\"@type\":\"ImageObject\",\"inLanguage\":\"pt-PT\",\"@id\":\"https:\/\/zamphelmets.co\/pt-pt\/produto\/luvas-sparco-rush-kart-cinzento-preto\/#primaryimage\",\"url\":\"https:\/\/zamphelmets.co\/wp-content\/uploads\/2024\/05\/black20grey.png\",\"contentUrl\":\"https:\/\/zamphelmets.co\/wp-content\/uploads\/2024\/05\/black20grey.png\",\"width\":865,\"height\":1000},{\"@type\":\"BreadcrumbList\",\"@id\":\"https:\/\/zamphelmets.co\/pt-pt\/produto\/luvas-sparco-rush-kart-cinzento-preto\/#breadcrumb\",\"itemListElement\":[{\"@type\":\"ListItem\",\"position\":1,\"name\":\"Shop\",\"item\":\"https:\/\/zamphelmets.co\/pt-pt\/shop\/\"},{\"@type\":\"ListItem\",\"position\":2,\"name\":\"Luvas Sparco Rush Kart Cinzento\/Preto\"}]},{\"@type\":\"WebSite\",\"@id\":\"https:\/\/zamphelmets.co\/pt-pt\/#website\",\"url\":\"https:\/\/zamphelmets.co\/pt-pt\/\",\"name\":\"Zamp Helmets | Helmet 28 EU\",\"description\":\"High Quality Motorsport Helmets\",\"potentialAction\":[{\"@type\":\"SearchAction\",\"target\":{\"@type\":\"EntryPoint\",\"urlTemplate\":\"https:\/\/zamphelmets.co\/pt-pt\/?s={search_term_string}\"},\"query-input\":{\"@type\":\"PropertyValueSpecification\",\"valueRequired\":true,\"valueName\":\"search_term_string\"}}],\"inLanguage\":\"pt-PT\"}]}<\/script>\n<!-- \/ Yoast SEO plugin. -->","yoast_head_json":{"title":"Luvas Sparco Rush Kart Cinzento\/Preto - Zamp Helmets | Helmet 28 EU","description":"As Sparco Rush s\u00e3o luvas de kart de n\u00edvel de entrada que incluem caracter\u00edsticas de alternativas de pre\u00e7o mais elevado. Excelente valor e adequado para karting a todos os n\u00edveis.","robots":{"index":"index","follow":"follow","max-snippet":"max-snippet:-1","max-image-preview":"max-image-preview:large","max-video-preview":"max-video-preview:-1"},"canonical":"https:\/\/zamphelmets.co\/pt-pt\/produto\/luvas-sparco-rush-kart-cinzento-preto\/","og_locale":"pt_PT","og_type":"article","og_title":"Luvas Sparco Rush Kart Cinzento\/Preto - Zamp Helmets | Helmet 28 EU","og_description":"As Sparco Rush s\u00e3o luvas de kart de n\u00edvel de entrada que incluem caracter\u00edsticas de alternativas de pre\u00e7o mais elevado. Excelente valor e adequado para karting a todos os n\u00edveis.","og_url":"https:\/\/zamphelmets.co\/pt-pt\/produto\/luvas-sparco-rush-kart-cinzento-preto\/","og_site_name":"Zamp Helmets | Helmet 28 EU","article_modified_time":"2024-11-06T16:10:45+00:00","og_image":[{"width":865,"height":1000,"url":"https:\/\/zamphelmets.co\/wp-content\/uploads\/2024\/05\/black20grey.png","type":"image\/png"}],"twitter_card":"summary_large_image","twitter_misc":{"Est. reading time":"1 minuto"},"schema":{"@context":"https:\/\/schema.org","@graph":[{"@type":"WebPage","@id":"https:\/\/zamphelmets.co\/pt-pt\/produto\/luvas-sparco-rush-kart-cinzento-preto\/","url":"https:\/\/zamphelmets.co\/pt-pt\/produto\/luvas-sparco-rush-kart-cinzento-preto\/","name":"Luvas Sparco Rush Kart Cinzento\/Preto - Zamp Helmets | Helmet 28 EU","isPartOf":{"@id":"https:\/\/zamphelmets.co\/pt-pt\/#website"},"primaryImageOfPage":{"@id":"https:\/\/zamphelmets.co\/pt-pt\/produto\/luvas-sparco-rush-kart-cinzento-preto\/#primaryimage"},"image":{"@id":"https:\/\/zamphelmets.co\/pt-pt\/produto\/luvas-sparco-rush-kart-cinzento-preto\/#primaryimage"},"thumbnailUrl":"https:\/\/zamphelmets.co\/wp-content\/uploads\/2024\/05\/black20grey.png","datePublished":"2024-05-31T11:46:43+00:00","dateModified":"2024-11-06T16:10:45+00:00","description":"As Sparco Rush s\u00e3o luvas de kart de n\u00edvel de entrada que incluem caracter\u00edsticas de alternativas de pre\u00e7o mais elevado. Excelente valor e adequado para karting a todos os n\u00edveis.","breadcrumb":{"@id":"https:\/\/zamphelmets.co\/pt-pt\/produto\/luvas-sparco-rush-kart-cinzento-preto\/#breadcrumb"},"inLanguage":"pt-PT","potentialAction":[{"@type":"ReadAction","target":["https:\/\/zamphelmets.co\/pt-pt\/produto\/luvas-sparco-rush-kart-cinzento-preto\/"]}]},{"@type":"ImageObject","inLanguage":"pt-PT","@id":"https:\/\/zamphelmets.co\/pt-pt\/produto\/luvas-sparco-rush-kart-cinzento-preto\/#primaryimage","url":"https:\/\/zamphelmets.co\/wp-content\/uploads\/2024\/05\/black20grey.png","contentUrl":"https:\/\/zamphelmets.co\/wp-content\/uploads\/2024\/05\/black20grey.png","width":865,"height":1000},{"@type":"BreadcrumbList","@id":"https:\/\/zamphelmets.co\/pt-pt\/produto\/luvas-sparco-rush-kart-cinzento-preto\/#breadcrumb","itemListElement":[{"@type":"ListItem","position":1,"name":"Shop","item":"https:\/\/zamphelmets.co\/pt-pt\/shop\/"},{"@type":"ListItem","position":2,"name":"Luvas Sparco Rush Kart Cinzento\/Preto"}]},{"@type":"WebSite","@id":"https:\/\/zamphelmets.co\/pt-pt\/#website","url":"https:\/\/zamphelmets.co\/pt-pt\/","name":"Zamp Helmets | Helmet 28 EU","description":"High Quality Motorsport Helmets","potentialAction":[{"@type":"SearchAction","target":{"@type":"EntryPoint","urlTemplate":"https:\/\/zamphelmets.co\/pt-pt\/?s={search_term_string}"},"query-input":{"@type":"PropertyValueSpecification","valueRequired":true,"valueName":"search_term_string"}}],"inLanguage":"pt-PT"}]}},"_links":{"self":[{"href":"https:\/\/zamphelmets.co\/pt-pt\/wp-json\/wp\/v2\/product\/26000","targetHints":{"allow":["GET"]}}],"collection":[{"href":"https:\/\/zamphelmets.co\/pt-pt\/wp-json\/wp\/v2\/product"}],"about":[{"href":"https:\/\/zamphelmets.co\/pt-pt\/wp-json\/wp\/v2\/types\/product"}],"replies":[{"embeddable":true,"href":"https:\/\/zamphelmets.co\/pt-pt\/wp-json\/wp\/v2\/comments?post=26000"}],"wp:featuredmedia":[{"embeddable":true,"href":"https:\/\/zamphelmets.co\/pt-pt\/wp-json\/wp\/v2\/media\/21826"}],"wp:attachment":[{"href":"https:\/\/zamphelmets.co\/pt-pt\/wp-json\/wp\/v2\/media?parent=26000"}],"wp:term":[{"taxonomy":"product_brand","embeddable":true,"href":"https:\/\/zamphelmets.co\/pt-pt\/wp-json\/wp\/v2\/product_brand?post=26000"},{"taxonomy":"product_cat","embeddable":true,"href":"https:\/\/zamphelmets.co\/pt-pt\/wp-json\/wp\/v2\/product_cat?post=26000"},{"taxonomy":"product_tag","embeddable":true,"href":"https:\/\/zamphelmets.co\/pt-pt\/wp-json\/wp\/v2\/product_tag?post=26000"}],"curies":[{"name":"wp","href":"https:\/\/api.w.org\/{rel}","templated":true}]}}