{"id":25823,"date":"2024-05-31T11:46:28","date_gmt":"2024-05-31T11:46:28","guid":{"rendered":"https:\/\/zamphelmets.co\/product\/sparco-k-pole-botas-de-kart-vermelho-branco\/"},"modified":"2024-11-06T16:09:34","modified_gmt":"2024-11-06T16:09:34","slug":"sparco-k-pole-botas-de-kart-vermelho-branco","status":"publish","type":"product","link":"https:\/\/zamphelmets.co\/pt-pt\/produto\/sparco-k-pole-botas-de-kart-vermelho-branco\/","title":{"rendered":"Sparco K-Pole Botas de Kart Vermelho\/Branco"},"content":{"rendered":"<p>As botas de kart Sparco K-Pole oferecem-te estilo e conforto a um pre\u00e7o excelente. O design de corte m\u00e9dio apresenta uma parte superior em couro de microfibra perfurada que permite o fluxo de ar, mantendo os teus p\u00e9s mais frescos e confort\u00e1veis.<\/p>\n<ul>\n<li>Proporciona um n\u00edvel de ajuste e conforto que normalmente s\u00f3 se encontra em botas mais caras<\/li>\n<li>A parte superior perfurada permite a respira\u00e7\u00e3o para manter os p\u00e9s mais frescos e reduzir a transpira\u00e7\u00e3o<\/li>\n<li>Calcanhar redesenhado para reduzir a fadiga e melhorar o apoio<\/li>\n<li>A sola de borracha de alta tecnologia proporciona uma \u00f3ptima ader\u00eancia e sensa\u00e7\u00e3o nos pedais<\/li>\n<\/ul>\n<p>As botas de kart K-Pole est\u00e3o dispon\u00edveis numa gama de cores marcantes e com um design moderno. Para al\u00e9m das caracter\u00edsticas de desempenho listadas acima, estas botas tamb\u00e9m incluem foles no calcanhar para ajudar no ajuste e melhorar o conforto. O sistema de atacadores externos proporciona um ajuste apertado e seguro.<\/p>\n<p><img decoding=\"async\" class=\"alignnone wp-image-10051 lazyload\" data-src=\"https:\/\/zamphelmets.co\/wp-content\/uploads\/2024\/05\/Screenshot-2024-05-31-at-14.39.05-247x300.png\" alt=\"\" width=\"443\" height=\"538\" data-srcset=\"https:\/\/zamphelmets.co\/wp-content\/uploads\/2024\/05\/Screenshot-2024-05-31-at-14.39.05-247x300.png 247w, https:\/\/zamphelmets.co\/wp-content\/uploads\/2024\/05\/Screenshot-2024-05-31-at-14.39.05-844x1024.png 844w, https:\/\/zamphelmets.co\/wp-content\/uploads\/2024\/05\/Screenshot-2024-05-31-at-14.39.05-768x932.png 768w, https:\/\/zamphelmets.co\/wp-content\/uploads\/2024\/05\/Screenshot-2024-05-31-at-14.39.05-600x728.png 600w, https:\/\/zamphelmets.co\/wp-content\/uploads\/2024\/05\/Screenshot-2024-05-31-at-14.39.05.png 982w\" data-sizes=\"(max-width: 443px) 100vw, 443px\" src=\"data:image\/svg+xml;base64,PHN2ZyB3aWR0aD0iMSIgaGVpZ2h0PSIxIiB4bWxucz0iaHR0cDovL3d3dy53My5vcmcvMjAwMC9zdmciPjwvc3ZnPg==\" style=\"--smush-placeholder-width: 443px; --smush-placeholder-aspect-ratio: 443\/538;\" \/><\/p>\n","protected":false},"excerpt":{"rendered":"<p>As botas de kart Sparco K-Pole oferecem-te estilo e conforto a um pre\u00e7o excelente. O design de corte m\u00e9dio apresenta uma parte superior em couro de microfibra perfurada que permite o fluxo de ar, mantendo os teus p\u00e9s mais frescos e confort\u00e1veis. Proporciona um n\u00edvel de ajuste e conforto que normalmente s\u00f3 se encontra em [&hellip;]<\/p>\n","protected":false},"featured_media":21819,"comment_status":"open","ping_status":"closed","template":"","meta":{"_acf_changed":false,"_iconic_wsb_product_page_order_bump_ids":[[]],"_sku":["SKW001269RSBI"],"_iconic_wsb_product_page_bump_modal_ids":[[]]},"product_brand":[],"product_cat":[208,175],"product_tag":[],"class_list":{"0":"post-25823","1":"product","2":"type-product","3":"status-publish","4":"has-post-thumbnail","6":"product_cat-botas","7":"product_cat-protecao-vestuario","9":"first","10":"instock","11":"taxable","12":"shipping-taxable","13":"purchasable","14":"product-type-variable"},"acf":[],"yoast_head":"<!-- This site is optimized with the Yoast SEO plugin v27.0 - https:\/\/yoast.com\/product\/yoast-seo-wordpress\/ -->\n<title>Sparco K-Pole Botas de Kart Vermelho\/Branco - Zamp Helmets | Helmet 28 EU<\/title>\n<meta name=\"description\" content=\"As botas de kart Sparco K-Pole oferecem estilo e conforto, mantendo os teus p\u00e9s mais frescos e confort\u00e1veis a um \u00f3timo pre\u00e7o.\" \/>\n<meta name=\"robots\" content=\"index, follow, max-snippet:-1, max-image-preview:large, max-video-preview:-1\" \/>\n<link rel=\"canonical\" href=\"https:\/\/zamphelmets.co\/pt-pt\/produto\/sparco-k-pole-botas-de-kart-vermelho-branco\/\" \/>\n<meta property=\"og:locale\" content=\"pt_PT\" \/>\n<meta property=\"og:type\" content=\"article\" \/>\n<meta property=\"og:title\" content=\"Sparco K-Pole Botas de Kart Vermelho\/Branco - Zamp Helmets | Helmet 28 EU\" \/>\n<meta property=\"og:description\" content=\"As botas de kart Sparco K-Pole oferecem estilo e conforto, mantendo os teus p\u00e9s mais frescos e confort\u00e1veis a um \u00f3timo pre\u00e7o.\" \/>\n<meta property=\"og:url\" content=\"https:\/\/zamphelmets.co\/pt-pt\/produto\/sparco-k-pole-botas-de-kart-vermelho-branco\/\" \/>\n<meta property=\"og:site_name\" content=\"Zamp Helmets | Helmet 28 EU\" \/>\n<meta property=\"article:modified_time\" content=\"2024-11-06T16:09:34+00:00\" \/>\n<meta property=\"og:image\" content=\"https:\/\/zamphelmets.co\/wp-content\/uploads\/2024\/05\/red20white.png\" \/>\n\t<meta property=\"og:image:width\" content=\"872\" \/>\n\t<meta property=\"og:image:height\" content=\"1000\" \/>\n\t<meta property=\"og:image:type\" content=\"image\/png\" \/>\n<meta name=\"twitter:card\" content=\"summary_large_image\" \/>\n<meta name=\"twitter:label1\" content=\"Est. reading time\" \/>\n\t<meta name=\"twitter:data1\" content=\"1 minuto\" \/>\n<script type=\"application\/ld+json\" class=\"yoast-schema-graph\">{\"@context\":\"https:\/\/schema.org\",\"@graph\":[{\"@type\":\"WebPage\",\"@id\":\"https:\/\/zamphelmets.co\/pt-pt\/produto\/sparco-k-pole-botas-de-kart-vermelho-branco\/\",\"url\":\"https:\/\/zamphelmets.co\/pt-pt\/produto\/sparco-k-pole-botas-de-kart-vermelho-branco\/\",\"name\":\"Sparco K-Pole Botas de Kart Vermelho\/Branco - Zamp Helmets | Helmet 28 EU\",\"isPartOf\":{\"@id\":\"https:\/\/zamphelmets.co\/pt-pt\/#website\"},\"primaryImageOfPage\":{\"@id\":\"https:\/\/zamphelmets.co\/pt-pt\/produto\/sparco-k-pole-botas-de-kart-vermelho-branco\/#primaryimage\"},\"image\":{\"@id\":\"https:\/\/zamphelmets.co\/pt-pt\/produto\/sparco-k-pole-botas-de-kart-vermelho-branco\/#primaryimage\"},\"thumbnailUrl\":\"https:\/\/zamphelmets.co\/wp-content\/uploads\/2024\/05\/red20white.png\",\"datePublished\":\"2024-05-31T11:46:28+00:00\",\"dateModified\":\"2024-11-06T16:09:34+00:00\",\"description\":\"As botas de kart Sparco K-Pole oferecem estilo e conforto, mantendo os teus p\u00e9s mais frescos e confort\u00e1veis a um \u00f3timo pre\u00e7o.\",\"breadcrumb\":{\"@id\":\"https:\/\/zamphelmets.co\/pt-pt\/produto\/sparco-k-pole-botas-de-kart-vermelho-branco\/#breadcrumb\"},\"inLanguage\":\"pt-PT\",\"potentialAction\":[{\"@type\":\"ReadAction\",\"target\":[\"https:\/\/zamphelmets.co\/pt-pt\/produto\/sparco-k-pole-botas-de-kart-vermelho-branco\/\"]}]},{\"@type\":\"ImageObject\",\"inLanguage\":\"pt-PT\",\"@id\":\"https:\/\/zamphelmets.co\/pt-pt\/produto\/sparco-k-pole-botas-de-kart-vermelho-branco\/#primaryimage\",\"url\":\"https:\/\/zamphelmets.co\/wp-content\/uploads\/2024\/05\/red20white.png\",\"contentUrl\":\"https:\/\/zamphelmets.co\/wp-content\/uploads\/2024\/05\/red20white.png\",\"width\":872,\"height\":1000},{\"@type\":\"BreadcrumbList\",\"@id\":\"https:\/\/zamphelmets.co\/pt-pt\/produto\/sparco-k-pole-botas-de-kart-vermelho-branco\/#breadcrumb\",\"itemListElement\":[{\"@type\":\"ListItem\",\"position\":1,\"name\":\"Shop\",\"item\":\"https:\/\/zamphelmets.co\/pt-pt\/shop\/\"},{\"@type\":\"ListItem\",\"position\":2,\"name\":\"Sparco K-Pole Botas de Kart Vermelho\/Branco\"}]},{\"@type\":\"WebSite\",\"@id\":\"https:\/\/zamphelmets.co\/pt-pt\/#website\",\"url\":\"https:\/\/zamphelmets.co\/pt-pt\/\",\"name\":\"Zamp Helmets | Helmet 28 EU\",\"description\":\"High Quality Motorsport Helmets\",\"potentialAction\":[{\"@type\":\"SearchAction\",\"target\":{\"@type\":\"EntryPoint\",\"urlTemplate\":\"https:\/\/zamphelmets.co\/pt-pt\/?s={search_term_string}\"},\"query-input\":{\"@type\":\"PropertyValueSpecification\",\"valueRequired\":true,\"valueName\":\"search_term_string\"}}],\"inLanguage\":\"pt-PT\"}]}<\/script>\n<!-- \/ Yoast SEO plugin. -->","yoast_head_json":{"title":"Sparco K-Pole Botas de Kart Vermelho\/Branco - Zamp Helmets | Helmet 28 EU","description":"As botas de kart Sparco K-Pole oferecem estilo e conforto, mantendo os teus p\u00e9s mais frescos e confort\u00e1veis a um \u00f3timo pre\u00e7o.","robots":{"index":"index","follow":"follow","max-snippet":"max-snippet:-1","max-image-preview":"max-image-preview:large","max-video-preview":"max-video-preview:-1"},"canonical":"https:\/\/zamphelmets.co\/pt-pt\/produto\/sparco-k-pole-botas-de-kart-vermelho-branco\/","og_locale":"pt_PT","og_type":"article","og_title":"Sparco K-Pole Botas de Kart Vermelho\/Branco - Zamp Helmets | Helmet 28 EU","og_description":"As botas de kart Sparco K-Pole oferecem estilo e conforto, mantendo os teus p\u00e9s mais frescos e confort\u00e1veis a um \u00f3timo pre\u00e7o.","og_url":"https:\/\/zamphelmets.co\/pt-pt\/produto\/sparco-k-pole-botas-de-kart-vermelho-branco\/","og_site_name":"Zamp Helmets | Helmet 28 EU","article_modified_time":"2024-11-06T16:09:34+00:00","og_image":[{"width":872,"height":1000,"url":"https:\/\/zamphelmets.co\/wp-content\/uploads\/2024\/05\/red20white.png","type":"image\/png"}],"twitter_card":"summary_large_image","twitter_misc":{"Est. reading time":"1 minuto"},"schema":{"@context":"https:\/\/schema.org","@graph":[{"@type":"WebPage","@id":"https:\/\/zamphelmets.co\/pt-pt\/produto\/sparco-k-pole-botas-de-kart-vermelho-branco\/","url":"https:\/\/zamphelmets.co\/pt-pt\/produto\/sparco-k-pole-botas-de-kart-vermelho-branco\/","name":"Sparco K-Pole Botas de Kart Vermelho\/Branco - Zamp Helmets | Helmet 28 EU","isPartOf":{"@id":"https:\/\/zamphelmets.co\/pt-pt\/#website"},"primaryImageOfPage":{"@id":"https:\/\/zamphelmets.co\/pt-pt\/produto\/sparco-k-pole-botas-de-kart-vermelho-branco\/#primaryimage"},"image":{"@id":"https:\/\/zamphelmets.co\/pt-pt\/produto\/sparco-k-pole-botas-de-kart-vermelho-branco\/#primaryimage"},"thumbnailUrl":"https:\/\/zamphelmets.co\/wp-content\/uploads\/2024\/05\/red20white.png","datePublished":"2024-05-31T11:46:28+00:00","dateModified":"2024-11-06T16:09:34+00:00","description":"As botas de kart Sparco K-Pole oferecem estilo e conforto, mantendo os teus p\u00e9s mais frescos e confort\u00e1veis a um \u00f3timo pre\u00e7o.","breadcrumb":{"@id":"https:\/\/zamphelmets.co\/pt-pt\/produto\/sparco-k-pole-botas-de-kart-vermelho-branco\/#breadcrumb"},"inLanguage":"pt-PT","potentialAction":[{"@type":"ReadAction","target":["https:\/\/zamphelmets.co\/pt-pt\/produto\/sparco-k-pole-botas-de-kart-vermelho-branco\/"]}]},{"@type":"ImageObject","inLanguage":"pt-PT","@id":"https:\/\/zamphelmets.co\/pt-pt\/produto\/sparco-k-pole-botas-de-kart-vermelho-branco\/#primaryimage","url":"https:\/\/zamphelmets.co\/wp-content\/uploads\/2024\/05\/red20white.png","contentUrl":"https:\/\/zamphelmets.co\/wp-content\/uploads\/2024\/05\/red20white.png","width":872,"height":1000},{"@type":"BreadcrumbList","@id":"https:\/\/zamphelmets.co\/pt-pt\/produto\/sparco-k-pole-botas-de-kart-vermelho-branco\/#breadcrumb","itemListElement":[{"@type":"ListItem","position":1,"name":"Shop","item":"https:\/\/zamphelmets.co\/pt-pt\/shop\/"},{"@type":"ListItem","position":2,"name":"Sparco K-Pole Botas de Kart Vermelho\/Branco"}]},{"@type":"WebSite","@id":"https:\/\/zamphelmets.co\/pt-pt\/#website","url":"https:\/\/zamphelmets.co\/pt-pt\/","name":"Zamp Helmets | Helmet 28 EU","description":"High Quality Motorsport Helmets","potentialAction":[{"@type":"SearchAction","target":{"@type":"EntryPoint","urlTemplate":"https:\/\/zamphelmets.co\/pt-pt\/?s={search_term_string}"},"query-input":{"@type":"PropertyValueSpecification","valueRequired":true,"valueName":"search_term_string"}}],"inLanguage":"pt-PT"}]}},"_links":{"self":[{"href":"https:\/\/zamphelmets.co\/pt-pt\/wp-json\/wp\/v2\/product\/25823","targetHints":{"allow":["GET"]}}],"collection":[{"href":"https:\/\/zamphelmets.co\/pt-pt\/wp-json\/wp\/v2\/product"}],"about":[{"href":"https:\/\/zamphelmets.co\/pt-pt\/wp-json\/wp\/v2\/types\/product"}],"replies":[{"embeddable":true,"href":"https:\/\/zamphelmets.co\/pt-pt\/wp-json\/wp\/v2\/comments?post=25823"}],"wp:featuredmedia":[{"embeddable":true,"href":"https:\/\/zamphelmets.co\/pt-pt\/wp-json\/wp\/v2\/media\/21819"}],"wp:attachment":[{"href":"https:\/\/zamphelmets.co\/pt-pt\/wp-json\/wp\/v2\/media?parent=25823"}],"wp:term":[{"taxonomy":"product_brand","embeddable":true,"href":"https:\/\/zamphelmets.co\/pt-pt\/wp-json\/wp\/v2\/product_brand?post=25823"},{"taxonomy":"product_cat","embeddable":true,"href":"https:\/\/zamphelmets.co\/pt-pt\/wp-json\/wp\/v2\/product_cat?post=25823"},{"taxonomy":"product_tag","embeddable":true,"href":"https:\/\/zamphelmets.co\/pt-pt\/wp-json\/wp\/v2\/product_tag?post=25823"}],"curies":[{"name":"wp","href":"https:\/\/api.w.org\/{rel}","templated":true}]}}