{"id":25595,"date":"2024-05-31T11:44:52","date_gmt":"2024-05-31T11:44:52","guid":{"rendered":"https:\/\/zamphelmets.co\/product\/fato-de-kart-sparco-thunder-azul-amarelo\/"},"modified":"2024-11-06T16:03:17","modified_gmt":"2024-11-06T16:03:17","slug":"fato-de-kart-sparco-thunder-azul-amarelo","status":"publish","type":"product","link":"https:\/\/zamphelmets.co\/pt-pt\/produto\/fato-de-kart-sparco-thunder-azul-amarelo\/","title":{"rendered":"Fato de Kart Sparco Thunder Azul\/Amarelo"},"content":{"rendered":"<p>O Sparco Thunder \u00e9 um fato de kart de n\u00edvel de entrada com caracter\u00edsticas que normalmente s\u00f3 se encontram em alternativas de pre\u00e7o mais elevado. Por isso, tem uma excelente rela\u00e7\u00e3o qualidade\/pre\u00e7o e \u00e9 ideal para quem se est\u00e1 a iniciar no karting.<\/p>\n<ul>\n<li>Os pain\u00e9is el\u00e1sticos perfurados proporcionam um fluxo de ar para ajudar a regular a temperatura corporal<\/li>\n<li>Os bra\u00e7os pr\u00e9-curvados reduzem a acumula\u00e7\u00e3o de material na posi\u00e7\u00e3o de condu\u00e7\u00e3o<\/li>\n<li>As mangas semi-flutuantes proporcionam liberdade de movimentos<\/li>\n<\/ul>\n<p>O fato de kart Thunder oferece desempenho e conforto a um pre\u00e7o acess\u00edvel. A constru\u00e7\u00e3o de 2 camadas apresenta um grande painel extens\u00edvel na zona inferior das costas para permitir a m\u00e1xima mobilidade quando est\u00e1s sentado no kart. Os pain\u00e9is el\u00e1sticos perfurados nas axilas e na zona interior das pernas permitem a respira\u00e7\u00e3o para te manter mais fresco e confort\u00e1vel. Bolsos ocultos e um cinto tradicional ajudam a completar o visual deste elegante fato de kart.<\/p>\n<p>Aprova\u00e7\u00e3o CIK FIA N\u00edvel 2<\/p>\n<p><img decoding=\"async\" class=\"alignnone wp-image-10046 lazyload\" data-src=\"https:\/\/zamphelmets.co\/wp-content\/uploads\/2024\/05\/sparco-racekartwear-kartsuits-nov23-176x300.webp\" alt=\"\" width=\"394\" height=\"672\" data-srcset=\"https:\/\/zamphelmets.co\/wp-content\/uploads\/2024\/05\/sparco-racekartwear-kartsuits-nov23-176x300.webp 176w, https:\/\/zamphelmets.co\/wp-content\/uploads\/2024\/05\/sparco-racekartwear-kartsuits-nov23-600x1025.webp 600w, https:\/\/zamphelmets.co\/wp-content\/uploads\/2024\/05\/sparco-racekartwear-kartsuits-nov23-768x1311.webp 768w, https:\/\/zamphelmets.co\/wp-content\/uploads\/2024\/05\/sparco-racekartwear-kartsuits-nov23-899x1536.webp 899w, https:\/\/zamphelmets.co\/wp-content\/uploads\/2024\/05\/sparco-racekartwear-kartsuits-nov23-1199x2048.webp 1199w, https:\/\/zamphelmets.co\/wp-content\/uploads\/2024\/05\/sparco-racekartwear-kartsuits-nov23-scaled.webp 1499w\" data-sizes=\"(max-width: 394px) 100vw, 394px\" src=\"data:image\/svg+xml;base64,PHN2ZyB3aWR0aD0iMSIgaGVpZ2h0PSIxIiB4bWxucz0iaHR0cDovL3d3dy53My5vcmcvMjAwMC9zdmciPjwvc3ZnPg==\" style=\"--smush-placeholder-width: 394px; --smush-placeholder-aspect-ratio: 394\/672;\" \/><\/p>\n","protected":false},"excerpt":{"rendered":"<p>O Sparco Thunder \u00e9 um fato de kart de n\u00edvel de entrada com caracter\u00edsticas que normalmente s\u00f3 se encontram em alternativas de pre\u00e7o mais elevado. Por isso, tem uma excelente rela\u00e7\u00e3o qualidade\/pre\u00e7o e \u00e9 ideal para quem se est\u00e1 a iniciar no karting.<\/p>\n","protected":false},"featured_media":21777,"comment_status":"open","ping_status":"closed","template":"","meta":{"_acf_changed":false,"_iconic_wsb_product_page_order_bump_ids":[[]],"_sku":["SKW002342BSGF"],"_iconic_wsb_product_page_bump_modal_ids":[[]]},"product_brand":[],"product_cat":[327,175],"product_tag":[],"class_list":{"0":"post-25595","1":"product","2":"type-product","3":"status-publish","4":"has-post-thumbnail","6":"product_cat-fatos","7":"product_cat-protecao-vestuario","9":"first","10":"outofstock","11":"taxable","12":"shipping-taxable","13":"purchasable","14":"product-type-variable"},"acf":[],"yoast_head":"<!-- This site is optimized with the Yoast SEO plugin v27.0 - https:\/\/yoast.com\/product\/yoast-seo-wordpress\/ -->\n<title>Fato de Kart Sparco Thunder Azul\/Amarelo - Zamp Helmets | Helmet 28 EU<\/title>\n<meta name=\"description\" content=\"O Sparco Thunder \u00e9 um fato de kart de n\u00edvel de entrada que tem uma excelente rela\u00e7\u00e3o qualidade\/pre\u00e7o e \u00e9 ideal para quem se est\u00e1 a iniciar no karting.\" \/>\n<meta name=\"robots\" content=\"index, follow, max-snippet:-1, max-image-preview:large, max-video-preview:-1\" \/>\n<link rel=\"canonical\" href=\"https:\/\/zamphelmets.co\/pt-pt\/produto\/fato-de-kart-sparco-thunder-azul-amarelo\/\" \/>\n<meta property=\"og:locale\" content=\"pt_PT\" \/>\n<meta property=\"og:type\" content=\"article\" \/>\n<meta property=\"og:title\" content=\"Fato de Kart Sparco Thunder Azul\/Amarelo - Zamp Helmets | Helmet 28 EU\" \/>\n<meta property=\"og:description\" content=\"O Sparco Thunder \u00e9 um fato de kart de n\u00edvel de entrada que tem uma excelente rela\u00e7\u00e3o qualidade\/pre\u00e7o e \u00e9 ideal para quem se est\u00e1 a iniciar no karting.\" \/>\n<meta property=\"og:url\" content=\"https:\/\/zamphelmets.co\/pt-pt\/produto\/fato-de-kart-sparco-thunder-azul-amarelo\/\" \/>\n<meta property=\"og:site_name\" content=\"Zamp Helmets | Helmet 28 EU\" \/>\n<meta property=\"article:modified_time\" content=\"2024-11-06T16:03:17+00:00\" \/>\n<meta property=\"og:image\" content=\"https:\/\/zamphelmets.co\/wp-content\/uploads\/2024\/05\/blue20y.png\" \/>\n\t<meta property=\"og:image:width\" content=\"1000\" \/>\n\t<meta property=\"og:image:height\" content=\"995\" \/>\n\t<meta property=\"og:image:type\" content=\"image\/png\" \/>\n<meta name=\"twitter:card\" content=\"summary_large_image\" \/>\n<meta name=\"twitter:label1\" content=\"Est. reading time\" \/>\n\t<meta name=\"twitter:data1\" content=\"1 minuto\" \/>\n<script type=\"application\/ld+json\" class=\"yoast-schema-graph\">{\"@context\":\"https:\/\/schema.org\",\"@graph\":[{\"@type\":\"WebPage\",\"@id\":\"https:\/\/zamphelmets.co\/pt-pt\/produto\/fato-de-kart-sparco-thunder-azul-amarelo\/\",\"url\":\"https:\/\/zamphelmets.co\/pt-pt\/produto\/fato-de-kart-sparco-thunder-azul-amarelo\/\",\"name\":\"Fato de Kart Sparco Thunder Azul\/Amarelo - Zamp Helmets | Helmet 28 EU\",\"isPartOf\":{\"@id\":\"https:\/\/zamphelmets.co\/pt-pt\/#website\"},\"primaryImageOfPage\":{\"@id\":\"https:\/\/zamphelmets.co\/pt-pt\/produto\/fato-de-kart-sparco-thunder-azul-amarelo\/#primaryimage\"},\"image\":{\"@id\":\"https:\/\/zamphelmets.co\/pt-pt\/produto\/fato-de-kart-sparco-thunder-azul-amarelo\/#primaryimage\"},\"thumbnailUrl\":\"https:\/\/zamphelmets.co\/wp-content\/uploads\/2024\/05\/blue20y.png\",\"datePublished\":\"2024-05-31T11:44:52+00:00\",\"dateModified\":\"2024-11-06T16:03:17+00:00\",\"description\":\"O Sparco Thunder \u00e9 um fato de kart de n\u00edvel de entrada que tem uma excelente rela\u00e7\u00e3o qualidade\/pre\u00e7o e \u00e9 ideal para quem se est\u00e1 a iniciar no karting.\",\"breadcrumb\":{\"@id\":\"https:\/\/zamphelmets.co\/pt-pt\/produto\/fato-de-kart-sparco-thunder-azul-amarelo\/#breadcrumb\"},\"inLanguage\":\"pt-PT\",\"potentialAction\":[{\"@type\":\"ReadAction\",\"target\":[\"https:\/\/zamphelmets.co\/pt-pt\/produto\/fato-de-kart-sparco-thunder-azul-amarelo\/\"]}]},{\"@type\":\"ImageObject\",\"inLanguage\":\"pt-PT\",\"@id\":\"https:\/\/zamphelmets.co\/pt-pt\/produto\/fato-de-kart-sparco-thunder-azul-amarelo\/#primaryimage\",\"url\":\"https:\/\/zamphelmets.co\/wp-content\/uploads\/2024\/05\/blue20y.png\",\"contentUrl\":\"https:\/\/zamphelmets.co\/wp-content\/uploads\/2024\/05\/blue20y.png\",\"width\":1000,\"height\":995},{\"@type\":\"BreadcrumbList\",\"@id\":\"https:\/\/zamphelmets.co\/pt-pt\/produto\/fato-de-kart-sparco-thunder-azul-amarelo\/#breadcrumb\",\"itemListElement\":[{\"@type\":\"ListItem\",\"position\":1,\"name\":\"Shop\",\"item\":\"https:\/\/zamphelmets.co\/pt-pt\/shop\/\"},{\"@type\":\"ListItem\",\"position\":2,\"name\":\"Fato de Kart Sparco Thunder Azul\/Amarelo\"}]},{\"@type\":\"WebSite\",\"@id\":\"https:\/\/zamphelmets.co\/pt-pt\/#website\",\"url\":\"https:\/\/zamphelmets.co\/pt-pt\/\",\"name\":\"Zamp Helmets | Helmet 28 EU\",\"description\":\"High Quality Motorsport Helmets\",\"potentialAction\":[{\"@type\":\"SearchAction\",\"target\":{\"@type\":\"EntryPoint\",\"urlTemplate\":\"https:\/\/zamphelmets.co\/pt-pt\/?s={search_term_string}\"},\"query-input\":{\"@type\":\"PropertyValueSpecification\",\"valueRequired\":true,\"valueName\":\"search_term_string\"}}],\"inLanguage\":\"pt-PT\"}]}<\/script>\n<!-- \/ Yoast SEO plugin. -->","yoast_head_json":{"title":"Fato de Kart Sparco Thunder Azul\/Amarelo - Zamp Helmets | Helmet 28 EU","description":"O Sparco Thunder \u00e9 um fato de kart de n\u00edvel de entrada que tem uma excelente rela\u00e7\u00e3o qualidade\/pre\u00e7o e \u00e9 ideal para quem se est\u00e1 a iniciar no karting.","robots":{"index":"index","follow":"follow","max-snippet":"max-snippet:-1","max-image-preview":"max-image-preview:large","max-video-preview":"max-video-preview:-1"},"canonical":"https:\/\/zamphelmets.co\/pt-pt\/produto\/fato-de-kart-sparco-thunder-azul-amarelo\/","og_locale":"pt_PT","og_type":"article","og_title":"Fato de Kart Sparco Thunder Azul\/Amarelo - Zamp Helmets | Helmet 28 EU","og_description":"O Sparco Thunder \u00e9 um fato de kart de n\u00edvel de entrada que tem uma excelente rela\u00e7\u00e3o qualidade\/pre\u00e7o e \u00e9 ideal para quem se est\u00e1 a iniciar no karting.","og_url":"https:\/\/zamphelmets.co\/pt-pt\/produto\/fato-de-kart-sparco-thunder-azul-amarelo\/","og_site_name":"Zamp Helmets | Helmet 28 EU","article_modified_time":"2024-11-06T16:03:17+00:00","og_image":[{"width":1000,"height":995,"url":"https:\/\/zamphelmets.co\/wp-content\/uploads\/2024\/05\/blue20y.png","type":"image\/png"}],"twitter_card":"summary_large_image","twitter_misc":{"Est. reading time":"1 minuto"},"schema":{"@context":"https:\/\/schema.org","@graph":[{"@type":"WebPage","@id":"https:\/\/zamphelmets.co\/pt-pt\/produto\/fato-de-kart-sparco-thunder-azul-amarelo\/","url":"https:\/\/zamphelmets.co\/pt-pt\/produto\/fato-de-kart-sparco-thunder-azul-amarelo\/","name":"Fato de Kart Sparco Thunder Azul\/Amarelo - Zamp Helmets | Helmet 28 EU","isPartOf":{"@id":"https:\/\/zamphelmets.co\/pt-pt\/#website"},"primaryImageOfPage":{"@id":"https:\/\/zamphelmets.co\/pt-pt\/produto\/fato-de-kart-sparco-thunder-azul-amarelo\/#primaryimage"},"image":{"@id":"https:\/\/zamphelmets.co\/pt-pt\/produto\/fato-de-kart-sparco-thunder-azul-amarelo\/#primaryimage"},"thumbnailUrl":"https:\/\/zamphelmets.co\/wp-content\/uploads\/2024\/05\/blue20y.png","datePublished":"2024-05-31T11:44:52+00:00","dateModified":"2024-11-06T16:03:17+00:00","description":"O Sparco Thunder \u00e9 um fato de kart de n\u00edvel de entrada que tem uma excelente rela\u00e7\u00e3o qualidade\/pre\u00e7o e \u00e9 ideal para quem se est\u00e1 a iniciar no karting.","breadcrumb":{"@id":"https:\/\/zamphelmets.co\/pt-pt\/produto\/fato-de-kart-sparco-thunder-azul-amarelo\/#breadcrumb"},"inLanguage":"pt-PT","potentialAction":[{"@type":"ReadAction","target":["https:\/\/zamphelmets.co\/pt-pt\/produto\/fato-de-kart-sparco-thunder-azul-amarelo\/"]}]},{"@type":"ImageObject","inLanguage":"pt-PT","@id":"https:\/\/zamphelmets.co\/pt-pt\/produto\/fato-de-kart-sparco-thunder-azul-amarelo\/#primaryimage","url":"https:\/\/zamphelmets.co\/wp-content\/uploads\/2024\/05\/blue20y.png","contentUrl":"https:\/\/zamphelmets.co\/wp-content\/uploads\/2024\/05\/blue20y.png","width":1000,"height":995},{"@type":"BreadcrumbList","@id":"https:\/\/zamphelmets.co\/pt-pt\/produto\/fato-de-kart-sparco-thunder-azul-amarelo\/#breadcrumb","itemListElement":[{"@type":"ListItem","position":1,"name":"Shop","item":"https:\/\/zamphelmets.co\/pt-pt\/shop\/"},{"@type":"ListItem","position":2,"name":"Fato de Kart Sparco Thunder Azul\/Amarelo"}]},{"@type":"WebSite","@id":"https:\/\/zamphelmets.co\/pt-pt\/#website","url":"https:\/\/zamphelmets.co\/pt-pt\/","name":"Zamp Helmets | Helmet 28 EU","description":"High Quality Motorsport Helmets","potentialAction":[{"@type":"SearchAction","target":{"@type":"EntryPoint","urlTemplate":"https:\/\/zamphelmets.co\/pt-pt\/?s={search_term_string}"},"query-input":{"@type":"PropertyValueSpecification","valueRequired":true,"valueName":"search_term_string"}}],"inLanguage":"pt-PT"}]}},"_links":{"self":[{"href":"https:\/\/zamphelmets.co\/pt-pt\/wp-json\/wp\/v2\/product\/25595","targetHints":{"allow":["GET"]}}],"collection":[{"href":"https:\/\/zamphelmets.co\/pt-pt\/wp-json\/wp\/v2\/product"}],"about":[{"href":"https:\/\/zamphelmets.co\/pt-pt\/wp-json\/wp\/v2\/types\/product"}],"replies":[{"embeddable":true,"href":"https:\/\/zamphelmets.co\/pt-pt\/wp-json\/wp\/v2\/comments?post=25595"}],"wp:featuredmedia":[{"embeddable":true,"href":"https:\/\/zamphelmets.co\/pt-pt\/wp-json\/wp\/v2\/media\/21777"}],"wp:attachment":[{"href":"https:\/\/zamphelmets.co\/pt-pt\/wp-json\/wp\/v2\/media?parent=25595"}],"wp:term":[{"taxonomy":"product_brand","embeddable":true,"href":"https:\/\/zamphelmets.co\/pt-pt\/wp-json\/wp\/v2\/product_brand?post=25595"},{"taxonomy":"product_cat","embeddable":true,"href":"https:\/\/zamphelmets.co\/pt-pt\/wp-json\/wp\/v2\/product_cat?post=25595"},{"taxonomy":"product_tag","embeddable":true,"href":"https:\/\/zamphelmets.co\/pt-pt\/wp-json\/wp\/v2\/product_tag?post=25595"}],"curies":[{"name":"wp","href":"https:\/\/api.w.org\/{rel}","templated":true}]}}